{"id":1307,"date":"2022-03-07T10:31:43","date_gmt":"2022-03-06T21:31:43","guid":{"rendered":"https:\/\/partners.blackbull.com\/sobre-nosotros\/"},"modified":"2022-03-16T15:16:16","modified_gmt":"2022-03-16T02:16:16","slug":"sobre-nosotros","status":"publish","type":"page","link":"https:\/\/partners.blackbull.com\/es\/sobre-nosotros\/","title":{"rendered":"Sobre Nosotros"},"content":{"rendered":"\t\t<div data-elementor-type=\"wp-page\" data-elementor-id=\"1307\" class=\"elementor elementor-1307\" data-elementor-post-type=\"page\">\n\t\t\t\t\t\t<section class=\"elementor-section elementor-top-section elementor-element elementor-element-50971bf elementor-section-boxed elementor-section-height-default elementor-section-height-default\" data-id=\"50971bf\" data-element_type=\"section\" data-e-type=\"section\" data-settings=\"{&quot;jet_parallax_layout_list&quot;:[]}\">\n\t\t\t\t\t\t<div class=\"elementor-container elementor-column-gap-default\">\n\t\t\t\t\t<div class=\"elementor-column elementor-col-100 elementor-top-column elementor-element elementor-element-503d765\" data-id=\"503d765\" data-element_type=\"column\" data-e-type=\"column\">\n\t\t\t<div class=\"elementor-widget-wrap elementor-element-populated\">\n\t\t\t\t\t\t<div class=\"elementor-element elementor-element-527086a elementor-widget elementor-widget-heading\" data-id=\"527086a\" data-element_type=\"widget\" data-e-type=\"widget\" data-widget_type=\"heading.default\">\n\t\t\t\t\t<h1 class=\"elementor-heading-title elementor-size-default\">Sobre BlackBull Markets<\/h1>\t\t\t\t<\/div>\n\t\t\t\t<div class=\"elementor-element elementor-element-03a3d5f elementor-widget elementor-widget-text-editor\" data-id=\"03a3d5f\" data-element_type=\"widget\" data-e-type=\"widget\" data-widget_type=\"text-editor.default\">\n\t\t\t\t\t\t\t\t\t<p><strong>Fuimos fundados con el objetivo de convertirnos en el br\u00f3ker l\u00edder en fintech e intercambio de divisas en l\u00ednea. BlackBull Markets es un verdadero br\u00f3ker ECN, No Dealing Desk, que se especializa en Forex, CFDs, Materias Primas, comunicaciones de fibra \u00f3ptica y soluciones Fintech para una clientela global.<\/strong><\/p>\t\t\t\t\t\t\t\t<\/div>\n\t\t\t\t<div class=\"elementor-element elementor-element-c65b337 elementor-widget elementor-widget-text-editor\" data-id=\"c65b337\" data-element_type=\"widget\" data-e-type=\"widget\" data-widget_type=\"text-editor.default\">\n\t\t\t\t\t\t\t\t\t<p>Dirigido por una unidad de profesionales experimentados y exitosos con m\u00e1s de una d\u00e9cada de experiencia en forex, desarrollo de Fin-tech y seguridad de datos. Las herramientas y servicios premium de trading que ofrecemos a nuestros clientes han dado lugar a nuestro r\u00e1pido crecimiento en este sector impulsado por la demanda de nuestros productos. Como tal, podemos proporcionar servicios fintech de vanguardia a nuestros clientes, brindando acceso a velocidades de ejecuci\u00f3n m\u00e1s r\u00e1pidas y diferenciales de nivel institucional m\u00e1s bajos para los traders minoristas.<\/p>\t\t\t\t\t\t\t\t<\/div>\n\t\t\t\t<div class=\"elementor-element elementor-element-1405a1e elementor-widget elementor-widget-heading\" data-id=\"1405a1e\" data-element_type=\"widget\" data-e-type=\"widget\" data-widget_type=\"heading.default\">\n\t\t\t\t\t<h3 class=\"elementor-heading-title elementor-size-default\">Nuestra Historia<\/h3>\t\t\t\t<\/div>\n\t\t\t\t<div class=\"elementor-element elementor-element-ef7a594 elementor-widget elementor-widget-text-editor\" data-id=\"ef7a594\" data-element_type=\"widget\" data-e-type=\"widget\" data-widget_type=\"text-editor.default\">\n\t\t\t\t\t\t\t\t\t<p>Fundados en Auckland, Nueva Zelanda, en 2014 despu\u00e9s de que nuestros fundadores decidieran colaborar y tratar de revolucionar la industria del trading en Forex, respaldados por m\u00e1s de 10 a\u00f1os de experiencia institucional en Forex. El enfoque principal de BlackBull Markets era ofrecer recursos de nivel institucional a clientes minoristas. Nuestro equipo ha logrado esto mediante el desarrollo de m\u00faltiples soluciones de tecnolog\u00eda financiera, en particular, nuestro software de agregaci\u00f3n de \u00f3rdenes interno patentado. Para seguir nuestras ofertas tecnol\u00f3gicas y de precios superiores, tambi\u00e9n ofrecemos servicios profesionales a nuestros clientes, como administradores de cuentas personales, actualizaciones diarias de las condiciones del mercado y an\u00e1lisis para ofrecer un producto superior en general. La enorme popularidad de nuestros productos institucionales ha resultado en la r\u00e1pida expansi\u00f3n de BlackBull Markets, con oficinas ahora en Auckland, Malasia, Nueva York y Mumbai. Tambi\u00e9n contamos con bases de datos en servidores comerciales de Equinix en Tokio, Londres, Nueva York, Shangh\u00e1i y Hong Kong.<\/p>\t\t\t\t\t\t\t\t<\/div>\n\t\t\t\t<div class=\"elementor-element elementor-element-de42d52 elementor-widget elementor-widget-heading\" data-id=\"de42d52\" data-element_type=\"widget\" data-e-type=\"widget\" data-widget_type=\"heading.default\">\n\t\t\t\t\t<h3 class=\"elementor-heading-title elementor-size-default\">Seguridad y Protecci\u00f3n<\/h3>\t\t\t\t<\/div>\n\t\t\t\t<div class=\"elementor-element elementor-element-7ea9963 elementor-widget elementor-widget-text-editor\" data-id=\"7ea9963\" data-element_type=\"widget\" data-e-type=\"widget\" data-widget_type=\"text-editor.default\">\n\t\t\t\t\t\t\t\t\t<p>Con sede en Auckland, Nueva Zelanda, estamos registrados en el Registro de proveedores de servicios financieros (FSPR) y somos miembros del esquema de resoluci\u00f3n de disputas de Financial Services Complaints Limited (FSCL).<\/p><ul><li>Somos un br\u00f3ker de NDD y no market-makers, lo que nos convierte en un br\u00f3ker de Forex de confianza sin conflicto de intereses.<\/li><li>Cuentas segregadas para la seguridad y protecci\u00f3n de sus fondos, con retiros y dep\u00f3sitos procesados el mismo d\u00eda.<\/li><li>Ofrecemos acceso a plataformas de FX seguras, como el MetaTrader 4, MetaTrader 5, WebTrader, etc.<\/li><\/ul>\t\t\t\t\t\t\t\t<\/div>\n\t\t\t\t\t<\/div>\n\t\t<\/div>\n\t\t\t\t\t<\/div>\n\t\t<\/section>\n\t\t\t\t<\/div>\n\t\t","protected":false},"excerpt":{"rendered":"<p>Sobre BlackBull Markets Fuimos fundados con el objetivo de convertirnos en el br\u00f3ker l\u00edder en fintech e intercambio de divisas en l\u00ednea. BlackBull Markets es un verdadero br\u00f3ker ECN, No Dealing Desk, que se especializa en Forex, CFDs, Materias Primas, comunicaciones de fibra \u00f3ptica y soluciones Fintech para una clientela global. Dirigido por una unidad [&hellip;]<\/p>\n","protected":false},"author":20,"featured_media":908,"parent":0,"menu_order":0,"comment_status":"closed","ping_status":"closed","template":"","meta":{"inline_featured_image":false,"footnotes":""},"class_list":["post-1307","page","type-page","status-publish","has-post-thumbnail","hentry"],"yoast_head":"<!-- This site is optimized with the Yoast SEO plugin v27.4 - https:\/\/yoast.com\/product\/yoast-seo-wordpress\/ -->\n<title>Sobre Nosotros | BlackBull Partners<\/title>\n<meta name=\"robots\" content=\"index, follow, max-snippet:-1, max-image-preview:large, max-video-preview:-1\" \/>\n<link rel=\"canonical\" href=\"https:\/\/partners.blackbull.com\/es\/sobre-nosotros\/\" \/>\n<meta property=\"og:locale\" content=\"es_ES\" \/>\n<meta property=\"og:type\" content=\"article\" \/>\n<meta property=\"og:title\" content=\"Sobre Nosotros | BlackBull Partners\" \/>\n<meta property=\"og:description\" content=\"Sobre BlackBull Markets Fuimos fundados con el objetivo de convertirnos en el br\u00f3ker l\u00edder en fintech e intercambio de divisas en l\u00ednea. BlackBull Markets es un verdadero br\u00f3ker ECN, No Dealing Desk, que se especializa en Forex, CFDs, Materias Primas, comunicaciones de fibra \u00f3ptica y soluciones Fintech para una clientela global. Dirigido por una unidad [&hellip;]\" \/>\n<meta property=\"og:url\" content=\"https:\/\/partners.blackbull.com\/es\/sobre-nosotros\/\" \/>\n<meta property=\"og:site_name\" content=\"BlackBull Partners\" \/>\n<meta property=\"article:modified_time\" content=\"2022-03-16T02:16:16+00:00\" \/>\n<meta property=\"og:image\" content=\"https:\/\/partners.blackbull.com\/wp-content\/uploads\/2022\/01\/About-Us-1.webp\" \/>\n\t<meta property=\"og:image:width\" content=\"1920\" \/>\n\t<meta property=\"og:image:height\" content=\"1280\" \/>\n\t<meta property=\"og:image:type\" content=\"image\/webp\" \/>\n<meta name=\"twitter:card\" content=\"summary_large_image\" \/>\n<meta name=\"twitter:label1\" content=\"Tiempo de lectura\" \/>\n\t<meta name=\"twitter:data1\" content=\"2 minutos\" \/>\n<script type=\"application\/ld+json\" class=\"yoast-schema-graph\">{\"@context\":\"https:\\\/\\\/schema.org\",\"@graph\":[{\"@type\":\"WebPage\",\"@id\":\"https:\\\/\\\/partners.blackbull.com\\\/es\\\/sobre-nosotros\\\/\",\"url\":\"https:\\\/\\\/partners.blackbull.com\\\/es\\\/sobre-nosotros\\\/\",\"name\":\"Sobre Nosotros | BlackBull Partners\",\"isPartOf\":{\"@id\":\"https:\\\/\\\/partners.blackbull.com\\\/es\\\/#website\"},\"primaryImageOfPage\":{\"@id\":\"https:\\\/\\\/partners.blackbull.com\\\/es\\\/sobre-nosotros\\\/#primaryimage\"},\"image\":{\"@id\":\"https:\\\/\\\/partners.blackbull.com\\\/es\\\/sobre-nosotros\\\/#primaryimage\"},\"thumbnailUrl\":\"https:\\\/\\\/partners.blackbull.com\\\/wp-content\\\/uploads\\\/2022\\\/01\\\/About-Us-1.webp\",\"datePublished\":\"2022-03-06T21:31:43+00:00\",\"dateModified\":\"2022-03-16T02:16:16+00:00\",\"breadcrumb\":{\"@id\":\"https:\\\/\\\/partners.blackbull.com\\\/es\\\/sobre-nosotros\\\/#breadcrumb\"},\"inLanguage\":\"es\",\"potentialAction\":[{\"@type\":\"ReadAction\",\"target\":[\"https:\\\/\\\/partners.blackbull.com\\\/es\\\/sobre-nosotros\\\/\"]}]},{\"@type\":\"ImageObject\",\"inLanguage\":\"es\",\"@id\":\"https:\\\/\\\/partners.blackbull.com\\\/es\\\/sobre-nosotros\\\/#primaryimage\",\"url\":\"https:\\\/\\\/partners.blackbull.com\\\/wp-content\\\/uploads\\\/2022\\\/01\\\/About-Us-1.webp\",\"contentUrl\":\"https:\\\/\\\/partners.blackbull.com\\\/wp-content\\\/uploads\\\/2022\\\/01\\\/About-Us-1.webp\",\"width\":1920,\"height\":1280},{\"@type\":\"BreadcrumbList\",\"@id\":\"https:\\\/\\\/partners.blackbull.com\\\/es\\\/sobre-nosotros\\\/#breadcrumb\",\"itemListElement\":[{\"@type\":\"ListItem\",\"position\":1,\"name\":\"Home\",\"item\":\"https:\\\/\\\/partners.blackbull.com\\\/es\\\/home-new\\\/\"},{\"@type\":\"ListItem\",\"position\":2,\"name\":\"Sobre Nosotros\"}]},{\"@type\":\"WebSite\",\"@id\":\"https:\\\/\\\/partners.blackbull.com\\\/es\\\/#website\",\"url\":\"https:\\\/\\\/partners.blackbull.com\\\/es\\\/\",\"name\":\"BlackBull Partners\",\"description\":\"BlackBull Affiliates is the partner referral program of BlackBull Markets, a top-tier, award-winning, and multi-regulated forex broker.\",\"publisher\":{\"@id\":\"https:\\\/\\\/partners.blackbull.com\\\/es\\\/#organization\"},\"potentialAction\":[{\"@type\":\"SearchAction\",\"target\":{\"@type\":\"EntryPoint\",\"urlTemplate\":\"https:\\\/\\\/partners.blackbull.com\\\/es\\\/?s={search_term_string}\"},\"query-input\":{\"@type\":\"PropertyValueSpecification\",\"valueRequired\":true,\"valueName\":\"search_term_string\"}}],\"inLanguage\":\"es\"},{\"@type\":\"Organization\",\"@id\":\"https:\\\/\\\/partners.blackbull.com\\\/es\\\/#organization\",\"name\":\"BlackBull Partners\",\"url\":\"https:\\\/\\\/partners.blackbull.com\\\/es\\\/\",\"logo\":{\"@type\":\"ImageObject\",\"inLanguage\":\"es\",\"@id\":\"https:\\\/\\\/partners.blackbull.com\\\/es\\\/#\\\/schema\\\/logo\\\/image\\\/\",\"url\":\"https:\\\/\\\/partners.blackbull.com\\\/wp-content\\\/uploads\\\/2022\\\/03\\\/BBMPartnerslogo_blue.svg\",\"contentUrl\":\"https:\\\/\\\/partners.blackbull.com\\\/wp-content\\\/uploads\\\/2022\\\/03\\\/BBMPartnerslogo_blue.svg\",\"width\":981,\"height\":279,\"caption\":\"BlackBull Partners\"},\"image\":{\"@id\":\"https:\\\/\\\/partners.blackbull.com\\\/es\\\/#\\\/schema\\\/logo\\\/image\\\/\"}}]}<\/script>\n<!-- \/ Yoast SEO plugin. -->","yoast_head_json":{"title":"Sobre Nosotros | BlackBull Partners","robots":{"index":"index","follow":"follow","max-snippet":"max-snippet:-1","max-image-preview":"max-image-preview:large","max-video-preview":"max-video-preview:-1"},"canonical":"https:\/\/partners.blackbull.com\/es\/sobre-nosotros\/","og_locale":"es_ES","og_type":"article","og_title":"Sobre Nosotros | BlackBull Partners","og_description":"Sobre BlackBull Markets Fuimos fundados con el objetivo de convertirnos en el br\u00f3ker l\u00edder en fintech e intercambio de divisas en l\u00ednea. BlackBull Markets es un verdadero br\u00f3ker ECN, No Dealing Desk, que se especializa en Forex, CFDs, Materias Primas, comunicaciones de fibra \u00f3ptica y soluciones Fintech para una clientela global. Dirigido por una unidad [&hellip;]","og_url":"https:\/\/partners.blackbull.com\/es\/sobre-nosotros\/","og_site_name":"BlackBull Partners","article_modified_time":"2022-03-16T02:16:16+00:00","og_image":[{"width":1920,"height":1280,"url":"https:\/\/partners.blackbull.com\/wp-content\/uploads\/2022\/01\/About-Us-1.webp","type":"image\/webp"}],"twitter_card":"summary_large_image","twitter_misc":{"Tiempo de lectura":"2 minutos"},"schema":{"@context":"https:\/\/schema.org","@graph":[{"@type":"WebPage","@id":"https:\/\/partners.blackbull.com\/es\/sobre-nosotros\/","url":"https:\/\/partners.blackbull.com\/es\/sobre-nosotros\/","name":"Sobre Nosotros | BlackBull Partners","isPartOf":{"@id":"https:\/\/partners.blackbull.com\/es\/#website"},"primaryImageOfPage":{"@id":"https:\/\/partners.blackbull.com\/es\/sobre-nosotros\/#primaryimage"},"image":{"@id":"https:\/\/partners.blackbull.com\/es\/sobre-nosotros\/#primaryimage"},"thumbnailUrl":"https:\/\/partners.blackbull.com\/wp-content\/uploads\/2022\/01\/About-Us-1.webp","datePublished":"2022-03-06T21:31:43+00:00","dateModified":"2022-03-16T02:16:16+00:00","breadcrumb":{"@id":"https:\/\/partners.blackbull.com\/es\/sobre-nosotros\/#breadcrumb"},"inLanguage":"es","potentialAction":[{"@type":"ReadAction","target":["https:\/\/partners.blackbull.com\/es\/sobre-nosotros\/"]}]},{"@type":"ImageObject","inLanguage":"es","@id":"https:\/\/partners.blackbull.com\/es\/sobre-nosotros\/#primaryimage","url":"https:\/\/partners.blackbull.com\/wp-content\/uploads\/2022\/01\/About-Us-1.webp","contentUrl":"https:\/\/partners.blackbull.com\/wp-content\/uploads\/2022\/01\/About-Us-1.webp","width":1920,"height":1280},{"@type":"BreadcrumbList","@id":"https:\/\/partners.blackbull.com\/es\/sobre-nosotros\/#breadcrumb","itemListElement":[{"@type":"ListItem","position":1,"name":"Home","item":"https:\/\/partners.blackbull.com\/es\/home-new\/"},{"@type":"ListItem","position":2,"name":"Sobre Nosotros"}]},{"@type":"WebSite","@id":"https:\/\/partners.blackbull.com\/es\/#website","url":"https:\/\/partners.blackbull.com\/es\/","name":"BlackBull Partners","description":"BlackBull Affiliates is the partner referral program of BlackBull Markets, a top-tier, award-winning, and multi-regulated forex broker.","publisher":{"@id":"https:\/\/partners.blackbull.com\/es\/#organization"},"potentialAction":[{"@type":"SearchAction","target":{"@type":"EntryPoint","urlTemplate":"https:\/\/partners.blackbull.com\/es\/?s={search_term_string}"},"query-input":{"@type":"PropertyValueSpecification","valueRequired":true,"valueName":"search_term_string"}}],"inLanguage":"es"},{"@type":"Organization","@id":"https:\/\/partners.blackbull.com\/es\/#organization","name":"BlackBull Partners","url":"https:\/\/partners.blackbull.com\/es\/","logo":{"@type":"ImageObject","inLanguage":"es","@id":"https:\/\/partners.blackbull.com\/es\/#\/schema\/logo\/image\/","url":"https:\/\/partners.blackbull.com\/wp-content\/uploads\/2022\/03\/BBMPartnerslogo_blue.svg","contentUrl":"https:\/\/partners.blackbull.com\/wp-content\/uploads\/2022\/03\/BBMPartnerslogo_blue.svg","width":981,"height":279,"caption":"BlackBull Partners"},"image":{"@id":"https:\/\/partners.blackbull.com\/es\/#\/schema\/logo\/image\/"}}]}},"_links":{"self":[{"href":"https:\/\/partners.blackbull.com\/es\/wp-json\/wp\/v2\/pages\/1307","targetHints":{"allow":["GET"]}}],"collection":[{"href":"https:\/\/partners.blackbull.com\/es\/wp-json\/wp\/v2\/pages"}],"about":[{"href":"https:\/\/partners.blackbull.com\/es\/wp-json\/wp\/v2\/types\/page"}],"author":[{"embeddable":true,"href":"https:\/\/partners.blackbull.com\/es\/wp-json\/wp\/v2\/users\/20"}],"replies":[{"embeddable":true,"href":"https:\/\/partners.blackbull.com\/es\/wp-json\/wp\/v2\/comments?post=1307"}],"version-history":[{"count":11,"href":"https:\/\/partners.blackbull.com\/es\/wp-json\/wp\/v2\/pages\/1307\/revisions"}],"predecessor-version":[{"id":1737,"href":"https:\/\/partners.blackbull.com\/es\/wp-json\/wp\/v2\/pages\/1307\/revisions\/1737"}],"wp:featuredmedia":[{"embeddable":true,"href":"https:\/\/partners.blackbull.com\/es\/wp-json\/wp\/v2\/media\/908"}],"wp:attachment":[{"href":"https:\/\/partners.blackbull.com\/es\/wp-json\/wp\/v2\/media?parent=1307"}],"curies":[{"name":"wp","href":"https:\/\/api.w.org\/{rel}","templated":true}]}}