{"id":1452,"date":"2022-03-11T15:31:40","date_gmt":"2022-03-11T02:31:40","guid":{"rendered":"https:\/\/partners.blackbull.com\/muchas-gracias\/"},"modified":"2025-03-25T06:57:16","modified_gmt":"2025-03-24T17:57:16","slug":"thank-you","status":"publish","type":"page","link":"https:\/\/partners.blackbull.com\/es\/thank-you\/","title":{"rendered":"Muchas Gracias"},"content":{"rendered":"\t\t<div data-elementor-type=\"wp-page\" data-elementor-id=\"1452\" class=\"elementor elementor-1452 elementor-758\" data-elementor-post-type=\"page\">\n\t\t\t\t\t\t<section class=\"elementor-section elementor-top-section elementor-element elementor-element-bd2c1ab elementor-section-boxed elementor-section-height-default elementor-section-height-default\" data-id=\"bd2c1ab\" data-element_type=\"section\" data-e-type=\"section\" data-settings=\"{&quot;jet_parallax_layout_list&quot;:[]}\">\n\t\t\t\t\t\t<div class=\"elementor-container elementor-column-gap-default\">\n\t\t\t\t\t<div class=\"elementor-column elementor-col-100 elementor-top-column elementor-element elementor-element-dbb36d9\" data-id=\"dbb36d9\" data-element_type=\"column\" data-e-type=\"column\">\n\t\t\t<div class=\"elementor-widget-wrap elementor-element-populated\">\n\t\t\t\t\t\t<div class=\"elementor-element elementor-element-89ca2bd elementor-widget elementor-widget-text-editor\" data-id=\"89ca2bd\" data-element_type=\"widget\" data-e-type=\"widget\" data-widget_type=\"text-editor.default\">\n\t\t\t\t\t\t\t\t\t<p>Recibimos su solicitud y esperamos con ansias que se una a nuestro programa de recomendaciones l\u00edder en la industria.<\/p>\n<p>Solo necesitamos verificar algunos detalles antes de que podamos aprobar su cuenta. Nuestro equipo revisar\u00e1 su solicitud en breve y se comunicar\u00e1 con usted si tenemos alguna pregunta.<\/p>\n<p>Si entretanto necesitas ayuda para algo m\u00e1s, no dudes en ponerte en contacto con nuestro equipo de asistencia en cualquier momento enviando un correo electr\u00f3nico a <a href=\"mailto:%20partners@blackbull.com\">partners@blackbull.com<\/a>.<\/p>\n\t\t\t\t\t\t\t\t<\/div>\n\t\t\t\t\t<\/div>\n\t\t<\/div>\n\t\t\t\t\t<\/div>\n\t\t<\/section>\n\t\t\t\t<\/div>\n\t\t","protected":false},"excerpt":{"rendered":"<p>Recibimos su solicitud y esperamos con ansias que se una a nuestro programa de recomendaciones l\u00edder en la industria. Solo necesitamos verificar algunos detalles antes de que podamos aprobar su cuenta. Nuestro equipo revisar\u00e1 su solicitud en breve y se comunicar\u00e1 con usted si tenemos alguna pregunta. Si entretanto necesitas ayuda para algo m\u00e1s, no [&hellip;]<\/p>\n","protected":false},"author":20,"featured_media":940,"parent":0,"menu_order":68,"comment_status":"closed","ping_status":"closed","template":"","meta":{"inline_featured_image":false,"footnotes":""},"class_list":["post-1452","page","type-page","status-publish","has-post-thumbnail","hentry"],"yoast_head":"<!-- This site is optimized with the Yoast SEO plugin v27.3 - https:\/\/yoast.com\/product\/yoast-seo-wordpress\/ -->\n<title>Muchas Gracias | BlackBull Partners<\/title>\n<meta name=\"robots\" content=\"index, follow, max-snippet:-1, max-image-preview:large, max-video-preview:-1\" \/>\n<link rel=\"canonical\" href=\"https:\/\/partners.blackbull.com\/es\/thank-you\/\" \/>\n<meta property=\"og:locale\" content=\"es_ES\" \/>\n<meta property=\"og:type\" content=\"article\" \/>\n<meta property=\"og:title\" content=\"Muchas Gracias | BlackBull Partners\" \/>\n<meta property=\"og:description\" content=\"Recibimos su solicitud y esperamos con ansias que se una a nuestro programa de recomendaciones l\u00edder en la industria. Solo necesitamos verificar algunos detalles antes de que podamos aprobar su cuenta. Nuestro equipo revisar\u00e1 su solicitud en breve y se comunicar\u00e1 con usted si tenemos alguna pregunta. Si entretanto necesitas ayuda para algo m\u00e1s, no [&hellip;]\" \/>\n<meta property=\"og:url\" content=\"https:\/\/partners.blackbull.com\/es\/thank-you\/\" \/>\n<meta property=\"og:site_name\" content=\"BlackBull Partners\" \/>\n<meta property=\"article:modified_time\" content=\"2025-03-24T17:57:16+00:00\" \/>\n<meta property=\"og:image\" content=\"https:\/\/partners.blackbull.com\/wp-content\/uploads\/2022\/02\/Regional-Representatives-1.webp\" \/>\n\t<meta property=\"og:image:width\" content=\"1920\" \/>\n\t<meta property=\"og:image:height\" content=\"1279\" \/>\n\t<meta property=\"og:image:type\" content=\"image\/webp\" \/>\n<meta name=\"twitter:card\" content=\"summary_large_image\" \/>\n<script type=\"application\/ld+json\" class=\"yoast-schema-graph\">{\"@context\":\"https:\\\/\\\/schema.org\",\"@graph\":[{\"@type\":\"WebPage\",\"@id\":\"https:\\\/\\\/partners.blackbull.com\\\/es\\\/thank-you\\\/\",\"url\":\"https:\\\/\\\/partners.blackbull.com\\\/es\\\/thank-you\\\/\",\"name\":\"Muchas Gracias | BlackBull Partners\",\"isPartOf\":{\"@id\":\"https:\\\/\\\/partners.blackbull.com\\\/es\\\/#website\"},\"primaryImageOfPage\":{\"@id\":\"https:\\\/\\\/partners.blackbull.com\\\/es\\\/thank-you\\\/#primaryimage\"},\"image\":{\"@id\":\"https:\\\/\\\/partners.blackbull.com\\\/es\\\/thank-you\\\/#primaryimage\"},\"thumbnailUrl\":\"https:\\\/\\\/partners.blackbull.com\\\/wp-content\\\/uploads\\\/2022\\\/02\\\/Regional-Representatives-1.webp\",\"datePublished\":\"2022-03-11T02:31:40+00:00\",\"dateModified\":\"2025-03-24T17:57:16+00:00\",\"breadcrumb\":{\"@id\":\"https:\\\/\\\/partners.blackbull.com\\\/es\\\/thank-you\\\/#breadcrumb\"},\"inLanguage\":\"es\",\"potentialAction\":[{\"@type\":\"ReadAction\",\"target\":[\"https:\\\/\\\/partners.blackbull.com\\\/es\\\/thank-you\\\/\"]}]},{\"@type\":\"ImageObject\",\"inLanguage\":\"es\",\"@id\":\"https:\\\/\\\/partners.blackbull.com\\\/es\\\/thank-you\\\/#primaryimage\",\"url\":\"https:\\\/\\\/partners.blackbull.com\\\/wp-content\\\/uploads\\\/2022\\\/02\\\/Regional-Representatives-1.webp\",\"contentUrl\":\"https:\\\/\\\/partners.blackbull.com\\\/wp-content\\\/uploads\\\/2022\\\/02\\\/Regional-Representatives-1.webp\",\"width\":1920,\"height\":1279},{\"@type\":\"BreadcrumbList\",\"@id\":\"https:\\\/\\\/partners.blackbull.com\\\/es\\\/thank-you\\\/#breadcrumb\",\"itemListElement\":[{\"@type\":\"ListItem\",\"position\":1,\"name\":\"Home\",\"item\":\"https:\\\/\\\/partners.blackbull.com\\\/es\\\/home-new\\\/\"},{\"@type\":\"ListItem\",\"position\":2,\"name\":\"Muchas Gracias\"}]},{\"@type\":\"WebSite\",\"@id\":\"https:\\\/\\\/partners.blackbull.com\\\/es\\\/#website\",\"url\":\"https:\\\/\\\/partners.blackbull.com\\\/es\\\/\",\"name\":\"BlackBull Partners\",\"description\":\"BlackBull Affiliates is the partner referral program of BlackBull Markets, a top-tier, award-winning, and multi-regulated forex broker.\",\"publisher\":{\"@id\":\"https:\\\/\\\/partners.blackbull.com\\\/es\\\/#organization\"},\"potentialAction\":[{\"@type\":\"SearchAction\",\"target\":{\"@type\":\"EntryPoint\",\"urlTemplate\":\"https:\\\/\\\/partners.blackbull.com\\\/es\\\/?s={search_term_string}\"},\"query-input\":{\"@type\":\"PropertyValueSpecification\",\"valueRequired\":true,\"valueName\":\"search_term_string\"}}],\"inLanguage\":\"es\"},{\"@type\":\"Organization\",\"@id\":\"https:\\\/\\\/partners.blackbull.com\\\/es\\\/#organization\",\"name\":\"BlackBull Partners\",\"url\":\"https:\\\/\\\/partners.blackbull.com\\\/es\\\/\",\"logo\":{\"@type\":\"ImageObject\",\"inLanguage\":\"es\",\"@id\":\"https:\\\/\\\/partners.blackbull.com\\\/es\\\/#\\\/schema\\\/logo\\\/image\\\/\",\"url\":\"https:\\\/\\\/partners.blackbull.com\\\/wp-content\\\/uploads\\\/2022\\\/03\\\/BBMPartnerslogo_blue.svg\",\"contentUrl\":\"https:\\\/\\\/partners.blackbull.com\\\/wp-content\\\/uploads\\\/2022\\\/03\\\/BBMPartnerslogo_blue.svg\",\"width\":981,\"height\":279,\"caption\":\"BlackBull Partners\"},\"image\":{\"@id\":\"https:\\\/\\\/partners.blackbull.com\\\/es\\\/#\\\/schema\\\/logo\\\/image\\\/\"}}]}<\/script>\n<!-- \/ Yoast SEO plugin. -->","yoast_head_json":{"title":"Muchas Gracias | BlackBull Partners","robots":{"index":"index","follow":"follow","max-snippet":"max-snippet:-1","max-image-preview":"max-image-preview:large","max-video-preview":"max-video-preview:-1"},"canonical":"https:\/\/partners.blackbull.com\/es\/thank-you\/","og_locale":"es_ES","og_type":"article","og_title":"Muchas Gracias | BlackBull Partners","og_description":"Recibimos su solicitud y esperamos con ansias que se una a nuestro programa de recomendaciones l\u00edder en la industria. Solo necesitamos verificar algunos detalles antes de que podamos aprobar su cuenta. Nuestro equipo revisar\u00e1 su solicitud en breve y se comunicar\u00e1 con usted si tenemos alguna pregunta. Si entretanto necesitas ayuda para algo m\u00e1s, no [&hellip;]","og_url":"https:\/\/partners.blackbull.com\/es\/thank-you\/","og_site_name":"BlackBull Partners","article_modified_time":"2025-03-24T17:57:16+00:00","og_image":[{"width":1920,"height":1279,"url":"https:\/\/partners.blackbull.com\/wp-content\/uploads\/2022\/02\/Regional-Representatives-1.webp","type":"image\/webp"}],"twitter_card":"summary_large_image","schema":{"@context":"https:\/\/schema.org","@graph":[{"@type":"WebPage","@id":"https:\/\/partners.blackbull.com\/es\/thank-you\/","url":"https:\/\/partners.blackbull.com\/es\/thank-you\/","name":"Muchas Gracias | BlackBull Partners","isPartOf":{"@id":"https:\/\/partners.blackbull.com\/es\/#website"},"primaryImageOfPage":{"@id":"https:\/\/partners.blackbull.com\/es\/thank-you\/#primaryimage"},"image":{"@id":"https:\/\/partners.blackbull.com\/es\/thank-you\/#primaryimage"},"thumbnailUrl":"https:\/\/partners.blackbull.com\/wp-content\/uploads\/2022\/02\/Regional-Representatives-1.webp","datePublished":"2022-03-11T02:31:40+00:00","dateModified":"2025-03-24T17:57:16+00:00","breadcrumb":{"@id":"https:\/\/partners.blackbull.com\/es\/thank-you\/#breadcrumb"},"inLanguage":"es","potentialAction":[{"@type":"ReadAction","target":["https:\/\/partners.blackbull.com\/es\/thank-you\/"]}]},{"@type":"ImageObject","inLanguage":"es","@id":"https:\/\/partners.blackbull.com\/es\/thank-you\/#primaryimage","url":"https:\/\/partners.blackbull.com\/wp-content\/uploads\/2022\/02\/Regional-Representatives-1.webp","contentUrl":"https:\/\/partners.blackbull.com\/wp-content\/uploads\/2022\/02\/Regional-Representatives-1.webp","width":1920,"height":1279},{"@type":"BreadcrumbList","@id":"https:\/\/partners.blackbull.com\/es\/thank-you\/#breadcrumb","itemListElement":[{"@type":"ListItem","position":1,"name":"Home","item":"https:\/\/partners.blackbull.com\/es\/home-new\/"},{"@type":"ListItem","position":2,"name":"Muchas Gracias"}]},{"@type":"WebSite","@id":"https:\/\/partners.blackbull.com\/es\/#website","url":"https:\/\/partners.blackbull.com\/es\/","name":"BlackBull Partners","description":"BlackBull Affiliates is the partner referral program of BlackBull Markets, a top-tier, award-winning, and multi-regulated forex broker.","publisher":{"@id":"https:\/\/partners.blackbull.com\/es\/#organization"},"potentialAction":[{"@type":"SearchAction","target":{"@type":"EntryPoint","urlTemplate":"https:\/\/partners.blackbull.com\/es\/?s={search_term_string}"},"query-input":{"@type":"PropertyValueSpecification","valueRequired":true,"valueName":"search_term_string"}}],"inLanguage":"es"},{"@type":"Organization","@id":"https:\/\/partners.blackbull.com\/es\/#organization","name":"BlackBull Partners","url":"https:\/\/partners.blackbull.com\/es\/","logo":{"@type":"ImageObject","inLanguage":"es","@id":"https:\/\/partners.blackbull.com\/es\/#\/schema\/logo\/image\/","url":"https:\/\/partners.blackbull.com\/wp-content\/uploads\/2022\/03\/BBMPartnerslogo_blue.svg","contentUrl":"https:\/\/partners.blackbull.com\/wp-content\/uploads\/2022\/03\/BBMPartnerslogo_blue.svg","width":981,"height":279,"caption":"BlackBull Partners"},"image":{"@id":"https:\/\/partners.blackbull.com\/es\/#\/schema\/logo\/image\/"}}]}},"_links":{"self":[{"href":"https:\/\/partners.blackbull.com\/es\/wp-json\/wp\/v2\/pages\/1452","targetHints":{"allow":["GET"]}}],"collection":[{"href":"https:\/\/partners.blackbull.com\/es\/wp-json\/wp\/v2\/pages"}],"about":[{"href":"https:\/\/partners.blackbull.com\/es\/wp-json\/wp\/v2\/types\/page"}],"author":[{"embeddable":true,"href":"https:\/\/partners.blackbull.com\/es\/wp-json\/wp\/v2\/users\/20"}],"replies":[{"embeddable":true,"href":"https:\/\/partners.blackbull.com\/es\/wp-json\/wp\/v2\/comments?post=1452"}],"version-history":[{"count":4,"href":"https:\/\/partners.blackbull.com\/es\/wp-json\/wp\/v2\/pages\/1452\/revisions"}],"predecessor-version":[{"id":17044,"href":"https:\/\/partners.blackbull.com\/es\/wp-json\/wp\/v2\/pages\/1452\/revisions\/17044"}],"wp:featuredmedia":[{"embeddable":true,"href":"https:\/\/partners.blackbull.com\/es\/wp-json\/wp\/v2\/media\/940"}],"wp:attachment":[{"href":"https:\/\/partners.blackbull.com\/es\/wp-json\/wp\/v2\/media?parent=1452"}],"curies":[{"name":"wp","href":"https:\/\/api.w.org\/{rel}","templated":true}]}}