{"id":1460,"date":"2022-03-11T15:42:58","date_gmt":"2022-03-11T02:42:58","guid":{"rendered":"https:\/\/partners.blackbull.com\/contactanos\/"},"modified":"2022-03-16T05:36:16","modified_gmt":"2022-03-15T16:36:16","slug":"contactanos","status":"publish","type":"page","link":"https:\/\/partners.blackbull.com\/es\/contactanos\/","title":{"rendered":"Cont\u00e1ctanos"},"content":{"rendered":"\t\t<div data-elementor-type=\"wp-page\" data-elementor-id=\"1460\" class=\"elementor elementor-1460\" data-elementor-post-type=\"page\">\n\t\t\t\t\t\t<section class=\"elementor-section elementor-top-section elementor-element elementor-element-20b8774 elementor-section-boxed elementor-section-height-default elementor-section-height-default\" data-id=\"20b8774\" data-element_type=\"section\" data-e-type=\"section\" data-settings=\"{&quot;jet_parallax_layout_list&quot;:[]}\">\n\t\t\t\t\t\t<div class=\"elementor-container elementor-column-gap-default\">\n\t\t\t\t\t<div class=\"elementor-column elementor-col-100 elementor-top-column elementor-element elementor-element-787e041\" data-id=\"787e041\" data-element_type=\"column\" data-e-type=\"column\">\n\t\t\t<div class=\"elementor-widget-wrap elementor-element-populated\">\n\t\t\t\t\t\t<div class=\"elementor-element elementor-element-8e1d2ba elementor-widget elementor-widget-google_maps\" data-id=\"8e1d2ba\" data-element_type=\"widget\" data-e-type=\"widget\" data-widget_type=\"google_maps.default\">\n\t\t\t\t\t\t\t<div class=\"elementor-custom-embed\">\n\t\t\t<iframe loading=\"lazy\"\n\t\t\t\t\tsrc=\"https:\/\/www.google.com\/maps\/embed\/v1\/place?key=AIzaSyDdJffpaCSQT5sCJm5Um6tc265UtPrwWlQ&#038;q=BlackBull%20Markets%20Level%2020%2F188%20Quay%20Street%2C%20Auckland%20CBD%2C%20Auckland%201010%2C%20New%20Zealand&#038;zoom=16\"\n\t\t\t\t\ttitle=\"BlackBull Markets Level 20\/188 Quay Street, Auckland CBD, Auckland 1010, New Zealand\"\n\t\t\t\t\taria-label=\"BlackBull Markets Level 20\/188 Quay Street, Auckland CBD, Auckland 1010, New Zealand\"\n\t\t\t><\/iframe>\n\t\t<\/div>\n\t\t\t\t\t\t<\/div>\n\t\t\t\t\t<\/div>\n\t\t<\/div>\n\t\t\t\t\t<\/div>\n\t\t<\/section>\n\t\t\t\t<section class=\"elementor-section elementor-top-section elementor-element elementor-element-77008f4 elementor-section-boxed elementor-section-height-default elementor-section-height-default\" data-id=\"77008f4\" data-element_type=\"section\" data-e-type=\"section\" data-settings=\"{&quot;jet_parallax_layout_list&quot;:[]}\">\n\t\t\t\t\t\t<div class=\"elementor-container elementor-column-gap-default\">\n\t\t\t\t\t<div class=\"elementor-column elementor-col-100 elementor-top-column elementor-element elementor-element-2a53758\" data-id=\"2a53758\" data-element_type=\"column\" data-e-type=\"column\">\n\t\t\t<div class=\"elementor-widget-wrap elementor-element-populated\">\n\t\t\t\t\t\t<div class=\"elementor-element elementor-element-6d97ba6 elementor-widget elementor-widget-heading\" data-id=\"6d97ba6\" data-element_type=\"widget\" data-e-type=\"widget\" data-widget_type=\"heading.default\">\n\t\t\t\t\t<h1 class=\"elementor-heading-title elementor-size-default\">Direcci\u00f3n<\/h1>\t\t\t\t<\/div>\n\t\t\t\t<div class=\"elementor-element elementor-element-b1a0fb2 elementor-widget elementor-widget-text-editor\" data-id=\"b1a0fb2\" data-element_type=\"widget\" data-e-type=\"widget\" data-widget_type=\"text-editor.default\">\n\t\t\t\t\t\t\t\t\t<div class=\"et_pb_module et_pb_text et_pb_text_3 et_pb_text_align_left et_pb_bg_layout_light\"><div class=\"et_pb_text_inner\"><p>BlackBull Markets<br>Level 20<br>188 Quay Street<br>Auckland, 1010<\/p><p><b>Oficina: <\/b><a href=\"tel:6495585142\"> (+64) 9 558 5142<\/a><br><a href=\"mailto:partners@blackbull.com\" target=\"_blank\" rel=\"noopener\">partners@blackbull.com<\/a><\/p><p><b>NZ (toll free)<br><\/b><a href=\"tel:0800226275987\">0800 BB Markets<\/a><\/p><\/div><\/div><div class=\"et_pb_module et_pb_text et_pb_text_4 et_pb_text_align_left et_pb_bg_layout_light\"><div class=\"et_pb_text_inner\"><p>Si hay algo con lo que necesita ayuda, no dude en comunicarse con nuestro amable equipo de soporte t\u00e9cnico a <a href=\"mailto:support@blackbull.com\">support@blackbull.com<\/a> en cualquier momento por correo electr\u00f3nico o llame al <a href=\"tel:+6495585142\">+64 9 558 5142<\/a>. Nuestro equipo de soporte t\u00e9cnico tambi\u00e9n lo puede ayudar a trav\u00e9s del <a href=\"https:\/\/blackbull.com\/en\/\">chat en vivo<\/a> las 24 horas del d\u00eda, 6 d\u00edas de la semana.<\/p><\/div><\/div>\t\t\t\t\t\t\t\t<\/div>\n\t\t\t\t\t<\/div>\n\t\t<\/div>\n\t\t\t\t\t<\/div>\n\t\t<\/section>\n\t\t\t\t<\/div>\n\t\t","protected":false},"excerpt":{"rendered":"<p>Direcci\u00f3n BlackBull MarketsLevel 20188 Quay StreetAuckland, 1010 Oficina: (+64) 9 558 5142partners@blackbull.com NZ (toll free)0800 BB Markets Si hay algo con lo que necesita ayuda, no dude en comunicarse con nuestro amable equipo de soporte t\u00e9cnico a support@blackbull.com en cualquier momento por correo electr\u00f3nico o llame al +64 9 558 5142. Nuestro equipo de soporte [&hellip;]<\/p>\n","protected":false},"author":20,"featured_media":932,"parent":0,"menu_order":4,"comment_status":"closed","ping_status":"closed","template":"","meta":{"inline_featured_image":false,"footnotes":""},"class_list":["post-1460","page","type-page","status-publish","has-post-thumbnail","hentry"],"yoast_head":"<!-- This site is optimized with the Yoast SEO plugin v27.3 - https:\/\/yoast.com\/product\/yoast-seo-wordpress\/ -->\n<title>Cont\u00e1ctanos | BlackBull Partners<\/title>\n<meta name=\"robots\" content=\"index, follow, max-snippet:-1, max-image-preview:large, max-video-preview:-1\" \/>\n<link rel=\"canonical\" href=\"https:\/\/partners.blackbull.com\/es\/contactanos\/\" \/>\n<meta property=\"og:locale\" content=\"es_ES\" \/>\n<meta property=\"og:type\" content=\"article\" \/>\n<meta property=\"og:title\" content=\"Cont\u00e1ctanos | BlackBull Partners\" \/>\n<meta property=\"og:description\" content=\"Direcci\u00f3n BlackBull MarketsLevel 20188 Quay StreetAuckland, 1010 Oficina: (+64) 9 558 5142partners@blackbull.com NZ (toll free)0800 BB Markets Si hay algo con lo que necesita ayuda, no dude en comunicarse con nuestro amable equipo de soporte t\u00e9cnico a support@blackbull.com en cualquier momento por correo electr\u00f3nico o llame al +64 9 558 5142. Nuestro equipo de soporte [&hellip;]\" \/>\n<meta property=\"og:url\" content=\"https:\/\/partners.blackbull.com\/es\/contactanos\/\" \/>\n<meta property=\"og:site_name\" content=\"BlackBull Partners\" \/>\n<meta property=\"article:modified_time\" content=\"2022-03-15T16:36:16+00:00\" \/>\n<meta property=\"og:image\" content=\"https:\/\/partners.blackbull.com\/wp-content\/uploads\/2022\/02\/Contact-U.jpg\" \/>\n\t<meta property=\"og:image:width\" content=\"1920\" \/>\n\t<meta property=\"og:image:height\" content=\"768\" \/>\n\t<meta property=\"og:image:type\" content=\"image\/jpeg\" \/>\n<meta name=\"twitter:card\" content=\"summary_large_image\" \/>\n<script type=\"application\/ld+json\" class=\"yoast-schema-graph\">{\"@context\":\"https:\\\/\\\/schema.org\",\"@graph\":[{\"@type\":\"WebPage\",\"@id\":\"https:\\\/\\\/partners.blackbull.com\\\/es\\\/contactanos\\\/\",\"url\":\"https:\\\/\\\/partners.blackbull.com\\\/es\\\/contactanos\\\/\",\"name\":\"Cont\u00e1ctanos | BlackBull Partners\",\"isPartOf\":{\"@id\":\"https:\\\/\\\/partners.blackbull.com\\\/es\\\/#website\"},\"primaryImageOfPage\":{\"@id\":\"https:\\\/\\\/partners.blackbull.com\\\/es\\\/contactanos\\\/#primaryimage\"},\"image\":{\"@id\":\"https:\\\/\\\/partners.blackbull.com\\\/es\\\/contactanos\\\/#primaryimage\"},\"thumbnailUrl\":\"https:\\\/\\\/partners.blackbull.com\\\/wp-content\\\/uploads\\\/2022\\\/02\\\/Contact-U.jpg\",\"datePublished\":\"2022-03-11T02:42:58+00:00\",\"dateModified\":\"2022-03-15T16:36:16+00:00\",\"breadcrumb\":{\"@id\":\"https:\\\/\\\/partners.blackbull.com\\\/es\\\/contactanos\\\/#breadcrumb\"},\"inLanguage\":\"es\",\"potentialAction\":[{\"@type\":\"ReadAction\",\"target\":[\"https:\\\/\\\/partners.blackbull.com\\\/es\\\/contactanos\\\/\"]}]},{\"@type\":\"ImageObject\",\"inLanguage\":\"es\",\"@id\":\"https:\\\/\\\/partners.blackbull.com\\\/es\\\/contactanos\\\/#primaryimage\",\"url\":\"https:\\\/\\\/partners.blackbull.com\\\/wp-content\\\/uploads\\\/2022\\\/02\\\/Contact-U.jpg\",\"contentUrl\":\"https:\\\/\\\/partners.blackbull.com\\\/wp-content\\\/uploads\\\/2022\\\/02\\\/Contact-U.jpg\",\"width\":1920,\"height\":768},{\"@type\":\"BreadcrumbList\",\"@id\":\"https:\\\/\\\/partners.blackbull.com\\\/es\\\/contactanos\\\/#breadcrumb\",\"itemListElement\":[{\"@type\":\"ListItem\",\"position\":1,\"name\":\"Home\",\"item\":\"https:\\\/\\\/partners.blackbull.com\\\/es\\\/home-new\\\/\"},{\"@type\":\"ListItem\",\"position\":2,\"name\":\"Cont\u00e1ctanos\"}]},{\"@type\":\"WebSite\",\"@id\":\"https:\\\/\\\/partners.blackbull.com\\\/es\\\/#website\",\"url\":\"https:\\\/\\\/partners.blackbull.com\\\/es\\\/\",\"name\":\"BlackBull Partners\",\"description\":\"BlackBull Affiliates is the partner referral program of BlackBull Markets, a top-tier, award-winning, and multi-regulated forex broker.\",\"publisher\":{\"@id\":\"https:\\\/\\\/partners.blackbull.com\\\/es\\\/#organization\"},\"potentialAction\":[{\"@type\":\"SearchAction\",\"target\":{\"@type\":\"EntryPoint\",\"urlTemplate\":\"https:\\\/\\\/partners.blackbull.com\\\/es\\\/?s={search_term_string}\"},\"query-input\":{\"@type\":\"PropertyValueSpecification\",\"valueRequired\":true,\"valueName\":\"search_term_string\"}}],\"inLanguage\":\"es\"},{\"@type\":\"Organization\",\"@id\":\"https:\\\/\\\/partners.blackbull.com\\\/es\\\/#organization\",\"name\":\"BlackBull Partners\",\"url\":\"https:\\\/\\\/partners.blackbull.com\\\/es\\\/\",\"logo\":{\"@type\":\"ImageObject\",\"inLanguage\":\"es\",\"@id\":\"https:\\\/\\\/partners.blackbull.com\\\/es\\\/#\\\/schema\\\/logo\\\/image\\\/\",\"url\":\"https:\\\/\\\/partners.blackbull.com\\\/wp-content\\\/uploads\\\/2022\\\/03\\\/BBMPartnerslogo_blue.svg\",\"contentUrl\":\"https:\\\/\\\/partners.blackbull.com\\\/wp-content\\\/uploads\\\/2022\\\/03\\\/BBMPartnerslogo_blue.svg\",\"width\":981,\"height\":279,\"caption\":\"BlackBull Partners\"},\"image\":{\"@id\":\"https:\\\/\\\/partners.blackbull.com\\\/es\\\/#\\\/schema\\\/logo\\\/image\\\/\"}}]}<\/script>\n<!-- \/ Yoast SEO plugin. -->","yoast_head_json":{"title":"Cont\u00e1ctanos | BlackBull Partners","robots":{"index":"index","follow":"follow","max-snippet":"max-snippet:-1","max-image-preview":"max-image-preview:large","max-video-preview":"max-video-preview:-1"},"canonical":"https:\/\/partners.blackbull.com\/es\/contactanos\/","og_locale":"es_ES","og_type":"article","og_title":"Cont\u00e1ctanos | BlackBull Partners","og_description":"Direcci\u00f3n BlackBull MarketsLevel 20188 Quay StreetAuckland, 1010 Oficina: (+64) 9 558 5142partners@blackbull.com NZ (toll free)0800 BB Markets Si hay algo con lo que necesita ayuda, no dude en comunicarse con nuestro amable equipo de soporte t\u00e9cnico a support@blackbull.com en cualquier momento por correo electr\u00f3nico o llame al +64 9 558 5142. Nuestro equipo de soporte [&hellip;]","og_url":"https:\/\/partners.blackbull.com\/es\/contactanos\/","og_site_name":"BlackBull Partners","article_modified_time":"2022-03-15T16:36:16+00:00","og_image":[{"width":1920,"height":768,"url":"https:\/\/partners.blackbull.com\/wp-content\/uploads\/2022\/02\/Contact-U.jpg","type":"image\/jpeg"}],"twitter_card":"summary_large_image","schema":{"@context":"https:\/\/schema.org","@graph":[{"@type":"WebPage","@id":"https:\/\/partners.blackbull.com\/es\/contactanos\/","url":"https:\/\/partners.blackbull.com\/es\/contactanos\/","name":"Cont\u00e1ctanos | BlackBull Partners","isPartOf":{"@id":"https:\/\/partners.blackbull.com\/es\/#website"},"primaryImageOfPage":{"@id":"https:\/\/partners.blackbull.com\/es\/contactanos\/#primaryimage"},"image":{"@id":"https:\/\/partners.blackbull.com\/es\/contactanos\/#primaryimage"},"thumbnailUrl":"https:\/\/partners.blackbull.com\/wp-content\/uploads\/2022\/02\/Contact-U.jpg","datePublished":"2022-03-11T02:42:58+00:00","dateModified":"2022-03-15T16:36:16+00:00","breadcrumb":{"@id":"https:\/\/partners.blackbull.com\/es\/contactanos\/#breadcrumb"},"inLanguage":"es","potentialAction":[{"@type":"ReadAction","target":["https:\/\/partners.blackbull.com\/es\/contactanos\/"]}]},{"@type":"ImageObject","inLanguage":"es","@id":"https:\/\/partners.blackbull.com\/es\/contactanos\/#primaryimage","url":"https:\/\/partners.blackbull.com\/wp-content\/uploads\/2022\/02\/Contact-U.jpg","contentUrl":"https:\/\/partners.blackbull.com\/wp-content\/uploads\/2022\/02\/Contact-U.jpg","width":1920,"height":768},{"@type":"BreadcrumbList","@id":"https:\/\/partners.blackbull.com\/es\/contactanos\/#breadcrumb","itemListElement":[{"@type":"ListItem","position":1,"name":"Home","item":"https:\/\/partners.blackbull.com\/es\/home-new\/"},{"@type":"ListItem","position":2,"name":"Cont\u00e1ctanos"}]},{"@type":"WebSite","@id":"https:\/\/partners.blackbull.com\/es\/#website","url":"https:\/\/partners.blackbull.com\/es\/","name":"BlackBull Partners","description":"BlackBull Affiliates is the partner referral program of BlackBull Markets, a top-tier, award-winning, and multi-regulated forex broker.","publisher":{"@id":"https:\/\/partners.blackbull.com\/es\/#organization"},"potentialAction":[{"@type":"SearchAction","target":{"@type":"EntryPoint","urlTemplate":"https:\/\/partners.blackbull.com\/es\/?s={search_term_string}"},"query-input":{"@type":"PropertyValueSpecification","valueRequired":true,"valueName":"search_term_string"}}],"inLanguage":"es"},{"@type":"Organization","@id":"https:\/\/partners.blackbull.com\/es\/#organization","name":"BlackBull Partners","url":"https:\/\/partners.blackbull.com\/es\/","logo":{"@type":"ImageObject","inLanguage":"es","@id":"https:\/\/partners.blackbull.com\/es\/#\/schema\/logo\/image\/","url":"https:\/\/partners.blackbull.com\/wp-content\/uploads\/2022\/03\/BBMPartnerslogo_blue.svg","contentUrl":"https:\/\/partners.blackbull.com\/wp-content\/uploads\/2022\/03\/BBMPartnerslogo_blue.svg","width":981,"height":279,"caption":"BlackBull Partners"},"image":{"@id":"https:\/\/partners.blackbull.com\/es\/#\/schema\/logo\/image\/"}}]}},"_links":{"self":[{"href":"https:\/\/partners.blackbull.com\/es\/wp-json\/wp\/v2\/pages\/1460","targetHints":{"allow":["GET"]}}],"collection":[{"href":"https:\/\/partners.blackbull.com\/es\/wp-json\/wp\/v2\/pages"}],"about":[{"href":"https:\/\/partners.blackbull.com\/es\/wp-json\/wp\/v2\/types\/page"}],"author":[{"embeddable":true,"href":"https:\/\/partners.blackbull.com\/es\/wp-json\/wp\/v2\/users\/20"}],"replies":[{"embeddable":true,"href":"https:\/\/partners.blackbull.com\/es\/wp-json\/wp\/v2\/comments?post=1460"}],"version-history":[{"count":3,"href":"https:\/\/partners.blackbull.com\/es\/wp-json\/wp\/v2\/pages\/1460\/revisions"}],"predecessor-version":[{"id":1656,"href":"https:\/\/partners.blackbull.com\/es\/wp-json\/wp\/v2\/pages\/1460\/revisions\/1656"}],"wp:featuredmedia":[{"embeddable":true,"href":"https:\/\/partners.blackbull.com\/es\/wp-json\/wp\/v2\/media\/932"}],"wp:attachment":[{"href":"https:\/\/partners.blackbull.com\/es\/wp-json\/wp\/v2\/media?parent=1460"}],"curies":[{"name":"wp","href":"https:\/\/api.w.org\/{rel}","templated":true}]}}