{"id":1517,"date":"2022-03-13T06:01:03","date_gmt":"2022-03-12T17:01:03","guid":{"rendered":"https:\/\/partners.blackbull.com\/pagos\/"},"modified":"2025-03-25T06:57:50","modified_gmt":"2025-03-24T17:57:50","slug":"cpa-payment-structure","status":"publish","type":"page","link":"https:\/\/partners.blackbull.com\/es\/affiliates\/cpa-structures\/cpa-payment-structure\/","title":{"rendered":"Estructura de pagos CPA"},"content":{"rendered":"\t\t<div data-elementor-type=\"wp-page\" data-elementor-id=\"1517\" class=\"elementor elementor-1517 elementor-467\" data-elementor-post-type=\"page\">\n\t\t\t\t<div class=\"elementor-element elementor-element-957907b e-flex e-con-boxed e-con e-parent\" data-id=\"957907b\" data-element_type=\"container\" data-e-type=\"container\" data-settings=\"{&quot;background_background&quot;:&quot;classic&quot;,&quot;jet_parallax_layout_list&quot;:[]}\">\n\t\t\t\t\t<div class=\"e-con-inner\">\n\t\t\t\t<div class=\"elementor-element elementor-element-4f3bf0e elementor-widget elementor-widget-breadcrumbs\" data-id=\"4f3bf0e\" data-element_type=\"widget\" data-e-type=\"widget\" data-widget_type=\"breadcrumbs.default\">\n\t\t\t\t\t<p id=\"breadcrumbs\"><span><span><a href=\"https:\/\/partners.blackbull.com\/es\/home-new\/\">Home<\/a><\/span><\/span><\/p>\t\t\t\t<\/div>\n\t\t\t\t\t<\/div>\n\t\t\t\t<\/div>\n\t\t<div class=\"elementor-element elementor-element-c0518be e-flex e-con-boxed e-con e-parent\" data-id=\"c0518be\" data-element_type=\"container\" data-e-type=\"container\" data-settings=\"{&quot;background_background&quot;:&quot;classic&quot;,&quot;jet_parallax_layout_list&quot;:[]}\">\n\t\t\t\t\t<div class=\"e-con-inner\">\n\t\t<div class=\"elementor-element elementor-element-d6eb5f8 e-con-full e-flex e-con e-child\" data-id=\"d6eb5f8\" data-element_type=\"container\" data-e-type=\"container\" data-settings=\"{&quot;background_background&quot;:&quot;classic&quot;,&quot;jet_parallax_layout_list&quot;:[]}\">\n\t\t\t\t<div class=\"elementor-element elementor-element-ef37fed elementor-widget__width-initial elementor-widget elementor-widget-heading\" data-id=\"ef37fed\" data-element_type=\"widget\" data-e-type=\"widget\" data-widget_type=\"heading.default\">\n\t\t\t\t\t<h2 class=\"elementor-heading-title elementor-size-default\">Estructura de pagos CPA<\/h2>\t\t\t\t<\/div>\n\t\t\t\t<\/div>\n\t\t<div class=\"elementor-element elementor-element-580907b e-con-full e-flex e-con e-child\" data-id=\"580907b\" data-element_type=\"container\" data-e-type=\"container\" data-settings=\"{&quot;jet_parallax_layout_list&quot;:[]}\">\n\t\t\t\t<div class=\"elementor-element elementor-element-ce60cd1 link-text elementor-widget elementor-widget-text-editor\" data-id=\"ce60cd1\" data-element_type=\"widget\" data-e-type=\"widget\" data-widget_type=\"text-editor.default\">\n\t\t\t\t\t\t\t\t\t<p>Nuestra estructura de pagos est\u00e1 dise\u00f1ada pensando en nuestros socios. Lo hemos hecho f\u00e1cil de entender, para que nuestros socios puedan realizar un seguimiento de su desempe\u00f1o y simplemente concentrarse en hacer crecer su negocio. Puedes encontrar los mismos datos en la plataforma de seguimiento de afiliados cuando te conectes.<\/p>\n\t\t\t\t\t\t\t\t<\/div>\n\t\t\t\t<\/div>\n\t\t\t\t\t<\/div>\n\t\t\t\t<\/div>\n\t\t<div class=\"elementor-element elementor-element-53c7fb8 e-flex e-con-boxed e-con e-parent\" data-id=\"53c7fb8\" data-element_type=\"container\" data-e-type=\"container\" data-settings=\"{&quot;jet_parallax_layout_list&quot;:[]}\">\n\t\t\t\t\t<div class=\"e-con-inner\">\n\t\t<div class=\"elementor-element elementor-element-3d0dc33 e-flex e-con-boxed e-con e-child\" data-id=\"3d0dc33\" data-element_type=\"container\" data-e-type=\"container\" data-settings=\"{&quot;jet_parallax_layout_list&quot;:[]}\">\n\t\t\t\t\t<div class=\"e-con-inner\">\n\t\t\t\t<div class=\"elementor-element elementor-element-ab9a014 tables_section elementor-widget elementor-widget-jet-table\" data-id=\"ab9a014\" data-element_type=\"widget\" data-e-type=\"widget\" data-widget_type=\"jet-table.default\">\n\t\t\t\t<div class=\"elementor-widget-container\">\n\t\t\t\t\t<div class=\"elementor-jet-table jet-elements\">\n\t\t<div class=\"jet-table-wrapper jet-table-responsive-tablet jet-table-responsive-mobile\">\n\t\t\t<table class=\"jet-table jet-table--fa5-compat\">\n\t\t\t\t<thead class=\"jet-table__head\"><tr class=\"jet-table__head-row\"><th class=\"jet-table__cell elementor-repeater-item-0006f8c jet-table__head-cell\" scope=\"col\"><div class=\"jet-table__cell-inner\"><div class=\"jet-table__cell-content\"><div class=\"jet-table__cell-text\">Grupo<\/div><\/div><\/div><\/th><th class=\"jet-table__cell elementor-repeater-item-162a640 jet-table__head-cell\" scope=\"col\"><div class=\"jet-table__cell-inner\"><div class=\"jet-table__cell-content\"><div class=\"jet-table__cell-text\">Pa\u00eds<\/div><\/div><\/div><\/th><th class=\"jet-table__cell elementor-repeater-item-8535806 jet-table__head-cell\" scope=\"col\"><div class=\"jet-table__cell-inner\"><div class=\"jet-table__cell-content\"><div class=\"jet-table__cell-text\">CPA<\/div><\/div><\/div><\/th><\/tr><\/thead>\n\t\t\t\t\t\t\t\t<tbody class=\"jet-table__body\"><tr class=\"jet-table__body-row elementor-repeater-item-6d1a76b\"><td class=\"jet-table__cell elementor-repeater-item-17aa13b jet-table__body-cell\"><div class=\"jet-table__cell-inner\"><div class=\"jet-table__cell-content\"><div class=\"jet-table__cell-text\">Grupo A<\/div><\/div><\/div><\/td><td class=\"jet-table__cell elementor-repeater-item-bbe9110 jet-table__body-cell\"><div class=\"jet-table__cell-inner\"><div class=\"jet-table__cell-content\"><div class=\"jet-table__cell-text\">Alemania, Australia, Dinamarca, Francia, Hong Kong, Hungr\u00eda, Irlanda, Noruega, Nueva Zelanda, Reino Unido, Suecia y Suiza.<\/div><\/div><\/div><\/td><td class=\"jet-table__cell elementor-repeater-item-f50db3f jet-table__body-cell\"><div class=\"jet-table__cell-inner\"><div class=\"jet-table__cell-content\"><div class=\"jet-table__cell-text\">$500<\/div><\/div><\/div><\/td><\/tr><tr class=\"jet-table__body-row elementor-repeater-item-0899a51\"><td class=\"jet-table__cell elementor-repeater-item-58ddcdc jet-table__body-cell\"><div class=\"jet-table__cell-inner\"><div class=\"jet-table__cell-content\"><div class=\"jet-table__cell-text\">Grupo B<\/div><\/div><\/div><\/td><td class=\"jet-table__cell elementor-repeater-item-c5542fb jet-table__body-cell\"><div class=\"jet-table__cell-inner\"><div class=\"jet-table__cell-content\"><div class=\"jet-table__cell-text\">B\u00e9lgica, Islas Caim\u00e1n, Estonia, Islandia, Jamaica, Kazajst\u00e1n, Kuwait, Lituania, Luxemburgo, M\u00e9xico, Nueva Caledonia, Portugal, Ruman\u00eda, Singapur, Taiw\u00e1n.<\/div><\/div><\/div><\/td><td class=\"jet-table__cell elementor-repeater-item-747b697 jet-table__body-cell\"><div class=\"jet-table__cell-inner\"><div class=\"jet-table__cell-content\"><div class=\"jet-table__cell-text\">$375<\/div><\/div><\/div><\/td><\/tr><tr class=\"jet-table__body-row elementor-repeater-item-d4a9f94\"><td class=\"jet-table__cell elementor-repeater-item-e5b6a36 jet-table__body-cell\"><div class=\"jet-table__cell-inner\"><div class=\"jet-table__cell-content\"><div class=\"jet-table__cell-text\">Grupo C<\/div><\/div><\/div><\/td><td class=\"jet-table__cell elementor-repeater-item-6728fae jet-table__body-cell\"><div class=\"jet-table__cell-inner\"><div class=\"jet-table__cell-content\"><div class=\"jet-table__cell-text\">Argentina, Austria, Belice, Brasil, Colombia, Croacia, Chipre, China, Rep\u00fablica Checa, Rep\u00fablica Dominicana, Ecuador, Egipto, Finlandia, Polinesia Francesa, Grecia, Israel, Italia, Jordania, Marruecos, Namibia, Pa\u00edses Bajos, Om\u00e1n, Per\u00fa, Qatar, Arabia Saud\u00ed, Seychelles, Eslovaquia, Eslovenia, Sud\u00e1frica, Corea del Sur, Espa\u00f1a, Tailandia, Tonga, Emiratos \u00c1rabes Unidos.<\/div><\/div><\/div><\/td><td class=\"jet-table__cell elementor-repeater-item-6465639 jet-table__body-cell\"><div class=\"jet-table__cell-inner\"><div class=\"jet-table__cell-content\"><div class=\"jet-table__cell-text\">$250<\/div><\/div><\/div><\/td><\/tr><tr class=\"jet-table__body-row elementor-repeater-item-fc2adaf\"><td class=\"jet-table__cell elementor-repeater-item-84a2da4 jet-table__body-cell\"><div class=\"jet-table__cell-inner\"><div class=\"jet-table__cell-content\"><div class=\"jet-table__cell-text\">Grupo D<\/div><\/div><\/div><\/td><td class=\"jet-table__cell elementor-repeater-item-8ffb5bd jet-table__body-cell\"><div class=\"jet-table__cell-inner\"><div class=\"jet-table__cell-content\"><div class=\"jet-table__cell-text\">Otros pa\u00edses excluidos los Pa\u00edses Restringidos*<\/div><\/div><\/div><\/td><td class=\"jet-table__cell elementor-repeater-item-e2d1531 jet-table__body-cell\"><div class=\"jet-table__cell-inner\"><div class=\"jet-table__cell-content\"><div class=\"jet-table__cell-text\">$125<\/div><\/div><\/div><\/td><\/tr><\/tbody>\n\t\t\t<\/table>\n\t\t<\/div>\n\n\t\t<\/div>\t\t\t\t<\/div>\n\t\t\t\t<\/div>\n\t\t\t\t\t<\/div>\n\t\t\t\t<\/div>\n\t\t\t\t\t<\/div>\n\t\t\t\t<\/div>\n\t\t<div class=\"elementor-element elementor-element-da55c30 e-flex e-con-boxed e-con e-parent\" data-id=\"da55c30\" data-element_type=\"container\" data-e-type=\"container\" data-settings=\"{&quot;jet_parallax_layout_list&quot;:[],&quot;background_background&quot;:&quot;classic&quot;}\">\n\t\t\t\t\t<div class=\"e-con-inner\">\n\t\t<div class=\"elementor-element elementor-element-386a9b9 e-con-full e-flex e-con e-child\" data-id=\"386a9b9\" data-element_type=\"container\" data-e-type=\"container\" data-settings=\"{&quot;jet_parallax_layout_list&quot;:[]}\">\n\t\t<div class=\"elementor-element elementor-element-d4f4fb6 e-con-full e-flex e-con e-child\" data-id=\"d4f4fb6\" data-element_type=\"container\" data-e-type=\"container\" data-settings=\"{&quot;jet_parallax_layout_list&quot;:[]}\">\n\t\t\t\t<div class=\"elementor-element elementor-element-0add500 elementor-widget elementor-widget-heading\" data-id=\"0add500\" data-element_type=\"widget\" data-e-type=\"widget\" data-widget_type=\"heading.default\">\n\t\t\t\t\t<h2 class=\"elementor-heading-title elementor-size-default\">Nuestra galardonada empresa se enorgullece de las excepcionales ventas y asistencia que ofrecemos a todos nuestros nuevos clientes<\/h2>\t\t\t\t<\/div>\n\t\t\t\t<div class=\"elementor-element elementor-element-6613b83 elementor-widget elementor-widget-text-editor\" data-id=\"6613b83\" data-element_type=\"widget\" data-e-type=\"widget\" data-widget_type=\"text-editor.default\">\n\t\t\t\t\t\t\t\t\t<p>Nuestro enfoque es garantizar la tasa de conversi\u00f3n m\u00e1s alta para sus clientes potenciales para brindarle el mejor retorno sobre la inversi\u00f3n y, a su vez, un CPA efectivo m\u00e1s alto que el que otros br\u00f3kers pueden ofrecer.<\/p>\n<p>Como corredor global, entendemos que la actividad de trading de los clientes var\u00eda de una regi\u00f3n a otra, por lo que hemos agrupado los pagos por recomendaci\u00f3n de clientes en funci\u00f3n del pa\u00eds de origen. Consulta la tabla de comisiones anterior para ver con total transparencia las cantidades que puedes ganar por cliente cualificado. <\/p>\t\t\t\t\t\t\t\t<\/div>\n\t\t\t\t<\/div>\n\t\t\t\t<\/div>\n\t\t<div class=\"elementor-element elementor-element-632ff50 e-con-full e-flex e-con e-child\" data-id=\"632ff50\" data-element_type=\"container\" data-e-type=\"container\" data-settings=\"{&quot;jet_parallax_layout_list&quot;:[]}\">\n\t\t<div class=\"elementor-element elementor-element-1e38696 e-flex e-con-boxed e-con e-child\" data-id=\"1e38696\" data-element_type=\"container\" data-e-type=\"container\" data-settings=\"{&quot;background_background&quot;:&quot;classic&quot;,&quot;jet_parallax_layout_list&quot;:[]}\">\n\t\t\t\t\t<div class=\"e-con-inner\">\n\t\t\t\t<div class=\"elementor-element elementor-element-2e35b22 elementor-widget elementor-widget-image\" data-id=\"2e35b22\" data-element_type=\"widget\" data-e-type=\"widget\" data-widget_type=\"image.default\">\n\t\t\t\t\t\t\t\t\t\t\t\t\t\t\t<img decoding=\"async\" width=\"90\" height=\"90\" src=\"https:\/\/partners.blackbull.com\/wp-content\/uploads\/2023\/05\/award.svg\" class=\"attachment-full size-full wp-image-7394\" alt=\"Help Icon\" \/>\t\t\t\t\t\t\t\t\t\t\t\t\t\t\t<\/div>\n\t\t\t\t<div class=\"elementor-element elementor-element-f42eb07 elementor-widget elementor-widget-text-editor\" data-id=\"f42eb07\" data-element_type=\"widget\" data-e-type=\"widget\" data-widget_type=\"text-editor.default\">\n\t\t\t\t\t\t\t\t\t<p>Ponte en contacto con nuestro equipo si quieres hablar de una estructura de pagos personalizada que se adapte a tu empresa o a la regi\u00f3n en la que operas.<\/p>\n\t\t\t\t\t\t\t\t<\/div>\n\t\t\t\t<div class=\"elementor-element elementor-element-b55228a elementor-mobile-align-left elementor-widget elementor-widget-button\" data-id=\"b55228a\" data-element_type=\"widget\" data-e-type=\"widget\" data-widget_type=\"button.default\">\n\t\t\t\t\t\t\t\t\t\t<a class=\"elementor-button elementor-button-link elementor-size-sm\" href=\"\/contact-us\">\n\t\t\t\t\t\t<span class=\"elementor-button-content-wrapper\">\n\t\t\t\t\t\t\t\t\t<span class=\"elementor-button-text\">PONTE EN CONTACTO<\/span>\n\t\t\t\t\t<\/span>\n\t\t\t\t\t<\/a>\n\t\t\t\t\t\t\t\t<\/div>\n\t\t\t\t\t<\/div>\n\t\t\t\t<\/div>\n\t\t\t\t<\/div>\n\t\t\t\t\t<\/div>\n\t\t\t\t<\/div>\n\t\t\t\t<\/div>\n\t\t","protected":false},"excerpt":{"rendered":"<p>Estructura de pagos CPA Nuestra estructura de pagos est\u00e1 dise\u00f1ada pensando en nuestros socios. Lo hemos hecho f\u00e1cil de entender, para que nuestros socios puedan realizar un seguimiento de su desempe\u00f1o y simplemente concentrarse en hacer crecer su negocio. Puedes encontrar los mismos datos en la plataforma de seguimiento de afiliados cuando te conectes. Grupo [&hellip;]<\/p>\n","protected":false},"author":20,"featured_media":922,"parent":17088,"menu_order":1,"comment_status":"closed","ping_status":"closed","template":"elementor_header_footer","meta":{"inline_featured_image":false,"footnotes":""},"class_list":["post-1517","page","type-page","status-publish","has-post-thumbnail","hentry"],"yoast_head":"<!-- This site is optimized with the Yoast SEO plugin v27.3 - https:\/\/yoast.com\/product\/yoast-seo-wordpress\/ -->\n<title>Estructura de pagos CPA | BlackBull Partners%.<\/title>\n<meta name=\"description\" content=\"Estructura de pagos CPA Nuestra estructura de pagos a afiliados est\u00e1 dise\u00f1ada pensando en nuestros socios. La hemos hecho f\u00e1cil de entender.\" \/>\n<meta name=\"robots\" content=\"index, follow, max-snippet:-1, max-image-preview:large, max-video-preview:-1\" \/>\n<link rel=\"canonical\" href=\"https:\/\/partners.blackbull.com\/es\/affiliates\/cpa-structures\/cpa-payment-structure\/\" \/>\n<meta property=\"og:locale\" content=\"es_ES\" \/>\n<meta property=\"og:type\" content=\"article\" \/>\n<meta property=\"og:title\" content=\"Estructura de pagos CPA | BlackBull Partners%.\" \/>\n<meta property=\"og:description\" content=\"Estructura de pagos CPA Nuestra estructura de pagos a afiliados est\u00e1 dise\u00f1ada pensando en nuestros socios. La hemos hecho f\u00e1cil de entender.\" \/>\n<meta property=\"og:url\" content=\"https:\/\/partners.blackbull.com\/es\/affiliates\/cpa-structures\/cpa-payment-structure\/\" \/>\n<meta property=\"og:site_name\" content=\"BlackBull Partners\" \/>\n<meta property=\"article:modified_time\" content=\"2025-03-24T17:57:50+00:00\" \/>\n<meta property=\"og:image\" content=\"https:\/\/partners.blackbull.com\/wp-content\/uploads\/2022\/02\/Regional-Representatives.webp\" \/>\n\t<meta property=\"og:image:width\" content=\"1920\" \/>\n\t<meta property=\"og:image:height\" content=\"1279\" \/>\n\t<meta property=\"og:image:type\" content=\"image\/webp\" \/>\n<meta name=\"twitter:card\" content=\"summary_large_image\" \/>\n<meta name=\"twitter:label1\" content=\"Tiempo de lectura\" \/>\n\t<meta name=\"twitter:data1\" content=\"2 minutos\" \/>\n<script type=\"application\/ld+json\" class=\"yoast-schema-graph\">{\"@context\":\"https:\\\/\\\/schema.org\",\"@graph\":[{\"@type\":\"WebPage\",\"@id\":\"https:\\\/\\\/partners.blackbull.com\\\/es\\\/affiliates\\\/cpa-structures\\\/cpa-payment-structure\\\/\",\"url\":\"https:\\\/\\\/partners.blackbull.com\\\/es\\\/affiliates\\\/cpa-structures\\\/cpa-payment-structure\\\/\",\"name\":\"Estructura de pagos CPA | BlackBull Partners%.\",\"isPartOf\":{\"@id\":\"https:\\\/\\\/partners.blackbull.com\\\/es\\\/#website\"},\"primaryImageOfPage\":{\"@id\":\"https:\\\/\\\/partners.blackbull.com\\\/es\\\/affiliates\\\/cpa-structures\\\/cpa-payment-structure\\\/#primaryimage\"},\"image\":{\"@id\":\"https:\\\/\\\/partners.blackbull.com\\\/es\\\/affiliates\\\/cpa-structures\\\/cpa-payment-structure\\\/#primaryimage\"},\"thumbnailUrl\":\"https:\\\/\\\/partners.blackbull.com\\\/wp-content\\\/uploads\\\/2022\\\/02\\\/Regional-Representatives.webp\",\"datePublished\":\"2022-03-12T17:01:03+00:00\",\"dateModified\":\"2025-03-24T17:57:50+00:00\",\"description\":\"Estructura de pagos CPA Nuestra estructura de pagos a afiliados est\u00e1 dise\u00f1ada pensando en nuestros socios. La hemos hecho f\u00e1cil de entender.\",\"breadcrumb\":{\"@id\":\"https:\\\/\\\/partners.blackbull.com\\\/es\\\/affiliates\\\/cpa-structures\\\/cpa-payment-structure\\\/#breadcrumb\"},\"inLanguage\":\"es\",\"potentialAction\":[{\"@type\":\"ReadAction\",\"target\":[\"https:\\\/\\\/partners.blackbull.com\\\/es\\\/affiliates\\\/cpa-structures\\\/cpa-payment-structure\\\/\"]}]},{\"@type\":\"ImageObject\",\"inLanguage\":\"es\",\"@id\":\"https:\\\/\\\/partners.blackbull.com\\\/es\\\/affiliates\\\/cpa-structures\\\/cpa-payment-structure\\\/#primaryimage\",\"url\":\"https:\\\/\\\/partners.blackbull.com\\\/wp-content\\\/uploads\\\/2022\\\/02\\\/Regional-Representatives.webp\",\"contentUrl\":\"https:\\\/\\\/partners.blackbull.com\\\/wp-content\\\/uploads\\\/2022\\\/02\\\/Regional-Representatives.webp\",\"width\":1920,\"height\":1279},{\"@type\":\"BreadcrumbList\",\"@id\":\"https:\\\/\\\/partners.blackbull.com\\\/es\\\/affiliates\\\/cpa-structures\\\/cpa-payment-structure\\\/#breadcrumb\",\"itemListElement\":[{\"@type\":\"ListItem\",\"position\":1,\"name\":\"Home\",\"item\":\"https:\\\/\\\/partners.blackbull.com\\\/es\\\/home-new\\\/\"},{\"@type\":\"ListItem\",\"position\":2,\"name\":\"Afiliados\",\"item\":\"https:\\\/\\\/partners.blackbull.com\\\/es\\\/afiliados\\\/\"},{\"@type\":\"ListItem\",\"position\":3,\"name\":\"Estructuras CPA\",\"item\":\"https:\\\/\\\/partners.blackbull.com\\\/es\\\/afiliados\\\/estructuras-cpa\\\/\"},{\"@type\":\"ListItem\",\"position\":4,\"name\":\"Estructura de pagos CPA\"}]},{\"@type\":\"WebSite\",\"@id\":\"https:\\\/\\\/partners.blackbull.com\\\/es\\\/#website\",\"url\":\"https:\\\/\\\/partners.blackbull.com\\\/es\\\/\",\"name\":\"BlackBull Partners\",\"description\":\"BlackBull Affiliates is the partner referral program of BlackBull Markets, a top-tier, award-winning, and multi-regulated forex broker.\",\"publisher\":{\"@id\":\"https:\\\/\\\/partners.blackbull.com\\\/es\\\/#organization\"},\"potentialAction\":[{\"@type\":\"SearchAction\",\"target\":{\"@type\":\"EntryPoint\",\"urlTemplate\":\"https:\\\/\\\/partners.blackbull.com\\\/es\\\/?s={search_term_string}\"},\"query-input\":{\"@type\":\"PropertyValueSpecification\",\"valueRequired\":true,\"valueName\":\"search_term_string\"}}],\"inLanguage\":\"es\"},{\"@type\":\"Organization\",\"@id\":\"https:\\\/\\\/partners.blackbull.com\\\/es\\\/#organization\",\"name\":\"BlackBull Partners\",\"url\":\"https:\\\/\\\/partners.blackbull.com\\\/es\\\/\",\"logo\":{\"@type\":\"ImageObject\",\"inLanguage\":\"es\",\"@id\":\"https:\\\/\\\/partners.blackbull.com\\\/es\\\/#\\\/schema\\\/logo\\\/image\\\/\",\"url\":\"https:\\\/\\\/partners.blackbull.com\\\/wp-content\\\/uploads\\\/2022\\\/03\\\/BBMPartnerslogo_blue.svg\",\"contentUrl\":\"https:\\\/\\\/partners.blackbull.com\\\/wp-content\\\/uploads\\\/2022\\\/03\\\/BBMPartnerslogo_blue.svg\",\"width\":981,\"height\":279,\"caption\":\"BlackBull Partners\"},\"image\":{\"@id\":\"https:\\\/\\\/partners.blackbull.com\\\/es\\\/#\\\/schema\\\/logo\\\/image\\\/\"}}]}<\/script>\n<!-- \/ Yoast SEO plugin. -->","yoast_head_json":{"title":"Estructura de pagos CPA | BlackBull Partners%.","description":"Estructura de pagos CPA Nuestra estructura de pagos a afiliados est\u00e1 dise\u00f1ada pensando en nuestros socios. La hemos hecho f\u00e1cil de entender.","robots":{"index":"index","follow":"follow","max-snippet":"max-snippet:-1","max-image-preview":"max-image-preview:large","max-video-preview":"max-video-preview:-1"},"canonical":"https:\/\/partners.blackbull.com\/es\/affiliates\/cpa-structures\/cpa-payment-structure\/","og_locale":"es_ES","og_type":"article","og_title":"Estructura de pagos CPA | BlackBull Partners%.","og_description":"Estructura de pagos CPA Nuestra estructura de pagos a afiliados est\u00e1 dise\u00f1ada pensando en nuestros socios. La hemos hecho f\u00e1cil de entender.","og_url":"https:\/\/partners.blackbull.com\/es\/affiliates\/cpa-structures\/cpa-payment-structure\/","og_site_name":"BlackBull Partners","article_modified_time":"2025-03-24T17:57:50+00:00","og_image":[{"width":1920,"height":1279,"url":"https:\/\/partners.blackbull.com\/wp-content\/uploads\/2022\/02\/Regional-Representatives.webp","type":"image\/webp"}],"twitter_card":"summary_large_image","twitter_misc":{"Tiempo de lectura":"2 minutos"},"schema":{"@context":"https:\/\/schema.org","@graph":[{"@type":"WebPage","@id":"https:\/\/partners.blackbull.com\/es\/affiliates\/cpa-structures\/cpa-payment-structure\/","url":"https:\/\/partners.blackbull.com\/es\/affiliates\/cpa-structures\/cpa-payment-structure\/","name":"Estructura de pagos CPA | BlackBull Partners%.","isPartOf":{"@id":"https:\/\/partners.blackbull.com\/es\/#website"},"primaryImageOfPage":{"@id":"https:\/\/partners.blackbull.com\/es\/affiliates\/cpa-structures\/cpa-payment-structure\/#primaryimage"},"image":{"@id":"https:\/\/partners.blackbull.com\/es\/affiliates\/cpa-structures\/cpa-payment-structure\/#primaryimage"},"thumbnailUrl":"https:\/\/partners.blackbull.com\/wp-content\/uploads\/2022\/02\/Regional-Representatives.webp","datePublished":"2022-03-12T17:01:03+00:00","dateModified":"2025-03-24T17:57:50+00:00","description":"Estructura de pagos CPA Nuestra estructura de pagos a afiliados est\u00e1 dise\u00f1ada pensando en nuestros socios. La hemos hecho f\u00e1cil de entender.","breadcrumb":{"@id":"https:\/\/partners.blackbull.com\/es\/affiliates\/cpa-structures\/cpa-payment-structure\/#breadcrumb"},"inLanguage":"es","potentialAction":[{"@type":"ReadAction","target":["https:\/\/partners.blackbull.com\/es\/affiliates\/cpa-structures\/cpa-payment-structure\/"]}]},{"@type":"ImageObject","inLanguage":"es","@id":"https:\/\/partners.blackbull.com\/es\/affiliates\/cpa-structures\/cpa-payment-structure\/#primaryimage","url":"https:\/\/partners.blackbull.com\/wp-content\/uploads\/2022\/02\/Regional-Representatives.webp","contentUrl":"https:\/\/partners.blackbull.com\/wp-content\/uploads\/2022\/02\/Regional-Representatives.webp","width":1920,"height":1279},{"@type":"BreadcrumbList","@id":"https:\/\/partners.blackbull.com\/es\/affiliates\/cpa-structures\/cpa-payment-structure\/#breadcrumb","itemListElement":[{"@type":"ListItem","position":1,"name":"Home","item":"https:\/\/partners.blackbull.com\/es\/home-new\/"},{"@type":"ListItem","position":2,"name":"Afiliados","item":"https:\/\/partners.blackbull.com\/es\/afiliados\/"},{"@type":"ListItem","position":3,"name":"Estructuras CPA","item":"https:\/\/partners.blackbull.com\/es\/afiliados\/estructuras-cpa\/"},{"@type":"ListItem","position":4,"name":"Estructura de pagos CPA"}]},{"@type":"WebSite","@id":"https:\/\/partners.blackbull.com\/es\/#website","url":"https:\/\/partners.blackbull.com\/es\/","name":"BlackBull Partners","description":"BlackBull Affiliates is the partner referral program of BlackBull Markets, a top-tier, award-winning, and multi-regulated forex broker.","publisher":{"@id":"https:\/\/partners.blackbull.com\/es\/#organization"},"potentialAction":[{"@type":"SearchAction","target":{"@type":"EntryPoint","urlTemplate":"https:\/\/partners.blackbull.com\/es\/?s={search_term_string}"},"query-input":{"@type":"PropertyValueSpecification","valueRequired":true,"valueName":"search_term_string"}}],"inLanguage":"es"},{"@type":"Organization","@id":"https:\/\/partners.blackbull.com\/es\/#organization","name":"BlackBull Partners","url":"https:\/\/partners.blackbull.com\/es\/","logo":{"@type":"ImageObject","inLanguage":"es","@id":"https:\/\/partners.blackbull.com\/es\/#\/schema\/logo\/image\/","url":"https:\/\/partners.blackbull.com\/wp-content\/uploads\/2022\/03\/BBMPartnerslogo_blue.svg","contentUrl":"https:\/\/partners.blackbull.com\/wp-content\/uploads\/2022\/03\/BBMPartnerslogo_blue.svg","width":981,"height":279,"caption":"BlackBull Partners"},"image":{"@id":"https:\/\/partners.blackbull.com\/es\/#\/schema\/logo\/image\/"}}]}},"_links":{"self":[{"href":"https:\/\/partners.blackbull.com\/es\/wp-json\/wp\/v2\/pages\/1517","targetHints":{"allow":["GET"]}}],"collection":[{"href":"https:\/\/partners.blackbull.com\/es\/wp-json\/wp\/v2\/pages"}],"about":[{"href":"https:\/\/partners.blackbull.com\/es\/wp-json\/wp\/v2\/types\/page"}],"author":[{"embeddable":true,"href":"https:\/\/partners.blackbull.com\/es\/wp-json\/wp\/v2\/users\/20"}],"replies":[{"embeddable":true,"href":"https:\/\/partners.blackbull.com\/es\/wp-json\/wp\/v2\/comments?post=1517"}],"version-history":[{"count":13,"href":"https:\/\/partners.blackbull.com\/es\/wp-json\/wp\/v2\/pages\/1517\/revisions"}],"predecessor-version":[{"id":17037,"href":"https:\/\/partners.blackbull.com\/es\/wp-json\/wp\/v2\/pages\/1517\/revisions\/17037"}],"up":[{"embeddable":true,"href":"https:\/\/partners.blackbull.com\/es\/wp-json\/wp\/v2\/pages\/17088"}],"wp:featuredmedia":[{"embeddable":true,"href":"https:\/\/partners.blackbull.com\/es\/wp-json\/wp\/v2\/media\/922"}],"wp:attachment":[{"href":"https:\/\/partners.blackbull.com\/es\/wp-json\/wp\/v2\/media?parent=1517"}],"curies":[{"name":"wp","href":"https:\/\/api.w.org\/{rel}","templated":true}]}}