{"id":17054,"date":"2025-03-25T06:57:22","date_gmt":"2025-03-24T17:57:22","guid":{"rendered":"https:\/\/partners.blackbull.com\/divisas-y-cfds\/"},"modified":"2025-03-25T06:57:31","modified_gmt":"2025-03-24T17:57:31","slug":"forex-cfds","status":"publish","type":"page","link":"https:\/\/partners.blackbull.com\/es\/about\/company-information\/product-information\/forex-cfds\/","title":{"rendered":"Divisas y CFDs"},"content":{"rendered":"\t\t<div data-elementor-type=\"wp-page\" data-elementor-id=\"17054\" class=\"elementor elementor-17054 elementor-3095\" data-elementor-post-type=\"page\">\n\t\t\t\t<div class=\"elementor-element elementor-element-24c55529 e-flex e-con-boxed e-con e-parent\" data-id=\"24c55529\" data-element_type=\"container\" data-e-type=\"container\" data-settings=\"{&quot;background_background&quot;:&quot;classic&quot;,&quot;jet_parallax_layout_list&quot;:[]}\">\n\t\t\t\t\t<div class=\"e-con-inner\">\n\t\t\t\t<div class=\"elementor-element elementor-element-b2c8b9d elementor-widget elementor-widget-breadcrumbs\" data-id=\"b2c8b9d\" data-element_type=\"widget\" data-e-type=\"widget\" data-widget_type=\"breadcrumbs.default\">\n\t\t\t\t\t<p id=\"breadcrumbs\"><span><span><a href=\"https:\/\/partners.blackbull.com\/es\/home-new\/\">Home<\/a><\/span><\/span><\/p>\t\t\t\t<\/div>\n\t\t\t\t\t<\/div>\n\t\t\t\t<\/div>\n\t\t<div class=\"elementor-element elementor-element-6d1dc24f e-flex e-con-boxed e-con e-parent\" data-id=\"6d1dc24f\" data-element_type=\"container\" data-e-type=\"container\" data-settings=\"{&quot;background_background&quot;:&quot;classic&quot;,&quot;jet_parallax_layout_list&quot;:[]}\">\n\t\t\t\t\t<div class=\"e-con-inner\">\n\t\t<div class=\"elementor-element elementor-element-425b540a e-con-full e-flex e-con e-parent\" data-id=\"425b540a\" data-element_type=\"container\" data-e-type=\"container\" data-settings=\"{&quot;background_background&quot;:&quot;classic&quot;,&quot;jet_parallax_layout_list&quot;:[]}\">\n\t\t\t\t<div class=\"elementor-element elementor-element-3e83f5fc elementor-widget__width-initial elementor-widget elementor-widget-heading\" data-id=\"3e83f5fc\" data-element_type=\"widget\" data-e-type=\"widget\" data-widget_type=\"heading.default\">\n\t\t\t\t\t<h2 class=\"elementor-heading-title elementor-size-default\">BlackBull Partners- Divisas y CFDs<\/h2>\t\t\t\t<\/div>\n\t\t\t\t<\/div>\n\t\t<div class=\"elementor-element elementor-element-3faa8d63 e-con-full e-flex e-con e-parent\" data-id=\"3faa8d63\" data-element_type=\"container\" data-e-type=\"container\" data-settings=\"{&quot;jet_parallax_layout_list&quot;:[]}\">\n\t\t\t\t<div class=\"elementor-element elementor-element-7627fea2 link-text elementor-widget elementor-widget-text-editor\" data-id=\"7627fea2\" data-element_type=\"widget\" data-e-type=\"widget\" data-widget_type=\"text-editor.default\">\n\t\t\t\t\t\t\t\t\t<p>Ofrecemos acceso a una amplia gama de mercados, incluidas las principales divisas, los principales \u00edndices burs\u00e1tiles, materias primas duras y blandas, metales preciosos como el oro y la plata, energ\u00edas y una serie de productos de trading de acciones. Proporcionamos un acceso de bajo coste con una infraestructura de trading de \u00faltima generaci\u00f3n que ejecuta las \u00f3rdenes de mercado a la velocidad del rayo. <\/p>\n\t\t\t\t\t\t\t\t<\/div>\n\t\t\t\t<\/div>\n\t\t\t\t\t<\/div>\n\t\t\t\t<\/div>\n\t\t<div class=\"elementor-element elementor-element-76e6ef0 e-flex e-con-boxed e-con e-parent\" data-id=\"76e6ef0\" data-element_type=\"container\" data-e-type=\"container\" data-settings=\"{&quot;jet_parallax_layout_list&quot;:[]}\">\n\t\t\t\t\t<div class=\"e-con-inner\">\n\t\t<div class=\"elementor-element elementor-element-a2ebf9f e-flex e-con-boxed e-con e-parent\" data-id=\"a2ebf9f\" data-element_type=\"container\" data-e-type=\"container\" data-settings=\"{&quot;jet_parallax_layout_list&quot;:[]}\">\n\t\t\t\t\t<div class=\"e-con-inner\">\n\t\t\t\t<div class=\"elementor-element elementor-element-6cbed94 elementor-widget elementor-widget-heading\" data-id=\"6cbed94\" data-element_type=\"widget\" data-e-type=\"widget\" data-widget_type=\"heading.default\">\n\t\t\t\t\t<h4 class=\"elementor-heading-title elementor-size-default\">Da a tus clientes acceso al mayor mercado financiero del mundo<\/h4>\t\t\t\t<\/div>\n\t\t\t\t<div class=\"elementor-element elementor-element-104cb7c elementor-widget elementor-widget-text-editor\" data-id=\"104cb7c\" data-element_type=\"widget\" data-e-type=\"widget\" data-widget_type=\"text-editor.default\">\n\t\t\t\t\t\t\t\t\t<p>El mercado de divisas es el mayor mercado financiero del mundo, por volumen diario y por valor, con intercambios de billones de USD al d\u00eda. BlackBull Markets ofrece a los operadores acceso a m\u00e1s de 60 pares de divisas con precios l\u00edderes en el sector, diferenciales bajos y liquidez de primer nivel. <\/p>\n\t\t\t\t\t\t\t\t<\/div>\n\t\t\t\t<div class=\"elementor-element elementor-element-8f0788f elementor-widget elementor-widget-heading\" data-id=\"8f0788f\" data-element_type=\"widget\" data-e-type=\"widget\" data-widget_type=\"heading.default\">\n\t\t\t\t\t<h4 class=\"elementor-heading-title elementor-size-default\">\u00bfPor qu\u00e9 los inversores comercian en divisas con BlackBull Markets?<\/h4>\t\t\t\t<\/div>\n\t\t<div class=\"elementor-element elementor-element-5fa698d e-flex e-con-boxed e-con e-parent\" data-id=\"5fa698d\" data-element_type=\"container\" data-e-type=\"container\" data-settings=\"{&quot;jet_parallax_layout_list&quot;:[]}\">\n\t\t\t\t\t<div class=\"e-con-inner\">\n\t\t<div class=\"elementor-element elementor-element-074c135 e-con-full e-flex e-con e-parent\" data-id=\"074c135\" data-element_type=\"container\" data-e-type=\"container\" data-settings=\"{&quot;jet_parallax_layout_list&quot;:[]}\">\n\t\t\t\t<div class=\"elementor-element elementor-element-8279d0b elementor-widget elementor-widget-text-editor\" data-id=\"8279d0b\" data-element_type=\"widget\" data-e-type=\"widget\" data-widget_type=\"text-editor.default\">\n\t\t\t\t\t\t\t\t\t<ul>\n <li>Precios l\u00edderes del sector de m\u00faltiples bancos de nivel 1 con diferenciales siempre competitivos.<\/li>\n<li>Ofrecemos un apalancamiento de hasta 500:1, que puedes reducir en cualquier momento. Coloca \u00f3rdenes stop-loss para gestionar el riesgo sin restricciones. <\/li>\n<li>Liquidez de primer nivel. Consigue que todas tus operaciones de divisas se ejecuten en su totalidad, sin ejecuciones parciales ni recotizaciones en las \u00f3rdenes de mercado. <\/li>\n<li>Verdadero broker ECN con ejecuci\u00f3n r\u00e1pida y sin intervenci\u00f3n de la mesa de contrataci\u00f3n.<\/li>\n<li>  La amable atenci\u00f3n al cliente de un corredor galardonado, disponible 24 horas al d\u00eda, 7 d\u00edas a la semana, mientras los mercados est\u00e9n abiertos.<\/li>\n<li>  Prestamos servicios financieros en todo el mundo y estamos regulados en m\u00faltiples jurisdicciones, incluidas la FMA y la FSA.<\/li>\n<\/ul>\n\n\n\n   \t\t\t\t\t\t\t\t<\/div>\n\t\t\t\t<\/div>\n\t\t<div class=\"elementor-element elementor-element-98395cd e-flex e-con-boxed e-con e-parent\" data-id=\"98395cd\" data-element_type=\"container\" data-e-type=\"container\" data-settings=\"{&quot;jet_parallax_layout_list&quot;:[]}\">\n\t\t\t\t\t<div class=\"e-con-inner\">\n\t\t\t\t<div class=\"elementor-element elementor-element-a93cc32 elementor-widget elementor-widget-image\" data-id=\"a93cc32\" data-element_type=\"widget\" data-e-type=\"widget\" data-widget_type=\"image.default\">\n\t\t\t\t\t\t\t\t\t\t\t\t\t\t\t<img fetchpriority=\"high\" decoding=\"async\" width=\"381\" height=\"442\" src=\"https:\/\/partners.blackbull.com\/wp-content\/uploads\/2023\/06\/forex.png\" class=\"attachment-large size-large wp-image-12163\" alt=\"\" srcset=\"https:\/\/partners.blackbull.com\/wp-content\/uploads\/2023\/06\/forex.png 381w, https:\/\/partners.blackbull.com\/wp-content\/uploads\/2023\/06\/forex-259x300.png 259w\" sizes=\"(max-width: 381px) 100vw, 381px\" \/>\t\t\t\t\t\t\t\t\t\t\t\t\t\t\t<\/div>\n\t\t\t\t\t<\/div>\n\t\t\t\t<\/div>\n\t\t\t\t\t<\/div>\n\t\t\t\t<\/div>\n\t\t<div class=\"elementor-element elementor-element-fb7fd92 e-con-full e-flex e-con e-parent\" data-id=\"fb7fd92\" data-element_type=\"container\" data-e-type=\"container\" data-settings=\"{&quot;jet_parallax_layout_list&quot;:[]}\">\n\t\t\t\t<div class=\"elementor-element elementor-element-273decc elementor-widget elementor-widget-text-editor\" data-id=\"273decc\" data-element_type=\"widget\" data-e-type=\"widget\" data-widget_type=\"text-editor.default\">\n\t\t\t\t\t\t\t\t\t<p>Nuestros diferenciales son de los mejores del mercado. Ofrecemos acceso a m\u00e1s de 60 pares de divisas que cubren los principales mercados mundiales, incluidos los principales, los menores, los cruces y los ex\u00f3ticos.   <\/p>\n\t\t\t\t\t\t\t\t<\/div>\n\t\t\t\t<div class=\"elementor-element elementor-element-4f1e758 elementor-widget elementor-widget-text-editor\" data-id=\"4f1e758\" data-element_type=\"widget\" data-e-type=\"widget\" data-widget_type=\"text-editor.default\">\n\t\t\t\t\t\t\t\t\t<p>Ofrecemos integraciones de trading social, FIX API y <span style=\"color: #2169fb;\"><a style=\"color: #2169fb;\" href=\"https:\/\/partners.blackbull.com\/en\/about\/company-information\/product-information\/vps-subscriptions\/\">acceso a servidores de trading VPS<\/a><\/span>una cartera de herramientas de gr\u00e1ficos y trading, y asistencia especializada durante las horas de mercado.<\/p>\n\t\t\t\t\t\t\t\t<\/div>\n\t\t\t\t<div class=\"elementor-element elementor-element-84e7cb0 elementor-widget elementor-widget-text-editor\" data-id=\"84e7cb0\" data-element_type=\"widget\" data-e-type=\"widget\" data-widget_type=\"text-editor.default\">\n\t\t\t\t\t\t\t\t\t<p>Los clientes pueden gestionar su cartera desde diversas plataformas l\u00edderes con las que nos hemos integrado, como Meta Trader, Trading View y aplicaciones para Android e iOS.<\/p>\n\t\t\t\t\t\t\t\t<\/div>\n\t\t\t\t<div class=\"elementor-element elementor-element-cae6dc8 elementor-widget elementor-widget-text-editor\" data-id=\"cae6dc8\" data-element_type=\"widget\" data-e-type=\"widget\" data-widget_type=\"text-editor.default\">\n\t\t\t\t\t\t\t\t\t<p>\u00danete hoy mismo a BlackBull Partners como Agente Introductor o Afiliado de Marketing CPA para empezar a remitir a operadores de Forex o para obtener m\u00e1s informaci\u00f3n sobre <span style=\"color: #2169fb;\"><a style=\"color: #2169fb;\" href=\"https:\/\/partners.blackbull.com\/en\/about\/company-information\/product-information\/\">otros productos que ofrecemos<\/a><\/span>.<\/p>\n\t\t\t\t\t\t\t\t<\/div>\n\t\t\t\t<\/div>\n\t\t\t\t\t<\/div>\n\t\t\t\t<\/div>\n\t\t\t\t\t<\/div>\n\t\t\t\t<\/div>\n\t\t\t\t<\/div>\n\t\t","protected":false},"excerpt":{"rendered":"<p>BlackBull Partners- Divisas y CFDs Ofrecemos acceso a una amplia gama de mercados, incluidas las principales divisas, los principales \u00edndices burs\u00e1tiles, materias primas duras y blandas, metales preciosos como el oro y la plata, energ\u00edas y una serie de productos de trading de acciones. Proporcionamos un acceso de bajo coste con una infraestructura de trading [&hellip;]<\/p>\n","protected":false},"author":20,"featured_media":3140,"parent":17066,"menu_order":1,"comment_status":"closed","ping_status":"closed","template":"elementor_header_footer","meta":{"inline_featured_image":false,"footnotes":""},"class_list":["post-17054","page","type-page","status-publish","has-post-thumbnail","hentry"],"yoast_head":"<!-- This site is optimized with the Yoast SEO plugin v27.3 - https:\/\/yoast.com\/product\/yoast-seo-wordpress\/ -->\n<title>Divisas y CFDs | BlackBull Partners<\/title>\n<meta name=\"robots\" content=\"index, follow, max-snippet:-1, max-image-preview:large, max-video-preview:-1\" \/>\n<link rel=\"canonical\" href=\"https:\/\/partners.blackbull.com\/es\/about\/company-information\/product-information\/forex-cfds\/\" \/>\n<meta property=\"og:locale\" content=\"es_ES\" \/>\n<meta property=\"og:type\" content=\"article\" \/>\n<meta property=\"og:title\" content=\"Divisas y CFDs | BlackBull Partners\" \/>\n<meta property=\"og:description\" content=\"BlackBull Partners- Divisas y CFDs Ofrecemos acceso a una amplia gama de mercados, incluidas las principales divisas, los principales \u00edndices burs\u00e1tiles, materias primas duras y blandas, metales preciosos como el oro y la plata, energ\u00edas y una serie de productos de trading de acciones. Proporcionamos un acceso de bajo coste con una infraestructura de trading [&hellip;]\" \/>\n<meta property=\"og:url\" content=\"https:\/\/partners.blackbull.com\/es\/about\/company-information\/product-information\/forex-cfds\/\" \/>\n<meta property=\"og:site_name\" content=\"BlackBull Partners\" \/>\n<meta property=\"article:modified_time\" content=\"2025-03-24T17:57:31+00:00\" \/>\n<meta property=\"og:image\" content=\"https:\/\/partners.blackbull.com\/wp-content\/uploads\/2022\/10\/XT4A7220.jpg\" \/>\n\t<meta property=\"og:image:width\" content=\"2048\" \/>\n\t<meta property=\"og:image:height\" content=\"1365\" \/>\n\t<meta property=\"og:image:type\" content=\"image\/jpeg\" \/>\n<meta name=\"twitter:card\" content=\"summary_large_image\" \/>\n<meta name=\"twitter:label1\" content=\"Tiempo de lectura\" \/>\n\t<meta name=\"twitter:data1\" content=\"2 minutos\" \/>\n<script type=\"application\/ld+json\" class=\"yoast-schema-graph\">{\"@context\":\"https:\\\/\\\/schema.org\",\"@graph\":[{\"@type\":\"WebPage\",\"@id\":\"https:\\\/\\\/partners.blackbull.com\\\/es\\\/about\\\/company-information\\\/product-information\\\/forex-cfds\\\/\",\"url\":\"https:\\\/\\\/partners.blackbull.com\\\/es\\\/about\\\/company-information\\\/product-information\\\/forex-cfds\\\/\",\"name\":\"Divisas y CFDs | BlackBull Partners\",\"isPartOf\":{\"@id\":\"https:\\\/\\\/partners.blackbull.com\\\/es\\\/#website\"},\"primaryImageOfPage\":{\"@id\":\"https:\\\/\\\/partners.blackbull.com\\\/es\\\/about\\\/company-information\\\/product-information\\\/forex-cfds\\\/#primaryimage\"},\"image\":{\"@id\":\"https:\\\/\\\/partners.blackbull.com\\\/es\\\/about\\\/company-information\\\/product-information\\\/forex-cfds\\\/#primaryimage\"},\"thumbnailUrl\":\"https:\\\/\\\/partners.blackbull.com\\\/wp-content\\\/uploads\\\/2022\\\/10\\\/XT4A7220.jpg\",\"datePublished\":\"2025-03-24T17:57:22+00:00\",\"dateModified\":\"2025-03-24T17:57:31+00:00\",\"breadcrumb\":{\"@id\":\"https:\\\/\\\/partners.blackbull.com\\\/es\\\/about\\\/company-information\\\/product-information\\\/forex-cfds\\\/#breadcrumb\"},\"inLanguage\":\"es\",\"potentialAction\":[{\"@type\":\"ReadAction\",\"target\":[\"https:\\\/\\\/partners.blackbull.com\\\/es\\\/about\\\/company-information\\\/product-information\\\/forex-cfds\\\/\"]}]},{\"@type\":\"ImageObject\",\"inLanguage\":\"es\",\"@id\":\"https:\\\/\\\/partners.blackbull.com\\\/es\\\/about\\\/company-information\\\/product-information\\\/forex-cfds\\\/#primaryimage\",\"url\":\"https:\\\/\\\/partners.blackbull.com\\\/wp-content\\\/uploads\\\/2022\\\/10\\\/XT4A7220.jpg\",\"contentUrl\":\"https:\\\/\\\/partners.blackbull.com\\\/wp-content\\\/uploads\\\/2022\\\/10\\\/XT4A7220.jpg\",\"width\":2048,\"height\":1365},{\"@type\":\"BreadcrumbList\",\"@id\":\"https:\\\/\\\/partners.blackbull.com\\\/es\\\/about\\\/company-information\\\/product-information\\\/forex-cfds\\\/#breadcrumb\",\"itemListElement\":[{\"@type\":\"ListItem\",\"position\":1,\"name\":\"Home\",\"item\":\"https:\\\/\\\/partners.blackbull.com\\\/es\\\/home-new\\\/\"},{\"@type\":\"ListItem\",\"position\":2,\"name\":\"Acerca de\",\"item\":\"https:\\\/\\\/partners.blackbull.com\\\/es\\\/acerca-de\\\/\"},{\"@type\":\"ListItem\",\"position\":3,\"name\":\"Informaci\u00f3n de la empresa\",\"item\":\"https:\\\/\\\/partners.blackbull.com\\\/es\\\/acerca-de\\\/informacion-de-la-empresa\\\/\"},{\"@type\":\"ListItem\",\"position\":4,\"name\":\"Informaci\u00f3n sobre el producto\",\"item\":\"https:\\\/\\\/partners.blackbull.com\\\/es\\\/acerca-de\\\/informacion-de-la-empresa\\\/informacion-sobre-el-producto\\\/\"},{\"@type\":\"ListItem\",\"position\":5,\"name\":\"Divisas y CFDs\"}]},{\"@type\":\"WebSite\",\"@id\":\"https:\\\/\\\/partners.blackbull.com\\\/es\\\/#website\",\"url\":\"https:\\\/\\\/partners.blackbull.com\\\/es\\\/\",\"name\":\"BlackBull Partners\",\"description\":\"BlackBull Affiliates is the partner referral program of BlackBull Markets, a top-tier, award-winning, and multi-regulated forex broker.\",\"publisher\":{\"@id\":\"https:\\\/\\\/partners.blackbull.com\\\/es\\\/#organization\"},\"potentialAction\":[{\"@type\":\"SearchAction\",\"target\":{\"@type\":\"EntryPoint\",\"urlTemplate\":\"https:\\\/\\\/partners.blackbull.com\\\/es\\\/?s={search_term_string}\"},\"query-input\":{\"@type\":\"PropertyValueSpecification\",\"valueRequired\":true,\"valueName\":\"search_term_string\"}}],\"inLanguage\":\"es\"},{\"@type\":\"Organization\",\"@id\":\"https:\\\/\\\/partners.blackbull.com\\\/es\\\/#organization\",\"name\":\"BlackBull Partners\",\"url\":\"https:\\\/\\\/partners.blackbull.com\\\/es\\\/\",\"logo\":{\"@type\":\"ImageObject\",\"inLanguage\":\"es\",\"@id\":\"https:\\\/\\\/partners.blackbull.com\\\/es\\\/#\\\/schema\\\/logo\\\/image\\\/\",\"url\":\"https:\\\/\\\/partners.blackbull.com\\\/wp-content\\\/uploads\\\/2022\\\/03\\\/BBMPartnerslogo_blue.svg\",\"contentUrl\":\"https:\\\/\\\/partners.blackbull.com\\\/wp-content\\\/uploads\\\/2022\\\/03\\\/BBMPartnerslogo_blue.svg\",\"width\":981,\"height\":279,\"caption\":\"BlackBull Partners\"},\"image\":{\"@id\":\"https:\\\/\\\/partners.blackbull.com\\\/es\\\/#\\\/schema\\\/logo\\\/image\\\/\"}}]}<\/script>\n<!-- \/ Yoast SEO plugin. -->","yoast_head_json":{"title":"Divisas y CFDs | BlackBull Partners","robots":{"index":"index","follow":"follow","max-snippet":"max-snippet:-1","max-image-preview":"max-image-preview:large","max-video-preview":"max-video-preview:-1"},"canonical":"https:\/\/partners.blackbull.com\/es\/about\/company-information\/product-information\/forex-cfds\/","og_locale":"es_ES","og_type":"article","og_title":"Divisas y CFDs | BlackBull Partners","og_description":"BlackBull Partners- Divisas y CFDs Ofrecemos acceso a una amplia gama de mercados, incluidas las principales divisas, los principales \u00edndices burs\u00e1tiles, materias primas duras y blandas, metales preciosos como el oro y la plata, energ\u00edas y una serie de productos de trading de acciones. Proporcionamos un acceso de bajo coste con una infraestructura de trading [&hellip;]","og_url":"https:\/\/partners.blackbull.com\/es\/about\/company-information\/product-information\/forex-cfds\/","og_site_name":"BlackBull Partners","article_modified_time":"2025-03-24T17:57:31+00:00","og_image":[{"width":2048,"height":1365,"url":"https:\/\/partners.blackbull.com\/wp-content\/uploads\/2022\/10\/XT4A7220.jpg","type":"image\/jpeg"}],"twitter_card":"summary_large_image","twitter_misc":{"Tiempo de lectura":"2 minutos"},"schema":{"@context":"https:\/\/schema.org","@graph":[{"@type":"WebPage","@id":"https:\/\/partners.blackbull.com\/es\/about\/company-information\/product-information\/forex-cfds\/","url":"https:\/\/partners.blackbull.com\/es\/about\/company-information\/product-information\/forex-cfds\/","name":"Divisas y CFDs | BlackBull Partners","isPartOf":{"@id":"https:\/\/partners.blackbull.com\/es\/#website"},"primaryImageOfPage":{"@id":"https:\/\/partners.blackbull.com\/es\/about\/company-information\/product-information\/forex-cfds\/#primaryimage"},"image":{"@id":"https:\/\/partners.blackbull.com\/es\/about\/company-information\/product-information\/forex-cfds\/#primaryimage"},"thumbnailUrl":"https:\/\/partners.blackbull.com\/wp-content\/uploads\/2022\/10\/XT4A7220.jpg","datePublished":"2025-03-24T17:57:22+00:00","dateModified":"2025-03-24T17:57:31+00:00","breadcrumb":{"@id":"https:\/\/partners.blackbull.com\/es\/about\/company-information\/product-information\/forex-cfds\/#breadcrumb"},"inLanguage":"es","potentialAction":[{"@type":"ReadAction","target":["https:\/\/partners.blackbull.com\/es\/about\/company-information\/product-information\/forex-cfds\/"]}]},{"@type":"ImageObject","inLanguage":"es","@id":"https:\/\/partners.blackbull.com\/es\/about\/company-information\/product-information\/forex-cfds\/#primaryimage","url":"https:\/\/partners.blackbull.com\/wp-content\/uploads\/2022\/10\/XT4A7220.jpg","contentUrl":"https:\/\/partners.blackbull.com\/wp-content\/uploads\/2022\/10\/XT4A7220.jpg","width":2048,"height":1365},{"@type":"BreadcrumbList","@id":"https:\/\/partners.blackbull.com\/es\/about\/company-information\/product-information\/forex-cfds\/#breadcrumb","itemListElement":[{"@type":"ListItem","position":1,"name":"Home","item":"https:\/\/partners.blackbull.com\/es\/home-new\/"},{"@type":"ListItem","position":2,"name":"Acerca de","item":"https:\/\/partners.blackbull.com\/es\/acerca-de\/"},{"@type":"ListItem","position":3,"name":"Informaci\u00f3n de la empresa","item":"https:\/\/partners.blackbull.com\/es\/acerca-de\/informacion-de-la-empresa\/"},{"@type":"ListItem","position":4,"name":"Informaci\u00f3n sobre el producto","item":"https:\/\/partners.blackbull.com\/es\/acerca-de\/informacion-de-la-empresa\/informacion-sobre-el-producto\/"},{"@type":"ListItem","position":5,"name":"Divisas y CFDs"}]},{"@type":"WebSite","@id":"https:\/\/partners.blackbull.com\/es\/#website","url":"https:\/\/partners.blackbull.com\/es\/","name":"BlackBull Partners","description":"BlackBull Affiliates is the partner referral program of BlackBull Markets, a top-tier, award-winning, and multi-regulated forex broker.","publisher":{"@id":"https:\/\/partners.blackbull.com\/es\/#organization"},"potentialAction":[{"@type":"SearchAction","target":{"@type":"EntryPoint","urlTemplate":"https:\/\/partners.blackbull.com\/es\/?s={search_term_string}"},"query-input":{"@type":"PropertyValueSpecification","valueRequired":true,"valueName":"search_term_string"}}],"inLanguage":"es"},{"@type":"Organization","@id":"https:\/\/partners.blackbull.com\/es\/#organization","name":"BlackBull Partners","url":"https:\/\/partners.blackbull.com\/es\/","logo":{"@type":"ImageObject","inLanguage":"es","@id":"https:\/\/partners.blackbull.com\/es\/#\/schema\/logo\/image\/","url":"https:\/\/partners.blackbull.com\/wp-content\/uploads\/2022\/03\/BBMPartnerslogo_blue.svg","contentUrl":"https:\/\/partners.blackbull.com\/wp-content\/uploads\/2022\/03\/BBMPartnerslogo_blue.svg","width":981,"height":279,"caption":"BlackBull Partners"},"image":{"@id":"https:\/\/partners.blackbull.com\/es\/#\/schema\/logo\/image\/"}}]}},"_links":{"self":[{"href":"https:\/\/partners.blackbull.com\/es\/wp-json\/wp\/v2\/pages\/17054","targetHints":{"allow":["GET"]}}],"collection":[{"href":"https:\/\/partners.blackbull.com\/es\/wp-json\/wp\/v2\/pages"}],"about":[{"href":"https:\/\/partners.blackbull.com\/es\/wp-json\/wp\/v2\/types\/page"}],"author":[{"embeddable":true,"href":"https:\/\/partners.blackbull.com\/es\/wp-json\/wp\/v2\/users\/20"}],"replies":[{"embeddable":true,"href":"https:\/\/partners.blackbull.com\/es\/wp-json\/wp\/v2\/comments?post=17054"}],"version-history":[{"count":1,"href":"https:\/\/partners.blackbull.com\/es\/wp-json\/wp\/v2\/pages\/17054\/revisions"}],"predecessor-version":[{"id":17055,"href":"https:\/\/partners.blackbull.com\/es\/wp-json\/wp\/v2\/pages\/17054\/revisions\/17055"}],"up":[{"embeddable":true,"href":"https:\/\/partners.blackbull.com\/es\/wp-json\/wp\/v2\/pages\/17066"}],"wp:featuredmedia":[{"embeddable":true,"href":"https:\/\/partners.blackbull.com\/es\/wp-json\/wp\/v2\/media\/3140"}],"wp:attachment":[{"href":"https:\/\/partners.blackbull.com\/es\/wp-json\/wp\/v2\/media?parent=17054"}],"curies":[{"name":"wp","href":"https:\/\/api.w.org\/{rel}","templated":true}]}}