{"id":17068,"date":"2025-03-25T06:57:34","date_gmt":"2025-03-24T17:57:34","guid":{"rendered":"https:\/\/partners.blackbull.com\/como-funciona\/"},"modified":"2025-03-25T06:57:46","modified_gmt":"2025-03-24T17:57:46","slug":"how-it-works","status":"publish","type":"page","link":"https:\/\/partners.blackbull.com\/es\/about\/getting-started\/how-it-works\/","title":{"rendered":"C\u00f3mo funciona"},"content":{"rendered":"\t\t<div data-elementor-type=\"wp-page\" data-elementor-id=\"17068\" class=\"elementor elementor-17068 elementor-3106\" data-elementor-post-type=\"page\">\n\t\t\t\t<div class=\"elementor-element elementor-element-e13c7fc e-flex e-con-boxed e-con e-parent\" data-id=\"e13c7fc\" data-element_type=\"container\" data-e-type=\"container\" data-settings=\"{&quot;background_background&quot;:&quot;classic&quot;,&quot;jet_parallax_layout_list&quot;:[]}\">\n\t\t\t\t\t<div class=\"e-con-inner\">\n\t\t\t\t<div class=\"elementor-element elementor-element-b932ec6 elementor-widget elementor-widget-breadcrumbs\" data-id=\"b932ec6\" data-element_type=\"widget\" data-e-type=\"widget\" data-widget_type=\"breadcrumbs.default\">\n\t\t\t\t\t<p id=\"breadcrumbs\"><span><span><a href=\"https:\/\/partners.blackbull.com\/es\/home-new\/\">Home<\/a><\/span><\/span><\/p>\t\t\t\t<\/div>\n\t\t\t\t\t<\/div>\n\t\t\t\t<\/div>\n\t\t<div class=\"elementor-element elementor-element-46e7600 e-flex e-con-boxed e-con e-parent\" data-id=\"46e7600\" data-element_type=\"container\" data-e-type=\"container\" data-settings=\"{&quot;background_background&quot;:&quot;classic&quot;,&quot;jet_parallax_layout_list&quot;:[]}\">\n\t\t\t\t\t<div class=\"e-con-inner\">\n\t\t<div class=\"elementor-element elementor-element-a43f02a e-con-full e-flex e-con e-child\" data-id=\"a43f02a\" data-element_type=\"container\" data-e-type=\"container\" data-settings=\"{&quot;background_background&quot;:&quot;classic&quot;,&quot;jet_parallax_layout_list&quot;:[]}\">\n\t\t\t\t<div class=\"elementor-element elementor-element-50bdb3b elementor-widget__width-initial elementor-widget elementor-widget-heading\" data-id=\"50bdb3b\" data-element_type=\"widget\" data-e-type=\"widget\" data-widget_type=\"heading.default\">\n\t\t\t\t\t<h2 class=\"elementor-heading-title elementor-size-default\">\u00bfQu\u00e9 es el Programa de Socios BlackBull?<\/h2>\t\t\t\t<\/div>\n\t\t\t\t<\/div>\n\t\t<div class=\"elementor-element elementor-element-7c37979 e-con-full e-flex e-con e-child\" data-id=\"7c37979\" data-element_type=\"container\" data-e-type=\"container\" data-settings=\"{&quot;jet_parallax_layout_list&quot;:[]}\">\n\t\t\t\t<div class=\"elementor-element elementor-element-59c385a link-text elementor-widget elementor-widget-text-editor\" data-id=\"59c385a\" data-element_type=\"widget\" data-e-type=\"widget\" data-widget_type=\"text-editor.default\">\n\t\t\t\t\t\t\t\t\t<p>BlackBull Partners est\u00e1 especialmente dise\u00f1ado para ofrecer a sus socios una gran herramienta para triunfar. Todo el equipo necesario est\u00e1 a tu disposici\u00f3n para ayudarte a ampliar tu red de clientes y mejorar tus operaciones comerciales. <\/p>\n\t\t\t\t\t\t\t\t<\/div>\n\t\t\t\t<\/div>\n\t\t\t\t\t<\/div>\n\t\t\t\t<\/div>\n\t\t<div class=\"elementor-element elementor-element-a95c0d8 e-flex e-con-boxed e-con e-parent\" data-id=\"a95c0d8\" data-element_type=\"container\" data-e-type=\"container\" data-settings=\"{&quot;jet_parallax_layout_list&quot;:[]}\">\n\t\t\t\t\t<div class=\"e-con-inner\">\n\t\t<div class=\"elementor-element elementor-element-4c5bdd5 e-con-full e-flex e-con e-child\" data-id=\"4c5bdd5\" data-element_type=\"container\" data-e-type=\"container\" data-settings=\"{&quot;jet_parallax_layout_list&quot;:[]}\">\n\t\t\t\t<div class=\"elementor-element elementor-element-6c2eebd elementor-widget elementor-widget-heading\" data-id=\"6c2eebd\" data-element_type=\"widget\" data-e-type=\"widget\" data-widget_type=\"heading.default\">\n\t\t\t\t\t<h2 class=\"elementor-heading-title elementor-size-default\">Tu herramienta para el \u00e9xito empresarial y las ganancias por comisiones<\/h2>\t\t\t\t<\/div>\n\t\t\t\t<div class=\"elementor-element elementor-element-cf82eb0 elementor-widget__width-initial elementor-widget elementor-widget-text-editor\" data-id=\"cf82eb0\" data-element_type=\"widget\" data-e-type=\"widget\" data-widget_type=\"text-editor.default\">\n\t\t\t\t\t\t\t\t\t<p>Utilizando enlaces de seguimiento \u00fanicos podr\u00e1s remitir clientes a BlackBull y empezar a ganar comisiones de inmediato. Empezar es f\u00e1cil, as\u00ed es como funciona. <\/p>\n\t\t\t\t\t\t\t\t<\/div>\n\t\t\t\t<\/div>\n\t\t<div class=\"elementor-element elementor-element-1715b61 e-con-full e-flex e-con e-child\" data-id=\"1715b61\" data-element_type=\"container\" data-e-type=\"container\" data-settings=\"{&quot;jet_parallax_layout_list&quot;:[]}\">\n\t\t\t\t<div class=\"elementor-element elementor-element-d33104f elementor-widget elementor-widget-image\" data-id=\"d33104f\" data-element_type=\"widget\" data-e-type=\"widget\" data-widget_type=\"image.default\">\n\t\t\t\t\t\t\t\t\t\t\t\t\t\t\t<img fetchpriority=\"high\" decoding=\"async\" width=\"538\" height=\"251\" src=\"https:\/\/partners.blackbull.com\/wp-content\/uploads\/2023\/05\/img_001.png\" class=\"attachment-full size-full wp-image-7027\" alt=\"\" srcset=\"https:\/\/partners.blackbull.com\/wp-content\/uploads\/2023\/05\/img_001.png 538w, https:\/\/partners.blackbull.com\/wp-content\/uploads\/2023\/05\/img_001-300x140.png 300w\" sizes=\"(max-width: 538px) 100vw, 538px\" \/>\t\t\t\t\t\t\t\t\t\t\t\t\t\t\t<\/div>\n\t\t\t\t<\/div>\n\t\t\t\t\t<\/div>\n\t\t\t\t<\/div>\n\t\t<div class=\"elementor-element elementor-element-4046709 e-flex e-con-boxed e-con e-parent\" data-id=\"4046709\" data-element_type=\"container\" data-e-type=\"container\" data-settings=\"{&quot;jet_parallax_layout_list&quot;:[]}\">\n\t\t\t\t\t<div class=\"e-con-inner\">\n\t\t<div class=\"elementor-element elementor-element-883a56f e-con-full e-flex e-con e-child\" data-id=\"883a56f\" data-element_type=\"container\" data-e-type=\"container\" data-settings=\"{&quot;jet_parallax_layout_list&quot;:[]}\">\n\t\t\t\t<div class=\"elementor-element elementor-element-eb07d6f elementor-widget elementor-widget-heading\" data-id=\"eb07d6f\" data-element_type=\"widget\" data-e-type=\"widget\" data-widget_type=\"heading.default\">\n\t\t\t\t\t<h2 class=\"elementor-heading-title elementor-size-default\">Empieza en 4 sencillos pasos<\/h2>\t\t\t\t<\/div>\n\t\t\t\t<div class=\"elementor-element elementor-element-efc6eda elementor-widget elementor-widget-text-editor\" data-id=\"efc6eda\" data-element_type=\"widget\" data-e-type=\"widget\" data-widget_type=\"text-editor.default\">\n\t\t\t\t\t\t\t\t\t<p>As\u00f3ciate con un l\u00edder mundial y convierte tu tr\u00e1fico en ingresos con nuestro programa de afiliaci\u00f3n multiactivo. \u00bfEres nuevo en el marketing de afiliaci\u00f3n y en Forex? \u00bfO eres un operador de Forex experimentado? Gana generosas comisiones de hasta 1000 USD por recomendaci\u00f3n cualificada remitiendo a tu p\u00fablico a BlackBull.   <\/p>\n\t\t\t\t\t\t\t\t<\/div>\n\t\t\t\t<div class=\"elementor-element elementor-element-897e078 elementor-widget elementor-widget-text-editor\" data-id=\"897e078\" data-element_type=\"widget\" data-e-type=\"widget\" data-widget_type=\"text-editor.default\">\n\t\t\t\t\t\t\t\t\t<p>Hazte afiliado hoy mismo siguiendo estos pasos.<\/p>\n\t\t\t\t\t\t\t\t<\/div>\n\t\t\t\t<div class=\"elementor-element elementor-element-c4319b4 elementor-mobile-align-left elementor-widget elementor-widget-button\" data-id=\"c4319b4\" data-element_type=\"widget\" data-e-type=\"widget\" data-widget_type=\"button.default\">\n\t\t\t\t\t\t\t\t\t\t<a class=\"elementor-button elementor-button-link elementor-size-sm\" href=\"https:\/\/secure.blackbull.com\/auth\/register-partners\" target=\"_blank\">\n\t\t\t\t\t\t<span class=\"elementor-button-content-wrapper\">\n\t\t\t\t\t\t\t\t\t<span class=\"elementor-button-text\">\u00daNETE AHORA<\/span>\n\t\t\t\t\t<\/span>\n\t\t\t\t\t<\/a>\n\t\t\t\t\t\t\t\t<\/div>\n\t\t\t\t<div class=\"elementor-element elementor-element-04b83de elementor-widget elementor-widget-image\" data-id=\"04b83de\" data-element_type=\"widget\" data-e-type=\"widget\" data-widget_type=\"image.default\">\n\t\t\t\t\t\t\t\t\t\t\t\t\t\t\t<img decoding=\"async\" width=\"445\" height=\"258\" src=\"https:\/\/partners.blackbull.com\/wp-content\/uploads\/2023\/06\/howist-work-img.png\" class=\"attachment-full size-full wp-image-11905\" alt=\"\" srcset=\"https:\/\/partners.blackbull.com\/wp-content\/uploads\/2023\/06\/howist-work-img.png 445w, https:\/\/partners.blackbull.com\/wp-content\/uploads\/2023\/06\/howist-work-img-300x174.png 300w\" sizes=\"(max-width: 445px) 100vw, 445px\" \/>\t\t\t\t\t\t\t\t\t\t\t\t\t\t\t<\/div>\n\t\t\t\t<\/div>\n\t\t<div class=\"elementor-element elementor-element-9ffe517 e-con-full border-line-col email-marketing-titleline how-it-work-titeline e-flex e-con e-child\" data-id=\"9ffe517\" data-element_type=\"container\" data-e-type=\"container\" data-settings=\"{&quot;jet_parallax_layout_list&quot;:[]}\">\n\t\t\t\t<div class=\"elementor-element elementor-element-667d6ff elementor-position-left elementor-vertical-align-middle elementor-widget elementor-widget-image-box\" data-id=\"667d6ff\" data-element_type=\"widget\" data-e-type=\"widget\" data-widget_type=\"image-box.default\">\n\t\t\t\t\t<div class=\"elementor-image-box-wrapper\"><figure class=\"elementor-image-box-img\"><img decoding=\"async\" width=\"131\" height=\"145\" src=\"https:\/\/partners.blackbull.com\/wp-content\/uploads\/2023\/06\/how-icon-01.svg\" class=\"attachment-full size-full wp-image-11912\" alt=\"\" \/><\/figure><div class=\"elementor-image-box-content\"><p class=\"elementor-image-box-description\">Reg\u00edstrate como afiliado en BlackBull y accede a nuestro portal de afiliados personalizado.<\/p><\/div><\/div>\t\t\t\t<\/div>\n\t\t\t\t<div class=\"elementor-element elementor-element-3c66df0 elementor-position-left elementor-vertical-align-middle elementor-widget elementor-widget-image-box\" data-id=\"3c66df0\" data-element_type=\"widget\" data-e-type=\"widget\" data-widget_type=\"image-box.default\">\n\t\t\t\t\t<div class=\"elementor-image-box-wrapper\"><figure class=\"elementor-image-box-img\"><img loading=\"lazy\" decoding=\"async\" width=\"131\" height=\"147\" src=\"https:\/\/partners.blackbull.com\/wp-content\/uploads\/2023\/06\/how-icon-02.svg\" class=\"attachment-full size-full wp-image-11916\" alt=\"\" \/><\/figure><div class=\"elementor-image-box-content\"><p class=\"elementor-image-box-description\">Con\u00e9ctate a tu portal y accede a una amplia gama de material de marketing.<\/p><\/div><\/div>\t\t\t\t<\/div>\n\t\t\t\t<div class=\"elementor-element elementor-element-5da201d elementor-position-left elementor-vertical-align-middle elementor-widget elementor-widget-image-box\" data-id=\"5da201d\" data-element_type=\"widget\" data-e-type=\"widget\" data-widget_type=\"image-box.default\">\n\t\t\t\t\t<div class=\"elementor-image-box-wrapper\"><figure class=\"elementor-image-box-img\"><img loading=\"lazy\" decoding=\"async\" width=\"131\" height=\"147\" src=\"https:\/\/partners.blackbull.com\/wp-content\/uploads\/2023\/06\/how-icon-03.svg\" class=\"attachment-full size-full wp-image-11920\" alt=\"\" \/><\/figure><div class=\"elementor-image-box-content\"><p class=\"elementor-image-box-description\">Consigue tu enlace de referencia y utiliza el material promocional en tu sitio web o en otro medio.<\/p><\/div><\/div>\t\t\t\t<\/div>\n\t\t\t\t<div class=\"elementor-element elementor-element-a12ed50 elementor-position-left elementor-vertical-align-middle elementor-widget elementor-widget-image-box\" data-id=\"a12ed50\" data-element_type=\"widget\" data-e-type=\"widget\" data-widget_type=\"image-box.default\">\n\t\t\t\t\t<div class=\"elementor-image-box-wrapper\"><figure class=\"elementor-image-box-img\"><img loading=\"lazy\" decoding=\"async\" width=\"131\" height=\"147\" src=\"https:\/\/partners.blackbull.com\/wp-content\/uploads\/2023\/06\/how-icon-04.svg\" class=\"attachment-full size-full wp-image-11924\" alt=\"\" \/><\/figure><div class=\"elementor-image-box-content\"><p class=\"elementor-image-box-description\">Empieza a ganar comisiones, a trav\u00e9s de uno de los programas de afiliaci\u00f3n multiactivos m\u00e1s populares, por cada cliente remitido a BlackBull.<\/p><\/div><\/div>\t\t\t\t<\/div>\n\t\t\t\t<\/div>\n\t\t\t\t\t<\/div>\n\t\t\t\t<\/div>\n\t\t\t\t<\/div>\n\t\t","protected":false},"excerpt":{"rendered":"<p>\u00bfQu\u00e9 es el Programa de Socios BlackBull? BlackBull Partners est\u00e1 especialmente dise\u00f1ado para ofrecer a sus socios una gran herramienta para triunfar. Todo el equipo necesario est\u00e1 a tu disposici\u00f3n para ayudarte a ampliar tu red de clientes y mejorar tus operaciones comerciales. Tu herramienta para el \u00e9xito empresarial y las ganancias por comisiones Utilizando [&hellip;]<\/p>\n","protected":false},"author":20,"featured_media":0,"parent":17084,"menu_order":0,"comment_status":"closed","ping_status":"closed","template":"elementor_header_footer","meta":{"inline_featured_image":false,"footnotes":""},"class_list":["post-17068","page","type-page","status-publish","hentry"],"yoast_head":"<!-- This site is optimized with the Yoast SEO plugin v27.3 - https:\/\/yoast.com\/product\/yoast-seo-wordpress\/ -->\n<title>C\u00f3mo funciona | BlackBull Partners<\/title>\n<meta name=\"robots\" content=\"index, follow, max-snippet:-1, max-image-preview:large, max-video-preview:-1\" \/>\n<link rel=\"canonical\" href=\"https:\/\/partners.blackbull.com\/es\/about\/getting-started\/how-it-works\/\" \/>\n<meta property=\"og:locale\" content=\"es_ES\" \/>\n<meta property=\"og:type\" content=\"article\" \/>\n<meta property=\"og:title\" content=\"C\u00f3mo funciona | BlackBull Partners\" \/>\n<meta property=\"og:description\" content=\"\u00bfQu\u00e9 es el Programa de Socios BlackBull? BlackBull Partners est\u00e1 especialmente dise\u00f1ado para ofrecer a sus socios una gran herramienta para triunfar. Todo el equipo necesario est\u00e1 a tu disposici\u00f3n para ayudarte a ampliar tu red de clientes y mejorar tus operaciones comerciales. Tu herramienta para el \u00e9xito empresarial y las ganancias por comisiones Utilizando [&hellip;]\" \/>\n<meta property=\"og:url\" content=\"https:\/\/partners.blackbull.com\/es\/about\/getting-started\/how-it-works\/\" \/>\n<meta property=\"og:site_name\" content=\"BlackBull Partners\" \/>\n<meta property=\"article:modified_time\" content=\"2025-03-24T17:57:46+00:00\" \/>\n<meta property=\"og:image\" content=\"https:\/\/partners.blackbull.com\/wp-content\/uploads\/2023\/05\/img_001.png\" \/>\n\t<meta property=\"og:image:width\" content=\"538\" \/>\n\t<meta property=\"og:image:height\" content=\"251\" \/>\n\t<meta property=\"og:image:type\" content=\"image\/png\" \/>\n<meta name=\"twitter:card\" content=\"summary_large_image\" \/>\n<meta name=\"twitter:label1\" content=\"Tiempo de lectura\" \/>\n\t<meta name=\"twitter:data1\" content=\"1 minuto\" \/>\n<script type=\"application\/ld+json\" class=\"yoast-schema-graph\">{\"@context\":\"https:\\\/\\\/schema.org\",\"@graph\":[{\"@type\":\"WebPage\",\"@id\":\"https:\\\/\\\/partners.blackbull.com\\\/es\\\/about\\\/getting-started\\\/how-it-works\\\/\",\"url\":\"https:\\\/\\\/partners.blackbull.com\\\/es\\\/about\\\/getting-started\\\/how-it-works\\\/\",\"name\":\"C\u00f3mo funciona | BlackBull Partners\",\"isPartOf\":{\"@id\":\"https:\\\/\\\/partners.blackbull.com\\\/es\\\/#website\"},\"primaryImageOfPage\":{\"@id\":\"https:\\\/\\\/partners.blackbull.com\\\/es\\\/about\\\/getting-started\\\/how-it-works\\\/#primaryimage\"},\"image\":{\"@id\":\"https:\\\/\\\/partners.blackbull.com\\\/es\\\/about\\\/getting-started\\\/how-it-works\\\/#primaryimage\"},\"thumbnailUrl\":\"https:\\\/\\\/partners.blackbull.com\\\/wp-content\\\/uploads\\\/2023\\\/05\\\/img_001.png\",\"datePublished\":\"2025-03-24T17:57:34+00:00\",\"dateModified\":\"2025-03-24T17:57:46+00:00\",\"breadcrumb\":{\"@id\":\"https:\\\/\\\/partners.blackbull.com\\\/es\\\/about\\\/getting-started\\\/how-it-works\\\/#breadcrumb\"},\"inLanguage\":\"es\",\"potentialAction\":[{\"@type\":\"ReadAction\",\"target\":[\"https:\\\/\\\/partners.blackbull.com\\\/es\\\/about\\\/getting-started\\\/how-it-works\\\/\"]}]},{\"@type\":\"ImageObject\",\"inLanguage\":\"es\",\"@id\":\"https:\\\/\\\/partners.blackbull.com\\\/es\\\/about\\\/getting-started\\\/how-it-works\\\/#primaryimage\",\"url\":\"https:\\\/\\\/partners.blackbull.com\\\/wp-content\\\/uploads\\\/2023\\\/05\\\/img_001.png\",\"contentUrl\":\"https:\\\/\\\/partners.blackbull.com\\\/wp-content\\\/uploads\\\/2023\\\/05\\\/img_001.png\"},{\"@type\":\"BreadcrumbList\",\"@id\":\"https:\\\/\\\/partners.blackbull.com\\\/es\\\/about\\\/getting-started\\\/how-it-works\\\/#breadcrumb\",\"itemListElement\":[{\"@type\":\"ListItem\",\"position\":1,\"name\":\"Home\",\"item\":\"https:\\\/\\\/partners.blackbull.com\\\/es\\\/home-new\\\/\"},{\"@type\":\"ListItem\",\"position\":2,\"name\":\"Acerca de\",\"item\":\"https:\\\/\\\/partners.blackbull.com\\\/es\\\/acerca-de\\\/\"},{\"@type\":\"ListItem\",\"position\":3,\"name\":\"C\u00f3mo empezar\",\"item\":\"https:\\\/\\\/partners.blackbull.com\\\/es\\\/acerca-de\\\/como-empezar\\\/\"},{\"@type\":\"ListItem\",\"position\":4,\"name\":\"C\u00f3mo funciona\"}]},{\"@type\":\"WebSite\",\"@id\":\"https:\\\/\\\/partners.blackbull.com\\\/es\\\/#website\",\"url\":\"https:\\\/\\\/partners.blackbull.com\\\/es\\\/\",\"name\":\"BlackBull Partners\",\"description\":\"BlackBull Affiliates is the partner referral program of BlackBull Markets, a top-tier, award-winning, and multi-regulated forex broker.\",\"publisher\":{\"@id\":\"https:\\\/\\\/partners.blackbull.com\\\/es\\\/#organization\"},\"potentialAction\":[{\"@type\":\"SearchAction\",\"target\":{\"@type\":\"EntryPoint\",\"urlTemplate\":\"https:\\\/\\\/partners.blackbull.com\\\/es\\\/?s={search_term_string}\"},\"query-input\":{\"@type\":\"PropertyValueSpecification\",\"valueRequired\":true,\"valueName\":\"search_term_string\"}}],\"inLanguage\":\"es\"},{\"@type\":\"Organization\",\"@id\":\"https:\\\/\\\/partners.blackbull.com\\\/es\\\/#organization\",\"name\":\"BlackBull Partners\",\"url\":\"https:\\\/\\\/partners.blackbull.com\\\/es\\\/\",\"logo\":{\"@type\":\"ImageObject\",\"inLanguage\":\"es\",\"@id\":\"https:\\\/\\\/partners.blackbull.com\\\/es\\\/#\\\/schema\\\/logo\\\/image\\\/\",\"url\":\"https:\\\/\\\/partners.blackbull.com\\\/wp-content\\\/uploads\\\/2022\\\/03\\\/BBMPartnerslogo_blue.svg\",\"contentUrl\":\"https:\\\/\\\/partners.blackbull.com\\\/wp-content\\\/uploads\\\/2022\\\/03\\\/BBMPartnerslogo_blue.svg\",\"width\":981,\"height\":279,\"caption\":\"BlackBull Partners\"},\"image\":{\"@id\":\"https:\\\/\\\/partners.blackbull.com\\\/es\\\/#\\\/schema\\\/logo\\\/image\\\/\"}}]}<\/script>\n<!-- \/ Yoast SEO plugin. -->","yoast_head_json":{"title":"C\u00f3mo funciona | BlackBull Partners","robots":{"index":"index","follow":"follow","max-snippet":"max-snippet:-1","max-image-preview":"max-image-preview:large","max-video-preview":"max-video-preview:-1"},"canonical":"https:\/\/partners.blackbull.com\/es\/about\/getting-started\/how-it-works\/","og_locale":"es_ES","og_type":"article","og_title":"C\u00f3mo funciona | BlackBull Partners","og_description":"\u00bfQu\u00e9 es el Programa de Socios BlackBull? BlackBull Partners est\u00e1 especialmente dise\u00f1ado para ofrecer a sus socios una gran herramienta para triunfar. Todo el equipo necesario est\u00e1 a tu disposici\u00f3n para ayudarte a ampliar tu red de clientes y mejorar tus operaciones comerciales. Tu herramienta para el \u00e9xito empresarial y las ganancias por comisiones Utilizando [&hellip;]","og_url":"https:\/\/partners.blackbull.com\/es\/about\/getting-started\/how-it-works\/","og_site_name":"BlackBull Partners","article_modified_time":"2025-03-24T17:57:46+00:00","og_image":[{"width":538,"height":251,"url":"https:\/\/partners.blackbull.com\/wp-content\/uploads\/2023\/05\/img_001.png","type":"image\/png"}],"twitter_card":"summary_large_image","twitter_misc":{"Tiempo de lectura":"1 minuto"},"schema":{"@context":"https:\/\/schema.org","@graph":[{"@type":"WebPage","@id":"https:\/\/partners.blackbull.com\/es\/about\/getting-started\/how-it-works\/","url":"https:\/\/partners.blackbull.com\/es\/about\/getting-started\/how-it-works\/","name":"C\u00f3mo funciona | BlackBull Partners","isPartOf":{"@id":"https:\/\/partners.blackbull.com\/es\/#website"},"primaryImageOfPage":{"@id":"https:\/\/partners.blackbull.com\/es\/about\/getting-started\/how-it-works\/#primaryimage"},"image":{"@id":"https:\/\/partners.blackbull.com\/es\/about\/getting-started\/how-it-works\/#primaryimage"},"thumbnailUrl":"https:\/\/partners.blackbull.com\/wp-content\/uploads\/2023\/05\/img_001.png","datePublished":"2025-03-24T17:57:34+00:00","dateModified":"2025-03-24T17:57:46+00:00","breadcrumb":{"@id":"https:\/\/partners.blackbull.com\/es\/about\/getting-started\/how-it-works\/#breadcrumb"},"inLanguage":"es","potentialAction":[{"@type":"ReadAction","target":["https:\/\/partners.blackbull.com\/es\/about\/getting-started\/how-it-works\/"]}]},{"@type":"ImageObject","inLanguage":"es","@id":"https:\/\/partners.blackbull.com\/es\/about\/getting-started\/how-it-works\/#primaryimage","url":"https:\/\/partners.blackbull.com\/wp-content\/uploads\/2023\/05\/img_001.png","contentUrl":"https:\/\/partners.blackbull.com\/wp-content\/uploads\/2023\/05\/img_001.png"},{"@type":"BreadcrumbList","@id":"https:\/\/partners.blackbull.com\/es\/about\/getting-started\/how-it-works\/#breadcrumb","itemListElement":[{"@type":"ListItem","position":1,"name":"Home","item":"https:\/\/partners.blackbull.com\/es\/home-new\/"},{"@type":"ListItem","position":2,"name":"Acerca de","item":"https:\/\/partners.blackbull.com\/es\/acerca-de\/"},{"@type":"ListItem","position":3,"name":"C\u00f3mo empezar","item":"https:\/\/partners.blackbull.com\/es\/acerca-de\/como-empezar\/"},{"@type":"ListItem","position":4,"name":"C\u00f3mo funciona"}]},{"@type":"WebSite","@id":"https:\/\/partners.blackbull.com\/es\/#website","url":"https:\/\/partners.blackbull.com\/es\/","name":"BlackBull Partners","description":"BlackBull Affiliates is the partner referral program of BlackBull Markets, a top-tier, award-winning, and multi-regulated forex broker.","publisher":{"@id":"https:\/\/partners.blackbull.com\/es\/#organization"},"potentialAction":[{"@type":"SearchAction","target":{"@type":"EntryPoint","urlTemplate":"https:\/\/partners.blackbull.com\/es\/?s={search_term_string}"},"query-input":{"@type":"PropertyValueSpecification","valueRequired":true,"valueName":"search_term_string"}}],"inLanguage":"es"},{"@type":"Organization","@id":"https:\/\/partners.blackbull.com\/es\/#organization","name":"BlackBull Partners","url":"https:\/\/partners.blackbull.com\/es\/","logo":{"@type":"ImageObject","inLanguage":"es","@id":"https:\/\/partners.blackbull.com\/es\/#\/schema\/logo\/image\/","url":"https:\/\/partners.blackbull.com\/wp-content\/uploads\/2022\/03\/BBMPartnerslogo_blue.svg","contentUrl":"https:\/\/partners.blackbull.com\/wp-content\/uploads\/2022\/03\/BBMPartnerslogo_blue.svg","width":981,"height":279,"caption":"BlackBull Partners"},"image":{"@id":"https:\/\/partners.blackbull.com\/es\/#\/schema\/logo\/image\/"}}]}},"_links":{"self":[{"href":"https:\/\/partners.blackbull.com\/es\/wp-json\/wp\/v2\/pages\/17068","targetHints":{"allow":["GET"]}}],"collection":[{"href":"https:\/\/partners.blackbull.com\/es\/wp-json\/wp\/v2\/pages"}],"about":[{"href":"https:\/\/partners.blackbull.com\/es\/wp-json\/wp\/v2\/types\/page"}],"author":[{"embeddable":true,"href":"https:\/\/partners.blackbull.com\/es\/wp-json\/wp\/v2\/users\/20"}],"replies":[{"embeddable":true,"href":"https:\/\/partners.blackbull.com\/es\/wp-json\/wp\/v2\/comments?post=17068"}],"version-history":[{"count":1,"href":"https:\/\/partners.blackbull.com\/es\/wp-json\/wp\/v2\/pages\/17068\/revisions"}],"predecessor-version":[{"id":17069,"href":"https:\/\/partners.blackbull.com\/es\/wp-json\/wp\/v2\/pages\/17068\/revisions\/17069"}],"up":[{"embeddable":true,"href":"https:\/\/partners.blackbull.com\/es\/wp-json\/wp\/v2\/pages\/17084"}],"wp:attachment":[{"href":"https:\/\/partners.blackbull.com\/es\/wp-json\/wp\/v2\/media?parent=17068"}],"curies":[{"name":"wp","href":"https:\/\/api.w.org\/{rel}","templated":true}]}}