{"id":17070,"date":"2025-03-25T06:57:35","date_gmt":"2025-03-24T17:57:35","guid":{"rendered":"https:\/\/partners.blackbull.com\/acerca-de\/informacion-de-la-empresa\/informacion-sobre-el-producto\/trading-de-acciones\/"},"modified":"2025-03-25T06:57:39","modified_gmt":"2025-03-24T17:57:39","slug":"share-trading","status":"publish","type":"page","link":"https:\/\/partners.blackbull.com\/es\/about\/company-information\/product-information\/share-trading\/","title":{"rendered":"Trading de acciones"},"content":{"rendered":"\t\t<div data-elementor-type=\"wp-page\" data-elementor-id=\"17070\" class=\"elementor elementor-17070 elementor-3154\" data-elementor-post-type=\"page\">\n\t\t\t\t<div class=\"elementor-element elementor-element-67855e72 e-flex e-con-boxed e-con e-parent\" data-id=\"67855e72\" data-element_type=\"container\" data-e-type=\"container\" data-settings=\"{&quot;background_background&quot;:&quot;classic&quot;,&quot;jet_parallax_layout_list&quot;:[]}\">\n\t\t\t\t\t<div class=\"e-con-inner\">\n\t\t\t\t<div class=\"elementor-element elementor-element-27b4e546 elementor-widget elementor-widget-breadcrumbs\" data-id=\"27b4e546\" data-element_type=\"widget\" data-e-type=\"widget\" data-widget_type=\"breadcrumbs.default\">\n\t\t\t\t\t<p id=\"breadcrumbs\"><span><span><a href=\"https:\/\/partners.blackbull.com\/es\/home-new\/\">Home<\/a><\/span><\/span><\/p>\t\t\t\t<\/div>\n\t\t\t\t\t<\/div>\n\t\t\t\t<\/div>\n\t\t<div class=\"elementor-element elementor-element-146384cd e-flex e-con-boxed e-con e-parent\" data-id=\"146384cd\" data-element_type=\"container\" data-e-type=\"container\" data-settings=\"{&quot;background_background&quot;:&quot;classic&quot;,&quot;jet_parallax_layout_list&quot;:[]}\">\n\t\t\t\t\t<div class=\"e-con-inner\">\n\t\t<div class=\"elementor-element elementor-element-6a2d58f6 e-con-full e-flex e-con e-parent\" data-id=\"6a2d58f6\" data-element_type=\"container\" data-e-type=\"container\" data-settings=\"{&quot;background_background&quot;:&quot;classic&quot;,&quot;jet_parallax_layout_list&quot;:[]}\">\n\t\t\t\t<div class=\"elementor-element elementor-element-32eafa76 elementor-widget__width-initial elementor-widget elementor-widget-heading\" data-id=\"32eafa76\" data-element_type=\"widget\" data-e-type=\"widget\" data-widget_type=\"heading.default\">\n\t\t\t\t\t<h2 class=\"elementor-heading-title elementor-size-default\">Blackbull Partners- Trading de acciones<\/h2>\t\t\t\t<\/div>\n\t\t\t\t<\/div>\n\t\t<div class=\"elementor-element elementor-element-35862a64 e-con-full e-flex e-con e-parent\" data-id=\"35862a64\" data-element_type=\"container\" data-e-type=\"container\" data-settings=\"{&quot;jet_parallax_layout_list&quot;:[]}\">\n\t\t\t\t<div class=\"elementor-element elementor-element-7c7d6293 link-text elementor-widget elementor-widget-text-editor\" data-id=\"7c7d6293\" data-element_type=\"widget\" data-e-type=\"widget\" data-widget_type=\"text-editor.default\">\n\t\t\t\t\t\t\t\t\t<p>Proporcionamos acceso a m\u00e1s de 26.000 acciones de m\u00e1s de 80 mercados mundiales en una \u00fanica cuenta integrada. Los clientes pueden invertir en diversos mercados mundiales, como Nueva Zelanda, EE.UU., Canad\u00e1, Reino Unido, Australia, M\u00e9xico, Alemania, Francia, Jap\u00f3n y muchos m\u00e1s. Ofrecemos algunas de las comisiones m\u00e1s competitivas del mercado. Para nuestros clientes, invertir con BlackBull Markets significa que una mayor parte de su dinero se destina a su cartera, no a comisiones.   <\/p>\n\t\t\t\t\t\t\t\t<\/div>\n\t\t\t\t<\/div>\n\t\t\t\t\t<\/div>\n\t\t\t\t<\/div>\n\t\t<div class=\"elementor-element elementor-element-eaaaf7c e-flex e-con-boxed e-con e-parent\" data-id=\"eaaaf7c\" data-element_type=\"container\" data-e-type=\"container\" data-settings=\"{&quot;jet_parallax_layout_list&quot;:[]}\">\n\t\t\t\t\t<div class=\"e-con-inner\">\n\t\t<div class=\"elementor-element elementor-element-ea24abe e-flex e-con-boxed e-con e-parent\" data-id=\"ea24abe\" data-element_type=\"container\" data-e-type=\"container\" data-settings=\"{&quot;jet_parallax_layout_list&quot;:[]}\">\n\t\t\t\t\t<div class=\"e-con-inner\">\n\t\t\t\t<div class=\"elementor-element elementor-element-5c36a22 elementor-widget elementor-widget-text-editor\" data-id=\"5c36a22\" data-element_type=\"widget\" data-e-type=\"widget\" data-widget_type=\"text-editor.default\">\n\t\t\t\t\t\t\t\t\t<p>BlackBull Markets Plataforma de trading de acciones &#8211; BlackBull Shares &#8211; ofrece acceso a las principales acciones mundiales, como Google, Amazon, Facebook, Apple y Microsoft. Nuestros \u00edndices incluyen el Nasdaq y el S&amp;P 500. <\/p>\n\t\t\t\t\t\t\t\t<\/div>\n\t\t<div class=\"elementor-element elementor-element-8d29475 e-flex e-con-boxed e-con e-parent\" data-id=\"8d29475\" data-element_type=\"container\" data-e-type=\"container\" data-settings=\"{&quot;jet_parallax_layout_list&quot;:[]}\">\n\t\t\t\t\t<div class=\"e-con-inner\">\n\t\t\t\t<div class=\"elementor-element elementor-element-7888667 elementor-widget elementor-widget-heading\" data-id=\"7888667\" data-element_type=\"widget\" data-e-type=\"widget\" data-widget_type=\"heading.default\">\n\t\t\t\t\t<h4 class=\"elementor-heading-title elementor-size-default\">\u00bfPor qu\u00e9 los inversores negocian acciones con BlackBull Markets?<\/h4>\t\t\t\t<\/div>\n\t\t\t\t<div class=\"elementor-element elementor-element-b8acf80 elementor-widget elementor-widget-text-editor\" data-id=\"b8acf80\" data-element_type=\"widget\" data-e-type=\"widget\" data-widget_type=\"text-editor.default\">\n\t\t\t\t\t\t\t\t\t<ul class=\"left-design\">\n<li>Algunas de las comisiones de corretaje de trading de acciones m\u00e1s competitivas del mercado.<\/li>\n<li>Fractional share trading para que puedas invertir la cantidad que desees.<\/li>\n<li>Negocia antes de la apertura del mercado y despu\u00e9s del cierre de las principales acciones de EEUU.<\/li>\n<li>La amable atenci\u00f3n al cliente de un corredor galardonado, disponible 24 horas al d\u00eda, 7 d\u00edas a la semana, mientras los mercados est\u00e9n abiertos.<\/li>\n<li>Prestamos servicios financieros en todo el mundo y estamos regulados en m\u00faltiples jurisdicciones, incluidas la FMA y la FSA.<\/li>\n<\/ul>\t\t\t\t\t\t\t\t<\/div>\n\t\t<div class=\"elementor-element elementor-element-adfa3ea e-flex e-con-boxed e-con e-parent\" data-id=\"adfa3ea\" data-element_type=\"container\" data-e-type=\"container\" data-settings=\"{&quot;jet_parallax_layout_list&quot;:[]}\">\n\t\t\t\t\t<div class=\"e-con-inner\">\n\t\t<div class=\"elementor-element elementor-element-671d559 e-flex e-con-boxed e-con e-parent\" data-id=\"671d559\" data-element_type=\"container\" data-e-type=\"container\" data-settings=\"{&quot;jet_parallax_layout_list&quot;:[]}\">\n\t\t\t\t\t<div class=\"e-con-inner\">\n\t\t\t\t<div class=\"elementor-element elementor-element-98cc560 elementor-widget elementor-widget-text-editor\" data-id=\"98cc560\" data-element_type=\"widget\" data-e-type=\"widget\" data-widget_type=\"text-editor.default\">\n\t\t\t\t\t\t\t\t\t<p>Los clientes de Share Trading en BlackBull Markets pueden negociar aquello en lo que creen con nuestro panel de ESG \/ Impacto, que te permite personalizar tus categor\u00edas de inversi\u00f3n y calificar tu cartera en funci\u00f3n de diversos factores de impacto.<\/p>\n\t\t\t\t\t\t\t\t<\/div>\n\t\t\t\t<div class=\"elementor-element elementor-element-5b39a6e elementor-widget elementor-widget-text-editor\" data-id=\"5b39a6e\" data-element_type=\"widget\" data-e-type=\"widget\" data-widget_type=\"text-editor.default\">\n\t\t\t\t\t\t\t\t\t<p>Mantente al d\u00eda de las \u00faltimas noticias sobre tus inversiones procedentes de m\u00e1s de 60 fuentes de datos de terceros y proveedores de medios de comunicaci\u00f3n acreditados individualmente.<\/p>\n\t\t\t\t\t\t\t\t<\/div>\n\t\t\t\t<div class=\"elementor-element elementor-element-aaf92e5 elementor-widget elementor-widget-text-editor\" data-id=\"aaf92e5\" data-element_type=\"widget\" data-e-type=\"widget\" data-widget_type=\"text-editor.default\">\n\t\t\t\t\t\t\t\t\t<p>\u00danete hoy mismo a BlackBull Partners como Agente Introductor o Afiliado de Marketing CPA para empezar a remitir clientes de trading de acciones o para obtener m\u00e1s informaci\u00f3n sobre <span style=\"color: #2169fb;\"><a style=\"color: #2169fb;\" href=\"https:\/\/partners.blackbull.com\/es\/acerca-de\/informacion-de-la-empresa\/informacion-sobre-el-producto\/\">otros productos que ofrecemos<\/a><\/span>.<\/p>\n\t\t\t\t\t\t\t\t<\/div>\n\t\t\t\t\t<\/div>\n\t\t\t\t<\/div>\n\t\t<div class=\"elementor-element elementor-element-93e11bd e-flex e-con-boxed e-con e-parent\" data-id=\"93e11bd\" data-element_type=\"container\" data-e-type=\"container\" data-settings=\"{&quot;jet_parallax_layout_list&quot;:[]}\">\n\t\t\t\t\t<div class=\"e-con-inner\">\n\t\t\t\t<div class=\"elementor-element elementor-element-caefe51 elementor-widget elementor-widget-image\" data-id=\"caefe51\" data-element_type=\"widget\" data-e-type=\"widget\" data-widget_type=\"image.default\">\n\t\t\t\t\t\t\t\t\t\t\t\t\t\t\t<img fetchpriority=\"high\" decoding=\"async\" width=\"538\" height=\"362\" src=\"https:\/\/partners.blackbull.com\/wp-content\/uploads\/2023\/06\/share-trading.png\" class=\"attachment-large size-large wp-image-12213\" alt=\"\" srcset=\"https:\/\/partners.blackbull.com\/wp-content\/uploads\/2023\/06\/share-trading.png 538w, https:\/\/partners.blackbull.com\/wp-content\/uploads\/2023\/06\/share-trading-300x202.png 300w\" sizes=\"(max-width: 538px) 100vw, 538px\" \/>\t\t\t\t\t\t\t\t\t\t\t\t\t\t\t<\/div>\n\t\t\t\t\t<\/div>\n\t\t\t\t<\/div>\n\t\t\t\t\t<\/div>\n\t\t\t\t<\/div>\n\t\t\t\t\t<\/div>\n\t\t\t\t<\/div>\n\t\t\t\t\t<\/div>\n\t\t\t\t<\/div>\n\t\t\t\t\t<\/div>\n\t\t\t\t<\/div>\n\t\t\t\t<\/div>\n\t\t","protected":false},"excerpt":{"rendered":"<p>Blackbull Partners- Trading de acciones Proporcionamos acceso a m\u00e1s de 26.000 acciones de m\u00e1s de 80 mercados mundiales en una \u00fanica cuenta integrada. Los clientes pueden invertir en diversos mercados mundiales, como Nueva Zelanda, EE.UU., Canad\u00e1, Reino Unido, Australia, M\u00e9xico, Alemania, Francia, Jap\u00f3n y muchos m\u00e1s. Ofrecemos algunas de las comisiones m\u00e1s competitivas del mercado. [&hellip;]<\/p>\n","protected":false},"author":20,"featured_media":3197,"parent":17066,"menu_order":0,"comment_status":"closed","ping_status":"closed","template":"elementor_header_footer","meta":{"inline_featured_image":false,"footnotes":""},"class_list":["post-17070","page","type-page","status-publish","has-post-thumbnail","hentry"],"yoast_head":"<!-- This site is optimized with the Yoast SEO plugin v27.5 - https:\/\/yoast.com\/product\/yoast-seo-wordpress\/ -->\n<title>Trading de acciones | BlackBull Partners%.<\/title>\n<meta name=\"description\" content=\"BlackBull Markets Plataforma de trading de acciones: ofrece acceso a las principales acciones mundiales, incluidas Google, Amazon y Facebook,\" \/>\n<meta name=\"robots\" content=\"index, follow, max-snippet:-1, max-image-preview:large, max-video-preview:-1\" \/>\n<link rel=\"canonical\" href=\"https:\/\/partners.blackbull.com\/es\/about\/company-information\/product-information\/share-trading\/\" \/>\n<meta property=\"og:locale\" content=\"es_ES\" \/>\n<meta property=\"og:type\" content=\"article\" \/>\n<meta property=\"og:title\" content=\"Trading de acciones | BlackBull Partners%.\" \/>\n<meta property=\"og:description\" content=\"BlackBull Markets Plataforma de trading de acciones: ofrece acceso a las principales acciones mundiales, incluidas Google, Amazon y Facebook,\" \/>\n<meta property=\"og:url\" content=\"https:\/\/partners.blackbull.com\/es\/about\/company-information\/product-information\/share-trading\/\" \/>\n<meta property=\"og:site_name\" content=\"BlackBull Partners\" \/>\n<meta property=\"article:modified_time\" content=\"2025-03-24T17:57:39+00:00\" \/>\n<meta property=\"og:image\" content=\"https:\/\/partners.blackbull.com\/wp-content\/uploads\/2022\/10\/XT4A7746.jpg\" \/>\n\t<meta property=\"og:image:width\" content=\"2048\" \/>\n\t<meta property=\"og:image:height\" content=\"1365\" \/>\n\t<meta property=\"og:image:type\" content=\"image\/jpeg\" \/>\n<meta name=\"twitter:card\" content=\"summary_large_image\" \/>\n<meta name=\"twitter:label1\" content=\"Tiempo de lectura\" \/>\n\t<meta name=\"twitter:data1\" content=\"2 minutos\" \/>\n<script type=\"application\/ld+json\" class=\"yoast-schema-graph\">{\"@context\":\"https:\\\/\\\/schema.org\",\"@graph\":[{\"@type\":\"WebPage\",\"@id\":\"https:\\\/\\\/partners.blackbull.com\\\/es\\\/about\\\/company-information\\\/product-information\\\/share-trading\\\/\",\"url\":\"https:\\\/\\\/partners.blackbull.com\\\/es\\\/about\\\/company-information\\\/product-information\\\/share-trading\\\/\",\"name\":\"Trading de acciones | BlackBull Partners%.\",\"isPartOf\":{\"@id\":\"https:\\\/\\\/partners.blackbull.com\\\/es\\\/#website\"},\"primaryImageOfPage\":{\"@id\":\"https:\\\/\\\/partners.blackbull.com\\\/es\\\/about\\\/company-information\\\/product-information\\\/share-trading\\\/#primaryimage\"},\"image\":{\"@id\":\"https:\\\/\\\/partners.blackbull.com\\\/es\\\/about\\\/company-information\\\/product-information\\\/share-trading\\\/#primaryimage\"},\"thumbnailUrl\":\"https:\\\/\\\/partners.blackbull.com\\\/wp-content\\\/uploads\\\/2022\\\/10\\\/XT4A7746.jpg\",\"datePublished\":\"2025-03-24T17:57:35+00:00\",\"dateModified\":\"2025-03-24T17:57:39+00:00\",\"description\":\"BlackBull Markets Plataforma de trading de acciones: ofrece acceso a las principales acciones mundiales, incluidas Google, Amazon y Facebook,\",\"breadcrumb\":{\"@id\":\"https:\\\/\\\/partners.blackbull.com\\\/es\\\/about\\\/company-information\\\/product-information\\\/share-trading\\\/#breadcrumb\"},\"inLanguage\":\"es\",\"potentialAction\":[{\"@type\":\"ReadAction\",\"target\":[\"https:\\\/\\\/partners.blackbull.com\\\/es\\\/about\\\/company-information\\\/product-information\\\/share-trading\\\/\"]}]},{\"@type\":\"ImageObject\",\"inLanguage\":\"es\",\"@id\":\"https:\\\/\\\/partners.blackbull.com\\\/es\\\/about\\\/company-information\\\/product-information\\\/share-trading\\\/#primaryimage\",\"url\":\"https:\\\/\\\/partners.blackbull.com\\\/wp-content\\\/uploads\\\/2022\\\/10\\\/XT4A7746.jpg\",\"contentUrl\":\"https:\\\/\\\/partners.blackbull.com\\\/wp-content\\\/uploads\\\/2022\\\/10\\\/XT4A7746.jpg\",\"width\":2048,\"height\":1365},{\"@type\":\"BreadcrumbList\",\"@id\":\"https:\\\/\\\/partners.blackbull.com\\\/es\\\/about\\\/company-information\\\/product-information\\\/share-trading\\\/#breadcrumb\",\"itemListElement\":[{\"@type\":\"ListItem\",\"position\":1,\"name\":\"Home\",\"item\":\"https:\\\/\\\/partners.blackbull.com\\\/es\\\/home-new\\\/\"},{\"@type\":\"ListItem\",\"position\":2,\"name\":\"Acerca de\",\"item\":\"https:\\\/\\\/partners.blackbull.com\\\/es\\\/acerca-de\\\/\"},{\"@type\":\"ListItem\",\"position\":3,\"name\":\"Informaci\u00f3n de la empresa\",\"item\":\"https:\\\/\\\/partners.blackbull.com\\\/es\\\/acerca-de\\\/informacion-de-la-empresa\\\/\"},{\"@type\":\"ListItem\",\"position\":4,\"name\":\"Informaci\u00f3n sobre el producto\",\"item\":\"https:\\\/\\\/partners.blackbull.com\\\/es\\\/acerca-de\\\/informacion-de-la-empresa\\\/informacion-sobre-el-producto\\\/\"},{\"@type\":\"ListItem\",\"position\":5,\"name\":\"Trading de acciones\"}]},{\"@type\":\"WebSite\",\"@id\":\"https:\\\/\\\/partners.blackbull.com\\\/es\\\/#website\",\"url\":\"https:\\\/\\\/partners.blackbull.com\\\/es\\\/\",\"name\":\"BlackBull Partners\",\"description\":\"BlackBull Affiliates is the partner referral program of BlackBull Markets, a top-tier, award-winning, and multi-regulated forex broker.\",\"publisher\":{\"@id\":\"https:\\\/\\\/partners.blackbull.com\\\/es\\\/#organization\"},\"potentialAction\":[{\"@type\":\"SearchAction\",\"target\":{\"@type\":\"EntryPoint\",\"urlTemplate\":\"https:\\\/\\\/partners.blackbull.com\\\/es\\\/?s={search_term_string}\"},\"query-input\":{\"@type\":\"PropertyValueSpecification\",\"valueRequired\":true,\"valueName\":\"search_term_string\"}}],\"inLanguage\":\"es\"},{\"@type\":\"Organization\",\"@id\":\"https:\\\/\\\/partners.blackbull.com\\\/es\\\/#organization\",\"name\":\"BlackBull Partners\",\"url\":\"https:\\\/\\\/partners.blackbull.com\\\/es\\\/\",\"logo\":{\"@type\":\"ImageObject\",\"inLanguage\":\"es\",\"@id\":\"https:\\\/\\\/partners.blackbull.com\\\/es\\\/#\\\/schema\\\/logo\\\/image\\\/\",\"url\":\"https:\\\/\\\/partners.blackbull.com\\\/wp-content\\\/uploads\\\/2022\\\/03\\\/BBMPartnerslogo_blue.svg\",\"contentUrl\":\"https:\\\/\\\/partners.blackbull.com\\\/wp-content\\\/uploads\\\/2022\\\/03\\\/BBMPartnerslogo_blue.svg\",\"width\":981,\"height\":279,\"caption\":\"BlackBull Partners\"},\"image\":{\"@id\":\"https:\\\/\\\/partners.blackbull.com\\\/es\\\/#\\\/schema\\\/logo\\\/image\\\/\"}}]}<\/script>\n<!-- \/ Yoast SEO plugin. -->","yoast_head_json":{"title":"Trading de acciones | BlackBull Partners%.","description":"BlackBull Markets Plataforma de trading de acciones: ofrece acceso a las principales acciones mundiales, incluidas Google, Amazon y Facebook,","robots":{"index":"index","follow":"follow","max-snippet":"max-snippet:-1","max-image-preview":"max-image-preview:large","max-video-preview":"max-video-preview:-1"},"canonical":"https:\/\/partners.blackbull.com\/es\/about\/company-information\/product-information\/share-trading\/","og_locale":"es_ES","og_type":"article","og_title":"Trading de acciones | BlackBull Partners%.","og_description":"BlackBull Markets Plataforma de trading de acciones: ofrece acceso a las principales acciones mundiales, incluidas Google, Amazon y Facebook,","og_url":"https:\/\/partners.blackbull.com\/es\/about\/company-information\/product-information\/share-trading\/","og_site_name":"BlackBull Partners","article_modified_time":"2025-03-24T17:57:39+00:00","og_image":[{"width":2048,"height":1365,"url":"https:\/\/partners.blackbull.com\/wp-content\/uploads\/2022\/10\/XT4A7746.jpg","type":"image\/jpeg"}],"twitter_card":"summary_large_image","twitter_misc":{"Tiempo de lectura":"2 minutos"},"schema":{"@context":"https:\/\/schema.org","@graph":[{"@type":"WebPage","@id":"https:\/\/partners.blackbull.com\/es\/about\/company-information\/product-information\/share-trading\/","url":"https:\/\/partners.blackbull.com\/es\/about\/company-information\/product-information\/share-trading\/","name":"Trading de acciones | BlackBull Partners%.","isPartOf":{"@id":"https:\/\/partners.blackbull.com\/es\/#website"},"primaryImageOfPage":{"@id":"https:\/\/partners.blackbull.com\/es\/about\/company-information\/product-information\/share-trading\/#primaryimage"},"image":{"@id":"https:\/\/partners.blackbull.com\/es\/about\/company-information\/product-information\/share-trading\/#primaryimage"},"thumbnailUrl":"https:\/\/partners.blackbull.com\/wp-content\/uploads\/2022\/10\/XT4A7746.jpg","datePublished":"2025-03-24T17:57:35+00:00","dateModified":"2025-03-24T17:57:39+00:00","description":"BlackBull Markets Plataforma de trading de acciones: ofrece acceso a las principales acciones mundiales, incluidas Google, Amazon y Facebook,","breadcrumb":{"@id":"https:\/\/partners.blackbull.com\/es\/about\/company-information\/product-information\/share-trading\/#breadcrumb"},"inLanguage":"es","potentialAction":[{"@type":"ReadAction","target":["https:\/\/partners.blackbull.com\/es\/about\/company-information\/product-information\/share-trading\/"]}]},{"@type":"ImageObject","inLanguage":"es","@id":"https:\/\/partners.blackbull.com\/es\/about\/company-information\/product-information\/share-trading\/#primaryimage","url":"https:\/\/partners.blackbull.com\/wp-content\/uploads\/2022\/10\/XT4A7746.jpg","contentUrl":"https:\/\/partners.blackbull.com\/wp-content\/uploads\/2022\/10\/XT4A7746.jpg","width":2048,"height":1365},{"@type":"BreadcrumbList","@id":"https:\/\/partners.blackbull.com\/es\/about\/company-information\/product-information\/share-trading\/#breadcrumb","itemListElement":[{"@type":"ListItem","position":1,"name":"Home","item":"https:\/\/partners.blackbull.com\/es\/home-new\/"},{"@type":"ListItem","position":2,"name":"Acerca de","item":"https:\/\/partners.blackbull.com\/es\/acerca-de\/"},{"@type":"ListItem","position":3,"name":"Informaci\u00f3n de la empresa","item":"https:\/\/partners.blackbull.com\/es\/acerca-de\/informacion-de-la-empresa\/"},{"@type":"ListItem","position":4,"name":"Informaci\u00f3n sobre el producto","item":"https:\/\/partners.blackbull.com\/es\/acerca-de\/informacion-de-la-empresa\/informacion-sobre-el-producto\/"},{"@type":"ListItem","position":5,"name":"Trading de acciones"}]},{"@type":"WebSite","@id":"https:\/\/partners.blackbull.com\/es\/#website","url":"https:\/\/partners.blackbull.com\/es\/","name":"BlackBull Partners","description":"BlackBull Affiliates is the partner referral program of BlackBull Markets, a top-tier, award-winning, and multi-regulated forex broker.","publisher":{"@id":"https:\/\/partners.blackbull.com\/es\/#organization"},"potentialAction":[{"@type":"SearchAction","target":{"@type":"EntryPoint","urlTemplate":"https:\/\/partners.blackbull.com\/es\/?s={search_term_string}"},"query-input":{"@type":"PropertyValueSpecification","valueRequired":true,"valueName":"search_term_string"}}],"inLanguage":"es"},{"@type":"Organization","@id":"https:\/\/partners.blackbull.com\/es\/#organization","name":"BlackBull Partners","url":"https:\/\/partners.blackbull.com\/es\/","logo":{"@type":"ImageObject","inLanguage":"es","@id":"https:\/\/partners.blackbull.com\/es\/#\/schema\/logo\/image\/","url":"https:\/\/partners.blackbull.com\/wp-content\/uploads\/2022\/03\/BBMPartnerslogo_blue.svg","contentUrl":"https:\/\/partners.blackbull.com\/wp-content\/uploads\/2022\/03\/BBMPartnerslogo_blue.svg","width":981,"height":279,"caption":"BlackBull Partners"},"image":{"@id":"https:\/\/partners.blackbull.com\/es\/#\/schema\/logo\/image\/"}}]}},"_links":{"self":[{"href":"https:\/\/partners.blackbull.com\/es\/wp-json\/wp\/v2\/pages\/17070","targetHints":{"allow":["GET"]}}],"collection":[{"href":"https:\/\/partners.blackbull.com\/es\/wp-json\/wp\/v2\/pages"}],"about":[{"href":"https:\/\/partners.blackbull.com\/es\/wp-json\/wp\/v2\/types\/page"}],"author":[{"embeddable":true,"href":"https:\/\/partners.blackbull.com\/es\/wp-json\/wp\/v2\/users\/20"}],"replies":[{"embeddable":true,"href":"https:\/\/partners.blackbull.com\/es\/wp-json\/wp\/v2\/comments?post=17070"}],"version-history":[{"count":1,"href":"https:\/\/partners.blackbull.com\/es\/wp-json\/wp\/v2\/pages\/17070\/revisions"}],"predecessor-version":[{"id":17071,"href":"https:\/\/partners.blackbull.com\/es\/wp-json\/wp\/v2\/pages\/17070\/revisions\/17071"}],"up":[{"embeddable":true,"href":"https:\/\/partners.blackbull.com\/es\/wp-json\/wp\/v2\/pages\/17066"}],"wp:featuredmedia":[{"embeddable":true,"href":"https:\/\/partners.blackbull.com\/es\/wp-json\/wp\/v2\/media\/3197"}],"wp:attachment":[{"href":"https:\/\/partners.blackbull.com\/es\/wp-json\/wp\/v2\/media?parent=17070"}],"curies":[{"name":"wp","href":"https:\/\/api.w.org\/{rel}","templated":true}]}}