{"id":17076,"date":"2025-03-25T06:57:38","date_gmt":"2025-03-24T17:57:38","guid":{"rendered":"https:\/\/partners.blackbull.com\/proveedores-de-senales\/"},"modified":"2025-03-25T06:57:51","modified_gmt":"2025-03-24T17:57:51","slug":"signal-providers","status":"publish","type":"page","link":"https:\/\/partners.blackbull.com\/es\/ib-program\/partner-types\/signal-providers\/","title":{"rendered":"Proveedores de se\u00f1ales"},"content":{"rendered":"\t\t<div data-elementor-type=\"wp-page\" data-elementor-id=\"17076\" class=\"elementor elementor-17076 elementor-3489\" data-elementor-post-type=\"page\">\n\t\t\t\t<div class=\"elementor-element elementor-element-1b7d4dc e-flex e-con-boxed e-con e-parent\" data-id=\"1b7d4dc\" data-element_type=\"container\" data-e-type=\"container\" data-settings=\"{&quot;background_background&quot;:&quot;classic&quot;,&quot;jet_parallax_layout_list&quot;:[]}\">\n\t\t\t\t\t<div class=\"e-con-inner\">\n\t\t\t\t<div class=\"elementor-element elementor-element-4942ab0 elementor-widget elementor-widget-breadcrumbs\" data-id=\"4942ab0\" data-element_type=\"widget\" data-e-type=\"widget\" data-widget_type=\"breadcrumbs.default\">\n\t\t\t\t\t<p id=\"breadcrumbs\"><span><span><a href=\"https:\/\/partners.blackbull.com\/es\/home-new\/\">Home<\/a><\/span><\/span><\/p>\t\t\t\t<\/div>\n\t\t\t\t\t<\/div>\n\t\t\t\t<\/div>\n\t\t<div class=\"elementor-element elementor-element-92d205b e-flex e-con-boxed e-con e-parent\" data-id=\"92d205b\" data-element_type=\"container\" data-e-type=\"container\" data-settings=\"{&quot;background_background&quot;:&quot;classic&quot;,&quot;jet_parallax_layout_list&quot;:[]}\">\n\t\t\t\t\t<div class=\"e-con-inner\">\n\t\t<div class=\"elementor-element elementor-element-b6a50ff e-con-full e-flex e-con e-parent\" data-id=\"b6a50ff\" data-element_type=\"container\" data-e-type=\"container\" data-settings=\"{&quot;background_background&quot;:&quot;classic&quot;,&quot;jet_parallax_layout_list&quot;:[]}\">\n\t\t\t\t<div class=\"elementor-element elementor-element-b7a2f09 elementor-widget__width-initial elementor-widget elementor-widget-heading\" data-id=\"b7a2f09\" data-element_type=\"widget\" data-e-type=\"widget\" data-widget_type=\"heading.default\">\n\t\t\t\t\t<h2 class=\"elementor-heading-title elementor-size-default\">Socios de BlackBull Proveedores de se\u00f1al<\/h2>\t\t\t\t<\/div>\n\t\t\t\t<\/div>\n\t\t<div class=\"elementor-element elementor-element-ffef1e4 e-con-full e-flex e-con e-parent\" data-id=\"ffef1e4\" data-element_type=\"container\" data-e-type=\"container\" data-settings=\"{&quot;jet_parallax_layout_list&quot;:[]}\">\n\t\t\t\t<div class=\"elementor-element elementor-element-fa720be link-text elementor-widget elementor-widget-text-editor\" data-id=\"fa720be\" data-element_type=\"widget\" data-e-type=\"widget\" data-widget_type=\"text-editor.default\">\n\t\t\t\t\t\t\t\t\t<p>Un proveedor de se\u00f1ales es alguien que concede acceso a los datos de sus actividades de trading, permitiendo que otros los copien en sus propias cuentas. Las se\u00f1ales pueden proporcionarse de forma gratuita o comercial. Es habitual que los proveedores de se\u00f1ales se asocien con corredores en un modelo de Agente Introductor.  <\/p>\n\t\t\t\t\t\t\t\t<\/div>\n\t\t\t\t<\/div>\n\t\t\t\t\t<\/div>\n\t\t\t\t<\/div>\n\t\t<div class=\"elementor-element elementor-element-c80ab9c e-flex e-con-boxed e-con e-parent\" data-id=\"c80ab9c\" data-element_type=\"container\" data-e-type=\"container\" data-settings=\"{&quot;jet_parallax_layout_list&quot;:[]}\">\n\t\t\t\t\t<div class=\"e-con-inner\">\n\t\t<div class=\"elementor-element elementor-element-3dacce4 e-flex e-con-boxed e-con e-parent\" data-id=\"3dacce4\" data-element_type=\"container\" data-e-type=\"container\" data-settings=\"{&quot;jet_parallax_layout_list&quot;:[]}\">\n\t\t\t\t\t<div class=\"e-con-inner\">\n\t\t<div class=\"elementor-element elementor-element-13d10c2 e-flex e-con-boxed e-con e-parent\" data-id=\"13d10c2\" data-element_type=\"container\" data-e-type=\"container\" data-settings=\"{&quot;jet_parallax_layout_list&quot;:[]}\">\n\t\t\t\t\t<div class=\"e-con-inner\">\n\t\t<div class=\"elementor-element elementor-element-f81692c e-flex e-con-boxed e-con e-parent\" data-id=\"f81692c\" data-element_type=\"container\" data-e-type=\"container\" data-settings=\"{&quot;jet_parallax_layout_list&quot;:[]}\">\n\t\t\t\t\t<div class=\"e-con-inner\">\n\t\t<div class=\"elementor-element elementor-element-b3db703 e-flex e-con-boxed e-con e-parent\" data-id=\"b3db703\" data-element_type=\"container\" data-e-type=\"container\" data-settings=\"{&quot;jet_parallax_layout_list&quot;:[]}\">\n\t\t\t\t\t<div class=\"e-con-inner\">\n\t\t\t\t<div class=\"elementor-element elementor-element-e368ed4 elementor-widget elementor-widget-heading\" data-id=\"e368ed4\" data-element_type=\"widget\" data-e-type=\"widget\" data-widget_type=\"heading.default\">\n\t\t\t\t\t<h2 class=\"elementor-heading-title elementor-size-default\">Los proveedores de se\u00f1ales comparten informaci\u00f3n y recomendaciones sobre actividades de trading relacionadas con:<\/h2>\t\t\t\t<\/div>\n\t\t\t\t<div class=\"elementor-element elementor-element-5057d7d elementor-icon-list--layout-traditional elementor-list-item-link-full_width elementor-widget elementor-widget-icon-list\" data-id=\"5057d7d\" data-element_type=\"widget\" data-e-type=\"widget\" data-widget_type=\"icon-list.default\">\n\t\t\t\t\t\t\t<ul class=\"elementor-icon-list-items\">\n\t\t\t\t\t\t\t<li class=\"elementor-icon-list-item\">\n\t\t\t\t\t\t\t\t\t\t\t<span class=\"elementor-icon-list-icon\">\n\t\t\t\t\t\t\t<svg xmlns=\"http:\/\/www.w3.org\/2000\/svg\" width=\"35\" height=\"35\" viewBox=\"0 0 35 35\"><g id=\"Group_173\" data-name=\"Group 173\" transform=\"translate(-1344.024 -2068.024)\"><g id=\"Rectangle_100\" data-name=\"Rectangle 100\" transform=\"translate(1344.024 2068.024)\" fill=\"rgba(255,255,255,0.2)\" stroke=\"#1a58d3\" stroke-width=\"1\"><rect width=\"35\" height=\"35\" rx=\"17.5\" stroke=\"none\"><\/rect><rect x=\"0.5\" y=\"0.5\" width=\"34\" height=\"34\" rx=\"17\" fill=\"none\"><\/rect><\/g><path id=\"Path_182\" data-name=\"Path 182\" d=\"M3.75,9.988,10.972,2.25,9.424,7.924H15.1L7.877,15.662,9.424,9.988Z\" transform=\"translate(1352.1 2076.568)\" fill=\"none\" stroke=\"#1a58d3\" stroke-linecap=\"round\" stroke-linejoin=\"round\" stroke-width=\"1\"><\/path><\/g><\/svg>\t\t\t\t\t\t<\/span>\n\t\t\t\t\t\t\t\t\t\t<span class=\"elementor-icon-list-text\">Qu\u00e9 par de divisas deber\u00edas negociar<\/span>\n\t\t\t\t\t\t\t\t\t<\/li>\n\t\t\t\t\t\t\t\t<li class=\"elementor-icon-list-item\">\n\t\t\t\t\t\t\t\t\t\t\t<span class=\"elementor-icon-list-icon\">\n\t\t\t\t\t\t\t<svg xmlns=\"http:\/\/www.w3.org\/2000\/svg\" width=\"35\" height=\"35\" viewBox=\"0 0 35 35\"><g id=\"Group_173\" data-name=\"Group 173\" transform=\"translate(-1344.024 -2068.024)\"><g id=\"Rectangle_100\" data-name=\"Rectangle 100\" transform=\"translate(1344.024 2068.024)\" fill=\"rgba(255,255,255,0.2)\" stroke=\"#1a58d3\" stroke-width=\"1\"><rect width=\"35\" height=\"35\" rx=\"17.5\" stroke=\"none\"><\/rect><rect x=\"0.5\" y=\"0.5\" width=\"34\" height=\"34\" rx=\"17\" fill=\"none\"><\/rect><\/g><path id=\"Path_182\" data-name=\"Path 182\" d=\"M3.75,9.988,10.972,2.25,9.424,7.924H15.1L7.877,15.662,9.424,9.988Z\" transform=\"translate(1352.1 2076.568)\" fill=\"none\" stroke=\"#1a58d3\" stroke-linecap=\"round\" stroke-linejoin=\"round\" stroke-width=\"1\"><\/path><\/g><\/svg>\t\t\t\t\t\t<\/span>\n\t\t\t\t\t\t\t\t\t\t<span class=\"elementor-icon-list-text\">Si comprar un par de divisas o venderlo<\/span>\n\t\t\t\t\t\t\t\t\t<\/li>\n\t\t\t\t\t\t\t\t<li class=\"elementor-icon-list-item\">\n\t\t\t\t\t\t\t\t\t\t\t<span class=\"elementor-icon-list-icon\">\n\t\t\t\t\t\t\t<svg xmlns=\"http:\/\/www.w3.org\/2000\/svg\" width=\"35\" height=\"35\" viewBox=\"0 0 35 35\"><g id=\"Group_173\" data-name=\"Group 173\" transform=\"translate(-1344.024 -2068.024)\"><g id=\"Rectangle_100\" data-name=\"Rectangle 100\" transform=\"translate(1344.024 2068.024)\" fill=\"rgba(255,255,255,0.2)\" stroke=\"#1a58d3\" stroke-width=\"1\"><rect width=\"35\" height=\"35\" rx=\"17.5\" stroke=\"none\"><\/rect><rect x=\"0.5\" y=\"0.5\" width=\"34\" height=\"34\" rx=\"17\" fill=\"none\"><\/rect><\/g><path id=\"Path_182\" data-name=\"Path 182\" d=\"M3.75,9.988,10.972,2.25,9.424,7.924H15.1L7.877,15.662,9.424,9.988Z\" transform=\"translate(1352.1 2076.568)\" fill=\"none\" stroke=\"#1a58d3\" stroke-linecap=\"round\" stroke-linejoin=\"round\" stroke-width=\"1\"><\/path><\/g><\/svg>\t\t\t\t\t\t<\/span>\n\t\t\t\t\t\t\t\t\t\t<span class=\"elementor-icon-list-text\">Cu\u00e1ndo entrar en el mercado<\/span>\n\t\t\t\t\t\t\t\t\t<\/li>\n\t\t\t\t\t\t\t\t<li class=\"elementor-icon-list-item\">\n\t\t\t\t\t\t\t\t\t\t\t<span class=\"elementor-icon-list-icon\">\n\t\t\t\t\t\t\t<svg xmlns=\"http:\/\/www.w3.org\/2000\/svg\" width=\"35\" height=\"35\" viewBox=\"0 0 35 35\"><g id=\"Group_173\" data-name=\"Group 173\" transform=\"translate(-1344.024 -2068.024)\"><g id=\"Rectangle_100\" data-name=\"Rectangle 100\" transform=\"translate(1344.024 2068.024)\" fill=\"rgba(255,255,255,0.2)\" stroke=\"#1a58d3\" stroke-width=\"1\"><rect width=\"35\" height=\"35\" rx=\"17.5\" stroke=\"none\"><\/rect><rect x=\"0.5\" y=\"0.5\" width=\"34\" height=\"34\" rx=\"17\" fill=\"none\"><\/rect><\/g><path id=\"Path_182\" data-name=\"Path 182\" d=\"M3.75,9.988,10.972,2.25,9.424,7.924H15.1L7.877,15.662,9.424,9.988Z\" transform=\"translate(1352.1 2076.568)\" fill=\"none\" stroke=\"#1a58d3\" stroke-linecap=\"round\" stroke-linejoin=\"round\" stroke-width=\"1\"><\/path><\/g><\/svg>\t\t\t\t\t\t<\/span>\n\t\t\t\t\t\t\t\t\t\t<span class=\"elementor-icon-list-text\">Cu\u00e1ndo salir del mercado<\/span>\n\t\t\t\t\t\t\t\t\t<\/li>\n\t\t\t\t\t\t<\/ul>\n\t\t\t\t\t\t<\/div>\n\t\t\t\t<div class=\"elementor-element elementor-element-2614551 elementor-widget elementor-widget-text-editor\" data-id=\"2614551\" data-element_type=\"widget\" data-e-type=\"widget\" data-widget_type=\"text-editor.default\">\n\t\t\t\t\t\t\t\t\t<p>Por definici\u00f3n, una se\u00f1al de Forex es una idea o sugerencia de trading para realizar una operaci\u00f3n en un par de divisas o instrumento financiero concreto, normalmente a un precio espec\u00edfico. La se\u00f1al es distribuida por un proveedor o servicio de se\u00f1ales espec\u00edfico, correo electr\u00f3nico, notificaci\u00f3n push o grupo de redes sociales. <\/p>\n\t\t\t\t\t\t\t\t<\/div>\n\t\t\t\t\t<\/div>\n\t\t\t\t<\/div>\n\t\t\t\t\t<\/div>\n\t\t\t\t<\/div>\n\t\t<div class=\"elementor-element elementor-element-ef69b86 e-flex e-con-boxed e-con e-parent\" data-id=\"ef69b86\" data-element_type=\"container\" data-e-type=\"container\" data-settings=\"{&quot;jet_parallax_layout_list&quot;:[]}\">\n\t\t\t\t\t<div class=\"e-con-inner\">\n\t\t\t\t<div class=\"elementor-element elementor-element-765bfa8 elementor-widget elementor-widget-image\" data-id=\"765bfa8\" data-element_type=\"widget\" data-e-type=\"widget\" data-widget_type=\"image.default\">\n\t\t\t\t\t\t\t\t\t\t\t\t\t\t\t<img fetchpriority=\"high\" decoding=\"async\" width=\"538\" height=\"585\" src=\"https:\/\/partners.blackbull.com\/wp-content\/uploads\/2023\/06\/ceo-shaking-hand-male-job-applicant-img.png\" class=\"attachment-full size-full wp-image-9858\" alt=\"\" srcset=\"https:\/\/partners.blackbull.com\/wp-content\/uploads\/2023\/06\/ceo-shaking-hand-male-job-applicant-img.png 538w, https:\/\/partners.blackbull.com\/wp-content\/uploads\/2023\/06\/ceo-shaking-hand-male-job-applicant-img-276x300.png 276w\" sizes=\"(max-width: 538px) 100vw, 538px\" \/>\t\t\t\t\t\t\t\t\t\t\t\t\t\t\t<\/div>\n\t\t\t\t\t<\/div>\n\t\t\t\t<\/div>\n\t\t\t\t\t<\/div>\n\t\t\t\t<\/div>\n\t\t\t\t\t<\/div>\n\t\t\t\t<\/div>\n\t\t\t\t\t<\/div>\n\t\t\t\t<\/div>\n\t\t<div class=\"elementor-element elementor-element-f74e7c7 e-flex e-con-boxed e-con e-parent\" data-id=\"f74e7c7\" data-element_type=\"container\" data-e-type=\"container\" data-settings=\"{&quot;background_background&quot;:&quot;classic&quot;,&quot;jet_parallax_layout_list&quot;:[]}\">\n\t\t\t\t\t<div class=\"e-con-inner\">\n\t\t<div class=\"elementor-element elementor-element-506ff4d e-flex e-con-boxed e-con e-parent\" data-id=\"506ff4d\" data-element_type=\"container\" data-e-type=\"container\" data-settings=\"{&quot;jet_parallax_layout_list&quot;:[]}\">\n\t\t\t\t\t<div class=\"e-con-inner\">\n\t\t<div class=\"elementor-element elementor-element-a2ecacc e-flex e-con-boxed e-con e-parent\" data-id=\"a2ecacc\" data-element_type=\"container\" data-e-type=\"container\" data-settings=\"{&quot;jet_parallax_layout_list&quot;:[]}\">\n\t\t\t\t\t<div class=\"e-con-inner\">\n\t\t\t\t<div class=\"elementor-element elementor-element-e75bb53 elementor-widget elementor-widget-heading\" data-id=\"e75bb53\" data-element_type=\"widget\" data-e-type=\"widget\" data-widget_type=\"heading.default\">\n\t\t\t\t\t<h2 class=\"elementor-heading-title elementor-size-default\">Maximizar la eficacia del trading y mitigar los riesgos con el trading de se\u00f1ales<\/h2>\t\t\t\t<\/div>\n\t\t\t\t<div class=\"elementor-element elementor-element-ca42022 elementor-widget elementor-widget-text-editor\" data-id=\"ca42022\" data-element_type=\"widget\" data-e-type=\"widget\" data-widget_type=\"text-editor.default\">\n\t\t\t\t\t\t\t\t\t<p>Muchos operadores de an\u00e1lisis t\u00e9cnico y sistemas automatizados de trading utilizan se\u00f1ales de trading basadas en el an\u00e1lisis t\u00e9cnico. Esto les permite determinar eficazmente cu\u00e1ndo abrir o cerrar una posici\u00f3n bas\u00e1ndose en datos hist\u00f3ricos y en la acci\u00f3n de los precios. <\/p>\n\t\t\t\t\t\t\t\t<\/div>\n\t\t\t\t<div class=\"elementor-element elementor-element-d139bba elementor-widget elementor-widget-text-editor\" data-id=\"d139bba\" data-element_type=\"widget\" data-e-type=\"widget\" data-widget_type=\"text-editor.default\">\n\t\t\t\t\t\t\t\t\t<p>El trading con se\u00f1ales puede mejorar una estrategia de trading, ya que mitiga el riesgo de hacer suposiciones. Es una forma estupenda de que los nuevos operadores entren en el mercado y, en algunos casos, los proveedores privados de se\u00f1ales exigen a su comunidad que opere con un corredor espec\u00edfico, por lo que el modelo de negocio tambi\u00e9n sirve como una buena fuente de referencias de clientes. <\/p>\n\t\t\t\t\t\t\t\t<\/div>\n\t\t\t\t<div class=\"elementor-element elementor-element-112f1d9 elementor-widget elementor-widget-text-editor\" data-id=\"112f1d9\" data-element_type=\"widget\" data-e-type=\"widget\" data-widget_type=\"text-editor.default\">\n\t\t\t\t\t\t\t\t\t<p><a href=\"https:\/\/secure.blackbull.com\/auth\/register-partners\/\">Crea<\/a> una cuenta en BlackBull Partners para empezar hoy mismo como proveedor de se\u00f1ales.<\/p>\n\t\t\t\t\t\t\t\t<\/div>\n\t\t\t\t<div class=\"elementor-element elementor-element-88040cf elementor-mobile-align-left elementor-widget elementor-widget-button\" data-id=\"88040cf\" data-element_type=\"widget\" data-e-type=\"widget\" data-widget_type=\"button.default\">\n\t\t\t\t\t\t\t\t\t\t<a class=\"elementor-button elementor-button-link elementor-size-sm\" href=\"https:\/\/secure.blackbull.com\/auth\/register-partners\/\">\n\t\t\t\t\t\t<span class=\"elementor-button-content-wrapper\">\n\t\t\t\t\t\t\t\t\t<span class=\"elementor-button-text\">INSCR\u00cdBETE<\/span>\n\t\t\t\t\t<\/span>\n\t\t\t\t\t<\/a>\n\t\t\t\t\t\t\t\t<\/div>\n\t\t\t\t\t<\/div>\n\t\t\t\t<\/div>\n\t\t\t\t\t<\/div>\n\t\t\t\t<\/div>\n\t\t\t\t\t<\/div>\n\t\t\t\t<\/div>\n\t\t\t\t<\/div>\n\t\t","protected":false},"excerpt":{"rendered":"<p>Socios de BlackBull Proveedores de se\u00f1al Un proveedor de se\u00f1ales es alguien que concede acceso a los datos de sus actividades de trading, permitiendo que otros los copien en sus propias cuentas. Las se\u00f1ales pueden proporcionarse de forma gratuita o comercial. Es habitual que los proveedores de se\u00f1ales se asocien con corredores en un modelo [&hellip;]<\/p>\n","protected":false},"author":6,"featured_media":0,"parent":17090,"menu_order":0,"comment_status":"closed","ping_status":"closed","template":"elementor_header_footer","meta":{"inline_featured_image":false,"footnotes":""},"class_list":["post-17076","page","type-page","status-publish","hentry"],"yoast_head":"<!-- This site is optimized with the Yoast SEO plugin v27.4 - https:\/\/yoast.com\/product\/yoast-seo-wordpress\/ -->\n<title>Proveedores de se\u00f1ales | BlackBull Partners<\/title>\n<meta name=\"robots\" content=\"index, follow, max-snippet:-1, max-image-preview:large, max-video-preview:-1\" \/>\n<link rel=\"canonical\" href=\"https:\/\/partners.blackbull.com\/es\/ib-program\/partner-types\/signal-providers\/\" \/>\n<meta property=\"og:locale\" content=\"es_ES\" \/>\n<meta property=\"og:type\" content=\"article\" \/>\n<meta property=\"og:title\" content=\"Proveedores de se\u00f1ales | BlackBull Partners\" \/>\n<meta property=\"og:description\" content=\"Socios de BlackBull Proveedores de se\u00f1al Un proveedor de se\u00f1ales es alguien que concede acceso a los datos de sus actividades de trading, permitiendo que otros los copien en sus propias cuentas. Las se\u00f1ales pueden proporcionarse de forma gratuita o comercial. Es habitual que los proveedores de se\u00f1ales se asocien con corredores en un modelo [&hellip;]\" \/>\n<meta property=\"og:url\" content=\"https:\/\/partners.blackbull.com\/es\/ib-program\/partner-types\/signal-providers\/\" \/>\n<meta property=\"og:site_name\" content=\"BlackBull Partners\" \/>\n<meta property=\"article:modified_time\" content=\"2025-03-24T17:57:51+00:00\" \/>\n<meta property=\"og:image\" content=\"https:\/\/partners.blackbull.com\/wp-content\/uploads\/2023\/06\/ceo-shaking-hand-male-job-applicant-img.png\" \/>\n\t<meta property=\"og:image:width\" content=\"538\" \/>\n\t<meta property=\"og:image:height\" content=\"585\" \/>\n\t<meta property=\"og:image:type\" content=\"image\/png\" \/>\n<meta name=\"twitter:card\" content=\"summary_large_image\" \/>\n<meta name=\"twitter:label1\" content=\"Tiempo de lectura\" \/>\n\t<meta name=\"twitter:data1\" content=\"2 minutos\" \/>\n<script type=\"application\/ld+json\" class=\"yoast-schema-graph\">{\"@context\":\"https:\\\/\\\/schema.org\",\"@graph\":[{\"@type\":\"WebPage\",\"@id\":\"https:\\\/\\\/partners.blackbull.com\\\/es\\\/ib-program\\\/partner-types\\\/signal-providers\\\/\",\"url\":\"https:\\\/\\\/partners.blackbull.com\\\/es\\\/ib-program\\\/partner-types\\\/signal-providers\\\/\",\"name\":\"Proveedores de se\u00f1ales | BlackBull Partners\",\"isPartOf\":{\"@id\":\"https:\\\/\\\/partners.blackbull.com\\\/es\\\/#website\"},\"primaryImageOfPage\":{\"@id\":\"https:\\\/\\\/partners.blackbull.com\\\/es\\\/ib-program\\\/partner-types\\\/signal-providers\\\/#primaryimage\"},\"image\":{\"@id\":\"https:\\\/\\\/partners.blackbull.com\\\/es\\\/ib-program\\\/partner-types\\\/signal-providers\\\/#primaryimage\"},\"thumbnailUrl\":\"https:\\\/\\\/partners.blackbull.com\\\/wp-content\\\/uploads\\\/2023\\\/06\\\/ceo-shaking-hand-male-job-applicant-img.png\",\"datePublished\":\"2025-03-24T17:57:38+00:00\",\"dateModified\":\"2025-03-24T17:57:51+00:00\",\"breadcrumb\":{\"@id\":\"https:\\\/\\\/partners.blackbull.com\\\/es\\\/ib-program\\\/partner-types\\\/signal-providers\\\/#breadcrumb\"},\"inLanguage\":\"es\",\"potentialAction\":[{\"@type\":\"ReadAction\",\"target\":[\"https:\\\/\\\/partners.blackbull.com\\\/es\\\/ib-program\\\/partner-types\\\/signal-providers\\\/\"]}]},{\"@type\":\"ImageObject\",\"inLanguage\":\"es\",\"@id\":\"https:\\\/\\\/partners.blackbull.com\\\/es\\\/ib-program\\\/partner-types\\\/signal-providers\\\/#primaryimage\",\"url\":\"https:\\\/\\\/partners.blackbull.com\\\/wp-content\\\/uploads\\\/2023\\\/06\\\/ceo-shaking-hand-male-job-applicant-img.png\",\"contentUrl\":\"https:\\\/\\\/partners.blackbull.com\\\/wp-content\\\/uploads\\\/2023\\\/06\\\/ceo-shaking-hand-male-job-applicant-img.png\"},{\"@type\":\"BreadcrumbList\",\"@id\":\"https:\\\/\\\/partners.blackbull.com\\\/es\\\/ib-program\\\/partner-types\\\/signal-providers\\\/#breadcrumb\",\"itemListElement\":[{\"@type\":\"ListItem\",\"position\":1,\"name\":\"Home\",\"item\":\"https:\\\/\\\/partners.blackbull.com\\\/es\\\/home-new\\\/\"},{\"@type\":\"ListItem\",\"position\":2,\"name\":\"Programa IB\",\"item\":\"https:\\\/\\\/partners.blackbull.com\\\/es\\\/programa-ib\\\/\"},{\"@type\":\"ListItem\",\"position\":3,\"name\":\"Tipos de socios\",\"item\":\"https:\\\/\\\/partners.blackbull.com\\\/es\\\/programa-ib\\\/tipos-de-socios\\\/\"},{\"@type\":\"ListItem\",\"position\":4,\"name\":\"Proveedores de se\u00f1ales\"}]},{\"@type\":\"WebSite\",\"@id\":\"https:\\\/\\\/partners.blackbull.com\\\/es\\\/#website\",\"url\":\"https:\\\/\\\/partners.blackbull.com\\\/es\\\/\",\"name\":\"BlackBull Partners\",\"description\":\"BlackBull Affiliates is the partner referral program of BlackBull Markets, a top-tier, award-winning, and multi-regulated forex broker.\",\"publisher\":{\"@id\":\"https:\\\/\\\/partners.blackbull.com\\\/es\\\/#organization\"},\"potentialAction\":[{\"@type\":\"SearchAction\",\"target\":{\"@type\":\"EntryPoint\",\"urlTemplate\":\"https:\\\/\\\/partners.blackbull.com\\\/es\\\/?s={search_term_string}\"},\"query-input\":{\"@type\":\"PropertyValueSpecification\",\"valueRequired\":true,\"valueName\":\"search_term_string\"}}],\"inLanguage\":\"es\"},{\"@type\":\"Organization\",\"@id\":\"https:\\\/\\\/partners.blackbull.com\\\/es\\\/#organization\",\"name\":\"BlackBull Partners\",\"url\":\"https:\\\/\\\/partners.blackbull.com\\\/es\\\/\",\"logo\":{\"@type\":\"ImageObject\",\"inLanguage\":\"es\",\"@id\":\"https:\\\/\\\/partners.blackbull.com\\\/es\\\/#\\\/schema\\\/logo\\\/image\\\/\",\"url\":\"https:\\\/\\\/partners.blackbull.com\\\/wp-content\\\/uploads\\\/2022\\\/03\\\/BBMPartnerslogo_blue.svg\",\"contentUrl\":\"https:\\\/\\\/partners.blackbull.com\\\/wp-content\\\/uploads\\\/2022\\\/03\\\/BBMPartnerslogo_blue.svg\",\"width\":981,\"height\":279,\"caption\":\"BlackBull Partners\"},\"image\":{\"@id\":\"https:\\\/\\\/partners.blackbull.com\\\/es\\\/#\\\/schema\\\/logo\\\/image\\\/\"}}]}<\/script>\n<!-- \/ Yoast SEO plugin. -->","yoast_head_json":{"title":"Proveedores de se\u00f1ales | BlackBull Partners","robots":{"index":"index","follow":"follow","max-snippet":"max-snippet:-1","max-image-preview":"max-image-preview:large","max-video-preview":"max-video-preview:-1"},"canonical":"https:\/\/partners.blackbull.com\/es\/ib-program\/partner-types\/signal-providers\/","og_locale":"es_ES","og_type":"article","og_title":"Proveedores de se\u00f1ales | BlackBull Partners","og_description":"Socios de BlackBull Proveedores de se\u00f1al Un proveedor de se\u00f1ales es alguien que concede acceso a los datos de sus actividades de trading, permitiendo que otros los copien en sus propias cuentas. Las se\u00f1ales pueden proporcionarse de forma gratuita o comercial. Es habitual que los proveedores de se\u00f1ales se asocien con corredores en un modelo [&hellip;]","og_url":"https:\/\/partners.blackbull.com\/es\/ib-program\/partner-types\/signal-providers\/","og_site_name":"BlackBull Partners","article_modified_time":"2025-03-24T17:57:51+00:00","og_image":[{"width":538,"height":585,"url":"https:\/\/partners.blackbull.com\/wp-content\/uploads\/2023\/06\/ceo-shaking-hand-male-job-applicant-img.png","type":"image\/png"}],"twitter_card":"summary_large_image","twitter_misc":{"Tiempo de lectura":"2 minutos"},"schema":{"@context":"https:\/\/schema.org","@graph":[{"@type":"WebPage","@id":"https:\/\/partners.blackbull.com\/es\/ib-program\/partner-types\/signal-providers\/","url":"https:\/\/partners.blackbull.com\/es\/ib-program\/partner-types\/signal-providers\/","name":"Proveedores de se\u00f1ales | BlackBull Partners","isPartOf":{"@id":"https:\/\/partners.blackbull.com\/es\/#website"},"primaryImageOfPage":{"@id":"https:\/\/partners.blackbull.com\/es\/ib-program\/partner-types\/signal-providers\/#primaryimage"},"image":{"@id":"https:\/\/partners.blackbull.com\/es\/ib-program\/partner-types\/signal-providers\/#primaryimage"},"thumbnailUrl":"https:\/\/partners.blackbull.com\/wp-content\/uploads\/2023\/06\/ceo-shaking-hand-male-job-applicant-img.png","datePublished":"2025-03-24T17:57:38+00:00","dateModified":"2025-03-24T17:57:51+00:00","breadcrumb":{"@id":"https:\/\/partners.blackbull.com\/es\/ib-program\/partner-types\/signal-providers\/#breadcrumb"},"inLanguage":"es","potentialAction":[{"@type":"ReadAction","target":["https:\/\/partners.blackbull.com\/es\/ib-program\/partner-types\/signal-providers\/"]}]},{"@type":"ImageObject","inLanguage":"es","@id":"https:\/\/partners.blackbull.com\/es\/ib-program\/partner-types\/signal-providers\/#primaryimage","url":"https:\/\/partners.blackbull.com\/wp-content\/uploads\/2023\/06\/ceo-shaking-hand-male-job-applicant-img.png","contentUrl":"https:\/\/partners.blackbull.com\/wp-content\/uploads\/2023\/06\/ceo-shaking-hand-male-job-applicant-img.png"},{"@type":"BreadcrumbList","@id":"https:\/\/partners.blackbull.com\/es\/ib-program\/partner-types\/signal-providers\/#breadcrumb","itemListElement":[{"@type":"ListItem","position":1,"name":"Home","item":"https:\/\/partners.blackbull.com\/es\/home-new\/"},{"@type":"ListItem","position":2,"name":"Programa IB","item":"https:\/\/partners.blackbull.com\/es\/programa-ib\/"},{"@type":"ListItem","position":3,"name":"Tipos de socios","item":"https:\/\/partners.blackbull.com\/es\/programa-ib\/tipos-de-socios\/"},{"@type":"ListItem","position":4,"name":"Proveedores de se\u00f1ales"}]},{"@type":"WebSite","@id":"https:\/\/partners.blackbull.com\/es\/#website","url":"https:\/\/partners.blackbull.com\/es\/","name":"BlackBull Partners","description":"BlackBull Affiliates is the partner referral program of BlackBull Markets, a top-tier, award-winning, and multi-regulated forex broker.","publisher":{"@id":"https:\/\/partners.blackbull.com\/es\/#organization"},"potentialAction":[{"@type":"SearchAction","target":{"@type":"EntryPoint","urlTemplate":"https:\/\/partners.blackbull.com\/es\/?s={search_term_string}"},"query-input":{"@type":"PropertyValueSpecification","valueRequired":true,"valueName":"search_term_string"}}],"inLanguage":"es"},{"@type":"Organization","@id":"https:\/\/partners.blackbull.com\/es\/#organization","name":"BlackBull Partners","url":"https:\/\/partners.blackbull.com\/es\/","logo":{"@type":"ImageObject","inLanguage":"es","@id":"https:\/\/partners.blackbull.com\/es\/#\/schema\/logo\/image\/","url":"https:\/\/partners.blackbull.com\/wp-content\/uploads\/2022\/03\/BBMPartnerslogo_blue.svg","contentUrl":"https:\/\/partners.blackbull.com\/wp-content\/uploads\/2022\/03\/BBMPartnerslogo_blue.svg","width":981,"height":279,"caption":"BlackBull Partners"},"image":{"@id":"https:\/\/partners.blackbull.com\/es\/#\/schema\/logo\/image\/"}}]}},"_links":{"self":[{"href":"https:\/\/partners.blackbull.com\/es\/wp-json\/wp\/v2\/pages\/17076","targetHints":{"allow":["GET"]}}],"collection":[{"href":"https:\/\/partners.blackbull.com\/es\/wp-json\/wp\/v2\/pages"}],"about":[{"href":"https:\/\/partners.blackbull.com\/es\/wp-json\/wp\/v2\/types\/page"}],"author":[{"embeddable":true,"href":"https:\/\/partners.blackbull.com\/es\/wp-json\/wp\/v2\/users\/6"}],"replies":[{"embeddable":true,"href":"https:\/\/partners.blackbull.com\/es\/wp-json\/wp\/v2\/comments?post=17076"}],"version-history":[{"count":1,"href":"https:\/\/partners.blackbull.com\/es\/wp-json\/wp\/v2\/pages\/17076\/revisions"}],"predecessor-version":[{"id":17077,"href":"https:\/\/partners.blackbull.com\/es\/wp-json\/wp\/v2\/pages\/17076\/revisions\/17077"}],"up":[{"embeddable":true,"href":"https:\/\/partners.blackbull.com\/es\/wp-json\/wp\/v2\/pages\/17090"}],"wp:attachment":[{"href":"https:\/\/partners.blackbull.com\/es\/wp-json\/wp\/v2\/media?parent=17076"}],"curies":[{"name":"wp","href":"https:\/\/api.w.org\/{rel}","templated":true}]}}