{"id":17080,"date":"2025-03-25T06:57:44","date_gmt":"2025-03-24T17:57:44","guid":{"rendered":"https:\/\/partners.blackbull.com\/acerca-de\/informacion-de-la-empresa\/informacion-sobre-el-producto\/quicktrader\/"},"modified":"2025-03-25T06:57:47","modified_gmt":"2025-03-24T17:57:47","slug":"quick-trader","status":"publish","type":"page","link":"https:\/\/partners.blackbull.com\/es\/about\/company-information\/product-information\/quick-trader\/","title":{"rendered":"QuickTrader"},"content":{"rendered":"\t\t<div data-elementor-type=\"wp-page\" data-elementor-id=\"17080\" class=\"elementor elementor-17080 elementor-3100\" data-elementor-post-type=\"page\">\n\t\t\t\t<div class=\"elementor-element elementor-element-264ce5a5 e-flex e-con-boxed e-con e-parent\" data-id=\"264ce5a5\" data-element_type=\"container\" data-e-type=\"container\" data-settings=\"{&quot;background_background&quot;:&quot;classic&quot;,&quot;jet_parallax_layout_list&quot;:[]}\">\n\t\t\t\t\t<div class=\"e-con-inner\">\n\t\t\t\t<div class=\"elementor-element elementor-element-4dd109c1 elementor-widget elementor-widget-breadcrumbs\" data-id=\"4dd109c1\" data-element_type=\"widget\" data-e-type=\"widget\" data-widget_type=\"breadcrumbs.default\">\n\t\t\t\t\t<p id=\"breadcrumbs\"><span><span><a href=\"https:\/\/partners.blackbull.com\/es\/home-new\/\">Home<\/a><\/span><\/span><\/p>\t\t\t\t<\/div>\n\t\t\t\t\t<\/div>\n\t\t\t\t<\/div>\n\t\t<div class=\"elementor-element elementor-element-d324a5c e-flex e-con-boxed e-con e-parent\" data-id=\"d324a5c\" data-element_type=\"container\" data-e-type=\"container\" data-settings=\"{&quot;background_background&quot;:&quot;classic&quot;,&quot;jet_parallax_layout_list&quot;:[]}\">\n\t\t\t\t\t<div class=\"e-con-inner\">\n\t\t<div class=\"elementor-element elementor-element-2aa98050 e-con-full e-flex e-con e-parent\" data-id=\"2aa98050\" data-element_type=\"container\" data-e-type=\"container\" data-settings=\"{&quot;background_background&quot;:&quot;classic&quot;,&quot;jet_parallax_layout_list&quot;:[]}\">\n\t\t\t\t<div class=\"elementor-element elementor-element-6babed4c elementor-widget__width-initial elementor-widget elementor-widget-heading\" data-id=\"6babed4c\" data-element_type=\"widget\" data-e-type=\"widget\" data-widget_type=\"heading.default\">\n\t\t\t\t\t<h2 class=\"elementor-heading-title elementor-size-default\">BlackBull Partners- Quicktrader<\/h2>\t\t\t\t<\/div>\n\t\t\t\t<\/div>\n\t\t<div class=\"elementor-element elementor-element-431b90 e-con-full e-flex e-con e-parent\" data-id=\"431b90\" data-element_type=\"container\" data-e-type=\"container\" data-settings=\"{&quot;jet_parallax_layout_list&quot;:[]}\">\n\t\t\t\t<div class=\"elementor-element elementor-element-51e37986 link-text elementor-widget elementor-widget-text-editor\" data-id=\"51e37986\" data-element_type=\"widget\" data-e-type=\"widget\" data-widget_type=\"text-editor.default\">\n\t\t\t\t\t\t\t\t\t<p>Damos a los operadores un control sobre los mercados como nunca antes. Abre y cierra operaciones con s\u00f3lo pulsar un bot\u00f3n y ejecuta tus \u00f3rdenes con rapidez y precisi\u00f3n, teniendo al alcance de tu mano todas las funciones clave de los principales terminales de trading, como MT5. <\/p>\n\t\t\t\t\t\t\t\t<\/div>\n\t\t\t\t<\/div>\n\t\t\t\t\t<\/div>\n\t\t\t\t<\/div>\n\t\t<div class=\"elementor-element elementor-element-c90523e e-flex e-con-boxed e-con e-parent\" data-id=\"c90523e\" data-element_type=\"container\" data-e-type=\"container\" data-settings=\"{&quot;jet_parallax_layout_list&quot;:[]}\">\n\t\t\t\t\t<div class=\"e-con-inner\">\n\t\t<div class=\"elementor-element elementor-element-64c584c e-con-full e-flex e-con e-parent\" data-id=\"64c584c\" data-element_type=\"container\" data-e-type=\"container\" data-settings=\"{&quot;jet_parallax_layout_list&quot;:[]}\">\n\t\t<div class=\"elementor-element elementor-element-f9d97b0 e-con-full e-flex e-con e-parent\" data-id=\"f9d97b0\" data-element_type=\"container\" data-e-type=\"container\" data-settings=\"{&quot;jet_parallax_layout_list&quot;:[]}\">\n\t\t\t\t<div class=\"elementor-element elementor-element-d7095d5 elementor-widget elementor-widget-text-editor\" data-id=\"d7095d5\" data-element_type=\"widget\" data-e-type=\"widget\" data-widget_type=\"text-editor.default\">\n\t\t\t\t\t\t\t\t\t<p>Permanece atento, este es un nuevo producto impulsado por BlackBull Markets en breve.<\/p>\n<p>\u00danete hoy mismo a BlackBull Partners como Agente Introductor o Afiliado de Marketing CPA para estar preparado para el lanzamiento de QuickTrader o para saber m\u00e1s sobre los <span style=\"color: #2169fb;\"><a style=\"color: #2169fb;\" href=\"https:\/\/partners.blackbull.com\/es\/acerca-de\/informacion-de-la-empresa\/informacion-sobre-el-producto\/\">otros productos que ofrecemos<\/a><\/span>.<\/p>\t\t\t\t\t\t\t\t<\/div>\n\t\t\t\t<\/div>\n\t\t<div class=\"elementor-element elementor-element-9a66d6c e-con-full e-flex e-con e-parent\" data-id=\"9a66d6c\" data-element_type=\"container\" data-e-type=\"container\" data-settings=\"{&quot;jet_parallax_layout_list&quot;:[]}\">\n\t\t\t\t<div class=\"elementor-element elementor-element-01a1943 elementor-widget elementor-widget-image\" data-id=\"01a1943\" data-element_type=\"widget\" data-e-type=\"widget\" data-widget_type=\"image.default\">\n\t\t\t\t\t\t\t\t\t\t\t\t\t\t\t<img fetchpriority=\"high\" decoding=\"async\" width=\"471\" height=\"323\" src=\"https:\/\/partners.blackbull.com\/wp-content\/uploads\/2023\/07\/quick-trade-img.jpg\" class=\"attachment-full size-full wp-image-12491\" alt=\"\" srcset=\"https:\/\/partners.blackbull.com\/wp-content\/uploads\/2023\/07\/quick-trade-img.jpg 471w, https:\/\/partners.blackbull.com\/wp-content\/uploads\/2023\/07\/quick-trade-img-300x206.jpg 300w\" sizes=\"(max-width: 471px) 100vw, 471px\" \/>\t\t\t\t\t\t\t\t\t\t\t\t\t\t\t<\/div>\n\t\t\t\t<\/div>\n\t\t\t\t<\/div>\n\t\t\t\t\t<\/div>\n\t\t\t\t<\/div>\n\t\t\t\t<\/div>\n\t\t","protected":false},"excerpt":{"rendered":"<p>BlackBull Partners- Quicktrader Damos a los operadores un control sobre los mercados como nunca antes. Abre y cierra operaciones con s\u00f3lo pulsar un bot\u00f3n y ejecuta tus \u00f3rdenes con rapidez y precisi\u00f3n, teniendo al alcance de tu mano todas las funciones clave de los principales terminales de trading, como MT5. Permanece atento, este es un [&hellip;]<\/p>\n","protected":false},"author":20,"featured_media":3191,"parent":17066,"menu_order":6,"comment_status":"closed","ping_status":"closed","template":"elementor_header_footer","meta":{"inline_featured_image":false,"footnotes":""},"class_list":["post-17080","page","type-page","status-publish","has-post-thumbnail","hentry"],"yoast_head":"<!-- This site is optimized with the Yoast SEO plugin v27.5 - https:\/\/yoast.com\/product\/yoast-seo-wordpress\/ -->\n<title>QuickTrader | BlackBull Partners%.<\/title>\n<meta name=\"description\" content=\"Abre y cierra operaciones con s\u00f3lo pulsar un bot\u00f3n y ejecuta tus \u00f3rdenes con rapidez y precisi\u00f3n, teniendo a tu alcance todas las funciones clave de los principales terminales de trading, como MT5.\" \/>\n<meta name=\"robots\" content=\"index, follow, max-snippet:-1, max-image-preview:large, max-video-preview:-1\" \/>\n<link rel=\"canonical\" href=\"https:\/\/partners.blackbull.com\/es\/about\/company-information\/product-information\/quick-trader\/\" \/>\n<meta property=\"og:locale\" content=\"es_ES\" \/>\n<meta property=\"og:type\" content=\"article\" \/>\n<meta property=\"og:title\" content=\"QuickTrader | BlackBull Partners%.\" \/>\n<meta property=\"og:description\" content=\"Abre y cierra operaciones con s\u00f3lo pulsar un bot\u00f3n y ejecuta tus \u00f3rdenes con rapidez y precisi\u00f3n, teniendo a tu alcance todas las funciones clave de los principales terminales de trading, como MT5.\" \/>\n<meta property=\"og:url\" content=\"https:\/\/partners.blackbull.com\/es\/about\/company-information\/product-information\/quick-trader\/\" \/>\n<meta property=\"og:site_name\" content=\"BlackBull Partners\" \/>\n<meta property=\"article:modified_time\" content=\"2025-03-24T17:57:47+00:00\" \/>\n<meta property=\"og:image\" content=\"https:\/\/partners.blackbull.com\/wp-content\/uploads\/2022\/10\/XT4A7377-e1723680734768.jpg\" \/>\n\t<meta property=\"og:image:width\" content=\"2048\" \/>\n\t<meta property=\"og:image:height\" content=\"1365\" \/>\n\t<meta property=\"og:image:type\" content=\"image\/jpeg\" \/>\n<meta name=\"twitter:card\" content=\"summary_large_image\" \/>\n<script type=\"application\/ld+json\" class=\"yoast-schema-graph\">{\"@context\":\"https:\\\/\\\/schema.org\",\"@graph\":[{\"@type\":\"WebPage\",\"@id\":\"https:\\\/\\\/partners.blackbull.com\\\/es\\\/about\\\/company-information\\\/product-information\\\/quick-trader\\\/\",\"url\":\"https:\\\/\\\/partners.blackbull.com\\\/es\\\/about\\\/company-information\\\/product-information\\\/quick-trader\\\/\",\"name\":\"QuickTrader | BlackBull Partners%.\",\"isPartOf\":{\"@id\":\"https:\\\/\\\/partners.blackbull.com\\\/es\\\/#website\"},\"primaryImageOfPage\":{\"@id\":\"https:\\\/\\\/partners.blackbull.com\\\/es\\\/about\\\/company-information\\\/product-information\\\/quick-trader\\\/#primaryimage\"},\"image\":{\"@id\":\"https:\\\/\\\/partners.blackbull.com\\\/es\\\/about\\\/company-information\\\/product-information\\\/quick-trader\\\/#primaryimage\"},\"thumbnailUrl\":\"https:\\\/\\\/partners.blackbull.com\\\/wp-content\\\/uploads\\\/2022\\\/10\\\/XT4A7377-e1723680734768.jpg\",\"datePublished\":\"2025-03-24T17:57:44+00:00\",\"dateModified\":\"2025-03-24T17:57:47+00:00\",\"description\":\"Abre y cierra operaciones con s\u00f3lo pulsar un bot\u00f3n y ejecuta tus \u00f3rdenes con rapidez y precisi\u00f3n, teniendo a tu alcance todas las funciones clave de los principales terminales de trading, como MT5.\",\"breadcrumb\":{\"@id\":\"https:\\\/\\\/partners.blackbull.com\\\/es\\\/about\\\/company-information\\\/product-information\\\/quick-trader\\\/#breadcrumb\"},\"inLanguage\":\"es\",\"potentialAction\":[{\"@type\":\"ReadAction\",\"target\":[\"https:\\\/\\\/partners.blackbull.com\\\/es\\\/about\\\/company-information\\\/product-information\\\/quick-trader\\\/\"]}]},{\"@type\":\"ImageObject\",\"inLanguage\":\"es\",\"@id\":\"https:\\\/\\\/partners.blackbull.com\\\/es\\\/about\\\/company-information\\\/product-information\\\/quick-trader\\\/#primaryimage\",\"url\":\"https:\\\/\\\/partners.blackbull.com\\\/wp-content\\\/uploads\\\/2022\\\/10\\\/XT4A7377-e1723680734768.jpg\",\"contentUrl\":\"https:\\\/\\\/partners.blackbull.com\\\/wp-content\\\/uploads\\\/2022\\\/10\\\/XT4A7377-e1723680734768.jpg\",\"width\":2048,\"height\":1365},{\"@type\":\"BreadcrumbList\",\"@id\":\"https:\\\/\\\/partners.blackbull.com\\\/es\\\/about\\\/company-information\\\/product-information\\\/quick-trader\\\/#breadcrumb\",\"itemListElement\":[{\"@type\":\"ListItem\",\"position\":1,\"name\":\"Home\",\"item\":\"https:\\\/\\\/partners.blackbull.com\\\/es\\\/home-new\\\/\"},{\"@type\":\"ListItem\",\"position\":2,\"name\":\"Acerca de\",\"item\":\"https:\\\/\\\/partners.blackbull.com\\\/es\\\/acerca-de\\\/\"},{\"@type\":\"ListItem\",\"position\":3,\"name\":\"Informaci\u00f3n de la empresa\",\"item\":\"https:\\\/\\\/partners.blackbull.com\\\/es\\\/acerca-de\\\/informacion-de-la-empresa\\\/\"},{\"@type\":\"ListItem\",\"position\":4,\"name\":\"Informaci\u00f3n sobre el producto\",\"item\":\"https:\\\/\\\/partners.blackbull.com\\\/es\\\/acerca-de\\\/informacion-de-la-empresa\\\/informacion-sobre-el-producto\\\/\"},{\"@type\":\"ListItem\",\"position\":5,\"name\":\"QuickTrader\"}]},{\"@type\":\"WebSite\",\"@id\":\"https:\\\/\\\/partners.blackbull.com\\\/es\\\/#website\",\"url\":\"https:\\\/\\\/partners.blackbull.com\\\/es\\\/\",\"name\":\"BlackBull Partners\",\"description\":\"BlackBull Affiliates is the partner referral program of BlackBull Markets, a top-tier, award-winning, and multi-regulated forex broker.\",\"publisher\":{\"@id\":\"https:\\\/\\\/partners.blackbull.com\\\/es\\\/#organization\"},\"potentialAction\":[{\"@type\":\"SearchAction\",\"target\":{\"@type\":\"EntryPoint\",\"urlTemplate\":\"https:\\\/\\\/partners.blackbull.com\\\/es\\\/?s={search_term_string}\"},\"query-input\":{\"@type\":\"PropertyValueSpecification\",\"valueRequired\":true,\"valueName\":\"search_term_string\"}}],\"inLanguage\":\"es\"},{\"@type\":\"Organization\",\"@id\":\"https:\\\/\\\/partners.blackbull.com\\\/es\\\/#organization\",\"name\":\"BlackBull Partners\",\"url\":\"https:\\\/\\\/partners.blackbull.com\\\/es\\\/\",\"logo\":{\"@type\":\"ImageObject\",\"inLanguage\":\"es\",\"@id\":\"https:\\\/\\\/partners.blackbull.com\\\/es\\\/#\\\/schema\\\/logo\\\/image\\\/\",\"url\":\"https:\\\/\\\/partners.blackbull.com\\\/wp-content\\\/uploads\\\/2022\\\/03\\\/BBMPartnerslogo_blue.svg\",\"contentUrl\":\"https:\\\/\\\/partners.blackbull.com\\\/wp-content\\\/uploads\\\/2022\\\/03\\\/BBMPartnerslogo_blue.svg\",\"width\":981,\"height\":279,\"caption\":\"BlackBull Partners\"},\"image\":{\"@id\":\"https:\\\/\\\/partners.blackbull.com\\\/es\\\/#\\\/schema\\\/logo\\\/image\\\/\"}}]}<\/script>\n<!-- \/ Yoast SEO plugin. -->","yoast_head_json":{"title":"QuickTrader | BlackBull Partners%.","description":"Abre y cierra operaciones con s\u00f3lo pulsar un bot\u00f3n y ejecuta tus \u00f3rdenes con rapidez y precisi\u00f3n, teniendo a tu alcance todas las funciones clave de los principales terminales de trading, como MT5.","robots":{"index":"index","follow":"follow","max-snippet":"max-snippet:-1","max-image-preview":"max-image-preview:large","max-video-preview":"max-video-preview:-1"},"canonical":"https:\/\/partners.blackbull.com\/es\/about\/company-information\/product-information\/quick-trader\/","og_locale":"es_ES","og_type":"article","og_title":"QuickTrader | BlackBull Partners%.","og_description":"Abre y cierra operaciones con s\u00f3lo pulsar un bot\u00f3n y ejecuta tus \u00f3rdenes con rapidez y precisi\u00f3n, teniendo a tu alcance todas las funciones clave de los principales terminales de trading, como MT5.","og_url":"https:\/\/partners.blackbull.com\/es\/about\/company-information\/product-information\/quick-trader\/","og_site_name":"BlackBull Partners","article_modified_time":"2025-03-24T17:57:47+00:00","og_image":[{"width":2048,"height":1365,"url":"https:\/\/partners.blackbull.com\/wp-content\/uploads\/2022\/10\/XT4A7377-e1723680734768.jpg","type":"image\/jpeg"}],"twitter_card":"summary_large_image","schema":{"@context":"https:\/\/schema.org","@graph":[{"@type":"WebPage","@id":"https:\/\/partners.blackbull.com\/es\/about\/company-information\/product-information\/quick-trader\/","url":"https:\/\/partners.blackbull.com\/es\/about\/company-information\/product-information\/quick-trader\/","name":"QuickTrader | BlackBull Partners%.","isPartOf":{"@id":"https:\/\/partners.blackbull.com\/es\/#website"},"primaryImageOfPage":{"@id":"https:\/\/partners.blackbull.com\/es\/about\/company-information\/product-information\/quick-trader\/#primaryimage"},"image":{"@id":"https:\/\/partners.blackbull.com\/es\/about\/company-information\/product-information\/quick-trader\/#primaryimage"},"thumbnailUrl":"https:\/\/partners.blackbull.com\/wp-content\/uploads\/2022\/10\/XT4A7377-e1723680734768.jpg","datePublished":"2025-03-24T17:57:44+00:00","dateModified":"2025-03-24T17:57:47+00:00","description":"Abre y cierra operaciones con s\u00f3lo pulsar un bot\u00f3n y ejecuta tus \u00f3rdenes con rapidez y precisi\u00f3n, teniendo a tu alcance todas las funciones clave de los principales terminales de trading, como MT5.","breadcrumb":{"@id":"https:\/\/partners.blackbull.com\/es\/about\/company-information\/product-information\/quick-trader\/#breadcrumb"},"inLanguage":"es","potentialAction":[{"@type":"ReadAction","target":["https:\/\/partners.blackbull.com\/es\/about\/company-information\/product-information\/quick-trader\/"]}]},{"@type":"ImageObject","inLanguage":"es","@id":"https:\/\/partners.blackbull.com\/es\/about\/company-information\/product-information\/quick-trader\/#primaryimage","url":"https:\/\/partners.blackbull.com\/wp-content\/uploads\/2022\/10\/XT4A7377-e1723680734768.jpg","contentUrl":"https:\/\/partners.blackbull.com\/wp-content\/uploads\/2022\/10\/XT4A7377-e1723680734768.jpg","width":2048,"height":1365},{"@type":"BreadcrumbList","@id":"https:\/\/partners.blackbull.com\/es\/about\/company-information\/product-information\/quick-trader\/#breadcrumb","itemListElement":[{"@type":"ListItem","position":1,"name":"Home","item":"https:\/\/partners.blackbull.com\/es\/home-new\/"},{"@type":"ListItem","position":2,"name":"Acerca de","item":"https:\/\/partners.blackbull.com\/es\/acerca-de\/"},{"@type":"ListItem","position":3,"name":"Informaci\u00f3n de la empresa","item":"https:\/\/partners.blackbull.com\/es\/acerca-de\/informacion-de-la-empresa\/"},{"@type":"ListItem","position":4,"name":"Informaci\u00f3n sobre el producto","item":"https:\/\/partners.blackbull.com\/es\/acerca-de\/informacion-de-la-empresa\/informacion-sobre-el-producto\/"},{"@type":"ListItem","position":5,"name":"QuickTrader"}]},{"@type":"WebSite","@id":"https:\/\/partners.blackbull.com\/es\/#website","url":"https:\/\/partners.blackbull.com\/es\/","name":"BlackBull Partners","description":"BlackBull Affiliates is the partner referral program of BlackBull Markets, a top-tier, award-winning, and multi-regulated forex broker.","publisher":{"@id":"https:\/\/partners.blackbull.com\/es\/#organization"},"potentialAction":[{"@type":"SearchAction","target":{"@type":"EntryPoint","urlTemplate":"https:\/\/partners.blackbull.com\/es\/?s={search_term_string}"},"query-input":{"@type":"PropertyValueSpecification","valueRequired":true,"valueName":"search_term_string"}}],"inLanguage":"es"},{"@type":"Organization","@id":"https:\/\/partners.blackbull.com\/es\/#organization","name":"BlackBull Partners","url":"https:\/\/partners.blackbull.com\/es\/","logo":{"@type":"ImageObject","inLanguage":"es","@id":"https:\/\/partners.blackbull.com\/es\/#\/schema\/logo\/image\/","url":"https:\/\/partners.blackbull.com\/wp-content\/uploads\/2022\/03\/BBMPartnerslogo_blue.svg","contentUrl":"https:\/\/partners.blackbull.com\/wp-content\/uploads\/2022\/03\/BBMPartnerslogo_blue.svg","width":981,"height":279,"caption":"BlackBull Partners"},"image":{"@id":"https:\/\/partners.blackbull.com\/es\/#\/schema\/logo\/image\/"}}]}},"_links":{"self":[{"href":"https:\/\/partners.blackbull.com\/es\/wp-json\/wp\/v2\/pages\/17080","targetHints":{"allow":["GET"]}}],"collection":[{"href":"https:\/\/partners.blackbull.com\/es\/wp-json\/wp\/v2\/pages"}],"about":[{"href":"https:\/\/partners.blackbull.com\/es\/wp-json\/wp\/v2\/types\/page"}],"author":[{"embeddable":true,"href":"https:\/\/partners.blackbull.com\/es\/wp-json\/wp\/v2\/users\/20"}],"replies":[{"embeddable":true,"href":"https:\/\/partners.blackbull.com\/es\/wp-json\/wp\/v2\/comments?post=17080"}],"version-history":[{"count":1,"href":"https:\/\/partners.blackbull.com\/es\/wp-json\/wp\/v2\/pages\/17080\/revisions"}],"predecessor-version":[{"id":17081,"href":"https:\/\/partners.blackbull.com\/es\/wp-json\/wp\/v2\/pages\/17080\/revisions\/17081"}],"up":[{"embeddable":true,"href":"https:\/\/partners.blackbull.com\/es\/wp-json\/wp\/v2\/pages\/17066"}],"wp:featuredmedia":[{"embeddable":true,"href":"https:\/\/partners.blackbull.com\/es\/wp-json\/wp\/v2\/media\/3191"}],"wp:attachment":[{"href":"https:\/\/partners.blackbull.com\/es\/wp-json\/wp\/v2\/media?parent=17080"}],"curies":[{"name":"wp","href":"https:\/\/api.w.org\/{rel}","templated":true}]}}