{"id":17092,"date":"2025-03-25T06:57:52","date_gmt":"2025-03-24T17:57:52","guid":{"rendered":"https:\/\/partners.blackbull.com\/programa-ib\/modelos-de-intermediarios\/agente-vinculado\/"},"modified":"2025-03-25T06:57:52","modified_gmt":"2025-03-24T17:57:52","slug":"tied-agent","status":"publish","type":"page","link":"https:\/\/partners.blackbull.com\/es\/ib-program\/broker-models\/tied-agent\/","title":{"rendered":"Agente vinculado"},"content":{"rendered":"\t\t<div data-elementor-type=\"wp-page\" data-elementor-id=\"17092\" class=\"elementor elementor-17092 elementor-3540\" data-elementor-post-type=\"page\">\n\t\t\t\t<div class=\"elementor-element elementor-element-ecf00e7 e-flex e-con-boxed e-con e-parent\" data-id=\"ecf00e7\" data-element_type=\"container\" data-e-type=\"container\" data-settings=\"{&quot;background_background&quot;:&quot;classic&quot;,&quot;jet_parallax_layout_list&quot;:[]}\">\n\t\t\t\t\t<div class=\"e-con-inner\">\n\t\t\t\t<div class=\"elementor-element elementor-element-1e36b11 elementor-widget elementor-widget-breadcrumbs\" data-id=\"1e36b11\" data-element_type=\"widget\" data-e-type=\"widget\" data-widget_type=\"breadcrumbs.default\">\n\t\t\t\t\t<p id=\"breadcrumbs\"><span><span><a href=\"https:\/\/partners.blackbull.com\/es\/home-new\/\">Home<\/a><\/span><\/span><\/p>\t\t\t\t<\/div>\n\t\t\t\t\t<\/div>\n\t\t\t\t<\/div>\n\t\t<div class=\"elementor-element elementor-element-eb62a84 e-flex e-con-boxed e-con e-parent\" data-id=\"eb62a84\" data-element_type=\"container\" data-e-type=\"container\" data-settings=\"{&quot;background_background&quot;:&quot;classic&quot;,&quot;jet_parallax_layout_list&quot;:[]}\">\n\t\t\t\t\t<div class=\"e-con-inner\">\n\t\t<div class=\"elementor-element elementor-element-f306f67 e-con-full e-flex e-con e-parent\" data-id=\"f306f67\" data-element_type=\"container\" data-e-type=\"container\" data-settings=\"{&quot;background_background&quot;:&quot;classic&quot;,&quot;jet_parallax_layout_list&quot;:[]}\">\n\t\t\t\t<div class=\"elementor-element elementor-element-3fb5fea elementor-widget__width-initial elementor-widget elementor-widget-heading\" data-id=\"3fb5fea\" data-element_type=\"widget\" data-e-type=\"widget\" data-widget_type=\"heading.default\">\n\t\t\t\t\t<h2 class=\"elementor-heading-title elementor-size-default\">BlackBull Partners Agente Vinculado<\/h2>\t\t\t\t<\/div>\n\t\t\t\t<\/div>\n\t\t<div class=\"elementor-element elementor-element-9278ee9 e-con-full e-flex e-con e-parent\" data-id=\"9278ee9\" data-element_type=\"container\" data-e-type=\"container\" data-settings=\"{&quot;jet_parallax_layout_list&quot;:[]}\">\n\t\t\t\t<div class=\"elementor-element elementor-element-a84be48 link-text elementor-widget elementor-widget-text-editor\" data-id=\"a84be48\" data-element_type=\"widget\" data-e-type=\"widget\" data-widget_type=\"text-editor.default\">\n\t\t\t\t\t\t\t\t\t<p>En la pr\u00e1ctica, un agente vinculado es una forma de Corredor de Introducci\u00f3n. Esta terminolog\u00eda se introdujo en el sector de las divisas en 2018 con la actualizaci\u00f3n del marco regulador MIFID II en la Uni\u00f3n Europea. <\/p>\n\t\t\t\t\t\t\t\t<\/div>\n\t\t\t\t<\/div>\n\t\t\t\t\t<\/div>\n\t\t\t\t<\/div>\n\t\t<div class=\"elementor-element elementor-element-2e9627c e-flex e-con-boxed e-con e-parent\" data-id=\"2e9627c\" data-element_type=\"container\" data-e-type=\"container\" data-settings=\"{&quot;jet_parallax_layout_list&quot;:[]}\">\n\t\t\t\t\t<div class=\"e-con-inner\">\n\t\t<div class=\"elementor-element elementor-element-8d46058 e-flex e-con-boxed e-con e-parent\" data-id=\"8d46058\" data-element_type=\"container\" data-e-type=\"container\" data-settings=\"{&quot;jet_parallax_layout_list&quot;:[]}\">\n\t\t\t\t\t<div class=\"e-con-inner\">\n\t\t<div class=\"elementor-element elementor-element-96611d7 e-flex e-con-boxed e-con e-parent\" data-id=\"96611d7\" data-element_type=\"container\" data-e-type=\"container\" data-settings=\"{&quot;jet_parallax_layout_list&quot;:[]}\">\n\t\t\t\t\t<div class=\"e-con-inner\">\n\t\t<div class=\"elementor-element elementor-element-48e35f5 e-flex e-con-boxed e-con e-parent\" data-id=\"48e35f5\" data-element_type=\"container\" data-e-type=\"container\" data-settings=\"{&quot;jet_parallax_layout_list&quot;:[]}\">\n\t\t\t\t\t<div class=\"e-con-inner\">\n\t\t\t\t<div class=\"elementor-element elementor-element-89fed7d elementor-widget elementor-widget-heading\" data-id=\"89fed7d\" data-element_type=\"widget\" data-e-type=\"widget\" data-widget_type=\"heading.default\">\n\t\t\t\t\t<h2 class=\"elementor-heading-title elementor-size-default\">Comprender a los agentes vinculados y su papel en los servicios de inversi\u00f3n<\/h2>\t\t\t\t<\/div>\n\t\t\t\t<div class=\"elementor-element elementor-element-8c9c608 elementor-widget elementor-widget-text-editor\" data-id=\"8c9c608\" data-element_type=\"widget\" data-e-type=\"widget\" data-widget_type=\"text-editor.default\">\n\t\t\t\t\t\t\t\t\t<p>T\u00e9cnicamente, un agente vinculado es una empresa que tiene una responsabilidad con una empresa de inversi\u00f3n conforme, para la que act\u00faa en su nombre al promover servicios de inversi\u00f3n, presta el servicio de recibir y transmitir \u00f3rdenes de trading, colocar instrumentos financieros o prestar asesoramiento en materia de inversi\u00f3n. En este caso, la diferencia clave con respecto a un corredor de introducci\u00f3n tradicional es la realizaci\u00f3n de actividades reguladas que normalmente s\u00f3lo presta un corredor. En este sentido, es un paso intermedio entre un Corredor de Introducci\u00f3n y una Marca Blanca.  <\/p>\n\t\t\t\t\t\t\t\t<\/div>\n\t\t\t\t<div class=\"elementor-element elementor-element-fb26f24 elementor-widget elementor-widget-text-editor\" data-id=\"fb26f24\" data-element_type=\"widget\" data-e-type=\"widget\" data-widget_type=\"text-editor.default\">\n\t\t\t\t\t\t\t\t\t<p>En otras regiones del mundo, esta relaci\u00f3n funciona bajo diversos t\u00edtulos, como el de Representante Autorizado, como se denominar\u00eda en Australia.<\/p>\n\t\t\t\t\t\t\t\t<\/div>\n\t\t\t\t\t<\/div>\n\t\t\t\t<\/div>\n\t\t<div class=\"elementor-element elementor-element-2d149de e-flex e-con-boxed e-con e-parent\" data-id=\"2d149de\" data-element_type=\"container\" data-e-type=\"container\" data-settings=\"{&quot;jet_parallax_layout_list&quot;:[]}\">\n\t\t\t\t\t<div class=\"e-con-inner\">\n\t\t\t\t<div class=\"elementor-element elementor-element-09179d8 elementor-widget elementor-widget-image\" data-id=\"09179d8\" data-element_type=\"widget\" data-e-type=\"widget\" data-widget_type=\"image.default\">\n\t\t\t\t\t\t\t\t\t\t\t\t\t\t\t<img fetchpriority=\"high\" decoding=\"async\" width=\"538\" height=\"579\" src=\"https:\/\/partners.blackbull.com\/wp-content\/uploads\/2023\/06\/TiedAgent.png\" class=\"attachment-full size-full wp-image-10151\" alt=\"\" srcset=\"https:\/\/partners.blackbull.com\/wp-content\/uploads\/2023\/06\/TiedAgent.png 538w, https:\/\/partners.blackbull.com\/wp-content\/uploads\/2023\/06\/TiedAgent-279x300.png 279w\" sizes=\"(max-width: 538px) 100vw, 538px\" \/>\t\t\t\t\t\t\t\t\t\t\t\t\t\t\t<\/div>\n\t\t\t\t\t<\/div>\n\t\t\t\t<\/div>\n\t\t\t\t\t<\/div>\n\t\t\t\t<\/div>\n\t\t\t\t\t<\/div>\n\t\t\t\t<\/div>\n\t\t\t\t\t<\/div>\n\t\t\t\t<\/div>\n\t\t<div class=\"elementor-element elementor-element-3f62e74 e-flex e-con-boxed e-con e-parent\" data-id=\"3f62e74\" data-element_type=\"container\" data-e-type=\"container\" data-settings=\"{&quot;background_background&quot;:&quot;classic&quot;,&quot;jet_parallax_layout_list&quot;:[]}\">\n\t\t\t\t\t<div class=\"e-con-inner\">\n\t\t<div class=\"elementor-element elementor-element-72f86fe e-flex e-con-boxed e-con e-parent\" data-id=\"72f86fe\" data-element_type=\"container\" data-e-type=\"container\" data-settings=\"{&quot;jet_parallax_layout_list&quot;:[]}\">\n\t\t\t\t\t<div class=\"e-con-inner\">\n\t\t<div class=\"elementor-element elementor-element-961aab0 e-flex e-con-boxed e-con e-parent\" data-id=\"961aab0\" data-element_type=\"container\" data-e-type=\"container\" data-settings=\"{&quot;jet_parallax_layout_list&quot;:[]}\">\n\t\t\t\t\t<div class=\"e-con-inner\">\n\t\t\t\t<div class=\"elementor-element elementor-element-0b00b13 elementor-widget elementor-widget-heading\" data-id=\"0b00b13\" data-element_type=\"widget\" data-e-type=\"widget\" data-widget_type=\"heading.default\">\n\t\t\t\t\t<h2 class=\"elementor-heading-title elementor-size-default\">\u00c9stos son algunos de los servicios que ofrecen los agentes vinculados:<\/h2>\t\t\t\t<\/div>\n\t\t\t\t<div class=\"elementor-element elementor-element-f4ec0f8 elementor-icon-list--layout-traditional elementor-list-item-link-full_width elementor-widget elementor-widget-icon-list\" data-id=\"f4ec0f8\" data-element_type=\"widget\" data-e-type=\"widget\" data-widget_type=\"icon-list.default\">\n\t\t\t\t\t\t\t<ul class=\"elementor-icon-list-items\">\n\t\t\t\t\t\t\t<li class=\"elementor-icon-list-item\">\n\t\t\t\t\t\t\t\t\t\t\t<span class=\"elementor-icon-list-icon\">\n\t\t\t\t\t\t\t<svg xmlns=\"http:\/\/www.w3.org\/2000\/svg\" width=\"35\" height=\"35\" viewBox=\"0 0 35 35\"><g id=\"Group_173\" data-name=\"Group 173\" transform=\"translate(-1344.024 -2068.024)\"><g id=\"Rectangle_100\" data-name=\"Rectangle 100\" transform=\"translate(1344.024 2068.024)\" fill=\"rgba(255,255,255,0.2)\" stroke=\"#1a58d3\" stroke-width=\"1\"><rect width=\"35\" height=\"35\" rx=\"17.5\" stroke=\"none\"><\/rect><rect x=\"0.5\" y=\"0.5\" width=\"34\" height=\"34\" rx=\"17\" fill=\"none\"><\/rect><\/g><path id=\"Path_182\" data-name=\"Path 182\" d=\"M3.75,9.988,10.972,2.25,9.424,7.924H15.1L7.877,15.662,9.424,9.988Z\" transform=\"translate(1352.1 2076.568)\" fill=\"none\" stroke=\"#1a58d3\" stroke-linecap=\"round\" stroke-linejoin=\"round\" stroke-width=\"1\"><\/path><\/g><\/svg>\t\t\t\t\t\t<\/span>\n\t\t\t\t\t\t\t\t\t\t<span class=\"elementor-icon-list-text\">Recepci\u00f3n y env\u00edo de \u00f3rdenes en relaci\u00f3n con los instrumentos financieros de la empresa<\/span>\n\t\t\t\t\t\t\t\t\t<\/li>\n\t\t\t\t\t\t\t\t<li class=\"elementor-icon-list-item\">\n\t\t\t\t\t\t\t\t\t\t\t<span class=\"elementor-icon-list-icon\">\n\t\t\t\t\t\t\t<svg xmlns=\"http:\/\/www.w3.org\/2000\/svg\" width=\"35\" height=\"35\" viewBox=\"0 0 35 35\"><g id=\"Group_173\" data-name=\"Group 173\" transform=\"translate(-1344.024 -2068.024)\"><g id=\"Rectangle_100\" data-name=\"Rectangle 100\" transform=\"translate(1344.024 2068.024)\" fill=\"rgba(255,255,255,0.2)\" stroke=\"#1a58d3\" stroke-width=\"1\"><rect width=\"35\" height=\"35\" rx=\"17.5\" stroke=\"none\"><\/rect><rect x=\"0.5\" y=\"0.5\" width=\"34\" height=\"34\" rx=\"17\" fill=\"none\"><\/rect><\/g><path id=\"Path_182\" data-name=\"Path 182\" d=\"M3.75,9.988,10.972,2.25,9.424,7.924H15.1L7.877,15.662,9.424,9.988Z\" transform=\"translate(1352.1 2076.568)\" fill=\"none\" stroke=\"#1a58d3\" stroke-linecap=\"round\" stroke-linejoin=\"round\" stroke-width=\"1\"><\/path><\/g><\/svg>\t\t\t\t\t\t<\/span>\n\t\t\t\t\t\t\t\t\t\t<span class=\"elementor-icon-list-text\">La Promoci\u00f3n De La Inversi\u00f3n Y\/O Los Servicios Auxiliares<\/span>\n\t\t\t\t\t\t\t\t\t<\/li>\n\t\t\t\t\t\t\t\t<li class=\"elementor-icon-list-item\">\n\t\t\t\t\t\t\t\t\t\t\t<span class=\"elementor-icon-list-icon\">\n\t\t\t\t\t\t\t<svg xmlns=\"http:\/\/www.w3.org\/2000\/svg\" width=\"35\" height=\"35\" viewBox=\"0 0 35 35\"><g id=\"Group_173\" data-name=\"Group 173\" transform=\"translate(-1344.024 -2068.024)\"><g id=\"Rectangle_100\" data-name=\"Rectangle 100\" transform=\"translate(1344.024 2068.024)\" fill=\"rgba(255,255,255,0.2)\" stroke=\"#1a58d3\" stroke-width=\"1\"><rect width=\"35\" height=\"35\" rx=\"17.5\" stroke=\"none\"><\/rect><rect x=\"0.5\" y=\"0.5\" width=\"34\" height=\"34\" rx=\"17\" fill=\"none\"><\/rect><\/g><path id=\"Path_182\" data-name=\"Path 182\" d=\"M3.75,9.988,10.972,2.25,9.424,7.924H15.1L7.877,15.662,9.424,9.988Z\" transform=\"translate(1352.1 2076.568)\" fill=\"none\" stroke=\"#1a58d3\" stroke-linecap=\"round\" stroke-linejoin=\"round\" stroke-width=\"1\"><\/path><\/g><\/svg>\t\t\t\t\t\t<\/span>\n\t\t\t\t\t\t\t\t\t\t<span class=\"elementor-icon-list-text\">Captaci\u00f3n de clientes o clientes potenciales<\/span>\n\t\t\t\t\t\t\t\t\t<\/li>\n\t\t\t\t\t\t\t\t<li class=\"elementor-icon-list-item\">\n\t\t\t\t\t\t\t\t\t\t\t<span class=\"elementor-icon-list-icon\">\n\t\t\t\t\t\t\t<svg xmlns=\"http:\/\/www.w3.org\/2000\/svg\" width=\"35\" height=\"35\" viewBox=\"0 0 35 35\"><g id=\"Group_173\" data-name=\"Group 173\" transform=\"translate(-1344.024 -2068.024)\"><g id=\"Rectangle_100\" data-name=\"Rectangle 100\" transform=\"translate(1344.024 2068.024)\" fill=\"rgba(255,255,255,0.2)\" stroke=\"#1a58d3\" stroke-width=\"1\"><rect width=\"35\" height=\"35\" rx=\"17.5\" stroke=\"none\"><\/rect><rect x=\"0.5\" y=\"0.5\" width=\"34\" height=\"34\" rx=\"17\" fill=\"none\"><\/rect><\/g><path id=\"Path_182\" data-name=\"Path 182\" d=\"M3.75,9.988,10.972,2.25,9.424,7.924H15.1L7.877,15.662,9.424,9.988Z\" transform=\"translate(1352.1 2076.568)\" fill=\"none\" stroke=\"#1a58d3\" stroke-linecap=\"round\" stroke-linejoin=\"round\" stroke-width=\"1\"><\/path><\/g><\/svg>\t\t\t\t\t\t<\/span>\n\t\t\t\t\t\t\t\t\t\t<span class=\"elementor-icon-list-text\">Colocaci\u00f3n de instrumentos financieros; y\/o asesoramiento a clientes o posibles clientes sobre instrumentos financieros o servicios de la empresa.<\/span>\n\t\t\t\t\t\t\t\t\t<\/li>\n\t\t\t\t\t\t<\/ul>\n\t\t\t\t\t\t<\/div>\n\t\t\t\t<div class=\"elementor-element elementor-element-434689f elementor-widget elementor-widget-text-editor\" data-id=\"434689f\" data-element_type=\"widget\" data-e-type=\"widget\" data-widget_type=\"text-editor.default\">\n\t\t\t\t\t\t\t\t\t<p>BlackBull Partners paga comisiones a sus agentes vinculados que remiten clientes a la empresa. El primer paso para convertirse en agente vinculado es iniciarse como corredor introductor. Los agentes introductores de \u00e9xito con un historial estable tendr\u00e1n la oportunidad de discutir esta opci\u00f3n.  <\/p>\n\t\t\t\t\t\t\t\t<\/div>\n\t\t\t\t\t<\/div>\n\t\t\t\t<\/div>\n\t\t\t\t\t<\/div>\n\t\t\t\t<\/div>\n\t\t\t\t\t<\/div>\n\t\t\t\t<\/div>\n\t\t\t\t<\/div>\n\t\t","protected":false},"excerpt":{"rendered":"<p>BlackBull Partners Agente Vinculado En la pr\u00e1ctica, un agente vinculado es una forma de Corredor de Introducci\u00f3n. Esta terminolog\u00eda se introdujo en el sector de las divisas en 2018 con la actualizaci\u00f3n del marco regulador MIFID II en la Uni\u00f3n Europea. Comprender a los agentes vinculados y su papel en los servicios de inversi\u00f3n T\u00e9cnicamente, [&hellip;]<\/p>\n","protected":false},"author":20,"featured_media":0,"parent":17091,"menu_order":0,"comment_status":"closed","ping_status":"closed","template":"elementor_header_footer","meta":{"inline_featured_image":false,"footnotes":""},"class_list":["post-17092","page","type-page","status-publish","hentry"],"yoast_head":"<!-- This site is optimized with the Yoast SEO plugin v27.3 - https:\/\/yoast.com\/product\/yoast-seo-wordpress\/ -->\n<title>Agente vinculado | BlackBull Partners%.<\/title>\n<meta name=\"description\" content=\"En la pr\u00e1ctica, un agente vinculado es una forma de corredor de introducci\u00f3n. Esta terminolog\u00eda se introdujo en el sector de las divisas en 2018.\" \/>\n<meta name=\"robots\" content=\"index, follow, max-snippet:-1, max-image-preview:large, max-video-preview:-1\" \/>\n<link rel=\"canonical\" href=\"https:\/\/partners.blackbull.com\/es\/ib-program\/broker-models\/tied-agent\/\" \/>\n<meta property=\"og:locale\" content=\"es_ES\" \/>\n<meta property=\"og:type\" content=\"article\" \/>\n<meta property=\"og:title\" content=\"Agente vinculado | BlackBull Partners%.\" \/>\n<meta property=\"og:description\" content=\"En la pr\u00e1ctica, un agente vinculado es una forma de corredor de introducci\u00f3n. Esta terminolog\u00eda se introdujo en el sector de las divisas en 2018.\" \/>\n<meta property=\"og:url\" content=\"https:\/\/partners.blackbull.com\/es\/ib-program\/broker-models\/tied-agent\/\" \/>\n<meta property=\"og:site_name\" content=\"BlackBull Partners\" \/>\n<meta property=\"og:image\" content=\"https:\/\/partners.blackbull.com\/wp-content\/uploads\/2023\/06\/TiedAgent.png\" \/>\n\t<meta property=\"og:image:width\" content=\"538\" \/>\n\t<meta property=\"og:image:height\" content=\"579\" \/>\n\t<meta property=\"og:image:type\" content=\"image\/png\" \/>\n<meta name=\"twitter:card\" content=\"summary_large_image\" \/>\n<meta name=\"twitter:label1\" content=\"Tiempo de lectura\" \/>\n\t<meta name=\"twitter:data1\" content=\"1 minuto\" \/>\n<script type=\"application\/ld+json\" class=\"yoast-schema-graph\">{\"@context\":\"https:\\\/\\\/schema.org\",\"@graph\":[{\"@type\":\"WebPage\",\"@id\":\"https:\\\/\\\/partners.blackbull.com\\\/es\\\/ib-program\\\/broker-models\\\/tied-agent\\\/\",\"url\":\"https:\\\/\\\/partners.blackbull.com\\\/es\\\/ib-program\\\/broker-models\\\/tied-agent\\\/\",\"name\":\"Agente vinculado | BlackBull Partners%.\",\"isPartOf\":{\"@id\":\"https:\\\/\\\/partners.blackbull.com\\\/es\\\/#website\"},\"primaryImageOfPage\":{\"@id\":\"https:\\\/\\\/partners.blackbull.com\\\/es\\\/ib-program\\\/broker-models\\\/tied-agent\\\/#primaryimage\"},\"image\":{\"@id\":\"https:\\\/\\\/partners.blackbull.com\\\/es\\\/ib-program\\\/broker-models\\\/tied-agent\\\/#primaryimage\"},\"thumbnailUrl\":\"https:\\\/\\\/partners.blackbull.com\\\/wp-content\\\/uploads\\\/2023\\\/06\\\/TiedAgent.png\",\"datePublished\":\"2025-03-24T17:57:52+00:00\",\"description\":\"En la pr\u00e1ctica, un agente vinculado es una forma de corredor de introducci\u00f3n. Esta terminolog\u00eda se introdujo en el sector de las divisas en 2018.\",\"breadcrumb\":{\"@id\":\"https:\\\/\\\/partners.blackbull.com\\\/es\\\/ib-program\\\/broker-models\\\/tied-agent\\\/#breadcrumb\"},\"inLanguage\":\"es\",\"potentialAction\":[{\"@type\":\"ReadAction\",\"target\":[\"https:\\\/\\\/partners.blackbull.com\\\/es\\\/ib-program\\\/broker-models\\\/tied-agent\\\/\"]}]},{\"@type\":\"ImageObject\",\"inLanguage\":\"es\",\"@id\":\"https:\\\/\\\/partners.blackbull.com\\\/es\\\/ib-program\\\/broker-models\\\/tied-agent\\\/#primaryimage\",\"url\":\"https:\\\/\\\/partners.blackbull.com\\\/wp-content\\\/uploads\\\/2023\\\/06\\\/TiedAgent.png\",\"contentUrl\":\"https:\\\/\\\/partners.blackbull.com\\\/wp-content\\\/uploads\\\/2023\\\/06\\\/TiedAgent.png\"},{\"@type\":\"BreadcrumbList\",\"@id\":\"https:\\\/\\\/partners.blackbull.com\\\/es\\\/ib-program\\\/broker-models\\\/tied-agent\\\/#breadcrumb\",\"itemListElement\":[{\"@type\":\"ListItem\",\"position\":1,\"name\":\"Home\",\"item\":\"https:\\\/\\\/partners.blackbull.com\\\/es\\\/home-new\\\/\"},{\"@type\":\"ListItem\",\"position\":2,\"name\":\"Programa IB\",\"item\":\"https:\\\/\\\/partners.blackbull.com\\\/es\\\/programa-ib\\\/\"},{\"@type\":\"ListItem\",\"position\":3,\"name\":\"Modelos de intermediarios\",\"item\":\"https:\\\/\\\/partners.blackbull.com\\\/es\\\/programa-ib\\\/modelos-de-intermediarios\\\/\"},{\"@type\":\"ListItem\",\"position\":4,\"name\":\"Agente vinculado\"}]},{\"@type\":\"WebSite\",\"@id\":\"https:\\\/\\\/partners.blackbull.com\\\/es\\\/#website\",\"url\":\"https:\\\/\\\/partners.blackbull.com\\\/es\\\/\",\"name\":\"BlackBull Partners\",\"description\":\"BlackBull Affiliates is the partner referral program of BlackBull Markets, a top-tier, award-winning, and multi-regulated forex broker.\",\"publisher\":{\"@id\":\"https:\\\/\\\/partners.blackbull.com\\\/es\\\/#organization\"},\"potentialAction\":[{\"@type\":\"SearchAction\",\"target\":{\"@type\":\"EntryPoint\",\"urlTemplate\":\"https:\\\/\\\/partners.blackbull.com\\\/es\\\/?s={search_term_string}\"},\"query-input\":{\"@type\":\"PropertyValueSpecification\",\"valueRequired\":true,\"valueName\":\"search_term_string\"}}],\"inLanguage\":\"es\"},{\"@type\":\"Organization\",\"@id\":\"https:\\\/\\\/partners.blackbull.com\\\/es\\\/#organization\",\"name\":\"BlackBull Partners\",\"url\":\"https:\\\/\\\/partners.blackbull.com\\\/es\\\/\",\"logo\":{\"@type\":\"ImageObject\",\"inLanguage\":\"es\",\"@id\":\"https:\\\/\\\/partners.blackbull.com\\\/es\\\/#\\\/schema\\\/logo\\\/image\\\/\",\"url\":\"https:\\\/\\\/partners.blackbull.com\\\/wp-content\\\/uploads\\\/2022\\\/03\\\/BBMPartnerslogo_blue.svg\",\"contentUrl\":\"https:\\\/\\\/partners.blackbull.com\\\/wp-content\\\/uploads\\\/2022\\\/03\\\/BBMPartnerslogo_blue.svg\",\"width\":981,\"height\":279,\"caption\":\"BlackBull Partners\"},\"image\":{\"@id\":\"https:\\\/\\\/partners.blackbull.com\\\/es\\\/#\\\/schema\\\/logo\\\/image\\\/\"}}]}<\/script>\n<!-- \/ Yoast SEO plugin. -->","yoast_head_json":{"title":"Agente vinculado | BlackBull Partners%.","description":"En la pr\u00e1ctica, un agente vinculado es una forma de corredor de introducci\u00f3n. Esta terminolog\u00eda se introdujo en el sector de las divisas en 2018.","robots":{"index":"index","follow":"follow","max-snippet":"max-snippet:-1","max-image-preview":"max-image-preview:large","max-video-preview":"max-video-preview:-1"},"canonical":"https:\/\/partners.blackbull.com\/es\/ib-program\/broker-models\/tied-agent\/","og_locale":"es_ES","og_type":"article","og_title":"Agente vinculado | BlackBull Partners%.","og_description":"En la pr\u00e1ctica, un agente vinculado es una forma de corredor de introducci\u00f3n. Esta terminolog\u00eda se introdujo en el sector de las divisas en 2018.","og_url":"https:\/\/partners.blackbull.com\/es\/ib-program\/broker-models\/tied-agent\/","og_site_name":"BlackBull Partners","og_image":[{"width":538,"height":579,"url":"https:\/\/partners.blackbull.com\/wp-content\/uploads\/2023\/06\/TiedAgent.png","type":"image\/png"}],"twitter_card":"summary_large_image","twitter_misc":{"Tiempo de lectura":"1 minuto"},"schema":{"@context":"https:\/\/schema.org","@graph":[{"@type":"WebPage","@id":"https:\/\/partners.blackbull.com\/es\/ib-program\/broker-models\/tied-agent\/","url":"https:\/\/partners.blackbull.com\/es\/ib-program\/broker-models\/tied-agent\/","name":"Agente vinculado | BlackBull Partners%.","isPartOf":{"@id":"https:\/\/partners.blackbull.com\/es\/#website"},"primaryImageOfPage":{"@id":"https:\/\/partners.blackbull.com\/es\/ib-program\/broker-models\/tied-agent\/#primaryimage"},"image":{"@id":"https:\/\/partners.blackbull.com\/es\/ib-program\/broker-models\/tied-agent\/#primaryimage"},"thumbnailUrl":"https:\/\/partners.blackbull.com\/wp-content\/uploads\/2023\/06\/TiedAgent.png","datePublished":"2025-03-24T17:57:52+00:00","description":"En la pr\u00e1ctica, un agente vinculado es una forma de corredor de introducci\u00f3n. Esta terminolog\u00eda se introdujo en el sector de las divisas en 2018.","breadcrumb":{"@id":"https:\/\/partners.blackbull.com\/es\/ib-program\/broker-models\/tied-agent\/#breadcrumb"},"inLanguage":"es","potentialAction":[{"@type":"ReadAction","target":["https:\/\/partners.blackbull.com\/es\/ib-program\/broker-models\/tied-agent\/"]}]},{"@type":"ImageObject","inLanguage":"es","@id":"https:\/\/partners.blackbull.com\/es\/ib-program\/broker-models\/tied-agent\/#primaryimage","url":"https:\/\/partners.blackbull.com\/wp-content\/uploads\/2023\/06\/TiedAgent.png","contentUrl":"https:\/\/partners.blackbull.com\/wp-content\/uploads\/2023\/06\/TiedAgent.png"},{"@type":"BreadcrumbList","@id":"https:\/\/partners.blackbull.com\/es\/ib-program\/broker-models\/tied-agent\/#breadcrumb","itemListElement":[{"@type":"ListItem","position":1,"name":"Home","item":"https:\/\/partners.blackbull.com\/es\/home-new\/"},{"@type":"ListItem","position":2,"name":"Programa IB","item":"https:\/\/partners.blackbull.com\/es\/programa-ib\/"},{"@type":"ListItem","position":3,"name":"Modelos de intermediarios","item":"https:\/\/partners.blackbull.com\/es\/programa-ib\/modelos-de-intermediarios\/"},{"@type":"ListItem","position":4,"name":"Agente vinculado"}]},{"@type":"WebSite","@id":"https:\/\/partners.blackbull.com\/es\/#website","url":"https:\/\/partners.blackbull.com\/es\/","name":"BlackBull Partners","description":"BlackBull Affiliates is the partner referral program of BlackBull Markets, a top-tier, award-winning, and multi-regulated forex broker.","publisher":{"@id":"https:\/\/partners.blackbull.com\/es\/#organization"},"potentialAction":[{"@type":"SearchAction","target":{"@type":"EntryPoint","urlTemplate":"https:\/\/partners.blackbull.com\/es\/?s={search_term_string}"},"query-input":{"@type":"PropertyValueSpecification","valueRequired":true,"valueName":"search_term_string"}}],"inLanguage":"es"},{"@type":"Organization","@id":"https:\/\/partners.blackbull.com\/es\/#organization","name":"BlackBull Partners","url":"https:\/\/partners.blackbull.com\/es\/","logo":{"@type":"ImageObject","inLanguage":"es","@id":"https:\/\/partners.blackbull.com\/es\/#\/schema\/logo\/image\/","url":"https:\/\/partners.blackbull.com\/wp-content\/uploads\/2022\/03\/BBMPartnerslogo_blue.svg","contentUrl":"https:\/\/partners.blackbull.com\/wp-content\/uploads\/2022\/03\/BBMPartnerslogo_blue.svg","width":981,"height":279,"caption":"BlackBull Partners"},"image":{"@id":"https:\/\/partners.blackbull.com\/es\/#\/schema\/logo\/image\/"}}]}},"_links":{"self":[{"href":"https:\/\/partners.blackbull.com\/es\/wp-json\/wp\/v2\/pages\/17092","targetHints":{"allow":["GET"]}}],"collection":[{"href":"https:\/\/partners.blackbull.com\/es\/wp-json\/wp\/v2\/pages"}],"about":[{"href":"https:\/\/partners.blackbull.com\/es\/wp-json\/wp\/v2\/types\/page"}],"author":[{"embeddable":true,"href":"https:\/\/partners.blackbull.com\/es\/wp-json\/wp\/v2\/users\/20"}],"replies":[{"embeddable":true,"href":"https:\/\/partners.blackbull.com\/es\/wp-json\/wp\/v2\/comments?post=17092"}],"version-history":[{"count":1,"href":"https:\/\/partners.blackbull.com\/es\/wp-json\/wp\/v2\/pages\/17092\/revisions"}],"predecessor-version":[{"id":17093,"href":"https:\/\/partners.blackbull.com\/es\/wp-json\/wp\/v2\/pages\/17092\/revisions\/17093"}],"up":[{"embeddable":true,"href":"https:\/\/partners.blackbull.com\/es\/wp-json\/wp\/v2\/pages\/17091"}],"wp:attachment":[{"href":"https:\/\/partners.blackbull.com\/es\/wp-json\/wp\/v2\/media?parent=17092"}],"curies":[{"name":"wp","href":"https:\/\/api.w.org\/{rel}","templated":true}]}}