{"id":17112,"date":"2025-03-25T06:58:40","date_gmt":"2025-03-24T17:58:40","guid":{"rendered":"https:\/\/partners.blackbull.com\/acerca-de\/como-empezar\/guia-de-inicio\/"},"modified":"2025-03-25T06:58:42","modified_gmt":"2025-03-24T17:58:42","slug":"getting-started-guide","status":"publish","type":"page","link":"https:\/\/partners.blackbull.com\/es\/about\/getting-started\/getting-started-guide\/","title":{"rendered":"Gu\u00eda de inicio"},"content":{"rendered":"\t\t<div data-elementor-type=\"wp-page\" data-elementor-id=\"17112\" class=\"elementor elementor-17112 elementor-4157\" data-elementor-post-type=\"page\">\n\t\t\t\t<div class=\"elementor-element elementor-element-6f83b09 e-flex e-con-boxed e-con e-parent\" data-id=\"6f83b09\" data-element_type=\"container\" data-e-type=\"container\" data-settings=\"{&quot;background_background&quot;:&quot;classic&quot;,&quot;jet_parallax_layout_list&quot;:[]}\">\n\t\t\t\t\t<div class=\"e-con-inner\">\n\t\t\t\t<div class=\"elementor-element elementor-element-6f8360f elementor-widget elementor-widget-breadcrumbs\" data-id=\"6f8360f\" data-element_type=\"widget\" data-e-type=\"widget\" data-widget_type=\"breadcrumbs.default\">\n\t\t\t\t\t<p id=\"breadcrumbs\"><span><span><a href=\"https:\/\/partners.blackbull.com\/es\/home-new\/\">Home<\/a><\/span><\/span><\/p>\t\t\t\t<\/div>\n\t\t\t\t\t<\/div>\n\t\t\t\t<\/div>\n\t\t<div class=\"elementor-element elementor-element-32ca752 e-flex e-con-boxed e-con e-parent\" data-id=\"32ca752\" data-element_type=\"container\" data-e-type=\"container\" data-settings=\"{&quot;background_background&quot;:&quot;classic&quot;,&quot;jet_parallax_layout_list&quot;:[]}\">\n\t\t\t\t\t<div class=\"e-con-inner\">\n\t\t<div class=\"elementor-element elementor-element-93732b2 e-con-full e-flex e-con e-child\" data-id=\"93732b2\" data-element_type=\"container\" data-e-type=\"container\" data-settings=\"{&quot;background_background&quot;:&quot;classic&quot;,&quot;jet_parallax_layout_list&quot;:[]}\">\n\t\t\t\t<div class=\"elementor-element elementor-element-f52d283 elementor-widget elementor-widget-heading\" data-id=\"f52d283\" data-element_type=\"widget\" data-e-type=\"widget\" data-widget_type=\"heading.default\">\n\t\t\t\t\t<h2 class=\"elementor-heading-title elementor-size-default\">BlackBull Partners- Gu\u00eda de inicio<\/h2>\t\t\t\t<\/div>\n\t\t\t\t<\/div>\n\t\t\t\t\t<\/div>\n\t\t\t\t<\/div>\n\t\t<div class=\"elementor-element elementor-element-18e1ac6 e-flex e-con-boxed e-con e-parent\" data-id=\"18e1ac6\" data-element_type=\"container\" data-e-type=\"container\" data-settings=\"{&quot;jet_parallax_layout_list&quot;:[]}\">\n\t\t\t\t\t<div class=\"e-con-inner\">\n\t\t<div class=\"elementor-element elementor-element-b1d63b8 e-con-full e-flex e-con e-child\" data-id=\"b1d63b8\" data-element_type=\"container\" data-e-type=\"container\" data-settings=\"{&quot;jet_parallax_layout_list&quot;:[]}\">\n\t\t\t\t<div class=\"elementor-element elementor-element-c3e67c2 elementor-widget elementor-widget-heading\" data-id=\"c3e67c2\" data-element_type=\"widget\" data-e-type=\"widget\" data-widget_type=\"heading.default\">\n\t\t\t\t\t<h2 class=\"elementor-heading-title elementor-size-default\">Empezar a trabajar con BlackBull Partners es muy sencillo.<\/h2>\t\t\t\t<\/div>\n\t\t\t\t<div class=\"elementor-element elementor-element-d499b63 elementor-widget elementor-widget-text-editor\" data-id=\"d499b63\" data-element_type=\"widget\" data-e-type=\"widget\" data-widget_type=\"text-editor.default\">\n\t\t\t\t\t\t\t\t\t<p>Para guiarte paso a paso por el proceso, aqu\u00ed tienes una gu\u00eda de inicio que hemos elaborado para los nuevos socios:<\/p>\n\t\t\t\t\t\t\t\t<\/div>\n\t\t\t\t<div class=\"elementor-element elementor-element-234bf06 elementor-widget elementor-widget-text-editor\" data-id=\"234bf06\" data-element_type=\"widget\" data-e-type=\"widget\" data-widget_type=\"text-editor.default\">\n\t\t\t\t\t\t\t\t\t<p>Es importante que cumplas los t\u00e9rminos y condiciones de nuestros programas de recomendaci\u00f3n, as\u00ed como las normas y reglamentos del pa\u00eds en el que operes. Adem\u00e1s, es importante revelar cualquier relaci\u00f3n de afiliaci\u00f3n a tu audiencia, para que sean conscientes de que est\u00e1s ganando una comisi\u00f3n por cualquier venta generada a trav\u00e9s de tu enlace de afiliado. <\/p>\n\t\t\t\t\t\t\t\t<\/div>\n\t\t\t\t<div class=\"elementor-element elementor-element-a859d90 elementor-mobile-align-left elementor-widget elementor-widget-button\" data-id=\"a859d90\" data-element_type=\"widget\" data-e-type=\"widget\" data-widget_type=\"button.default\">\n\t\t\t\t\t\t\t\t\t\t<a class=\"elementor-button elementor-button-link elementor-size-sm\" href=\"https:\/\/secure.blackbull.com\/auth\/register-partners\/\" target=\"_blank\">\n\t\t\t\t\t\t<span class=\"elementor-button-content-wrapper\">\n\t\t\t\t\t\t\t\t\t<span class=\"elementor-button-text\">EMPEZAR<\/span>\n\t\t\t\t\t<\/span>\n\t\t\t\t\t<\/a>\n\t\t\t\t\t\t\t\t<\/div>\n\t\t\t\t<div class=\"elementor-element elementor-element-b380a5b elementor-widget elementor-widget-image\" data-id=\"b380a5b\" data-element_type=\"widget\" data-e-type=\"widget\" data-widget_type=\"image.default\">\n\t\t\t\t\t\t\t\t\t\t\t\t\t\t\t<img fetchpriority=\"high\" decoding=\"async\" width=\"445\" height=\"690\" src=\"https:\/\/partners.blackbull.com\/wp-content\/uploads\/2023\/06\/guid-line.png\" class=\"attachment-full size-full wp-image-11267\" alt=\"\" srcset=\"https:\/\/partners.blackbull.com\/wp-content\/uploads\/2023\/06\/guid-line.png 445w, https:\/\/partners.blackbull.com\/wp-content\/uploads\/2023\/06\/guid-line-193x300.png 193w\" sizes=\"(max-width: 445px) 100vw, 445px\" \/>\t\t\t\t\t\t\t\t\t\t\t\t\t\t\t<\/div>\n\t\t\t\t<\/div>\n\t\t<div class=\"elementor-element elementor-element-840e933 e-con-full border-line-col email-marketing-titleline e-flex e-con e-child\" data-id=\"840e933\" data-element_type=\"container\" data-e-type=\"container\" data-settings=\"{&quot;jet_parallax_layout_list&quot;:[]}\">\n\t\t\t\t<div class=\"elementor-element elementor-element-f2cee15 elementor-position-left elementor-vertical-align-top elementor-widget elementor-widget-image-box\" data-id=\"f2cee15\" data-element_type=\"widget\" data-e-type=\"widget\" data-widget_type=\"image-box.default\">\n\t\t\t\t\t<div class=\"elementor-image-box-wrapper\"><figure class=\"elementor-image-box-img\"><img decoding=\"async\" width=\"131\" height=\"145\" src=\"https:\/\/partners.blackbull.com\/wp-content\/uploads\/2023\/06\/gid_01.svg\" class=\"attachment-full size-full wp-image-11271\" alt=\"\" \/><\/figure><div class=\"elementor-image-box-content\"><p class=\"elementor-image-box-description\">Investiga diferentes programas de afiliaci\u00f3n. Siempre es bueno asegurarse de que sabes con qu\u00e9 te est\u00e1s comparando antes de lanzarte. En la mayor\u00eda de los casos, recomendamos que los socios trabajen tambi\u00e9n con una serie de competidores para que puedan ver lo competitivos que somos. Busca programas de afiliaci\u00f3n que sean relevantes para tu nicho o sector, y compara sus porcentajes de comisi\u00f3n, la duraci\u00f3n de las cookies y otros t\u00e9rminos y condiciones.   <\/p><\/div><\/div>\t\t\t\t<\/div>\n\t\t\t\t<div class=\"elementor-element elementor-element-0dce9c1 elementor-position-left elementor-vertical-align-top elementor-widget elementor-widget-image-box\" data-id=\"0dce9c1\" data-element_type=\"widget\" data-e-type=\"widget\" data-widget_type=\"image-box.default\">\n\t\t\t\t\t<div class=\"elementor-image-box-wrapper\"><figure class=\"elementor-image-box-img\"><img decoding=\"async\" width=\"131\" height=\"147\" src=\"https:\/\/partners.blackbull.com\/wp-content\/uploads\/2023\/06\/gid_02.svg\" class=\"attachment-full size-full wp-image-11275\" alt=\"\" \/><\/figure><div class=\"elementor-image-box-content\"><p class=\"elementor-image-box-description\">Cuando est\u00e9s preparado, solicita unirte a BlackBull Partners rellenando el formulario de solicitud de nuestro sitio web. Es pr\u00e1ctica habitual tener un proceso de solicitud, que implica enviar informaci\u00f3n sobre tu sitio web o presencia en l\u00ednea, as\u00ed como cualquier otro detalle relevante. Revisamos cada solicitud caso por caso y tenemos un alto nivel de exigencia, lo que significa que no aprobamos a todo el mundo.  <\/p><\/div><\/div>\t\t\t\t<\/div>\n\t\t\t\t<div class=\"elementor-element elementor-element-890db7e elementor-position-left elementor-vertical-align-top elementor-widget elementor-widget-image-box\" data-id=\"890db7e\" data-element_type=\"widget\" data-e-type=\"widget\" data-widget_type=\"image-box.default\">\n\t\t\t\t\t<div class=\"elementor-image-box-wrapper\"><figure class=\"elementor-image-box-img\"><img loading=\"lazy\" decoding=\"async\" width=\"131\" height=\"147\" src=\"https:\/\/partners.blackbull.com\/wp-content\/uploads\/2023\/06\/gid_03.svg\" class=\"attachment-full size-full wp-image-11279\" alt=\"\" \/><\/figure><div class=\"elementor-image-box-content\"><p class=\"elementor-image-box-description\">Consigue tu enlace de afiliado o banner. Una vez aprobada tu cuenta, podr\u00e1s acceder a nuestra Plataforma de Seguimiento, donde encontrar\u00e1s miles de herramientas de marketing. Se te proporcionar\u00e1 un enlace de afiliado \u00fanico y una selecci\u00f3n de banners que podr\u00e1s utilizar para promocionar el producto o servicio en funci\u00f3n de tu mercado objetivo.  <\/p><\/div><\/div>\t\t\t\t<\/div>\n\t\t\t\t<div class=\"elementor-element elementor-element-7fddbc0 elementor-position-left elementor-vertical-align-top elementor-widget elementor-widget-image-box\" data-id=\"7fddbc0\" data-element_type=\"widget\" data-e-type=\"widget\" data-widget_type=\"image-box.default\">\n\t\t\t\t\t<div class=\"elementor-image-box-wrapper\"><figure class=\"elementor-image-box-img\"><img loading=\"lazy\" decoding=\"async\" width=\"131\" height=\"147\" src=\"https:\/\/partners.blackbull.com\/wp-content\/uploads\/2023\/06\/gid_04.svg\" class=\"attachment-full size-full wp-image-11283\" alt=\"\" \/><\/figure><div class=\"elementor-image-box-content\"><p class=\"elementor-image-box-description\">Es hora de empezar a promocionar BlackBull Markets. Utiliza tu enlace de afiliado o banners para promocionar nuestra gama de productos y servicios en tu sitio web, blog o canales de redes sociales. Aseg\u00farate de incluir una llamada a la acci\u00f3n clara y cualquier informaci\u00f3n relevante sobre el producto o servicio.  <\/p><\/div><\/div>\t\t\t\t<\/div>\n\t\t\t\t<div class=\"elementor-element elementor-element-05cd3f4 elementor-position-left elementor-vertical-align-top elementor-widget elementor-widget-image-box\" data-id=\"05cd3f4\" data-element_type=\"widget\" data-e-type=\"widget\" data-widget_type=\"image-box.default\">\n\t\t\t\t\t<div class=\"elementor-image-box-wrapper\"><figure class=\"elementor-image-box-img\"><img loading=\"lazy\" decoding=\"async\" width=\"131\" height=\"147\" src=\"https:\/\/partners.blackbull.com\/wp-content\/uploads\/2023\/06\/gid_05.svg\" class=\"attachment-full size-full wp-image-11287\" alt=\"\" \/><\/figure><div class=\"elementor-image-box-content\"><p class=\"elementor-image-box-description\">Controla tu rendimiento. Controla el n\u00famero de clics, impresiones y conversiones que obtienes con tus promociones. Esto te ayudar\u00e1 a comprender qu\u00e9 promociones funcionan bien y cu\u00e1les necesitan mejoras. Siempre puedes ponerte en contacto con nuestro equipo si necesitas ayuda para optimizar tus promociones.   <\/p><\/div><\/div>\t\t\t\t<\/div>\n\t\t\t\t<div class=\"elementor-element elementor-element-8766b37 elementor-position-left elementor-vertical-align-top elementor-widget elementor-widget-image-box\" data-id=\"8766b37\" data-element_type=\"widget\" data-e-type=\"widget\" data-widget_type=\"image-box.default\">\n\t\t\t\t\t<div class=\"elementor-image-box-wrapper\"><figure class=\"elementor-image-box-img\"><img loading=\"lazy\" decoding=\"async\" width=\"131\" height=\"147\" src=\"https:\/\/partners.blackbull.com\/wp-content\/uploads\/2023\/06\/gid_06.svg\" class=\"attachment-full size-full wp-image-11291\" alt=\"\" \/><\/figure><div class=\"elementor-image-box-content\"><p class=\"elementor-image-box-description\">Cobra. Procesamos los pagos mensualmente, pero podr\u00e1s hacer un seguimiento de tus ganancias en directo, a medida que se vayan encubriendo tus referidos. Aseg\u00farate de llevar un registro de tus ganancias y de que te han verificado completamente para que el proceso de retirada de fondos sea fluido.  <\/p><\/div><\/div>\t\t\t\t<\/div>\n\t\t\t\t<\/div>\n\t\t\t\t\t<\/div>\n\t\t\t\t<\/div>\n\t\t\t\t<\/div>\n\t\t","protected":false},"excerpt":{"rendered":"<p>BlackBull Partners- Gu\u00eda de inicio Empezar a trabajar con BlackBull Partners es muy sencillo. Para guiarte paso a paso por el proceso, aqu\u00ed tienes una gu\u00eda de inicio que hemos elaborado para los nuevos socios: Es importante que cumplas los t\u00e9rminos y condiciones de nuestros programas de recomendaci\u00f3n, as\u00ed como las normas y reglamentos del [&hellip;]<\/p>\n","protected":false},"author":6,"featured_media":0,"parent":17084,"menu_order":3,"comment_status":"closed","ping_status":"closed","template":"elementor_header_footer","meta":{"inline_featured_image":false,"footnotes":""},"class_list":["post-17112","page","type-page","status-publish","hentry"],"yoast_head":"<!-- This site is optimized with the Yoast SEO plugin v27.3 - https:\/\/yoast.com\/product\/yoast-seo-wordpress\/ -->\n<title>Gu\u00eda de inicio | BlackBull Partners%.<\/title>\n<meta name=\"description\" content=\"Te guiamos paso a paso por el proceso Aqu\u00ed tienes una gu\u00eda de inicio que hemos elaborado para los nuevos socios: Es importante cumplir las condiciones de nuestros programas de afiliaci\u00f3n, as\u00ed como las normas y reglamentos del pa\u00eds.\" \/>\n<meta name=\"robots\" content=\"index, follow, max-snippet:-1, max-image-preview:large, max-video-preview:-1\" \/>\n<link rel=\"canonical\" href=\"https:\/\/partners.blackbull.com\/es\/about\/getting-started\/getting-started-guide\/\" \/>\n<meta property=\"og:locale\" content=\"es_ES\" \/>\n<meta property=\"og:type\" content=\"article\" \/>\n<meta property=\"og:title\" content=\"Gu\u00eda de inicio | BlackBull Partners%.\" \/>\n<meta property=\"og:description\" content=\"Te guiamos paso a paso por el proceso Aqu\u00ed tienes una gu\u00eda de inicio que hemos elaborado para los nuevos socios: Es importante cumplir las condiciones de nuestros programas de afiliaci\u00f3n, as\u00ed como las normas y reglamentos del pa\u00eds.\" \/>\n<meta property=\"og:url\" content=\"https:\/\/partners.blackbull.com\/es\/about\/getting-started\/getting-started-guide\/\" \/>\n<meta property=\"og:site_name\" content=\"BlackBull Partners\" \/>\n<meta property=\"article:modified_time\" content=\"2025-03-24T17:58:42+00:00\" \/>\n<meta property=\"og:image\" content=\"https:\/\/partners.blackbull.com\/wp-content\/uploads\/2023\/06\/guid-line.png\" \/>\n\t<meta property=\"og:image:width\" content=\"445\" \/>\n\t<meta property=\"og:image:height\" content=\"690\" \/>\n\t<meta property=\"og:image:type\" content=\"image\/png\" \/>\n<meta name=\"twitter:card\" content=\"summary_large_image\" \/>\n<meta name=\"twitter:label1\" content=\"Tiempo de lectura\" \/>\n\t<meta name=\"twitter:data1\" content=\"2 minutos\" \/>\n<script type=\"application\/ld+json\" class=\"yoast-schema-graph\">{\"@context\":\"https:\\\/\\\/schema.org\",\"@graph\":[{\"@type\":\"WebPage\",\"@id\":\"https:\\\/\\\/partners.blackbull.com\\\/es\\\/about\\\/getting-started\\\/getting-started-guide\\\/\",\"url\":\"https:\\\/\\\/partners.blackbull.com\\\/es\\\/about\\\/getting-started\\\/getting-started-guide\\\/\",\"name\":\"Gu\u00eda de inicio | BlackBull Partners%.\",\"isPartOf\":{\"@id\":\"https:\\\/\\\/partners.blackbull.com\\\/es\\\/#website\"},\"primaryImageOfPage\":{\"@id\":\"https:\\\/\\\/partners.blackbull.com\\\/es\\\/about\\\/getting-started\\\/getting-started-guide\\\/#primaryimage\"},\"image\":{\"@id\":\"https:\\\/\\\/partners.blackbull.com\\\/es\\\/about\\\/getting-started\\\/getting-started-guide\\\/#primaryimage\"},\"thumbnailUrl\":\"https:\\\/\\\/partners.blackbull.com\\\/wp-content\\\/uploads\\\/2023\\\/06\\\/guid-line.png\",\"datePublished\":\"2025-03-24T17:58:40+00:00\",\"dateModified\":\"2025-03-24T17:58:42+00:00\",\"description\":\"Te guiamos paso a paso por el proceso Aqu\u00ed tienes una gu\u00eda de inicio que hemos elaborado para los nuevos socios: Es importante cumplir las condiciones de nuestros programas de afiliaci\u00f3n, as\u00ed como las normas y reglamentos del pa\u00eds.\",\"breadcrumb\":{\"@id\":\"https:\\\/\\\/partners.blackbull.com\\\/es\\\/about\\\/getting-started\\\/getting-started-guide\\\/#breadcrumb\"},\"inLanguage\":\"es\",\"potentialAction\":[{\"@type\":\"ReadAction\",\"target\":[\"https:\\\/\\\/partners.blackbull.com\\\/es\\\/about\\\/getting-started\\\/getting-started-guide\\\/\"]}]},{\"@type\":\"ImageObject\",\"inLanguage\":\"es\",\"@id\":\"https:\\\/\\\/partners.blackbull.com\\\/es\\\/about\\\/getting-started\\\/getting-started-guide\\\/#primaryimage\",\"url\":\"https:\\\/\\\/partners.blackbull.com\\\/wp-content\\\/uploads\\\/2023\\\/06\\\/guid-line.png\",\"contentUrl\":\"https:\\\/\\\/partners.blackbull.com\\\/wp-content\\\/uploads\\\/2023\\\/06\\\/guid-line.png\"},{\"@type\":\"BreadcrumbList\",\"@id\":\"https:\\\/\\\/partners.blackbull.com\\\/es\\\/about\\\/getting-started\\\/getting-started-guide\\\/#breadcrumb\",\"itemListElement\":[{\"@type\":\"ListItem\",\"position\":1,\"name\":\"Home\",\"item\":\"https:\\\/\\\/partners.blackbull.com\\\/es\\\/home-new\\\/\"},{\"@type\":\"ListItem\",\"position\":2,\"name\":\"Acerca de\",\"item\":\"https:\\\/\\\/partners.blackbull.com\\\/es\\\/acerca-de\\\/\"},{\"@type\":\"ListItem\",\"position\":3,\"name\":\"C\u00f3mo empezar\",\"item\":\"https:\\\/\\\/partners.blackbull.com\\\/es\\\/acerca-de\\\/como-empezar\\\/\"},{\"@type\":\"ListItem\",\"position\":4,\"name\":\"Gu\u00eda de inicio\"}]},{\"@type\":\"WebSite\",\"@id\":\"https:\\\/\\\/partners.blackbull.com\\\/es\\\/#website\",\"url\":\"https:\\\/\\\/partners.blackbull.com\\\/es\\\/\",\"name\":\"BlackBull Partners\",\"description\":\"BlackBull Affiliates is the partner referral program of BlackBull Markets, a top-tier, award-winning, and multi-regulated forex broker.\",\"publisher\":{\"@id\":\"https:\\\/\\\/partners.blackbull.com\\\/es\\\/#organization\"},\"potentialAction\":[{\"@type\":\"SearchAction\",\"target\":{\"@type\":\"EntryPoint\",\"urlTemplate\":\"https:\\\/\\\/partners.blackbull.com\\\/es\\\/?s={search_term_string}\"},\"query-input\":{\"@type\":\"PropertyValueSpecification\",\"valueRequired\":true,\"valueName\":\"search_term_string\"}}],\"inLanguage\":\"es\"},{\"@type\":\"Organization\",\"@id\":\"https:\\\/\\\/partners.blackbull.com\\\/es\\\/#organization\",\"name\":\"BlackBull Partners\",\"url\":\"https:\\\/\\\/partners.blackbull.com\\\/es\\\/\",\"logo\":{\"@type\":\"ImageObject\",\"inLanguage\":\"es\",\"@id\":\"https:\\\/\\\/partners.blackbull.com\\\/es\\\/#\\\/schema\\\/logo\\\/image\\\/\",\"url\":\"https:\\\/\\\/partners.blackbull.com\\\/wp-content\\\/uploads\\\/2022\\\/03\\\/BBMPartnerslogo_blue.svg\",\"contentUrl\":\"https:\\\/\\\/partners.blackbull.com\\\/wp-content\\\/uploads\\\/2022\\\/03\\\/BBMPartnerslogo_blue.svg\",\"width\":981,\"height\":279,\"caption\":\"BlackBull Partners\"},\"image\":{\"@id\":\"https:\\\/\\\/partners.blackbull.com\\\/es\\\/#\\\/schema\\\/logo\\\/image\\\/\"}}]}<\/script>\n<!-- \/ Yoast SEO plugin. -->","yoast_head_json":{"title":"Gu\u00eda de inicio | BlackBull Partners%.","description":"Te guiamos paso a paso por el proceso Aqu\u00ed tienes una gu\u00eda de inicio que hemos elaborado para los nuevos socios: Es importante cumplir las condiciones de nuestros programas de afiliaci\u00f3n, as\u00ed como las normas y reglamentos del pa\u00eds.","robots":{"index":"index","follow":"follow","max-snippet":"max-snippet:-1","max-image-preview":"max-image-preview:large","max-video-preview":"max-video-preview:-1"},"canonical":"https:\/\/partners.blackbull.com\/es\/about\/getting-started\/getting-started-guide\/","og_locale":"es_ES","og_type":"article","og_title":"Gu\u00eda de inicio | BlackBull Partners%.","og_description":"Te guiamos paso a paso por el proceso Aqu\u00ed tienes una gu\u00eda de inicio que hemos elaborado para los nuevos socios: Es importante cumplir las condiciones de nuestros programas de afiliaci\u00f3n, as\u00ed como las normas y reglamentos del pa\u00eds.","og_url":"https:\/\/partners.blackbull.com\/es\/about\/getting-started\/getting-started-guide\/","og_site_name":"BlackBull Partners","article_modified_time":"2025-03-24T17:58:42+00:00","og_image":[{"width":445,"height":690,"url":"https:\/\/partners.blackbull.com\/wp-content\/uploads\/2023\/06\/guid-line.png","type":"image\/png"}],"twitter_card":"summary_large_image","twitter_misc":{"Tiempo de lectura":"2 minutos"},"schema":{"@context":"https:\/\/schema.org","@graph":[{"@type":"WebPage","@id":"https:\/\/partners.blackbull.com\/es\/about\/getting-started\/getting-started-guide\/","url":"https:\/\/partners.blackbull.com\/es\/about\/getting-started\/getting-started-guide\/","name":"Gu\u00eda de inicio | BlackBull Partners%.","isPartOf":{"@id":"https:\/\/partners.blackbull.com\/es\/#website"},"primaryImageOfPage":{"@id":"https:\/\/partners.blackbull.com\/es\/about\/getting-started\/getting-started-guide\/#primaryimage"},"image":{"@id":"https:\/\/partners.blackbull.com\/es\/about\/getting-started\/getting-started-guide\/#primaryimage"},"thumbnailUrl":"https:\/\/partners.blackbull.com\/wp-content\/uploads\/2023\/06\/guid-line.png","datePublished":"2025-03-24T17:58:40+00:00","dateModified":"2025-03-24T17:58:42+00:00","description":"Te guiamos paso a paso por el proceso Aqu\u00ed tienes una gu\u00eda de inicio que hemos elaborado para los nuevos socios: Es importante cumplir las condiciones de nuestros programas de afiliaci\u00f3n, as\u00ed como las normas y reglamentos del pa\u00eds.","breadcrumb":{"@id":"https:\/\/partners.blackbull.com\/es\/about\/getting-started\/getting-started-guide\/#breadcrumb"},"inLanguage":"es","potentialAction":[{"@type":"ReadAction","target":["https:\/\/partners.blackbull.com\/es\/about\/getting-started\/getting-started-guide\/"]}]},{"@type":"ImageObject","inLanguage":"es","@id":"https:\/\/partners.blackbull.com\/es\/about\/getting-started\/getting-started-guide\/#primaryimage","url":"https:\/\/partners.blackbull.com\/wp-content\/uploads\/2023\/06\/guid-line.png","contentUrl":"https:\/\/partners.blackbull.com\/wp-content\/uploads\/2023\/06\/guid-line.png"},{"@type":"BreadcrumbList","@id":"https:\/\/partners.blackbull.com\/es\/about\/getting-started\/getting-started-guide\/#breadcrumb","itemListElement":[{"@type":"ListItem","position":1,"name":"Home","item":"https:\/\/partners.blackbull.com\/es\/home-new\/"},{"@type":"ListItem","position":2,"name":"Acerca de","item":"https:\/\/partners.blackbull.com\/es\/acerca-de\/"},{"@type":"ListItem","position":3,"name":"C\u00f3mo empezar","item":"https:\/\/partners.blackbull.com\/es\/acerca-de\/como-empezar\/"},{"@type":"ListItem","position":4,"name":"Gu\u00eda de inicio"}]},{"@type":"WebSite","@id":"https:\/\/partners.blackbull.com\/es\/#website","url":"https:\/\/partners.blackbull.com\/es\/","name":"BlackBull Partners","description":"BlackBull Affiliates is the partner referral program of BlackBull Markets, a top-tier, award-winning, and multi-regulated forex broker.","publisher":{"@id":"https:\/\/partners.blackbull.com\/es\/#organization"},"potentialAction":[{"@type":"SearchAction","target":{"@type":"EntryPoint","urlTemplate":"https:\/\/partners.blackbull.com\/es\/?s={search_term_string}"},"query-input":{"@type":"PropertyValueSpecification","valueRequired":true,"valueName":"search_term_string"}}],"inLanguage":"es"},{"@type":"Organization","@id":"https:\/\/partners.blackbull.com\/es\/#organization","name":"BlackBull Partners","url":"https:\/\/partners.blackbull.com\/es\/","logo":{"@type":"ImageObject","inLanguage":"es","@id":"https:\/\/partners.blackbull.com\/es\/#\/schema\/logo\/image\/","url":"https:\/\/partners.blackbull.com\/wp-content\/uploads\/2022\/03\/BBMPartnerslogo_blue.svg","contentUrl":"https:\/\/partners.blackbull.com\/wp-content\/uploads\/2022\/03\/BBMPartnerslogo_blue.svg","width":981,"height":279,"caption":"BlackBull Partners"},"image":{"@id":"https:\/\/partners.blackbull.com\/es\/#\/schema\/logo\/image\/"}}]}},"_links":{"self":[{"href":"https:\/\/partners.blackbull.com\/es\/wp-json\/wp\/v2\/pages\/17112","targetHints":{"allow":["GET"]}}],"collection":[{"href":"https:\/\/partners.blackbull.com\/es\/wp-json\/wp\/v2\/pages"}],"about":[{"href":"https:\/\/partners.blackbull.com\/es\/wp-json\/wp\/v2\/types\/page"}],"author":[{"embeddable":true,"href":"https:\/\/partners.blackbull.com\/es\/wp-json\/wp\/v2\/users\/6"}],"replies":[{"embeddable":true,"href":"https:\/\/partners.blackbull.com\/es\/wp-json\/wp\/v2\/comments?post=17112"}],"version-history":[{"count":1,"href":"https:\/\/partners.blackbull.com\/es\/wp-json\/wp\/v2\/pages\/17112\/revisions"}],"predecessor-version":[{"id":17113,"href":"https:\/\/partners.blackbull.com\/es\/wp-json\/wp\/v2\/pages\/17112\/revisions\/17113"}],"up":[{"embeddable":true,"href":"https:\/\/partners.blackbull.com\/es\/wp-json\/wp\/v2\/pages\/17084"}],"wp:attachment":[{"href":"https:\/\/partners.blackbull.com\/es\/wp-json\/wp\/v2\/media?parent=17112"}],"curies":[{"name":"wp","href":"https:\/\/api.w.org\/{rel}","templated":true}]}}