{"id":17114,"date":"2025-03-25T06:58:40","date_gmt":"2025-03-24T17:58:40","guid":{"rendered":"https:\/\/partners.blackbull.com\/afiliados\/estructuras-cpa\/subafiliados\/"},"modified":"2025-03-25T06:58:42","modified_gmt":"2025-03-24T17:58:42","slug":"sub-affiliates","status":"publish","type":"page","link":"https:\/\/partners.blackbull.com\/es\/affiliates\/cpa-structures\/sub-affiliates\/","title":{"rendered":"Subafiliados"},"content":{"rendered":"\t\t<div data-elementor-type=\"wp-page\" data-elementor-id=\"17114\" class=\"elementor elementor-17114 elementor-4162\" data-elementor-post-type=\"page\">\n\t\t\t\t<div class=\"elementor-element elementor-element-4d2b1e9 e-flex e-con-boxed e-con e-parent\" data-id=\"4d2b1e9\" data-element_type=\"container\" data-e-type=\"container\" data-settings=\"{&quot;background_background&quot;:&quot;classic&quot;,&quot;jet_parallax_layout_list&quot;:[]}\">\n\t\t\t\t\t<div class=\"e-con-inner\">\n\t\t\t\t<div class=\"elementor-element elementor-element-11cab16 elementor-widget elementor-widget-breadcrumbs\" data-id=\"11cab16\" data-element_type=\"widget\" data-e-type=\"widget\" data-widget_type=\"breadcrumbs.default\">\n\t\t\t\t\t<p id=\"breadcrumbs\"><span><span><a href=\"https:\/\/partners.blackbull.com\/es\/home-new\/\">Home<\/a><\/span><\/span><\/p>\t\t\t\t<\/div>\n\t\t\t\t\t<\/div>\n\t\t\t\t<\/div>\n\t\t<div class=\"elementor-element elementor-element-1aa4433 e-flex e-con-boxed e-con e-parent\" data-id=\"1aa4433\" data-element_type=\"container\" data-e-type=\"container\" data-settings=\"{&quot;background_background&quot;:&quot;classic&quot;,&quot;jet_parallax_layout_list&quot;:[]}\">\n\t\t\t\t\t<div class=\"e-con-inner\">\n\t\t<div class=\"elementor-element elementor-element-a06eeb5 e-con-full e-flex e-con e-child\" data-id=\"a06eeb5\" data-element_type=\"container\" data-e-type=\"container\" data-settings=\"{&quot;background_background&quot;:&quot;classic&quot;,&quot;jet_parallax_layout_list&quot;:[]}\">\n\t\t\t\t<div class=\"elementor-element elementor-element-2bc31d6 elementor-widget__width-initial elementor-widget elementor-widget-heading\" data-id=\"2bc31d6\" data-element_type=\"widget\" data-e-type=\"widget\" data-widget_type=\"heading.default\">\n\t\t\t\t\t<h2 class=\"elementor-heading-title elementor-size-default\">\u00bfC\u00f3mo funcionan los subafiliados?<\/h2>\t\t\t\t<\/div>\n\t\t\t\t<\/div>\n\t\t<div class=\"elementor-element elementor-element-32184f1 e-con-full e-flex e-con e-child\" data-id=\"32184f1\" data-element_type=\"container\" data-e-type=\"container\" data-settings=\"{&quot;jet_parallax_layout_list&quot;:[]}\">\n\t\t\t\t<div class=\"elementor-element elementor-element-b5e5e29 link-text elementor-widget elementor-widget-text-editor\" data-id=\"b5e5e29\" data-element_type=\"widget\" data-e-type=\"widget\" data-widget_type=\"text-editor.default\">\n\t\t\t\t\t\t\t\t\t<p>Los subafiliados operan reclutando a otras personas o empresas para promocionar los productos y servicios de BlackBull a trav\u00e9s de nuestro programa de afiliados existente.<\/p>\n\t\t\t\t\t\t\t\t<\/div>\n\t\t\t\t<\/div>\n\t\t\t\t\t<\/div>\n\t\t\t\t<\/div>\n\t\t<div class=\"elementor-element elementor-element-745b62f e-flex e-con-boxed e-con e-parent\" data-id=\"745b62f\" data-element_type=\"container\" data-e-type=\"container\" data-settings=\"{&quot;jet_parallax_layout_list&quot;:[]}\">\n\t\t\t\t\t<div class=\"e-con-inner\">\n\t\t<div class=\"elementor-element elementor-element-65a4e2b e-con-full e-flex e-con e-child\" data-id=\"65a4e2b\" data-element_type=\"container\" data-e-type=\"container\" data-settings=\"{&quot;jet_parallax_layout_list&quot;:[]}\">\n\t\t\t\t<div class=\"elementor-element elementor-element-6e11905 elementor-widget elementor-widget-heading\" data-id=\"6e11905\" data-element_type=\"widget\" data-e-type=\"widget\" data-widget_type=\"heading.default\">\n\t\t\t\t\t<h2 class=\"elementor-heading-title elementor-size-default\">El afiliado principal y sus subafiliados trabajan juntos para promocionar nuestros productos y servicios.<\/h2>\t\t\t\t<\/div>\n\t\t\t\t<div class=\"elementor-element elementor-element-ab2c91b elementor-widget elementor-widget-heading\" data-id=\"ab2c91b\" data-element_type=\"widget\" data-e-type=\"widget\" data-widget_type=\"heading.default\">\n\t\t\t\t\t<h3 class=\"elementor-heading-title elementor-size-default\">Los afiliados principales reciben una comisi\u00f3n por las ventas generadas por sus subafiliados.<\/h3>\t\t\t\t<\/div>\n\t\t\t\t<div class=\"elementor-element elementor-element-6c3ba80 elementor-widget elementor-widget-text-editor\" data-id=\"6c3ba80\" data-element_type=\"widget\" data-e-type=\"widget\" data-widget_type=\"text-editor.default\">\n\t\t\t\t\t\t\t\t\t<p>Los subafiliados son una parte importante de c\u00f3mo BlackBull aumenta el alcance de la marca y las ventas, y es una forma estupenda de que los afiliados ganen comisiones adicionales mediante la captaci\u00f3n de subafiliados.<\/p>\n<p>En el sector de las divisas, los subafiliados suelen promocionar los servicios de corredores de divisas como BlackBull y sus plataformas de trading o los mercados en los que operan. He aqu\u00ed un ejemplo de c\u00f3mo funcionan los subafiliados en el sector de las divisas: <\/p>\n\t\t\t\t\t\t\t\t<\/div>\n\t\t\t\t<\/div>\n\t\t<div class=\"elementor-element elementor-element-dc92b9d e-con-full e-flex e-con e-child\" data-id=\"dc92b9d\" data-element_type=\"container\" data-e-type=\"container\" data-settings=\"{&quot;jet_parallax_layout_list&quot;:[]}\">\n\t\t\t\t<div class=\"elementor-element elementor-element-57021a9 elementor-widget elementor-widget-image\" data-id=\"57021a9\" data-element_type=\"widget\" data-e-type=\"widget\" data-widget_type=\"image.default\">\n\t\t\t\t\t\t\t\t\t\t\t\t\t\t\t<img fetchpriority=\"high\" decoding=\"async\" width=\"626\" height=\"556\" src=\"https:\/\/partners.blackbull.com\/wp-content\/uploads\/2023\/06\/Group-2736.png\" class=\"attachment-full size-full wp-image-10054\" alt=\"\" srcset=\"https:\/\/partners.blackbull.com\/wp-content\/uploads\/2023\/06\/Group-2736.png 626w, https:\/\/partners.blackbull.com\/wp-content\/uploads\/2023\/06\/Group-2736-300x266.png 300w\" sizes=\"(max-width: 626px) 100vw, 626px\" \/>\t\t\t\t\t\t\t\t\t\t\t\t\t\t\t<\/div>\n\t\t\t\t<\/div>\n\t\t\t\t\t<\/div>\n\t\t\t\t<\/div>\n\t\t<div class=\"elementor-element elementor-element-e0519c1 e-con-full get-guide-section work-step-section e-flex e-con e-parent\" data-id=\"e0519c1\" data-element_type=\"container\" data-e-type=\"container\" data-settings=\"{&quot;background_background&quot;:&quot;classic&quot;,&quot;jet_parallax_layout_list&quot;:[]}\">\n\t\t<div class=\"elementor-element elementor-element-04852e4 e-con-full e-flex e-con e-child\" data-id=\"04852e4\" data-element_type=\"container\" data-e-type=\"container\" data-settings=\"{&quot;jet_parallax_layout_list&quot;:[]}\">\n\t\t\t\t<div class=\"elementor-element elementor-element-1093395 elementor-widget__width-initial elementor-widget elementor-widget-heading\" data-id=\"1093395\" data-element_type=\"widget\" data-e-type=\"widget\" data-widget_type=\"heading.default\">\n\t\t\t\t\t<h2 class=\"elementor-heading-title elementor-size-default\">As\u00ed es como los subafiliados pueden ayudar a aumentar el alcance y la visibilidad<\/h2>\t\t\t\t<\/div>\n\t\t\t\t<div class=\"elementor-element elementor-element-c5ba30a elementor-widget__width-initial elementor-widget elementor-widget-heading\" data-id=\"c5ba30a\" data-element_type=\"widget\" data-e-type=\"widget\" data-widget_type=\"heading.default\">\n\t\t\t\t\t<p class=\"elementor-heading-title elementor-size-default\">Los subafiliados en el sector de las divisas pueden ayudar a aumentar el alcance y la visibilidad de los corredores de divisas y generar ingresos adicionales tanto para el corredor como para el afiliado principal mediante la captaci\u00f3n de subafiliados.<\/p>\t\t\t\t<\/div>\n\t\t\t\t<div class=\"elementor-element elementor-element-8a269a2 guid-slider-wrap elementor-widget elementor-widget-jet-carousel\" data-id=\"8a269a2\" data-element_type=\"widget\" data-e-type=\"widget\" data-settings=\"{&quot;slides_to_show&quot;:&quot;3&quot;,&quot;slides_to_show_tablet&quot;:&quot;2&quot;,&quot;slides_to_show_mobile&quot;:&quot;1&quot;,&quot;slides_to_scroll_tablet&quot;:&quot;1&quot;,&quot;slides_to_scroll&quot;:&quot;1&quot;}\" data-widget_type=\"jet-carousel.default\">\n\t\t\t\t<div class=\"elementor-widget-container\">\n\t\t\t\t\t<div class=\"elementor-jet-carousel jet-elements\"><div class=\"jet-carousel-wrap jet-equal-cols\">\n\t<div class=\"jet-carousel\" data-slider_options=\"{&quot;autoplaySpeed&quot;:3500,&quot;autoplay&quot;:false,&quot;infinite&quot;:true,&quot;centerMode&quot;:false,&quot;centerPadding&quot;:&quot;80px&quot;,&quot;pauseOnHover&quot;:false,&quot;speed&quot;:800,&quot;arrows&quot;:true,&quot;dots&quot;:false,&quot;variableWidth&quot;:false,&quot;prevArrow&quot;:&quot;.jet-carousel__prev-arrow-8a269a2&quot;,&quot;nextArrow&quot;:&quot;.jet-carousel__next-arrow-8a269a2&quot;,&quot;rtl&quot;:false,&quot;fractionNav&quot;:false}\" dir=\"ltr\">\n\t<div class=\"elementor-slick-slider\">\n\n<div class=\"jet-carousel__item\">\n\t<div class=\"jet-carousel__item-inner\"><div class=\"jet-carousel__content\"><h5 class=\"jet-carousel__item-title\">Paso 1<\/h5><div class=\"jet-carousel__item-text\">Los corredores de Forex ofrecen un programa de afiliados a sus socios, conocidos como afiliados primarios o simplemente -afiliados.<\/div><\/div><\/div>\n<\/div>\n\n<div class=\"jet-carousel__item\">\n\t<div class=\"jet-carousel__item-inner\"><div class=\"jet-carousel__content\"><h5 class=\"jet-carousel__item-title\">Paso 2<\/h5><div class=\"jet-carousel__item-text\">El afiliado principal recluta a otras personas o empresas para que promocionen los servicios del corredor de bolsa, estas personas o empresas se conocen como subafiliados.<\/div><\/div><\/div>\n<\/div>\n\n<div class=\"jet-carousel__item\">\n\t<div class=\"jet-carousel__item-inner\"><div class=\"jet-carousel__content\"><h5 class=\"jet-carousel__item-title\">Paso 3<\/h5><div class=\"jet-carousel__item-text\">Los subafiliados promocionan los servicios del corredor de bolsa a trav\u00e9s de sus propios canales, como sitios web, redes sociales o listas de correo electr\u00f3nico.<\/div><\/div><\/div>\n<\/div>\n\n<div class=\"jet-carousel__item\">\n\t<div class=\"jet-carousel__item-inner\"><div class=\"jet-carousel__content\"><h5 class=\"jet-carousel__item-title\">Paso 4<\/h5><div class=\"jet-carousel__item-text\"><p>Cuando un usuario <a href=\"https:\/\/secure.blackbull.com\/auth\/register-partners\/\">se<\/a> registra en una cuenta a trav\u00e9s de una promoci\u00f3n gestionada por un subafiliado, \u00e9ste obtiene una comisi\u00f3n por la recomendaci\u00f3n, y un porcentaje de esa comisi\u00f3n tambi\u00e9n se transfiere al afiliado principal.<\/p><\/div><\/div><\/div>\n<\/div>\n<\/div><div class=\"jet-carousel__prev-arrow-8a269a2 jet-arrow prev-arrow\"><svg xmlns=\"http:\/\/www.w3.org\/2000\/svg\" width=\"49\" height=\"49\" viewBox=\"0 0 49 49\"><g id=\"Group_2752\" data-name=\"Group 2752\" transform=\"translate(-14421 2552) rotate(180)\"><g id=\"Rectangle_100\" data-name=\"Rectangle 100\" transform=\"translate(-14470 2503)\" fill=\"rgba(255,255,255,0.2)\" stroke=\"#1a58d3\" stroke-width=\"1\"><rect width=\"49\" height=\"49\" rx=\"24.5\" stroke=\"none\"><\/rect><rect x=\"0.5\" y=\"0.5\" width=\"48\" height=\"48\" rx=\"24\" fill=\"none\"><\/rect><\/g><path id=\"Path_12338\" data-name=\"Path 12338\" d=\"M0,0,8.523,8.523,0,17.045\" transform=\"translate(-14448.762 2518.978)\" fill=\"none\" stroke=\"#1a58d3\" stroke-linecap=\"round\" stroke-linejoin=\"round\" stroke-width=\"2\"><\/path><\/g><\/svg><\/div><div class=\"jet-carousel__next-arrow-8a269a2 jet-arrow next-arrow\"><svg xmlns=\"http:\/\/www.w3.org\/2000\/svg\" width=\"49\" height=\"49\" viewBox=\"0 0 49 49\"><g id=\"Group_2751\" data-name=\"Group 2751\" transform=\"translate(14470)\"><g id=\"Rectangle_100\" data-name=\"Rectangle 100\" transform=\"translate(-14470)\" fill=\"rgba(255,255,255,0.2)\" stroke=\"#1a58d3\" stroke-width=\"1\"><rect width=\"49\" height=\"49\" rx=\"24.5\" stroke=\"none\"><\/rect><rect x=\"0.5\" y=\"0.5\" width=\"48\" height=\"48\" rx=\"24\" fill=\"none\"><\/rect><\/g><path id=\"Path_12338\" data-name=\"Path 12338\" d=\"M8.25,4.5l8.523,8.523L8.25,21.545\" transform=\"translate(-14457.012 11.477)\" fill=\"none\" stroke=\"#1a58d3\" stroke-linecap=\"round\" stroke-linejoin=\"round\" stroke-width=\"2\"><\/path><\/g><\/svg><\/div><\/div>\n<\/div>\n<\/div>\t\t\t\t<\/div>\n\t\t\t\t<\/div>\n\t\t\t\t<div class=\"elementor-element elementor-element-7d21d85 elementor-widget__width-initial elementor-widget elementor-widget-text-editor\" data-id=\"7d21d85\" data-element_type=\"widget\" data-e-type=\"widget\" data-widget_type=\"text-editor.default\">\n\t\t\t\t\t\t\t\t\t<p>En BlackBull Partners, la tasa est\u00e1ndar para los subafiliados es <span style=\"color: #1a58d3;\">del diez por ciento<\/span>. Esto significa que si un subafiliado gana <span style=\"color: #1a58d3;\"> 100 $<\/span> por una recomendaci\u00f3n, el afiliado principal ganar\u00e1 adem\u00e1s <span style=\"color: #1a58d3;\"> 10 $<\/span>. <\/p>\n<p>Empieza hoy mismo a hacer crecer tu negocio con nosotros y remitiendo a subafiliados.<\/p>\n\t\t\t\t\t\t\t\t<\/div>\n\t\t\t\t<div class=\"elementor-element elementor-element-07b0eb6 elementor-mobile-align-left elementor-widget elementor-widget-button\" data-id=\"07b0eb6\" data-element_type=\"widget\" data-e-type=\"widget\" data-widget_type=\"button.default\">\n\t\t\t\t\t\t\t\t\t\t<a class=\"elementor-button elementor-button-link elementor-size-sm\" href=\"https:\/\/secure.blackbull.com\/auth\/register-partners\">\n\t\t\t\t\t\t<span class=\"elementor-button-content-wrapper\">\n\t\t\t\t\t\t\t\t\t<span class=\"elementor-button-text\">\u00daNETE A LOS SOCIOS DE BLACKBULL<\/span>\n\t\t\t\t\t<\/span>\n\t\t\t\t\t<\/a>\n\t\t\t\t\t\t\t\t<\/div>\n\t\t\t\t<\/div>\n\t\t\t\t<\/div>\n\t\t\t\t<\/div>\n\t\t","protected":false},"excerpt":{"rendered":"<p>\u00bfC\u00f3mo funcionan los subafiliados? Los subafiliados operan reclutando a otras personas o empresas para promocionar los productos y servicios de BlackBull a trav\u00e9s de nuestro programa de afiliados existente. El afiliado principal y sus subafiliados trabajan juntos para promocionar nuestros productos y servicios. Los afiliados principales reciben una comisi\u00f3n por las ventas generadas por sus [&hellip;]<\/p>\n","protected":false},"author":6,"featured_media":0,"parent":17088,"menu_order":4,"comment_status":"closed","ping_status":"closed","template":"elementor_header_footer","meta":{"inline_featured_image":false,"footnotes":""},"class_list":["post-17114","page","type-page","status-publish","hentry"],"yoast_head":"<!-- This site is optimized with the Yoast SEO plugin v27.3 - https:\/\/yoast.com\/product\/yoast-seo-wordpress\/ -->\n<title>Subafiliados | BlackBull Partners<\/title>\n<meta name=\"description\" content=\"Los subafiliados operan reclutando a otras personas o empresas para promocionar los productos y servicios de BlackBull a trav\u00e9s de nuestro programa.\" \/>\n<meta name=\"robots\" content=\"index, follow, max-snippet:-1, max-image-preview:large, max-video-preview:-1\" \/>\n<link rel=\"canonical\" href=\"https:\/\/partners.blackbull.com\/es\/affiliates\/cpa-structures\/sub-affiliates\/\" \/>\n<meta property=\"og:locale\" content=\"es_ES\" \/>\n<meta property=\"og:type\" content=\"article\" \/>\n<meta property=\"og:title\" content=\"Subafiliados | BlackBull Partners\" \/>\n<meta property=\"og:description\" content=\"Los subafiliados operan reclutando a otras personas o empresas para promocionar los productos y servicios de BlackBull a trav\u00e9s de nuestro programa.\" \/>\n<meta property=\"og:url\" content=\"https:\/\/partners.blackbull.com\/es\/affiliates\/cpa-structures\/sub-affiliates\/\" \/>\n<meta property=\"og:site_name\" content=\"BlackBull Partners\" \/>\n<meta property=\"article:modified_time\" content=\"2025-03-24T17:58:42+00:00\" \/>\n<meta property=\"og:image\" content=\"https:\/\/partners.blackbull.com\/wp-content\/uploads\/2023\/06\/Group-2736.png\" \/>\n\t<meta property=\"og:image:width\" content=\"626\" \/>\n\t<meta property=\"og:image:height\" content=\"556\" \/>\n\t<meta property=\"og:image:type\" content=\"image\/png\" \/>\n<meta name=\"twitter:card\" content=\"summary_large_image\" \/>\n<meta name=\"twitter:label1\" content=\"Tiempo de lectura\" \/>\n\t<meta name=\"twitter:data1\" content=\"2 minutos\" \/>\n<script type=\"application\/ld+json\" class=\"yoast-schema-graph\">{\"@context\":\"https:\\\/\\\/schema.org\",\"@graph\":[{\"@type\":\"WebPage\",\"@id\":\"https:\\\/\\\/partners.blackbull.com\\\/es\\\/affiliates\\\/cpa-structures\\\/sub-affiliates\\\/\",\"url\":\"https:\\\/\\\/partners.blackbull.com\\\/es\\\/affiliates\\\/cpa-structures\\\/sub-affiliates\\\/\",\"name\":\"Subafiliados | BlackBull Partners\",\"isPartOf\":{\"@id\":\"https:\\\/\\\/partners.blackbull.com\\\/es\\\/#website\"},\"primaryImageOfPage\":{\"@id\":\"https:\\\/\\\/partners.blackbull.com\\\/es\\\/affiliates\\\/cpa-structures\\\/sub-affiliates\\\/#primaryimage\"},\"image\":{\"@id\":\"https:\\\/\\\/partners.blackbull.com\\\/es\\\/affiliates\\\/cpa-structures\\\/sub-affiliates\\\/#primaryimage\"},\"thumbnailUrl\":\"https:\\\/\\\/partners.blackbull.com\\\/wp-content\\\/uploads\\\/2023\\\/06\\\/Group-2736.png\",\"datePublished\":\"2025-03-24T17:58:40+00:00\",\"dateModified\":\"2025-03-24T17:58:42+00:00\",\"description\":\"Los subafiliados operan reclutando a otras personas o empresas para promocionar los productos y servicios de BlackBull a trav\u00e9s de nuestro programa.\",\"breadcrumb\":{\"@id\":\"https:\\\/\\\/partners.blackbull.com\\\/es\\\/affiliates\\\/cpa-structures\\\/sub-affiliates\\\/#breadcrumb\"},\"inLanguage\":\"es\",\"potentialAction\":[{\"@type\":\"ReadAction\",\"target\":[\"https:\\\/\\\/partners.blackbull.com\\\/es\\\/affiliates\\\/cpa-structures\\\/sub-affiliates\\\/\"]}]},{\"@type\":\"ImageObject\",\"inLanguage\":\"es\",\"@id\":\"https:\\\/\\\/partners.blackbull.com\\\/es\\\/affiliates\\\/cpa-structures\\\/sub-affiliates\\\/#primaryimage\",\"url\":\"https:\\\/\\\/partners.blackbull.com\\\/wp-content\\\/uploads\\\/2023\\\/06\\\/Group-2736.png\",\"contentUrl\":\"https:\\\/\\\/partners.blackbull.com\\\/wp-content\\\/uploads\\\/2023\\\/06\\\/Group-2736.png\"},{\"@type\":\"BreadcrumbList\",\"@id\":\"https:\\\/\\\/partners.blackbull.com\\\/es\\\/affiliates\\\/cpa-structures\\\/sub-affiliates\\\/#breadcrumb\",\"itemListElement\":[{\"@type\":\"ListItem\",\"position\":1,\"name\":\"Home\",\"item\":\"https:\\\/\\\/partners.blackbull.com\\\/es\\\/home-new\\\/\"},{\"@type\":\"ListItem\",\"position\":2,\"name\":\"Afiliados\",\"item\":\"https:\\\/\\\/partners.blackbull.com\\\/es\\\/afiliados\\\/\"},{\"@type\":\"ListItem\",\"position\":3,\"name\":\"Estructuras CPA\",\"item\":\"https:\\\/\\\/partners.blackbull.com\\\/es\\\/afiliados\\\/estructuras-cpa\\\/\"},{\"@type\":\"ListItem\",\"position\":4,\"name\":\"Subafiliados\"}]},{\"@type\":\"WebSite\",\"@id\":\"https:\\\/\\\/partners.blackbull.com\\\/es\\\/#website\",\"url\":\"https:\\\/\\\/partners.blackbull.com\\\/es\\\/\",\"name\":\"BlackBull Partners\",\"description\":\"BlackBull Affiliates is the partner referral program of BlackBull Markets, a top-tier, award-winning, and multi-regulated forex broker.\",\"publisher\":{\"@id\":\"https:\\\/\\\/partners.blackbull.com\\\/es\\\/#organization\"},\"potentialAction\":[{\"@type\":\"SearchAction\",\"target\":{\"@type\":\"EntryPoint\",\"urlTemplate\":\"https:\\\/\\\/partners.blackbull.com\\\/es\\\/?s={search_term_string}\"},\"query-input\":{\"@type\":\"PropertyValueSpecification\",\"valueRequired\":true,\"valueName\":\"search_term_string\"}}],\"inLanguage\":\"es\"},{\"@type\":\"Organization\",\"@id\":\"https:\\\/\\\/partners.blackbull.com\\\/es\\\/#organization\",\"name\":\"BlackBull Partners\",\"url\":\"https:\\\/\\\/partners.blackbull.com\\\/es\\\/\",\"logo\":{\"@type\":\"ImageObject\",\"inLanguage\":\"es\",\"@id\":\"https:\\\/\\\/partners.blackbull.com\\\/es\\\/#\\\/schema\\\/logo\\\/image\\\/\",\"url\":\"https:\\\/\\\/partners.blackbull.com\\\/wp-content\\\/uploads\\\/2022\\\/03\\\/BBMPartnerslogo_blue.svg\",\"contentUrl\":\"https:\\\/\\\/partners.blackbull.com\\\/wp-content\\\/uploads\\\/2022\\\/03\\\/BBMPartnerslogo_blue.svg\",\"width\":981,\"height\":279,\"caption\":\"BlackBull Partners\"},\"image\":{\"@id\":\"https:\\\/\\\/partners.blackbull.com\\\/es\\\/#\\\/schema\\\/logo\\\/image\\\/\"}}]}<\/script>\n<!-- \/ Yoast SEO plugin. -->","yoast_head_json":{"title":"Subafiliados | BlackBull Partners","description":"Los subafiliados operan reclutando a otras personas o empresas para promocionar los productos y servicios de BlackBull a trav\u00e9s de nuestro programa.","robots":{"index":"index","follow":"follow","max-snippet":"max-snippet:-1","max-image-preview":"max-image-preview:large","max-video-preview":"max-video-preview:-1"},"canonical":"https:\/\/partners.blackbull.com\/es\/affiliates\/cpa-structures\/sub-affiliates\/","og_locale":"es_ES","og_type":"article","og_title":"Subafiliados | BlackBull Partners","og_description":"Los subafiliados operan reclutando a otras personas o empresas para promocionar los productos y servicios de BlackBull a trav\u00e9s de nuestro programa.","og_url":"https:\/\/partners.blackbull.com\/es\/affiliates\/cpa-structures\/sub-affiliates\/","og_site_name":"BlackBull Partners","article_modified_time":"2025-03-24T17:58:42+00:00","og_image":[{"width":626,"height":556,"url":"https:\/\/partners.blackbull.com\/wp-content\/uploads\/2023\/06\/Group-2736.png","type":"image\/png"}],"twitter_card":"summary_large_image","twitter_misc":{"Tiempo de lectura":"2 minutos"},"schema":{"@context":"https:\/\/schema.org","@graph":[{"@type":"WebPage","@id":"https:\/\/partners.blackbull.com\/es\/affiliates\/cpa-structures\/sub-affiliates\/","url":"https:\/\/partners.blackbull.com\/es\/affiliates\/cpa-structures\/sub-affiliates\/","name":"Subafiliados | BlackBull Partners","isPartOf":{"@id":"https:\/\/partners.blackbull.com\/es\/#website"},"primaryImageOfPage":{"@id":"https:\/\/partners.blackbull.com\/es\/affiliates\/cpa-structures\/sub-affiliates\/#primaryimage"},"image":{"@id":"https:\/\/partners.blackbull.com\/es\/affiliates\/cpa-structures\/sub-affiliates\/#primaryimage"},"thumbnailUrl":"https:\/\/partners.blackbull.com\/wp-content\/uploads\/2023\/06\/Group-2736.png","datePublished":"2025-03-24T17:58:40+00:00","dateModified":"2025-03-24T17:58:42+00:00","description":"Los subafiliados operan reclutando a otras personas o empresas para promocionar los productos y servicios de BlackBull a trav\u00e9s de nuestro programa.","breadcrumb":{"@id":"https:\/\/partners.blackbull.com\/es\/affiliates\/cpa-structures\/sub-affiliates\/#breadcrumb"},"inLanguage":"es","potentialAction":[{"@type":"ReadAction","target":["https:\/\/partners.blackbull.com\/es\/affiliates\/cpa-structures\/sub-affiliates\/"]}]},{"@type":"ImageObject","inLanguage":"es","@id":"https:\/\/partners.blackbull.com\/es\/affiliates\/cpa-structures\/sub-affiliates\/#primaryimage","url":"https:\/\/partners.blackbull.com\/wp-content\/uploads\/2023\/06\/Group-2736.png","contentUrl":"https:\/\/partners.blackbull.com\/wp-content\/uploads\/2023\/06\/Group-2736.png"},{"@type":"BreadcrumbList","@id":"https:\/\/partners.blackbull.com\/es\/affiliates\/cpa-structures\/sub-affiliates\/#breadcrumb","itemListElement":[{"@type":"ListItem","position":1,"name":"Home","item":"https:\/\/partners.blackbull.com\/es\/home-new\/"},{"@type":"ListItem","position":2,"name":"Afiliados","item":"https:\/\/partners.blackbull.com\/es\/afiliados\/"},{"@type":"ListItem","position":3,"name":"Estructuras CPA","item":"https:\/\/partners.blackbull.com\/es\/afiliados\/estructuras-cpa\/"},{"@type":"ListItem","position":4,"name":"Subafiliados"}]},{"@type":"WebSite","@id":"https:\/\/partners.blackbull.com\/es\/#website","url":"https:\/\/partners.blackbull.com\/es\/","name":"BlackBull Partners","description":"BlackBull Affiliates is the partner referral program of BlackBull Markets, a top-tier, award-winning, and multi-regulated forex broker.","publisher":{"@id":"https:\/\/partners.blackbull.com\/es\/#organization"},"potentialAction":[{"@type":"SearchAction","target":{"@type":"EntryPoint","urlTemplate":"https:\/\/partners.blackbull.com\/es\/?s={search_term_string}"},"query-input":{"@type":"PropertyValueSpecification","valueRequired":true,"valueName":"search_term_string"}}],"inLanguage":"es"},{"@type":"Organization","@id":"https:\/\/partners.blackbull.com\/es\/#organization","name":"BlackBull Partners","url":"https:\/\/partners.blackbull.com\/es\/","logo":{"@type":"ImageObject","inLanguage":"es","@id":"https:\/\/partners.blackbull.com\/es\/#\/schema\/logo\/image\/","url":"https:\/\/partners.blackbull.com\/wp-content\/uploads\/2022\/03\/BBMPartnerslogo_blue.svg","contentUrl":"https:\/\/partners.blackbull.com\/wp-content\/uploads\/2022\/03\/BBMPartnerslogo_blue.svg","width":981,"height":279,"caption":"BlackBull Partners"},"image":{"@id":"https:\/\/partners.blackbull.com\/es\/#\/schema\/logo\/image\/"}}]}},"_links":{"self":[{"href":"https:\/\/partners.blackbull.com\/es\/wp-json\/wp\/v2\/pages\/17114","targetHints":{"allow":["GET"]}}],"collection":[{"href":"https:\/\/partners.blackbull.com\/es\/wp-json\/wp\/v2\/pages"}],"about":[{"href":"https:\/\/partners.blackbull.com\/es\/wp-json\/wp\/v2\/types\/page"}],"author":[{"embeddable":true,"href":"https:\/\/partners.blackbull.com\/es\/wp-json\/wp\/v2\/users\/6"}],"replies":[{"embeddable":true,"href":"https:\/\/partners.blackbull.com\/es\/wp-json\/wp\/v2\/comments?post=17114"}],"version-history":[{"count":1,"href":"https:\/\/partners.blackbull.com\/es\/wp-json\/wp\/v2\/pages\/17114\/revisions"}],"predecessor-version":[{"id":17115,"href":"https:\/\/partners.blackbull.com\/es\/wp-json\/wp\/v2\/pages\/17114\/revisions\/17115"}],"up":[{"embeddable":true,"href":"https:\/\/partners.blackbull.com\/es\/wp-json\/wp\/v2\/pages\/17088"}],"wp:attachment":[{"href":"https:\/\/partners.blackbull.com\/es\/wp-json\/wp\/v2\/media?parent=17114"}],"curies":[{"name":"wp","href":"https:\/\/api.w.org\/{rel}","templated":true}]}}