{"id":17118,"date":"2025-03-25T06:58:42","date_gmt":"2025-03-24T17:58:42","guid":{"rendered":"https:\/\/partners.blackbull.com\/afiliados\/estructuras-cpa\/niveles-de-socios\/"},"modified":"2025-03-25T06:58:42","modified_gmt":"2025-03-24T17:58:42","slug":"partner-tiers","status":"publish","type":"page","link":"https:\/\/partners.blackbull.com\/es\/affiliates\/cpa-structures\/partner-tiers\/","title":{"rendered":"Niveles de socios"},"content":{"rendered":"\t\t<div data-elementor-type=\"wp-page\" data-elementor-id=\"17118\" class=\"elementor elementor-17118 elementor-4171\" data-elementor-post-type=\"page\">\n\t\t\t\t<div class=\"elementor-element elementor-element-b92c819 e-flex e-con-boxed e-con e-parent\" data-id=\"b92c819\" data-element_type=\"container\" data-e-type=\"container\" data-settings=\"{&quot;background_background&quot;:&quot;classic&quot;,&quot;jet_parallax_layout_list&quot;:[]}\">\n\t\t\t\t\t<div class=\"e-con-inner\">\n\t\t\t\t<div class=\"elementor-element elementor-element-f84da88 elementor-widget elementor-widget-breadcrumbs\" data-id=\"f84da88\" data-element_type=\"widget\" data-e-type=\"widget\" data-widget_type=\"breadcrumbs.default\">\n\t\t\t\t\t<p id=\"breadcrumbs\"><span><span><a href=\"https:\/\/partners.blackbull.com\/es\/home-new\/\">Home<\/a><\/span><\/span><\/p>\t\t\t\t<\/div>\n\t\t\t\t\t<\/div>\n\t\t\t\t<\/div>\n\t\t<div class=\"elementor-element elementor-element-b38bc7b e-flex e-con-boxed e-con e-parent\" data-id=\"b38bc7b\" data-element_type=\"container\" data-e-type=\"container\" data-settings=\"{&quot;background_background&quot;:&quot;classic&quot;,&quot;jet_parallax_layout_list&quot;:[]}\">\n\t\t\t\t\t<div class=\"e-con-inner\">\n\t\t<div class=\"elementor-element elementor-element-141083c e-con-full e-flex e-con e-child\" data-id=\"141083c\" data-element_type=\"container\" data-e-type=\"container\" data-settings=\"{&quot;background_background&quot;:&quot;classic&quot;,&quot;jet_parallax_layout_list&quot;:[]}\">\n\t\t\t\t<div class=\"elementor-element elementor-element-7b93908 elementor-widget__width-initial elementor-widget elementor-widget-heading\" data-id=\"7b93908\" data-element_type=\"widget\" data-e-type=\"widget\" data-widget_type=\"heading.default\">\n\t\t\t\t\t<h2 class=\"elementor-heading-title elementor-size-default\">Niveles de socios BlackBull<\/h2>\t\t\t\t<\/div>\n\t\t\t\t<\/div>\n\t\t<div class=\"elementor-element elementor-element-7b8a2f2 e-con-full e-flex e-con e-child\" data-id=\"7b8a2f2\" data-element_type=\"container\" data-e-type=\"container\" data-settings=\"{&quot;jet_parallax_layout_list&quot;:[]}\">\n\t\t\t\t<div class=\"elementor-element elementor-element-b7e53e4 link-text elementor-widget elementor-widget-text-editor\" data-id=\"b7e53e4\" data-element_type=\"widget\" data-e-type=\"widget\" data-widget_type=\"text-editor.default\">\n\t\t\t\t\t\t\t\t\t<p>Entendemos que tu negocio es \u00fanico, por lo que nos gustar\u00eda trabajar contigo para asegurarnos de que se te incentiva correctamente. Valoramos la transparencia y el crecimiento empresarial orientado a objetivos. Por ello, nos gustar\u00eda compartir los criterios que aplicamos a los niveles de socios que tenemos disponibles.  <\/p>\n\t\t\t\t\t\t\t\t<\/div>\n\t\t\t\t<\/div>\n\t\t\t\t\t<\/div>\n\t\t\t\t<\/div>\n\t\t<div class=\"elementor-element elementor-element-723d13d e-flex e-con-boxed e-con e-parent\" data-id=\"723d13d\" data-element_type=\"container\" data-e-type=\"container\" data-settings=\"{&quot;jet_parallax_layout_list&quot;:[]}\">\n\t\t\t\t\t<div class=\"e-con-inner\">\n\t\t<div class=\"elementor-element elementor-element-d9a9db4 e-con-full e-flex e-con e-child\" data-id=\"d9a9db4\" data-element_type=\"container\" data-e-type=\"container\" data-settings=\"{&quot;jet_parallax_layout_list&quot;:[]}\">\n\t\t\t\t<div class=\"elementor-element elementor-element-6d413a3 elementor-widget elementor-widget-image\" data-id=\"6d413a3\" data-element_type=\"widget\" data-e-type=\"widget\" data-widget_type=\"image.default\">\n\t\t\t\t\t\t\t\t\t\t\t\t\t\t\t<img fetchpriority=\"high\" decoding=\"async\" width=\"524\" height=\"475\" src=\"https:\/\/partners.blackbull.com\/wp-content\/uploads\/2024\/02\/Join-Blackbull-Partners.jpg\" class=\"attachment-full size-full wp-image-15311\" alt=\"\" srcset=\"https:\/\/partners.blackbull.com\/wp-content\/uploads\/2024\/02\/Join-Blackbull-Partners.jpg 524w, https:\/\/partners.blackbull.com\/wp-content\/uploads\/2024\/02\/Join-Blackbull-Partners-300x272.jpg 300w\" sizes=\"(max-width: 524px) 100vw, 524px\" \/>\t\t\t\t\t\t\t\t\t\t\t\t\t\t\t<\/div>\n\t\t\t\t<\/div>\n\t\t<div class=\"elementor-element elementor-element-b274e1f e-con-full e-flex e-con e-child\" data-id=\"b274e1f\" data-element_type=\"container\" data-e-type=\"container\" data-settings=\"{&quot;jet_parallax_layout_list&quot;:[]}\">\n\t\t\t\t<div class=\"elementor-element elementor-element-51e96cd elementor-widget elementor-widget-heading\" data-id=\"51e96cd\" data-element_type=\"widget\" data-e-type=\"widget\" data-widget_type=\"heading.default\">\n\t\t\t\t\t<h2 class=\"elementor-heading-title elementor-size-default\">\u00a1\u00danete hoy a BlackBull Partners!<\/h2>\t\t\t\t<\/div>\n\t\t\t\t<div class=\"elementor-element elementor-element-9d915cc elementor-widget elementor-widget-heading\" data-id=\"9d915cc\" data-element_type=\"widget\" data-e-type=\"widget\" data-widget_type=\"heading.default\">\n\t\t\t\t\t<h2 class=\"elementor-heading-title elementor-size-default\">Para muchos de nuestros socios, esto es algo en lo que trabajan a medida que su negocio sigue creciendo y nosotros estamos aqu\u00ed para apoyarte en ese viaje.<\/h2>\t\t\t\t<\/div>\n\t\t\t\t<div class=\"elementor-element elementor-element-e2bc5d2 elementor-widget elementor-widget-text-editor\" data-id=\"e2bc5d2\" data-element_type=\"widget\" data-e-type=\"widget\" data-widget_type=\"text-editor.default\">\n\t\t\t\t\t\t\t\t\t<p>Si tienes alguna pregunta, duda o propuesta, estaremos encantados de charlar sobre c\u00f3mo podemos hacer negocios contigo.<\/p>\n\t\t\t\t\t\t\t\t<\/div>\n\t\t\t\t<div class=\"elementor-element elementor-element-a75773e elementor-position-left elementor-vertical-align-middle contetn-border-col elementor-widget elementor-widget-image-box\" data-id=\"a75773e\" data-element_type=\"widget\" data-e-type=\"widget\" data-widget_type=\"image-box.default\">\n\t\t\t\t\t<div class=\"elementor-image-box-wrapper\"><figure class=\"elementor-image-box-img\"><img decoding=\"async\" width=\"67\" height=\"67\" src=\"https:\/\/partners.blackbull.com\/wp-content\/uploads\/2023\/05\/icons_13.svg\" class=\"attachment-full size-full wp-image-7758\" alt=\"earn icon\" \/><\/figure><div class=\"elementor-image-box-content\"><p class=\"elementor-image-box-description\">Con BlackBull Partners, puedes ganar hasta 1.000 USD por Recomendaci\u00f3n Cualificada.<\/p><\/div><\/div>\t\t\t\t<\/div>\n\t\t\t\t<div class=\"elementor-element elementor-element-3bb9e92 elementor-mobile-align-left elementor-widget elementor-widget-button\" data-id=\"3bb9e92\" data-element_type=\"widget\" data-e-type=\"widget\" data-widget_type=\"button.default\">\n\t\t\t\t\t\t\t\t\t\t<a class=\"elementor-button elementor-button-link elementor-size-sm\" href=\"https:\/\/secure.blackbull.com\/auth\/register-partners\">\n\t\t\t\t\t\t<span class=\"elementor-button-content-wrapper\">\n\t\t\t\t\t\t\t\t\t<span class=\"elementor-button-text\">\u00daNETE A LOS SOCIOS DE BLACKBULL<\/span>\n\t\t\t\t\t<\/span>\n\t\t\t\t\t<\/a>\n\t\t\t\t\t\t\t\t<\/div>\n\t\t\t\t<\/div>\n\t\t\t\t\t<\/div>\n\t\t\t\t<\/div>\n\t\t<div class=\"elementor-element elementor-element-c970689 e-flex e-con-boxed e-con e-parent\" data-id=\"c970689\" data-element_type=\"container\" data-e-type=\"container\" data-settings=\"{&quot;jet_parallax_layout_list&quot;:[]}\">\n\t\t\t\t\t<div class=\"e-con-inner\">\n\t\t<div class=\"elementor-element elementor-element-74a8c06 e-flex e-con-boxed e-con e-child\" data-id=\"74a8c06\" data-element_type=\"container\" data-e-type=\"container\" data-settings=\"{&quot;jet_parallax_layout_list&quot;:[]}\">\n\t\t\t\t\t<div class=\"e-con-inner\">\n\t\t\t\t<div class=\"elementor-element elementor-element-39e8a04 partner_tiers_tables_section elementor-widget elementor-widget-jet-table\" data-id=\"39e8a04\" data-element_type=\"widget\" data-e-type=\"widget\" data-widget_type=\"jet-table.default\">\n\t\t\t\t<div class=\"elementor-widget-container\">\n\t\t\t\t\t<div class=\"elementor-jet-table jet-elements\">\n\t\t<div class=\"jet-table-wrapper jet-table-responsive-tablet jet-table-responsive-mobile\">\n\t\t\t<table class=\"jet-table jet-table--fa5-compat\">\n\t\t\t\t<thead class=\"jet-table__head\"><tr class=\"jet-table__head-row\"><th class=\"jet-table__cell elementor-repeater-item-0006f8c jet-table__head-cell\" scope=\"col\"><div class=\"jet-table__cell-inner\"><div class=\"jet-table__cell-content\"><div class=\"jet-table__cell-text\">Grupo<\/div><\/div><\/div><\/th><th class=\"jet-table__cell elementor-repeater-item-162a640 jet-table__head-cell\" scope=\"col\"><div class=\"jet-table__cell-inner\"><div class=\"jet-table__cell-content\"><div class=\"jet-table__cell-text\">Criterios<\/div><\/div><\/div><\/th><th class=\"jet-table__cell elementor-repeater-item-8535806 jet-table__head-cell\" scope=\"col\"><div class=\"jet-table__cell-inner\"><div class=\"jet-table__cell-content\"><div class=\"jet-table__cell-text\">CPA<\/div><\/div><\/div><\/th><\/tr><\/thead>\n\t\t\t\t\t\t\t\t<tbody class=\"jet-table__body\"><tr class=\"jet-table__body-row elementor-repeater-item-6d1a76b\"><td class=\"jet-table__cell elementor-repeater-item-17aa13b jet-table__body-cell\"><div class=\"jet-table__cell-inner\"><div class=\"jet-table__cell-content\"><div class=\"jet-table__cell-text\">BlackBull Socios<\/div><\/div><\/div><\/td><td class=\"jet-table__cell elementor-repeater-item-bbe9110 jet-table__body-cell\"><div class=\"jet-table__cell-inner\"><div class=\"jet-table__cell-content\"><div class=\"jet-table__cell-text\">Todas las solicitudes de nuevas cuentas para BlackBull Partners se revisan y aprueban caso por caso.<\/div><\/div><\/div><\/td><td class=\"jet-table__cell elementor-repeater-item-f50db3f jet-table__body-cell\"><div class=\"jet-table__cell-inner\"><div class=\"jet-table__cell-content\"><div class=\"jet-table__cell-text\">Por defecto<\/div><\/div><\/div><\/td><\/tr><tr class=\"jet-table__body-row elementor-repeater-item-0899a51\"><td class=\"jet-table__cell elementor-repeater-item-58ddcdc jet-table__body-cell\"><div class=\"jet-table__cell-inner\"><div class=\"jet-table__cell-content\"><div class=\"jet-table__cell-text\">BlackBull Socios Premium<\/div><\/div><\/div><\/td><td class=\"jet-table__cell elementor-repeater-item-c5542fb jet-table__body-cell\"><div class=\"jet-table__cell-inner\"><div class=\"jet-table__cell-content\"><div class=\"jet-table__cell-text\">100 Clientes Activos + <br>10 Comerciantes Cualificados por mes natural<\/div><\/div><\/div><\/td><td class=\"jet-table__cell elementor-repeater-item-747b697 jet-table__body-cell\"><div class=\"jet-table__cell-inner\"><div class=\"jet-table__cell-content\"><div class=\"jet-table__cell-text\">+10%<\/div><\/div><\/div><\/td><\/tr><tr class=\"jet-table__body-row elementor-repeater-item-d4a9f94\"><td class=\"jet-table__cell elementor-repeater-item-e5b6a36 jet-table__body-cell\"><div class=\"jet-table__cell-inner\"><div class=\"jet-table__cell-content\"><div class=\"jet-table__cell-text\">BlackBull Socios Plata<\/div><\/div><\/div><\/td><td class=\"jet-table__cell elementor-repeater-item-6728fae jet-table__body-cell\"><div class=\"jet-table__cell-inner\"><div class=\"jet-table__cell-content\"><div class=\"jet-table__cell-text\">250 Clientes Activos +<br> 25 Comerciantes Cualificados por mes natural<\/div><\/div><\/div><\/td><td class=\"jet-table__cell elementor-repeater-item-6465639 jet-table__body-cell\"><div class=\"jet-table__cell-inner\"><div class=\"jet-table__cell-content\"><div class=\"jet-table__cell-text\">+25%<\/div><\/div><\/div><\/td><\/tr><tr class=\"jet-table__body-row elementor-repeater-item-c46fefd\"><td class=\"jet-table__cell elementor-repeater-item-84a2da4 jet-table__body-cell\"><div class=\"jet-table__cell-inner\"><div class=\"jet-table__cell-content\"><div class=\"jet-table__cell-text\">BlackBull Socios Oro<\/div><\/div><\/div><\/td><td class=\"jet-table__cell elementor-repeater-item-8ffb5bd jet-table__body-cell\"><div class=\"jet-table__cell-inner\"><div class=\"jet-table__cell-content\"><div class=\"jet-table__cell-text\">500 Clientes Activos +<br> 50 Comerciantes Cualificados por mes natural<\/div><\/div><\/div><\/td><td class=\"jet-table__cell elementor-repeater-item-e2d1531 jet-table__body-cell\"><div class=\"jet-table__cell-inner\"><div class=\"jet-table__cell-content\"><div class=\"jet-table__cell-text\">+50%<\/div><\/div><\/div><\/td><\/tr><tr class=\"jet-table__body-row elementor-repeater-item-fc2adaf\"><td class=\"jet-table__cell elementor-repeater-item-97548cb jet-table__body-cell\"><div class=\"jet-table__cell-inner\"><div class=\"jet-table__cell-content\"><div class=\"jet-table__cell-text\">BlackBull Socios Diamante<\/div><\/div><\/div><\/td><td class=\"jet-table__cell elementor-repeater-item-f8cf630 jet-table__body-cell\"><div class=\"jet-table__cell-inner\"><div class=\"jet-table__cell-content\"><div class=\"jet-table__cell-text\">1.000 Clientes Activos + <br>100 Comerciantes Cualificados por mes natural<\/div><\/div><\/div><\/td><td class=\"jet-table__cell elementor-repeater-item-399d57e jet-table__body-cell\"><div class=\"jet-table__cell-inner\"><div class=\"jet-table__cell-content\"><div class=\"jet-table__cell-text\">+100%<\/div><\/div><\/div><\/td><\/tr><\/tbody>\n\t\t\t<\/table>\n\t\t<\/div>\n\n\t\t<\/div>\t\t\t\t<\/div>\n\t\t\t\t<\/div>\n\t\t\t\t\t<\/div>\n\t\t\t\t<\/div>\n\t\t\t\t\t<\/div>\n\t\t\t\t<\/div>\n\t\t\t\t<\/div>\n\t\t","protected":false},"excerpt":{"rendered":"<p>Niveles de socios BlackBull Entendemos que tu negocio es \u00fanico, por lo que nos gustar\u00eda trabajar contigo para asegurarnos de que se te incentiva correctamente. Valoramos la transparencia y el crecimiento empresarial orientado a objetivos. Por ello, nos gustar\u00eda compartir los criterios que aplicamos a los niveles de socios que tenemos disponibles. \u00a1\u00danete hoy a [&hellip;]<\/p>\n","protected":false},"author":6,"featured_media":922,"parent":17088,"menu_order":2,"comment_status":"closed","ping_status":"closed","template":"elementor_header_footer","meta":{"inline_featured_image":false,"footnotes":""},"class_list":["post-17118","page","type-page","status-publish","has-post-thumbnail","hentry"],"yoast_head":"<!-- This site is optimized with the Yoast SEO plugin v27.5 - https:\/\/yoast.com\/product\/yoast-seo-wordpress\/ -->\n<title>Niveles de socios | BlackBull Partners%.<\/title>\n<meta name=\"description\" content=\"Niveles de socios BlackBull: tu negocio es \u00fanico, as\u00ed que nos gustar\u00eda trabajar contigo para asegurarnos de que se te incentiva correctamente.\" \/>\n<meta name=\"robots\" content=\"index, follow, max-snippet:-1, max-image-preview:large, max-video-preview:-1\" \/>\n<link rel=\"canonical\" href=\"https:\/\/partners.blackbull.com\/es\/affiliates\/cpa-structures\/partner-tiers\/\" \/>\n<meta property=\"og:locale\" content=\"es_ES\" \/>\n<meta property=\"og:type\" content=\"article\" \/>\n<meta property=\"og:title\" content=\"Niveles de socios | BlackBull Partners%.\" \/>\n<meta property=\"og:description\" content=\"Niveles de socios BlackBull: tu negocio es \u00fanico, as\u00ed que nos gustar\u00eda trabajar contigo para asegurarnos de que se te incentiva correctamente.\" \/>\n<meta property=\"og:url\" content=\"https:\/\/partners.blackbull.com\/es\/affiliates\/cpa-structures\/partner-tiers\/\" \/>\n<meta property=\"og:site_name\" content=\"BlackBull Partners\" \/>\n<meta property=\"og:image\" content=\"https:\/\/partners.blackbull.com\/wp-content\/uploads\/2022\/02\/Regional-Representatives.webp\" \/>\n\t<meta property=\"og:image:width\" content=\"1920\" \/>\n\t<meta property=\"og:image:height\" content=\"1279\" \/>\n\t<meta property=\"og:image:type\" content=\"image\/webp\" \/>\n<meta name=\"twitter:card\" content=\"summary_large_image\" \/>\n<meta name=\"twitter:label1\" content=\"Tiempo de lectura\" \/>\n\t<meta name=\"twitter:data1\" content=\"1 minuto\" \/>\n<script type=\"application\/ld+json\" class=\"yoast-schema-graph\">{\"@context\":\"https:\\\/\\\/schema.org\",\"@graph\":[{\"@type\":\"WebPage\",\"@id\":\"https:\\\/\\\/partners.blackbull.com\\\/es\\\/affiliates\\\/cpa-structures\\\/partner-tiers\\\/\",\"url\":\"https:\\\/\\\/partners.blackbull.com\\\/es\\\/affiliates\\\/cpa-structures\\\/partner-tiers\\\/\",\"name\":\"Niveles de socios | BlackBull Partners%.\",\"isPartOf\":{\"@id\":\"https:\\\/\\\/partners.blackbull.com\\\/es\\\/#website\"},\"primaryImageOfPage\":{\"@id\":\"https:\\\/\\\/partners.blackbull.com\\\/es\\\/affiliates\\\/cpa-structures\\\/partner-tiers\\\/#primaryimage\"},\"image\":{\"@id\":\"https:\\\/\\\/partners.blackbull.com\\\/es\\\/affiliates\\\/cpa-structures\\\/partner-tiers\\\/#primaryimage\"},\"thumbnailUrl\":\"https:\\\/\\\/partners.blackbull.com\\\/wp-content\\\/uploads\\\/2022\\\/02\\\/Regional-Representatives.webp\",\"datePublished\":\"2025-03-24T17:58:42+00:00\",\"description\":\"Niveles de socios BlackBull: tu negocio es \u00fanico, as\u00ed que nos gustar\u00eda trabajar contigo para asegurarnos de que se te incentiva correctamente.\",\"breadcrumb\":{\"@id\":\"https:\\\/\\\/partners.blackbull.com\\\/es\\\/affiliates\\\/cpa-structures\\\/partner-tiers\\\/#breadcrumb\"},\"inLanguage\":\"es\",\"potentialAction\":[{\"@type\":\"ReadAction\",\"target\":[\"https:\\\/\\\/partners.blackbull.com\\\/es\\\/affiliates\\\/cpa-structures\\\/partner-tiers\\\/\"]}]},{\"@type\":\"ImageObject\",\"inLanguage\":\"es\",\"@id\":\"https:\\\/\\\/partners.blackbull.com\\\/es\\\/affiliates\\\/cpa-structures\\\/partner-tiers\\\/#primaryimage\",\"url\":\"https:\\\/\\\/partners.blackbull.com\\\/wp-content\\\/uploads\\\/2022\\\/02\\\/Regional-Representatives.webp\",\"contentUrl\":\"https:\\\/\\\/partners.blackbull.com\\\/wp-content\\\/uploads\\\/2022\\\/02\\\/Regional-Representatives.webp\",\"width\":1920,\"height\":1279},{\"@type\":\"BreadcrumbList\",\"@id\":\"https:\\\/\\\/partners.blackbull.com\\\/es\\\/affiliates\\\/cpa-structures\\\/partner-tiers\\\/#breadcrumb\",\"itemListElement\":[{\"@type\":\"ListItem\",\"position\":1,\"name\":\"Home\",\"item\":\"https:\\\/\\\/partners.blackbull.com\\\/es\\\/home-new\\\/\"},{\"@type\":\"ListItem\",\"position\":2,\"name\":\"Afiliados\",\"item\":\"https:\\\/\\\/partners.blackbull.com\\\/es\\\/afiliados\\\/\"},{\"@type\":\"ListItem\",\"position\":3,\"name\":\"Estructuras CPA\",\"item\":\"https:\\\/\\\/partners.blackbull.com\\\/es\\\/afiliados\\\/estructuras-cpa\\\/\"},{\"@type\":\"ListItem\",\"position\":4,\"name\":\"Niveles de socios\"}]},{\"@type\":\"WebSite\",\"@id\":\"https:\\\/\\\/partners.blackbull.com\\\/es\\\/#website\",\"url\":\"https:\\\/\\\/partners.blackbull.com\\\/es\\\/\",\"name\":\"BlackBull Partners\",\"description\":\"BlackBull Affiliates is the partner referral program of BlackBull Markets, a top-tier, award-winning, and multi-regulated forex broker.\",\"publisher\":{\"@id\":\"https:\\\/\\\/partners.blackbull.com\\\/es\\\/#organization\"},\"potentialAction\":[{\"@type\":\"SearchAction\",\"target\":{\"@type\":\"EntryPoint\",\"urlTemplate\":\"https:\\\/\\\/partners.blackbull.com\\\/es\\\/?s={search_term_string}\"},\"query-input\":{\"@type\":\"PropertyValueSpecification\",\"valueRequired\":true,\"valueName\":\"search_term_string\"}}],\"inLanguage\":\"es\"},{\"@type\":\"Organization\",\"@id\":\"https:\\\/\\\/partners.blackbull.com\\\/es\\\/#organization\",\"name\":\"BlackBull Partners\",\"url\":\"https:\\\/\\\/partners.blackbull.com\\\/es\\\/\",\"logo\":{\"@type\":\"ImageObject\",\"inLanguage\":\"es\",\"@id\":\"https:\\\/\\\/partners.blackbull.com\\\/es\\\/#\\\/schema\\\/logo\\\/image\\\/\",\"url\":\"https:\\\/\\\/partners.blackbull.com\\\/wp-content\\\/uploads\\\/2022\\\/03\\\/BBMPartnerslogo_blue.svg\",\"contentUrl\":\"https:\\\/\\\/partners.blackbull.com\\\/wp-content\\\/uploads\\\/2022\\\/03\\\/BBMPartnerslogo_blue.svg\",\"width\":981,\"height\":279,\"caption\":\"BlackBull Partners\"},\"image\":{\"@id\":\"https:\\\/\\\/partners.blackbull.com\\\/es\\\/#\\\/schema\\\/logo\\\/image\\\/\"}}]}<\/script>\n<!-- \/ Yoast SEO plugin. -->","yoast_head_json":{"title":"Niveles de socios | BlackBull Partners%.","description":"Niveles de socios BlackBull: tu negocio es \u00fanico, as\u00ed que nos gustar\u00eda trabajar contigo para asegurarnos de que se te incentiva correctamente.","robots":{"index":"index","follow":"follow","max-snippet":"max-snippet:-1","max-image-preview":"max-image-preview:large","max-video-preview":"max-video-preview:-1"},"canonical":"https:\/\/partners.blackbull.com\/es\/affiliates\/cpa-structures\/partner-tiers\/","og_locale":"es_ES","og_type":"article","og_title":"Niveles de socios | BlackBull Partners%.","og_description":"Niveles de socios BlackBull: tu negocio es \u00fanico, as\u00ed que nos gustar\u00eda trabajar contigo para asegurarnos de que se te incentiva correctamente.","og_url":"https:\/\/partners.blackbull.com\/es\/affiliates\/cpa-structures\/partner-tiers\/","og_site_name":"BlackBull Partners","og_image":[{"width":1920,"height":1279,"url":"https:\/\/partners.blackbull.com\/wp-content\/uploads\/2022\/02\/Regional-Representatives.webp","type":"image\/webp"}],"twitter_card":"summary_large_image","twitter_misc":{"Tiempo de lectura":"1 minuto"},"schema":{"@context":"https:\/\/schema.org","@graph":[{"@type":"WebPage","@id":"https:\/\/partners.blackbull.com\/es\/affiliates\/cpa-structures\/partner-tiers\/","url":"https:\/\/partners.blackbull.com\/es\/affiliates\/cpa-structures\/partner-tiers\/","name":"Niveles de socios | BlackBull Partners%.","isPartOf":{"@id":"https:\/\/partners.blackbull.com\/es\/#website"},"primaryImageOfPage":{"@id":"https:\/\/partners.blackbull.com\/es\/affiliates\/cpa-structures\/partner-tiers\/#primaryimage"},"image":{"@id":"https:\/\/partners.blackbull.com\/es\/affiliates\/cpa-structures\/partner-tiers\/#primaryimage"},"thumbnailUrl":"https:\/\/partners.blackbull.com\/wp-content\/uploads\/2022\/02\/Regional-Representatives.webp","datePublished":"2025-03-24T17:58:42+00:00","description":"Niveles de socios BlackBull: tu negocio es \u00fanico, as\u00ed que nos gustar\u00eda trabajar contigo para asegurarnos de que se te incentiva correctamente.","breadcrumb":{"@id":"https:\/\/partners.blackbull.com\/es\/affiliates\/cpa-structures\/partner-tiers\/#breadcrumb"},"inLanguage":"es","potentialAction":[{"@type":"ReadAction","target":["https:\/\/partners.blackbull.com\/es\/affiliates\/cpa-structures\/partner-tiers\/"]}]},{"@type":"ImageObject","inLanguage":"es","@id":"https:\/\/partners.blackbull.com\/es\/affiliates\/cpa-structures\/partner-tiers\/#primaryimage","url":"https:\/\/partners.blackbull.com\/wp-content\/uploads\/2022\/02\/Regional-Representatives.webp","contentUrl":"https:\/\/partners.blackbull.com\/wp-content\/uploads\/2022\/02\/Regional-Representatives.webp","width":1920,"height":1279},{"@type":"BreadcrumbList","@id":"https:\/\/partners.blackbull.com\/es\/affiliates\/cpa-structures\/partner-tiers\/#breadcrumb","itemListElement":[{"@type":"ListItem","position":1,"name":"Home","item":"https:\/\/partners.blackbull.com\/es\/home-new\/"},{"@type":"ListItem","position":2,"name":"Afiliados","item":"https:\/\/partners.blackbull.com\/es\/afiliados\/"},{"@type":"ListItem","position":3,"name":"Estructuras CPA","item":"https:\/\/partners.blackbull.com\/es\/afiliados\/estructuras-cpa\/"},{"@type":"ListItem","position":4,"name":"Niveles de socios"}]},{"@type":"WebSite","@id":"https:\/\/partners.blackbull.com\/es\/#website","url":"https:\/\/partners.blackbull.com\/es\/","name":"BlackBull Partners","description":"BlackBull Affiliates is the partner referral program of BlackBull Markets, a top-tier, award-winning, and multi-regulated forex broker.","publisher":{"@id":"https:\/\/partners.blackbull.com\/es\/#organization"},"potentialAction":[{"@type":"SearchAction","target":{"@type":"EntryPoint","urlTemplate":"https:\/\/partners.blackbull.com\/es\/?s={search_term_string}"},"query-input":{"@type":"PropertyValueSpecification","valueRequired":true,"valueName":"search_term_string"}}],"inLanguage":"es"},{"@type":"Organization","@id":"https:\/\/partners.blackbull.com\/es\/#organization","name":"BlackBull Partners","url":"https:\/\/partners.blackbull.com\/es\/","logo":{"@type":"ImageObject","inLanguage":"es","@id":"https:\/\/partners.blackbull.com\/es\/#\/schema\/logo\/image\/","url":"https:\/\/partners.blackbull.com\/wp-content\/uploads\/2022\/03\/BBMPartnerslogo_blue.svg","contentUrl":"https:\/\/partners.blackbull.com\/wp-content\/uploads\/2022\/03\/BBMPartnerslogo_blue.svg","width":981,"height":279,"caption":"BlackBull Partners"},"image":{"@id":"https:\/\/partners.blackbull.com\/es\/#\/schema\/logo\/image\/"}}]}},"_links":{"self":[{"href":"https:\/\/partners.blackbull.com\/es\/wp-json\/wp\/v2\/pages\/17118","targetHints":{"allow":["GET"]}}],"collection":[{"href":"https:\/\/partners.blackbull.com\/es\/wp-json\/wp\/v2\/pages"}],"about":[{"href":"https:\/\/partners.blackbull.com\/es\/wp-json\/wp\/v2\/types\/page"}],"author":[{"embeddable":true,"href":"https:\/\/partners.blackbull.com\/es\/wp-json\/wp\/v2\/users\/6"}],"replies":[{"embeddable":true,"href":"https:\/\/partners.blackbull.com\/es\/wp-json\/wp\/v2\/comments?post=17118"}],"version-history":[{"count":1,"href":"https:\/\/partners.blackbull.com\/es\/wp-json\/wp\/v2\/pages\/17118\/revisions"}],"predecessor-version":[{"id":17119,"href":"https:\/\/partners.blackbull.com\/es\/wp-json\/wp\/v2\/pages\/17118\/revisions\/17119"}],"up":[{"embeddable":true,"href":"https:\/\/partners.blackbull.com\/es\/wp-json\/wp\/v2\/pages\/17088"}],"wp:featuredmedia":[{"embeddable":true,"href":"https:\/\/partners.blackbull.com\/es\/wp-json\/wp\/v2\/media\/922"}],"wp:attachment":[{"href":"https:\/\/partners.blackbull.com\/es\/wp-json\/wp\/v2\/media?parent=17118"}],"curies":[{"name":"wp","href":"https:\/\/api.w.org\/{rel}","templated":true}]}}