{"id":17137,"date":"2025-03-25T06:58:54","date_gmt":"2025-03-24T17:58:54","guid":{"rendered":"https:\/\/partners.blackbull.com\/afiliados\/tipos-de-socios\/afiliados-blogueros\/"},"modified":"2025-03-25T06:58:55","modified_gmt":"2025-03-24T17:58:55","slug":"blogger-affiliates","status":"publish","type":"page","link":"https:\/\/partners.blackbull.com\/es\/affiliates\/partner-types\/blogger-affiliates\/","title":{"rendered":"Afiliados blogueros"},"content":{"rendered":"\t\t<div data-elementor-type=\"wp-page\" data-elementor-id=\"17137\" class=\"elementor elementor-17137 elementor-4187\" data-elementor-post-type=\"page\">\n\t\t\t\t<div class=\"elementor-element elementor-element-991668f e-flex e-con-boxed e-con e-parent\" data-id=\"991668f\" data-element_type=\"container\" data-e-type=\"container\" data-settings=\"{&quot;background_background&quot;:&quot;classic&quot;,&quot;jet_parallax_layout_list&quot;:[]}\">\n\t\t\t\t\t<div class=\"e-con-inner\">\n\t\t\t\t<div class=\"elementor-element elementor-element-f4c2ae6 elementor-widget elementor-widget-breadcrumbs\" data-id=\"f4c2ae6\" data-element_type=\"widget\" data-e-type=\"widget\" data-widget_type=\"breadcrumbs.default\">\n\t\t\t\t\t<p id=\"breadcrumbs\"><span><span><a href=\"https:\/\/partners.blackbull.com\/es\/home-new\/\">Home<\/a><\/span><\/span><\/p>\t\t\t\t<\/div>\n\t\t\t\t\t<\/div>\n\t\t\t\t<\/div>\n\t\t<div class=\"elementor-element elementor-element-d35782a e-flex e-con-boxed e-con e-parent\" data-id=\"d35782a\" data-element_type=\"container\" data-e-type=\"container\" data-settings=\"{&quot;background_background&quot;:&quot;classic&quot;,&quot;jet_parallax_layout_list&quot;:[]}\">\n\t\t\t\t\t<div class=\"e-con-inner\">\n\t\t<div class=\"elementor-element elementor-element-2089498 e-con-full e-flex e-con e-parent\" data-id=\"2089498\" data-element_type=\"container\" data-e-type=\"container\" data-settings=\"{&quot;background_background&quot;:&quot;classic&quot;,&quot;jet_parallax_layout_list&quot;:[]}\">\n\t\t\t\t<div class=\"elementor-element elementor-element-b5894cd elementor-widget__width-initial elementor-widget elementor-widget-heading\" data-id=\"b5894cd\" data-element_type=\"widget\" data-e-type=\"widget\" data-widget_type=\"heading.default\">\n\t\t\t\t\t<h2 class=\"elementor-heading-title elementor-size-default\">Blogueros Afiliados: Promocionar y ganar a trav\u00e9s de referidos<\/h2>\t\t\t\t<\/div>\n\t\t\t\t<\/div>\n\t\t<div class=\"elementor-element elementor-element-5e1892f e-con-full e-flex e-con e-parent\" data-id=\"5e1892f\" data-element_type=\"container\" data-e-type=\"container\" data-settings=\"{&quot;jet_parallax_layout_list&quot;:[]}\">\n\t\t\t\t<div class=\"elementor-element elementor-element-37e2b1c link-text elementor-widget elementor-widget-text-editor\" data-id=\"37e2b1c\" data-element_type=\"widget\" data-e-type=\"widget\" data-widget_type=\"text-editor.default\">\n\t\t\t\t\t\t\t\t\t<p>Los afiliados blogueros utilizan su propio sitio web o blog para <a href=\"https:\/\/partners.blackbull.com\/es\/acerca-de\/informacion-de-la-empresa\/informacion-sobre-el-producto\/\">promocionar productos o servicios<\/a> y <a href=\"https:\/\/partners.blackbull.com\/affiliates\/program-details\/cpa-payments\/\">ganan una comisi\u00f3n<\/a> por cualquier recomendaci\u00f3n. Se trata de una forma de marketing de afiliaci\u00f3n, que es una estrategia de marketing basada en los resultados, en la que una empresa recompensa a los afiliados por cada cliente que <a href=\"https:\/\/secure.blackbull.com\/auth\/register-partners\/\">se registra<\/a> gracias a los esfuerzos de marketing del afiliado. <\/p>\n\t\t\t\t\t\t\t\t<\/div>\n\t\t\t\t<\/div>\n\t\t\t\t\t<\/div>\n\t\t\t\t<\/div>\n\t\t<div class=\"elementor-element elementor-element-5d8df5c e-flex e-con-boxed e-con e-parent\" data-id=\"5d8df5c\" data-element_type=\"container\" data-e-type=\"container\" data-settings=\"{&quot;jet_parallax_layout_list&quot;:[]}\">\n\t\t\t\t\t<div class=\"e-con-inner\">\n\t\t<div class=\"elementor-element elementor-element-776cd73 e-con-full e-flex e-con e-parent\" data-id=\"776cd73\" data-element_type=\"container\" data-e-type=\"container\" data-settings=\"{&quot;jet_parallax_layout_list&quot;:[]}\">\n\t\t\t\t<div class=\"elementor-element elementor-element-f7ef614 elementor-widget elementor-widget-heading\" data-id=\"f7ef614\" data-element_type=\"widget\" data-e-type=\"widget\" data-widget_type=\"heading.default\">\n\t\t\t\t\t<h2 class=\"elementor-heading-title elementor-size-default\">Blogger Afiliados: Revisar plataformas Forex para obtener beneficios<\/h2>\t\t\t\t<\/div>\n\t\t\t\t<div class=\"elementor-element elementor-element-a2094b6 elementor-widget elementor-widget-text-editor\" data-id=\"a2094b6\" data-element_type=\"widget\" data-e-type=\"widget\" data-widget_type=\"text-editor.default\">\n\t\t\t\t\t\t\t\t\t<p>En el contexto del mercado de divisas, un blogger afiliado puede escribir entradas en su blog o crear v\u00eddeos que analicen los corredores de divisas o las plataformas de trading e incluyan enlaces o c\u00f3digos especiales que permitan a los lectores <a href=\"https:\/\/secure.blackbull.com\/auth\/register-partners\/\" data-wplink-edit=\"true\">abrir<\/a> una cuenta. Si un lector hace clic en uno de estos enlaces y abre una cuenta y negocia, el blogger afiliado ganar\u00eda una comisi\u00f3n por las operaciones. <\/p>\n\t\t\t\t\t\t\t\t<\/div>\n\t\t\t\t<\/div>\n\t\t<div class=\"elementor-element elementor-element-7fe7067 e-con-full e-flex e-con e-parent\" data-id=\"7fe7067\" data-element_type=\"container\" data-e-type=\"container\" data-settings=\"{&quot;jet_parallax_layout_list&quot;:[]}\">\n\t\t\t\t<div class=\"elementor-element elementor-element-2dd36a3 elementor-widget elementor-widget-image\" data-id=\"2dd36a3\" data-element_type=\"widget\" data-e-type=\"widget\" data-widget_type=\"image.default\">\n\t\t\t\t\t\t\t\t\t\t\t\t\t\t\t<img fetchpriority=\"high\" decoding=\"async\" width=\"445\" height=\"472\" src=\"https:\/\/partners.blackbull.com\/wp-content\/uploads\/2023\/05\/img_123.png\" class=\"attachment-full size-full wp-image-7835\" alt=\"\" srcset=\"https:\/\/partners.blackbull.com\/wp-content\/uploads\/2023\/05\/img_123.png 445w, https:\/\/partners.blackbull.com\/wp-content\/uploads\/2023\/05\/img_123-283x300.png 283w\" sizes=\"(max-width: 445px) 100vw, 445px\" \/>\t\t\t\t\t\t\t\t\t\t\t\t\t\t\t<\/div>\n\t\t\t\t<\/div>\n\t\t\t\t\t<\/div>\n\t\t\t\t<\/div>\n\t\t<div class=\"elementor-element elementor-element-3b3c8fb e-con-full get-guide-section work-step-section e-flex e-con e-parent\" data-id=\"3b3c8fb\" data-element_type=\"container\" data-e-type=\"container\" data-settings=\"{&quot;background_background&quot;:&quot;classic&quot;,&quot;jet_parallax_layout_list&quot;:[]}\">\n\t\t<div class=\"elementor-element elementor-element-c7ccb4c e-con-full e-flex e-con e-parent\" data-id=\"c7ccb4c\" data-element_type=\"container\" data-e-type=\"container\" data-settings=\"{&quot;jet_parallax_layout_list&quot;:[]}\">\n\t\t\t\t<div class=\"elementor-element elementor-element-ad39e82 elementor-widget__width-initial elementor-widget elementor-widget-heading\" data-id=\"ad39e82\" data-element_type=\"widget\" data-e-type=\"widget\" data-widget_type=\"heading.default\">\n\t\t\t\t\t<h2 class=\"elementor-heading-title elementor-size-default\">Convertirse en un Blogger Afiliado es relativamente f\u00e1cil, pero tener \u00e9xito como tal puede ser un reto.<\/h2>\t\t\t\t<\/div>\n\t\t\t\t<div class=\"elementor-element elementor-element-463f71e elementor-widget__width-initial elementor-widget elementor-widget-heading\" data-id=\"463f71e\" data-element_type=\"widget\" data-e-type=\"widget\" data-widget_type=\"heading.default\">\n\t\t\t\t\t<p class=\"elementor-heading-title elementor-size-default\">Estos son los pasos que puedes dar para convertirte en un Blogger Afiliado:<\/p>\t\t\t\t<\/div>\n\t\t\t\t<div class=\"elementor-element elementor-element-0cab826 guid-slider-wrap elementor-widget elementor-widget-jet-carousel\" data-id=\"0cab826\" data-element_type=\"widget\" data-e-type=\"widget\" data-settings=\"{&quot;slides_to_show&quot;:&quot;3&quot;,&quot;slides_to_show_tablet&quot;:&quot;2&quot;,&quot;slides_to_show_mobile&quot;:&quot;1&quot;,&quot;slides_to_scroll_tablet&quot;:&quot;1&quot;,&quot;slides_to_scroll&quot;:&quot;1&quot;}\" data-widget_type=\"jet-carousel.default\">\n\t\t\t\t<div class=\"elementor-widget-container\">\n\t\t\t\t\t<div class=\"elementor-jet-carousel jet-elements\"><div class=\"jet-carousel-wrap jet-equal-cols\">\n\t<div class=\"jet-carousel\" data-slider_options=\"{&quot;autoplaySpeed&quot;:3500,&quot;autoplay&quot;:false,&quot;infinite&quot;:true,&quot;centerMode&quot;:false,&quot;centerPadding&quot;:&quot;80px&quot;,&quot;pauseOnHover&quot;:false,&quot;speed&quot;:800,&quot;arrows&quot;:true,&quot;dots&quot;:false,&quot;variableWidth&quot;:false,&quot;prevArrow&quot;:&quot;.jet-carousel__prev-arrow-0cab826&quot;,&quot;nextArrow&quot;:&quot;.jet-carousel__next-arrow-0cab826&quot;,&quot;rtl&quot;:false,&quot;fractionNav&quot;:false}\" dir=\"ltr\">\n\t<div class=\"elementor-slick-slider\">\n\n<div class=\"jet-carousel__item\">\n\t<div class=\"jet-carousel__item-inner\"><div class=\"jet-carousel__content\"><h5 class=\"jet-carousel__item-title\">Elige un nicho <br><\/h5><div class=\"jet-carousel__item-text\"><p>Decide en qu\u00e9 \u00e1rea del mercado de divisas quieres centrarte y crea contenido en torno a ese tema.<\/p><\/div><\/div><\/div>\n<\/div>\n\n<div class=\"jet-carousel__item\">\n\t<div class=\"jet-carousel__item-inner\"><div class=\"jet-carousel__content\"><h5 class=\"jet-carousel__item-title\">Construye un sitio web <br>o un blog<\/h5><div class=\"jet-carousel__item-text\"><p>Crea un sitio web o un blog donde puedas publicar tus contenidos y promocionar tus enlaces de afiliado.<\/p><\/div><\/div><\/div>\n<\/div>\n\n<div class=\"jet-carousel__item\">\n\t<div class=\"jet-carousel__item-inner\"><div class=\"jet-carousel__content\"><h5 class=\"jet-carousel__item-title\">Inscr\u00edbete en un programa de afiliados de <br><\/h5><div class=\"jet-carousel__item-text\"><p>La mayor\u00eda de los corredores de divisas tienen un programa de afiliados al que puedes unirte, y algunos tienen varios programas con diferentes estructuras de comisiones o requisitos.<\/p><\/div><\/div><\/div>\n<\/div>\n\n<div class=\"jet-carousel__item\">\n\t<div class=\"jet-carousel__item-inner\"><div class=\"jet-carousel__content\"><h5 class=\"jet-carousel__item-title\">Promociona tus enlaces de afiliado en <br><\/h5><div class=\"jet-carousel__item-text\"><p>Una vez que tengas configurado tu sitio web o blog y te hayas unido a un programa de afiliados, puedes empezar a promocionar tus enlaces de afiliado en tu contenido.<\/p><\/div><\/div><\/div>\n<\/div>\n<\/div><div class=\"jet-carousel__prev-arrow-0cab826 jet-arrow prev-arrow\"><svg xmlns=\"http:\/\/www.w3.org\/2000\/svg\" width=\"49\" height=\"49\" viewBox=\"0 0 49 49\"><g id=\"Group_2752\" data-name=\"Group 2752\" transform=\"translate(-14421 2552) rotate(180)\"><g id=\"Rectangle_100\" data-name=\"Rectangle 100\" transform=\"translate(-14470 2503)\" fill=\"rgba(255,255,255,0.2)\" stroke=\"#1a58d3\" stroke-width=\"1\"><rect width=\"49\" height=\"49\" rx=\"24.5\" stroke=\"none\"><\/rect><rect x=\"0.5\" y=\"0.5\" width=\"48\" height=\"48\" rx=\"24\" fill=\"none\"><\/rect><\/g><path id=\"Path_12338\" data-name=\"Path 12338\" d=\"M0,0,8.523,8.523,0,17.045\" transform=\"translate(-14448.762 2518.978)\" fill=\"none\" stroke=\"#1a58d3\" stroke-linecap=\"round\" stroke-linejoin=\"round\" stroke-width=\"2\"><\/path><\/g><\/svg><\/div><div class=\"jet-carousel__next-arrow-0cab826 jet-arrow next-arrow\"><svg xmlns=\"http:\/\/www.w3.org\/2000\/svg\" width=\"49\" height=\"49\" viewBox=\"0 0 49 49\"><g id=\"Group_2751\" data-name=\"Group 2751\" transform=\"translate(14470)\"><g id=\"Rectangle_100\" data-name=\"Rectangle 100\" transform=\"translate(-14470)\" fill=\"rgba(255,255,255,0.2)\" stroke=\"#1a58d3\" stroke-width=\"1\"><rect width=\"49\" height=\"49\" rx=\"24.5\" stroke=\"none\"><\/rect><rect x=\"0.5\" y=\"0.5\" width=\"48\" height=\"48\" rx=\"24\" fill=\"none\"><\/rect><\/g><path id=\"Path_12338\" data-name=\"Path 12338\" d=\"M8.25,4.5l8.523,8.523L8.25,21.545\" transform=\"translate(-14457.012 11.477)\" fill=\"none\" stroke=\"#1a58d3\" stroke-linecap=\"round\" stroke-linejoin=\"round\" stroke-width=\"2\"><\/path><\/g><\/svg><\/div><\/div>\n<\/div>\n<\/div>\t\t\t\t<\/div>\n\t\t\t\t<\/div>\n\t\t\t\t<div class=\"elementor-element elementor-element-da35ed0 elementor-widget__width-initial elementor-widget elementor-widget-text-editor\" data-id=\"da35ed0\" data-element_type=\"widget\" data-e-type=\"widget\" data-widget_type=\"text-editor.default\">\n\t\t\t\t\t\t\t\t\t<p>Convertirse en un blogger afiliado de \u00e9xito requiere mucho trabajo duro, dedicaci\u00f3n y paciencia. Lleva tiempo construir una audiencia, crear contenido valioso y establecer una reputaci\u00f3n en el mercado. BlackBull Los socios apoyan a los blogueros afiliados con contenidos actualizados e ideas relevantes para hacer crecer su negocio y llegar a un p\u00fablico m\u00e1s amplio.  <\/p>\n<p>Habla hoy con nuestro equipo para ver c\u00f3mo puedes empezar.<\/p>\n\t\t\t\t\t\t\t\t<\/div>\n\t\t\t\t<div class=\"elementor-element elementor-element-01f9869 elementor-mobile-align-left elementor-widget elementor-widget-button\" data-id=\"01f9869\" data-element_type=\"widget\" data-e-type=\"widget\" data-widget_type=\"button.default\">\n\t\t\t\t\t\t\t\t\t\t<a class=\"elementor-button elementor-button-link elementor-size-sm\" href=\"https:\/\/secure.blackbull.com\/auth\/register-partners\/\">\n\t\t\t\t\t\t<span class=\"elementor-button-content-wrapper\">\n\t\t\t\t\t\t\t\t\t<span class=\"elementor-button-text\">\u00daNETE A LOS SOCIOS DE BLACKBULL<\/span>\n\t\t\t\t\t<\/span>\n\t\t\t\t\t<\/a>\n\t\t\t\t\t\t\t\t<\/div>\n\t\t\t\t<\/div>\n\t\t\t\t<\/div>\n\t\t\t\t<\/div>\n\t\t","protected":false},"excerpt":{"rendered":"<p>Blogueros Afiliados: Promocionar y ganar a trav\u00e9s de referidos Los afiliados blogueros utilizan su propio sitio web o blog para promocionar productos o servicios y ganan una comisi\u00f3n por cualquier recomendaci\u00f3n. Se trata de una forma de marketing de afiliaci\u00f3n, que es una estrategia de marketing basada en los resultados, en la que una empresa [&hellip;]<\/p>\n","protected":false},"author":6,"featured_media":0,"parent":17097,"menu_order":2,"comment_status":"closed","ping_status":"closed","template":"elementor_header_footer","meta":{"inline_featured_image":false,"footnotes":""},"class_list":["post-17137","page","type-page","status-publish","hentry"],"yoast_head":"<!-- This site is optimized with the Yoast SEO plugin v27.3 - https:\/\/yoast.com\/product\/yoast-seo-wordpress\/ -->\n<title>Afiliados blogueros | BlackBull Partners%.<\/title>\n<meta name=\"description\" content=\"Los blogueros afiliados utilizan su propio sitio web o blog para promocionar productos o servicios y ganan una comisi\u00f3n por cualquier recomendaci\u00f3n.\" \/>\n<meta name=\"robots\" content=\"index, follow, max-snippet:-1, max-image-preview:large, max-video-preview:-1\" \/>\n<link rel=\"canonical\" href=\"https:\/\/partners.blackbull.com\/es\/affiliates\/partner-types\/blogger-affiliates\/\" \/>\n<meta property=\"og:locale\" content=\"es_ES\" \/>\n<meta property=\"og:type\" content=\"article\" \/>\n<meta property=\"og:title\" content=\"Afiliados blogueros | BlackBull Partners%.\" \/>\n<meta property=\"og:description\" content=\"Los blogueros afiliados utilizan su propio sitio web o blog para promocionar productos o servicios y ganan una comisi\u00f3n por cualquier recomendaci\u00f3n.\" \/>\n<meta property=\"og:url\" content=\"https:\/\/partners.blackbull.com\/es\/affiliates\/partner-types\/blogger-affiliates\/\" \/>\n<meta property=\"og:site_name\" content=\"BlackBull Partners\" \/>\n<meta property=\"article:modified_time\" content=\"2025-03-24T17:58:55+00:00\" \/>\n<meta property=\"og:image\" content=\"https:\/\/partners.blackbull.com\/wp-content\/uploads\/2023\/05\/img_123.png\" \/>\n\t<meta property=\"og:image:width\" content=\"445\" \/>\n\t<meta property=\"og:image:height\" content=\"472\" \/>\n\t<meta property=\"og:image:type\" content=\"image\/png\" \/>\n<meta name=\"twitter:card\" content=\"summary_large_image\" \/>\n<meta name=\"twitter:label1\" content=\"Tiempo de lectura\" \/>\n\t<meta name=\"twitter:data1\" content=\"2 minutos\" \/>\n<script type=\"application\/ld+json\" class=\"yoast-schema-graph\">{\"@context\":\"https:\\\/\\\/schema.org\",\"@graph\":[{\"@type\":\"WebPage\",\"@id\":\"https:\\\/\\\/partners.blackbull.com\\\/es\\\/affiliates\\\/partner-types\\\/blogger-affiliates\\\/\",\"url\":\"https:\\\/\\\/partners.blackbull.com\\\/es\\\/affiliates\\\/partner-types\\\/blogger-affiliates\\\/\",\"name\":\"Afiliados blogueros | BlackBull Partners%.\",\"isPartOf\":{\"@id\":\"https:\\\/\\\/partners.blackbull.com\\\/es\\\/#website\"},\"primaryImageOfPage\":{\"@id\":\"https:\\\/\\\/partners.blackbull.com\\\/es\\\/affiliates\\\/partner-types\\\/blogger-affiliates\\\/#primaryimage\"},\"image\":{\"@id\":\"https:\\\/\\\/partners.blackbull.com\\\/es\\\/affiliates\\\/partner-types\\\/blogger-affiliates\\\/#primaryimage\"},\"thumbnailUrl\":\"https:\\\/\\\/partners.blackbull.com\\\/wp-content\\\/uploads\\\/2023\\\/05\\\/img_123.png\",\"datePublished\":\"2025-03-24T17:58:54+00:00\",\"dateModified\":\"2025-03-24T17:58:55+00:00\",\"description\":\"Los blogueros afiliados utilizan su propio sitio web o blog para promocionar productos o servicios y ganan una comisi\u00f3n por cualquier recomendaci\u00f3n.\",\"breadcrumb\":{\"@id\":\"https:\\\/\\\/partners.blackbull.com\\\/es\\\/affiliates\\\/partner-types\\\/blogger-affiliates\\\/#breadcrumb\"},\"inLanguage\":\"es\",\"potentialAction\":[{\"@type\":\"ReadAction\",\"target\":[\"https:\\\/\\\/partners.blackbull.com\\\/es\\\/affiliates\\\/partner-types\\\/blogger-affiliates\\\/\"]}]},{\"@type\":\"ImageObject\",\"inLanguage\":\"es\",\"@id\":\"https:\\\/\\\/partners.blackbull.com\\\/es\\\/affiliates\\\/partner-types\\\/blogger-affiliates\\\/#primaryimage\",\"url\":\"https:\\\/\\\/partners.blackbull.com\\\/wp-content\\\/uploads\\\/2023\\\/05\\\/img_123.png\",\"contentUrl\":\"https:\\\/\\\/partners.blackbull.com\\\/wp-content\\\/uploads\\\/2023\\\/05\\\/img_123.png\"},{\"@type\":\"BreadcrumbList\",\"@id\":\"https:\\\/\\\/partners.blackbull.com\\\/es\\\/affiliates\\\/partner-types\\\/blogger-affiliates\\\/#breadcrumb\",\"itemListElement\":[{\"@type\":\"ListItem\",\"position\":1,\"name\":\"Home\",\"item\":\"https:\\\/\\\/partners.blackbull.com\\\/es\\\/home-new\\\/\"},{\"@type\":\"ListItem\",\"position\":2,\"name\":\"Afiliados\",\"item\":\"https:\\\/\\\/partners.blackbull.com\\\/es\\\/afiliados\\\/\"},{\"@type\":\"ListItem\",\"position\":3,\"name\":\"Tipos de socios\",\"item\":\"https:\\\/\\\/partners.blackbull.com\\\/es\\\/afiliados\\\/tipos-de-socios\\\/\"},{\"@type\":\"ListItem\",\"position\":4,\"name\":\"Afiliados blogueros\"}]},{\"@type\":\"WebSite\",\"@id\":\"https:\\\/\\\/partners.blackbull.com\\\/es\\\/#website\",\"url\":\"https:\\\/\\\/partners.blackbull.com\\\/es\\\/\",\"name\":\"BlackBull Partners\",\"description\":\"BlackBull Affiliates is the partner referral program of BlackBull Markets, a top-tier, award-winning, and multi-regulated forex broker.\",\"publisher\":{\"@id\":\"https:\\\/\\\/partners.blackbull.com\\\/es\\\/#organization\"},\"potentialAction\":[{\"@type\":\"SearchAction\",\"target\":{\"@type\":\"EntryPoint\",\"urlTemplate\":\"https:\\\/\\\/partners.blackbull.com\\\/es\\\/?s={search_term_string}\"},\"query-input\":{\"@type\":\"PropertyValueSpecification\",\"valueRequired\":true,\"valueName\":\"search_term_string\"}}],\"inLanguage\":\"es\"},{\"@type\":\"Organization\",\"@id\":\"https:\\\/\\\/partners.blackbull.com\\\/es\\\/#organization\",\"name\":\"BlackBull Partners\",\"url\":\"https:\\\/\\\/partners.blackbull.com\\\/es\\\/\",\"logo\":{\"@type\":\"ImageObject\",\"inLanguage\":\"es\",\"@id\":\"https:\\\/\\\/partners.blackbull.com\\\/es\\\/#\\\/schema\\\/logo\\\/image\\\/\",\"url\":\"https:\\\/\\\/partners.blackbull.com\\\/wp-content\\\/uploads\\\/2022\\\/03\\\/BBMPartnerslogo_blue.svg\",\"contentUrl\":\"https:\\\/\\\/partners.blackbull.com\\\/wp-content\\\/uploads\\\/2022\\\/03\\\/BBMPartnerslogo_blue.svg\",\"width\":981,\"height\":279,\"caption\":\"BlackBull Partners\"},\"image\":{\"@id\":\"https:\\\/\\\/partners.blackbull.com\\\/es\\\/#\\\/schema\\\/logo\\\/image\\\/\"}}]}<\/script>\n<!-- \/ Yoast SEO plugin. -->","yoast_head_json":{"title":"Afiliados blogueros | BlackBull Partners%.","description":"Los blogueros afiliados utilizan su propio sitio web o blog para promocionar productos o servicios y ganan una comisi\u00f3n por cualquier recomendaci\u00f3n.","robots":{"index":"index","follow":"follow","max-snippet":"max-snippet:-1","max-image-preview":"max-image-preview:large","max-video-preview":"max-video-preview:-1"},"canonical":"https:\/\/partners.blackbull.com\/es\/affiliates\/partner-types\/blogger-affiliates\/","og_locale":"es_ES","og_type":"article","og_title":"Afiliados blogueros | BlackBull Partners%.","og_description":"Los blogueros afiliados utilizan su propio sitio web o blog para promocionar productos o servicios y ganan una comisi\u00f3n por cualquier recomendaci\u00f3n.","og_url":"https:\/\/partners.blackbull.com\/es\/affiliates\/partner-types\/blogger-affiliates\/","og_site_name":"BlackBull Partners","article_modified_time":"2025-03-24T17:58:55+00:00","og_image":[{"width":445,"height":472,"url":"https:\/\/partners.blackbull.com\/wp-content\/uploads\/2023\/05\/img_123.png","type":"image\/png"}],"twitter_card":"summary_large_image","twitter_misc":{"Tiempo de lectura":"2 minutos"},"schema":{"@context":"https:\/\/schema.org","@graph":[{"@type":"WebPage","@id":"https:\/\/partners.blackbull.com\/es\/affiliates\/partner-types\/blogger-affiliates\/","url":"https:\/\/partners.blackbull.com\/es\/affiliates\/partner-types\/blogger-affiliates\/","name":"Afiliados blogueros | BlackBull Partners%.","isPartOf":{"@id":"https:\/\/partners.blackbull.com\/es\/#website"},"primaryImageOfPage":{"@id":"https:\/\/partners.blackbull.com\/es\/affiliates\/partner-types\/blogger-affiliates\/#primaryimage"},"image":{"@id":"https:\/\/partners.blackbull.com\/es\/affiliates\/partner-types\/blogger-affiliates\/#primaryimage"},"thumbnailUrl":"https:\/\/partners.blackbull.com\/wp-content\/uploads\/2023\/05\/img_123.png","datePublished":"2025-03-24T17:58:54+00:00","dateModified":"2025-03-24T17:58:55+00:00","description":"Los blogueros afiliados utilizan su propio sitio web o blog para promocionar productos o servicios y ganan una comisi\u00f3n por cualquier recomendaci\u00f3n.","breadcrumb":{"@id":"https:\/\/partners.blackbull.com\/es\/affiliates\/partner-types\/blogger-affiliates\/#breadcrumb"},"inLanguage":"es","potentialAction":[{"@type":"ReadAction","target":["https:\/\/partners.blackbull.com\/es\/affiliates\/partner-types\/blogger-affiliates\/"]}]},{"@type":"ImageObject","inLanguage":"es","@id":"https:\/\/partners.blackbull.com\/es\/affiliates\/partner-types\/blogger-affiliates\/#primaryimage","url":"https:\/\/partners.blackbull.com\/wp-content\/uploads\/2023\/05\/img_123.png","contentUrl":"https:\/\/partners.blackbull.com\/wp-content\/uploads\/2023\/05\/img_123.png"},{"@type":"BreadcrumbList","@id":"https:\/\/partners.blackbull.com\/es\/affiliates\/partner-types\/blogger-affiliates\/#breadcrumb","itemListElement":[{"@type":"ListItem","position":1,"name":"Home","item":"https:\/\/partners.blackbull.com\/es\/home-new\/"},{"@type":"ListItem","position":2,"name":"Afiliados","item":"https:\/\/partners.blackbull.com\/es\/afiliados\/"},{"@type":"ListItem","position":3,"name":"Tipos de socios","item":"https:\/\/partners.blackbull.com\/es\/afiliados\/tipos-de-socios\/"},{"@type":"ListItem","position":4,"name":"Afiliados blogueros"}]},{"@type":"WebSite","@id":"https:\/\/partners.blackbull.com\/es\/#website","url":"https:\/\/partners.blackbull.com\/es\/","name":"BlackBull Partners","description":"BlackBull Affiliates is the partner referral program of BlackBull Markets, a top-tier, award-winning, and multi-regulated forex broker.","publisher":{"@id":"https:\/\/partners.blackbull.com\/es\/#organization"},"potentialAction":[{"@type":"SearchAction","target":{"@type":"EntryPoint","urlTemplate":"https:\/\/partners.blackbull.com\/es\/?s={search_term_string}"},"query-input":{"@type":"PropertyValueSpecification","valueRequired":true,"valueName":"search_term_string"}}],"inLanguage":"es"},{"@type":"Organization","@id":"https:\/\/partners.blackbull.com\/es\/#organization","name":"BlackBull Partners","url":"https:\/\/partners.blackbull.com\/es\/","logo":{"@type":"ImageObject","inLanguage":"es","@id":"https:\/\/partners.blackbull.com\/es\/#\/schema\/logo\/image\/","url":"https:\/\/partners.blackbull.com\/wp-content\/uploads\/2022\/03\/BBMPartnerslogo_blue.svg","contentUrl":"https:\/\/partners.blackbull.com\/wp-content\/uploads\/2022\/03\/BBMPartnerslogo_blue.svg","width":981,"height":279,"caption":"BlackBull Partners"},"image":{"@id":"https:\/\/partners.blackbull.com\/es\/#\/schema\/logo\/image\/"}}]}},"_links":{"self":[{"href":"https:\/\/partners.blackbull.com\/es\/wp-json\/wp\/v2\/pages\/17137","targetHints":{"allow":["GET"]}}],"collection":[{"href":"https:\/\/partners.blackbull.com\/es\/wp-json\/wp\/v2\/pages"}],"about":[{"href":"https:\/\/partners.blackbull.com\/es\/wp-json\/wp\/v2\/types\/page"}],"author":[{"embeddable":true,"href":"https:\/\/partners.blackbull.com\/es\/wp-json\/wp\/v2\/users\/6"}],"replies":[{"embeddable":true,"href":"https:\/\/partners.blackbull.com\/es\/wp-json\/wp\/v2\/comments?post=17137"}],"version-history":[{"count":1,"href":"https:\/\/partners.blackbull.com\/es\/wp-json\/wp\/v2\/pages\/17137\/revisions"}],"predecessor-version":[{"id":17138,"href":"https:\/\/partners.blackbull.com\/es\/wp-json\/wp\/v2\/pages\/17137\/revisions\/17138"}],"up":[{"embeddable":true,"href":"https:\/\/partners.blackbull.com\/es\/wp-json\/wp\/v2\/pages\/17097"}],"wp:attachment":[{"href":"https:\/\/partners.blackbull.com\/es\/wp-json\/wp\/v2\/media?parent=17137"}],"curies":[{"name":"wp","href":"https:\/\/api.w.org\/{rel}","templated":true}]}}