{"id":17139,"date":"2025-03-25T06:58:55","date_gmt":"2025-03-24T17:58:55","guid":{"rendered":"https:\/\/partners.blackbull.com\/afiliados\/tipos-de-socios\/anfitriones-del-concurso-de-demostracion\/"},"modified":"2025-03-25T06:58:55","modified_gmt":"2025-03-24T17:58:55","slug":"demo-competition-hosts","status":"publish","type":"page","link":"https:\/\/partners.blackbull.com\/es\/affiliates\/partner-types\/demo-competition-hosts\/","title":{"rendered":"Anfitriones del Concurso de Demostraci\u00f3n"},"content":{"rendered":"\t\t<div data-elementor-type=\"wp-page\" data-elementor-id=\"17139\" class=\"elementor elementor-17139\" data-elementor-post-type=\"page\">\n\t\t\t\t<div class=\"elementor-element elementor-element-9450009 e-flex e-con-boxed e-con e-parent\" data-id=\"9450009\" data-element_type=\"container\" data-e-type=\"container\" data-settings=\"{&quot;background_background&quot;:&quot;classic&quot;,&quot;jet_parallax_layout_list&quot;:[]}\">\n\t\t\t\t\t<div class=\"e-con-inner\">\n\t\t\t\t<div class=\"elementor-element elementor-element-c2175a1 elementor-widget elementor-widget-breadcrumbs\" data-id=\"c2175a1\" data-element_type=\"widget\" data-e-type=\"widget\" data-widget_type=\"breadcrumbs.default\">\n\t\t\t\t\t<p id=\"breadcrumbs\"><span><span><a href=\"https:\/\/partners.blackbull.com\/es\/home-new\/\">Home<\/a><\/span><\/span><\/p>\t\t\t\t<\/div>\n\t\t\t\t\t<\/div>\n\t\t\t\t<\/div>\n\t\t<div class=\"elementor-element elementor-element-63c1ed9 e-flex e-con-boxed e-con e-parent\" data-id=\"63c1ed9\" data-element_type=\"container\" data-e-type=\"container\" data-settings=\"{&quot;background_background&quot;:&quot;classic&quot;,&quot;jet_parallax_layout_list&quot;:[]}\">\n\t\t\t\t\t<div class=\"e-con-inner\">\n\t\t<div class=\"elementor-element elementor-element-09e015e e-con-full e-flex e-con e-parent\" data-id=\"09e015e\" data-element_type=\"container\" data-e-type=\"container\" data-settings=\"{&quot;background_background&quot;:&quot;classic&quot;,&quot;jet_parallax_layout_list&quot;:[]}\">\n\t\t\t\t<div class=\"elementor-element elementor-element-d672620 elementor-widget__width-initial elementor-widget elementor-widget-heading\" data-id=\"d672620\" data-element_type=\"widget\" data-e-type=\"widget\" data-widget_type=\"heading.default\">\n\t\t\t\t\t<h2 class=\"elementor-heading-title elementor-size-default\">Competiciones globales de trading demo para operadores de Forex<\/h2>\t\t\t\t<\/div>\n\t\t\t\t<\/div>\n\t\t<div class=\"elementor-element elementor-element-c5052f3 e-con-full e-flex e-con e-parent\" data-id=\"c5052f3\" data-element_type=\"container\" data-e-type=\"container\" data-settings=\"{&quot;jet_parallax_layout_list&quot;:[]}\">\n\t\t\t\t<div class=\"elementor-element elementor-element-f04334a link-text elementor-widget elementor-widget-text-editor\" data-id=\"f04334a\" data-element_type=\"widget\" data-e-type=\"widget\" data-widget_type=\"text-editor.default\">\n\t\t\t\t\t\t\t\t\t<p>BlackBull Partners trabaja con muchos afiliados que organizan competiciones demo en distintas \u00e9pocas del a\u00f1o y en distintas partes del mundo. Las competiciones demo de Forex suelen implicar que los participantes utilicen una cuenta de trading demo para competir con otros operadores en condiciones personalizables. <\/p>\n\t\t\t\t\t\t\t\t<\/div>\n\t\t\t\t<\/div>\n\t\t\t\t\t<\/div>\n\t\t\t\t<\/div>\n\t\t<div class=\"elementor-element elementor-element-04ffb16 e-flex e-con-boxed e-con e-parent\" data-id=\"04ffb16\" data-element_type=\"container\" data-e-type=\"container\" data-settings=\"{&quot;jet_parallax_layout_list&quot;:[]}\">\n\t\t\t\t\t<div class=\"e-con-inner\">\n\t\t<div class=\"elementor-element elementor-element-560f247 e-flex e-con-boxed e-con e-parent\" data-id=\"560f247\" data-element_type=\"container\" data-e-type=\"container\" data-settings=\"{&quot;jet_parallax_layout_list&quot;:[]}\">\n\t\t\t\t\t<div class=\"e-con-inner\">\n\t\t\t\t<div class=\"elementor-element elementor-element-08368d2 elementor-widget elementor-widget-heading\" data-id=\"08368d2\" data-element_type=\"widget\" data-e-type=\"widget\" data-widget_type=\"heading.default\">\n\t\t\t\t\t<h2 class=\"elementor-heading-title elementor-size-default\">El objetivo suele ser que los participantes consigan el mayor beneficio o rendimiento de su inversi\u00f3n durante un periodo de tiempo determinado, como una semana o un mes. Al final de la competici\u00f3n, los participantes con los mayores beneficios suelen recibir premios, como un trofeo, dinero en met\u00e1lico o una cuenta de trading real. Estos concursos son una forma de que los operadores pongan a prueba sus habilidades y estrategias en un entorno sin riesgos, y tambi\u00e9n ofrecen la oportunidad de ganar premios.  <\/h2>\t\t\t\t<\/div>\n\t\t<div class=\"elementor-element elementor-element-8c3a4e4 e-flex e-con-boxed e-con e-parent\" data-id=\"8c3a4e4\" data-element_type=\"container\" data-e-type=\"container\" data-settings=\"{&quot;jet_parallax_layout_list&quot;:[]}\">\n\t\t\t\t\t<div class=\"e-con-inner\">\n\t\t<div class=\"elementor-element elementor-element-f8fd863 e-flex e-con-boxed e-con e-parent\" data-id=\"f8fd863\" data-element_type=\"container\" data-e-type=\"container\" data-settings=\"{&quot;jet_parallax_layout_list&quot;:[]}\">\n\t\t\t\t\t<div class=\"e-con-inner\">\n\t\t\t\t<div class=\"elementor-element elementor-element-59ccdf1 elementor-widget elementor-widget-heading\" data-id=\"59ccdf1\" data-element_type=\"widget\" data-e-type=\"widget\" data-widget_type=\"heading.default\">\n\t\t\t\t\t<h2 class=\"elementor-heading-title elementor-size-default\">\u00bfC\u00f3mo funcionan los concursos demo de Forex?<\/h2>\t\t\t\t<\/div>\n\t\t\t\t<div class=\"elementor-element elementor-element-7b50b70 elementor-widget elementor-widget-text-editor\" data-id=\"7b50b70\" data-element_type=\"widget\" data-e-type=\"widget\" data-widget_type=\"text-editor.default\">\n\t\t\t\t\t\t\t\t\t<p>Las competiciones demo de Forex son una valiosa herramienta de generaci\u00f3n de leads para BlackBull Markets. Al trabajar con anfitriones de concursos de demostraci\u00f3n, atraemos a nuestra plataforma a un gran n\u00famero de operadores potenciales, que luego se convierten en clientes de pago cuando est\u00e1n preparados. <\/p>\n<p>Los afiliados pueden utilizar los concursos de forex demo como forma de generar clientes potenciales y promocionar los productos y servicios de BlackBull Markets. Promocionando el concurso entre tu propio p\u00fablico y fomentando la participaci\u00f3n, los afiliados impulsan el tr\u00e1fico y convierten potencialmente a los participantes en clientes. <\/p>\n<p>En muchos casos, los afiliados exigen que los clientes se <a href=\"https:\/\/secure.blackbull.com\/auth\/register-partners\/\">inscriban<\/a> en un corredor concreto para poder participar en su concurso de demostraci\u00f3n, por lo que es una forma estupenda de generar nuevos clientes potenciales.<\/p>\n\t\t\t\t\t\t\t\t<\/div>\n\t\t\t\t\t<\/div>\n\t\t\t\t<\/div>\n\t\t<div class=\"elementor-element elementor-element-7341743 e-flex e-con-boxed e-con e-parent\" data-id=\"7341743\" data-element_type=\"container\" data-e-type=\"container\" data-settings=\"{&quot;jet_parallax_layout_list&quot;:[]}\">\n\t\t\t\t\t<div class=\"e-con-inner\">\n\t\t\t\t<div class=\"elementor-element elementor-element-529475b elementor-widget elementor-widget-image\" data-id=\"529475b\" data-element_type=\"widget\" data-e-type=\"widget\" data-widget_type=\"image.default\">\n\t\t\t\t\t\t\t\t\t\t\t\t\t\t\t<img fetchpriority=\"high\" decoding=\"async\" width=\"538\" height=\"598\" src=\"https:\/\/partners.blackbull.com\/wp-content\/uploads\/2023\/05\/female-business-executive-receiving-award.png\" class=\"attachment-full size-full wp-image-7898\" alt=\"\" srcset=\"https:\/\/partners.blackbull.com\/wp-content\/uploads\/2023\/05\/female-business-executive-receiving-award.png 538w, https:\/\/partners.blackbull.com\/wp-content\/uploads\/2023\/05\/female-business-executive-receiving-award-270x300.png 270w\" sizes=\"(max-width: 538px) 100vw, 538px\" \/>\t\t\t\t\t\t\t\t\t\t\t\t\t\t\t<\/div>\n\t\t\t\t\t<\/div>\n\t\t\t\t<\/div>\n\t\t\t\t\t<\/div>\n\t\t\t\t<\/div>\n\t\t<div class=\"elementor-element elementor-element-0173291 e-flex e-con-boxed e-con e-parent\" data-id=\"0173291\" data-element_type=\"container\" data-e-type=\"container\" data-settings=\"{&quot;jet_parallax_layout_list&quot;:[]}\">\n\t\t\t\t\t<div class=\"e-con-inner\">\n\t\t<div class=\"elementor-element elementor-element-d576532 e-con-full e-flex e-con e-parent\" data-id=\"d576532\" data-element_type=\"container\" data-e-type=\"container\" data-settings=\"{&quot;jet_parallax_layout_list&quot;:[]}\">\n\t\t\t\t<div class=\"elementor-element elementor-element-a060e06 elementor-widget elementor-widget-image\" data-id=\"a060e06\" data-element_type=\"widget\" data-e-type=\"widget\" data-widget_type=\"image.default\">\n\t\t\t\t\t\t\t\t\t\t\t\t\t\t\t<img decoding=\"async\" width=\"1\" height=\"1\" src=\"https:\/\/partners.blackbull.com\/wp-content\/uploads\/2023\/05\/icons_16.svg\" class=\"attachment-full size-full wp-image-7904\" alt=\"\" \/>\t\t\t\t\t\t\t\t\t\t\t\t\t\t\t<\/div>\n\t\t\t\t<\/div>\n\t\t<div class=\"elementor-element elementor-element-fac9336 e-flex e-con-boxed e-con e-parent\" data-id=\"fac9336\" data-element_type=\"container\" data-e-type=\"container\" data-settings=\"{&quot;jet_parallax_layout_list&quot;:[]}\">\n\t\t\t\t\t<div class=\"e-con-inner\">\n\t\t\t\t<div class=\"elementor-element elementor-element-2e86d76 elementor-widget elementor-widget-text-editor\" data-id=\"2e86d76\" data-element_type=\"widget\" data-e-type=\"widget\" data-widget_type=\"text-editor.default\">\n\t\t\t\t\t\t\t\t\t<p>Si quieres hablar sobre c\u00f3mo organizar un concurso de demostraci\u00f3n, ponte en contacto con nuestro equipo hoy mismo o \u00fanete a BlackBull Partners si est\u00e1s listo para empezar.<\/p>\n\t\t\t\t\t\t\t\t<\/div>\n\t\t\t\t<div class=\"elementor-element elementor-element-e3fd288 elementor-mobile-align-center elementor-widget elementor-widget-button\" data-id=\"e3fd288\" data-element_type=\"widget\" data-e-type=\"widget\" data-widget_type=\"button.default\">\n\t\t\t\t\t\t\t\t\t\t<a class=\"elementor-button elementor-button-link elementor-size-sm\" href=\"https:\/\/secure.blackbull.com\/auth\/register-partners\/\">\n\t\t\t\t\t\t<span class=\"elementor-button-content-wrapper\">\n\t\t\t\t\t\t\t\t\t<span class=\"elementor-button-text\">INSCR\u00cdBETE AHORA PARA EMPEZAR<\/span>\n\t\t\t\t\t<\/span>\n\t\t\t\t\t<\/a>\n\t\t\t\t\t\t\t\t<\/div>\n\t\t\t\t\t<\/div>\n\t\t\t\t<\/div>\n\t\t\t\t\t<\/div>\n\t\t\t\t<\/div>\n\t\t\t\t\t<\/div>\n\t\t\t\t<\/div>\n\t\t\t\t\t<\/div>\n\t\t\t\t<\/div>\n\t\t\t\t<\/div>\n\t\t","protected":false},"excerpt":{"rendered":"<p>Competiciones globales de trading demo para operadores de Forex BlackBull Partners trabaja con muchos afiliados que organizan competiciones demo en distintas \u00e9pocas del a\u00f1o y en distintas partes del mundo. Las competiciones demo de Forex suelen implicar que los participantes utilicen una cuenta de trading demo para competir con otros operadores en condiciones personalizables. El [&hellip;]<\/p>\n","protected":false},"author":6,"featured_media":0,"parent":17097,"menu_order":6,"comment_status":"closed","ping_status":"closed","template":"elementor_header_footer","meta":{"inline_featured_image":false,"footnotes":""},"class_list":["post-17139","page","type-page","status-publish","hentry"],"yoast_head":"<!-- This site is optimized with the Yoast SEO plugin v27.3 - https:\/\/yoast.com\/product\/yoast-seo-wordpress\/ -->\n<title>Anfitriones del Concurso de Demostraci\u00f3n | BlackBull Partners%.<\/title>\n<meta name=\"description\" content=\"BlackBull Partners trabaja con muchos afiliados que organizan competiciones de demostraci\u00f3n en distintas \u00e9pocas del a\u00f1o y en distintas partes del mundo.\" \/>\n<meta name=\"robots\" content=\"index, follow, max-snippet:-1, max-image-preview:large, max-video-preview:-1\" \/>\n<link rel=\"canonical\" href=\"https:\/\/partners.blackbull.com\/es\/affiliates\/partner-types\/demo-competition-hosts\/\" \/>\n<meta property=\"og:locale\" content=\"es_ES\" \/>\n<meta property=\"og:type\" content=\"article\" \/>\n<meta property=\"og:title\" content=\"Anfitriones del Concurso de Demostraci\u00f3n | BlackBull Partners%.\" \/>\n<meta property=\"og:description\" content=\"BlackBull Partners trabaja con muchos afiliados que organizan competiciones de demostraci\u00f3n en distintas \u00e9pocas del a\u00f1o y en distintas partes del mundo.\" \/>\n<meta property=\"og:url\" content=\"https:\/\/partners.blackbull.com\/es\/affiliates\/partner-types\/demo-competition-hosts\/\" \/>\n<meta property=\"og:site_name\" content=\"BlackBull Partners\" \/>\n<meta property=\"og:image\" content=\"https:\/\/partners.blackbull.com\/wp-content\/uploads\/2023\/05\/female-business-executive-receiving-award.png\" \/>\n\t<meta property=\"og:image:width\" content=\"538\" \/>\n\t<meta property=\"og:image:height\" content=\"598\" \/>\n\t<meta property=\"og:image:type\" content=\"image\/png\" \/>\n<meta name=\"twitter:card\" content=\"summary_large_image\" \/>\n<meta name=\"twitter:label1\" content=\"Tiempo de lectura\" \/>\n\t<meta name=\"twitter:data1\" content=\"2 minutos\" \/>\n<script type=\"application\/ld+json\" class=\"yoast-schema-graph\">{\"@context\":\"https:\\\/\\\/schema.org\",\"@graph\":[{\"@type\":\"WebPage\",\"@id\":\"https:\\\/\\\/partners.blackbull.com\\\/es\\\/affiliates\\\/partner-types\\\/demo-competition-hosts\\\/\",\"url\":\"https:\\\/\\\/partners.blackbull.com\\\/es\\\/affiliates\\\/partner-types\\\/demo-competition-hosts\\\/\",\"name\":\"Anfitriones del Concurso de Demostraci\u00f3n | BlackBull Partners%.\",\"isPartOf\":{\"@id\":\"https:\\\/\\\/partners.blackbull.com\\\/es\\\/#website\"},\"primaryImageOfPage\":{\"@id\":\"https:\\\/\\\/partners.blackbull.com\\\/es\\\/affiliates\\\/partner-types\\\/demo-competition-hosts\\\/#primaryimage\"},\"image\":{\"@id\":\"https:\\\/\\\/partners.blackbull.com\\\/es\\\/affiliates\\\/partner-types\\\/demo-competition-hosts\\\/#primaryimage\"},\"thumbnailUrl\":\"https:\\\/\\\/partners.blackbull.com\\\/wp-content\\\/uploads\\\/2023\\\/05\\\/female-business-executive-receiving-award.png\",\"datePublished\":\"2025-03-24T17:58:55+00:00\",\"description\":\"BlackBull Partners trabaja con muchos afiliados que organizan competiciones de demostraci\u00f3n en distintas \u00e9pocas del a\u00f1o y en distintas partes del mundo.\",\"breadcrumb\":{\"@id\":\"https:\\\/\\\/partners.blackbull.com\\\/es\\\/affiliates\\\/partner-types\\\/demo-competition-hosts\\\/#breadcrumb\"},\"inLanguage\":\"es\",\"potentialAction\":[{\"@type\":\"ReadAction\",\"target\":[\"https:\\\/\\\/partners.blackbull.com\\\/es\\\/affiliates\\\/partner-types\\\/demo-competition-hosts\\\/\"]}]},{\"@type\":\"ImageObject\",\"inLanguage\":\"es\",\"@id\":\"https:\\\/\\\/partners.blackbull.com\\\/es\\\/affiliates\\\/partner-types\\\/demo-competition-hosts\\\/#primaryimage\",\"url\":\"https:\\\/\\\/partners.blackbull.com\\\/wp-content\\\/uploads\\\/2023\\\/05\\\/female-business-executive-receiving-award.png\",\"contentUrl\":\"https:\\\/\\\/partners.blackbull.com\\\/wp-content\\\/uploads\\\/2023\\\/05\\\/female-business-executive-receiving-award.png\"},{\"@type\":\"BreadcrumbList\",\"@id\":\"https:\\\/\\\/partners.blackbull.com\\\/es\\\/affiliates\\\/partner-types\\\/demo-competition-hosts\\\/#breadcrumb\",\"itemListElement\":[{\"@type\":\"ListItem\",\"position\":1,\"name\":\"Home\",\"item\":\"https:\\\/\\\/partners.blackbull.com\\\/es\\\/home-new\\\/\"},{\"@type\":\"ListItem\",\"position\":2,\"name\":\"Afiliados\",\"item\":\"https:\\\/\\\/partners.blackbull.com\\\/es\\\/afiliados\\\/\"},{\"@type\":\"ListItem\",\"position\":3,\"name\":\"Tipos de socios\",\"item\":\"https:\\\/\\\/partners.blackbull.com\\\/es\\\/afiliados\\\/tipos-de-socios\\\/\"},{\"@type\":\"ListItem\",\"position\":4,\"name\":\"Anfitriones del Concurso de Demostraci\u00f3n\"}]},{\"@type\":\"WebSite\",\"@id\":\"https:\\\/\\\/partners.blackbull.com\\\/es\\\/#website\",\"url\":\"https:\\\/\\\/partners.blackbull.com\\\/es\\\/\",\"name\":\"BlackBull Partners\",\"description\":\"BlackBull Affiliates is the partner referral program of BlackBull Markets, a top-tier, award-winning, and multi-regulated forex broker.\",\"publisher\":{\"@id\":\"https:\\\/\\\/partners.blackbull.com\\\/es\\\/#organization\"},\"potentialAction\":[{\"@type\":\"SearchAction\",\"target\":{\"@type\":\"EntryPoint\",\"urlTemplate\":\"https:\\\/\\\/partners.blackbull.com\\\/es\\\/?s={search_term_string}\"},\"query-input\":{\"@type\":\"PropertyValueSpecification\",\"valueRequired\":true,\"valueName\":\"search_term_string\"}}],\"inLanguage\":\"es\"},{\"@type\":\"Organization\",\"@id\":\"https:\\\/\\\/partners.blackbull.com\\\/es\\\/#organization\",\"name\":\"BlackBull Partners\",\"url\":\"https:\\\/\\\/partners.blackbull.com\\\/es\\\/\",\"logo\":{\"@type\":\"ImageObject\",\"inLanguage\":\"es\",\"@id\":\"https:\\\/\\\/partners.blackbull.com\\\/es\\\/#\\\/schema\\\/logo\\\/image\\\/\",\"url\":\"https:\\\/\\\/partners.blackbull.com\\\/wp-content\\\/uploads\\\/2022\\\/03\\\/BBMPartnerslogo_blue.svg\",\"contentUrl\":\"https:\\\/\\\/partners.blackbull.com\\\/wp-content\\\/uploads\\\/2022\\\/03\\\/BBMPartnerslogo_blue.svg\",\"width\":981,\"height\":279,\"caption\":\"BlackBull Partners\"},\"image\":{\"@id\":\"https:\\\/\\\/partners.blackbull.com\\\/es\\\/#\\\/schema\\\/logo\\\/image\\\/\"}}]}<\/script>\n<!-- \/ Yoast SEO plugin. -->","yoast_head_json":{"title":"Anfitriones del Concurso de Demostraci\u00f3n | BlackBull Partners%.","description":"BlackBull Partners trabaja con muchos afiliados que organizan competiciones de demostraci\u00f3n en distintas \u00e9pocas del a\u00f1o y en distintas partes del mundo.","robots":{"index":"index","follow":"follow","max-snippet":"max-snippet:-1","max-image-preview":"max-image-preview:large","max-video-preview":"max-video-preview:-1"},"canonical":"https:\/\/partners.blackbull.com\/es\/affiliates\/partner-types\/demo-competition-hosts\/","og_locale":"es_ES","og_type":"article","og_title":"Anfitriones del Concurso de Demostraci\u00f3n | BlackBull Partners%.","og_description":"BlackBull Partners trabaja con muchos afiliados que organizan competiciones de demostraci\u00f3n en distintas \u00e9pocas del a\u00f1o y en distintas partes del mundo.","og_url":"https:\/\/partners.blackbull.com\/es\/affiliates\/partner-types\/demo-competition-hosts\/","og_site_name":"BlackBull Partners","og_image":[{"width":538,"height":598,"url":"https:\/\/partners.blackbull.com\/wp-content\/uploads\/2023\/05\/female-business-executive-receiving-award.png","type":"image\/png"}],"twitter_card":"summary_large_image","twitter_misc":{"Tiempo de lectura":"2 minutos"},"schema":{"@context":"https:\/\/schema.org","@graph":[{"@type":"WebPage","@id":"https:\/\/partners.blackbull.com\/es\/affiliates\/partner-types\/demo-competition-hosts\/","url":"https:\/\/partners.blackbull.com\/es\/affiliates\/partner-types\/demo-competition-hosts\/","name":"Anfitriones del Concurso de Demostraci\u00f3n | BlackBull Partners%.","isPartOf":{"@id":"https:\/\/partners.blackbull.com\/es\/#website"},"primaryImageOfPage":{"@id":"https:\/\/partners.blackbull.com\/es\/affiliates\/partner-types\/demo-competition-hosts\/#primaryimage"},"image":{"@id":"https:\/\/partners.blackbull.com\/es\/affiliates\/partner-types\/demo-competition-hosts\/#primaryimage"},"thumbnailUrl":"https:\/\/partners.blackbull.com\/wp-content\/uploads\/2023\/05\/female-business-executive-receiving-award.png","datePublished":"2025-03-24T17:58:55+00:00","description":"BlackBull Partners trabaja con muchos afiliados que organizan competiciones de demostraci\u00f3n en distintas \u00e9pocas del a\u00f1o y en distintas partes del mundo.","breadcrumb":{"@id":"https:\/\/partners.blackbull.com\/es\/affiliates\/partner-types\/demo-competition-hosts\/#breadcrumb"},"inLanguage":"es","potentialAction":[{"@type":"ReadAction","target":["https:\/\/partners.blackbull.com\/es\/affiliates\/partner-types\/demo-competition-hosts\/"]}]},{"@type":"ImageObject","inLanguage":"es","@id":"https:\/\/partners.blackbull.com\/es\/affiliates\/partner-types\/demo-competition-hosts\/#primaryimage","url":"https:\/\/partners.blackbull.com\/wp-content\/uploads\/2023\/05\/female-business-executive-receiving-award.png","contentUrl":"https:\/\/partners.blackbull.com\/wp-content\/uploads\/2023\/05\/female-business-executive-receiving-award.png"},{"@type":"BreadcrumbList","@id":"https:\/\/partners.blackbull.com\/es\/affiliates\/partner-types\/demo-competition-hosts\/#breadcrumb","itemListElement":[{"@type":"ListItem","position":1,"name":"Home","item":"https:\/\/partners.blackbull.com\/es\/home-new\/"},{"@type":"ListItem","position":2,"name":"Afiliados","item":"https:\/\/partners.blackbull.com\/es\/afiliados\/"},{"@type":"ListItem","position":3,"name":"Tipos de socios","item":"https:\/\/partners.blackbull.com\/es\/afiliados\/tipos-de-socios\/"},{"@type":"ListItem","position":4,"name":"Anfitriones del Concurso de Demostraci\u00f3n"}]},{"@type":"WebSite","@id":"https:\/\/partners.blackbull.com\/es\/#website","url":"https:\/\/partners.blackbull.com\/es\/","name":"BlackBull Partners","description":"BlackBull Affiliates is the partner referral program of BlackBull Markets, a top-tier, award-winning, and multi-regulated forex broker.","publisher":{"@id":"https:\/\/partners.blackbull.com\/es\/#organization"},"potentialAction":[{"@type":"SearchAction","target":{"@type":"EntryPoint","urlTemplate":"https:\/\/partners.blackbull.com\/es\/?s={search_term_string}"},"query-input":{"@type":"PropertyValueSpecification","valueRequired":true,"valueName":"search_term_string"}}],"inLanguage":"es"},{"@type":"Organization","@id":"https:\/\/partners.blackbull.com\/es\/#organization","name":"BlackBull Partners","url":"https:\/\/partners.blackbull.com\/es\/","logo":{"@type":"ImageObject","inLanguage":"es","@id":"https:\/\/partners.blackbull.com\/es\/#\/schema\/logo\/image\/","url":"https:\/\/partners.blackbull.com\/wp-content\/uploads\/2022\/03\/BBMPartnerslogo_blue.svg","contentUrl":"https:\/\/partners.blackbull.com\/wp-content\/uploads\/2022\/03\/BBMPartnerslogo_blue.svg","width":981,"height":279,"caption":"BlackBull Partners"},"image":{"@id":"https:\/\/partners.blackbull.com\/es\/#\/schema\/logo\/image\/"}}]}},"_links":{"self":[{"href":"https:\/\/partners.blackbull.com\/es\/wp-json\/wp\/v2\/pages\/17139","targetHints":{"allow":["GET"]}}],"collection":[{"href":"https:\/\/partners.blackbull.com\/es\/wp-json\/wp\/v2\/pages"}],"about":[{"href":"https:\/\/partners.blackbull.com\/es\/wp-json\/wp\/v2\/types\/page"}],"author":[{"embeddable":true,"href":"https:\/\/partners.blackbull.com\/es\/wp-json\/wp\/v2\/users\/6"}],"replies":[{"embeddable":true,"href":"https:\/\/partners.blackbull.com\/es\/wp-json\/wp\/v2\/comments?post=17139"}],"version-history":[{"count":1,"href":"https:\/\/partners.blackbull.com\/es\/wp-json\/wp\/v2\/pages\/17139\/revisions"}],"predecessor-version":[{"id":17140,"href":"https:\/\/partners.blackbull.com\/es\/wp-json\/wp\/v2\/pages\/17139\/revisions\/17140"}],"up":[{"embeddable":true,"href":"https:\/\/partners.blackbull.com\/es\/wp-json\/wp\/v2\/pages\/17097"}],"wp:attachment":[{"href":"https:\/\/partners.blackbull.com\/es\/wp-json\/wp\/v2\/media?parent=17139"}],"curies":[{"name":"wp","href":"https:\/\/api.w.org\/{rel}","templated":true}]}}