{"id":17143,"date":"2025-03-25T06:58:59","date_gmt":"2025-03-24T17:58:59","guid":{"rendered":"https:\/\/partners.blackbull.com\/modelos-de-atribucion\/"},"modified":"2025-03-25T06:59:10","modified_gmt":"2025-03-24T17:59:10","slug":"attribution-models","status":"publish","type":"page","link":"https:\/\/partners.blackbull.com\/es\/support\/education\/how-to-guides\/attribution-models\/","title":{"rendered":"Modelos de atribuci\u00f3n"},"content":{"rendered":"\t\t<div data-elementor-type=\"wp-page\" data-elementor-id=\"17143\" class=\"elementor elementor-17143 elementor-4227\" data-elementor-post-type=\"page\">\n\t\t\t\t<div class=\"elementor-element elementor-element-6c79374b e-flex e-con-boxed e-con e-parent\" data-id=\"6c79374b\" data-element_type=\"container\" data-e-type=\"container\" data-settings=\"{&quot;background_background&quot;:&quot;classic&quot;,&quot;jet_parallax_layout_list&quot;:[]}\">\n\t\t\t\t\t<div class=\"e-con-inner\">\n\t\t\t\t<div class=\"elementor-element elementor-element-34d71dcc elementor-widget elementor-widget-breadcrumbs\" data-id=\"34d71dcc\" data-element_type=\"widget\" data-e-type=\"widget\" data-widget_type=\"breadcrumbs.default\">\n\t\t\t\t\t<p id=\"breadcrumbs\"><span><span><a href=\"https:\/\/partners.blackbull.com\/es\/home-new\/\">Home<\/a><\/span><\/span><\/p>\t\t\t\t<\/div>\n\t\t\t\t\t<\/div>\n\t\t\t\t<\/div>\n\t\t<div class=\"elementor-element elementor-element-1e65c291 e-flex e-con-boxed e-con e-parent\" data-id=\"1e65c291\" data-element_type=\"container\" data-e-type=\"container\" data-settings=\"{&quot;background_background&quot;:&quot;classic&quot;,&quot;jet_parallax_layout_list&quot;:[]}\">\n\t\t\t\t\t<div class=\"e-con-inner\">\n\t\t<div class=\"elementor-element elementor-element-16ac3595 e-con-full e-flex e-con e-child\" data-id=\"16ac3595\" data-element_type=\"container\" data-e-type=\"container\" data-settings=\"{&quot;background_background&quot;:&quot;classic&quot;,&quot;jet_parallax_layout_list&quot;:[]}\">\n\t\t\t\t<div class=\"elementor-element elementor-element-191a2e31 elementor-widget__width-initial elementor-widget elementor-widget-heading\" data-id=\"191a2e31\" data-element_type=\"widget\" data-e-type=\"widget\" data-widget_type=\"heading.default\">\n\t\t\t\t\t<h2 class=\"elementor-heading-title elementor-size-default\">Modelos de atribuci\u00f3n de BlackBull Partners<\/h2>\t\t\t\t<\/div>\n\t\t\t\t<\/div>\n\t\t<div class=\"elementor-element elementor-element-6abcc0b5 e-con-full e-flex e-con e-child\" data-id=\"6abcc0b5\" data-element_type=\"container\" data-e-type=\"container\" data-settings=\"{&quot;jet_parallax_layout_list&quot;:[]}\">\n\t\t\t\t<div class=\"elementor-element elementor-element-5af91e2e link-text elementor-widget elementor-widget-text-editor\" data-id=\"5af91e2e\" data-element_type=\"widget\" data-e-type=\"widget\" data-widget_type=\"text-editor.default\">\n\t\t\t\t\t\t\t\t\t<p>Los modelos de atribuci\u00f3n se utilizan para atribuir el m\u00e9rito de las conversiones (ventas, clientes potenciales, etc.) a diferentes puntos de contacto o interacciones que un cliente tiene con una empresa. Hay varios modelos de atribuci\u00f3n diferentes que pueden utilizarse para atribuir el tr\u00e1fico del sitio web: <\/p>\n\t\t\t\t\t\t\t\t<\/div>\n\t\t\t\t<\/div>\n\t\t\t\t\t<\/div>\n\t\t\t\t<\/div>\n\t\t<div class=\"elementor-element elementor-element-bdcacad e-flex e-con-boxed e-con e-parent\" data-id=\"bdcacad\" data-element_type=\"container\" data-e-type=\"container\" data-settings=\"{&quot;jet_parallax_layout_list&quot;:[]}\">\n\t\t\t\t\t<div class=\"e-con-inner\">\n\t\t<div class=\"elementor-element elementor-element-d9dbac0 e-flex e-con-boxed e-con e-child\" data-id=\"d9dbac0\" data-element_type=\"container\" data-e-type=\"container\" data-settings=\"{&quot;jet_parallax_layout_list&quot;:[]}\">\n\t\t\t\t\t<div class=\"e-con-inner\">\n\t\t<div class=\"elementor-element elementor-element-8c557a6 e-flex e-con-boxed e-con e-child\" data-id=\"8c557a6\" data-element_type=\"container\" data-e-type=\"container\" data-settings=\"{&quot;jet_parallax_layout_list&quot;:[]}\">\n\t\t\t\t\t<div class=\"e-con-inner\">\n\t\t<div class=\"elementor-element elementor-element-c43f952 e-con-full e-flex e-con e-child\" data-id=\"c43f952\" data-element_type=\"container\" data-e-type=\"container\" data-settings=\"{&quot;jet_parallax_layout_list&quot;:[]}\">\n\t\t\t\t<div class=\"elementor-element elementor-element-977bd28 elementor-widget elementor-widget-image\" data-id=\"977bd28\" data-element_type=\"widget\" data-e-type=\"widget\" data-widget_type=\"image.default\">\n\t\t\t\t\t\t\t\t\t\t\t\t\t\t\t<img fetchpriority=\"high\" decoding=\"async\" width=\"360\" height=\"487\" src=\"https:\/\/partners.blackbull.com\/wp-content\/uploads\/2023\/07\/attribution-img.jpg\" class=\"attachment-full size-full wp-image-12711\" alt=\"\" srcset=\"https:\/\/partners.blackbull.com\/wp-content\/uploads\/2023\/07\/attribution-img.jpg 360w, https:\/\/partners.blackbull.com\/wp-content\/uploads\/2023\/07\/attribution-img-222x300.jpg 222w\" sizes=\"(max-width: 360px) 100vw, 360px\" \/>\t\t\t\t\t\t\t\t\t\t\t\t\t\t\t<\/div>\n\t\t\t\t<\/div>\n\t\t<div class=\"elementor-element elementor-element-05d084a e-con-full border-line-col email-marketing-titleline how-it-work-titeline border-dotted-new e-flex e-con e-child\" data-id=\"05d084a\" data-element_type=\"container\" data-e-type=\"container\" data-settings=\"{&quot;jet_parallax_layout_list&quot;:[]}\">\n\t\t\t\t<div class=\"elementor-element elementor-element-e958947 elementor-position-left elementor-vertical-align-top elementor-widget elementor-widget-image-box\" data-id=\"e958947\" data-element_type=\"widget\" data-e-type=\"widget\" data-widget_type=\"image-box.default\">\n\t\t\t\t\t<div class=\"elementor-image-box-wrapper\"><figure class=\"elementor-image-box-img\"><img decoding=\"async\" width=\"74\" height=\"74\" src=\"https:\/\/partners.blackbull.com\/wp-content\/uploads\/2023\/07\/icon-1.svg\" class=\"attachment-full size-full wp-image-12716\" alt=\"\" \/><\/figure><div class=\"elementor-image-box-content\"><h3 class=\"elementor-image-box-title\">Atribuci\u00f3n del \u00faltimo clic<\/h3><p class=\"elementor-image-box-description\">Este modelo atribuye el 100% del m\u00e9rito de una conversi\u00f3n al \u00faltimo punto de contacto que tuvo el cliente antes de convertirse. Este modelo es sencillo y f\u00e1cil de entender, pero puede ser injusto con los puntos de contacto anteriores que pueden haber desempe\u00f1ado un papel importante en la decisi\u00f3n de conversi\u00f3n del cliente. <\/p><\/div><\/div>\t\t\t\t<\/div>\n\t\t\t\t<div class=\"elementor-element elementor-element-5d720f6 elementor-position-left elementor-vertical-align-top elementor-widget elementor-widget-image-box\" data-id=\"5d720f6\" data-element_type=\"widget\" data-e-type=\"widget\" data-widget_type=\"image-box.default\">\n\t\t\t\t\t<div class=\"elementor-image-box-wrapper\"><figure class=\"elementor-image-box-img\"><img decoding=\"async\" width=\"74\" height=\"74\" src=\"https:\/\/partners.blackbull.com\/wp-content\/uploads\/2023\/07\/icon-2.svg\" class=\"attachment-full size-full wp-image-12724\" alt=\"\" \/><\/figure><div class=\"elementor-image-box-content\"><h3 class=\"elementor-image-box-title\">Atribuci\u00f3n en el primer clic<\/h3><p class=\"elementor-image-box-description\">Este modelo atribuye el 100% del m\u00e9rito de una conversi\u00f3n al primer punto de contacto que tuvo el cliente antes de convertirse. Este modelo puede dar una buena idea de la fuente inicial del cliente, pero puede no tener en cuenta el comportamiento del cliente antes de convertirse. <\/p><\/div><\/div>\t\t\t\t<\/div>\n\t\t\t\t<div class=\"elementor-element elementor-element-d43ae3c elementor-position-left elementor-vertical-align-top elementor-widget elementor-widget-image-box\" data-id=\"d43ae3c\" data-element_type=\"widget\" data-e-type=\"widget\" data-widget_type=\"image-box.default\">\n\t\t\t\t\t<div class=\"elementor-image-box-wrapper\"><figure class=\"elementor-image-box-img\"><img loading=\"lazy\" decoding=\"async\" width=\"74\" height=\"74\" src=\"https:\/\/partners.blackbull.com\/wp-content\/uploads\/2023\/07\/icon-3.svg\" class=\"attachment-full size-full wp-image-12728\" alt=\"\" \/><\/figure><div class=\"elementor-image-box-content\"><h3 class=\"elementor-image-box-title\">Atribuci\u00f3n lineal<\/h3><p class=\"elementor-image-box-description\">Este modelo da el mismo cr\u00e9dito a todos los puntos de contacto que tuvo un cliente antes de convertirse. Este modelo puede ser una buena forma de dar cr\u00e9dito a todas las interacciones que un cliente tuvo antes de convertirse, pero puede no reflejar el verdadero impacto de cada punto de contacto. <\/p><\/div><\/div>\t\t\t\t<\/div>\n\t\t\t\t<div class=\"elementor-element elementor-element-fcc36fe elementor-position-left elementor-vertical-align-top elementor-widget elementor-widget-image-box\" data-id=\"fcc36fe\" data-element_type=\"widget\" data-e-type=\"widget\" data-widget_type=\"image-box.default\">\n\t\t\t\t\t<div class=\"elementor-image-box-wrapper\"><figure class=\"elementor-image-box-img\"><img loading=\"lazy\" decoding=\"async\" width=\"74\" height=\"74\" src=\"https:\/\/partners.blackbull.com\/wp-content\/uploads\/2023\/07\/icon-4.svg\" class=\"attachment-full size-full wp-image-12732\" alt=\"\" \/><\/figure><div class=\"elementor-image-box-content\"><h3 class=\"elementor-image-box-title\">Atribuci\u00f3n del decaimiento temporal<\/h3><p class=\"elementor-image-box-description\">Este modelo da la mayor parte del cr\u00e9dito a los puntos de contacto inicial y final, y una parte menor a los puntos de contacto intermedios. Este modelo puede proporcionar un buen equilibrio entre dar cr\u00e9dito a los puntos de contacto inicial y final y dar tambi\u00e9n algo de cr\u00e9dito a los puntos de contacto intermedios; sin embargo, puede que no d\u00e9 suficiente cr\u00e9dito a los puntos de contacto intermedios que desempe\u00f1aron un papel importante en la decisi\u00f3n de conversi\u00f3n del cliente. <\/p><\/div><\/div>\t\t\t\t<\/div>\n\t\t\t\t<div class=\"elementor-element elementor-element-9e434d2 elementor-position-left elementor-vertical-align-top elementor-widget elementor-widget-image-box\" data-id=\"9e434d2\" data-element_type=\"widget\" data-e-type=\"widget\" data-widget_type=\"image-box.default\">\n\t\t\t\t\t<div class=\"elementor-image-box-wrapper\"><figure class=\"elementor-image-box-img\"><img loading=\"lazy\" decoding=\"async\" width=\"74\" height=\"74\" src=\"https:\/\/partners.blackbull.com\/wp-content\/uploads\/2023\/07\/icon-5.svg\" class=\"attachment-full size-full wp-image-12736\" alt=\"\" \/><\/figure><div class=\"elementor-image-box-content\"><h3 class=\"elementor-image-box-title\">Atribuci\u00f3n basada en datos<\/h3><p class=\"elementor-image-box-description\">Este modelo utiliza algoritmos de aprendizaje autom\u00e1tico para analizar el comportamiento del cliente y determinar el verdadero impacto de cada punto de contacto en la conversi\u00f3n. Este modelo puede ser la forma m\u00e1s precisa de atribuir conversiones, pero puede ser complejo de configurar y requiere una gran cantidad de datos para ser eficaz. <\/p><\/div><\/div>\t\t\t\t<\/div>\n\t\t\t\t<\/div>\n\t\t\t\t\t<\/div>\n\t\t\t\t<\/div>\n\t\t\t\t<div class=\"elementor-element elementor-element-9ff3ab5 elementor-widget elementor-widget-text-editor\" data-id=\"9ff3ab5\" data-element_type=\"widget\" data-e-type=\"widget\" data-widget_type=\"text-editor.default\">\n\t\t\t\t\t\t\t\t\t<p>En \u00faltima instancia, la elecci\u00f3n del modelo de atribuci\u00f3n depende de los objetivos empresariales y del tipo de datos disponibles. Vale la pena se\u00f1alar que ning\u00fan modelo es perfecto, y siempre es una buena idea experimentar con diferentes modelos para determinar cu\u00e1l funciona mejor para tu negocio. <\/p>\n<p>En BlackBull Partners, utilizamos el modelo de atribuci\u00f3n de \u00faltimo clic para el tr\u00e1fico de referencia procedente tanto de nuestros <a href=\"https:\/\/partners.blackbull.com\/affiliates\/program-details\/affiliates-overview\/\"><span style=\"color: #2169fb;\">Afiliados<\/span><\/a> como de <a href=\"https:\/\/partners.blackbull.com\/ib-program\/program-details\/introducing-brokers-overview\/\"><span style=\"color: #2169fb;\">Agente Introductor<\/span><\/a> tanto de nuestros afiliados como de nuestros corredores de introducci\u00f3n. Es importante entender que, con este modelo, la atribuci\u00f3n a veces puede jugar a tu favor y otras en tu contra. Normalmente, hay varios puntos de contacto durante el proceso de toma de decisiones, pero hemos decidido que la mayor ponderaci\u00f3n de la atribuci\u00f3n se aplique al \u00faltimo clic antes de la inscripci\u00f3n.  <\/p>\t\t\t\t\t\t\t\t<\/div>\n\t\t\t\t\t<\/div>\n\t\t\t\t<\/div>\n\t\t\t\t\t<\/div>\n\t\t\t\t<\/div>\n\t\t\t\t<\/div>\n\t\t","protected":false},"excerpt":{"rendered":"<p>Modelos de atribuci\u00f3n de BlackBull Partners Los modelos de atribuci\u00f3n se utilizan para atribuir el m\u00e9rito de las conversiones (ventas, clientes potenciales, etc.) a diferentes puntos de contacto o interacciones que un cliente tiene con una empresa. Hay varios modelos de atribuci\u00f3n diferentes que pueden utilizarse para atribuir el tr\u00e1fico del sitio web: Atribuci\u00f3n del [&hellip;]<\/p>\n","protected":false},"author":6,"featured_media":0,"parent":17159,"menu_order":4,"comment_status":"closed","ping_status":"closed","template":"elementor_header_footer","meta":{"inline_featured_image":false,"footnotes":""},"class_list":["post-17143","page","type-page","status-publish","hentry"],"yoast_head":"<!-- This site is optimized with the Yoast SEO plugin v27.4 - https:\/\/yoast.com\/product\/yoast-seo-wordpress\/ -->\n<title>Modelos de atribuci\u00f3n | BlackBull Partners%.<\/title>\n<meta name=\"description\" content=\"Los modelos de atribuci\u00f3n se utilizan para atribuir el cr\u00e9dito de las conversiones ( a diferentes puntos de contacto o interacciones que un cliente tiene con una empresa. Hay varios modelos de atribuci\u00f3n diferentes que pueden utilizarse para atribuir el tr\u00e1fico del sitio web:\" \/>\n<meta name=\"robots\" content=\"index, follow, max-snippet:-1, max-image-preview:large, max-video-preview:-1\" \/>\n<link rel=\"canonical\" href=\"https:\/\/partners.blackbull.com\/es\/support\/education\/how-to-guides\/attribution-models\/\" \/>\n<meta property=\"og:locale\" content=\"es_ES\" \/>\n<meta property=\"og:type\" content=\"article\" \/>\n<meta property=\"og:title\" content=\"Modelos de atribuci\u00f3n | BlackBull Partners%.\" \/>\n<meta property=\"og:description\" content=\"Los modelos de atribuci\u00f3n se utilizan para atribuir el cr\u00e9dito de las conversiones ( a diferentes puntos de contacto o interacciones que un cliente tiene con una empresa. Hay varios modelos de atribuci\u00f3n diferentes que pueden utilizarse para atribuir el tr\u00e1fico del sitio web:\" \/>\n<meta property=\"og:url\" content=\"https:\/\/partners.blackbull.com\/es\/support\/education\/how-to-guides\/attribution-models\/\" \/>\n<meta property=\"og:site_name\" content=\"BlackBull Partners\" \/>\n<meta property=\"article:modified_time\" content=\"2025-03-24T17:59:10+00:00\" \/>\n<meta property=\"og:image\" content=\"https:\/\/partners.blackbull.com\/wp-content\/uploads\/2023\/07\/attribution-img.jpg\" \/>\n\t<meta property=\"og:image:width\" content=\"360\" \/>\n\t<meta property=\"og:image:height\" content=\"487\" \/>\n\t<meta property=\"og:image:type\" content=\"image\/jpeg\" \/>\n<meta name=\"twitter:card\" content=\"summary_large_image\" \/>\n<meta name=\"twitter:label1\" content=\"Tiempo de lectura\" \/>\n\t<meta name=\"twitter:data1\" content=\"3 minutos\" \/>\n<script type=\"application\/ld+json\" class=\"yoast-schema-graph\">{\"@context\":\"https:\\\/\\\/schema.org\",\"@graph\":[{\"@type\":\"WebPage\",\"@id\":\"https:\\\/\\\/partners.blackbull.com\\\/es\\\/support\\\/education\\\/how-to-guides\\\/attribution-models\\\/\",\"url\":\"https:\\\/\\\/partners.blackbull.com\\\/es\\\/support\\\/education\\\/how-to-guides\\\/attribution-models\\\/\",\"name\":\"Modelos de atribuci\u00f3n | BlackBull Partners%.\",\"isPartOf\":{\"@id\":\"https:\\\/\\\/partners.blackbull.com\\\/es\\\/#website\"},\"primaryImageOfPage\":{\"@id\":\"https:\\\/\\\/partners.blackbull.com\\\/es\\\/support\\\/education\\\/how-to-guides\\\/attribution-models\\\/#primaryimage\"},\"image\":{\"@id\":\"https:\\\/\\\/partners.blackbull.com\\\/es\\\/support\\\/education\\\/how-to-guides\\\/attribution-models\\\/#primaryimage\"},\"thumbnailUrl\":\"https:\\\/\\\/partners.blackbull.com\\\/wp-content\\\/uploads\\\/2023\\\/07\\\/attribution-img.jpg\",\"datePublished\":\"2025-03-24T17:58:59+00:00\",\"dateModified\":\"2025-03-24T17:59:10+00:00\",\"description\":\"Los modelos de atribuci\u00f3n se utilizan para atribuir el cr\u00e9dito de las conversiones ( a diferentes puntos de contacto o interacciones que un cliente tiene con una empresa. Hay varios modelos de atribuci\u00f3n diferentes que pueden utilizarse para atribuir el tr\u00e1fico del sitio web:\",\"breadcrumb\":{\"@id\":\"https:\\\/\\\/partners.blackbull.com\\\/es\\\/support\\\/education\\\/how-to-guides\\\/attribution-models\\\/#breadcrumb\"},\"inLanguage\":\"es\",\"potentialAction\":[{\"@type\":\"ReadAction\",\"target\":[\"https:\\\/\\\/partners.blackbull.com\\\/es\\\/support\\\/education\\\/how-to-guides\\\/attribution-models\\\/\"]}]},{\"@type\":\"ImageObject\",\"inLanguage\":\"es\",\"@id\":\"https:\\\/\\\/partners.blackbull.com\\\/es\\\/support\\\/education\\\/how-to-guides\\\/attribution-models\\\/#primaryimage\",\"url\":\"https:\\\/\\\/partners.blackbull.com\\\/wp-content\\\/uploads\\\/2023\\\/07\\\/attribution-img.jpg\",\"contentUrl\":\"https:\\\/\\\/partners.blackbull.com\\\/wp-content\\\/uploads\\\/2023\\\/07\\\/attribution-img.jpg\"},{\"@type\":\"BreadcrumbList\",\"@id\":\"https:\\\/\\\/partners.blackbull.com\\\/es\\\/support\\\/education\\\/how-to-guides\\\/attribution-models\\\/#breadcrumb\",\"itemListElement\":[{\"@type\":\"ListItem\",\"position\":1,\"name\":\"Home\",\"item\":\"https:\\\/\\\/partners.blackbull.com\\\/es\\\/home-new\\\/\"},{\"@type\":\"ListItem\",\"position\":2,\"name\":\"Ayuda\",\"item\":\"https:\\\/\\\/partners.blackbull.com\\\/es\\\/ayuda\\\/\"},{\"@type\":\"ListItem\",\"position\":3,\"name\":\"Educaci\u00f3n\",\"item\":\"https:\\\/\\\/partners.blackbull.com\\\/es\\\/ayuda\\\/educacion\\\/\"},{\"@type\":\"ListItem\",\"position\":4,\"name\":\"Gu\u00edas pr\u00e1cticas\",\"item\":\"https:\\\/\\\/partners.blackbull.com\\\/es\\\/ayuda\\\/educacion\\\/guias-practicas\\\/\"},{\"@type\":\"ListItem\",\"position\":5,\"name\":\"Modelos de atribuci\u00f3n\"}]},{\"@type\":\"WebSite\",\"@id\":\"https:\\\/\\\/partners.blackbull.com\\\/es\\\/#website\",\"url\":\"https:\\\/\\\/partners.blackbull.com\\\/es\\\/\",\"name\":\"BlackBull Partners\",\"description\":\"BlackBull Affiliates is the partner referral program of BlackBull Markets, a top-tier, award-winning, and multi-regulated forex broker.\",\"publisher\":{\"@id\":\"https:\\\/\\\/partners.blackbull.com\\\/es\\\/#organization\"},\"potentialAction\":[{\"@type\":\"SearchAction\",\"target\":{\"@type\":\"EntryPoint\",\"urlTemplate\":\"https:\\\/\\\/partners.blackbull.com\\\/es\\\/?s={search_term_string}\"},\"query-input\":{\"@type\":\"PropertyValueSpecification\",\"valueRequired\":true,\"valueName\":\"search_term_string\"}}],\"inLanguage\":\"es\"},{\"@type\":\"Organization\",\"@id\":\"https:\\\/\\\/partners.blackbull.com\\\/es\\\/#organization\",\"name\":\"BlackBull Partners\",\"url\":\"https:\\\/\\\/partners.blackbull.com\\\/es\\\/\",\"logo\":{\"@type\":\"ImageObject\",\"inLanguage\":\"es\",\"@id\":\"https:\\\/\\\/partners.blackbull.com\\\/es\\\/#\\\/schema\\\/logo\\\/image\\\/\",\"url\":\"https:\\\/\\\/partners.blackbull.com\\\/wp-content\\\/uploads\\\/2022\\\/03\\\/BBMPartnerslogo_blue.svg\",\"contentUrl\":\"https:\\\/\\\/partners.blackbull.com\\\/wp-content\\\/uploads\\\/2022\\\/03\\\/BBMPartnerslogo_blue.svg\",\"width\":981,\"height\":279,\"caption\":\"BlackBull Partners\"},\"image\":{\"@id\":\"https:\\\/\\\/partners.blackbull.com\\\/es\\\/#\\\/schema\\\/logo\\\/image\\\/\"}}]}<\/script>\n<!-- \/ Yoast SEO plugin. -->","yoast_head_json":{"title":"Modelos de atribuci\u00f3n | BlackBull Partners%.","description":"Los modelos de atribuci\u00f3n se utilizan para atribuir el cr\u00e9dito de las conversiones ( a diferentes puntos de contacto o interacciones que un cliente tiene con una empresa. Hay varios modelos de atribuci\u00f3n diferentes que pueden utilizarse para atribuir el tr\u00e1fico del sitio web:","robots":{"index":"index","follow":"follow","max-snippet":"max-snippet:-1","max-image-preview":"max-image-preview:large","max-video-preview":"max-video-preview:-1"},"canonical":"https:\/\/partners.blackbull.com\/es\/support\/education\/how-to-guides\/attribution-models\/","og_locale":"es_ES","og_type":"article","og_title":"Modelos de atribuci\u00f3n | BlackBull Partners%.","og_description":"Los modelos de atribuci\u00f3n se utilizan para atribuir el cr\u00e9dito de las conversiones ( a diferentes puntos de contacto o interacciones que un cliente tiene con una empresa. Hay varios modelos de atribuci\u00f3n diferentes que pueden utilizarse para atribuir el tr\u00e1fico del sitio web:","og_url":"https:\/\/partners.blackbull.com\/es\/support\/education\/how-to-guides\/attribution-models\/","og_site_name":"BlackBull Partners","article_modified_time":"2025-03-24T17:59:10+00:00","og_image":[{"width":360,"height":487,"url":"https:\/\/partners.blackbull.com\/wp-content\/uploads\/2023\/07\/attribution-img.jpg","type":"image\/jpeg"}],"twitter_card":"summary_large_image","twitter_misc":{"Tiempo de lectura":"3 minutos"},"schema":{"@context":"https:\/\/schema.org","@graph":[{"@type":"WebPage","@id":"https:\/\/partners.blackbull.com\/es\/support\/education\/how-to-guides\/attribution-models\/","url":"https:\/\/partners.blackbull.com\/es\/support\/education\/how-to-guides\/attribution-models\/","name":"Modelos de atribuci\u00f3n | BlackBull Partners%.","isPartOf":{"@id":"https:\/\/partners.blackbull.com\/es\/#website"},"primaryImageOfPage":{"@id":"https:\/\/partners.blackbull.com\/es\/support\/education\/how-to-guides\/attribution-models\/#primaryimage"},"image":{"@id":"https:\/\/partners.blackbull.com\/es\/support\/education\/how-to-guides\/attribution-models\/#primaryimage"},"thumbnailUrl":"https:\/\/partners.blackbull.com\/wp-content\/uploads\/2023\/07\/attribution-img.jpg","datePublished":"2025-03-24T17:58:59+00:00","dateModified":"2025-03-24T17:59:10+00:00","description":"Los modelos de atribuci\u00f3n se utilizan para atribuir el cr\u00e9dito de las conversiones ( a diferentes puntos de contacto o interacciones que un cliente tiene con una empresa. Hay varios modelos de atribuci\u00f3n diferentes que pueden utilizarse para atribuir el tr\u00e1fico del sitio web:","breadcrumb":{"@id":"https:\/\/partners.blackbull.com\/es\/support\/education\/how-to-guides\/attribution-models\/#breadcrumb"},"inLanguage":"es","potentialAction":[{"@type":"ReadAction","target":["https:\/\/partners.blackbull.com\/es\/support\/education\/how-to-guides\/attribution-models\/"]}]},{"@type":"ImageObject","inLanguage":"es","@id":"https:\/\/partners.blackbull.com\/es\/support\/education\/how-to-guides\/attribution-models\/#primaryimage","url":"https:\/\/partners.blackbull.com\/wp-content\/uploads\/2023\/07\/attribution-img.jpg","contentUrl":"https:\/\/partners.blackbull.com\/wp-content\/uploads\/2023\/07\/attribution-img.jpg"},{"@type":"BreadcrumbList","@id":"https:\/\/partners.blackbull.com\/es\/support\/education\/how-to-guides\/attribution-models\/#breadcrumb","itemListElement":[{"@type":"ListItem","position":1,"name":"Home","item":"https:\/\/partners.blackbull.com\/es\/home-new\/"},{"@type":"ListItem","position":2,"name":"Ayuda","item":"https:\/\/partners.blackbull.com\/es\/ayuda\/"},{"@type":"ListItem","position":3,"name":"Educaci\u00f3n","item":"https:\/\/partners.blackbull.com\/es\/ayuda\/educacion\/"},{"@type":"ListItem","position":4,"name":"Gu\u00edas pr\u00e1cticas","item":"https:\/\/partners.blackbull.com\/es\/ayuda\/educacion\/guias-practicas\/"},{"@type":"ListItem","position":5,"name":"Modelos de atribuci\u00f3n"}]},{"@type":"WebSite","@id":"https:\/\/partners.blackbull.com\/es\/#website","url":"https:\/\/partners.blackbull.com\/es\/","name":"BlackBull Partners","description":"BlackBull Affiliates is the partner referral program of BlackBull Markets, a top-tier, award-winning, and multi-regulated forex broker.","publisher":{"@id":"https:\/\/partners.blackbull.com\/es\/#organization"},"potentialAction":[{"@type":"SearchAction","target":{"@type":"EntryPoint","urlTemplate":"https:\/\/partners.blackbull.com\/es\/?s={search_term_string}"},"query-input":{"@type":"PropertyValueSpecification","valueRequired":true,"valueName":"search_term_string"}}],"inLanguage":"es"},{"@type":"Organization","@id":"https:\/\/partners.blackbull.com\/es\/#organization","name":"BlackBull Partners","url":"https:\/\/partners.blackbull.com\/es\/","logo":{"@type":"ImageObject","inLanguage":"es","@id":"https:\/\/partners.blackbull.com\/es\/#\/schema\/logo\/image\/","url":"https:\/\/partners.blackbull.com\/wp-content\/uploads\/2022\/03\/BBMPartnerslogo_blue.svg","contentUrl":"https:\/\/partners.blackbull.com\/wp-content\/uploads\/2022\/03\/BBMPartnerslogo_blue.svg","width":981,"height":279,"caption":"BlackBull Partners"},"image":{"@id":"https:\/\/partners.blackbull.com\/es\/#\/schema\/logo\/image\/"}}]}},"_links":{"self":[{"href":"https:\/\/partners.blackbull.com\/es\/wp-json\/wp\/v2\/pages\/17143","targetHints":{"allow":["GET"]}}],"collection":[{"href":"https:\/\/partners.blackbull.com\/es\/wp-json\/wp\/v2\/pages"}],"about":[{"href":"https:\/\/partners.blackbull.com\/es\/wp-json\/wp\/v2\/types\/page"}],"author":[{"embeddable":true,"href":"https:\/\/partners.blackbull.com\/es\/wp-json\/wp\/v2\/users\/6"}],"replies":[{"embeddable":true,"href":"https:\/\/partners.blackbull.com\/es\/wp-json\/wp\/v2\/comments?post=17143"}],"version-history":[{"count":1,"href":"https:\/\/partners.blackbull.com\/es\/wp-json\/wp\/v2\/pages\/17143\/revisions"}],"predecessor-version":[{"id":17144,"href":"https:\/\/partners.blackbull.com\/es\/wp-json\/wp\/v2\/pages\/17143\/revisions\/17144"}],"up":[{"embeddable":true,"href":"https:\/\/partners.blackbull.com\/es\/wp-json\/wp\/v2\/pages\/17159"}],"wp:attachment":[{"href":"https:\/\/partners.blackbull.com\/es\/wp-json\/wp\/v2\/media?parent=17143"}],"curies":[{"name":"wp","href":"https:\/\/api.w.org\/{rel}","templated":true}]}}