{"id":17155,"date":"2025-03-25T06:59:08","date_gmt":"2025-03-24T17:59:08","guid":{"rendered":"https:\/\/partners.blackbull.com\/ayuda\/ayuda\/devoluciones-api\/"},"modified":"2025-03-25T06:59:11","modified_gmt":"2025-03-24T17:59:11","slug":"api-postbacks","status":"publish","type":"page","link":"https:\/\/partners.blackbull.com\/es\/support\/support\/api-postbacks\/","title":{"rendered":"Devoluciones API"},"content":{"rendered":"\t\t<div data-elementor-type=\"wp-page\" data-elementor-id=\"17155\" class=\"elementor elementor-17155 elementor-4218\" data-elementor-post-type=\"page\">\n\t\t\t\t<div class=\"elementor-element elementor-element-e7ed2a8 e-flex e-con-boxed e-con e-parent\" data-id=\"e7ed2a8\" data-element_type=\"container\" data-e-type=\"container\" data-settings=\"{&quot;background_background&quot;:&quot;classic&quot;,&quot;jet_parallax_layout_list&quot;:[]}\">\n\t\t\t\t\t<div class=\"e-con-inner\">\n\t\t\t\t<div class=\"elementor-element elementor-element-e63d863 elementor-widget elementor-widget-breadcrumbs\" data-id=\"e63d863\" data-element_type=\"widget\" data-e-type=\"widget\" data-widget_type=\"breadcrumbs.default\">\n\t\t\t\t\t<p id=\"breadcrumbs\"><span><span><a href=\"https:\/\/partners.blackbull.com\/es\/home-new\/\">Home<\/a><\/span><\/span><\/p>\t\t\t\t<\/div>\n\t\t\t\t\t<\/div>\n\t\t\t\t<\/div>\n\t\t<div class=\"elementor-element elementor-element-778d59e e-flex e-con-boxed e-con e-parent\" data-id=\"778d59e\" data-element_type=\"container\" data-e-type=\"container\" data-settings=\"{&quot;background_background&quot;:&quot;classic&quot;,&quot;jet_parallax_layout_list&quot;:[]}\">\n\t\t\t\t\t<div class=\"e-con-inner\">\n\t\t<div class=\"elementor-element elementor-element-ec6f2d6 e-con-full e-flex e-con e-child\" data-id=\"ec6f2d6\" data-element_type=\"container\" data-e-type=\"container\" data-settings=\"{&quot;background_background&quot;:&quot;classic&quot;,&quot;jet_parallax_layout_list&quot;:[]}\">\n\t\t\t\t<div class=\"elementor-element elementor-element-67e2f54 elementor-widget__width-initial elementor-widget elementor-widget-heading\" data-id=\"67e2f54\" data-element_type=\"widget\" data-e-type=\"widget\" data-widget_type=\"heading.default\">\n\t\t\t\t\t<h2 class=\"elementor-heading-title elementor-size-default\">BlackBull Partners API Postbacks<\/h2>\t\t\t\t<\/div>\n\t\t\t\t<\/div>\n\t\t<div class=\"elementor-element elementor-element-b8733bf e-con-full e-flex e-con e-child\" data-id=\"b8733bf\" data-element_type=\"container\" data-e-type=\"container\" data-settings=\"{&quot;jet_parallax_layout_list&quot;:[]}\">\n\t\t\t\t<div class=\"elementor-element elementor-element-ae784a2 link-text elementor-widget elementor-widget-text-editor\" data-id=\"ae784a2\" data-element_type=\"widget\" data-e-type=\"widget\" data-widget_type=\"text-editor.default\">\n\t\t\t\t\t\t\t\t\t<p>Este tema trata sobre el uso de la API y las devoluciones de p\u00edxeles en el marketing de afiliaci\u00f3n. Estas t\u00e9cnicas se utilizan habitualmente para realizar un seguimiento de las conversiones y garantizar la asignaci\u00f3n precisa del cr\u00e9dito al afiliado correspondiente. <\/p>\n\t\t\t\t\t\t\t\t<\/div>\n\t\t\t\t<\/div>\n\t\t\t\t\t<\/div>\n\t\t\t\t<\/div>\n\t\t<div class=\"elementor-element elementor-element-a821350 e-flex e-con-boxed e-con e-parent\" data-id=\"a821350\" data-element_type=\"container\" data-e-type=\"container\" data-settings=\"{&quot;jet_parallax_layout_list&quot;:[]}\">\n\t\t\t\t\t<div class=\"e-con-inner\">\n\t\t<div class=\"elementor-element elementor-element-9d84e44 e-con-full e-flex e-con e-child\" data-id=\"9d84e44\" data-element_type=\"container\" data-e-type=\"container\" data-settings=\"{&quot;jet_parallax_layout_list&quot;:[]}\">\n\t\t<div class=\"elementor-element elementor-element-767eea6 e-con-full e-flex e-con e-child\" data-id=\"767eea6\" data-element_type=\"container\" data-e-type=\"container\" data-settings=\"{&quot;jet_parallax_layout_list&quot;:[]}\">\n\t\t\t\t<div class=\"elementor-element elementor-element-c421699 elementor-widget elementor-widget-heading\" data-id=\"c421699\" data-element_type=\"widget\" data-e-type=\"widget\" data-widget_type=\"heading.default\">\n\t\t\t\t\t<h2 class=\"elementor-heading-title elementor-size-default\">\u00bfQu\u00e9 son las API Postbacks?<\/h2>\t\t\t\t<\/div>\n\t\t\t\t<div class=\"elementor-element elementor-element-9645bdf elementor-widget elementor-widget-text-editor\" data-id=\"9645bdf\" data-element_type=\"widget\" data-e-type=\"widget\" data-widget_type=\"text-editor.default\">\n\t\t\t\t\t\t\t\t\t<p>Una API es una interfaz de programaci\u00f3n de aplicaciones. Los postbacks de API y los postbacks de p\u00edxeles, tambi\u00e9n conocidos como postbacks de servidor a servidor, son un m\u00e9todo utilizado en el marketing de afiliaci\u00f3n para realizar un seguimiento de las conversiones y atribuirlas al afiliado correcto. <\/p>\n\t\t\t\t\t\t\t\t<\/div>\n\t\t\t\t<div class=\"elementor-element elementor-element-e1f6af7 elementor-widget elementor-widget-text-editor\" data-id=\"e1f6af7\" data-element_type=\"widget\" data-e-type=\"widget\" data-widget_type=\"text-editor.default\">\n\t\t\t\t\t\t\t\t\t<p>Funcionan mediante una conexi\u00f3n de servidor a servidor, que permite al sitio web del anunciante comunicarse directamente con el servidor de la red de afiliaci\u00f3n, transmitiendo informaci\u00f3n sobre las conversiones en tiempo real.<\/p>\n<p>Cuando un usuario completa una conversi\u00f3n en el sitio web de un anunciante, el servidor del anunciante env\u00eda un postback a la red de afiliaci\u00f3n, transmitiendo informaci\u00f3n como el ID del afiliado, el importe de la conversi\u00f3n y cualquier otro dato relevante. La red de afiliaci\u00f3n atribuye entonces la conversi\u00f3n al afiliado correcto y actualiza sus estad\u00edsticas en consecuencia. <\/p>\n\t\t\t\t\t\t\t\t<\/div>\n\t\t\t\t<\/div>\n\t\t<div class=\"elementor-element elementor-element-5515837 e-con-full e-flex e-con e-child\" data-id=\"5515837\" data-element_type=\"container\" data-e-type=\"container\" data-settings=\"{&quot;jet_parallax_layout_list&quot;:[]}\">\n\t\t\t\t<div class=\"elementor-element elementor-element-4ef387b elementor-widget elementor-widget-image\" data-id=\"4ef387b\" data-element_type=\"widget\" data-e-type=\"widget\" data-widget_type=\"image.default\">\n\t\t\t\t\t\t\t\t\t\t\t\t\t\t\t<img fetchpriority=\"high\" decoding=\"async\" width=\"538\" height=\"606\" src=\"https:\/\/partners.blackbull.com\/wp-content\/uploads\/2023\/05\/What-Are-API-Postbacks.png\" class=\"attachment-full size-full wp-image-8589\" alt=\"\" srcset=\"https:\/\/partners.blackbull.com\/wp-content\/uploads\/2023\/05\/What-Are-API-Postbacks.png 538w, https:\/\/partners.blackbull.com\/wp-content\/uploads\/2023\/05\/What-Are-API-Postbacks-266x300.png 266w\" sizes=\"(max-width: 538px) 100vw, 538px\" \/>\t\t\t\t\t\t\t\t\t\t\t\t\t\t\t<\/div>\n\t\t\t\t<\/div>\n\t\t\t\t<\/div>\n\t\t\t\t\t<\/div>\n\t\t\t\t<\/div>\n\t\t<div class=\"elementor-element elementor-element-3660eb8 e-flex e-con-boxed e-con e-parent\" data-id=\"3660eb8\" data-element_type=\"container\" data-e-type=\"container\" data-settings=\"{&quot;background_background&quot;:&quot;classic&quot;,&quot;jet_parallax_layout_list&quot;:[]}\">\n\t\t\t\t\t<div class=\"e-con-inner\">\n\t\t<div class=\"elementor-element elementor-element-aa18fc1 e-flex e-con-boxed e-con e-child\" data-id=\"aa18fc1\" data-element_type=\"container\" data-e-type=\"container\" data-settings=\"{&quot;jet_parallax_layout_list&quot;:[]}\">\n\t\t\t\t\t<div class=\"e-con-inner\">\n\t\t\t\t<div class=\"elementor-element elementor-element-34f09d7 elementor-widget elementor-widget-heading\" data-id=\"34f09d7\" data-element_type=\"widget\" data-e-type=\"widget\" data-widget_type=\"heading.default\">\n\t\t\t\t\t<h2 class=\"elementor-heading-title elementor-size-default\">\u00bfCu\u00e1les son las ventajas de utilizar API Postbacks?<\/h2>\t\t\t\t<\/div>\n\t\t\t\t<div class=\"elementor-element elementor-element-82eb4a9 elementor-icon-list--layout-traditional elementor-list-item-link-full_width elementor-widget elementor-widget-icon-list\" data-id=\"82eb4a9\" data-element_type=\"widget\" data-e-type=\"widget\" data-widget_type=\"icon-list.default\">\n\t\t\t\t\t\t\t<ul class=\"elementor-icon-list-items\">\n\t\t\t\t\t\t\t<li class=\"elementor-icon-list-item\">\n\t\t\t\t\t\t\t\t\t\t\t<span class=\"elementor-icon-list-icon\">\n\t\t\t\t\t\t\t<svg xmlns=\"http:\/\/www.w3.org\/2000\/svg\" width=\"35\" height=\"35\" viewBox=\"0 0 35 35\"><g id=\"Group_173\" data-name=\"Group 173\" transform=\"translate(-1344.024 -2068.024)\"><g id=\"Rectangle_100\" data-name=\"Rectangle 100\" transform=\"translate(1344.024 2068.024)\" fill=\"rgba(255,255,255,0.2)\" stroke=\"#1a58d3\" stroke-width=\"1\"><rect width=\"35\" height=\"35\" rx=\"17.5\" stroke=\"none\"><\/rect><rect x=\"0.5\" y=\"0.5\" width=\"34\" height=\"34\" rx=\"17\" fill=\"none\"><\/rect><\/g><path id=\"Path_182\" data-name=\"Path 182\" d=\"M3.75,9.988,10.972,2.25,9.424,7.924H15.1L7.877,15.662,9.424,9.988Z\" transform=\"translate(1352.1 2076.568)\" fill=\"none\" stroke=\"#1a58d3\" stroke-linecap=\"round\" stroke-linejoin=\"round\" stroke-width=\"1\"><\/path><\/g><\/svg>\t\t\t\t\t\t<\/span>\n\t\t\t\t\t\t\t\t\t\t<span class=\"elementor-icon-list-text\">Los postbacks de la API tienen varias ventajas sobre otros m\u00e9todos de seguimiento de las conversiones, como los redireccionamientos de enlaces o los postbacks de p\u00edxeles.<\/span>\n\t\t\t\t\t\t\t\t\t<\/li>\n\t\t\t\t\t\t\t\t<li class=\"elementor-icon-list-item\">\n\t\t\t\t\t\t\t\t\t\t\t<span class=\"elementor-icon-list-icon\">\n\t\t\t\t\t\t\t<svg xmlns=\"http:\/\/www.w3.org\/2000\/svg\" width=\"35\" height=\"35\" viewBox=\"0 0 35 35\"><g id=\"Group_173\" data-name=\"Group 173\" transform=\"translate(-1344.024 -2068.024)\"><g id=\"Rectangle_100\" data-name=\"Rectangle 100\" transform=\"translate(1344.024 2068.024)\" fill=\"rgba(255,255,255,0.2)\" stroke=\"#1a58d3\" stroke-width=\"1\"><rect width=\"35\" height=\"35\" rx=\"17.5\" stroke=\"none\"><\/rect><rect x=\"0.5\" y=\"0.5\" width=\"34\" height=\"34\" rx=\"17\" fill=\"none\"><\/rect><\/g><path id=\"Path_182\" data-name=\"Path 182\" d=\"M3.75,9.988,10.972,2.25,9.424,7.924H15.1L7.877,15.662,9.424,9.988Z\" transform=\"translate(1352.1 2076.568)\" fill=\"none\" stroke=\"#1a58d3\" stroke-linecap=\"round\" stroke-linejoin=\"round\" stroke-width=\"1\"><\/path><\/g><\/svg>\t\t\t\t\t\t<\/span>\n\t\t\t\t\t\t\t\t\t\t<span class=\"elementor-icon-list-text\">Son menos susceptibles de fraude, ya que el usuario no tiene que hacer clic en un enlace para que se rastree la conversi\u00f3n, y ofrecen seguimiento en tiempo real, lo que significa que el afiliado puede rastrear la conversi\u00f3n inmediatamente, y el anunciante tambi\u00e9n puede disponer de los datos en tiempo real.<\/span>\n\t\t\t\t\t\t\t\t\t<\/li>\n\t\t\t\t\t\t\t\t<li class=\"elementor-icon-list-item\">\n\t\t\t\t\t\t\t\t\t\t\t<span class=\"elementor-icon-list-icon\">\n\t\t\t\t\t\t\t<svg xmlns=\"http:\/\/www.w3.org\/2000\/svg\" width=\"35\" height=\"35\" viewBox=\"0 0 35 35\"><g id=\"Group_173\" data-name=\"Group 173\" transform=\"translate(-1344.024 -2068.024)\"><g id=\"Rectangle_100\" data-name=\"Rectangle 100\" transform=\"translate(1344.024 2068.024)\" fill=\"rgba(255,255,255,0.2)\" stroke=\"#1a58d3\" stroke-width=\"1\"><rect width=\"35\" height=\"35\" rx=\"17.5\" stroke=\"none\"><\/rect><rect x=\"0.5\" y=\"0.5\" width=\"34\" height=\"34\" rx=\"17\" fill=\"none\"><\/rect><\/g><path id=\"Path_182\" data-name=\"Path 182\" d=\"M3.75,9.988,10.972,2.25,9.424,7.924H15.1L7.877,15.662,9.424,9.988Z\" transform=\"translate(1352.1 2076.568)\" fill=\"none\" stroke=\"#1a58d3\" stroke-linecap=\"round\" stroke-linejoin=\"round\" stroke-width=\"1\"><\/path><\/g><\/svg>\t\t\t\t\t\t<\/span>\n\t\t\t\t\t\t\t\t\t\t<span class=\"elementor-icon-list-text\">Adem\u00e1s, los postbacks de la API pueden proporcionar informaci\u00f3n m\u00e1s detallada sobre la conversi\u00f3n, como la direcci\u00f3n IP del usuario y el producto concreto que se compr\u00f3.<\/span>\n\t\t\t\t\t\t\t\t\t<\/li>\n\t\t\t\t\t\t\t\t<li class=\"elementor-icon-list-item\">\n\t\t\t\t\t\t\t\t\t\t\t<span class=\"elementor-icon-list-icon\">\n\t\t\t\t\t\t\t<svg xmlns=\"http:\/\/www.w3.org\/2000\/svg\" width=\"35\" height=\"35\" viewBox=\"0 0 35 35\"><g id=\"Group_173\" data-name=\"Group 173\" transform=\"translate(-1344.024 -2068.024)\"><g id=\"Rectangle_100\" data-name=\"Rectangle 100\" transform=\"translate(1344.024 2068.024)\" fill=\"rgba(255,255,255,0.2)\" stroke=\"#1a58d3\" stroke-width=\"1\"><rect width=\"35\" height=\"35\" rx=\"17.5\" stroke=\"none\"><\/rect><rect x=\"0.5\" y=\"0.5\" width=\"34\" height=\"34\" rx=\"17\" fill=\"none\"><\/rect><\/g><path id=\"Path_182\" data-name=\"Path 182\" d=\"M3.75,9.988,10.972,2.25,9.424,7.924H15.1L7.877,15.662,9.424,9.988Z\" transform=\"translate(1352.1 2076.568)\" fill=\"none\" stroke=\"#1a58d3\" stroke-linecap=\"round\" stroke-linejoin=\"round\" stroke-width=\"1\"><\/path><\/g><\/svg>\t\t\t\t\t\t<\/span>\n\t\t\t\t\t\t\t\t\t\t<span class=\"elementor-icon-list-text\">Los postbacks son una herramienta \u00fatil para los vendedores afiliados, ya que permiten un seguimiento preciso de las conversiones y garantizan que los afiliados reciban el cr\u00e9dito adecuado por sus esfuerzos. Es importante tener en cuenta que los postbacks requieren conocimientos t\u00e9cnicos para su implementaci\u00f3n, ya que implican la configuraci\u00f3n de una conexi\u00f3n de servidor a servidor y la codificaci\u00f3n del sistema de postback. <\/span>\n\t\t\t\t\t\t\t\t\t<\/li>\n\t\t\t\t\t\t<\/ul>\n\t\t\t\t\t\t<\/div>\n\t\t\t\t\t<\/div>\n\t\t\t\t<\/div>\n\t\t\t\t\t<\/div>\n\t\t\t\t<\/div>\n\t\t\t\t<\/div>\n\t\t","protected":false},"excerpt":{"rendered":"<p>BlackBull Partners API Postbacks Este tema trata sobre el uso de la API y las devoluciones de p\u00edxeles en el marketing de afiliaci\u00f3n. Estas t\u00e9cnicas se utilizan habitualmente para realizar un seguimiento de las conversiones y garantizar la asignaci\u00f3n precisa del cr\u00e9dito al afiliado correspondiente. \u00bfQu\u00e9 son las API Postbacks? Una API es una interfaz [&hellip;]<\/p>\n","protected":false},"author":6,"featured_media":0,"parent":17102,"menu_order":1,"comment_status":"closed","ping_status":"closed","template":"elementor_header_footer","meta":{"inline_featured_image":false,"footnotes":""},"class_list":["post-17155","page","type-page","status-publish","hentry"],"yoast_head":"<!-- This site is optimized with the Yoast SEO plugin v27.3 - https:\/\/yoast.com\/product\/yoast-seo-wordpress\/ -->\n<title>Devoluciones API | BlackBull Partners%.<\/title>\n<meta name=\"description\" content=\"API Postbacks cubre el uso de API y pixel postbacks en el marketing de afiliaci\u00f3n. Estas t\u00e9cnicas se utilizan habitualmente para realizar un seguimiento de las conversiones y garantizar la asignaci\u00f3n precisa del cr\u00e9dito al afiliado correspondiente.\" \/>\n<meta name=\"robots\" content=\"index, follow, max-snippet:-1, max-image-preview:large, max-video-preview:-1\" \/>\n<link rel=\"canonical\" href=\"https:\/\/partners.blackbull.com\/es\/support\/support\/api-postbacks\/\" \/>\n<meta property=\"og:locale\" content=\"es_ES\" \/>\n<meta property=\"og:type\" content=\"article\" \/>\n<meta property=\"og:title\" content=\"Devoluciones API | BlackBull Partners%.\" \/>\n<meta property=\"og:description\" content=\"API Postbacks cubre el uso de API y pixel postbacks en el marketing de afiliaci\u00f3n. Estas t\u00e9cnicas se utilizan habitualmente para realizar un seguimiento de las conversiones y garantizar la asignaci\u00f3n precisa del cr\u00e9dito al afiliado correspondiente.\" \/>\n<meta property=\"og:url\" content=\"https:\/\/partners.blackbull.com\/es\/support\/support\/api-postbacks\/\" \/>\n<meta property=\"og:site_name\" content=\"BlackBull Partners\" \/>\n<meta property=\"article:modified_time\" content=\"2025-03-24T17:59:11+00:00\" \/>\n<meta property=\"og:image\" content=\"https:\/\/partners.blackbull.com\/wp-content\/uploads\/2023\/05\/What-Are-API-Postbacks.png\" \/>\n\t<meta property=\"og:image:width\" content=\"538\" \/>\n\t<meta property=\"og:image:height\" content=\"606\" \/>\n\t<meta property=\"og:image:type\" content=\"image\/png\" \/>\n<meta name=\"twitter:card\" content=\"summary_large_image\" \/>\n<meta name=\"twitter:label1\" content=\"Tiempo de lectura\" \/>\n\t<meta name=\"twitter:data1\" content=\"2 minutos\" \/>\n<script type=\"application\/ld+json\" class=\"yoast-schema-graph\">{\"@context\":\"https:\\\/\\\/schema.org\",\"@graph\":[{\"@type\":\"WebPage\",\"@id\":\"https:\\\/\\\/partners.blackbull.com\\\/es\\\/support\\\/support\\\/api-postbacks\\\/\",\"url\":\"https:\\\/\\\/partners.blackbull.com\\\/es\\\/support\\\/support\\\/api-postbacks\\\/\",\"name\":\"Devoluciones API | BlackBull Partners%.\",\"isPartOf\":{\"@id\":\"https:\\\/\\\/partners.blackbull.com\\\/es\\\/#website\"},\"primaryImageOfPage\":{\"@id\":\"https:\\\/\\\/partners.blackbull.com\\\/es\\\/support\\\/support\\\/api-postbacks\\\/#primaryimage\"},\"image\":{\"@id\":\"https:\\\/\\\/partners.blackbull.com\\\/es\\\/support\\\/support\\\/api-postbacks\\\/#primaryimage\"},\"thumbnailUrl\":\"https:\\\/\\\/partners.blackbull.com\\\/wp-content\\\/uploads\\\/2023\\\/05\\\/What-Are-API-Postbacks.png\",\"datePublished\":\"2025-03-24T17:59:08+00:00\",\"dateModified\":\"2025-03-24T17:59:11+00:00\",\"description\":\"API Postbacks cubre el uso de API y pixel postbacks en el marketing de afiliaci\u00f3n. Estas t\u00e9cnicas se utilizan habitualmente para realizar un seguimiento de las conversiones y garantizar la asignaci\u00f3n precisa del cr\u00e9dito al afiliado correspondiente.\",\"breadcrumb\":{\"@id\":\"https:\\\/\\\/partners.blackbull.com\\\/es\\\/support\\\/support\\\/api-postbacks\\\/#breadcrumb\"},\"inLanguage\":\"es\",\"potentialAction\":[{\"@type\":\"ReadAction\",\"target\":[\"https:\\\/\\\/partners.blackbull.com\\\/es\\\/support\\\/support\\\/api-postbacks\\\/\"]}]},{\"@type\":\"ImageObject\",\"inLanguage\":\"es\",\"@id\":\"https:\\\/\\\/partners.blackbull.com\\\/es\\\/support\\\/support\\\/api-postbacks\\\/#primaryimage\",\"url\":\"https:\\\/\\\/partners.blackbull.com\\\/wp-content\\\/uploads\\\/2023\\\/05\\\/What-Are-API-Postbacks.png\",\"contentUrl\":\"https:\\\/\\\/partners.blackbull.com\\\/wp-content\\\/uploads\\\/2023\\\/05\\\/What-Are-API-Postbacks.png\"},{\"@type\":\"BreadcrumbList\",\"@id\":\"https:\\\/\\\/partners.blackbull.com\\\/es\\\/support\\\/support\\\/api-postbacks\\\/#breadcrumb\",\"itemListElement\":[{\"@type\":\"ListItem\",\"position\":1,\"name\":\"Home\",\"item\":\"https:\\\/\\\/partners.blackbull.com\\\/es\\\/home-new\\\/\"},{\"@type\":\"ListItem\",\"position\":2,\"name\":\"Ayuda\",\"item\":\"https:\\\/\\\/partners.blackbull.com\\\/es\\\/ayuda\\\/\"},{\"@type\":\"ListItem\",\"position\":3,\"name\":\"Ayuda\",\"item\":\"https:\\\/\\\/partners.blackbull.com\\\/es\\\/ayuda\\\/ayuda\\\/\"},{\"@type\":\"ListItem\",\"position\":4,\"name\":\"Devoluciones API\"}]},{\"@type\":\"WebSite\",\"@id\":\"https:\\\/\\\/partners.blackbull.com\\\/es\\\/#website\",\"url\":\"https:\\\/\\\/partners.blackbull.com\\\/es\\\/\",\"name\":\"BlackBull Partners\",\"description\":\"BlackBull Affiliates is the partner referral program of BlackBull Markets, a top-tier, award-winning, and multi-regulated forex broker.\",\"publisher\":{\"@id\":\"https:\\\/\\\/partners.blackbull.com\\\/es\\\/#organization\"},\"potentialAction\":[{\"@type\":\"SearchAction\",\"target\":{\"@type\":\"EntryPoint\",\"urlTemplate\":\"https:\\\/\\\/partners.blackbull.com\\\/es\\\/?s={search_term_string}\"},\"query-input\":{\"@type\":\"PropertyValueSpecification\",\"valueRequired\":true,\"valueName\":\"search_term_string\"}}],\"inLanguage\":\"es\"},{\"@type\":\"Organization\",\"@id\":\"https:\\\/\\\/partners.blackbull.com\\\/es\\\/#organization\",\"name\":\"BlackBull Partners\",\"url\":\"https:\\\/\\\/partners.blackbull.com\\\/es\\\/\",\"logo\":{\"@type\":\"ImageObject\",\"inLanguage\":\"es\",\"@id\":\"https:\\\/\\\/partners.blackbull.com\\\/es\\\/#\\\/schema\\\/logo\\\/image\\\/\",\"url\":\"https:\\\/\\\/partners.blackbull.com\\\/wp-content\\\/uploads\\\/2022\\\/03\\\/BBMPartnerslogo_blue.svg\",\"contentUrl\":\"https:\\\/\\\/partners.blackbull.com\\\/wp-content\\\/uploads\\\/2022\\\/03\\\/BBMPartnerslogo_blue.svg\",\"width\":981,\"height\":279,\"caption\":\"BlackBull Partners\"},\"image\":{\"@id\":\"https:\\\/\\\/partners.blackbull.com\\\/es\\\/#\\\/schema\\\/logo\\\/image\\\/\"}}]}<\/script>\n<!-- \/ Yoast SEO plugin. -->","yoast_head_json":{"title":"Devoluciones API | BlackBull Partners%.","description":"API Postbacks cubre el uso de API y pixel postbacks en el marketing de afiliaci\u00f3n. Estas t\u00e9cnicas se utilizan habitualmente para realizar un seguimiento de las conversiones y garantizar la asignaci\u00f3n precisa del cr\u00e9dito al afiliado correspondiente.","robots":{"index":"index","follow":"follow","max-snippet":"max-snippet:-1","max-image-preview":"max-image-preview:large","max-video-preview":"max-video-preview:-1"},"canonical":"https:\/\/partners.blackbull.com\/es\/support\/support\/api-postbacks\/","og_locale":"es_ES","og_type":"article","og_title":"Devoluciones API | BlackBull Partners%.","og_description":"API Postbacks cubre el uso de API y pixel postbacks en el marketing de afiliaci\u00f3n. Estas t\u00e9cnicas se utilizan habitualmente para realizar un seguimiento de las conversiones y garantizar la asignaci\u00f3n precisa del cr\u00e9dito al afiliado correspondiente.","og_url":"https:\/\/partners.blackbull.com\/es\/support\/support\/api-postbacks\/","og_site_name":"BlackBull Partners","article_modified_time":"2025-03-24T17:59:11+00:00","og_image":[{"width":538,"height":606,"url":"https:\/\/partners.blackbull.com\/wp-content\/uploads\/2023\/05\/What-Are-API-Postbacks.png","type":"image\/png"}],"twitter_card":"summary_large_image","twitter_misc":{"Tiempo de lectura":"2 minutos"},"schema":{"@context":"https:\/\/schema.org","@graph":[{"@type":"WebPage","@id":"https:\/\/partners.blackbull.com\/es\/support\/support\/api-postbacks\/","url":"https:\/\/partners.blackbull.com\/es\/support\/support\/api-postbacks\/","name":"Devoluciones API | BlackBull Partners%.","isPartOf":{"@id":"https:\/\/partners.blackbull.com\/es\/#website"},"primaryImageOfPage":{"@id":"https:\/\/partners.blackbull.com\/es\/support\/support\/api-postbacks\/#primaryimage"},"image":{"@id":"https:\/\/partners.blackbull.com\/es\/support\/support\/api-postbacks\/#primaryimage"},"thumbnailUrl":"https:\/\/partners.blackbull.com\/wp-content\/uploads\/2023\/05\/What-Are-API-Postbacks.png","datePublished":"2025-03-24T17:59:08+00:00","dateModified":"2025-03-24T17:59:11+00:00","description":"API Postbacks cubre el uso de API y pixel postbacks en el marketing de afiliaci\u00f3n. Estas t\u00e9cnicas se utilizan habitualmente para realizar un seguimiento de las conversiones y garantizar la asignaci\u00f3n precisa del cr\u00e9dito al afiliado correspondiente.","breadcrumb":{"@id":"https:\/\/partners.blackbull.com\/es\/support\/support\/api-postbacks\/#breadcrumb"},"inLanguage":"es","potentialAction":[{"@type":"ReadAction","target":["https:\/\/partners.blackbull.com\/es\/support\/support\/api-postbacks\/"]}]},{"@type":"ImageObject","inLanguage":"es","@id":"https:\/\/partners.blackbull.com\/es\/support\/support\/api-postbacks\/#primaryimage","url":"https:\/\/partners.blackbull.com\/wp-content\/uploads\/2023\/05\/What-Are-API-Postbacks.png","contentUrl":"https:\/\/partners.blackbull.com\/wp-content\/uploads\/2023\/05\/What-Are-API-Postbacks.png"},{"@type":"BreadcrumbList","@id":"https:\/\/partners.blackbull.com\/es\/support\/support\/api-postbacks\/#breadcrumb","itemListElement":[{"@type":"ListItem","position":1,"name":"Home","item":"https:\/\/partners.blackbull.com\/es\/home-new\/"},{"@type":"ListItem","position":2,"name":"Ayuda","item":"https:\/\/partners.blackbull.com\/es\/ayuda\/"},{"@type":"ListItem","position":3,"name":"Ayuda","item":"https:\/\/partners.blackbull.com\/es\/ayuda\/ayuda\/"},{"@type":"ListItem","position":4,"name":"Devoluciones API"}]},{"@type":"WebSite","@id":"https:\/\/partners.blackbull.com\/es\/#website","url":"https:\/\/partners.blackbull.com\/es\/","name":"BlackBull Partners","description":"BlackBull Affiliates is the partner referral program of BlackBull Markets, a top-tier, award-winning, and multi-regulated forex broker.","publisher":{"@id":"https:\/\/partners.blackbull.com\/es\/#organization"},"potentialAction":[{"@type":"SearchAction","target":{"@type":"EntryPoint","urlTemplate":"https:\/\/partners.blackbull.com\/es\/?s={search_term_string}"},"query-input":{"@type":"PropertyValueSpecification","valueRequired":true,"valueName":"search_term_string"}}],"inLanguage":"es"},{"@type":"Organization","@id":"https:\/\/partners.blackbull.com\/es\/#organization","name":"BlackBull Partners","url":"https:\/\/partners.blackbull.com\/es\/","logo":{"@type":"ImageObject","inLanguage":"es","@id":"https:\/\/partners.blackbull.com\/es\/#\/schema\/logo\/image\/","url":"https:\/\/partners.blackbull.com\/wp-content\/uploads\/2022\/03\/BBMPartnerslogo_blue.svg","contentUrl":"https:\/\/partners.blackbull.com\/wp-content\/uploads\/2022\/03\/BBMPartnerslogo_blue.svg","width":981,"height":279,"caption":"BlackBull Partners"},"image":{"@id":"https:\/\/partners.blackbull.com\/es\/#\/schema\/logo\/image\/"}}]}},"_links":{"self":[{"href":"https:\/\/partners.blackbull.com\/es\/wp-json\/wp\/v2\/pages\/17155","targetHints":{"allow":["GET"]}}],"collection":[{"href":"https:\/\/partners.blackbull.com\/es\/wp-json\/wp\/v2\/pages"}],"about":[{"href":"https:\/\/partners.blackbull.com\/es\/wp-json\/wp\/v2\/types\/page"}],"author":[{"embeddable":true,"href":"https:\/\/partners.blackbull.com\/es\/wp-json\/wp\/v2\/users\/6"}],"replies":[{"embeddable":true,"href":"https:\/\/partners.blackbull.com\/es\/wp-json\/wp\/v2\/comments?post=17155"}],"version-history":[{"count":1,"href":"https:\/\/partners.blackbull.com\/es\/wp-json\/wp\/v2\/pages\/17155\/revisions"}],"predecessor-version":[{"id":17156,"href":"https:\/\/partners.blackbull.com\/es\/wp-json\/wp\/v2\/pages\/17155\/revisions\/17156"}],"up":[{"embeddable":true,"href":"https:\/\/partners.blackbull.com\/es\/wp-json\/wp\/v2\/pages\/17102"}],"wp:attachment":[{"href":"https:\/\/partners.blackbull.com\/es\/wp-json\/wp\/v2\/media?parent=17155"}],"curies":[{"name":"wp","href":"https:\/\/api.w.org\/{rel}","templated":true}]}}