{"id":17168,"date":"2025-03-25T06:59:19","date_gmt":"2025-03-24T17:59:19","guid":{"rendered":"https:\/\/partners.blackbull.com\/ayuda\/recursos\/widgets\/opiniones-de-corredores\/"},"modified":"2025-03-25T06:59:21","modified_gmt":"2025-03-24T17:59:21","slug":"broker-reviews","status":"publish","type":"page","link":"https:\/\/partners.blackbull.com\/es\/support\/resources\/widgets\/broker-reviews\/","title":{"rendered":"Opiniones de corredores"},"content":{"rendered":"\t\t<div data-elementor-type=\"wp-page\" data-elementor-id=\"17168\" class=\"elementor elementor-17168 elementor-4277\" data-elementor-post-type=\"page\">\n\t\t\t\t<div class=\"elementor-element elementor-element-5e3cc0b0 e-flex e-con-boxed e-con e-parent\" data-id=\"5e3cc0b0\" data-element_type=\"container\" data-e-type=\"container\" data-settings=\"{&quot;background_background&quot;:&quot;classic&quot;,&quot;jet_parallax_layout_list&quot;:[]}\">\n\t\t\t\t\t<div class=\"e-con-inner\">\n\t\t\t\t<div class=\"elementor-element elementor-element-9db4218 elementor-widget elementor-widget-breadcrumbs\" data-id=\"9db4218\" data-element_type=\"widget\" data-e-type=\"widget\" data-widget_type=\"breadcrumbs.default\">\n\t\t\t\t\t<p id=\"breadcrumbs\"><span><span><a href=\"https:\/\/partners.blackbull.com\/es\/home-new\/\">Home<\/a><\/span><\/span><\/p>\t\t\t\t<\/div>\n\t\t\t\t\t<\/div>\n\t\t\t\t<\/div>\n\t\t<div class=\"elementor-element elementor-element-41bea407 e-flex e-con-boxed e-con e-parent\" data-id=\"41bea407\" data-element_type=\"container\" data-e-type=\"container\" data-settings=\"{&quot;background_background&quot;:&quot;classic&quot;,&quot;jet_parallax_layout_list&quot;:[]}\">\n\t\t\t\t\t<div class=\"e-con-inner\">\n\t\t<div class=\"elementor-element elementor-element-26f90259 e-con-full e-flex e-con e-child\" data-id=\"26f90259\" data-element_type=\"container\" data-e-type=\"container\" data-settings=\"{&quot;background_background&quot;:&quot;classic&quot;,&quot;jet_parallax_layout_list&quot;:[]}\">\n\t\t\t\t<div class=\"elementor-element elementor-element-16ad6487 elementor-widget__width-initial elementor-widget elementor-widget-heading\" data-id=\"16ad6487\" data-element_type=\"widget\" data-e-type=\"widget\" data-widget_type=\"heading.default\">\n\t\t\t\t\t<h2 class=\"elementor-heading-title elementor-size-default\">BlackBull Partners Rese\u00f1as de Corredores<\/h2>\t\t\t\t<\/div>\n\t\t\t\t<\/div>\n\t\t<div class=\"elementor-element elementor-element-36fbb1be e-con-full e-flex e-con e-child\" data-id=\"36fbb1be\" data-element_type=\"container\" data-e-type=\"container\" data-settings=\"{&quot;jet_parallax_layout_list&quot;:[]}\">\n\t\t\t\t<div class=\"elementor-element elementor-element-a38440f link-text elementor-widget elementor-widget-text-editor\" data-id=\"a38440f\" data-element_type=\"widget\" data-e-type=\"widget\" data-widget_type=\"text-editor.default\">\n\t\t\t\t\t\t\t\t\t<p>Nuestro widget de opiniones de corredores es un tipo de elemento de interfaz de usuario (iFrame) que muestra opiniones y valoraciones de clientes sobre nuestros productos o servicios en BlackBull Markets.<\/p>\n\t\t\t\t\t\t\t\t<\/div>\n\t\t\t\t<\/div>\n\t\t\t\t\t<\/div>\n\t\t\t\t<\/div>\n\t\t<div class=\"elementor-element elementor-element-178703e e-flex e-con-boxed e-con e-parent\" data-id=\"178703e\" data-element_type=\"container\" data-e-type=\"container\" data-settings=\"{&quot;jet_parallax_layout_list&quot;:[]}\">\n\t\t\t\t\t<div class=\"e-con-inner\">\n\t\t<div class=\"elementor-element elementor-element-b27ceec e-flex e-con-boxed e-con e-child\" data-id=\"b27ceec\" data-element_type=\"container\" data-e-type=\"container\" data-settings=\"{&quot;jet_parallax_layout_list&quot;:[]}\">\n\t\t\t\t\t<div class=\"e-con-inner\">\n\t\t<div class=\"elementor-element elementor-element-4de01e1 e-flex e-con-boxed e-con e-child\" data-id=\"4de01e1\" data-element_type=\"container\" data-e-type=\"container\" data-settings=\"{&quot;jet_parallax_layout_list&quot;:[]}\">\n\t\t\t\t\t<div class=\"e-con-inner\">\n\t\t\t\t<div class=\"elementor-element elementor-element-37a7dbe elementor-widget__width-initial elementor-widget elementor-widget-text-editor\" data-id=\"37a7dbe\" data-element_type=\"widget\" data-e-type=\"widget\" data-widget_type=\"text-editor.default\">\n\t\t\t\t\t\t\t\t\t<p>Nuestro widget de opiniones de corredores es un tipo de elemento de interfaz de usuario (iFrame) que muestra opiniones y valoraciones de clientes sobre nuestros productos o servicios en BlackBull Markets.<\/p> \n<p>Nuestros widgets de rese\u00f1as pueden mostrar un resumen de las valoraciones de los clientes, como la valoraci\u00f3n media y el n\u00famero de rese\u00f1as, as\u00ed como una selecci\u00f3n de comentarios o testimonios de los clientes. Esto aumenta la confianza de los clientes y proporciona informaci\u00f3n valiosa a las personas que est\u00e1n considerando contratar una cuenta, y a menudo se utilizan como herramienta de marketing, con una tasa de clics superior a la media. <\/p>\t\t\t\t\t\t\t\t<\/div>\n\t\t\t\t<div class=\"elementor-element elementor-element-3cc0742 elementor-widget__width-initial elementor-widget elementor-widget-image\" data-id=\"3cc0742\" data-element_type=\"widget\" data-e-type=\"widget\" data-widget_type=\"image.default\">\n\t\t\t\t\t\t\t\t\t\t\t\t\t\t\t<img fetchpriority=\"high\" decoding=\"async\" width=\"445\" height=\"350\" src=\"https:\/\/partners.blackbull.com\/wp-content\/uploads\/2023\/07\/broker.jpg\" class=\"attachment-full size-full wp-image-13057\" alt=\"\" srcset=\"https:\/\/partners.blackbull.com\/wp-content\/uploads\/2023\/07\/broker.jpg 445w, https:\/\/partners.blackbull.com\/wp-content\/uploads\/2023\/07\/broker-300x236.jpg 300w\" sizes=\"(max-width: 445px) 100vw, 445px\" \/>\t\t\t\t\t\t\t\t\t\t\t\t\t\t\t<\/div>\n\t\t\t\t\t<\/div>\n\t\t\t\t<\/div>\n\t\t\t\t<div class=\"elementor-element elementor-element-2eebe95 elementor-widget elementor-widget-text-editor\" data-id=\"2eebe95\" data-element_type=\"widget\" data-e-type=\"widget\" data-widget_type=\"text-editor.default\">\n\t\t\t\t\t\t\t\t\t<p>Existen diversas variantes que muestran una serie de detalles informativos a tus usuarios. Este widget est\u00e1 dise\u00f1ado para ahorrarte tiempo y hacer que el proceso de preparar informaci\u00f3n fiable sobre tu corredor sea fluido. A medida que BlackBull Markets siga creciendo, podemos cambiar detalles clave como el n\u00famero de activos negociables o las opciones de financiaci\u00f3n disponibles. Utilizando nuestro widget de revisi\u00f3n de corredores, puedes asegurarte de que tu sitio web estar\u00e1 siempre actualizado.   <\/p> <p>Aqu\u00ed tienes un ejemplo de rese\u00f1a que hemos preparado por si quieres escribir la tuya.<\/p>\n\t\t\t\t\t\t\t\t<\/div>\n\t\t\t\t\t<\/div>\n\t\t\t\t<\/div>\n\t\t\t\t\t<\/div>\n\t\t\t\t<\/div>\n\t\t\t\t<\/div>\n\t\t","protected":false},"excerpt":{"rendered":"<p>BlackBull Partners Rese\u00f1as de Corredores Nuestro widget de opiniones de corredores es un tipo de elemento de interfaz de usuario (iFrame) que muestra opiniones y valoraciones de clientes sobre nuestros productos o servicios en BlackBull Markets. Nuestro widget de opiniones de corredores es un tipo de elemento de interfaz de usuario (iFrame) que muestra opiniones [&hellip;]<\/p>\n","protected":false},"author":6,"featured_media":0,"parent":17166,"menu_order":0,"comment_status":"closed","ping_status":"closed","template":"elementor_header_footer","meta":{"inline_featured_image":false,"footnotes":""},"class_list":["post-17168","page","type-page","status-publish","hentry"],"yoast_head":"<!-- This site is optimized with the Yoast SEO plugin v27.3 - https:\/\/yoast.com\/product\/yoast-seo-wordpress\/ -->\n<title>Opiniones de corredores | BlackBull Partners%.<\/title>\n<meta name=\"description\" content=\"Nuestro widget de opini\u00f3n del corredor es un tipo de elemento de la interfaz de usuario que muestra las opiniones y valoraciones de los clientes sobre nuestros productos o servicios en BBM.\" \/>\n<meta name=\"robots\" content=\"index, follow, max-snippet:-1, max-image-preview:large, max-video-preview:-1\" \/>\n<link rel=\"canonical\" href=\"https:\/\/partners.blackbull.com\/es\/support\/resources\/widgets\/broker-reviews\/\" \/>\n<meta property=\"og:locale\" content=\"es_ES\" \/>\n<meta property=\"og:type\" content=\"article\" \/>\n<meta property=\"og:title\" content=\"Opiniones de corredores | BlackBull Partners%.\" \/>\n<meta property=\"og:description\" content=\"Nuestro widget de opini\u00f3n del corredor es un tipo de elemento de la interfaz de usuario que muestra las opiniones y valoraciones de los clientes sobre nuestros productos o servicios en BBM.\" \/>\n<meta property=\"og:url\" content=\"https:\/\/partners.blackbull.com\/es\/support\/resources\/widgets\/broker-reviews\/\" \/>\n<meta property=\"og:site_name\" content=\"BlackBull Partners\" \/>\n<meta property=\"article:modified_time\" content=\"2025-03-24T17:59:21+00:00\" \/>\n<meta property=\"og:image\" content=\"https:\/\/partners.blackbull.com\/wp-content\/uploads\/2023\/07\/broker.jpg\" \/>\n\t<meta property=\"og:image:width\" content=\"445\" \/>\n\t<meta property=\"og:image:height\" content=\"350\" \/>\n\t<meta property=\"og:image:type\" content=\"image\/jpeg\" \/>\n<meta name=\"twitter:card\" content=\"summary_large_image\" \/>\n<meta name=\"twitter:label1\" content=\"Tiempo de lectura\" \/>\n\t<meta name=\"twitter:data1\" content=\"1 minuto\" \/>\n<script type=\"application\/ld+json\" class=\"yoast-schema-graph\">{\"@context\":\"https:\\\/\\\/schema.org\",\"@graph\":[{\"@type\":\"WebPage\",\"@id\":\"https:\\\/\\\/partners.blackbull.com\\\/es\\\/support\\\/resources\\\/widgets\\\/broker-reviews\\\/\",\"url\":\"https:\\\/\\\/partners.blackbull.com\\\/es\\\/support\\\/resources\\\/widgets\\\/broker-reviews\\\/\",\"name\":\"Opiniones de corredores | BlackBull Partners%.\",\"isPartOf\":{\"@id\":\"https:\\\/\\\/partners.blackbull.com\\\/es\\\/#website\"},\"primaryImageOfPage\":{\"@id\":\"https:\\\/\\\/partners.blackbull.com\\\/es\\\/support\\\/resources\\\/widgets\\\/broker-reviews\\\/#primaryimage\"},\"image\":{\"@id\":\"https:\\\/\\\/partners.blackbull.com\\\/es\\\/support\\\/resources\\\/widgets\\\/broker-reviews\\\/#primaryimage\"},\"thumbnailUrl\":\"https:\\\/\\\/partners.blackbull.com\\\/wp-content\\\/uploads\\\/2023\\\/07\\\/broker.jpg\",\"datePublished\":\"2025-03-24T17:59:19+00:00\",\"dateModified\":\"2025-03-24T17:59:21+00:00\",\"description\":\"Nuestro widget de opini\u00f3n del corredor es un tipo de elemento de la interfaz de usuario que muestra las opiniones y valoraciones de los clientes sobre nuestros productos o servicios en BBM.\",\"breadcrumb\":{\"@id\":\"https:\\\/\\\/partners.blackbull.com\\\/es\\\/support\\\/resources\\\/widgets\\\/broker-reviews\\\/#breadcrumb\"},\"inLanguage\":\"es\",\"potentialAction\":[{\"@type\":\"ReadAction\",\"target\":[\"https:\\\/\\\/partners.blackbull.com\\\/es\\\/support\\\/resources\\\/widgets\\\/broker-reviews\\\/\"]}]},{\"@type\":\"ImageObject\",\"inLanguage\":\"es\",\"@id\":\"https:\\\/\\\/partners.blackbull.com\\\/es\\\/support\\\/resources\\\/widgets\\\/broker-reviews\\\/#primaryimage\",\"url\":\"https:\\\/\\\/partners.blackbull.com\\\/wp-content\\\/uploads\\\/2023\\\/07\\\/broker.jpg\",\"contentUrl\":\"https:\\\/\\\/partners.blackbull.com\\\/wp-content\\\/uploads\\\/2023\\\/07\\\/broker.jpg\"},{\"@type\":\"BreadcrumbList\",\"@id\":\"https:\\\/\\\/partners.blackbull.com\\\/es\\\/support\\\/resources\\\/widgets\\\/broker-reviews\\\/#breadcrumb\",\"itemListElement\":[{\"@type\":\"ListItem\",\"position\":1,\"name\":\"Home\",\"item\":\"https:\\\/\\\/partners.blackbull.com\\\/es\\\/home-new\\\/\"},{\"@type\":\"ListItem\",\"position\":2,\"name\":\"Ayuda\",\"item\":\"https:\\\/\\\/partners.blackbull.com\\\/es\\\/ayuda\\\/\"},{\"@type\":\"ListItem\",\"position\":3,\"name\":\"Recursos\",\"item\":\"https:\\\/\\\/partners.blackbull.com\\\/es\\\/ayuda\\\/recursos\\\/\"},{\"@type\":\"ListItem\",\"position\":4,\"name\":\"Widgets\",\"item\":\"https:\\\/\\\/partners.blackbull.com\\\/es\\\/ayuda\\\/recursos\\\/widgets\\\/\"},{\"@type\":\"ListItem\",\"position\":5,\"name\":\"Opiniones de corredores\"}]},{\"@type\":\"WebSite\",\"@id\":\"https:\\\/\\\/partners.blackbull.com\\\/es\\\/#website\",\"url\":\"https:\\\/\\\/partners.blackbull.com\\\/es\\\/\",\"name\":\"BlackBull Partners\",\"description\":\"BlackBull Affiliates is the partner referral program of BlackBull Markets, a top-tier, award-winning, and multi-regulated forex broker.\",\"publisher\":{\"@id\":\"https:\\\/\\\/partners.blackbull.com\\\/es\\\/#organization\"},\"potentialAction\":[{\"@type\":\"SearchAction\",\"target\":{\"@type\":\"EntryPoint\",\"urlTemplate\":\"https:\\\/\\\/partners.blackbull.com\\\/es\\\/?s={search_term_string}\"},\"query-input\":{\"@type\":\"PropertyValueSpecification\",\"valueRequired\":true,\"valueName\":\"search_term_string\"}}],\"inLanguage\":\"es\"},{\"@type\":\"Organization\",\"@id\":\"https:\\\/\\\/partners.blackbull.com\\\/es\\\/#organization\",\"name\":\"BlackBull Partners\",\"url\":\"https:\\\/\\\/partners.blackbull.com\\\/es\\\/\",\"logo\":{\"@type\":\"ImageObject\",\"inLanguage\":\"es\",\"@id\":\"https:\\\/\\\/partners.blackbull.com\\\/es\\\/#\\\/schema\\\/logo\\\/image\\\/\",\"url\":\"https:\\\/\\\/partners.blackbull.com\\\/wp-content\\\/uploads\\\/2022\\\/03\\\/BBMPartnerslogo_blue.svg\",\"contentUrl\":\"https:\\\/\\\/partners.blackbull.com\\\/wp-content\\\/uploads\\\/2022\\\/03\\\/BBMPartnerslogo_blue.svg\",\"width\":981,\"height\":279,\"caption\":\"BlackBull Partners\"},\"image\":{\"@id\":\"https:\\\/\\\/partners.blackbull.com\\\/es\\\/#\\\/schema\\\/logo\\\/image\\\/\"}}]}<\/script>\n<!-- \/ Yoast SEO plugin. -->","yoast_head_json":{"title":"Opiniones de corredores | BlackBull Partners%.","description":"Nuestro widget de opini\u00f3n del corredor es un tipo de elemento de la interfaz de usuario que muestra las opiniones y valoraciones de los clientes sobre nuestros productos o servicios en BBM.","robots":{"index":"index","follow":"follow","max-snippet":"max-snippet:-1","max-image-preview":"max-image-preview:large","max-video-preview":"max-video-preview:-1"},"canonical":"https:\/\/partners.blackbull.com\/es\/support\/resources\/widgets\/broker-reviews\/","og_locale":"es_ES","og_type":"article","og_title":"Opiniones de corredores | BlackBull Partners%.","og_description":"Nuestro widget de opini\u00f3n del corredor es un tipo de elemento de la interfaz de usuario que muestra las opiniones y valoraciones de los clientes sobre nuestros productos o servicios en BBM.","og_url":"https:\/\/partners.blackbull.com\/es\/support\/resources\/widgets\/broker-reviews\/","og_site_name":"BlackBull Partners","article_modified_time":"2025-03-24T17:59:21+00:00","og_image":[{"width":445,"height":350,"url":"https:\/\/partners.blackbull.com\/wp-content\/uploads\/2023\/07\/broker.jpg","type":"image\/jpeg"}],"twitter_card":"summary_large_image","twitter_misc":{"Tiempo de lectura":"1 minuto"},"schema":{"@context":"https:\/\/schema.org","@graph":[{"@type":"WebPage","@id":"https:\/\/partners.blackbull.com\/es\/support\/resources\/widgets\/broker-reviews\/","url":"https:\/\/partners.blackbull.com\/es\/support\/resources\/widgets\/broker-reviews\/","name":"Opiniones de corredores | BlackBull Partners%.","isPartOf":{"@id":"https:\/\/partners.blackbull.com\/es\/#website"},"primaryImageOfPage":{"@id":"https:\/\/partners.blackbull.com\/es\/support\/resources\/widgets\/broker-reviews\/#primaryimage"},"image":{"@id":"https:\/\/partners.blackbull.com\/es\/support\/resources\/widgets\/broker-reviews\/#primaryimage"},"thumbnailUrl":"https:\/\/partners.blackbull.com\/wp-content\/uploads\/2023\/07\/broker.jpg","datePublished":"2025-03-24T17:59:19+00:00","dateModified":"2025-03-24T17:59:21+00:00","description":"Nuestro widget de opini\u00f3n del corredor es un tipo de elemento de la interfaz de usuario que muestra las opiniones y valoraciones de los clientes sobre nuestros productos o servicios en BBM.","breadcrumb":{"@id":"https:\/\/partners.blackbull.com\/es\/support\/resources\/widgets\/broker-reviews\/#breadcrumb"},"inLanguage":"es","potentialAction":[{"@type":"ReadAction","target":["https:\/\/partners.blackbull.com\/es\/support\/resources\/widgets\/broker-reviews\/"]}]},{"@type":"ImageObject","inLanguage":"es","@id":"https:\/\/partners.blackbull.com\/es\/support\/resources\/widgets\/broker-reviews\/#primaryimage","url":"https:\/\/partners.blackbull.com\/wp-content\/uploads\/2023\/07\/broker.jpg","contentUrl":"https:\/\/partners.blackbull.com\/wp-content\/uploads\/2023\/07\/broker.jpg"},{"@type":"BreadcrumbList","@id":"https:\/\/partners.blackbull.com\/es\/support\/resources\/widgets\/broker-reviews\/#breadcrumb","itemListElement":[{"@type":"ListItem","position":1,"name":"Home","item":"https:\/\/partners.blackbull.com\/es\/home-new\/"},{"@type":"ListItem","position":2,"name":"Ayuda","item":"https:\/\/partners.blackbull.com\/es\/ayuda\/"},{"@type":"ListItem","position":3,"name":"Recursos","item":"https:\/\/partners.blackbull.com\/es\/ayuda\/recursos\/"},{"@type":"ListItem","position":4,"name":"Widgets","item":"https:\/\/partners.blackbull.com\/es\/ayuda\/recursos\/widgets\/"},{"@type":"ListItem","position":5,"name":"Opiniones de corredores"}]},{"@type":"WebSite","@id":"https:\/\/partners.blackbull.com\/es\/#website","url":"https:\/\/partners.blackbull.com\/es\/","name":"BlackBull Partners","description":"BlackBull Affiliates is the partner referral program of BlackBull Markets, a top-tier, award-winning, and multi-regulated forex broker.","publisher":{"@id":"https:\/\/partners.blackbull.com\/es\/#organization"},"potentialAction":[{"@type":"SearchAction","target":{"@type":"EntryPoint","urlTemplate":"https:\/\/partners.blackbull.com\/es\/?s={search_term_string}"},"query-input":{"@type":"PropertyValueSpecification","valueRequired":true,"valueName":"search_term_string"}}],"inLanguage":"es"},{"@type":"Organization","@id":"https:\/\/partners.blackbull.com\/es\/#organization","name":"BlackBull Partners","url":"https:\/\/partners.blackbull.com\/es\/","logo":{"@type":"ImageObject","inLanguage":"es","@id":"https:\/\/partners.blackbull.com\/es\/#\/schema\/logo\/image\/","url":"https:\/\/partners.blackbull.com\/wp-content\/uploads\/2022\/03\/BBMPartnerslogo_blue.svg","contentUrl":"https:\/\/partners.blackbull.com\/wp-content\/uploads\/2022\/03\/BBMPartnerslogo_blue.svg","width":981,"height":279,"caption":"BlackBull Partners"},"image":{"@id":"https:\/\/partners.blackbull.com\/es\/#\/schema\/logo\/image\/"}}]}},"_links":{"self":[{"href":"https:\/\/partners.blackbull.com\/es\/wp-json\/wp\/v2\/pages\/17168","targetHints":{"allow":["GET"]}}],"collection":[{"href":"https:\/\/partners.blackbull.com\/es\/wp-json\/wp\/v2\/pages"}],"about":[{"href":"https:\/\/partners.blackbull.com\/es\/wp-json\/wp\/v2\/types\/page"}],"author":[{"embeddable":true,"href":"https:\/\/partners.blackbull.com\/es\/wp-json\/wp\/v2\/users\/6"}],"replies":[{"embeddable":true,"href":"https:\/\/partners.blackbull.com\/es\/wp-json\/wp\/v2\/comments?post=17168"}],"version-history":[{"count":1,"href":"https:\/\/partners.blackbull.com\/es\/wp-json\/wp\/v2\/pages\/17168\/revisions"}],"predecessor-version":[{"id":17169,"href":"https:\/\/partners.blackbull.com\/es\/wp-json\/wp\/v2\/pages\/17168\/revisions\/17169"}],"up":[{"embeddable":true,"href":"https:\/\/partners.blackbull.com\/es\/wp-json\/wp\/v2\/pages\/17166"}],"wp:attachment":[{"href":"https:\/\/partners.blackbull.com\/es\/wp-json\/wp\/v2\/media?parent=17168"}],"curies":[{"name":"wp","href":"https:\/\/api.w.org\/{rel}","templated":true}]}}