{"id":17170,"date":"2025-03-25T06:59:20","date_gmt":"2025-03-24T17:59:20","guid":{"rendered":"https:\/\/partners.blackbull.com\/ayuda\/recursos\/widgets\/llamada-a-la-accion\/"},"modified":"2025-03-25T06:59:21","modified_gmt":"2025-03-24T17:59:21","slug":"call-to-actions","status":"publish","type":"page","link":"https:\/\/partners.blackbull.com\/es\/support\/resources\/widgets\/call-to-actions\/","title":{"rendered":"Llamada a la acci\u00f3n"},"content":{"rendered":"\t\t<div data-elementor-type=\"wp-page\" data-elementor-id=\"17170\" class=\"elementor elementor-17170 elementor-4279\" data-elementor-post-type=\"page\">\n\t\t\t\t<div class=\"elementor-element elementor-element-2be24a4 e-flex e-con-boxed e-con e-parent\" data-id=\"2be24a4\" data-element_type=\"container\" data-e-type=\"container\" data-settings=\"{&quot;background_background&quot;:&quot;classic&quot;,&quot;jet_parallax_layout_list&quot;:[]}\">\n\t\t\t\t\t<div class=\"e-con-inner\">\n\t\t\t\t<div class=\"elementor-element elementor-element-22923da1 elementor-widget elementor-widget-breadcrumbs\" data-id=\"22923da1\" data-element_type=\"widget\" data-e-type=\"widget\" data-widget_type=\"breadcrumbs.default\">\n\t\t\t\t\t<p id=\"breadcrumbs\"><span><span><a href=\"https:\/\/partners.blackbull.com\/es\/home-new\/\">Home<\/a><\/span><\/span><\/p>\t\t\t\t<\/div>\n\t\t\t\t\t<\/div>\n\t\t\t\t<\/div>\n\t\t<div class=\"elementor-element elementor-element-514f8371 e-flex e-con-boxed e-con e-parent\" data-id=\"514f8371\" data-element_type=\"container\" data-e-type=\"container\" data-settings=\"{&quot;background_background&quot;:&quot;classic&quot;,&quot;jet_parallax_layout_list&quot;:[]}\">\n\t\t\t\t\t<div class=\"e-con-inner\">\n\t\t<div class=\"elementor-element elementor-element-3d0795e1 e-con-full e-flex e-con e-child\" data-id=\"3d0795e1\" data-element_type=\"container\" data-e-type=\"container\" data-settings=\"{&quot;background_background&quot;:&quot;classic&quot;,&quot;jet_parallax_layout_list&quot;:[]}\">\n\t\t\t\t<div class=\"elementor-element elementor-element-2a01f846 elementor-widget__width-initial elementor-widget elementor-widget-heading\" data-id=\"2a01f846\" data-element_type=\"widget\" data-e-type=\"widget\" data-widget_type=\"heading.default\">\n\t\t\t\t\t<h2 class=\"elementor-heading-title elementor-size-default\">Llamada a la acci\u00f3n de los socios de BlackBull<\/h2>\t\t\t\t<\/div>\n\t\t\t\t<\/div>\n\t\t<div class=\"elementor-element elementor-element-455d06fa e-con-full e-flex e-con e-child\" data-id=\"455d06fa\" data-element_type=\"container\" data-e-type=\"container\" data-settings=\"{&quot;jet_parallax_layout_list&quot;:[]}\">\n\t\t\t\t<div class=\"elementor-element elementor-element-58d8df7e link-text elementor-widget elementor-widget-text-editor\" data-id=\"58d8df7e\" data-element_type=\"widget\" data-e-type=\"widget\" data-widget_type=\"text-editor.default\">\n\t\t\t\t\t\t\t\t\t<p>Una llamada a la acci\u00f3n (CTA) es una indicaci\u00f3n o instrucci\u00f3n a un p\u00fablico dise\u00f1ada para provocar una respuesta inmediata, como suscribirse a un servicio, realizar una compra o descargar un contenido.<\/p>\n\t\t\t\t\t\t\t\t<\/div>\n\t\t\t\t<\/div>\n\t\t\t\t\t<\/div>\n\t\t\t\t<\/div>\n\t\t<div class=\"elementor-element elementor-element-a08f7f4 e-flex e-con-boxed e-con e-parent\" data-id=\"a08f7f4\" data-element_type=\"container\" data-e-type=\"container\" data-settings=\"{&quot;jet_parallax_layout_list&quot;:[]}\">\n\t\t\t\t\t<div class=\"e-con-inner\">\n\t\t<div class=\"elementor-element elementor-element-e45ca4d e-flex e-con-boxed e-con e-child\" data-id=\"e45ca4d\" data-element_type=\"container\" data-e-type=\"container\" data-settings=\"{&quot;jet_parallax_layout_list&quot;:[]}\">\n\t\t\t\t\t<div class=\"e-con-inner\">\n\t\t\t\t<div class=\"elementor-element elementor-element-e7248ce elementor-widget elementor-widget-text-editor\" data-id=\"e7248ce\" data-element_type=\"widget\" data-e-type=\"widget\" data-widget_type=\"text-editor.default\">\n\t\t\t\t\t\t\t\t\t<p>Es un aspecto importante del marketing y del dise\u00f1o de la experiencia del usuario, que se utiliza para guiar a los usuarios hacia la realizaci\u00f3n de una acci\u00f3n espec\u00edfica. Una CTA puede presentarse de varias formas, como botones, enlaces o declaraciones, y puede aparecer en un sitio web, correo electr\u00f3nico o anuncio. El objetivo de una CTA es convertir a los clientes potenciales en clientes reales gui\u00e1ndoles a trav\u00e9s del proceso de conversi\u00f3n.  <\/p>\n\t\t\t\t\t\t\t\t<\/div>\n\t\t\t\t<div class=\"elementor-element elementor-element-8130f55 elementor-widget elementor-widget-image\" data-id=\"8130f55\" data-element_type=\"widget\" data-e-type=\"widget\" data-widget_type=\"image.default\">\n\t\t\t\t\t\t\t\t\t\t\t\t\t\t\t<img fetchpriority=\"high\" decoding=\"async\" width=\"1096\" height=\"360\" src=\"https:\/\/partners.blackbull.com\/wp-content\/uploads\/2023\/07\/cal-to-action.jpg\" class=\"attachment-full size-full wp-image-12989\" alt=\"Call To Action\" srcset=\"https:\/\/partners.blackbull.com\/wp-content\/uploads\/2023\/07\/cal-to-action.jpg 1096w, https:\/\/partners.blackbull.com\/wp-content\/uploads\/2023\/07\/cal-to-action-300x99.jpg 300w, https:\/\/partners.blackbull.com\/wp-content\/uploads\/2023\/07\/cal-to-action-1024x336.jpg 1024w, https:\/\/partners.blackbull.com\/wp-content\/uploads\/2023\/07\/cal-to-action-768x252.jpg 768w\" sizes=\"(max-width: 1096px) 100vw, 1096px\" \/>\t\t\t\t\t\t\t\t\t\t\t\t\t\t\t<\/div>\n\t\t\t\t<div class=\"elementor-element elementor-element-98b9c2b elementor-widget elementor-widget-text-editor\" data-id=\"98b9c2b\" data-element_type=\"widget\" data-e-type=\"widget\" data-widget_type=\"text-editor.default\">\n\t\t\t\t\t\t\t\t\t<p>Se trata de una parte importante del proceso de incorporaci\u00f3n de nuevos clientes a nuestra marca. Las CTA se actualizan peri\u00f3dicamente en funci\u00f3n de los movimientos m\u00e1s recientes del mercado, la oferta de productos en BlackBull Marketsy la demanda cambiante de los clientes. Si quieres incluir las CTA en tu marketing mix, ponte en contacto con el equipo de BlackBull Partners hoy mismo.  <\/p>\n\t\t\t\t\t\t\t\t<\/div>\n\t\t\t\t\t<\/div>\n\t\t\t\t<\/div>\n\t\t\t\t\t<\/div>\n\t\t\t\t<\/div>\n\t\t\t\t<\/div>\n\t\t","protected":false},"excerpt":{"rendered":"<p>Llamada a la acci\u00f3n de los socios de BlackBull Una llamada a la acci\u00f3n (CTA) es una indicaci\u00f3n o instrucci\u00f3n a un p\u00fablico dise\u00f1ada para provocar una respuesta inmediata, como suscribirse a un servicio, realizar una compra o descargar un contenido. Es un aspecto importante del marketing y del dise\u00f1o de la experiencia del usuario, [&hellip;]<\/p>\n","protected":false},"author":6,"featured_media":0,"parent":17166,"menu_order":1,"comment_status":"closed","ping_status":"closed","template":"elementor_header_footer","meta":{"inline_featured_image":false,"footnotes":""},"class_list":["post-17170","page","type-page","status-publish","hentry"],"yoast_head":"<!-- This site is optimized with the Yoast SEO plugin v27.3 - https:\/\/yoast.com\/product\/yoast-seo-wordpress\/ -->\n<title>Llamada a la acci\u00f3n | BlackBull Partners%.<\/title>\n<meta name=\"description\" content=\"Una llamada a la acci\u00f3n (CTA) es una indicaci\u00f3n o instrucci\u00f3n a un p\u00fablico dise\u00f1ada para provocar una respuesta inmediata.\" \/>\n<meta name=\"robots\" content=\"index, follow, max-snippet:-1, max-image-preview:large, max-video-preview:-1\" \/>\n<link rel=\"canonical\" href=\"https:\/\/partners.blackbull.com\/es\/support\/resources\/widgets\/call-to-actions\/\" \/>\n<meta property=\"og:locale\" content=\"es_ES\" \/>\n<meta property=\"og:type\" content=\"article\" \/>\n<meta property=\"og:title\" content=\"Llamada a la acci\u00f3n | BlackBull Partners%.\" \/>\n<meta property=\"og:description\" content=\"Una llamada a la acci\u00f3n (CTA) es una indicaci\u00f3n o instrucci\u00f3n a un p\u00fablico dise\u00f1ada para provocar una respuesta inmediata.\" \/>\n<meta property=\"og:url\" content=\"https:\/\/partners.blackbull.com\/es\/support\/resources\/widgets\/call-to-actions\/\" \/>\n<meta property=\"og:site_name\" content=\"BlackBull Partners\" \/>\n<meta property=\"article:modified_time\" content=\"2025-03-24T17:59:21+00:00\" \/>\n<meta property=\"og:image\" content=\"https:\/\/partners.blackbull.com\/wp-content\/uploads\/2023\/07\/cal-to-action.jpg\" \/>\n\t<meta property=\"og:image:width\" content=\"1096\" \/>\n\t<meta property=\"og:image:height\" content=\"360\" \/>\n\t<meta property=\"og:image:type\" content=\"image\/jpeg\" \/>\n<meta name=\"twitter:card\" content=\"summary_large_image\" \/>\n<meta name=\"twitter:label1\" content=\"Tiempo de lectura\" \/>\n\t<meta name=\"twitter:data1\" content=\"1 minuto\" \/>\n<script type=\"application\/ld+json\" class=\"yoast-schema-graph\">{\"@context\":\"https:\\\/\\\/schema.org\",\"@graph\":[{\"@type\":\"WebPage\",\"@id\":\"https:\\\/\\\/partners.blackbull.com\\\/es\\\/support\\\/resources\\\/widgets\\\/call-to-actions\\\/\",\"url\":\"https:\\\/\\\/partners.blackbull.com\\\/es\\\/support\\\/resources\\\/widgets\\\/call-to-actions\\\/\",\"name\":\"Llamada a la acci\u00f3n | BlackBull Partners%.\",\"isPartOf\":{\"@id\":\"https:\\\/\\\/partners.blackbull.com\\\/es\\\/#website\"},\"primaryImageOfPage\":{\"@id\":\"https:\\\/\\\/partners.blackbull.com\\\/es\\\/support\\\/resources\\\/widgets\\\/call-to-actions\\\/#primaryimage\"},\"image\":{\"@id\":\"https:\\\/\\\/partners.blackbull.com\\\/es\\\/support\\\/resources\\\/widgets\\\/call-to-actions\\\/#primaryimage\"},\"thumbnailUrl\":\"https:\\\/\\\/partners.blackbull.com\\\/wp-content\\\/uploads\\\/2023\\\/07\\\/cal-to-action.jpg\",\"datePublished\":\"2025-03-24T17:59:20+00:00\",\"dateModified\":\"2025-03-24T17:59:21+00:00\",\"description\":\"Una llamada a la acci\u00f3n (CTA) es una indicaci\u00f3n o instrucci\u00f3n a un p\u00fablico dise\u00f1ada para provocar una respuesta inmediata.\",\"breadcrumb\":{\"@id\":\"https:\\\/\\\/partners.blackbull.com\\\/es\\\/support\\\/resources\\\/widgets\\\/call-to-actions\\\/#breadcrumb\"},\"inLanguage\":\"es\",\"potentialAction\":[{\"@type\":\"ReadAction\",\"target\":[\"https:\\\/\\\/partners.blackbull.com\\\/es\\\/support\\\/resources\\\/widgets\\\/call-to-actions\\\/\"]}]},{\"@type\":\"ImageObject\",\"inLanguage\":\"es\",\"@id\":\"https:\\\/\\\/partners.blackbull.com\\\/es\\\/support\\\/resources\\\/widgets\\\/call-to-actions\\\/#primaryimage\",\"url\":\"https:\\\/\\\/partners.blackbull.com\\\/wp-content\\\/uploads\\\/2023\\\/07\\\/cal-to-action.jpg\",\"contentUrl\":\"https:\\\/\\\/partners.blackbull.com\\\/wp-content\\\/uploads\\\/2023\\\/07\\\/cal-to-action.jpg\"},{\"@type\":\"BreadcrumbList\",\"@id\":\"https:\\\/\\\/partners.blackbull.com\\\/es\\\/support\\\/resources\\\/widgets\\\/call-to-actions\\\/#breadcrumb\",\"itemListElement\":[{\"@type\":\"ListItem\",\"position\":1,\"name\":\"Home\",\"item\":\"https:\\\/\\\/partners.blackbull.com\\\/es\\\/home-new\\\/\"},{\"@type\":\"ListItem\",\"position\":2,\"name\":\"Ayuda\",\"item\":\"https:\\\/\\\/partners.blackbull.com\\\/es\\\/ayuda\\\/\"},{\"@type\":\"ListItem\",\"position\":3,\"name\":\"Recursos\",\"item\":\"https:\\\/\\\/partners.blackbull.com\\\/es\\\/ayuda\\\/recursos\\\/\"},{\"@type\":\"ListItem\",\"position\":4,\"name\":\"Widgets\",\"item\":\"https:\\\/\\\/partners.blackbull.com\\\/es\\\/ayuda\\\/recursos\\\/widgets\\\/\"},{\"@type\":\"ListItem\",\"position\":5,\"name\":\"Llamada a la acci\u00f3n\"}]},{\"@type\":\"WebSite\",\"@id\":\"https:\\\/\\\/partners.blackbull.com\\\/es\\\/#website\",\"url\":\"https:\\\/\\\/partners.blackbull.com\\\/es\\\/\",\"name\":\"BlackBull Partners\",\"description\":\"BlackBull Affiliates is the partner referral program of BlackBull Markets, a top-tier, award-winning, and multi-regulated forex broker.\",\"publisher\":{\"@id\":\"https:\\\/\\\/partners.blackbull.com\\\/es\\\/#organization\"},\"potentialAction\":[{\"@type\":\"SearchAction\",\"target\":{\"@type\":\"EntryPoint\",\"urlTemplate\":\"https:\\\/\\\/partners.blackbull.com\\\/es\\\/?s={search_term_string}\"},\"query-input\":{\"@type\":\"PropertyValueSpecification\",\"valueRequired\":true,\"valueName\":\"search_term_string\"}}],\"inLanguage\":\"es\"},{\"@type\":\"Organization\",\"@id\":\"https:\\\/\\\/partners.blackbull.com\\\/es\\\/#organization\",\"name\":\"BlackBull Partners\",\"url\":\"https:\\\/\\\/partners.blackbull.com\\\/es\\\/\",\"logo\":{\"@type\":\"ImageObject\",\"inLanguage\":\"es\",\"@id\":\"https:\\\/\\\/partners.blackbull.com\\\/es\\\/#\\\/schema\\\/logo\\\/image\\\/\",\"url\":\"https:\\\/\\\/partners.blackbull.com\\\/wp-content\\\/uploads\\\/2022\\\/03\\\/BBMPartnerslogo_blue.svg\",\"contentUrl\":\"https:\\\/\\\/partners.blackbull.com\\\/wp-content\\\/uploads\\\/2022\\\/03\\\/BBMPartnerslogo_blue.svg\",\"width\":981,\"height\":279,\"caption\":\"BlackBull Partners\"},\"image\":{\"@id\":\"https:\\\/\\\/partners.blackbull.com\\\/es\\\/#\\\/schema\\\/logo\\\/image\\\/\"}}]}<\/script>\n<!-- \/ Yoast SEO plugin. -->","yoast_head_json":{"title":"Llamada a la acci\u00f3n | BlackBull Partners%.","description":"Una llamada a la acci\u00f3n (CTA) es una indicaci\u00f3n o instrucci\u00f3n a un p\u00fablico dise\u00f1ada para provocar una respuesta inmediata.","robots":{"index":"index","follow":"follow","max-snippet":"max-snippet:-1","max-image-preview":"max-image-preview:large","max-video-preview":"max-video-preview:-1"},"canonical":"https:\/\/partners.blackbull.com\/es\/support\/resources\/widgets\/call-to-actions\/","og_locale":"es_ES","og_type":"article","og_title":"Llamada a la acci\u00f3n | BlackBull Partners%.","og_description":"Una llamada a la acci\u00f3n (CTA) es una indicaci\u00f3n o instrucci\u00f3n a un p\u00fablico dise\u00f1ada para provocar una respuesta inmediata.","og_url":"https:\/\/partners.blackbull.com\/es\/support\/resources\/widgets\/call-to-actions\/","og_site_name":"BlackBull Partners","article_modified_time":"2025-03-24T17:59:21+00:00","og_image":[{"width":1096,"height":360,"url":"https:\/\/partners.blackbull.com\/wp-content\/uploads\/2023\/07\/cal-to-action.jpg","type":"image\/jpeg"}],"twitter_card":"summary_large_image","twitter_misc":{"Tiempo de lectura":"1 minuto"},"schema":{"@context":"https:\/\/schema.org","@graph":[{"@type":"WebPage","@id":"https:\/\/partners.blackbull.com\/es\/support\/resources\/widgets\/call-to-actions\/","url":"https:\/\/partners.blackbull.com\/es\/support\/resources\/widgets\/call-to-actions\/","name":"Llamada a la acci\u00f3n | BlackBull Partners%.","isPartOf":{"@id":"https:\/\/partners.blackbull.com\/es\/#website"},"primaryImageOfPage":{"@id":"https:\/\/partners.blackbull.com\/es\/support\/resources\/widgets\/call-to-actions\/#primaryimage"},"image":{"@id":"https:\/\/partners.blackbull.com\/es\/support\/resources\/widgets\/call-to-actions\/#primaryimage"},"thumbnailUrl":"https:\/\/partners.blackbull.com\/wp-content\/uploads\/2023\/07\/cal-to-action.jpg","datePublished":"2025-03-24T17:59:20+00:00","dateModified":"2025-03-24T17:59:21+00:00","description":"Una llamada a la acci\u00f3n (CTA) es una indicaci\u00f3n o instrucci\u00f3n a un p\u00fablico dise\u00f1ada para provocar una respuesta inmediata.","breadcrumb":{"@id":"https:\/\/partners.blackbull.com\/es\/support\/resources\/widgets\/call-to-actions\/#breadcrumb"},"inLanguage":"es","potentialAction":[{"@type":"ReadAction","target":["https:\/\/partners.blackbull.com\/es\/support\/resources\/widgets\/call-to-actions\/"]}]},{"@type":"ImageObject","inLanguage":"es","@id":"https:\/\/partners.blackbull.com\/es\/support\/resources\/widgets\/call-to-actions\/#primaryimage","url":"https:\/\/partners.blackbull.com\/wp-content\/uploads\/2023\/07\/cal-to-action.jpg","contentUrl":"https:\/\/partners.blackbull.com\/wp-content\/uploads\/2023\/07\/cal-to-action.jpg"},{"@type":"BreadcrumbList","@id":"https:\/\/partners.blackbull.com\/es\/support\/resources\/widgets\/call-to-actions\/#breadcrumb","itemListElement":[{"@type":"ListItem","position":1,"name":"Home","item":"https:\/\/partners.blackbull.com\/es\/home-new\/"},{"@type":"ListItem","position":2,"name":"Ayuda","item":"https:\/\/partners.blackbull.com\/es\/ayuda\/"},{"@type":"ListItem","position":3,"name":"Recursos","item":"https:\/\/partners.blackbull.com\/es\/ayuda\/recursos\/"},{"@type":"ListItem","position":4,"name":"Widgets","item":"https:\/\/partners.blackbull.com\/es\/ayuda\/recursos\/widgets\/"},{"@type":"ListItem","position":5,"name":"Llamada a la acci\u00f3n"}]},{"@type":"WebSite","@id":"https:\/\/partners.blackbull.com\/es\/#website","url":"https:\/\/partners.blackbull.com\/es\/","name":"BlackBull Partners","description":"BlackBull Affiliates is the partner referral program of BlackBull Markets, a top-tier, award-winning, and multi-regulated forex broker.","publisher":{"@id":"https:\/\/partners.blackbull.com\/es\/#organization"},"potentialAction":[{"@type":"SearchAction","target":{"@type":"EntryPoint","urlTemplate":"https:\/\/partners.blackbull.com\/es\/?s={search_term_string}"},"query-input":{"@type":"PropertyValueSpecification","valueRequired":true,"valueName":"search_term_string"}}],"inLanguage":"es"},{"@type":"Organization","@id":"https:\/\/partners.blackbull.com\/es\/#organization","name":"BlackBull Partners","url":"https:\/\/partners.blackbull.com\/es\/","logo":{"@type":"ImageObject","inLanguage":"es","@id":"https:\/\/partners.blackbull.com\/es\/#\/schema\/logo\/image\/","url":"https:\/\/partners.blackbull.com\/wp-content\/uploads\/2022\/03\/BBMPartnerslogo_blue.svg","contentUrl":"https:\/\/partners.blackbull.com\/wp-content\/uploads\/2022\/03\/BBMPartnerslogo_blue.svg","width":981,"height":279,"caption":"BlackBull Partners"},"image":{"@id":"https:\/\/partners.blackbull.com\/es\/#\/schema\/logo\/image\/"}}]}},"_links":{"self":[{"href":"https:\/\/partners.blackbull.com\/es\/wp-json\/wp\/v2\/pages\/17170","targetHints":{"allow":["GET"]}}],"collection":[{"href":"https:\/\/partners.blackbull.com\/es\/wp-json\/wp\/v2\/pages"}],"about":[{"href":"https:\/\/partners.blackbull.com\/es\/wp-json\/wp\/v2\/types\/page"}],"author":[{"embeddable":true,"href":"https:\/\/partners.blackbull.com\/es\/wp-json\/wp\/v2\/users\/6"}],"replies":[{"embeddable":true,"href":"https:\/\/partners.blackbull.com\/es\/wp-json\/wp\/v2\/comments?post=17170"}],"version-history":[{"count":1,"href":"https:\/\/partners.blackbull.com\/es\/wp-json\/wp\/v2\/pages\/17170\/revisions"}],"predecessor-version":[{"id":17171,"href":"https:\/\/partners.blackbull.com\/es\/wp-json\/wp\/v2\/pages\/17170\/revisions\/17171"}],"up":[{"embeddable":true,"href":"https:\/\/partners.blackbull.com\/es\/wp-json\/wp\/v2\/pages\/17166"}],"wp:attachment":[{"href":"https:\/\/partners.blackbull.com\/es\/wp-json\/wp\/v2\/media?parent=17170"}],"curies":[{"name":"wp","href":"https:\/\/api.w.org\/{rel}","templated":true}]}}