{"id":17180,"date":"2025-03-25T06:59:26","date_gmt":"2025-03-24T17:59:26","guid":{"rendered":"https:\/\/partners.blackbull.com\/ayuda\/recursos\/herramientas-de-marketing\/banners-dinamicos-html5\/"},"modified":"2025-03-25T06:59:26","modified_gmt":"2025-03-24T17:59:26","slug":"dynamic-html5-banners","status":"publish","type":"page","link":"https:\/\/partners.blackbull.com\/es\/support\/resources\/marketing-materials\/dynamic-html5-banners\/","title":{"rendered":"Banners din\u00e1micos HTML5"},"content":{"rendered":"\t\t<div data-elementor-type=\"wp-page\" data-elementor-id=\"17180\" class=\"elementor elementor-17180 elementor-4247\" data-elementor-post-type=\"page\">\n\t\t\t\t<div class=\"elementor-element elementor-element-1e7773d9 e-flex e-con-boxed e-con e-parent\" data-id=\"1e7773d9\" data-element_type=\"container\" data-e-type=\"container\" data-settings=\"{&quot;background_background&quot;:&quot;classic&quot;,&quot;jet_parallax_layout_list&quot;:[]}\">\n\t\t\t\t\t<div class=\"e-con-inner\">\n\t\t\t\t<div class=\"elementor-element elementor-element-7328d4ed elementor-widget elementor-widget-breadcrumbs\" data-id=\"7328d4ed\" data-element_type=\"widget\" data-e-type=\"widget\" data-widget_type=\"breadcrumbs.default\">\n\t\t\t\t\t<p id=\"breadcrumbs\"><span><span><a href=\"https:\/\/partners.blackbull.com\/es\/home-new\/\">Home<\/a><\/span><\/span><\/p>\t\t\t\t<\/div>\n\t\t\t\t\t<\/div>\n\t\t\t\t<\/div>\n\t\t<div class=\"elementor-element elementor-element-4008bdf0 e-flex e-con-boxed e-con e-parent\" data-id=\"4008bdf0\" data-element_type=\"container\" data-e-type=\"container\" data-settings=\"{&quot;background_background&quot;:&quot;classic&quot;,&quot;jet_parallax_layout_list&quot;:[]}\">\n\t\t\t\t\t<div class=\"e-con-inner\">\n\t\t<div class=\"elementor-element elementor-element-3ea32fee e-con-full e-flex e-con e-child\" data-id=\"3ea32fee\" data-element_type=\"container\" data-e-type=\"container\" data-settings=\"{&quot;background_background&quot;:&quot;classic&quot;,&quot;jet_parallax_layout_list&quot;:[]}\">\n\t\t\t\t<div class=\"elementor-element elementor-element-336eaa7b elementor-widget__width-initial elementor-widget elementor-widget-heading\" data-id=\"336eaa7b\" data-element_type=\"widget\" data-e-type=\"widget\" data-widget_type=\"heading.default\">\n\t\t\t\t\t<h2 class=\"elementor-heading-title elementor-size-default\">BlackBull Partners Banners din\u00e1micos HTML5<\/h2>\t\t\t\t<\/div>\n\t\t\t\t<\/div>\n\t\t<div class=\"elementor-element elementor-element-46ddb778 e-con-full e-flex e-con e-child\" data-id=\"46ddb778\" data-element_type=\"container\" data-e-type=\"container\" data-settings=\"{&quot;jet_parallax_layout_list&quot;:[]}\">\n\t\t\t\t<div class=\"elementor-element elementor-element-3a02d3da link-text elementor-widget elementor-widget-text-editor\" data-id=\"3a02d3da\" data-element_type=\"widget\" data-e-type=\"widget\" data-widget_type=\"text-editor.default\">\n\t\t\t\t\t\t\t\t\t<p>Los banners din\u00e1micos HTML5 son anuncios interactivos en l\u00ednea creados con tecnolog\u00eda HTML5. Suelen utilizarse para mostrar banners publicitarios en sitios web y est\u00e1n dise\u00f1ados para ser interactivos y atractivos para los espectadores. <\/p>\n\t\t\t\t\t\t\t\t<\/div>\n\t\t\t\t<\/div>\n\t\t\t\t\t<\/div>\n\t\t\t\t<\/div>\n\t\t<div class=\"elementor-element elementor-element-4441600 e-flex e-con-boxed e-con e-parent\" data-id=\"4441600\" data-element_type=\"container\" data-e-type=\"container\" data-settings=\"{&quot;jet_parallax_layout_list&quot;:[]}\">\n\t\t\t\t\t<div class=\"e-con-inner\">\n\t\t<div class=\"elementor-element elementor-element-096e6e5 e-con-full e-flex e-con e-child\" data-id=\"096e6e5\" data-element_type=\"container\" data-e-type=\"container\" data-settings=\"{&quot;jet_parallax_layout_list&quot;:[]}\">\n\t\t\t\t<div class=\"elementor-element elementor-element-2789d23 elementor-widget elementor-widget-heading\" data-id=\"2789d23\" data-element_type=\"widget\" data-e-type=\"widget\" data-widget_type=\"heading.default\">\n\t\t\t\t\t<h4 class=\"elementor-heading-title elementor-size-default\">\u00bfCu\u00e1les son las ventajas de los banners HTML5 din\u00e1micos para los afiliados?<\/h4>\t\t\t\t<\/div>\n\t\t\t\t<div class=\"elementor-element elementor-element-8eac0b4 elementor-position-left elementor-vertical-align-top elementor-widget elementor-widget-image-box\" data-id=\"8eac0b4\" data-element_type=\"widget\" data-e-type=\"widget\" data-widget_type=\"image-box.default\">\n\t\t\t\t\t<div class=\"elementor-image-box-wrapper\"><figure class=\"elementor-image-box-img\"><img decoding=\"async\" width=\"35\" height=\"35\" src=\"https:\/\/partners.blackbull.com\/wp-content\/uploads\/2023\/07\/ul-big-icon.svg\" class=\"attachment-full size-full wp-image-12322\" alt=\"\" \/><\/figure><div class=\"elementor-image-box-content\"><p class=\"elementor-image-box-description\">Se pueden adaptar y personalizar f\u00e1cilmente para dirigirse a diferentes audiencias o grupos demogr\u00e1ficos.<\/p><\/div><\/div>\t\t\t\t<\/div>\n\t\t\t\t<div class=\"elementor-element elementor-element-95eac07 elementor-position-left elementor-vertical-align-top elementor-widget elementor-widget-image-box\" data-id=\"95eac07\" data-element_type=\"widget\" data-e-type=\"widget\" data-widget_type=\"image-box.default\">\n\t\t\t\t\t<div class=\"elementor-image-box-wrapper\"><figure class=\"elementor-image-box-img\"><img decoding=\"async\" width=\"35\" height=\"35\" src=\"https:\/\/partners.blackbull.com\/wp-content\/uploads\/2023\/07\/ul-big-icon.svg\" class=\"attachment-full size-full wp-image-12322\" alt=\"\" \/><\/figure><div class=\"elementor-image-box-content\"><p class=\"elementor-image-box-description\">Pueden incluir elementos interactivos como botones para hacer clic, formularios y v\u00eddeos, que pueden aumentar la participaci\u00f3n y el porcentaje de clics.<\/p><\/div><\/div>\t\t\t\t<\/div>\n\t\t\t\t<div class=\"elementor-element elementor-element-51ee9c9 elementor-position-left elementor-vertical-align-top elementor-widget elementor-widget-image-box\" data-id=\"51ee9c9\" data-element_type=\"widget\" data-e-type=\"widget\" data-widget_type=\"image-box.default\">\n\t\t\t\t\t<div class=\"elementor-image-box-wrapper\"><figure class=\"elementor-image-box-img\"><img decoding=\"async\" width=\"35\" height=\"35\" src=\"https:\/\/partners.blackbull.com\/wp-content\/uploads\/2023\/07\/ul-big-icon.svg\" class=\"attachment-full size-full wp-image-12322\" alt=\"\" \/><\/figure><div class=\"elementor-image-box-content\"><p class=\"elementor-image-box-description\">Son responsivos y pueden adaptarse a diferentes tama\u00f1os de pantalla y dispositivos, lo que permite que se muestren en una variedad de plataformas y dispositivos.<\/p><\/div><\/div>\t\t\t\t<\/div>\n\t\t\t\t<div class=\"elementor-element elementor-element-efd9045 elementor-position-left elementor-vertical-align-top elementor-widget elementor-widget-image-box\" data-id=\"efd9045\" data-element_type=\"widget\" data-e-type=\"widget\" data-widget_type=\"image-box.default\">\n\t\t\t\t\t<div class=\"elementor-image-box-wrapper\"><figure class=\"elementor-image-box-img\"><img decoding=\"async\" width=\"35\" height=\"35\" src=\"https:\/\/partners.blackbull.com\/wp-content\/uploads\/2023\/07\/ul-big-icon.svg\" class=\"attachment-full size-full wp-image-12322\" alt=\"\" \/><\/figure><div class=\"elementor-image-box-content\"><p class=\"elementor-image-box-description\">Est\u00e1n construidos con HTML5, ampliamente soportado por los navegadores modernos, lo que los hace accesibles a un amplio p\u00fablico.<\/p><\/div><\/div>\t\t\t\t<\/div>\n\t\t\t\t<div class=\"elementor-element elementor-element-1675ff5 elementor-position-left elementor-vertical-align-top elementor-widget elementor-widget-image-box\" data-id=\"1675ff5\" data-element_type=\"widget\" data-e-type=\"widget\" data-widget_type=\"image-box.default\">\n\t\t\t\t\t<div class=\"elementor-image-box-wrapper\"><figure class=\"elementor-image-box-img\"><img decoding=\"async\" width=\"35\" height=\"35\" src=\"https:\/\/partners.blackbull.com\/wp-content\/uploads\/2023\/07\/ul-big-icon.svg\" class=\"attachment-full size-full wp-image-12322\" alt=\"\" \/><\/figure><div class=\"elementor-image-box-content\"><p class=\"elementor-image-box-description\">Pueden integrarse con el seguimiento y la anal\u00edtica, que permiten a los anunciantes controlar y medir el rendimiento de sus campa\u00f1as.<\/p><\/div><\/div>\t\t\t\t<\/div>\n\t\t\t\t<div class=\"elementor-element elementor-element-75734f1 elementor-position-left elementor-vertical-align-top elementor-widget elementor-widget-image-box\" data-id=\"75734f1\" data-element_type=\"widget\" data-e-type=\"widget\" data-widget_type=\"image-box.default\">\n\t\t\t\t\t<div class=\"elementor-image-box-wrapper\"><figure class=\"elementor-image-box-img\"><img decoding=\"async\" width=\"35\" height=\"35\" src=\"https:\/\/partners.blackbull.com\/wp-content\/uploads\/2023\/07\/ul-big-icon.svg\" class=\"attachment-full size-full wp-image-12322\" alt=\"\" \/><\/figure><div class=\"elementor-image-box-content\"><p class=\"elementor-image-box-description\">Son ligeros y no requieren ning\u00fan plugin para mostrarse, lo que los hace m\u00e1s r\u00e1pidos de cargar y m\u00e1s f\u00e1ciles de usar.<\/p><\/div><\/div>\t\t\t\t<\/div>\n\t\t<div class=\"elementor-element elementor-element-3553460 e-flex e-con-boxed e-con e-child\" data-id=\"3553460\" data-element_type=\"container\" data-e-type=\"container\" data-settings=\"{&quot;jet_parallax_layout_list&quot;:[]}\">\n\t\t\t\t\t<div class=\"e-con-inner\">\n\t\t\t\t<div class=\"elementor-element elementor-element-400f6e1 elementor-widget__width-initial elementor-widget elementor-widget-text-editor\" data-id=\"400f6e1\" data-element_type=\"widget\" data-e-type=\"widget\" data-widget_type=\"text-editor.default\">\n\t\t\t\t\t\t\t\t\t<p>Los banners din\u00e1micos en HTML5 son una forma eficaz para que los anunciantes con BlackBull Partners lleguen a su p\u00fablico objetivo y lo capten. Son vers\u00e1tiles e interactivos, y pueden optimizarse para distintos dispositivos y plataformas. Tambi\u00e9n son m\u00e1s eficaces que los banners est\u00e1ticos tradicionales y pueden ayudar a aumentar las posibilidades de que un espectador realice una acci\u00f3n.  <\/p> \n<p>Proporcionamos a los socios acceso a miles de banners que pueden utilizar para transmitir el mensaje adecuado a su p\u00fablico objetivo, en su idioma. Tambi\u00e9n proporcionamos banners personalizados a la carta para los socios de alto rendimiento que quieran llevar su marketing al siguiente nivel. <\/p>\t\t\t\t\t\t\t\t<\/div>\n\t\t\t\t<div class=\"elementor-element elementor-element-c8c7e9c elementor-widget__width-initial elementor-widget elementor-widget-image\" data-id=\"c8c7e9c\" data-element_type=\"widget\" data-e-type=\"widget\" data-widget_type=\"image.default\">\n\t\t\t\t\t\t\t\t\t\t\t\t\t\t\t<img fetchpriority=\"high\" decoding=\"async\" width=\"445\" height=\"374\" src=\"https:\/\/partners.blackbull.com\/wp-content\/uploads\/2023\/07\/dynamic-html.jpg\" class=\"attachment-full size-full wp-image-12834\" alt=\"\" srcset=\"https:\/\/partners.blackbull.com\/wp-content\/uploads\/2023\/07\/dynamic-html.jpg 445w, https:\/\/partners.blackbull.com\/wp-content\/uploads\/2023\/07\/dynamic-html-300x252.jpg 300w\" sizes=\"(max-width: 445px) 100vw, 445px\" \/>\t\t\t\t\t\t\t\t\t\t\t\t\t\t\t<\/div>\n\t\t\t\t\t<\/div>\n\t\t\t\t<\/div>\n\t\t\t\t<\/div>\n\t\t\t\t\t<\/div>\n\t\t\t\t<\/div>\n\t\t\t\t<\/div>\n\t\t","protected":false},"excerpt":{"rendered":"<p>BlackBull Partners Banners din\u00e1micos HTML5 Los banners din\u00e1micos HTML5 son anuncios interactivos en l\u00ednea creados con tecnolog\u00eda HTML5. Suelen utilizarse para mostrar banners publicitarios en sitios web y est\u00e1n dise\u00f1ados para ser interactivos y atractivos para los espectadores. \u00bfCu\u00e1les son las ventajas de los banners HTML5 din\u00e1micos para los afiliados? Se pueden adaptar y personalizar [&hellip;]<\/p>\n","protected":false},"author":6,"featured_media":0,"parent":1476,"menu_order":3,"comment_status":"closed","ping_status":"closed","template":"elementor_header_footer","meta":{"inline_featured_image":false,"footnotes":""},"class_list":["post-17180","page","type-page","status-publish","hentry"],"yoast_head":"<!-- This site is optimized with the Yoast SEO plugin v27.3 - https:\/\/yoast.com\/product\/yoast-seo-wordpress\/ -->\n<title>Banners din\u00e1micos HTML5 | BlackBull Partners%.<\/title>\n<meta name=\"description\" content=\"Los banners din\u00e1micos HTML5 son anuncios interactivos en l\u00ednea creados con tecnolog\u00eda HTML5. Suelen utilizarse para mostrar banners publicitarios en sitios web y est\u00e1n dise\u00f1ados para ser interactivos y atractivos para los espectadores.\" \/>\n<meta name=\"robots\" content=\"index, follow, max-snippet:-1, max-image-preview:large, max-video-preview:-1\" \/>\n<link rel=\"canonical\" href=\"https:\/\/partners.blackbull.com\/es\/support\/resources\/marketing-materials\/dynamic-html5-banners\/\" \/>\n<meta property=\"og:locale\" content=\"es_ES\" \/>\n<meta property=\"og:type\" content=\"article\" \/>\n<meta property=\"og:title\" content=\"Banners din\u00e1micos HTML5 | BlackBull Partners%.\" \/>\n<meta property=\"og:description\" content=\"Los banners din\u00e1micos HTML5 son anuncios interactivos en l\u00ednea creados con tecnolog\u00eda HTML5. Suelen utilizarse para mostrar banners publicitarios en sitios web y est\u00e1n dise\u00f1ados para ser interactivos y atractivos para los espectadores.\" \/>\n<meta property=\"og:url\" content=\"https:\/\/partners.blackbull.com\/es\/support\/resources\/marketing-materials\/dynamic-html5-banners\/\" \/>\n<meta property=\"og:site_name\" content=\"BlackBull Partners\" \/>\n<meta property=\"og:image\" content=\"https:\/\/partners.blackbull.com\/wp-content\/uploads\/2023\/09\/BlackBull-Partners.jpg\" \/>\n\t<meta property=\"og:image:width\" content=\"1200\" \/>\n\t<meta property=\"og:image:height\" content=\"630\" \/>\n\t<meta property=\"og:image:type\" content=\"image\/jpeg\" \/>\n<meta name=\"twitter:card\" content=\"summary_large_image\" \/>\n<meta name=\"twitter:label1\" content=\"Tiempo de lectura\" \/>\n\t<meta name=\"twitter:data1\" content=\"2 minutos\" \/>\n<script type=\"application\/ld+json\" class=\"yoast-schema-graph\">{\"@context\":\"https:\\\/\\\/schema.org\",\"@graph\":[{\"@type\":\"WebPage\",\"@id\":\"https:\\\/\\\/partners.blackbull.com\\\/es\\\/support\\\/resources\\\/marketing-materials\\\/dynamic-html5-banners\\\/\",\"url\":\"https:\\\/\\\/partners.blackbull.com\\\/es\\\/support\\\/resources\\\/marketing-materials\\\/dynamic-html5-banners\\\/\",\"name\":\"Banners din\u00e1micos HTML5 | BlackBull Partners%.\",\"isPartOf\":{\"@id\":\"https:\\\/\\\/partners.blackbull.com\\\/es\\\/#website\"},\"primaryImageOfPage\":{\"@id\":\"https:\\\/\\\/partners.blackbull.com\\\/es\\\/support\\\/resources\\\/marketing-materials\\\/dynamic-html5-banners\\\/#primaryimage\"},\"image\":{\"@id\":\"https:\\\/\\\/partners.blackbull.com\\\/es\\\/support\\\/resources\\\/marketing-materials\\\/dynamic-html5-banners\\\/#primaryimage\"},\"thumbnailUrl\":\"https:\\\/\\\/partners.blackbull.com\\\/wp-content\\\/uploads\\\/2023\\\/07\\\/ul-big-icon.svg\",\"datePublished\":\"2025-03-24T17:59:26+00:00\",\"description\":\"Los banners din\u00e1micos HTML5 son anuncios interactivos en l\u00ednea creados con tecnolog\u00eda HTML5. Suelen utilizarse para mostrar banners publicitarios en sitios web y est\u00e1n dise\u00f1ados para ser interactivos y atractivos para los espectadores.\",\"breadcrumb\":{\"@id\":\"https:\\\/\\\/partners.blackbull.com\\\/es\\\/support\\\/resources\\\/marketing-materials\\\/dynamic-html5-banners\\\/#breadcrumb\"},\"inLanguage\":\"es\",\"potentialAction\":[{\"@type\":\"ReadAction\",\"target\":[\"https:\\\/\\\/partners.blackbull.com\\\/es\\\/support\\\/resources\\\/marketing-materials\\\/dynamic-html5-banners\\\/\"]}]},{\"@type\":\"ImageObject\",\"inLanguage\":\"es\",\"@id\":\"https:\\\/\\\/partners.blackbull.com\\\/es\\\/support\\\/resources\\\/marketing-materials\\\/dynamic-html5-banners\\\/#primaryimage\",\"url\":\"https:\\\/\\\/partners.blackbull.com\\\/wp-content\\\/uploads\\\/2023\\\/07\\\/ul-big-icon.svg\",\"contentUrl\":\"https:\\\/\\\/partners.blackbull.com\\\/wp-content\\\/uploads\\\/2023\\\/07\\\/ul-big-icon.svg\"},{\"@type\":\"BreadcrumbList\",\"@id\":\"https:\\\/\\\/partners.blackbull.com\\\/es\\\/support\\\/resources\\\/marketing-materials\\\/dynamic-html5-banners\\\/#breadcrumb\",\"itemListElement\":[{\"@type\":\"ListItem\",\"position\":1,\"name\":\"Home\",\"item\":\"https:\\\/\\\/partners.blackbull.com\\\/es\\\/home-new\\\/\"},{\"@type\":\"ListItem\",\"position\":2,\"name\":\"Ayuda\",\"item\":\"https:\\\/\\\/partners.blackbull.com\\\/es\\\/ayuda\\\/\"},{\"@type\":\"ListItem\",\"position\":3,\"name\":\"Recursos\",\"item\":\"https:\\\/\\\/partners.blackbull.com\\\/es\\\/ayuda\\\/recursos\\\/\"},{\"@type\":\"ListItem\",\"position\":4,\"name\":\"Material de marketing\",\"item\":\"https:\\\/\\\/partners.blackbull.com\\\/es\\\/ayuda\\\/recursos\\\/herramientas-de-marketing\\\/\"},{\"@type\":\"ListItem\",\"position\":5,\"name\":\"Banners din\u00e1micos HTML5\"}]},{\"@type\":\"WebSite\",\"@id\":\"https:\\\/\\\/partners.blackbull.com\\\/es\\\/#website\",\"url\":\"https:\\\/\\\/partners.blackbull.com\\\/es\\\/\",\"name\":\"BlackBull Partners\",\"description\":\"BlackBull Affiliates is the partner referral program of BlackBull Markets, a top-tier, award-winning, and multi-regulated forex broker.\",\"publisher\":{\"@id\":\"https:\\\/\\\/partners.blackbull.com\\\/es\\\/#organization\"},\"potentialAction\":[{\"@type\":\"SearchAction\",\"target\":{\"@type\":\"EntryPoint\",\"urlTemplate\":\"https:\\\/\\\/partners.blackbull.com\\\/es\\\/?s={search_term_string}\"},\"query-input\":{\"@type\":\"PropertyValueSpecification\",\"valueRequired\":true,\"valueName\":\"search_term_string\"}}],\"inLanguage\":\"es\"},{\"@type\":\"Organization\",\"@id\":\"https:\\\/\\\/partners.blackbull.com\\\/es\\\/#organization\",\"name\":\"BlackBull Partners\",\"url\":\"https:\\\/\\\/partners.blackbull.com\\\/es\\\/\",\"logo\":{\"@type\":\"ImageObject\",\"inLanguage\":\"es\",\"@id\":\"https:\\\/\\\/partners.blackbull.com\\\/es\\\/#\\\/schema\\\/logo\\\/image\\\/\",\"url\":\"https:\\\/\\\/partners.blackbull.com\\\/wp-content\\\/uploads\\\/2022\\\/03\\\/BBMPartnerslogo_blue.svg\",\"contentUrl\":\"https:\\\/\\\/partners.blackbull.com\\\/wp-content\\\/uploads\\\/2022\\\/03\\\/BBMPartnerslogo_blue.svg\",\"width\":981,\"height\":279,\"caption\":\"BlackBull Partners\"},\"image\":{\"@id\":\"https:\\\/\\\/partners.blackbull.com\\\/es\\\/#\\\/schema\\\/logo\\\/image\\\/\"}}]}<\/script>\n<!-- \/ Yoast SEO plugin. -->","yoast_head_json":{"title":"Banners din\u00e1micos HTML5 | BlackBull Partners%.","description":"Los banners din\u00e1micos HTML5 son anuncios interactivos en l\u00ednea creados con tecnolog\u00eda HTML5. Suelen utilizarse para mostrar banners publicitarios en sitios web y est\u00e1n dise\u00f1ados para ser interactivos y atractivos para los espectadores.","robots":{"index":"index","follow":"follow","max-snippet":"max-snippet:-1","max-image-preview":"max-image-preview:large","max-video-preview":"max-video-preview:-1"},"canonical":"https:\/\/partners.blackbull.com\/es\/support\/resources\/marketing-materials\/dynamic-html5-banners\/","og_locale":"es_ES","og_type":"article","og_title":"Banners din\u00e1micos HTML5 | BlackBull Partners%.","og_description":"Los banners din\u00e1micos HTML5 son anuncios interactivos en l\u00ednea creados con tecnolog\u00eda HTML5. Suelen utilizarse para mostrar banners publicitarios en sitios web y est\u00e1n dise\u00f1ados para ser interactivos y atractivos para los espectadores.","og_url":"https:\/\/partners.blackbull.com\/es\/support\/resources\/marketing-materials\/dynamic-html5-banners\/","og_site_name":"BlackBull Partners","og_image":[{"width":1200,"height":630,"url":"https:\/\/partners.blackbull.com\/wp-content\/uploads\/2023\/09\/BlackBull-Partners.jpg","type":"image\/jpeg"}],"twitter_card":"summary_large_image","twitter_misc":{"Tiempo de lectura":"2 minutos"},"schema":{"@context":"https:\/\/schema.org","@graph":[{"@type":"WebPage","@id":"https:\/\/partners.blackbull.com\/es\/support\/resources\/marketing-materials\/dynamic-html5-banners\/","url":"https:\/\/partners.blackbull.com\/es\/support\/resources\/marketing-materials\/dynamic-html5-banners\/","name":"Banners din\u00e1micos HTML5 | BlackBull Partners%.","isPartOf":{"@id":"https:\/\/partners.blackbull.com\/es\/#website"},"primaryImageOfPage":{"@id":"https:\/\/partners.blackbull.com\/es\/support\/resources\/marketing-materials\/dynamic-html5-banners\/#primaryimage"},"image":{"@id":"https:\/\/partners.blackbull.com\/es\/support\/resources\/marketing-materials\/dynamic-html5-banners\/#primaryimage"},"thumbnailUrl":"https:\/\/partners.blackbull.com\/wp-content\/uploads\/2023\/07\/ul-big-icon.svg","datePublished":"2025-03-24T17:59:26+00:00","description":"Los banners din\u00e1micos HTML5 son anuncios interactivos en l\u00ednea creados con tecnolog\u00eda HTML5. Suelen utilizarse para mostrar banners publicitarios en sitios web y est\u00e1n dise\u00f1ados para ser interactivos y atractivos para los espectadores.","breadcrumb":{"@id":"https:\/\/partners.blackbull.com\/es\/support\/resources\/marketing-materials\/dynamic-html5-banners\/#breadcrumb"},"inLanguage":"es","potentialAction":[{"@type":"ReadAction","target":["https:\/\/partners.blackbull.com\/es\/support\/resources\/marketing-materials\/dynamic-html5-banners\/"]}]},{"@type":"ImageObject","inLanguage":"es","@id":"https:\/\/partners.blackbull.com\/es\/support\/resources\/marketing-materials\/dynamic-html5-banners\/#primaryimage","url":"https:\/\/partners.blackbull.com\/wp-content\/uploads\/2023\/07\/ul-big-icon.svg","contentUrl":"https:\/\/partners.blackbull.com\/wp-content\/uploads\/2023\/07\/ul-big-icon.svg"},{"@type":"BreadcrumbList","@id":"https:\/\/partners.blackbull.com\/es\/support\/resources\/marketing-materials\/dynamic-html5-banners\/#breadcrumb","itemListElement":[{"@type":"ListItem","position":1,"name":"Home","item":"https:\/\/partners.blackbull.com\/es\/home-new\/"},{"@type":"ListItem","position":2,"name":"Ayuda","item":"https:\/\/partners.blackbull.com\/es\/ayuda\/"},{"@type":"ListItem","position":3,"name":"Recursos","item":"https:\/\/partners.blackbull.com\/es\/ayuda\/recursos\/"},{"@type":"ListItem","position":4,"name":"Material de marketing","item":"https:\/\/partners.blackbull.com\/es\/ayuda\/recursos\/herramientas-de-marketing\/"},{"@type":"ListItem","position":5,"name":"Banners din\u00e1micos HTML5"}]},{"@type":"WebSite","@id":"https:\/\/partners.blackbull.com\/es\/#website","url":"https:\/\/partners.blackbull.com\/es\/","name":"BlackBull Partners","description":"BlackBull Affiliates is the partner referral program of BlackBull Markets, a top-tier, award-winning, and multi-regulated forex broker.","publisher":{"@id":"https:\/\/partners.blackbull.com\/es\/#organization"},"potentialAction":[{"@type":"SearchAction","target":{"@type":"EntryPoint","urlTemplate":"https:\/\/partners.blackbull.com\/es\/?s={search_term_string}"},"query-input":{"@type":"PropertyValueSpecification","valueRequired":true,"valueName":"search_term_string"}}],"inLanguage":"es"},{"@type":"Organization","@id":"https:\/\/partners.blackbull.com\/es\/#organization","name":"BlackBull Partners","url":"https:\/\/partners.blackbull.com\/es\/","logo":{"@type":"ImageObject","inLanguage":"es","@id":"https:\/\/partners.blackbull.com\/es\/#\/schema\/logo\/image\/","url":"https:\/\/partners.blackbull.com\/wp-content\/uploads\/2022\/03\/BBMPartnerslogo_blue.svg","contentUrl":"https:\/\/partners.blackbull.com\/wp-content\/uploads\/2022\/03\/BBMPartnerslogo_blue.svg","width":981,"height":279,"caption":"BlackBull Partners"},"image":{"@id":"https:\/\/partners.blackbull.com\/es\/#\/schema\/logo\/image\/"}}]}},"_links":{"self":[{"href":"https:\/\/partners.blackbull.com\/es\/wp-json\/wp\/v2\/pages\/17180","targetHints":{"allow":["GET"]}}],"collection":[{"href":"https:\/\/partners.blackbull.com\/es\/wp-json\/wp\/v2\/pages"}],"about":[{"href":"https:\/\/partners.blackbull.com\/es\/wp-json\/wp\/v2\/types\/page"}],"author":[{"embeddable":true,"href":"https:\/\/partners.blackbull.com\/es\/wp-json\/wp\/v2\/users\/6"}],"replies":[{"embeddable":true,"href":"https:\/\/partners.blackbull.com\/es\/wp-json\/wp\/v2\/comments?post=17180"}],"version-history":[{"count":1,"href":"https:\/\/partners.blackbull.com\/es\/wp-json\/wp\/v2\/pages\/17180\/revisions"}],"predecessor-version":[{"id":17181,"href":"https:\/\/partners.blackbull.com\/es\/wp-json\/wp\/v2\/pages\/17180\/revisions\/17181"}],"up":[{"embeddable":true,"href":"https:\/\/partners.blackbull.com\/es\/wp-json\/wp\/v2\/pages\/1476"}],"wp:attachment":[{"href":"https:\/\/partners.blackbull.com\/es\/wp-json\/wp\/v2\/media?parent=17180"}],"curies":[{"name":"wp","href":"https:\/\/api.w.org\/{rel}","templated":true}]}}