{"id":17182,"date":"2025-03-25T06:59:28","date_gmt":"2025-03-24T17:59:28","guid":{"rendered":"https:\/\/partners.blackbull.com\/ayuda\/recursos\/widgets\/tickers-de-mercado-en-directo\/"},"modified":"2025-03-25T06:59:32","modified_gmt":"2025-03-24T17:59:32","slug":"live-market-tickers","status":"publish","type":"page","link":"https:\/\/partners.blackbull.com\/es\/support\/resources\/widgets\/live-market-tickers\/","title":{"rendered":"Tickers de mercado en directo"},"content":{"rendered":"\t\t<div data-elementor-type=\"wp-page\" data-elementor-id=\"17182\" class=\"elementor elementor-17182 elementor-4281\" data-elementor-post-type=\"page\">\n\t\t\t\t<div class=\"elementor-element elementor-element-5f27f4cc e-flex e-con-boxed e-con e-parent\" data-id=\"5f27f4cc\" data-element_type=\"container\" data-e-type=\"container\" data-settings=\"{&quot;background_background&quot;:&quot;classic&quot;,&quot;jet_parallax_layout_list&quot;:[]}\">\n\t\t\t\t\t<div class=\"e-con-inner\">\n\t\t\t\t<div class=\"elementor-element elementor-element-e00d93f elementor-widget elementor-widget-breadcrumbs\" data-id=\"e00d93f\" data-element_type=\"widget\" data-e-type=\"widget\" data-widget_type=\"breadcrumbs.default\">\n\t\t\t\t\t<p id=\"breadcrumbs\"><span><span><a href=\"https:\/\/partners.blackbull.com\/es\/home-new\/\">Home<\/a><\/span><\/span><\/p>\t\t\t\t<\/div>\n\t\t\t\t\t<\/div>\n\t\t\t\t<\/div>\n\t\t<div class=\"elementor-element elementor-element-2ae0884e e-flex e-con-boxed e-con e-parent\" data-id=\"2ae0884e\" data-element_type=\"container\" data-e-type=\"container\" data-settings=\"{&quot;background_background&quot;:&quot;classic&quot;,&quot;jet_parallax_layout_list&quot;:[]}\">\n\t\t\t\t\t<div class=\"e-con-inner\">\n\t\t<div class=\"elementor-element elementor-element-62921542 e-con-full e-flex e-con e-child\" data-id=\"62921542\" data-element_type=\"container\" data-e-type=\"container\" data-settings=\"{&quot;background_background&quot;:&quot;classic&quot;,&quot;jet_parallax_layout_list&quot;:[]}\">\n\t\t\t\t<div class=\"elementor-element elementor-element-4f7e32be elementor-widget__width-initial elementor-widget elementor-widget-heading\" data-id=\"4f7e32be\" data-element_type=\"widget\" data-e-type=\"widget\" data-widget_type=\"heading.default\">\n\t\t\t\t\t<h2 class=\"elementor-heading-title elementor-size-default\">Tickers de mercado en directo de BlackBull Partners<\/h2>\t\t\t\t<\/div>\n\t\t\t\t<\/div>\n\t\t<div class=\"elementor-element elementor-element-41fed3b8 e-con-full e-flex e-con e-child\" data-id=\"41fed3b8\" data-element_type=\"container\" data-e-type=\"container\" data-settings=\"{&quot;jet_parallax_layout_list&quot;:[]}\">\n\t\t\t\t<div class=\"elementor-element elementor-element-1f58e7a5 link-text elementor-widget elementor-widget-text-editor\" data-id=\"1f58e7a5\" data-element_type=\"widget\" data-e-type=\"widget\" data-widget_type=\"text-editor.default\">\n\t\t\t\t\t\t\t\t\t<p>BlackBull Partners ofrece teletipos de mercado en directo para proporcionar a los socios una forma sencilla y eficaz de promover los movimientos del mercado en tiempo real entre su p\u00fablico objetivo. Con actualizaciones en tiempo real sobre las \u00faltimas tendencias del mercado y una interfaz f\u00e1cil de usar, <\/p>\n\t\t\t\t\t\t\t\t<\/div>\n\t\t\t\t<\/div>\n\t\t\t\t\t<\/div>\n\t\t\t\t<\/div>\n\t\t<div class=\"elementor-element elementor-element-41ad026 e-flex e-con-boxed e-con e-parent\" data-id=\"41ad026\" data-element_type=\"container\" data-e-type=\"container\" data-settings=\"{&quot;jet_parallax_layout_list&quot;:[]}\">\n\t\t\t\t\t<div class=\"e-con-inner\">\n\t\t<div class=\"elementor-element elementor-element-b962b05 e-flex e-con-boxed e-con e-child\" data-id=\"b962b05\" data-element_type=\"container\" data-e-type=\"container\" data-settings=\"{&quot;jet_parallax_layout_list&quot;:[]}\">\n\t\t\t\t\t<div class=\"e-con-inner\">\n\t\t\t\t<div class=\"elementor-element elementor-element-9af90ec elementor-widget elementor-widget-text-editor\" data-id=\"9af90ec\" data-element_type=\"widget\" data-e-type=\"widget\" data-widget_type=\"text-editor.default\">\n\t\t\t\t\t\t\t\t\t<p>tendr\u00e1s toda la informaci\u00f3n que necesitas para mantener actualizado tu sitio web y hacer que tu tr\u00e1fico siga volviendo. Elige entre un widget de cotizaciones en directo o un widget de gr\u00e1ficos en directo, herramientas de alta conversi\u00f3n que podemos personalizar para los socios en funci\u00f3n de cada caso. <\/p>\n<p>Seguir el rendimiento de tus acciones favoritas nunca ha sido tan f\u00e1cil. Nuestro gr\u00e1fico muestra informaci\u00f3n vital como los precios de apertura y cierre, los precios m\u00e1ximo y m\u00ednimo del periodo y el volumen de trading de forma clara y concisa. Y con las opciones personalizables, puedes adaptar la visualizaci\u00f3n a tus necesidades y preferencias.  <\/p>\n\t\t\t\t\t\t\t\t<\/div>\n\t\t\t\t<div class=\"elementor-element elementor-element-7130dea elementor-widget elementor-widget-image\" data-id=\"7130dea\" data-element_type=\"widget\" data-e-type=\"widget\" data-widget_type=\"image.default\">\n\t\t\t\t\t\t\t\t\t\t\t\t\t\t\t<img fetchpriority=\"high\" decoding=\"async\" width=\"1088\" height=\"360\" src=\"https:\/\/partners.blackbull.com\/wp-content\/uploads\/2023\/07\/market.jpg\" class=\"attachment-full size-full wp-image-13006\" alt=\"\" srcset=\"https:\/\/partners.blackbull.com\/wp-content\/uploads\/2023\/07\/market.jpg 1088w, https:\/\/partners.blackbull.com\/wp-content\/uploads\/2023\/07\/market-300x99.jpg 300w, https:\/\/partners.blackbull.com\/wp-content\/uploads\/2023\/07\/market-1024x339.jpg 1024w, https:\/\/partners.blackbull.com\/wp-content\/uploads\/2023\/07\/market-768x254.jpg 768w\" sizes=\"(max-width: 1088px) 100vw, 1088px\" \/>\t\t\t\t\t\t\t\t\t\t\t\t\t\t\t<\/div>\n\t\t\t\t<div class=\"elementor-element elementor-element-4bbce94 elementor-widget elementor-widget-text-editor\" data-id=\"4bbce94\" data-element_type=\"widget\" data-e-type=\"widget\" data-widget_type=\"text-editor.default\">\n\t\t\t\t\t\t\t\t\t<p>El embudo de conversi\u00f3n ofrece a\u00fan m\u00e1s valor al proporcionar a los usuarios acceso a nuestras avanzadas herramientas de an\u00e1lisis t\u00e9cnico, incluidas l\u00edneas de tendencia, medias m\u00f3viles y osciladores, que proporcionan valiosas perspectivas sobre el comportamiento del mercado y ayudan a identificar niveles clave de soporte y resistencia. Empieza a convertir tu tr\u00e1fico hoy mismo con el uso de nuestros teletipos de mercado y herramientas de gr\u00e1ficos integradas. <\/p>\n\t\t\t\t\t\t\t\t<\/div>\n\t\t\t\t\t<\/div>\n\t\t\t\t<\/div>\n\t\t\t\t\t<\/div>\n\t\t\t\t<\/div>\n\t\t\t\t<\/div>\n\t\t","protected":false},"excerpt":{"rendered":"<p>Tickers de mercado en directo de BlackBull Partners BlackBull Partners ofrece teletipos de mercado en directo para proporcionar a los socios una forma sencilla y eficaz de promover los movimientos del mercado en tiempo real entre su p\u00fablico objetivo. Con actualizaciones en tiempo real sobre las \u00faltimas tendencias del mercado y una interfaz f\u00e1cil de [&hellip;]<\/p>\n","protected":false},"author":6,"featured_media":0,"parent":17166,"menu_order":2,"comment_status":"closed","ping_status":"closed","template":"elementor_header_footer","meta":{"inline_featured_image":false,"footnotes":""},"class_list":["post-17182","page","type-page","status-publish","hentry"],"yoast_head":"<!-- This site is optimized with the Yoast SEO plugin v27.3 - https:\/\/yoast.com\/product\/yoast-seo-wordpress\/ -->\n<title>Tickers de mercado en directo | BlackBull Partners%.<\/title>\n<meta name=\"description\" content=\"Tickers de mercado en directo para proporcionar a los socios una forma sencilla y eficaz de promover los movimientos del mercado en tiempo real entre su p\u00fablico objetivo.\" \/>\n<meta name=\"robots\" content=\"index, follow, max-snippet:-1, max-image-preview:large, max-video-preview:-1\" \/>\n<link rel=\"canonical\" href=\"https:\/\/partners.blackbull.com\/es\/support\/resources\/widgets\/live-market-tickers\/\" \/>\n<meta property=\"og:locale\" content=\"es_ES\" \/>\n<meta property=\"og:type\" content=\"article\" \/>\n<meta property=\"og:title\" content=\"Tickers de mercado en directo | BlackBull Partners%.\" \/>\n<meta property=\"og:description\" content=\"Tickers de mercado en directo para proporcionar a los socios una forma sencilla y eficaz de promover los movimientos del mercado en tiempo real entre su p\u00fablico objetivo.\" \/>\n<meta property=\"og:url\" content=\"https:\/\/partners.blackbull.com\/es\/support\/resources\/widgets\/live-market-tickers\/\" \/>\n<meta property=\"og:site_name\" content=\"BlackBull Partners\" \/>\n<meta property=\"article:modified_time\" content=\"2025-03-24T17:59:32+00:00\" \/>\n<meta property=\"og:image\" content=\"https:\/\/partners.blackbull.com\/wp-content\/uploads\/2023\/07\/market.jpg\" \/>\n\t<meta property=\"og:image:width\" content=\"1088\" \/>\n\t<meta property=\"og:image:height\" content=\"360\" \/>\n\t<meta property=\"og:image:type\" content=\"image\/jpeg\" \/>\n<meta name=\"twitter:card\" content=\"summary_large_image\" \/>\n<meta name=\"twitter:label1\" content=\"Tiempo de lectura\" \/>\n\t<meta name=\"twitter:data1\" content=\"1 minuto\" \/>\n<script type=\"application\/ld+json\" class=\"yoast-schema-graph\">{\"@context\":\"https:\\\/\\\/schema.org\",\"@graph\":[{\"@type\":\"WebPage\",\"@id\":\"https:\\\/\\\/partners.blackbull.com\\\/es\\\/support\\\/resources\\\/widgets\\\/live-market-tickers\\\/\",\"url\":\"https:\\\/\\\/partners.blackbull.com\\\/es\\\/support\\\/resources\\\/widgets\\\/live-market-tickers\\\/\",\"name\":\"Tickers de mercado en directo | BlackBull Partners%.\",\"isPartOf\":{\"@id\":\"https:\\\/\\\/partners.blackbull.com\\\/es\\\/#website\"},\"primaryImageOfPage\":{\"@id\":\"https:\\\/\\\/partners.blackbull.com\\\/es\\\/support\\\/resources\\\/widgets\\\/live-market-tickers\\\/#primaryimage\"},\"image\":{\"@id\":\"https:\\\/\\\/partners.blackbull.com\\\/es\\\/support\\\/resources\\\/widgets\\\/live-market-tickers\\\/#primaryimage\"},\"thumbnailUrl\":\"https:\\\/\\\/partners.blackbull.com\\\/wp-content\\\/uploads\\\/2023\\\/07\\\/market.jpg\",\"datePublished\":\"2025-03-24T17:59:28+00:00\",\"dateModified\":\"2025-03-24T17:59:32+00:00\",\"description\":\"Tickers de mercado en directo para proporcionar a los socios una forma sencilla y eficaz de promover los movimientos del mercado en tiempo real entre su p\u00fablico objetivo.\",\"breadcrumb\":{\"@id\":\"https:\\\/\\\/partners.blackbull.com\\\/es\\\/support\\\/resources\\\/widgets\\\/live-market-tickers\\\/#breadcrumb\"},\"inLanguage\":\"es\",\"potentialAction\":[{\"@type\":\"ReadAction\",\"target\":[\"https:\\\/\\\/partners.blackbull.com\\\/es\\\/support\\\/resources\\\/widgets\\\/live-market-tickers\\\/\"]}]},{\"@type\":\"ImageObject\",\"inLanguage\":\"es\",\"@id\":\"https:\\\/\\\/partners.blackbull.com\\\/es\\\/support\\\/resources\\\/widgets\\\/live-market-tickers\\\/#primaryimage\",\"url\":\"https:\\\/\\\/partners.blackbull.com\\\/wp-content\\\/uploads\\\/2023\\\/07\\\/market.jpg\",\"contentUrl\":\"https:\\\/\\\/partners.blackbull.com\\\/wp-content\\\/uploads\\\/2023\\\/07\\\/market.jpg\"},{\"@type\":\"BreadcrumbList\",\"@id\":\"https:\\\/\\\/partners.blackbull.com\\\/es\\\/support\\\/resources\\\/widgets\\\/live-market-tickers\\\/#breadcrumb\",\"itemListElement\":[{\"@type\":\"ListItem\",\"position\":1,\"name\":\"Home\",\"item\":\"https:\\\/\\\/partners.blackbull.com\\\/es\\\/home-new\\\/\"},{\"@type\":\"ListItem\",\"position\":2,\"name\":\"Ayuda\",\"item\":\"https:\\\/\\\/partners.blackbull.com\\\/es\\\/ayuda\\\/\"},{\"@type\":\"ListItem\",\"position\":3,\"name\":\"Recursos\",\"item\":\"https:\\\/\\\/partners.blackbull.com\\\/es\\\/ayuda\\\/recursos\\\/\"},{\"@type\":\"ListItem\",\"position\":4,\"name\":\"Widgets\",\"item\":\"https:\\\/\\\/partners.blackbull.com\\\/es\\\/ayuda\\\/recursos\\\/widgets\\\/\"},{\"@type\":\"ListItem\",\"position\":5,\"name\":\"Tickers de mercado en directo\"}]},{\"@type\":\"WebSite\",\"@id\":\"https:\\\/\\\/partners.blackbull.com\\\/es\\\/#website\",\"url\":\"https:\\\/\\\/partners.blackbull.com\\\/es\\\/\",\"name\":\"BlackBull Partners\",\"description\":\"BlackBull Affiliates is the partner referral program of BlackBull Markets, a top-tier, award-winning, and multi-regulated forex broker.\",\"publisher\":{\"@id\":\"https:\\\/\\\/partners.blackbull.com\\\/es\\\/#organization\"},\"potentialAction\":[{\"@type\":\"SearchAction\",\"target\":{\"@type\":\"EntryPoint\",\"urlTemplate\":\"https:\\\/\\\/partners.blackbull.com\\\/es\\\/?s={search_term_string}\"},\"query-input\":{\"@type\":\"PropertyValueSpecification\",\"valueRequired\":true,\"valueName\":\"search_term_string\"}}],\"inLanguage\":\"es\"},{\"@type\":\"Organization\",\"@id\":\"https:\\\/\\\/partners.blackbull.com\\\/es\\\/#organization\",\"name\":\"BlackBull Partners\",\"url\":\"https:\\\/\\\/partners.blackbull.com\\\/es\\\/\",\"logo\":{\"@type\":\"ImageObject\",\"inLanguage\":\"es\",\"@id\":\"https:\\\/\\\/partners.blackbull.com\\\/es\\\/#\\\/schema\\\/logo\\\/image\\\/\",\"url\":\"https:\\\/\\\/partners.blackbull.com\\\/wp-content\\\/uploads\\\/2022\\\/03\\\/BBMPartnerslogo_blue.svg\",\"contentUrl\":\"https:\\\/\\\/partners.blackbull.com\\\/wp-content\\\/uploads\\\/2022\\\/03\\\/BBMPartnerslogo_blue.svg\",\"width\":981,\"height\":279,\"caption\":\"BlackBull Partners\"},\"image\":{\"@id\":\"https:\\\/\\\/partners.blackbull.com\\\/es\\\/#\\\/schema\\\/logo\\\/image\\\/\"}}]}<\/script>\n<!-- \/ Yoast SEO plugin. -->","yoast_head_json":{"title":"Tickers de mercado en directo | BlackBull Partners%.","description":"Tickers de mercado en directo para proporcionar a los socios una forma sencilla y eficaz de promover los movimientos del mercado en tiempo real entre su p\u00fablico objetivo.","robots":{"index":"index","follow":"follow","max-snippet":"max-snippet:-1","max-image-preview":"max-image-preview:large","max-video-preview":"max-video-preview:-1"},"canonical":"https:\/\/partners.blackbull.com\/es\/support\/resources\/widgets\/live-market-tickers\/","og_locale":"es_ES","og_type":"article","og_title":"Tickers de mercado en directo | BlackBull Partners%.","og_description":"Tickers de mercado en directo para proporcionar a los socios una forma sencilla y eficaz de promover los movimientos del mercado en tiempo real entre su p\u00fablico objetivo.","og_url":"https:\/\/partners.blackbull.com\/es\/support\/resources\/widgets\/live-market-tickers\/","og_site_name":"BlackBull Partners","article_modified_time":"2025-03-24T17:59:32+00:00","og_image":[{"width":1088,"height":360,"url":"https:\/\/partners.blackbull.com\/wp-content\/uploads\/2023\/07\/market.jpg","type":"image\/jpeg"}],"twitter_card":"summary_large_image","twitter_misc":{"Tiempo de lectura":"1 minuto"},"schema":{"@context":"https:\/\/schema.org","@graph":[{"@type":"WebPage","@id":"https:\/\/partners.blackbull.com\/es\/support\/resources\/widgets\/live-market-tickers\/","url":"https:\/\/partners.blackbull.com\/es\/support\/resources\/widgets\/live-market-tickers\/","name":"Tickers de mercado en directo | BlackBull Partners%.","isPartOf":{"@id":"https:\/\/partners.blackbull.com\/es\/#website"},"primaryImageOfPage":{"@id":"https:\/\/partners.blackbull.com\/es\/support\/resources\/widgets\/live-market-tickers\/#primaryimage"},"image":{"@id":"https:\/\/partners.blackbull.com\/es\/support\/resources\/widgets\/live-market-tickers\/#primaryimage"},"thumbnailUrl":"https:\/\/partners.blackbull.com\/wp-content\/uploads\/2023\/07\/market.jpg","datePublished":"2025-03-24T17:59:28+00:00","dateModified":"2025-03-24T17:59:32+00:00","description":"Tickers de mercado en directo para proporcionar a los socios una forma sencilla y eficaz de promover los movimientos del mercado en tiempo real entre su p\u00fablico objetivo.","breadcrumb":{"@id":"https:\/\/partners.blackbull.com\/es\/support\/resources\/widgets\/live-market-tickers\/#breadcrumb"},"inLanguage":"es","potentialAction":[{"@type":"ReadAction","target":["https:\/\/partners.blackbull.com\/es\/support\/resources\/widgets\/live-market-tickers\/"]}]},{"@type":"ImageObject","inLanguage":"es","@id":"https:\/\/partners.blackbull.com\/es\/support\/resources\/widgets\/live-market-tickers\/#primaryimage","url":"https:\/\/partners.blackbull.com\/wp-content\/uploads\/2023\/07\/market.jpg","contentUrl":"https:\/\/partners.blackbull.com\/wp-content\/uploads\/2023\/07\/market.jpg"},{"@type":"BreadcrumbList","@id":"https:\/\/partners.blackbull.com\/es\/support\/resources\/widgets\/live-market-tickers\/#breadcrumb","itemListElement":[{"@type":"ListItem","position":1,"name":"Home","item":"https:\/\/partners.blackbull.com\/es\/home-new\/"},{"@type":"ListItem","position":2,"name":"Ayuda","item":"https:\/\/partners.blackbull.com\/es\/ayuda\/"},{"@type":"ListItem","position":3,"name":"Recursos","item":"https:\/\/partners.blackbull.com\/es\/ayuda\/recursos\/"},{"@type":"ListItem","position":4,"name":"Widgets","item":"https:\/\/partners.blackbull.com\/es\/ayuda\/recursos\/widgets\/"},{"@type":"ListItem","position":5,"name":"Tickers de mercado en directo"}]},{"@type":"WebSite","@id":"https:\/\/partners.blackbull.com\/es\/#website","url":"https:\/\/partners.blackbull.com\/es\/","name":"BlackBull Partners","description":"BlackBull Affiliates is the partner referral program of BlackBull Markets, a top-tier, award-winning, and multi-regulated forex broker.","publisher":{"@id":"https:\/\/partners.blackbull.com\/es\/#organization"},"potentialAction":[{"@type":"SearchAction","target":{"@type":"EntryPoint","urlTemplate":"https:\/\/partners.blackbull.com\/es\/?s={search_term_string}"},"query-input":{"@type":"PropertyValueSpecification","valueRequired":true,"valueName":"search_term_string"}}],"inLanguage":"es"},{"@type":"Organization","@id":"https:\/\/partners.blackbull.com\/es\/#organization","name":"BlackBull Partners","url":"https:\/\/partners.blackbull.com\/es\/","logo":{"@type":"ImageObject","inLanguage":"es","@id":"https:\/\/partners.blackbull.com\/es\/#\/schema\/logo\/image\/","url":"https:\/\/partners.blackbull.com\/wp-content\/uploads\/2022\/03\/BBMPartnerslogo_blue.svg","contentUrl":"https:\/\/partners.blackbull.com\/wp-content\/uploads\/2022\/03\/BBMPartnerslogo_blue.svg","width":981,"height":279,"caption":"BlackBull Partners"},"image":{"@id":"https:\/\/partners.blackbull.com\/es\/#\/schema\/logo\/image\/"}}]}},"_links":{"self":[{"href":"https:\/\/partners.blackbull.com\/es\/wp-json\/wp\/v2\/pages\/17182","targetHints":{"allow":["GET"]}}],"collection":[{"href":"https:\/\/partners.blackbull.com\/es\/wp-json\/wp\/v2\/pages"}],"about":[{"href":"https:\/\/partners.blackbull.com\/es\/wp-json\/wp\/v2\/types\/page"}],"author":[{"embeddable":true,"href":"https:\/\/partners.blackbull.com\/es\/wp-json\/wp\/v2\/users\/6"}],"replies":[{"embeddable":true,"href":"https:\/\/partners.blackbull.com\/es\/wp-json\/wp\/v2\/comments?post=17182"}],"version-history":[{"count":1,"href":"https:\/\/partners.blackbull.com\/es\/wp-json\/wp\/v2\/pages\/17182\/revisions"}],"predecessor-version":[{"id":17183,"href":"https:\/\/partners.blackbull.com\/es\/wp-json\/wp\/v2\/pages\/17182\/revisions\/17183"}],"up":[{"embeddable":true,"href":"https:\/\/partners.blackbull.com\/es\/wp-json\/wp\/v2\/pages\/17166"}],"wp:attachment":[{"href":"https:\/\/partners.blackbull.com\/es\/wp-json\/wp\/v2\/media?parent=17182"}],"curies":[{"name":"wp","href":"https:\/\/api.w.org\/{rel}","templated":true}]}}