{"id":17186,"date":"2025-03-25T06:59:30","date_gmt":"2025-03-24T17:59:30","guid":{"rendered":"https:\/\/partners.blackbull.com\/ayuda\/recursos\/widgets\/formularios-de-inscripcion\/"},"modified":"2025-03-25T06:59:33","modified_gmt":"2025-03-24T17:59:33","slug":"signup-forms","status":"publish","type":"page","link":"https:\/\/partners.blackbull.com\/es\/support\/resources\/widgets\/signup-forms\/","title":{"rendered":"Formularios de inscripci\u00f3n"},"content":{"rendered":"\t\t<div data-elementor-type=\"wp-page\" data-elementor-id=\"17186\" class=\"elementor elementor-17186 elementor-4285\" data-elementor-post-type=\"page\">\n\t\t\t\t<div class=\"elementor-element elementor-element-59854e5b e-flex e-con-boxed e-con e-parent\" data-id=\"59854e5b\" data-element_type=\"container\" data-e-type=\"container\" data-settings=\"{&quot;background_background&quot;:&quot;classic&quot;,&quot;jet_parallax_layout_list&quot;:[]}\">\n\t\t\t\t\t<div class=\"e-con-inner\">\n\t\t\t\t<div class=\"elementor-element elementor-element-6c926eab elementor-widget elementor-widget-breadcrumbs\" data-id=\"6c926eab\" data-element_type=\"widget\" data-e-type=\"widget\" data-widget_type=\"breadcrumbs.default\">\n\t\t\t\t\t<p id=\"breadcrumbs\"><span><span><a href=\"https:\/\/partners.blackbull.com\/es\/home-new\/\">Home<\/a><\/span><\/span><\/p>\t\t\t\t<\/div>\n\t\t\t\t\t<\/div>\n\t\t\t\t<\/div>\n\t\t<div class=\"elementor-element elementor-element-679d586a e-flex e-con-boxed e-con e-parent\" data-id=\"679d586a\" data-element_type=\"container\" data-e-type=\"container\" data-settings=\"{&quot;background_background&quot;:&quot;classic&quot;,&quot;jet_parallax_layout_list&quot;:[]}\">\n\t\t\t\t\t<div class=\"e-con-inner\">\n\t\t<div class=\"elementor-element elementor-element-2faa1d87 e-con-full e-flex e-con e-child\" data-id=\"2faa1d87\" data-element_type=\"container\" data-e-type=\"container\" data-settings=\"{&quot;background_background&quot;:&quot;classic&quot;,&quot;jet_parallax_layout_list&quot;:[]}\">\n\t\t\t\t<div class=\"elementor-element elementor-element-16bf4923 elementor-widget__width-initial elementor-widget elementor-widget-heading\" data-id=\"16bf4923\" data-element_type=\"widget\" data-e-type=\"widget\" data-widget_type=\"heading.default\">\n\t\t\t\t\t<h2 class=\"elementor-heading-title elementor-size-default\">Formularios de inscripci\u00f3n para socios de BlackBull<\/h2>\t\t\t\t<\/div>\n\t\t\t\t<\/div>\n\t\t<div class=\"elementor-element elementor-element-283ec855 e-con-full e-flex e-con e-child\" data-id=\"283ec855\" data-element_type=\"container\" data-e-type=\"container\" data-settings=\"{&quot;jet_parallax_layout_list&quot;:[]}\">\n\t\t\t\t<div class=\"elementor-element elementor-element-1b41454d link-text elementor-widget elementor-widget-text-editor\" data-id=\"1b41454d\" data-element_type=\"widget\" data-e-type=\"widget\" data-widget_type=\"text-editor.default\">\n\t\t\t\t\t\t\t\t\t<p>Un formulario de registro es un formulario basado en web que se utiliza para capturar informaci\u00f3n de personas que est\u00e1n interesadas en convertirse en clientes con BlackBull Markets.<\/p>\n\t\t\t\t\t\t\t\t<\/div>\n\t\t\t\t<\/div>\n\t\t\t\t\t<\/div>\n\t\t\t\t<\/div>\n\t\t<div class=\"elementor-element elementor-element-daf0bde e-flex e-con-boxed e-con e-parent\" data-id=\"daf0bde\" data-element_type=\"container\" data-e-type=\"container\" data-settings=\"{&quot;jet_parallax_layout_list&quot;:[]}\">\n\t\t\t\t\t<div class=\"e-con-inner\">\n\t\t<div class=\"elementor-element elementor-element-907fa5a e-flex e-con-boxed e-con e-child\" data-id=\"907fa5a\" data-element_type=\"container\" data-e-type=\"container\" data-settings=\"{&quot;jet_parallax_layout_list&quot;:[]}\">\n\t\t\t\t\t<div class=\"e-con-inner\">\n\t\t\t\t<div class=\"elementor-element elementor-element-2ac9be5 elementor-widget elementor-widget-text-editor\" data-id=\"2ac9be5\" data-element_type=\"widget\" data-e-type=\"widget\" data-widget_type=\"text-editor.default\">\n\t\t\t\t\t\t\t\t\t<p>El formulario requiere que los usuarios proporcionen informaci\u00f3n personal como nombre, direcci\u00f3n de correo electr\u00f3nico e informaci\u00f3n m\u00e1s detallada como edad, ubicaci\u00f3n, etc., dependiendo del tipo de cuenta que soliciten. Esta informaci\u00f3n se recoge con el fin de crear una cuenta de usuario y sigue las directrices normativas sobre la informaci\u00f3n que necesitamos para dar de alta a un nuevo cliente. El formulario de alta es un elemento crucial del proceso de captaci\u00f3n de clientes, ya que nos permite recopilar informaci\u00f3n valiosa sobre clientes potenciales y crear una base de datos para futuros esfuerzos de marketing.  <\/p>\n\t\t\t\t\t\t\t\t<\/div>\n\t\t\t\t<div class=\"elementor-element elementor-element-eb22950 elementor-widget elementor-widget-image\" data-id=\"eb22950\" data-element_type=\"widget\" data-e-type=\"widget\" data-widget_type=\"image.default\">\n\t\t\t\t\t\t\t\t\t\t\t\t\t\t\t<img fetchpriority=\"high\" decoding=\"async\" width=\"520\" height=\"293\" src=\"https:\/\/partners.blackbull.com\/wp-content\/uploads\/2023\/07\/subscription-widget.gif\" class=\"attachment-full size-full wp-image-13047\" alt=\"\" \/>\t\t\t\t\t\t\t\t\t\t\t\t\t\t\t<\/div>\n\t\t<div class=\"elementor-element elementor-element-b825cbb e-flex e-con-boxed e-con e-child\" data-id=\"b825cbb\" data-element_type=\"container\" data-e-type=\"container\" data-settings=\"{&quot;jet_parallax_layout_list&quot;:[]}\">\n\t\t\t\t\t<div class=\"e-con-inner\">\n\t\t\t\t<div class=\"elementor-element elementor-element-769d04e elementor-widget__width-initial elementor-widget elementor-widget-text-editor\" data-id=\"769d04e\" data-element_type=\"widget\" data-e-type=\"widget\" data-widget_type=\"text-editor.default\">\n\t\t\t\t\t\t\t\t\t<p>Si los formularios de registro son demasiado largos, o hay que seguir demasiados pasos, esto puede ser un obst\u00e1culo para la incorporaci\u00f3n de nuevos clientes. Por eso, hemos simplificado dr\u00e1sticamente el paso inicial de incorporaci\u00f3n. En BlackBull Partners, puedes utilizar un iFrame de nuestro formulario de solicitud en tu sitio web, que los usuarios pueden rellenar sin ni siquiera tener que salir de tu sitio web.  <\/p>\n\t\t\t\t\t\t\t\t<\/div>\n\t\t\t\t<div class=\"elementor-element elementor-element-de0836f elementor-widget__width-initial elementor-widget elementor-widget-text-editor\" data-id=\"de0836f\" data-element_type=\"widget\" data-e-type=\"widget\" data-widget_type=\"text-editor.default\">\n\t\t\t\t\t\t\t\t\t<p>Los clientes potenciales se te atribuir\u00e1n correctamente cuando se registren utilizando este m\u00e9todo. La tasa de conversi\u00f3n es mucho mayor que con el m\u00e9todo est\u00e1ndar de la p\u00e1gina de destino, por lo que es una forma estupenda de aumentar tus ganancias por clic. Se trata de una implementaci\u00f3n personalizada, as\u00ed que ponte en contacto con nuestro equipo para empezar.  <\/p>\n\t\t\t\t\t\t\t\t<\/div>\n\t\t\t\t\t<\/div>\n\t\t\t\t<\/div>\n\t\t\t\t\t<\/div>\n\t\t\t\t<\/div>\n\t\t\t\t\t<\/div>\n\t\t\t\t<\/div>\n\t\t\t\t<\/div>\n\t\t","protected":false},"excerpt":{"rendered":"<p>Formularios de inscripci\u00f3n para socios de BlackBull Un formulario de registro es un formulario basado en web que se utiliza para capturar informaci\u00f3n de personas que est\u00e1n interesadas en convertirse en clientes con BlackBull Markets. El formulario requiere que los usuarios proporcionen informaci\u00f3n personal como nombre, direcci\u00f3n de correo electr\u00f3nico e informaci\u00f3n m\u00e1s detallada como [&hellip;]<\/p>\n","protected":false},"author":6,"featured_media":0,"parent":17166,"menu_order":4,"comment_status":"closed","ping_status":"closed","template":"elementor_header_footer","meta":{"inline_featured_image":false,"footnotes":""},"class_list":["post-17186","page","type-page","status-publish","hentry"],"yoast_head":"<!-- This site is optimized with the Yoast SEO plugin v27.3 - https:\/\/yoast.com\/product\/yoast-seo-wordpress\/ -->\n<title>Formularios de inscripci\u00f3n | BlackBull Partners%.<\/title>\n<meta name=\"description\" content=\"Un formulario de registro es un formulario basado en web que se utiliza para capturar informaci\u00f3n de personas que est\u00e1n interesadas en convertirse en clientes con BlackBull Markets.\" \/>\n<meta name=\"robots\" content=\"index, follow, max-snippet:-1, max-image-preview:large, max-video-preview:-1\" \/>\n<link rel=\"canonical\" href=\"https:\/\/partners.blackbull.com\/es\/support\/resources\/widgets\/signup-forms\/\" \/>\n<meta property=\"og:locale\" content=\"es_ES\" \/>\n<meta property=\"og:type\" content=\"article\" \/>\n<meta property=\"og:title\" content=\"Formularios de inscripci\u00f3n | BlackBull Partners%.\" \/>\n<meta property=\"og:description\" content=\"Un formulario de registro es un formulario basado en web que se utiliza para capturar informaci\u00f3n de personas que est\u00e1n interesadas en convertirse en clientes con BlackBull Markets.\" \/>\n<meta property=\"og:url\" content=\"https:\/\/partners.blackbull.com\/es\/support\/resources\/widgets\/signup-forms\/\" \/>\n<meta property=\"og:site_name\" content=\"BlackBull Partners\" \/>\n<meta property=\"article:modified_time\" content=\"2025-03-24T17:59:33+00:00\" \/>\n<meta property=\"og:image\" content=\"https:\/\/partners.blackbull.com\/wp-content\/uploads\/2023\/07\/subscription-widget.gif\" \/>\n\t<meta property=\"og:image:width\" content=\"520\" \/>\n\t<meta property=\"og:image:height\" content=\"293\" \/>\n\t<meta property=\"og:image:type\" content=\"image\/gif\" \/>\n<meta name=\"twitter:card\" content=\"summary_large_image\" \/>\n<meta name=\"twitter:label1\" content=\"Tiempo de lectura\" \/>\n\t<meta name=\"twitter:data1\" content=\"1 minuto\" \/>\n<script type=\"application\/ld+json\" class=\"yoast-schema-graph\">{\"@context\":\"https:\\\/\\\/schema.org\",\"@graph\":[{\"@type\":\"WebPage\",\"@id\":\"https:\\\/\\\/partners.blackbull.com\\\/es\\\/support\\\/resources\\\/widgets\\\/signup-forms\\\/\",\"url\":\"https:\\\/\\\/partners.blackbull.com\\\/es\\\/support\\\/resources\\\/widgets\\\/signup-forms\\\/\",\"name\":\"Formularios de inscripci\u00f3n | BlackBull Partners%.\",\"isPartOf\":{\"@id\":\"https:\\\/\\\/partners.blackbull.com\\\/es\\\/#website\"},\"primaryImageOfPage\":{\"@id\":\"https:\\\/\\\/partners.blackbull.com\\\/es\\\/support\\\/resources\\\/widgets\\\/signup-forms\\\/#primaryimage\"},\"image\":{\"@id\":\"https:\\\/\\\/partners.blackbull.com\\\/es\\\/support\\\/resources\\\/widgets\\\/signup-forms\\\/#primaryimage\"},\"thumbnailUrl\":\"https:\\\/\\\/partners.blackbull.com\\\/wp-content\\\/uploads\\\/2023\\\/07\\\/subscription-widget.gif\",\"datePublished\":\"2025-03-24T17:59:30+00:00\",\"dateModified\":\"2025-03-24T17:59:33+00:00\",\"description\":\"Un formulario de registro es un formulario basado en web que se utiliza para capturar informaci\u00f3n de personas que est\u00e1n interesadas en convertirse en clientes con BlackBull Markets.\",\"breadcrumb\":{\"@id\":\"https:\\\/\\\/partners.blackbull.com\\\/es\\\/support\\\/resources\\\/widgets\\\/signup-forms\\\/#breadcrumb\"},\"inLanguage\":\"es\",\"potentialAction\":[{\"@type\":\"ReadAction\",\"target\":[\"https:\\\/\\\/partners.blackbull.com\\\/es\\\/support\\\/resources\\\/widgets\\\/signup-forms\\\/\"]}]},{\"@type\":\"ImageObject\",\"inLanguage\":\"es\",\"@id\":\"https:\\\/\\\/partners.blackbull.com\\\/es\\\/support\\\/resources\\\/widgets\\\/signup-forms\\\/#primaryimage\",\"url\":\"https:\\\/\\\/partners.blackbull.com\\\/wp-content\\\/uploads\\\/2023\\\/07\\\/subscription-widget.gif\",\"contentUrl\":\"https:\\\/\\\/partners.blackbull.com\\\/wp-content\\\/uploads\\\/2023\\\/07\\\/subscription-widget.gif\"},{\"@type\":\"BreadcrumbList\",\"@id\":\"https:\\\/\\\/partners.blackbull.com\\\/es\\\/support\\\/resources\\\/widgets\\\/signup-forms\\\/#breadcrumb\",\"itemListElement\":[{\"@type\":\"ListItem\",\"position\":1,\"name\":\"Home\",\"item\":\"https:\\\/\\\/partners.blackbull.com\\\/es\\\/home-new\\\/\"},{\"@type\":\"ListItem\",\"position\":2,\"name\":\"Ayuda\",\"item\":\"https:\\\/\\\/partners.blackbull.com\\\/es\\\/ayuda\\\/\"},{\"@type\":\"ListItem\",\"position\":3,\"name\":\"Recursos\",\"item\":\"https:\\\/\\\/partners.blackbull.com\\\/es\\\/ayuda\\\/recursos\\\/\"},{\"@type\":\"ListItem\",\"position\":4,\"name\":\"Widgets\",\"item\":\"https:\\\/\\\/partners.blackbull.com\\\/es\\\/ayuda\\\/recursos\\\/widgets\\\/\"},{\"@type\":\"ListItem\",\"position\":5,\"name\":\"Formularios de inscripci\u00f3n\"}]},{\"@type\":\"WebSite\",\"@id\":\"https:\\\/\\\/partners.blackbull.com\\\/es\\\/#website\",\"url\":\"https:\\\/\\\/partners.blackbull.com\\\/es\\\/\",\"name\":\"BlackBull Partners\",\"description\":\"BlackBull Affiliates is the partner referral program of BlackBull Markets, a top-tier, award-winning, and multi-regulated forex broker.\",\"publisher\":{\"@id\":\"https:\\\/\\\/partners.blackbull.com\\\/es\\\/#organization\"},\"potentialAction\":[{\"@type\":\"SearchAction\",\"target\":{\"@type\":\"EntryPoint\",\"urlTemplate\":\"https:\\\/\\\/partners.blackbull.com\\\/es\\\/?s={search_term_string}\"},\"query-input\":{\"@type\":\"PropertyValueSpecification\",\"valueRequired\":true,\"valueName\":\"search_term_string\"}}],\"inLanguage\":\"es\"},{\"@type\":\"Organization\",\"@id\":\"https:\\\/\\\/partners.blackbull.com\\\/es\\\/#organization\",\"name\":\"BlackBull Partners\",\"url\":\"https:\\\/\\\/partners.blackbull.com\\\/es\\\/\",\"logo\":{\"@type\":\"ImageObject\",\"inLanguage\":\"es\",\"@id\":\"https:\\\/\\\/partners.blackbull.com\\\/es\\\/#\\\/schema\\\/logo\\\/image\\\/\",\"url\":\"https:\\\/\\\/partners.blackbull.com\\\/wp-content\\\/uploads\\\/2022\\\/03\\\/BBMPartnerslogo_blue.svg\",\"contentUrl\":\"https:\\\/\\\/partners.blackbull.com\\\/wp-content\\\/uploads\\\/2022\\\/03\\\/BBMPartnerslogo_blue.svg\",\"width\":981,\"height\":279,\"caption\":\"BlackBull Partners\"},\"image\":{\"@id\":\"https:\\\/\\\/partners.blackbull.com\\\/es\\\/#\\\/schema\\\/logo\\\/image\\\/\"}}]}<\/script>\n<!-- \/ Yoast SEO plugin. -->","yoast_head_json":{"title":"Formularios de inscripci\u00f3n | BlackBull Partners%.","description":"Un formulario de registro es un formulario basado en web que se utiliza para capturar informaci\u00f3n de personas que est\u00e1n interesadas en convertirse en clientes con BlackBull Markets.","robots":{"index":"index","follow":"follow","max-snippet":"max-snippet:-1","max-image-preview":"max-image-preview:large","max-video-preview":"max-video-preview:-1"},"canonical":"https:\/\/partners.blackbull.com\/es\/support\/resources\/widgets\/signup-forms\/","og_locale":"es_ES","og_type":"article","og_title":"Formularios de inscripci\u00f3n | BlackBull Partners%.","og_description":"Un formulario de registro es un formulario basado en web que se utiliza para capturar informaci\u00f3n de personas que est\u00e1n interesadas en convertirse en clientes con BlackBull Markets.","og_url":"https:\/\/partners.blackbull.com\/es\/support\/resources\/widgets\/signup-forms\/","og_site_name":"BlackBull Partners","article_modified_time":"2025-03-24T17:59:33+00:00","og_image":[{"width":520,"height":293,"url":"https:\/\/partners.blackbull.com\/wp-content\/uploads\/2023\/07\/subscription-widget.gif","type":"image\/gif"}],"twitter_card":"summary_large_image","twitter_misc":{"Tiempo de lectura":"1 minuto"},"schema":{"@context":"https:\/\/schema.org","@graph":[{"@type":"WebPage","@id":"https:\/\/partners.blackbull.com\/es\/support\/resources\/widgets\/signup-forms\/","url":"https:\/\/partners.blackbull.com\/es\/support\/resources\/widgets\/signup-forms\/","name":"Formularios de inscripci\u00f3n | BlackBull Partners%.","isPartOf":{"@id":"https:\/\/partners.blackbull.com\/es\/#website"},"primaryImageOfPage":{"@id":"https:\/\/partners.blackbull.com\/es\/support\/resources\/widgets\/signup-forms\/#primaryimage"},"image":{"@id":"https:\/\/partners.blackbull.com\/es\/support\/resources\/widgets\/signup-forms\/#primaryimage"},"thumbnailUrl":"https:\/\/partners.blackbull.com\/wp-content\/uploads\/2023\/07\/subscription-widget.gif","datePublished":"2025-03-24T17:59:30+00:00","dateModified":"2025-03-24T17:59:33+00:00","description":"Un formulario de registro es un formulario basado en web que se utiliza para capturar informaci\u00f3n de personas que est\u00e1n interesadas en convertirse en clientes con BlackBull Markets.","breadcrumb":{"@id":"https:\/\/partners.blackbull.com\/es\/support\/resources\/widgets\/signup-forms\/#breadcrumb"},"inLanguage":"es","potentialAction":[{"@type":"ReadAction","target":["https:\/\/partners.blackbull.com\/es\/support\/resources\/widgets\/signup-forms\/"]}]},{"@type":"ImageObject","inLanguage":"es","@id":"https:\/\/partners.blackbull.com\/es\/support\/resources\/widgets\/signup-forms\/#primaryimage","url":"https:\/\/partners.blackbull.com\/wp-content\/uploads\/2023\/07\/subscription-widget.gif","contentUrl":"https:\/\/partners.blackbull.com\/wp-content\/uploads\/2023\/07\/subscription-widget.gif"},{"@type":"BreadcrumbList","@id":"https:\/\/partners.blackbull.com\/es\/support\/resources\/widgets\/signup-forms\/#breadcrumb","itemListElement":[{"@type":"ListItem","position":1,"name":"Home","item":"https:\/\/partners.blackbull.com\/es\/home-new\/"},{"@type":"ListItem","position":2,"name":"Ayuda","item":"https:\/\/partners.blackbull.com\/es\/ayuda\/"},{"@type":"ListItem","position":3,"name":"Recursos","item":"https:\/\/partners.blackbull.com\/es\/ayuda\/recursos\/"},{"@type":"ListItem","position":4,"name":"Widgets","item":"https:\/\/partners.blackbull.com\/es\/ayuda\/recursos\/widgets\/"},{"@type":"ListItem","position":5,"name":"Formularios de inscripci\u00f3n"}]},{"@type":"WebSite","@id":"https:\/\/partners.blackbull.com\/es\/#website","url":"https:\/\/partners.blackbull.com\/es\/","name":"BlackBull Partners","description":"BlackBull Affiliates is the partner referral program of BlackBull Markets, a top-tier, award-winning, and multi-regulated forex broker.","publisher":{"@id":"https:\/\/partners.blackbull.com\/es\/#organization"},"potentialAction":[{"@type":"SearchAction","target":{"@type":"EntryPoint","urlTemplate":"https:\/\/partners.blackbull.com\/es\/?s={search_term_string}"},"query-input":{"@type":"PropertyValueSpecification","valueRequired":true,"valueName":"search_term_string"}}],"inLanguage":"es"},{"@type":"Organization","@id":"https:\/\/partners.blackbull.com\/es\/#organization","name":"BlackBull Partners","url":"https:\/\/partners.blackbull.com\/es\/","logo":{"@type":"ImageObject","inLanguage":"es","@id":"https:\/\/partners.blackbull.com\/es\/#\/schema\/logo\/image\/","url":"https:\/\/partners.blackbull.com\/wp-content\/uploads\/2022\/03\/BBMPartnerslogo_blue.svg","contentUrl":"https:\/\/partners.blackbull.com\/wp-content\/uploads\/2022\/03\/BBMPartnerslogo_blue.svg","width":981,"height":279,"caption":"BlackBull Partners"},"image":{"@id":"https:\/\/partners.blackbull.com\/es\/#\/schema\/logo\/image\/"}}]}},"_links":{"self":[{"href":"https:\/\/partners.blackbull.com\/es\/wp-json\/wp\/v2\/pages\/17186","targetHints":{"allow":["GET"]}}],"collection":[{"href":"https:\/\/partners.blackbull.com\/es\/wp-json\/wp\/v2\/pages"}],"about":[{"href":"https:\/\/partners.blackbull.com\/es\/wp-json\/wp\/v2\/types\/page"}],"author":[{"embeddable":true,"href":"https:\/\/partners.blackbull.com\/es\/wp-json\/wp\/v2\/users\/6"}],"replies":[{"embeddable":true,"href":"https:\/\/partners.blackbull.com\/es\/wp-json\/wp\/v2\/comments?post=17186"}],"version-history":[{"count":1,"href":"https:\/\/partners.blackbull.com\/es\/wp-json\/wp\/v2\/pages\/17186\/revisions"}],"predecessor-version":[{"id":17187,"href":"https:\/\/partners.blackbull.com\/es\/wp-json\/wp\/v2\/pages\/17186\/revisions\/17187"}],"up":[{"embeddable":true,"href":"https:\/\/partners.blackbull.com\/es\/wp-json\/wp\/v2\/pages\/17166"}],"wp:attachment":[{"href":"https:\/\/partners.blackbull.com\/es\/wp-json\/wp\/v2\/media?parent=17186"}],"curies":[{"name":"wp","href":"https:\/\/api.w.org\/{rel}","templated":true}]}}