{"id":17190,"date":"2025-03-25T06:59:32","date_gmt":"2025-03-24T17:59:32","guid":{"rendered":"https:\/\/partners.blackbull.com\/ayuda\/recursos\/widgets\/analizadores-de-sentimiento\/"},"modified":"2025-03-25T06:59:33","modified_gmt":"2025-03-24T17:59:33","slug":"sentiment-analysers","status":"publish","type":"page","link":"https:\/\/partners.blackbull.com\/es\/support\/resources\/widgets\/sentiment-analysers\/","title":{"rendered":"Analizadores de Sentimiento"},"content":{"rendered":"\t\t<div data-elementor-type=\"wp-page\" data-elementor-id=\"17190\" class=\"elementor elementor-17190 elementor-4292\" data-elementor-post-type=\"page\">\n\t\t\t\t<div class=\"elementor-element elementor-element-306de873 e-flex e-con-boxed e-con e-parent\" data-id=\"306de873\" data-element_type=\"container\" data-e-type=\"container\" data-settings=\"{&quot;background_background&quot;:&quot;classic&quot;,&quot;jet_parallax_layout_list&quot;:[]}\">\n\t\t\t\t\t<div class=\"e-con-inner\">\n\t\t\t\t<div class=\"elementor-element elementor-element-c8b249 elementor-widget elementor-widget-breadcrumbs\" data-id=\"c8b249\" data-element_type=\"widget\" data-e-type=\"widget\" data-widget_type=\"breadcrumbs.default\">\n\t\t\t\t\t<p id=\"breadcrumbs\"><span><span><a href=\"https:\/\/partners.blackbull.com\/es\/home-new\/\">Home<\/a><\/span><\/span><\/p>\t\t\t\t<\/div>\n\t\t\t\t\t<\/div>\n\t\t\t\t<\/div>\n\t\t<div class=\"elementor-element elementor-element-7110c866 e-flex e-con-boxed e-con e-parent\" data-id=\"7110c866\" data-element_type=\"container\" data-e-type=\"container\" data-settings=\"{&quot;background_background&quot;:&quot;classic&quot;,&quot;jet_parallax_layout_list&quot;:[]}\">\n\t\t\t\t\t<div class=\"e-con-inner\">\n\t\t<div class=\"elementor-element elementor-element-2294a583 e-con-full e-flex e-con e-child\" data-id=\"2294a583\" data-element_type=\"container\" data-e-type=\"container\" data-settings=\"{&quot;background_background&quot;:&quot;classic&quot;,&quot;jet_parallax_layout_list&quot;:[]}\">\n\t\t\t\t<div class=\"elementor-element elementor-element-686c0299 elementor-widget__width-initial elementor-widget elementor-widget-heading\" data-id=\"686c0299\" data-element_type=\"widget\" data-e-type=\"widget\" data-widget_type=\"heading.default\">\n\t\t\t\t\t<h2 class=\"elementor-heading-title elementor-size-default\">BlackBull Partners Analizadores de Sentimiento<\/h2>\t\t\t\t<\/div>\n\t\t\t\t<\/div>\n\t\t<div class=\"elementor-element elementor-element-19a3e36e e-con-full e-flex e-con e-child\" data-id=\"19a3e36e\" data-element_type=\"container\" data-e-type=\"container\" data-settings=\"{&quot;jet_parallax_layout_list&quot;:[]}\">\n\t\t\t\t<div class=\"elementor-element elementor-element-3e96f929 link-text elementor-widget elementor-widget-text-editor\" data-id=\"3e96f929\" data-element_type=\"widget\" data-e-type=\"widget\" data-widget_type=\"text-editor.default\">\n\t\t\t\t\t\t\t\t\t<p>El sentimiento trading se refiere a la actitud o sentimiento general de los participantes en el mercado hacia un valor o \u00edndice de mercado concreto. Se utiliza para calibrar el nivel de alcistas o bajistas en el mercado y puede proporcionar informaci\u00f3n valiosa sobre las tendencias del mercado y los posibles movimientos futuros de los precios. <\/p>\n\t\t\t\t\t\t\t\t<\/div>\n\t\t\t\t<\/div>\n\t\t\t\t\t<\/div>\n\t\t\t\t<\/div>\n\t\t<div class=\"elementor-element elementor-element-ba7712b e-flex e-con-boxed e-con e-parent\" data-id=\"ba7712b\" data-element_type=\"container\" data-e-type=\"container\" data-settings=\"{&quot;jet_parallax_layout_list&quot;:[]}\">\n\t\t\t\t\t<div class=\"e-con-inner\">\n\t\t<div class=\"elementor-element elementor-element-625e28b e-flex e-con-boxed e-con e-child\" data-id=\"625e28b\" data-element_type=\"container\" data-e-type=\"container\" data-settings=\"{&quot;jet_parallax_layout_list&quot;:[]}\">\n\t\t\t\t\t<div class=\"e-con-inner\">\n\t\t\t\t<div class=\"elementor-element elementor-element-3c13743 elementor-widget elementor-widget-heading\" data-id=\"3c13743\" data-element_type=\"widget\" data-e-type=\"widget\" data-widget_type=\"heading.default\">\n\t\t\t\t\t<h4 class=\"elementor-heading-title elementor-size-default\">El sentimiento de trading se refiere a la actitud o sentimiento general de los participantes en el mercado hacia un valor o \u00edndice de mercado concreto.<\/h4>\t\t\t\t<\/div>\n\t\t<div class=\"elementor-element elementor-element-77781bb e-flex e-con-boxed e-con e-child\" data-id=\"77781bb\" data-element_type=\"container\" data-e-type=\"container\" data-settings=\"{&quot;jet_parallax_layout_list&quot;:[]}\">\n\t\t\t\t\t<div class=\"e-con-inner\">\n\t\t\t\t<div class=\"elementor-element elementor-element-e039ecd elementor-widget__width-initial elementor-widget elementor-widget-text-editor\" data-id=\"e039ecd\" data-element_type=\"widget\" data-e-type=\"widget\" data-widget_type=\"text-editor.default\">\n\t\t\t\t\t\t\t\t\t<p>Se utiliza para calibrar el nivel de alcistas o bajistas en el mercado y puede proporcionar informaci\u00f3n valiosa sobre las tendencias del mercado y los posibles movimientos futuros de los precios.<\/p> \n<p>El sentimiento de trading suele medirse analizando diversas fuentes de datos, como art\u00edculos de noticias, publicaciones en redes sociales e informes de analistas, para determinar el estado de \u00e1nimo general de los participantes en el mercado. Esta informaci\u00f3n puede utilizarse para tomar decisiones de trading informadas, como entrar en una posici\u00f3n larga en un valor con un sentimiento alcista o salir de una posici\u00f3n en un valor con un sentimiento bajista. <\/p> \n<p>El sentimiento de trading puede medirse analizando la actividad de trading, como el volumen de operaciones y el n\u00famero neto de posiciones largas y cortas en un valor. Un alto volumen de trading y un gran n\u00famero de posiciones largas, por ejemplo, pueden indicar un sentimiento alcista, mientras que un bajo volumen de trading y un gran n\u00famero de posiciones cortas pueden indicar un sentimiento bajista. <\/p>\t\t\t\t\t\t\t\t<\/div>\n\t\t\t\t<div class=\"elementor-element elementor-element-fbed700 elementor-widget__width-initial elementor-widget elementor-widget-image\" data-id=\"fbed700\" data-element_type=\"widget\" data-e-type=\"widget\" data-widget_type=\"image.default\">\n\t\t\t\t\t\t\t\t\t\t\t\t\t\t\t<img fetchpriority=\"high\" decoding=\"async\" width=\"445\" height=\"608\" src=\"https:\/\/partners.blackbull.com\/wp-content\/uploads\/2023\/07\/sentiment.jpg\" class=\"attachment-full size-full wp-image-13070\" alt=\"\" srcset=\"https:\/\/partners.blackbull.com\/wp-content\/uploads\/2023\/07\/sentiment.jpg 445w, https:\/\/partners.blackbull.com\/wp-content\/uploads\/2023\/07\/sentiment-220x300.jpg 220w\" sizes=\"(max-width: 445px) 100vw, 445px\" \/>\t\t\t\t\t\t\t\t\t\t\t\t\t\t\t<\/div>\n\t\t\t\t\t<\/div>\n\t\t\t\t<\/div>\n\t\t\t\t<div class=\"elementor-element elementor-element-285fd20 elementor-widget elementor-widget-text-editor\" data-id=\"285fd20\" data-element_type=\"widget\" data-e-type=\"widget\" data-widget_type=\"text-editor.default\">\n\t\t\t\t\t\t\t\t\t<p>En BlackBull Markets analizamos autom\u00e1ticamente datos agregados basados en participantes con operaciones reales en el mercado. Como widget, esta informaci\u00f3n proporciona una gu\u00eda r\u00e1pida sobre el sentimiento general del mercado. Personaliza tu widget para proporcionar a los usuarios el sentimiento sobre un instrumento espec\u00edfico a partir de una selecci\u00f3n de cualquiera de nuestros mercados m\u00e1s negociados.  <\/p>\n<p>Es importante tener en cuenta que el sentimiento de trading no siempre es un indicador fiable de los movimientos futuros de los precios, y que puede verse influido por diversos factores, como la publicaci\u00f3n de datos econ\u00f3micos, las noticias de las empresas y los acontecimientos geopol\u00edticos. Por ello, los operadores e inversores deben utilizar el sentimiento de trading junto con otras herramientas de an\u00e1lisis t\u00e9cnico y fundamental para tomar decisiones de inversi\u00f3n informadas. <\/p>\t\t\t\t\t\t\t\t<\/div>\n\t\t\t\t\t<\/div>\n\t\t\t\t<\/div>\n\t\t\t\t\t<\/div>\n\t\t\t\t<\/div>\n\t\t\t\t<\/div>\n\t\t","protected":false},"excerpt":{"rendered":"<p>BlackBull Partners Analizadores de Sentimiento El sentimiento trading se refiere a la actitud o sentimiento general de los participantes en el mercado hacia un valor o \u00edndice de mercado concreto. Se utiliza para calibrar el nivel de alcistas o bajistas en el mercado y puede proporcionar informaci\u00f3n valiosa sobre las tendencias del mercado y los [&hellip;]<\/p>\n","protected":false},"author":6,"featured_media":0,"parent":17166,"menu_order":6,"comment_status":"closed","ping_status":"closed","template":"elementor_header_footer","meta":{"inline_featured_image":false,"footnotes":""},"class_list":["post-17190","page","type-page","status-publish","hentry"],"yoast_head":"<!-- This site is optimized with the Yoast SEO plugin v27.3 - https:\/\/yoast.com\/product\/yoast-seo-wordpress\/ -->\n<title>Analizadores de Sentimiento | BlackBull Partners%.<\/title>\n<meta name=\"description\" content=\"El An\u00e1lisis de Sentimiento es el proceso de determinar si un escrito es positivo, negativo o neutro.\" \/>\n<meta name=\"robots\" content=\"index, follow, max-snippet:-1, max-image-preview:large, max-video-preview:-1\" \/>\n<link rel=\"canonical\" href=\"https:\/\/partners.blackbull.com\/es\/support\/resources\/widgets\/sentiment-analysers\/\" \/>\n<meta property=\"og:locale\" content=\"es_ES\" \/>\n<meta property=\"og:type\" content=\"article\" \/>\n<meta property=\"og:title\" content=\"Analizadores de Sentimiento | BlackBull Partners%.\" \/>\n<meta property=\"og:description\" content=\"El An\u00e1lisis de Sentimiento es el proceso de determinar si un escrito es positivo, negativo o neutro.\" \/>\n<meta property=\"og:url\" content=\"https:\/\/partners.blackbull.com\/es\/support\/resources\/widgets\/sentiment-analysers\/\" \/>\n<meta property=\"og:site_name\" content=\"BlackBull Partners\" \/>\n<meta property=\"article:modified_time\" content=\"2025-03-24T17:59:33+00:00\" \/>\n<meta property=\"og:image\" content=\"https:\/\/partners.blackbull.com\/wp-content\/uploads\/2023\/07\/sentiment.jpg\" \/>\n\t<meta property=\"og:image:width\" content=\"445\" \/>\n\t<meta property=\"og:image:height\" content=\"608\" \/>\n\t<meta property=\"og:image:type\" content=\"image\/jpeg\" \/>\n<meta name=\"twitter:card\" content=\"summary_large_image\" \/>\n<meta name=\"twitter:label1\" content=\"Tiempo de lectura\" \/>\n\t<meta name=\"twitter:data1\" content=\"2 minutos\" \/>\n<script type=\"application\/ld+json\" class=\"yoast-schema-graph\">{\"@context\":\"https:\\\/\\\/schema.org\",\"@graph\":[{\"@type\":\"WebPage\",\"@id\":\"https:\\\/\\\/partners.blackbull.com\\\/es\\\/support\\\/resources\\\/widgets\\\/sentiment-analysers\\\/\",\"url\":\"https:\\\/\\\/partners.blackbull.com\\\/es\\\/support\\\/resources\\\/widgets\\\/sentiment-analysers\\\/\",\"name\":\"Analizadores de Sentimiento | BlackBull Partners%.\",\"isPartOf\":{\"@id\":\"https:\\\/\\\/partners.blackbull.com\\\/es\\\/#website\"},\"primaryImageOfPage\":{\"@id\":\"https:\\\/\\\/partners.blackbull.com\\\/es\\\/support\\\/resources\\\/widgets\\\/sentiment-analysers\\\/#primaryimage\"},\"image\":{\"@id\":\"https:\\\/\\\/partners.blackbull.com\\\/es\\\/support\\\/resources\\\/widgets\\\/sentiment-analysers\\\/#primaryimage\"},\"thumbnailUrl\":\"https:\\\/\\\/partners.blackbull.com\\\/wp-content\\\/uploads\\\/2023\\\/07\\\/sentiment.jpg\",\"datePublished\":\"2025-03-24T17:59:32+00:00\",\"dateModified\":\"2025-03-24T17:59:33+00:00\",\"description\":\"El An\u00e1lisis de Sentimiento es el proceso de determinar si un escrito es positivo, negativo o neutro.\",\"breadcrumb\":{\"@id\":\"https:\\\/\\\/partners.blackbull.com\\\/es\\\/support\\\/resources\\\/widgets\\\/sentiment-analysers\\\/#breadcrumb\"},\"inLanguage\":\"es\",\"potentialAction\":[{\"@type\":\"ReadAction\",\"target\":[\"https:\\\/\\\/partners.blackbull.com\\\/es\\\/support\\\/resources\\\/widgets\\\/sentiment-analysers\\\/\"]}]},{\"@type\":\"ImageObject\",\"inLanguage\":\"es\",\"@id\":\"https:\\\/\\\/partners.blackbull.com\\\/es\\\/support\\\/resources\\\/widgets\\\/sentiment-analysers\\\/#primaryimage\",\"url\":\"https:\\\/\\\/partners.blackbull.com\\\/wp-content\\\/uploads\\\/2023\\\/07\\\/sentiment.jpg\",\"contentUrl\":\"https:\\\/\\\/partners.blackbull.com\\\/wp-content\\\/uploads\\\/2023\\\/07\\\/sentiment.jpg\"},{\"@type\":\"BreadcrumbList\",\"@id\":\"https:\\\/\\\/partners.blackbull.com\\\/es\\\/support\\\/resources\\\/widgets\\\/sentiment-analysers\\\/#breadcrumb\",\"itemListElement\":[{\"@type\":\"ListItem\",\"position\":1,\"name\":\"Home\",\"item\":\"https:\\\/\\\/partners.blackbull.com\\\/es\\\/home-new\\\/\"},{\"@type\":\"ListItem\",\"position\":2,\"name\":\"Ayuda\",\"item\":\"https:\\\/\\\/partners.blackbull.com\\\/es\\\/ayuda\\\/\"},{\"@type\":\"ListItem\",\"position\":3,\"name\":\"Recursos\",\"item\":\"https:\\\/\\\/partners.blackbull.com\\\/es\\\/ayuda\\\/recursos\\\/\"},{\"@type\":\"ListItem\",\"position\":4,\"name\":\"Widgets\",\"item\":\"https:\\\/\\\/partners.blackbull.com\\\/es\\\/ayuda\\\/recursos\\\/widgets\\\/\"},{\"@type\":\"ListItem\",\"position\":5,\"name\":\"Analizadores de Sentimiento\"}]},{\"@type\":\"WebSite\",\"@id\":\"https:\\\/\\\/partners.blackbull.com\\\/es\\\/#website\",\"url\":\"https:\\\/\\\/partners.blackbull.com\\\/es\\\/\",\"name\":\"BlackBull Partners\",\"description\":\"BlackBull Affiliates is the partner referral program of BlackBull Markets, a top-tier, award-winning, and multi-regulated forex broker.\",\"publisher\":{\"@id\":\"https:\\\/\\\/partners.blackbull.com\\\/es\\\/#organization\"},\"potentialAction\":[{\"@type\":\"SearchAction\",\"target\":{\"@type\":\"EntryPoint\",\"urlTemplate\":\"https:\\\/\\\/partners.blackbull.com\\\/es\\\/?s={search_term_string}\"},\"query-input\":{\"@type\":\"PropertyValueSpecification\",\"valueRequired\":true,\"valueName\":\"search_term_string\"}}],\"inLanguage\":\"es\"},{\"@type\":\"Organization\",\"@id\":\"https:\\\/\\\/partners.blackbull.com\\\/es\\\/#organization\",\"name\":\"BlackBull Partners\",\"url\":\"https:\\\/\\\/partners.blackbull.com\\\/es\\\/\",\"logo\":{\"@type\":\"ImageObject\",\"inLanguage\":\"es\",\"@id\":\"https:\\\/\\\/partners.blackbull.com\\\/es\\\/#\\\/schema\\\/logo\\\/image\\\/\",\"url\":\"https:\\\/\\\/partners.blackbull.com\\\/wp-content\\\/uploads\\\/2022\\\/03\\\/BBMPartnerslogo_blue.svg\",\"contentUrl\":\"https:\\\/\\\/partners.blackbull.com\\\/wp-content\\\/uploads\\\/2022\\\/03\\\/BBMPartnerslogo_blue.svg\",\"width\":981,\"height\":279,\"caption\":\"BlackBull Partners\"},\"image\":{\"@id\":\"https:\\\/\\\/partners.blackbull.com\\\/es\\\/#\\\/schema\\\/logo\\\/image\\\/\"}}]}<\/script>\n<!-- \/ Yoast SEO plugin. -->","yoast_head_json":{"title":"Analizadores de Sentimiento | BlackBull Partners%.","description":"El An\u00e1lisis de Sentimiento es el proceso de determinar si un escrito es positivo, negativo o neutro.","robots":{"index":"index","follow":"follow","max-snippet":"max-snippet:-1","max-image-preview":"max-image-preview:large","max-video-preview":"max-video-preview:-1"},"canonical":"https:\/\/partners.blackbull.com\/es\/support\/resources\/widgets\/sentiment-analysers\/","og_locale":"es_ES","og_type":"article","og_title":"Analizadores de Sentimiento | BlackBull Partners%.","og_description":"El An\u00e1lisis de Sentimiento es el proceso de determinar si un escrito es positivo, negativo o neutro.","og_url":"https:\/\/partners.blackbull.com\/es\/support\/resources\/widgets\/sentiment-analysers\/","og_site_name":"BlackBull Partners","article_modified_time":"2025-03-24T17:59:33+00:00","og_image":[{"width":445,"height":608,"url":"https:\/\/partners.blackbull.com\/wp-content\/uploads\/2023\/07\/sentiment.jpg","type":"image\/jpeg"}],"twitter_card":"summary_large_image","twitter_misc":{"Tiempo de lectura":"2 minutos"},"schema":{"@context":"https:\/\/schema.org","@graph":[{"@type":"WebPage","@id":"https:\/\/partners.blackbull.com\/es\/support\/resources\/widgets\/sentiment-analysers\/","url":"https:\/\/partners.blackbull.com\/es\/support\/resources\/widgets\/sentiment-analysers\/","name":"Analizadores de Sentimiento | BlackBull Partners%.","isPartOf":{"@id":"https:\/\/partners.blackbull.com\/es\/#website"},"primaryImageOfPage":{"@id":"https:\/\/partners.blackbull.com\/es\/support\/resources\/widgets\/sentiment-analysers\/#primaryimage"},"image":{"@id":"https:\/\/partners.blackbull.com\/es\/support\/resources\/widgets\/sentiment-analysers\/#primaryimage"},"thumbnailUrl":"https:\/\/partners.blackbull.com\/wp-content\/uploads\/2023\/07\/sentiment.jpg","datePublished":"2025-03-24T17:59:32+00:00","dateModified":"2025-03-24T17:59:33+00:00","description":"El An\u00e1lisis de Sentimiento es el proceso de determinar si un escrito es positivo, negativo o neutro.","breadcrumb":{"@id":"https:\/\/partners.blackbull.com\/es\/support\/resources\/widgets\/sentiment-analysers\/#breadcrumb"},"inLanguage":"es","potentialAction":[{"@type":"ReadAction","target":["https:\/\/partners.blackbull.com\/es\/support\/resources\/widgets\/sentiment-analysers\/"]}]},{"@type":"ImageObject","inLanguage":"es","@id":"https:\/\/partners.blackbull.com\/es\/support\/resources\/widgets\/sentiment-analysers\/#primaryimage","url":"https:\/\/partners.blackbull.com\/wp-content\/uploads\/2023\/07\/sentiment.jpg","contentUrl":"https:\/\/partners.blackbull.com\/wp-content\/uploads\/2023\/07\/sentiment.jpg"},{"@type":"BreadcrumbList","@id":"https:\/\/partners.blackbull.com\/es\/support\/resources\/widgets\/sentiment-analysers\/#breadcrumb","itemListElement":[{"@type":"ListItem","position":1,"name":"Home","item":"https:\/\/partners.blackbull.com\/es\/home-new\/"},{"@type":"ListItem","position":2,"name":"Ayuda","item":"https:\/\/partners.blackbull.com\/es\/ayuda\/"},{"@type":"ListItem","position":3,"name":"Recursos","item":"https:\/\/partners.blackbull.com\/es\/ayuda\/recursos\/"},{"@type":"ListItem","position":4,"name":"Widgets","item":"https:\/\/partners.blackbull.com\/es\/ayuda\/recursos\/widgets\/"},{"@type":"ListItem","position":5,"name":"Analizadores de Sentimiento"}]},{"@type":"WebSite","@id":"https:\/\/partners.blackbull.com\/es\/#website","url":"https:\/\/partners.blackbull.com\/es\/","name":"BlackBull Partners","description":"BlackBull Affiliates is the partner referral program of BlackBull Markets, a top-tier, award-winning, and multi-regulated forex broker.","publisher":{"@id":"https:\/\/partners.blackbull.com\/es\/#organization"},"potentialAction":[{"@type":"SearchAction","target":{"@type":"EntryPoint","urlTemplate":"https:\/\/partners.blackbull.com\/es\/?s={search_term_string}"},"query-input":{"@type":"PropertyValueSpecification","valueRequired":true,"valueName":"search_term_string"}}],"inLanguage":"es"},{"@type":"Organization","@id":"https:\/\/partners.blackbull.com\/es\/#organization","name":"BlackBull Partners","url":"https:\/\/partners.blackbull.com\/es\/","logo":{"@type":"ImageObject","inLanguage":"es","@id":"https:\/\/partners.blackbull.com\/es\/#\/schema\/logo\/image\/","url":"https:\/\/partners.blackbull.com\/wp-content\/uploads\/2022\/03\/BBMPartnerslogo_blue.svg","contentUrl":"https:\/\/partners.blackbull.com\/wp-content\/uploads\/2022\/03\/BBMPartnerslogo_blue.svg","width":981,"height":279,"caption":"BlackBull Partners"},"image":{"@id":"https:\/\/partners.blackbull.com\/es\/#\/schema\/logo\/image\/"}}]}},"_links":{"self":[{"href":"https:\/\/partners.blackbull.com\/es\/wp-json\/wp\/v2\/pages\/17190","targetHints":{"allow":["GET"]}}],"collection":[{"href":"https:\/\/partners.blackbull.com\/es\/wp-json\/wp\/v2\/pages"}],"about":[{"href":"https:\/\/partners.blackbull.com\/es\/wp-json\/wp\/v2\/types\/page"}],"author":[{"embeddable":true,"href":"https:\/\/partners.blackbull.com\/es\/wp-json\/wp\/v2\/users\/6"}],"replies":[{"embeddable":true,"href":"https:\/\/partners.blackbull.com\/es\/wp-json\/wp\/v2\/comments?post=17190"}],"version-history":[{"count":1,"href":"https:\/\/partners.blackbull.com\/es\/wp-json\/wp\/v2\/pages\/17190\/revisions"}],"predecessor-version":[{"id":17191,"href":"https:\/\/partners.blackbull.com\/es\/wp-json\/wp\/v2\/pages\/17190\/revisions\/17191"}],"up":[{"embeddable":true,"href":"https:\/\/partners.blackbull.com\/es\/wp-json\/wp\/v2\/pages\/17166"}],"wp:attachment":[{"href":"https:\/\/partners.blackbull.com\/es\/wp-json\/wp\/v2\/media?parent=17190"}],"curies":[{"name":"wp","href":"https:\/\/api.w.org\/{rel}","templated":true}]}}