{"id":17202,"date":"2025-03-25T06:59:40","date_gmt":"2025-03-24T17:59:40","guid":{"rendered":"https:\/\/partners.blackbull.com\/influenciadores\/modelos-de-influencia\/retenedor-de-exclusividad\/"},"modified":"2025-03-25T06:59:42","modified_gmt":"2025-03-24T17:59:42","slug":"exclusivity-retainer","status":"publish","type":"page","link":"https:\/\/partners.blackbull.com\/es\/influencers\/influencer-models\/exclusivity-retainer\/","title":{"rendered":"Retenedor de exclusividad"},"content":{"rendered":"\t\t<div data-elementor-type=\"wp-page\" data-elementor-id=\"17202\" class=\"elementor elementor-17202 elementor-4324\" data-elementor-post-type=\"page\">\n\t\t\t\t<div class=\"elementor-element elementor-element-9e070dd e-flex e-con-boxed e-con e-parent\" data-id=\"9e070dd\" data-element_type=\"container\" data-e-type=\"container\" data-settings=\"{&quot;background_background&quot;:&quot;classic&quot;,&quot;jet_parallax_layout_list&quot;:[]}\">\n\t\t\t\t\t<div class=\"e-con-inner\">\n\t\t\t\t<div class=\"elementor-element elementor-element-6616242 elementor-widget elementor-widget-breadcrumbs\" data-id=\"6616242\" data-element_type=\"widget\" data-e-type=\"widget\" data-widget_type=\"breadcrumbs.default\">\n\t\t\t\t\t<p id=\"breadcrumbs\"><span><span><a href=\"https:\/\/partners.blackbull.com\/es\/home-new\/\">Home<\/a><\/span><\/span><\/p>\t\t\t\t<\/div>\n\t\t\t\t\t<\/div>\n\t\t\t\t<\/div>\n\t\t<div class=\"elementor-element elementor-element-fe29dc7 e-flex e-con-boxed e-con e-parent\" data-id=\"fe29dc7\" data-element_type=\"container\" data-e-type=\"container\" data-settings=\"{&quot;background_background&quot;:&quot;classic&quot;,&quot;jet_parallax_layout_list&quot;:[]}\">\n\t\t\t\t\t<div class=\"e-con-inner\">\n\t\t<div class=\"elementor-element elementor-element-d4d9dad e-con-full e-flex e-con e-child\" data-id=\"d4d9dad\" data-element_type=\"container\" data-e-type=\"container\" data-settings=\"{&quot;background_background&quot;:&quot;classic&quot;,&quot;jet_parallax_layout_list&quot;:[]}\">\n\t\t\t\t<div class=\"elementor-element elementor-element-9c4905c elementor-widget__width-initial elementor-widget elementor-widget-heading\" data-id=\"9c4905c\" data-element_type=\"widget\" data-e-type=\"widget\" data-widget_type=\"heading.default\">\n\t\t\t\t\t<h2 class=\"elementor-heading-title elementor-size-default\">BlackBull Partners Retenedor de Exclusividad<\/h2>\t\t\t\t<\/div>\n\t\t\t\t<\/div>\n\t\t<div class=\"elementor-element elementor-element-1248f3e e-con-full e-flex e-con e-child\" data-id=\"1248f3e\" data-element_type=\"container\" data-e-type=\"container\" data-settings=\"{&quot;jet_parallax_layout_list&quot;:[]}\">\n\t\t\t\t<div class=\"elementor-element elementor-element-56a7f5b link-text elementor-widget elementor-widget-text-editor\" data-id=\"56a7f5b\" data-element_type=\"widget\" data-e-type=\"widget\" data-widget_type=\"text-editor.default\">\n\t\t\t\t\t\t\t\t\t<p>Los contratos de exclusividad para personas influyentes suelen implicar que la persona influyente se compromete a promocionar \u00fanicamente BlackBull durante un determinado periodo de tiempo. Pagamos al influencer una comisi\u00f3n, normalmente mensual o trimestral, a cambio de que se comprometa a no promocionar ning\u00fan producto o servicio de la competencia durante el periodo de vigencia del contrato. <\/p>\n\t\t\t\t\t\t\t\t<\/div>\n\t\t\t\t<\/div>\n\t\t\t\t\t<\/div>\n\t\t\t\t<\/div>\n\t\t<div class=\"elementor-element elementor-element-31a6bc0 e-flex e-con-boxed e-con e-parent\" data-id=\"31a6bc0\" data-element_type=\"container\" data-e-type=\"container\" data-settings=\"{&quot;jet_parallax_layout_list&quot;:[]}\">\n\t\t\t\t\t<div class=\"e-con-inner\">\n\t\t<div class=\"elementor-element elementor-element-9aa0e70 e-flex e-con-boxed e-con e-child\" data-id=\"9aa0e70\" data-element_type=\"container\" data-e-type=\"container\" data-settings=\"{&quot;jet_parallax_layout_list&quot;:[]}\">\n\t\t\t\t\t<div class=\"e-con-inner\">\n\t\t<div class=\"elementor-element elementor-element-6a92f76 e-flex e-con-boxed e-con e-child\" data-id=\"6a92f76\" data-element_type=\"container\" data-e-type=\"container\" data-settings=\"{&quot;jet_parallax_layout_list&quot;:[]}\">\n\t\t\t\t\t<div class=\"e-con-inner\">\n\t\t<div class=\"elementor-element elementor-element-545e317 e-flex e-con-boxed e-con e-child\" data-id=\"545e317\" data-element_type=\"container\" data-e-type=\"container\" data-settings=\"{&quot;jet_parallax_layout_list&quot;:[]}\">\n\t\t\t\t\t<div class=\"e-con-inner\">\n\t\t\t\t<div class=\"elementor-element elementor-element-9bd686e elementor-widget elementor-widget-heading\" data-id=\"9bd686e\" data-element_type=\"widget\" data-e-type=\"widget\" data-widget_type=\"heading.default\">\n\t\t\t\t\t<h2 class=\"elementor-heading-title elementor-size-default\">Retenedores de exclusividad para el marketing de influencers: Construir relaciones m\u00e1s s\u00f3lidas y aumentar la eficacia<\/h2>\t\t\t\t<\/div>\n\t\t\t\t<div class=\"elementor-element elementor-element-dfd1d02 elementor-widget elementor-widget-text-editor\" data-id=\"dfd1d02\" data-element_type=\"widget\" data-e-type=\"widget\" data-widget_type=\"text-editor.default\">\n\t\t\t\t\t\t\t\t\t<p>Esto ayuda a BlackBull a establecer una relaci\u00f3n m\u00e1s s\u00f3lida con el influencer y a aumentar la eficacia de sus campa\u00f1as de marketing de influencers.<\/p>\n<p>Por lo general, la persona influyente se compromete a no promocionar a ning\u00fan otro corredor de Forex durante la vigencia del contrato. Esto ayuda a diferenciar nuestra marca de la competencia y a generar confianza entre los clientes potenciales mediante el respaldo de una persona influyente de buena reputaci\u00f3n. El influencer recibe todo el apoyo que necesita para seguir desarrollando su propia red.  <\/p>\n\t\t\t\t\t\t\t\t<\/div>\n\t\t\t\t\t<\/div>\n\t\t\t\t<\/div>\n\t\t<div class=\"elementor-element elementor-element-9137166 e-flex e-con-boxed e-con e-child\" data-id=\"9137166\" data-element_type=\"container\" data-e-type=\"container\" data-settings=\"{&quot;jet_parallax_layout_list&quot;:[]}\">\n\t\t\t\t\t<div class=\"e-con-inner\">\n\t\t\t\t<div class=\"elementor-element elementor-element-b97ac9e elementor-widget elementor-widget-image\" data-id=\"b97ac9e\" data-element_type=\"widget\" data-e-type=\"widget\" data-widget_type=\"image.default\">\n\t\t\t\t\t\t\t\t\t\t\t\t\t\t\t<img fetchpriority=\"high\" decoding=\"async\" width=\"538\" height=\"501\" src=\"https:\/\/partners.blackbull.com\/wp-content\/uploads\/2023\/05\/Exclusivity-Retainers.png\" class=\"attachment-full size-full wp-image-9687\" alt=\"\" srcset=\"https:\/\/partners.blackbull.com\/wp-content\/uploads\/2023\/05\/Exclusivity-Retainers.png 538w, https:\/\/partners.blackbull.com\/wp-content\/uploads\/2023\/05\/Exclusivity-Retainers-300x279.png 300w\" sizes=\"(max-width: 538px) 100vw, 538px\" \/>\t\t\t\t\t\t\t\t\t\t\t\t\t\t\t<\/div>\n\t\t\t\t\t<\/div>\n\t\t\t\t<\/div>\n\t\t\t\t\t<\/div>\n\t\t\t\t<\/div>\n\t\t\t\t<div class=\"elementor-element elementor-element-79a3790 elementor-widget elementor-widget-text-editor\" data-id=\"79a3790\" data-element_type=\"widget\" data-e-type=\"widget\" data-widget_type=\"text-editor.default\">\n\t\t\t\t\t\t\t\t\t<p>BlackBull Partners trabaja con una serie de influyentes sociales con contratos de exclusividad. Hemos desarrollado una relaci\u00f3n de colaboraci\u00f3n y beneficio mutuo con estas empresas y personalidades. Si quieres hablar de c\u00f3mo podr\u00eda funcionarte esta opci\u00f3n, ponte en <a href=\"https:\/\/partners.blackbull.com\/es\/acerca-de\/informacion-de-la-empresa\/contactanos-2\/\">contacto<\/a> con nuestro equipo hoy mismo.  <\/p>\n\t\t\t\t\t\t\t\t<\/div>\n\t\t\t\t<div class=\"elementor-element elementor-element-be355a0 elementor-mobile-align-left elementor-widget elementor-widget-button\" data-id=\"be355a0\" data-element_type=\"widget\" data-e-type=\"widget\" data-widget_type=\"button.default\">\n\t\t\t\t\t\t\t\t\t\t<a class=\"elementor-button elementor-button-link elementor-size-sm\" href=\"https:\/\/secure.blackbull.com\/auth\/register-partners\">\n\t\t\t\t\t\t<span class=\"elementor-button-content-wrapper\">\n\t\t\t\t\t\t\t\t\t<span class=\"elementor-button-text\">\u00daNETE A LOS SOCIOS DE BLACKBULL<\/span>\n\t\t\t\t\t<\/span>\n\t\t\t\t\t<\/a>\n\t\t\t\t\t\t\t\t<\/div>\n\t\t\t\t\t<\/div>\n\t\t\t\t<\/div>\n\t\t\t\t\t<\/div>\n\t\t\t\t<\/div>\n\t\t\t\t<\/div>\n\t\t","protected":false},"excerpt":{"rendered":"<p>BlackBull Partners Retenedor de Exclusividad Los contratos de exclusividad para personas influyentes suelen implicar que la persona influyente se compromete a promocionar \u00fanicamente BlackBull durante un determinado periodo de tiempo. Pagamos al influencer una comisi\u00f3n, normalmente mensual o trimestral, a cambio de que se comprometa a no promocionar ning\u00fan producto o servicio de la competencia [&hellip;]<\/p>\n","protected":false},"author":6,"featured_media":0,"parent":17197,"menu_order":0,"comment_status":"closed","ping_status":"closed","template":"elementor_header_footer","meta":{"inline_featured_image":false,"footnotes":""},"class_list":["post-17202","page","type-page","status-publish","hentry"],"yoast_head":"<!-- This site is optimized with the Yoast SEO plugin v27.3 - https:\/\/yoast.com\/product\/yoast-seo-wordpress\/ -->\n<title>Retenedor de exclusividad | BlackBull Partners%.<\/title>\n<meta name=\"description\" content=\"Los contratos de exclusividad para personas influyentes suelen implicar que la persona influyente se compromete a promocionar \u00fanicamente BlackBull durante un determinado periodo de tiempo. Pagamos al influencer una comisi\u00f3n, normalmente mensual o trimestral, a cambio de que se comprometa a no promocionar ning\u00fan producto o servicio de la competencia durante el periodo de vigencia del contrato.\" \/>\n<meta name=\"robots\" content=\"index, follow, max-snippet:-1, max-image-preview:large, max-video-preview:-1\" \/>\n<link rel=\"canonical\" href=\"https:\/\/partners.blackbull.com\/es\/influencers\/influencer-models\/exclusivity-retainer\/\" \/>\n<meta property=\"og:locale\" content=\"es_ES\" \/>\n<meta property=\"og:type\" content=\"article\" \/>\n<meta property=\"og:title\" content=\"Retenedor de exclusividad | BlackBull Partners%.\" \/>\n<meta property=\"og:description\" content=\"Los contratos de exclusividad para personas influyentes suelen implicar que la persona influyente se compromete a promocionar \u00fanicamente BlackBull durante un determinado periodo de tiempo. Pagamos al influencer una comisi\u00f3n, normalmente mensual o trimestral, a cambio de que se comprometa a no promocionar ning\u00fan producto o servicio de la competencia durante el periodo de vigencia del contrato.\" \/>\n<meta property=\"og:url\" content=\"https:\/\/partners.blackbull.com\/es\/influencers\/influencer-models\/exclusivity-retainer\/\" \/>\n<meta property=\"og:site_name\" content=\"BlackBull Partners\" \/>\n<meta property=\"article:modified_time\" content=\"2025-03-24T17:59:42+00:00\" \/>\n<meta property=\"og:image\" content=\"https:\/\/partners.blackbull.com\/wp-content\/uploads\/2023\/05\/Exclusivity-Retainers.png\" \/>\n\t<meta property=\"og:image:width\" content=\"538\" \/>\n\t<meta property=\"og:image:height\" content=\"501\" \/>\n\t<meta property=\"og:image:type\" content=\"image\/png\" \/>\n<meta name=\"twitter:card\" content=\"summary_large_image\" \/>\n<meta name=\"twitter:label1\" content=\"Tiempo de lectura\" \/>\n\t<meta name=\"twitter:data1\" content=\"1 minuto\" \/>\n<script type=\"application\/ld+json\" class=\"yoast-schema-graph\">{\"@context\":\"https:\\\/\\\/schema.org\",\"@graph\":[{\"@type\":\"WebPage\",\"@id\":\"https:\\\/\\\/partners.blackbull.com\\\/es\\\/influencers\\\/influencer-models\\\/exclusivity-retainer\\\/\",\"url\":\"https:\\\/\\\/partners.blackbull.com\\\/es\\\/influencers\\\/influencer-models\\\/exclusivity-retainer\\\/\",\"name\":\"Retenedor de exclusividad | BlackBull Partners%.\",\"isPartOf\":{\"@id\":\"https:\\\/\\\/partners.blackbull.com\\\/es\\\/#website\"},\"primaryImageOfPage\":{\"@id\":\"https:\\\/\\\/partners.blackbull.com\\\/es\\\/influencers\\\/influencer-models\\\/exclusivity-retainer\\\/#primaryimage\"},\"image\":{\"@id\":\"https:\\\/\\\/partners.blackbull.com\\\/es\\\/influencers\\\/influencer-models\\\/exclusivity-retainer\\\/#primaryimage\"},\"thumbnailUrl\":\"https:\\\/\\\/partners.blackbull.com\\\/wp-content\\\/uploads\\\/2023\\\/05\\\/Exclusivity-Retainers.png\",\"datePublished\":\"2025-03-24T17:59:40+00:00\",\"dateModified\":\"2025-03-24T17:59:42+00:00\",\"description\":\"Los contratos de exclusividad para personas influyentes suelen implicar que la persona influyente se compromete a promocionar \u00fanicamente BlackBull durante un determinado periodo de tiempo. Pagamos al influencer una comisi\u00f3n, normalmente mensual o trimestral, a cambio de que se comprometa a no promocionar ning\u00fan producto o servicio de la competencia durante el periodo de vigencia del contrato.\",\"breadcrumb\":{\"@id\":\"https:\\\/\\\/partners.blackbull.com\\\/es\\\/influencers\\\/influencer-models\\\/exclusivity-retainer\\\/#breadcrumb\"},\"inLanguage\":\"es\",\"potentialAction\":[{\"@type\":\"ReadAction\",\"target\":[\"https:\\\/\\\/partners.blackbull.com\\\/es\\\/influencers\\\/influencer-models\\\/exclusivity-retainer\\\/\"]}]},{\"@type\":\"ImageObject\",\"inLanguage\":\"es\",\"@id\":\"https:\\\/\\\/partners.blackbull.com\\\/es\\\/influencers\\\/influencer-models\\\/exclusivity-retainer\\\/#primaryimage\",\"url\":\"https:\\\/\\\/partners.blackbull.com\\\/wp-content\\\/uploads\\\/2023\\\/05\\\/Exclusivity-Retainers.png\",\"contentUrl\":\"https:\\\/\\\/partners.blackbull.com\\\/wp-content\\\/uploads\\\/2023\\\/05\\\/Exclusivity-Retainers.png\"},{\"@type\":\"BreadcrumbList\",\"@id\":\"https:\\\/\\\/partners.blackbull.com\\\/es\\\/influencers\\\/influencer-models\\\/exclusivity-retainer\\\/#breadcrumb\",\"itemListElement\":[{\"@type\":\"ListItem\",\"position\":1,\"name\":\"Home\",\"item\":\"https:\\\/\\\/partners.blackbull.com\\\/es\\\/home-new\\\/\"},{\"@type\":\"ListItem\",\"position\":2,\"name\":\"Influenciadores\",\"item\":\"https:\\\/\\\/partners.blackbull.com\\\/es\\\/influenciadores\\\/\"},{\"@type\":\"ListItem\",\"position\":3,\"name\":\"Modelos de influencia\",\"item\":\"https:\\\/\\\/partners.blackbull.com\\\/es\\\/influenciadores\\\/modelos-de-influencia\\\/\"},{\"@type\":\"ListItem\",\"position\":4,\"name\":\"Retenedor de exclusividad\"}]},{\"@type\":\"WebSite\",\"@id\":\"https:\\\/\\\/partners.blackbull.com\\\/es\\\/#website\",\"url\":\"https:\\\/\\\/partners.blackbull.com\\\/es\\\/\",\"name\":\"BlackBull Partners\",\"description\":\"BlackBull Affiliates is the partner referral program of BlackBull Markets, a top-tier, award-winning, and multi-regulated forex broker.\",\"publisher\":{\"@id\":\"https:\\\/\\\/partners.blackbull.com\\\/es\\\/#organization\"},\"potentialAction\":[{\"@type\":\"SearchAction\",\"target\":{\"@type\":\"EntryPoint\",\"urlTemplate\":\"https:\\\/\\\/partners.blackbull.com\\\/es\\\/?s={search_term_string}\"},\"query-input\":{\"@type\":\"PropertyValueSpecification\",\"valueRequired\":true,\"valueName\":\"search_term_string\"}}],\"inLanguage\":\"es\"},{\"@type\":\"Organization\",\"@id\":\"https:\\\/\\\/partners.blackbull.com\\\/es\\\/#organization\",\"name\":\"BlackBull Partners\",\"url\":\"https:\\\/\\\/partners.blackbull.com\\\/es\\\/\",\"logo\":{\"@type\":\"ImageObject\",\"inLanguage\":\"es\",\"@id\":\"https:\\\/\\\/partners.blackbull.com\\\/es\\\/#\\\/schema\\\/logo\\\/image\\\/\",\"url\":\"https:\\\/\\\/partners.blackbull.com\\\/wp-content\\\/uploads\\\/2022\\\/03\\\/BBMPartnerslogo_blue.svg\",\"contentUrl\":\"https:\\\/\\\/partners.blackbull.com\\\/wp-content\\\/uploads\\\/2022\\\/03\\\/BBMPartnerslogo_blue.svg\",\"width\":981,\"height\":279,\"caption\":\"BlackBull Partners\"},\"image\":{\"@id\":\"https:\\\/\\\/partners.blackbull.com\\\/es\\\/#\\\/schema\\\/logo\\\/image\\\/\"}}]}<\/script>\n<!-- \/ Yoast SEO plugin. -->","yoast_head_json":{"title":"Retenedor de exclusividad | BlackBull Partners%.","description":"Los contratos de exclusividad para personas influyentes suelen implicar que la persona influyente se compromete a promocionar \u00fanicamente BlackBull durante un determinado periodo de tiempo. Pagamos al influencer una comisi\u00f3n, normalmente mensual o trimestral, a cambio de que se comprometa a no promocionar ning\u00fan producto o servicio de la competencia durante el periodo de vigencia del contrato.","robots":{"index":"index","follow":"follow","max-snippet":"max-snippet:-1","max-image-preview":"max-image-preview:large","max-video-preview":"max-video-preview:-1"},"canonical":"https:\/\/partners.blackbull.com\/es\/influencers\/influencer-models\/exclusivity-retainer\/","og_locale":"es_ES","og_type":"article","og_title":"Retenedor de exclusividad | BlackBull Partners%.","og_description":"Los contratos de exclusividad para personas influyentes suelen implicar que la persona influyente se compromete a promocionar \u00fanicamente BlackBull durante un determinado periodo de tiempo. Pagamos al influencer una comisi\u00f3n, normalmente mensual o trimestral, a cambio de que se comprometa a no promocionar ning\u00fan producto o servicio de la competencia durante el periodo de vigencia del contrato.","og_url":"https:\/\/partners.blackbull.com\/es\/influencers\/influencer-models\/exclusivity-retainer\/","og_site_name":"BlackBull Partners","article_modified_time":"2025-03-24T17:59:42+00:00","og_image":[{"width":538,"height":501,"url":"https:\/\/partners.blackbull.com\/wp-content\/uploads\/2023\/05\/Exclusivity-Retainers.png","type":"image\/png"}],"twitter_card":"summary_large_image","twitter_misc":{"Tiempo de lectura":"1 minuto"},"schema":{"@context":"https:\/\/schema.org","@graph":[{"@type":"WebPage","@id":"https:\/\/partners.blackbull.com\/es\/influencers\/influencer-models\/exclusivity-retainer\/","url":"https:\/\/partners.blackbull.com\/es\/influencers\/influencer-models\/exclusivity-retainer\/","name":"Retenedor de exclusividad | BlackBull Partners%.","isPartOf":{"@id":"https:\/\/partners.blackbull.com\/es\/#website"},"primaryImageOfPage":{"@id":"https:\/\/partners.blackbull.com\/es\/influencers\/influencer-models\/exclusivity-retainer\/#primaryimage"},"image":{"@id":"https:\/\/partners.blackbull.com\/es\/influencers\/influencer-models\/exclusivity-retainer\/#primaryimage"},"thumbnailUrl":"https:\/\/partners.blackbull.com\/wp-content\/uploads\/2023\/05\/Exclusivity-Retainers.png","datePublished":"2025-03-24T17:59:40+00:00","dateModified":"2025-03-24T17:59:42+00:00","description":"Los contratos de exclusividad para personas influyentes suelen implicar que la persona influyente se compromete a promocionar \u00fanicamente BlackBull durante un determinado periodo de tiempo. Pagamos al influencer una comisi\u00f3n, normalmente mensual o trimestral, a cambio de que se comprometa a no promocionar ning\u00fan producto o servicio de la competencia durante el periodo de vigencia del contrato.","breadcrumb":{"@id":"https:\/\/partners.blackbull.com\/es\/influencers\/influencer-models\/exclusivity-retainer\/#breadcrumb"},"inLanguage":"es","potentialAction":[{"@type":"ReadAction","target":["https:\/\/partners.blackbull.com\/es\/influencers\/influencer-models\/exclusivity-retainer\/"]}]},{"@type":"ImageObject","inLanguage":"es","@id":"https:\/\/partners.blackbull.com\/es\/influencers\/influencer-models\/exclusivity-retainer\/#primaryimage","url":"https:\/\/partners.blackbull.com\/wp-content\/uploads\/2023\/05\/Exclusivity-Retainers.png","contentUrl":"https:\/\/partners.blackbull.com\/wp-content\/uploads\/2023\/05\/Exclusivity-Retainers.png"},{"@type":"BreadcrumbList","@id":"https:\/\/partners.blackbull.com\/es\/influencers\/influencer-models\/exclusivity-retainer\/#breadcrumb","itemListElement":[{"@type":"ListItem","position":1,"name":"Home","item":"https:\/\/partners.blackbull.com\/es\/home-new\/"},{"@type":"ListItem","position":2,"name":"Influenciadores","item":"https:\/\/partners.blackbull.com\/es\/influenciadores\/"},{"@type":"ListItem","position":3,"name":"Modelos de influencia","item":"https:\/\/partners.blackbull.com\/es\/influenciadores\/modelos-de-influencia\/"},{"@type":"ListItem","position":4,"name":"Retenedor de exclusividad"}]},{"@type":"WebSite","@id":"https:\/\/partners.blackbull.com\/es\/#website","url":"https:\/\/partners.blackbull.com\/es\/","name":"BlackBull Partners","description":"BlackBull Affiliates is the partner referral program of BlackBull Markets, a top-tier, award-winning, and multi-regulated forex broker.","publisher":{"@id":"https:\/\/partners.blackbull.com\/es\/#organization"},"potentialAction":[{"@type":"SearchAction","target":{"@type":"EntryPoint","urlTemplate":"https:\/\/partners.blackbull.com\/es\/?s={search_term_string}"},"query-input":{"@type":"PropertyValueSpecification","valueRequired":true,"valueName":"search_term_string"}}],"inLanguage":"es"},{"@type":"Organization","@id":"https:\/\/partners.blackbull.com\/es\/#organization","name":"BlackBull Partners","url":"https:\/\/partners.blackbull.com\/es\/","logo":{"@type":"ImageObject","inLanguage":"es","@id":"https:\/\/partners.blackbull.com\/es\/#\/schema\/logo\/image\/","url":"https:\/\/partners.blackbull.com\/wp-content\/uploads\/2022\/03\/BBMPartnerslogo_blue.svg","contentUrl":"https:\/\/partners.blackbull.com\/wp-content\/uploads\/2022\/03\/BBMPartnerslogo_blue.svg","width":981,"height":279,"caption":"BlackBull Partners"},"image":{"@id":"https:\/\/partners.blackbull.com\/es\/#\/schema\/logo\/image\/"}}]}},"_links":{"self":[{"href":"https:\/\/partners.blackbull.com\/es\/wp-json\/wp\/v2\/pages\/17202","targetHints":{"allow":["GET"]}}],"collection":[{"href":"https:\/\/partners.blackbull.com\/es\/wp-json\/wp\/v2\/pages"}],"about":[{"href":"https:\/\/partners.blackbull.com\/es\/wp-json\/wp\/v2\/types\/page"}],"author":[{"embeddable":true,"href":"https:\/\/partners.blackbull.com\/es\/wp-json\/wp\/v2\/users\/6"}],"replies":[{"embeddable":true,"href":"https:\/\/partners.blackbull.com\/es\/wp-json\/wp\/v2\/comments?post=17202"}],"version-history":[{"count":1,"href":"https:\/\/partners.blackbull.com\/es\/wp-json\/wp\/v2\/pages\/17202\/revisions"}],"predecessor-version":[{"id":17203,"href":"https:\/\/partners.blackbull.com\/es\/wp-json\/wp\/v2\/pages\/17202\/revisions\/17203"}],"up":[{"embeddable":true,"href":"https:\/\/partners.blackbull.com\/es\/wp-json\/wp\/v2\/pages\/17197"}],"wp:attachment":[{"href":"https:\/\/partners.blackbull.com\/es\/wp-json\/wp\/v2\/media?parent=17202"}],"curies":[{"name":"wp","href":"https:\/\/api.w.org\/{rel}","templated":true}]}}