{"id":17218,"date":"2025-03-25T06:59:49","date_gmt":"2025-03-24T17:59:49","guid":{"rendered":"https:\/\/partners.blackbull.com\/ayuda\/educacion\/guias-practicas\/monetiza-tu-canal\/"},"modified":"2025-03-25T06:59:53","modified_gmt":"2025-03-24T17:59:53","slug":"monetise-your-channel","status":"publish","type":"page","link":"https:\/\/partners.blackbull.com\/es\/support\/education\/how-to-guides\/monetise-your-channel\/","title":{"rendered":"Monetiza tu canal"},"content":{"rendered":"\t\t<div data-elementor-type=\"wp-page\" data-elementor-id=\"17218\" class=\"elementor elementor-17218 elementor-4567\" data-elementor-post-type=\"page\">\n\t\t\t\t<div class=\"elementor-element elementor-element-238053ea e-flex e-con-boxed e-con e-parent\" data-id=\"238053ea\" data-element_type=\"container\" data-e-type=\"container\" data-settings=\"{&quot;background_background&quot;:&quot;classic&quot;,&quot;jet_parallax_layout_list&quot;:[]}\">\n\t\t\t\t\t<div class=\"e-con-inner\">\n\t\t\t\t<div class=\"elementor-element elementor-element-bac535b elementor-widget elementor-widget-breadcrumbs\" data-id=\"bac535b\" data-element_type=\"widget\" data-e-type=\"widget\" data-widget_type=\"breadcrumbs.default\">\n\t\t\t\t\t<p id=\"breadcrumbs\"><span><span><a href=\"https:\/\/partners.blackbull.com\/es\/home-new\/\">Home<\/a><\/span><\/span><\/p>\t\t\t\t<\/div>\n\t\t\t\t\t<\/div>\n\t\t\t\t<\/div>\n\t\t<div class=\"elementor-element elementor-element-7728f20f e-flex e-con-boxed e-con e-parent\" data-id=\"7728f20f\" data-element_type=\"container\" data-e-type=\"container\" data-settings=\"{&quot;background_background&quot;:&quot;classic&quot;,&quot;jet_parallax_layout_list&quot;:[]}\">\n\t\t\t\t\t<div class=\"e-con-inner\">\n\t\t<div class=\"elementor-element elementor-element-5d9d05d6 e-con-full e-flex e-con e-child\" data-id=\"5d9d05d6\" data-element_type=\"container\" data-e-type=\"container\" data-settings=\"{&quot;background_background&quot;:&quot;classic&quot;,&quot;jet_parallax_layout_list&quot;:[]}\">\n\t\t\t\t<div class=\"elementor-element elementor-element-638764f elementor-widget__width-initial elementor-widget elementor-widget-heading\" data-id=\"638764f\" data-element_type=\"widget\" data-e-type=\"widget\" data-widget_type=\"heading.default\">\n\t\t\t\t\t<h2 class=\"elementor-heading-title elementor-size-default\">Socios BlackBull Monetiza tu Canal<\/h2>\t\t\t\t<\/div>\n\t\t\t\t<\/div>\n\t\t\t\t\t<\/div>\n\t\t\t\t<\/div>\n\t\t<div class=\"elementor-element elementor-element-b6c9521 e-flex e-con-boxed e-con e-parent\" data-id=\"b6c9521\" data-element_type=\"container\" data-e-type=\"container\" data-settings=\"{&quot;jet_parallax_layout_list&quot;:[]}\">\n\t\t\t\t\t<div class=\"e-con-inner\">\n\t\t<div class=\"elementor-element elementor-element-dd5050f e-con-full e-flex e-con e-child\" data-id=\"dd5050f\" data-element_type=\"container\" data-e-type=\"container\" data-settings=\"{&quot;jet_parallax_layout_list&quot;:[]}\">\n\t\t\t\t<div class=\"elementor-element elementor-element-b7c5f42 elementor-widget elementor-widget-heading\" data-id=\"b7c5f42\" data-element_type=\"widget\" data-e-type=\"widget\" data-widget_type=\"heading.default\">\n\t\t\t\t\t<h4 class=\"elementor-heading-title elementor-size-default\">Unirte a un programa de afiliados como BlackBull Partners es una forma estupenda de monetizar tu canal. Aqu\u00ed tienes algunos pasos que puedes dar para empezar: <\/h4>\t\t\t\t<\/div>\n\t\t<div class=\"elementor-element elementor-element-0476339 e-flex e-con-boxed e-con e-child\" data-id=\"0476339\" data-element_type=\"container\" data-e-type=\"container\" data-settings=\"{&quot;jet_parallax_layout_list&quot;:[]}\">\n\t\t\t\t\t<div class=\"e-con-inner\">\n\t\t\t\t<div class=\"elementor-element elementor-element-e5c354a elementor-widget__width-initial elementor-icon-list--layout-traditional elementor-list-item-link-full_width elementor-widget elementor-widget-icon-list\" data-id=\"e5c354a\" data-element_type=\"widget\" data-e-type=\"widget\" data-widget_type=\"icon-list.default\">\n\t\t\t\t\t\t\t<ul class=\"elementor-icon-list-items\">\n\t\t\t\t\t\t\t<li class=\"elementor-icon-list-item\">\n\t\t\t\t\t\t\t\t\t\t\t<span class=\"elementor-icon-list-icon\">\n\t\t\t\t\t\t\t<svg xmlns=\"http:\/\/www.w3.org\/2000\/svg\" width=\"35\" height=\"35\" viewBox=\"0 0 35 35\"><g id=\"Group_173\" data-name=\"Group 173\" transform=\"translate(-1344.024 -2068.024)\"><g id=\"Rectangle_100\" data-name=\"Rectangle 100\" transform=\"translate(1344.024 2068.024)\" fill=\"rgba(255,255,255,0.2)\" stroke=\"#1a58d3\" stroke-width=\"1\"><rect width=\"35\" height=\"35\" rx=\"17.5\" stroke=\"none\"><\/rect><rect x=\"0.5\" y=\"0.5\" width=\"34\" height=\"34\" rx=\"17\" fill=\"none\"><\/rect><\/g><path id=\"Path_182\" data-name=\"Path 182\" d=\"M3.75,9.988,10.972,2.25,9.424,7.924H15.1L7.877,15.662,9.424,9.988Z\" transform=\"translate(1352.1 2076.568)\" fill=\"none\" stroke=\"#1a58d3\" stroke-linecap=\"round\" stroke-linejoin=\"round\" stroke-width=\"1\"><\/path><\/g><\/svg>\t\t\t\t\t\t<\/span>\n\t\t\t\t\t\t\t\t\t\t<span class=\"elementor-icon-list-text\">Identifica programas de afiliaci\u00f3n que se ajusten a tu nicho: Busca programas de afiliados que ofrezcan productos o servicios relevantes para tu audiencia y que te sientas c\u00f3modo promocionando. Puedes encontrar programas de afiliados a trav\u00e9s de redes de afiliados como Amazon Associates, Clickbank y Commission Junction, o inscribirte directamente en empresas como BlackBull Partners. <\/span>\n\t\t\t\t\t\t\t\t\t<\/li>\n\t\t\t\t\t\t\t\t<li class=\"elementor-icon-list-item\">\n\t\t\t\t\t\t\t\t\t\t\t<span class=\"elementor-icon-list-icon\">\n\t\t\t\t\t\t\t<svg xmlns=\"http:\/\/www.w3.org\/2000\/svg\" width=\"35\" height=\"35\" viewBox=\"0 0 35 35\"><g id=\"Group_173\" data-name=\"Group 173\" transform=\"translate(-1344.024 -2068.024)\"><g id=\"Rectangle_100\" data-name=\"Rectangle 100\" transform=\"translate(1344.024 2068.024)\" fill=\"rgba(255,255,255,0.2)\" stroke=\"#1a58d3\" stroke-width=\"1\"><rect width=\"35\" height=\"35\" rx=\"17.5\" stroke=\"none\"><\/rect><rect x=\"0.5\" y=\"0.5\" width=\"34\" height=\"34\" rx=\"17\" fill=\"none\"><\/rect><\/g><path id=\"Path_182\" data-name=\"Path 182\" d=\"M3.75,9.988,10.972,2.25,9.424,7.924H15.1L7.877,15.662,9.424,9.988Z\" transform=\"translate(1352.1 2076.568)\" fill=\"none\" stroke=\"#1a58d3\" stroke-linecap=\"round\" stroke-linejoin=\"round\" stroke-width=\"1\"><\/path><\/g><\/svg>\t\t\t\t\t\t<\/span>\n\t\t\t\t\t\t\t\t\t\t<span class=\"elementor-icon-list-text\">Inscr\u00edbete en el Programa de Afiliaci\u00f3n: Una vez que hayas identificado un programa de afiliados, inscr\u00edbete en \u00e9l. Esto suele implicar rellenar una solicitud y proporcionar informaci\u00f3n sobre tu sitio web o canal. <\/span>\n\t\t\t\t\t\t\t\t\t<\/li>\n\t\t\t\t\t\t\t\t<li class=\"elementor-icon-list-item\">\n\t\t\t\t\t\t\t\t\t\t\t<span class=\"elementor-icon-list-icon\">\n\t\t\t\t\t\t\t<svg xmlns=\"http:\/\/www.w3.org\/2000\/svg\" width=\"35\" height=\"35\" viewBox=\"0 0 35 35\"><g id=\"Group_173\" data-name=\"Group 173\" transform=\"translate(-1344.024 -2068.024)\"><g id=\"Rectangle_100\" data-name=\"Rectangle 100\" transform=\"translate(1344.024 2068.024)\" fill=\"rgba(255,255,255,0.2)\" stroke=\"#1a58d3\" stroke-width=\"1\"><rect width=\"35\" height=\"35\" rx=\"17.5\" stroke=\"none\"><\/rect><rect x=\"0.5\" y=\"0.5\" width=\"34\" height=\"34\" rx=\"17\" fill=\"none\"><\/rect><\/g><path id=\"Path_182\" data-name=\"Path 182\" d=\"M3.75,9.988,10.972,2.25,9.424,7.924H15.1L7.877,15.662,9.424,9.988Z\" transform=\"translate(1352.1 2076.568)\" fill=\"none\" stroke=\"#1a58d3\" stroke-linecap=\"round\" stroke-linejoin=\"round\" stroke-width=\"1\"><\/path><\/g><\/svg>\t\t\t\t\t\t<\/span>\n\t\t\t\t\t\t\t\t\t\t<span class=\"elementor-icon-list-text\">Obt\u00e9n Tu Enlace de Afiliado \u00danico: Una vez que hayas sido aprobado para el programa de afiliados, recibir\u00e1s un enlace de afiliado \u00fanico. Este enlace har\u00e1 un seguimiento de las ventas generadas a trav\u00e9s de tu canal y garantizar\u00e1 que recibas la comisi\u00f3n adecuada. <\/span>\n\t\t\t\t\t\t\t\t\t<\/li>\n\t\t\t\t\t\t\t\t<li class=\"elementor-icon-list-item\">\n\t\t\t\t\t\t\t\t\t\t\t<span class=\"elementor-icon-list-icon\">\n\t\t\t\t\t\t\t<svg xmlns=\"http:\/\/www.w3.org\/2000\/svg\" width=\"35\" height=\"35\" viewBox=\"0 0 35 35\"><g id=\"Group_173\" data-name=\"Group 173\" transform=\"translate(-1344.024 -2068.024)\"><g id=\"Rectangle_100\" data-name=\"Rectangle 100\" transform=\"translate(1344.024 2068.024)\" fill=\"rgba(255,255,255,0.2)\" stroke=\"#1a58d3\" stroke-width=\"1\"><rect width=\"35\" height=\"35\" rx=\"17.5\" stroke=\"none\"><\/rect><rect x=\"0.5\" y=\"0.5\" width=\"34\" height=\"34\" rx=\"17\" fill=\"none\"><\/rect><\/g><path id=\"Path_182\" data-name=\"Path 182\" d=\"M3.75,9.988,10.972,2.25,9.424,7.924H15.1L7.877,15.662,9.424,9.988Z\" transform=\"translate(1352.1 2076.568)\" fill=\"none\" stroke=\"#1a58d3\" stroke-linecap=\"round\" stroke-linejoin=\"round\" stroke-width=\"1\"><\/path><\/g><\/svg>\t\t\t\t\t\t<\/span>\n\t\t\t\t\t\t\t\t\t\t<span class=\"elementor-icon-list-text\">Crea Contenido Que Promocione El Producto O Servicio: Para promocionar el producto o servicio, puedes crear contenido que muestre sus beneficios y anime a tu audiencia a realizar una compra a trav\u00e9s de tu enlace de afiliado. Este contenido puede ser en forma de rese\u00f1as de productos, tutoriales u otros tipos de contenido que sean relevantes para tu audiencia. <\/span>\n\t\t\t\t\t\t\t\t\t<\/li>\n\t\t\t\t\t\t\t\t<li class=\"elementor-icon-list-item\">\n\t\t\t\t\t\t\t\t\t\t\t<span class=\"elementor-icon-list-icon\">\n\t\t\t\t\t\t\t<svg xmlns=\"http:\/\/www.w3.org\/2000\/svg\" width=\"35\" height=\"35\" viewBox=\"0 0 35 35\"><g id=\"Group_173\" data-name=\"Group 173\" transform=\"translate(-1344.024 -2068.024)\"><g id=\"Rectangle_100\" data-name=\"Rectangle 100\" transform=\"translate(1344.024 2068.024)\" fill=\"rgba(255,255,255,0.2)\" stroke=\"#1a58d3\" stroke-width=\"1\"><rect width=\"35\" height=\"35\" rx=\"17.5\" stroke=\"none\"><\/rect><rect x=\"0.5\" y=\"0.5\" width=\"34\" height=\"34\" rx=\"17\" fill=\"none\"><\/rect><\/g><path id=\"Path_182\" data-name=\"Path 182\" d=\"M3.75,9.988,10.972,2.25,9.424,7.924H15.1L7.877,15.662,9.424,9.988Z\" transform=\"translate(1352.1 2076.568)\" fill=\"none\" stroke=\"#1a58d3\" stroke-linecap=\"round\" stroke-linejoin=\"round\" stroke-width=\"1\"><\/path><\/g><\/svg>\t\t\t\t\t\t<\/span>\n\t\t\t\t\t\t\t\t\t\t<span class=\"elementor-icon-list-text\">Coloca Tu Enlace De Afiliado En Tu Contenido: Cuando crees tu contenido, aseg\u00farate de incluir tu enlace de afiliado \u00fanico en el texto o en la descripci\u00f3n de tu v\u00eddeo. Esto asegurar\u00e1 que tu audiencia sepa c\u00f3mo comprar el producto o servicio y que t\u00fa recibas el cr\u00e9dito por la venta. <\/span>\n\t\t\t\t\t\t\t\t\t<\/li>\n\t\t\t\t\t\t\t\t<li class=\"elementor-icon-list-item\">\n\t\t\t\t\t\t\t\t\t\t\t<span class=\"elementor-icon-list-icon\">\n\t\t\t\t\t\t\t<svg xmlns=\"http:\/\/www.w3.org\/2000\/svg\" width=\"35\" height=\"35\" viewBox=\"0 0 35 35\"><g id=\"Group_173\" data-name=\"Group 173\" transform=\"translate(-1344.024 -2068.024)\"><g id=\"Rectangle_100\" data-name=\"Rectangle 100\" transform=\"translate(1344.024 2068.024)\" fill=\"rgba(255,255,255,0.2)\" stroke=\"#1a58d3\" stroke-width=\"1\"><rect width=\"35\" height=\"35\" rx=\"17.5\" stroke=\"none\"><\/rect><rect x=\"0.5\" y=\"0.5\" width=\"34\" height=\"34\" rx=\"17\" fill=\"none\"><\/rect><\/g><path id=\"Path_182\" data-name=\"Path 182\" d=\"M3.75,9.988,10.972,2.25,9.424,7.924H15.1L7.877,15.662,9.424,9.988Z\" transform=\"translate(1352.1 2076.568)\" fill=\"none\" stroke=\"#1a58d3\" stroke-linecap=\"round\" stroke-linejoin=\"round\" stroke-width=\"1\"><\/path><\/g><\/svg>\t\t\t\t\t\t<\/span>\n\t\t\t\t\t\t\t\t\t\t<span class=\"elementor-icon-list-text\">Haz un seguimiento de tus resultados: La mayor\u00eda de los programas de afiliaci\u00f3n te proporcionar\u00e1n herramientas de seguimiento e informes que te permitir\u00e1n ver cu\u00e1ntos clics y ventas se generan a trav\u00e9s de tu enlace de afiliado. Utiliza estas herramientas para controlar tus resultados y hacer los ajustes necesarios en tu estrategia de contenido y promoci\u00f3n. <\/span>\n\t\t\t\t\t\t\t\t\t<\/li>\n\t\t\t\t\t\t<\/ul>\n\t\t\t\t\t\t<\/div>\n\t\t\t\t<div class=\"elementor-element elementor-element-06e4d5c elementor-widget__width-initial elementor-widget elementor-widget-image\" data-id=\"06e4d5c\" data-element_type=\"widget\" data-e-type=\"widget\" data-widget_type=\"image.default\">\n\t\t\t\t\t\t\t\t\t\t\t\t\t\t\t<img fetchpriority=\"high\" decoding=\"async\" width=\"360\" height=\"1178\" src=\"https:\/\/partners.blackbull.com\/wp-content\/uploads\/2023\/07\/monetise_img.jpg\" class=\"attachment-full size-full wp-image-12680\" alt=\"\" srcset=\"https:\/\/partners.blackbull.com\/wp-content\/uploads\/2023\/07\/monetise_img.jpg 360w, https:\/\/partners.blackbull.com\/wp-content\/uploads\/2023\/07\/monetise_img-92x300.jpg 92w, https:\/\/partners.blackbull.com\/wp-content\/uploads\/2023\/07\/monetise_img-313x1024.jpg 313w\" sizes=\"(max-width: 360px) 100vw, 360px\" \/>\t\t\t\t\t\t\t\t\t\t\t\t\t\t\t<\/div>\n\t\t\t\t\t<\/div>\n\t\t\t\t<\/div>\n\t\t\t\t<div class=\"elementor-element elementor-element-61718be elementor-widget elementor-widget-text-editor\" data-id=\"61718be\" data-element_type=\"widget\" data-e-type=\"widget\" data-widget_type=\"text-editor.default\">\n\t\t\t\t\t\t\t\t\t<p>Siguiendo estos pasos, puedes monetizar eficazmente tu canal a trav\u00e9s del marketing de afiliaci\u00f3n. Sin embargo, es importante tener en cuenta que el \u00e9xito con el marketing de afiliaci\u00f3n suele requerir tiempo, esfuerzo y el compromiso de crear contenido de alta calidad que resuene en tu audiencia. <\/p>\n\t\t\t\t\t\t\t\t<\/div>\n\t\t\t\t<\/div>\n\t\t\t\t\t<\/div>\n\t\t\t\t<\/div>\n\t\t\t\t<\/div>\n\t\t","protected":false},"excerpt":{"rendered":"<p>Socios BlackBull Monetiza tu Canal Unirte a un programa de afiliados como BlackBull Partners es una forma estupenda de monetizar tu canal. Aqu\u00ed tienes algunos pasos que puedes dar para empezar: Identifica programas de afiliaci\u00f3n que se ajusten a tu nicho: Busca programas de afiliados que ofrezcan productos o servicios relevantes para tu audiencia y [&hellip;]<\/p>\n","protected":false},"author":6,"featured_media":0,"parent":17159,"menu_order":1,"comment_status":"closed","ping_status":"closed","template":"elementor_header_footer","meta":{"inline_featured_image":false,"footnotes":""},"class_list":["post-17218","page","type-page","status-publish","hentry"],"yoast_head":"<!-- This site is optimized with the Yoast SEO plugin v27.6 - https:\/\/yoast.com\/product\/yoast-seo-wordpress\/ -->\n<title>Monetiza tu canal | BlackBull Partners%.<\/title>\n<meta name=\"description\" content=\"Unirte a un programa de afiliados como BlackBull Partners es una forma estupenda de monetizar tu canal. Aqu\u00ed tienes algunos pasos que puedes dar para empezar:\" \/>\n<meta name=\"robots\" content=\"index, follow, max-snippet:-1, max-image-preview:large, max-video-preview:-1\" \/>\n<link rel=\"canonical\" href=\"https:\/\/partners.blackbull.com\/es\/support\/education\/how-to-guides\/monetise-your-channel\/\" \/>\n<meta property=\"og:locale\" content=\"es_ES\" \/>\n<meta property=\"og:type\" content=\"article\" \/>\n<meta property=\"og:title\" content=\"Monetiza tu canal | BlackBull Partners%.\" \/>\n<meta property=\"og:description\" content=\"Unirte a un programa de afiliados como BlackBull Partners es una forma estupenda de monetizar tu canal. Aqu\u00ed tienes algunos pasos que puedes dar para empezar:\" \/>\n<meta property=\"og:url\" content=\"https:\/\/partners.blackbull.com\/es\/support\/education\/how-to-guides\/monetise-your-channel\/\" \/>\n<meta property=\"og:site_name\" content=\"BlackBull Partners\" \/>\n<meta property=\"article:modified_time\" content=\"2025-03-24T17:59:53+00:00\" \/>\n<meta property=\"og:image\" content=\"https:\/\/partners.blackbull.com\/wp-content\/uploads\/2023\/07\/monetise_img.jpg\" \/>\n\t<meta property=\"og:image:width\" content=\"360\" \/>\n\t<meta property=\"og:image:height\" content=\"1178\" \/>\n\t<meta property=\"og:image:type\" content=\"image\/jpeg\" \/>\n<meta name=\"twitter:card\" content=\"summary_large_image\" \/>\n<meta name=\"twitter:label1\" content=\"Tiempo de lectura\" \/>\n\t<meta name=\"twitter:data1\" content=\"2 minutos\" \/>\n<script type=\"application\/ld+json\" class=\"yoast-schema-graph\">{\"@context\":\"https:\\\/\\\/schema.org\",\"@graph\":[{\"@type\":\"WebPage\",\"@id\":\"https:\\\/\\\/partners.blackbull.com\\\/es\\\/support\\\/education\\\/how-to-guides\\\/monetise-your-channel\\\/\",\"url\":\"https:\\\/\\\/partners.blackbull.com\\\/es\\\/support\\\/education\\\/how-to-guides\\\/monetise-your-channel\\\/\",\"name\":\"Monetiza tu canal | BlackBull Partners%.\",\"isPartOf\":{\"@id\":\"https:\\\/\\\/partners.blackbull.com\\\/es\\\/#website\"},\"primaryImageOfPage\":{\"@id\":\"https:\\\/\\\/partners.blackbull.com\\\/es\\\/support\\\/education\\\/how-to-guides\\\/monetise-your-channel\\\/#primaryimage\"},\"image\":{\"@id\":\"https:\\\/\\\/partners.blackbull.com\\\/es\\\/support\\\/education\\\/how-to-guides\\\/monetise-your-channel\\\/#primaryimage\"},\"thumbnailUrl\":\"https:\\\/\\\/partners.blackbull.com\\\/wp-content\\\/uploads\\\/2023\\\/07\\\/monetise_img.jpg\",\"datePublished\":\"2025-03-24T17:59:49+00:00\",\"dateModified\":\"2025-03-24T17:59:53+00:00\",\"description\":\"Unirte a un programa de afiliados como BlackBull Partners es una forma estupenda de monetizar tu canal. Aqu\u00ed tienes algunos pasos que puedes dar para empezar:\",\"breadcrumb\":{\"@id\":\"https:\\\/\\\/partners.blackbull.com\\\/es\\\/support\\\/education\\\/how-to-guides\\\/monetise-your-channel\\\/#breadcrumb\"},\"inLanguage\":\"es\",\"potentialAction\":[{\"@type\":\"ReadAction\",\"target\":[\"https:\\\/\\\/partners.blackbull.com\\\/es\\\/support\\\/education\\\/how-to-guides\\\/monetise-your-channel\\\/\"]}]},{\"@type\":\"ImageObject\",\"inLanguage\":\"es\",\"@id\":\"https:\\\/\\\/partners.blackbull.com\\\/es\\\/support\\\/education\\\/how-to-guides\\\/monetise-your-channel\\\/#primaryimage\",\"url\":\"https:\\\/\\\/partners.blackbull.com\\\/wp-content\\\/uploads\\\/2023\\\/07\\\/monetise_img.jpg\",\"contentUrl\":\"https:\\\/\\\/partners.blackbull.com\\\/wp-content\\\/uploads\\\/2023\\\/07\\\/monetise_img.jpg\"},{\"@type\":\"BreadcrumbList\",\"@id\":\"https:\\\/\\\/partners.blackbull.com\\\/es\\\/support\\\/education\\\/how-to-guides\\\/monetise-your-channel\\\/#breadcrumb\",\"itemListElement\":[{\"@type\":\"ListItem\",\"position\":1,\"name\":\"Home\",\"item\":\"https:\\\/\\\/partners.blackbull.com\\\/es\\\/home-new\\\/\"},{\"@type\":\"ListItem\",\"position\":2,\"name\":\"Ayuda\",\"item\":\"https:\\\/\\\/partners.blackbull.com\\\/es\\\/ayuda\\\/\"},{\"@type\":\"ListItem\",\"position\":3,\"name\":\"Educaci\u00f3n\",\"item\":\"https:\\\/\\\/partners.blackbull.com\\\/es\\\/ayuda\\\/educacion\\\/\"},{\"@type\":\"ListItem\",\"position\":4,\"name\":\"Gu\u00edas pr\u00e1cticas\",\"item\":\"https:\\\/\\\/partners.blackbull.com\\\/es\\\/ayuda\\\/educacion\\\/guias-practicas\\\/\"},{\"@type\":\"ListItem\",\"position\":5,\"name\":\"Monetiza tu canal\"}]},{\"@type\":\"WebSite\",\"@id\":\"https:\\\/\\\/partners.blackbull.com\\\/es\\\/#website\",\"url\":\"https:\\\/\\\/partners.blackbull.com\\\/es\\\/\",\"name\":\"BlackBull Partners\",\"description\":\"BlackBull Affiliates is the partner referral program of BlackBull Markets, a top-tier, award-winning, and multi-regulated forex broker.\",\"publisher\":{\"@id\":\"https:\\\/\\\/partners.blackbull.com\\\/es\\\/#organization\"},\"potentialAction\":[{\"@type\":\"SearchAction\",\"target\":{\"@type\":\"EntryPoint\",\"urlTemplate\":\"https:\\\/\\\/partners.blackbull.com\\\/es\\\/?s={search_term_string}\"},\"query-input\":{\"@type\":\"PropertyValueSpecification\",\"valueRequired\":true,\"valueName\":\"search_term_string\"}}],\"inLanguage\":\"es\"},{\"@type\":\"Organization\",\"@id\":\"https:\\\/\\\/partners.blackbull.com\\\/es\\\/#organization\",\"name\":\"BlackBull Partners\",\"url\":\"https:\\\/\\\/partners.blackbull.com\\\/es\\\/\",\"logo\":{\"@type\":\"ImageObject\",\"inLanguage\":\"es\",\"@id\":\"https:\\\/\\\/partners.blackbull.com\\\/es\\\/#\\\/schema\\\/logo\\\/image\\\/\",\"url\":\"https:\\\/\\\/partners.blackbull.com\\\/wp-content\\\/uploads\\\/2022\\\/03\\\/BBMPartnerslogo_blue.svg\",\"contentUrl\":\"https:\\\/\\\/partners.blackbull.com\\\/wp-content\\\/uploads\\\/2022\\\/03\\\/BBMPartnerslogo_blue.svg\",\"width\":981,\"height\":279,\"caption\":\"BlackBull Partners\"},\"image\":{\"@id\":\"https:\\\/\\\/partners.blackbull.com\\\/es\\\/#\\\/schema\\\/logo\\\/image\\\/\"}}]}<\/script>\n<!-- \/ Yoast SEO plugin. -->","yoast_head_json":{"title":"Monetiza tu canal | BlackBull Partners%.","description":"Unirte a un programa de afiliados como BlackBull Partners es una forma estupenda de monetizar tu canal. Aqu\u00ed tienes algunos pasos que puedes dar para empezar:","robots":{"index":"index","follow":"follow","max-snippet":"max-snippet:-1","max-image-preview":"max-image-preview:large","max-video-preview":"max-video-preview:-1"},"canonical":"https:\/\/partners.blackbull.com\/es\/support\/education\/how-to-guides\/monetise-your-channel\/","og_locale":"es_ES","og_type":"article","og_title":"Monetiza tu canal | BlackBull Partners%.","og_description":"Unirte a un programa de afiliados como BlackBull Partners es una forma estupenda de monetizar tu canal. Aqu\u00ed tienes algunos pasos que puedes dar para empezar:","og_url":"https:\/\/partners.blackbull.com\/es\/support\/education\/how-to-guides\/monetise-your-channel\/","og_site_name":"BlackBull Partners","article_modified_time":"2025-03-24T17:59:53+00:00","og_image":[{"width":360,"height":1178,"url":"https:\/\/partners.blackbull.com\/wp-content\/uploads\/2023\/07\/monetise_img.jpg","type":"image\/jpeg"}],"twitter_card":"summary_large_image","twitter_misc":{"Tiempo de lectura":"2 minutos"},"schema":{"@context":"https:\/\/schema.org","@graph":[{"@type":"WebPage","@id":"https:\/\/partners.blackbull.com\/es\/support\/education\/how-to-guides\/monetise-your-channel\/","url":"https:\/\/partners.blackbull.com\/es\/support\/education\/how-to-guides\/monetise-your-channel\/","name":"Monetiza tu canal | BlackBull Partners%.","isPartOf":{"@id":"https:\/\/partners.blackbull.com\/es\/#website"},"primaryImageOfPage":{"@id":"https:\/\/partners.blackbull.com\/es\/support\/education\/how-to-guides\/monetise-your-channel\/#primaryimage"},"image":{"@id":"https:\/\/partners.blackbull.com\/es\/support\/education\/how-to-guides\/monetise-your-channel\/#primaryimage"},"thumbnailUrl":"https:\/\/partners.blackbull.com\/wp-content\/uploads\/2023\/07\/monetise_img.jpg","datePublished":"2025-03-24T17:59:49+00:00","dateModified":"2025-03-24T17:59:53+00:00","description":"Unirte a un programa de afiliados como BlackBull Partners es una forma estupenda de monetizar tu canal. Aqu\u00ed tienes algunos pasos que puedes dar para empezar:","breadcrumb":{"@id":"https:\/\/partners.blackbull.com\/es\/support\/education\/how-to-guides\/monetise-your-channel\/#breadcrumb"},"inLanguage":"es","potentialAction":[{"@type":"ReadAction","target":["https:\/\/partners.blackbull.com\/es\/support\/education\/how-to-guides\/monetise-your-channel\/"]}]},{"@type":"ImageObject","inLanguage":"es","@id":"https:\/\/partners.blackbull.com\/es\/support\/education\/how-to-guides\/monetise-your-channel\/#primaryimage","url":"https:\/\/partners.blackbull.com\/wp-content\/uploads\/2023\/07\/monetise_img.jpg","contentUrl":"https:\/\/partners.blackbull.com\/wp-content\/uploads\/2023\/07\/monetise_img.jpg"},{"@type":"BreadcrumbList","@id":"https:\/\/partners.blackbull.com\/es\/support\/education\/how-to-guides\/monetise-your-channel\/#breadcrumb","itemListElement":[{"@type":"ListItem","position":1,"name":"Home","item":"https:\/\/partners.blackbull.com\/es\/home-new\/"},{"@type":"ListItem","position":2,"name":"Ayuda","item":"https:\/\/partners.blackbull.com\/es\/ayuda\/"},{"@type":"ListItem","position":3,"name":"Educaci\u00f3n","item":"https:\/\/partners.blackbull.com\/es\/ayuda\/educacion\/"},{"@type":"ListItem","position":4,"name":"Gu\u00edas pr\u00e1cticas","item":"https:\/\/partners.blackbull.com\/es\/ayuda\/educacion\/guias-practicas\/"},{"@type":"ListItem","position":5,"name":"Monetiza tu canal"}]},{"@type":"WebSite","@id":"https:\/\/partners.blackbull.com\/es\/#website","url":"https:\/\/partners.blackbull.com\/es\/","name":"BlackBull Partners","description":"BlackBull Affiliates is the partner referral program of BlackBull Markets, a top-tier, award-winning, and multi-regulated forex broker.","publisher":{"@id":"https:\/\/partners.blackbull.com\/es\/#organization"},"potentialAction":[{"@type":"SearchAction","target":{"@type":"EntryPoint","urlTemplate":"https:\/\/partners.blackbull.com\/es\/?s={search_term_string}"},"query-input":{"@type":"PropertyValueSpecification","valueRequired":true,"valueName":"search_term_string"}}],"inLanguage":"es"},{"@type":"Organization","@id":"https:\/\/partners.blackbull.com\/es\/#organization","name":"BlackBull Partners","url":"https:\/\/partners.blackbull.com\/es\/","logo":{"@type":"ImageObject","inLanguage":"es","@id":"https:\/\/partners.blackbull.com\/es\/#\/schema\/logo\/image\/","url":"https:\/\/partners.blackbull.com\/wp-content\/uploads\/2022\/03\/BBMPartnerslogo_blue.svg","contentUrl":"https:\/\/partners.blackbull.com\/wp-content\/uploads\/2022\/03\/BBMPartnerslogo_blue.svg","width":981,"height":279,"caption":"BlackBull Partners"},"image":{"@id":"https:\/\/partners.blackbull.com\/es\/#\/schema\/logo\/image\/"}}]}},"_links":{"self":[{"href":"https:\/\/partners.blackbull.com\/es\/wp-json\/wp\/v2\/pages\/17218","targetHints":{"allow":["GET"]}}],"collection":[{"href":"https:\/\/partners.blackbull.com\/es\/wp-json\/wp\/v2\/pages"}],"about":[{"href":"https:\/\/partners.blackbull.com\/es\/wp-json\/wp\/v2\/types\/page"}],"author":[{"embeddable":true,"href":"https:\/\/partners.blackbull.com\/es\/wp-json\/wp\/v2\/users\/6"}],"replies":[{"embeddable":true,"href":"https:\/\/partners.blackbull.com\/es\/wp-json\/wp\/v2\/comments?post=17218"}],"version-history":[{"count":1,"href":"https:\/\/partners.blackbull.com\/es\/wp-json\/wp\/v2\/pages\/17218\/revisions"}],"predecessor-version":[{"id":17219,"href":"https:\/\/partners.blackbull.com\/es\/wp-json\/wp\/v2\/pages\/17218\/revisions\/17219"}],"up":[{"embeddable":true,"href":"https:\/\/partners.blackbull.com\/es\/wp-json\/wp\/v2\/pages\/17159"}],"wp:attachment":[{"href":"https:\/\/partners.blackbull.com\/es\/wp-json\/wp\/v2\/media?parent=17218"}],"curies":[{"name":"wp","href":"https:\/\/api.w.org\/{rel}","templated":true}]}}