{"id":17220,"date":"2025-03-25T06:59:51","date_gmt":"2025-03-24T17:59:51","guid":{"rendered":"https:\/\/partners.blackbull.com\/influenciadores\/detalles-del-programa\/eventos-organizados\/"},"modified":"2025-03-25T06:59:54","modified_gmt":"2025-03-24T17:59:54","slug":"hosted-events","status":"publish","type":"page","link":"https:\/\/partners.blackbull.com\/es\/influencers\/program-details\/hosted-events\/","title":{"rendered":"Eventos organizados"},"content":{"rendered":"\t\t<div data-elementor-type=\"wp-page\" data-elementor-id=\"17220\" class=\"elementor elementor-17220 elementor-4674\" data-elementor-post-type=\"page\">\n\t\t\t\t<div class=\"elementor-element elementor-element-6a13ef7 e-flex e-con-boxed e-con e-parent\" data-id=\"6a13ef7\" data-element_type=\"container\" data-e-type=\"container\" data-settings=\"{&quot;background_background&quot;:&quot;classic&quot;,&quot;jet_parallax_layout_list&quot;:[]}\">\n\t\t\t\t\t<div class=\"e-con-inner\">\n\t\t\t\t<div class=\"elementor-element elementor-element-8d2058c elementor-widget elementor-widget-breadcrumbs\" data-id=\"8d2058c\" data-element_type=\"widget\" data-e-type=\"widget\" data-widget_type=\"breadcrumbs.default\">\n\t\t\t\t\t<p id=\"breadcrumbs\"><span><span><a href=\"https:\/\/partners.blackbull.com\/es\/home-new\/\">Home<\/a><\/span><\/span><\/p>\t\t\t\t<\/div>\n\t\t\t\t\t<\/div>\n\t\t\t\t<\/div>\n\t\t<div class=\"elementor-element elementor-element-ccaf7d2 e-flex e-con-boxed e-con e-parent\" data-id=\"ccaf7d2\" data-element_type=\"container\" data-e-type=\"container\" data-settings=\"{&quot;background_background&quot;:&quot;classic&quot;,&quot;jet_parallax_layout_list&quot;:[]}\">\n\t\t\t\t\t<div class=\"e-con-inner\">\n\t\t<div class=\"elementor-element elementor-element-7812852 e-con-full e-flex e-con e-parent\" data-id=\"7812852\" data-element_type=\"container\" data-e-type=\"container\" data-settings=\"{&quot;background_background&quot;:&quot;classic&quot;,&quot;jet_parallax_layout_list&quot;:[]}\">\n\t\t\t\t<div class=\"elementor-element elementor-element-1b72464 elementor-widget__width-initial elementor-widget elementor-widget-heading\" data-id=\"1b72464\" data-element_type=\"widget\" data-e-type=\"widget\" data-widget_type=\"heading.default\">\n\t\t\t\t\t<h2 class=\"elementor-heading-title elementor-size-default\">Eventos organizados por BlackBull Partners<\/h2>\t\t\t\t<\/div>\n\t\t\t\t<\/div>\n\t\t<div class=\"elementor-element elementor-element-1311dd4 e-con-full e-flex e-con e-parent\" data-id=\"1311dd4\" data-element_type=\"container\" data-e-type=\"container\" data-settings=\"{&quot;jet_parallax_layout_list&quot;:[]}\">\n\t\t\t\t<div class=\"elementor-element elementor-element-1d717e8 link-text elementor-widget elementor-widget-text-editor\" data-id=\"1d717e8\" data-element_type=\"widget\" data-e-type=\"widget\" data-widget_type=\"text-editor.default\">\n\t\t\t\t\t\t\t\t\t<p>BlackBull Partners trabaja con personas influyentes de todas las regiones del mundo que organizan eventos que atraen a clientes en sus regiones locales o digitalmente a una audiencia global. Una de las ventajas de trabajar con BlackBull Partners es el acceso a nuestras principales oportunidades de patrocinio de eventos. <\/p>\n\t\t\t\t\t\t\t\t<\/div>\n\t\t\t\t<\/div>\n\t\t\t\t\t<\/div>\n\t\t\t\t<\/div>\n\t\t<div class=\"elementor-element elementor-element-20d9e95 e-flex e-con-boxed e-con e-parent\" data-id=\"20d9e95\" data-element_type=\"container\" data-e-type=\"container\" data-settings=\"{&quot;jet_parallax_layout_list&quot;:[]}\">\n\t\t\t\t\t<div class=\"e-con-inner\">\n\t\t<div class=\"elementor-element elementor-element-c5a39f0 e-flex e-con-boxed e-con e-parent\" data-id=\"c5a39f0\" data-element_type=\"container\" data-e-type=\"container\" data-settings=\"{&quot;jet_parallax_layout_list&quot;:[]}\">\n\t\t\t\t\t<div class=\"e-con-inner\">\n\t\t<div class=\"elementor-element elementor-element-fd7d795 e-flex e-con-boxed e-con e-parent\" data-id=\"fd7d795\" data-element_type=\"container\" data-e-type=\"container\" data-settings=\"{&quot;jet_parallax_layout_list&quot;:[]}\">\n\t\t\t\t\t<div class=\"e-con-inner\">\n\t\t<div class=\"elementor-element elementor-element-bdff1e8 e-flex e-con-boxed e-con e-parent\" data-id=\"bdff1e8\" data-element_type=\"container\" data-e-type=\"container\" data-settings=\"{&quot;jet_parallax_layout_list&quot;:[]}\">\n\t\t\t\t\t<div class=\"e-con-inner\">\n\t\t\t\t<div class=\"elementor-element elementor-element-8c349a9 elementor-widget elementor-widget-heading\" data-id=\"8c349a9\" data-element_type=\"widget\" data-e-type=\"widget\" data-widget_type=\"heading.default\">\n\t\t\t\t\t<h2 class=\"elementor-heading-title elementor-size-default\">\u00bfQu\u00e9 son los eventos organizados?<\/h2>\t\t\t\t<\/div>\n\t\t\t\t<div class=\"elementor-element elementor-element-9102ca9 elementor-widget elementor-widget-text-editor\" data-id=\"9102ca9\" data-element_type=\"widget\" data-e-type=\"widget\" data-widget_type=\"text-editor.default\">\n\t\t\t\t\t\t\t\t\t<p>Estamos especializados en ayudar a las empresas de servicios financieros o a personas influyentes destacadas a generar clientes potenciales mediante el patrocinio de los eventos que organizan. Gracias a nuestros amplios conocimientos y experiencia en el sector, colaboramos estrechamente con nuestros socios para identificar eventos de alto nivel en el sector de los servicios financieros que se ajusten a sus objetivos empresariales y a su p\u00fablico objetivo. Al patrocinar estos eventos, los socios pueden aumentar la visibilidad de su propia marca y BlackBull Markets&#8217; visibilidad de marca mediante una alineaci\u00f3n estrat\u00e9gica y conectar con clientes potenciales de forma significativa.  <\/p>\n\t\t\t\t\t\t\t\t<\/div>\n\t\t\t\t\t<\/div>\n\t\t\t\t<\/div>\n\t\t<div class=\"elementor-element elementor-element-bdb49ac e-flex e-con-boxed e-con e-parent\" data-id=\"bdb49ac\" data-element_type=\"container\" data-e-type=\"container\" data-settings=\"{&quot;jet_parallax_layout_list&quot;:[]}\">\n\t\t\t\t\t<div class=\"e-con-inner\">\n\t\t\t\t<div class=\"elementor-element elementor-element-64f9316 elementor-widget elementor-widget-image\" data-id=\"64f9316\" data-element_type=\"widget\" data-e-type=\"widget\" data-widget_type=\"image.default\">\n\t\t\t\t\t\t\t\t\t\t\t\t\t\t\t<img fetchpriority=\"high\" decoding=\"async\" width=\"538\" height=\"421\" src=\"https:\/\/partners.blackbull.com\/wp-content\/uploads\/2023\/05\/What-Are-Hosted-Events.png\" class=\"attachment-full size-full wp-image-9603\" alt=\"\" srcset=\"https:\/\/partners.blackbull.com\/wp-content\/uploads\/2023\/05\/What-Are-Hosted-Events.png 538w, https:\/\/partners.blackbull.com\/wp-content\/uploads\/2023\/05\/What-Are-Hosted-Events-300x235.png 300w\" sizes=\"(max-width: 538px) 100vw, 538px\" \/>\t\t\t\t\t\t\t\t\t\t\t\t\t\t\t<\/div>\n\t\t\t\t\t<\/div>\n\t\t\t\t<\/div>\n\t\t\t\t\t<\/div>\n\t\t\t\t<\/div>\n\t\t\t\t<div class=\"elementor-element elementor-element-4576fb8 elementor-widget elementor-widget-text-editor\" data-id=\"4576fb8\" data-element_type=\"widget\" data-e-type=\"widget\" data-widget_type=\"text-editor.default\">\n\t\t\t\t\t\t\t\t\t<p>BlackBull Partners ofrece una gama de servicios de patrocinio a medida que ayudan a las personas influyentes a maximizar su inversi\u00f3n, desde la colocaci\u00f3n de logotipos y materiales de marca hasta oportunidades para dar charlas y eventos de networking exclusivos. Al proporcionar una plataforma para que nuestros socios muestren su experiencia y liderazgo de pensamiento, BlackBull Partners te ayuda a crear conciencia de marca, establecer credibilidad y, en \u00faltima instancia, generar m\u00e1s clientes potenciales. Nos centramos en ofrecer oportunidades de patrocinio de alta calidad que aporten un valor real tanto a los socios como a los asistentes a los eventos, y tenemos un historial demostrado de ayuda a nuestros socios para que alcancen sus objetivos comerciales y de marketing.  <\/p>\n\t\t\t\t\t\t\t\t<\/div>\n\t\t\t\t\t<\/div>\n\t\t\t\t<\/div>\n\t\t\t\t\t<\/div>\n\t\t\t\t<\/div>\n\t\t<div class=\"elementor-element elementor-element-658a618 e-con-full get-guide-section e-flex e-con e-parent\" data-id=\"658a618\" data-element_type=\"container\" data-e-type=\"container\" data-settings=\"{&quot;background_background&quot;:&quot;classic&quot;,&quot;jet_parallax_layout_list&quot;:[]}\">\n\t\t<div class=\"elementor-element elementor-element-3f347cb e-con-full e-flex e-con e-parent\" data-id=\"3f347cb\" data-element_type=\"container\" data-e-type=\"container\" data-settings=\"{&quot;jet_parallax_layout_list&quot;:[]}\">\n\t\t\t\t<div class=\"elementor-element elementor-element-92e6320 elementor-widget__width-initial elementor-widget elementor-widget-heading\" data-id=\"92e6320\" data-element_type=\"widget\" data-e-type=\"widget\" data-widget_type=\"heading.default\">\n\t\t\t\t\t<h2 class=\"elementor-heading-title elementor-size-default\">\u00bfPor qu\u00e9 elegir a BlackBull Partners como anfitri\u00f3n de tu evento?<\/h2>\t\t\t\t<\/div>\n\t\t\t\t<div class=\"elementor-element elementor-element-f44dc23 guid-slider-wrap elementor-widget elementor-widget-jet-carousel\" data-id=\"f44dc23\" data-element_type=\"widget\" data-e-type=\"widget\" data-settings=\"{&quot;slides_to_show&quot;:&quot;3&quot;,&quot;slides_to_show_tablet&quot;:&quot;2&quot;,&quot;slides_to_show_mobile&quot;:&quot;1&quot;,&quot;slides_to_scroll_tablet&quot;:&quot;1&quot;,&quot;slides_to_scroll&quot;:&quot;1&quot;}\" data-widget_type=\"jet-carousel.default\">\n\t\t\t\t<div class=\"elementor-widget-container\">\n\t\t\t\t\t<div class=\"elementor-jet-carousel jet-elements\"><div class=\"jet-carousel-wrap jet-equal-cols\">\n\t<div class=\"jet-carousel\" data-slider_options=\"{&quot;autoplaySpeed&quot;:3500,&quot;autoplay&quot;:false,&quot;infinite&quot;:true,&quot;centerMode&quot;:false,&quot;centerPadding&quot;:&quot;80px&quot;,&quot;pauseOnHover&quot;:false,&quot;speed&quot;:800,&quot;arrows&quot;:true,&quot;dots&quot;:false,&quot;variableWidth&quot;:false,&quot;prevArrow&quot;:&quot;.jet-carousel__prev-arrow-f44dc23&quot;,&quot;nextArrow&quot;:&quot;.jet-carousel__next-arrow-f44dc23&quot;,&quot;rtl&quot;:false,&quot;fractionNav&quot;:false}\" dir=\"ltr\">\n\t<div class=\"elementor-slick-slider\">\n\n<div class=\"jet-carousel__item\">\n\t<div class=\"jet-carousel__item-inner\"><div class=\"jet-carousel__content\"><h5 class=\"jet-carousel__item-title\">Paso 1<\/h5><div class=\"jet-carousel__item-text\"><p>Aumenta la visibilidad de tu marca y la exposici\u00f3n a un p\u00fablico m\u00e1s amplio para dar a conocer tu marca y aumentar las posibilidades de generar clientes potenciales y ventas.<\/p><\/div><\/div><\/div>\n<\/div>\n\n<div class=\"jet-carousel__item\">\n\t<div class=\"jet-carousel__item-inner\"><div class=\"jet-carousel__content\"><h5 class=\"jet-carousel__item-title\">Paso 2<\/h5><div class=\"jet-carousel__item-text\"><p>Conecta con un p\u00fablico espec\u00edfico que est\u00e9 interesado en tus productos o servicios para generar clientes potenciales cualificados y cerrar potencialmente m\u00e1s ventas.<\/p><\/div><\/div><\/div>\n<\/div>\n\n<div class=\"jet-carousel__item\">\n\t<div class=\"jet-carousel__item-inner\"><div class=\"jet-carousel__content\"><h5 class=\"jet-carousel__item-title\">Paso 3<\/h5><div class=\"jet-carousel__item-text\"><p>Muestra tu experiencia y liderazgo intelectual sobre un tema concreto para crear credibilidad y establecerte como una autoridad de confianza en el sector.<\/p><\/div><\/div><\/div>\n<\/div>\n\n<div class=\"jet-carousel__item\">\n\t<div class=\"jet-carousel__item-inner\"><div class=\"jet-carousel__content\"><h5 class=\"jet-carousel__item-title\">Paso 4<\/h5><div class=\"jet-carousel__item-text\"><p>Relaci\u00f3nate con otras empresas y establece potencialmente nuevas asociaciones o colaboraciones, ampliando tu alcance y generando nuevas oportunidades de negocio.<\/p><\/div><\/div><\/div>\n<\/div>\n\n<div class=\"jet-carousel__item\">\n\t<div class=\"jet-carousel__item-inner\"><div class=\"jet-carousel__content\"><h5 class=\"jet-carousel__item-title\">Paso 5<\/h5><div class=\"jet-carousel__item-text\">Asocia tu marca a un evento positivo y exitoso, genera confianza y crea una imagen positiva de tu alineaci\u00f3n estrat\u00e9gica con BlackBull Markets en la mente de los asistentes al evento.<\/div><\/div><\/div>\n<\/div>\n<\/div><div class=\"jet-carousel__prev-arrow-f44dc23 jet-arrow prev-arrow\"><svg xmlns=\"http:\/\/www.w3.org\/2000\/svg\" width=\"49\" height=\"49\" viewBox=\"0 0 49 49\"><g id=\"Group_2752\" data-name=\"Group 2752\" transform=\"translate(-14421 2552) rotate(180)\"><g id=\"Rectangle_100\" data-name=\"Rectangle 100\" transform=\"translate(-14470 2503)\" fill=\"rgba(255,255,255,0.2)\" stroke=\"#1a58d3\" stroke-width=\"1\"><rect width=\"49\" height=\"49\" rx=\"24.5\" stroke=\"none\"><\/rect><rect x=\"0.5\" y=\"0.5\" width=\"48\" height=\"48\" rx=\"24\" fill=\"none\"><\/rect><\/g><path id=\"Path_12338\" data-name=\"Path 12338\" d=\"M0,0,8.523,8.523,0,17.045\" transform=\"translate(-14448.762 2518.978)\" fill=\"none\" stroke=\"#1a58d3\" stroke-linecap=\"round\" stroke-linejoin=\"round\" stroke-width=\"2\"><\/path><\/g><\/svg><\/div><div class=\"jet-carousel__next-arrow-f44dc23 jet-arrow next-arrow\"><svg xmlns=\"http:\/\/www.w3.org\/2000\/svg\" width=\"49\" height=\"49\" viewBox=\"0 0 49 49\"><g id=\"Group_2751\" data-name=\"Group 2751\" transform=\"translate(14470)\"><g id=\"Rectangle_100\" data-name=\"Rectangle 100\" transform=\"translate(-14470)\" fill=\"rgba(255,255,255,0.2)\" stroke=\"#1a58d3\" stroke-width=\"1\"><rect width=\"49\" height=\"49\" rx=\"24.5\" stroke=\"none\"><\/rect><rect x=\"0.5\" y=\"0.5\" width=\"48\" height=\"48\" rx=\"24\" fill=\"none\"><\/rect><\/g><path id=\"Path_12338\" data-name=\"Path 12338\" d=\"M8.25,4.5l8.523,8.523L8.25,21.545\" transform=\"translate(-14457.012 11.477)\" fill=\"none\" stroke=\"#1a58d3\" stroke-linecap=\"round\" stroke-linejoin=\"round\" stroke-width=\"2\"><\/path><\/g><\/svg><\/div><\/div>\n<\/div>\n<\/div>\t\t\t\t<\/div>\n\t\t\t\t<\/div>\n\t\t\t\t<div class=\"elementor-element elementor-element-644b0d3 elementor-widget elementor-widget-text-editor\" data-id=\"644b0d3\" data-element_type=\"widget\" data-e-type=\"widget\" data-widget_type=\"text-editor.default\">\n\t\t\t\t\t\t\t\t\t<p>Ponte en contacto con nuestro equipo hoy mismo para hablar de c\u00f3mo podemos colaborar en tu pr\u00f3ximo evento.<\/p>\n\t\t\t\t\t\t\t\t<\/div>\n\t\t\t\t<div class=\"elementor-element elementor-element-0ef559b elementor-mobile-align-left elementor-widget elementor-widget-button\" data-id=\"0ef559b\" data-element_type=\"widget\" data-e-type=\"widget\" data-widget_type=\"button.default\">\n\t\t\t\t\t\t\t\t\t\t<a class=\"elementor-button elementor-button-link elementor-size-sm\" href=\"https:\/\/secure.blackbull.com\/auth\/register-partners\">\n\t\t\t\t\t\t<span class=\"elementor-button-content-wrapper\">\n\t\t\t\t\t\t\t\t\t<span class=\"elementor-button-text\">PONTE EN CONTACTO<\/span>\n\t\t\t\t\t<\/span>\n\t\t\t\t\t<\/a>\n\t\t\t\t\t\t\t\t<\/div>\n\t\t\t\t<\/div>\n\t\t\t\t<\/div>\n\t\t\t\t<\/div>\n\t\t","protected":false},"excerpt":{"rendered":"<p>Eventos organizados por BlackBull Partners BlackBull Partners trabaja con personas influyentes de todas las regiones del mundo que organizan eventos que atraen a clientes en sus regiones locales o digitalmente a una audiencia global. Una de las ventajas de trabajar con BlackBull Partners es el acceso a nuestras principales oportunidades de patrocinio de eventos. \u00bfQu\u00e9 [&hellip;]<\/p>\n","protected":false},"author":6,"featured_media":0,"parent":17195,"menu_order":4,"comment_status":"closed","ping_status":"closed","template":"elementor_header_footer","meta":{"inline_featured_image":false,"footnotes":""},"class_list":["post-17220","page","type-page","status-publish","hentry"],"yoast_head":"<!-- This site is optimized with the Yoast SEO plugin v27.6 - https:\/\/yoast.com\/product\/yoast-seo-wordpress\/ -->\n<title>Eventos organizados | BlackBull Partners<\/title>\n<meta name=\"robots\" content=\"index, follow, max-snippet:-1, max-image-preview:large, max-video-preview:-1\" \/>\n<link rel=\"canonical\" href=\"https:\/\/partners.blackbull.com\/es\/influencers\/program-details\/hosted-events\/\" \/>\n<meta property=\"og:locale\" content=\"es_ES\" \/>\n<meta property=\"og:type\" content=\"article\" \/>\n<meta property=\"og:title\" content=\"Eventos organizados | BlackBull Partners\" \/>\n<meta property=\"og:description\" content=\"Eventos organizados por BlackBull Partners BlackBull Partners trabaja con personas influyentes de todas las regiones del mundo que organizan eventos que atraen a clientes en sus regiones locales o digitalmente a una audiencia global. Una de las ventajas de trabajar con BlackBull Partners es el acceso a nuestras principales oportunidades de patrocinio de eventos. \u00bfQu\u00e9 [&hellip;]\" \/>\n<meta property=\"og:url\" content=\"https:\/\/partners.blackbull.com\/es\/influencers\/program-details\/hosted-events\/\" \/>\n<meta property=\"og:site_name\" content=\"BlackBull Partners\" \/>\n<meta property=\"article:modified_time\" content=\"2025-03-24T17:59:54+00:00\" \/>\n<meta property=\"og:image\" content=\"https:\/\/partners.blackbull.com\/wp-content\/uploads\/2023\/05\/What-Are-Hosted-Events.png\" \/>\n\t<meta property=\"og:image:width\" content=\"538\" \/>\n\t<meta property=\"og:image:height\" content=\"421\" \/>\n\t<meta property=\"og:image:type\" content=\"image\/png\" \/>\n<meta name=\"twitter:card\" content=\"summary_large_image\" \/>\n<meta name=\"twitter:label1\" content=\"Tiempo de lectura\" \/>\n\t<meta name=\"twitter:data1\" content=\"2 minutos\" \/>\n<script type=\"application\/ld+json\" class=\"yoast-schema-graph\">{\"@context\":\"https:\\\/\\\/schema.org\",\"@graph\":[{\"@type\":\"WebPage\",\"@id\":\"https:\\\/\\\/partners.blackbull.com\\\/es\\\/influencers\\\/program-details\\\/hosted-events\\\/\",\"url\":\"https:\\\/\\\/partners.blackbull.com\\\/es\\\/influencers\\\/program-details\\\/hosted-events\\\/\",\"name\":\"Eventos organizados | BlackBull Partners\",\"isPartOf\":{\"@id\":\"https:\\\/\\\/partners.blackbull.com\\\/es\\\/#website\"},\"primaryImageOfPage\":{\"@id\":\"https:\\\/\\\/partners.blackbull.com\\\/es\\\/influencers\\\/program-details\\\/hosted-events\\\/#primaryimage\"},\"image\":{\"@id\":\"https:\\\/\\\/partners.blackbull.com\\\/es\\\/influencers\\\/program-details\\\/hosted-events\\\/#primaryimage\"},\"thumbnailUrl\":\"https:\\\/\\\/partners.blackbull.com\\\/wp-content\\\/uploads\\\/2023\\\/05\\\/What-Are-Hosted-Events.png\",\"datePublished\":\"2025-03-24T17:59:51+00:00\",\"dateModified\":\"2025-03-24T17:59:54+00:00\",\"breadcrumb\":{\"@id\":\"https:\\\/\\\/partners.blackbull.com\\\/es\\\/influencers\\\/program-details\\\/hosted-events\\\/#breadcrumb\"},\"inLanguage\":\"es\",\"potentialAction\":[{\"@type\":\"ReadAction\",\"target\":[\"https:\\\/\\\/partners.blackbull.com\\\/es\\\/influencers\\\/program-details\\\/hosted-events\\\/\"]}]},{\"@type\":\"ImageObject\",\"inLanguage\":\"es\",\"@id\":\"https:\\\/\\\/partners.blackbull.com\\\/es\\\/influencers\\\/program-details\\\/hosted-events\\\/#primaryimage\",\"url\":\"https:\\\/\\\/partners.blackbull.com\\\/wp-content\\\/uploads\\\/2023\\\/05\\\/What-Are-Hosted-Events.png\",\"contentUrl\":\"https:\\\/\\\/partners.blackbull.com\\\/wp-content\\\/uploads\\\/2023\\\/05\\\/What-Are-Hosted-Events.png\"},{\"@type\":\"BreadcrumbList\",\"@id\":\"https:\\\/\\\/partners.blackbull.com\\\/es\\\/influencers\\\/program-details\\\/hosted-events\\\/#breadcrumb\",\"itemListElement\":[{\"@type\":\"ListItem\",\"position\":1,\"name\":\"Home\",\"item\":\"https:\\\/\\\/partners.blackbull.com\\\/es\\\/home-new\\\/\"},{\"@type\":\"ListItem\",\"position\":2,\"name\":\"Influenciadores\",\"item\":\"https:\\\/\\\/partners.blackbull.com\\\/es\\\/influenciadores\\\/\"},{\"@type\":\"ListItem\",\"position\":3,\"name\":\"Detalles del programa\",\"item\":\"https:\\\/\\\/partners.blackbull.com\\\/es\\\/influenciadores\\\/detalles-del-programa\\\/\"},{\"@type\":\"ListItem\",\"position\":4,\"name\":\"Eventos organizados\"}]},{\"@type\":\"WebSite\",\"@id\":\"https:\\\/\\\/partners.blackbull.com\\\/es\\\/#website\",\"url\":\"https:\\\/\\\/partners.blackbull.com\\\/es\\\/\",\"name\":\"BlackBull Partners\",\"description\":\"BlackBull Affiliates is the partner referral program of BlackBull Markets, a top-tier, award-winning, and multi-regulated forex broker.\",\"publisher\":{\"@id\":\"https:\\\/\\\/partners.blackbull.com\\\/es\\\/#organization\"},\"potentialAction\":[{\"@type\":\"SearchAction\",\"target\":{\"@type\":\"EntryPoint\",\"urlTemplate\":\"https:\\\/\\\/partners.blackbull.com\\\/es\\\/?s={search_term_string}\"},\"query-input\":{\"@type\":\"PropertyValueSpecification\",\"valueRequired\":true,\"valueName\":\"search_term_string\"}}],\"inLanguage\":\"es\"},{\"@type\":\"Organization\",\"@id\":\"https:\\\/\\\/partners.blackbull.com\\\/es\\\/#organization\",\"name\":\"BlackBull Partners\",\"url\":\"https:\\\/\\\/partners.blackbull.com\\\/es\\\/\",\"logo\":{\"@type\":\"ImageObject\",\"inLanguage\":\"es\",\"@id\":\"https:\\\/\\\/partners.blackbull.com\\\/es\\\/#\\\/schema\\\/logo\\\/image\\\/\",\"url\":\"https:\\\/\\\/partners.blackbull.com\\\/wp-content\\\/uploads\\\/2022\\\/03\\\/BBMPartnerslogo_blue.svg\",\"contentUrl\":\"https:\\\/\\\/partners.blackbull.com\\\/wp-content\\\/uploads\\\/2022\\\/03\\\/BBMPartnerslogo_blue.svg\",\"width\":981,\"height\":279,\"caption\":\"BlackBull Partners\"},\"image\":{\"@id\":\"https:\\\/\\\/partners.blackbull.com\\\/es\\\/#\\\/schema\\\/logo\\\/image\\\/\"}}]}<\/script>\n<!-- \/ Yoast SEO plugin. -->","yoast_head_json":{"title":"Eventos organizados | BlackBull Partners","robots":{"index":"index","follow":"follow","max-snippet":"max-snippet:-1","max-image-preview":"max-image-preview:large","max-video-preview":"max-video-preview:-1"},"canonical":"https:\/\/partners.blackbull.com\/es\/influencers\/program-details\/hosted-events\/","og_locale":"es_ES","og_type":"article","og_title":"Eventos organizados | BlackBull Partners","og_description":"Eventos organizados por BlackBull Partners BlackBull Partners trabaja con personas influyentes de todas las regiones del mundo que organizan eventos que atraen a clientes en sus regiones locales o digitalmente a una audiencia global. Una de las ventajas de trabajar con BlackBull Partners es el acceso a nuestras principales oportunidades de patrocinio de eventos. \u00bfQu\u00e9 [&hellip;]","og_url":"https:\/\/partners.blackbull.com\/es\/influencers\/program-details\/hosted-events\/","og_site_name":"BlackBull Partners","article_modified_time":"2025-03-24T17:59:54+00:00","og_image":[{"width":538,"height":421,"url":"https:\/\/partners.blackbull.com\/wp-content\/uploads\/2023\/05\/What-Are-Hosted-Events.png","type":"image\/png"}],"twitter_card":"summary_large_image","twitter_misc":{"Tiempo de lectura":"2 minutos"},"schema":{"@context":"https:\/\/schema.org","@graph":[{"@type":"WebPage","@id":"https:\/\/partners.blackbull.com\/es\/influencers\/program-details\/hosted-events\/","url":"https:\/\/partners.blackbull.com\/es\/influencers\/program-details\/hosted-events\/","name":"Eventos organizados | BlackBull Partners","isPartOf":{"@id":"https:\/\/partners.blackbull.com\/es\/#website"},"primaryImageOfPage":{"@id":"https:\/\/partners.blackbull.com\/es\/influencers\/program-details\/hosted-events\/#primaryimage"},"image":{"@id":"https:\/\/partners.blackbull.com\/es\/influencers\/program-details\/hosted-events\/#primaryimage"},"thumbnailUrl":"https:\/\/partners.blackbull.com\/wp-content\/uploads\/2023\/05\/What-Are-Hosted-Events.png","datePublished":"2025-03-24T17:59:51+00:00","dateModified":"2025-03-24T17:59:54+00:00","breadcrumb":{"@id":"https:\/\/partners.blackbull.com\/es\/influencers\/program-details\/hosted-events\/#breadcrumb"},"inLanguage":"es","potentialAction":[{"@type":"ReadAction","target":["https:\/\/partners.blackbull.com\/es\/influencers\/program-details\/hosted-events\/"]}]},{"@type":"ImageObject","inLanguage":"es","@id":"https:\/\/partners.blackbull.com\/es\/influencers\/program-details\/hosted-events\/#primaryimage","url":"https:\/\/partners.blackbull.com\/wp-content\/uploads\/2023\/05\/What-Are-Hosted-Events.png","contentUrl":"https:\/\/partners.blackbull.com\/wp-content\/uploads\/2023\/05\/What-Are-Hosted-Events.png"},{"@type":"BreadcrumbList","@id":"https:\/\/partners.blackbull.com\/es\/influencers\/program-details\/hosted-events\/#breadcrumb","itemListElement":[{"@type":"ListItem","position":1,"name":"Home","item":"https:\/\/partners.blackbull.com\/es\/home-new\/"},{"@type":"ListItem","position":2,"name":"Influenciadores","item":"https:\/\/partners.blackbull.com\/es\/influenciadores\/"},{"@type":"ListItem","position":3,"name":"Detalles del programa","item":"https:\/\/partners.blackbull.com\/es\/influenciadores\/detalles-del-programa\/"},{"@type":"ListItem","position":4,"name":"Eventos organizados"}]},{"@type":"WebSite","@id":"https:\/\/partners.blackbull.com\/es\/#website","url":"https:\/\/partners.blackbull.com\/es\/","name":"BlackBull Partners","description":"BlackBull Affiliates is the partner referral program of BlackBull Markets, a top-tier, award-winning, and multi-regulated forex broker.","publisher":{"@id":"https:\/\/partners.blackbull.com\/es\/#organization"},"potentialAction":[{"@type":"SearchAction","target":{"@type":"EntryPoint","urlTemplate":"https:\/\/partners.blackbull.com\/es\/?s={search_term_string}"},"query-input":{"@type":"PropertyValueSpecification","valueRequired":true,"valueName":"search_term_string"}}],"inLanguage":"es"},{"@type":"Organization","@id":"https:\/\/partners.blackbull.com\/es\/#organization","name":"BlackBull Partners","url":"https:\/\/partners.blackbull.com\/es\/","logo":{"@type":"ImageObject","inLanguage":"es","@id":"https:\/\/partners.blackbull.com\/es\/#\/schema\/logo\/image\/","url":"https:\/\/partners.blackbull.com\/wp-content\/uploads\/2022\/03\/BBMPartnerslogo_blue.svg","contentUrl":"https:\/\/partners.blackbull.com\/wp-content\/uploads\/2022\/03\/BBMPartnerslogo_blue.svg","width":981,"height":279,"caption":"BlackBull Partners"},"image":{"@id":"https:\/\/partners.blackbull.com\/es\/#\/schema\/logo\/image\/"}}]}},"_links":{"self":[{"href":"https:\/\/partners.blackbull.com\/es\/wp-json\/wp\/v2\/pages\/17220","targetHints":{"allow":["GET"]}}],"collection":[{"href":"https:\/\/partners.blackbull.com\/es\/wp-json\/wp\/v2\/pages"}],"about":[{"href":"https:\/\/partners.blackbull.com\/es\/wp-json\/wp\/v2\/types\/page"}],"author":[{"embeddable":true,"href":"https:\/\/partners.blackbull.com\/es\/wp-json\/wp\/v2\/users\/6"}],"replies":[{"embeddable":true,"href":"https:\/\/partners.blackbull.com\/es\/wp-json\/wp\/v2\/comments?post=17220"}],"version-history":[{"count":1,"href":"https:\/\/partners.blackbull.com\/es\/wp-json\/wp\/v2\/pages\/17220\/revisions"}],"predecessor-version":[{"id":17221,"href":"https:\/\/partners.blackbull.com\/es\/wp-json\/wp\/v2\/pages\/17220\/revisions\/17221"}],"up":[{"embeddable":true,"href":"https:\/\/partners.blackbull.com\/es\/wp-json\/wp\/v2\/pages\/17195"}],"wp:attachment":[{"href":"https:\/\/partners.blackbull.com\/es\/wp-json\/wp\/v2\/media?parent=17220"}],"curies":[{"name":"wp","href":"https:\/\/api.w.org\/{rel}","templated":true}]}}