{"id":17222,"date":"2025-03-25T06:59:51","date_gmt":"2025-03-24T17:59:51","guid":{"rendered":"https:\/\/partners.blackbull.com\/influenciadores\/detalles-del-programa\/mercancia\/"},"modified":"2025-07-10T05:00:18","modified_gmt":"2025-07-09T17:00:18","slug":"merchandise","status":"publish","type":"page","link":"https:\/\/partners.blackbull.com\/es\/influencers\/program-details\/merchandise\/","title":{"rendered":"Mercanc\u00eda"},"content":{"rendered":"\t\t<div data-elementor-type=\"wp-page\" data-elementor-id=\"17222\" class=\"elementor elementor-17222 elementor-4676\" data-elementor-post-type=\"page\">\n\t\t\t\t<div class=\"elementor-element elementor-element-e870e8d e-flex e-con-boxed e-con e-parent\" data-id=\"e870e8d\" data-element_type=\"container\" data-e-type=\"container\" data-settings=\"{&quot;background_background&quot;:&quot;classic&quot;,&quot;jet_parallax_layout_list&quot;:[]}\">\n\t\t\t\t\t<div class=\"e-con-inner\">\n\t\t\t\t<div class=\"elementor-element elementor-element-dbc65bb elementor-widget elementor-widget-breadcrumbs\" data-id=\"dbc65bb\" data-element_type=\"widget\" data-e-type=\"widget\" data-widget_type=\"breadcrumbs.default\">\n\t\t\t\t\t<p id=\"breadcrumbs\"><span><span><a href=\"https:\/\/partners.blackbull.com\/es\/home-new\/\">Home<\/a><\/span><\/span><\/p>\t\t\t\t<\/div>\n\t\t\t\t\t<\/div>\n\t\t\t\t<\/div>\n\t\t<div class=\"elementor-element elementor-element-029e368 e-flex e-con-boxed e-con e-parent\" data-id=\"029e368\" data-element_type=\"container\" data-e-type=\"container\" data-settings=\"{&quot;background_background&quot;:&quot;classic&quot;,&quot;jet_parallax_layout_list&quot;:[]}\">\n\t\t\t\t\t<div class=\"e-con-inner\">\n\t\t<div class=\"elementor-element elementor-element-2ccfa07 e-con-full e-flex e-con e-child\" data-id=\"2ccfa07\" data-element_type=\"container\" data-e-type=\"container\" data-settings=\"{&quot;background_background&quot;:&quot;classic&quot;,&quot;jet_parallax_layout_list&quot;:[]}\">\n\t\t\t\t<div class=\"elementor-element elementor-element-6a6f8ab elementor-widget__width-initial elementor-widget elementor-widget-heading\" data-id=\"6a6f8ab\" data-element_type=\"widget\" data-e-type=\"widget\" data-widget_type=\"heading.default\">\n\t\t\t\t\t<h2 class=\"elementor-heading-title elementor-size-default\">Mercanc\u00eda de los socios de BlackBull<\/h2>\t\t\t\t<\/div>\n\t\t\t\t<\/div>\n\t\t<div class=\"elementor-element elementor-element-da36de1 e-con-full e-flex e-con e-child\" data-id=\"da36de1\" data-element_type=\"container\" data-e-type=\"container\" data-settings=\"{&quot;jet_parallax_layout_list&quot;:[]}\">\n\t\t\t\t<div class=\"elementor-element elementor-element-4559ebc link-text elementor-widget elementor-widget-text-editor\" data-id=\"4559ebc\" data-element_type=\"widget\" data-e-type=\"widget\" data-widget_type=\"text-editor.default\">\n\t\t\t\t\t\t\t\t\t<p>Una forma eficaz que BlackBull Partners utiliza para impulsar nuevos negocios es proporcionar art\u00edculos de marca a nuestros socios. De este modo, hemos podido aprovechar las redes y relaciones de nuestros socios para ampliar el alcance de nuestra marca y promoverla entre nuevos p\u00fablicos. <\/p>\t\t\t\t\t\t\t\t<\/div>\n\t\t\t\t<\/div>\n\t\t\t\t\t<\/div>\n\t\t\t\t<\/div>\n\t\t<div class=\"elementor-element elementor-element-ea0204a e-flex e-con-boxed e-con e-parent\" data-id=\"ea0204a\" data-element_type=\"container\" data-e-type=\"container\" data-settings=\"{&quot;jet_parallax_layout_list&quot;:[]}\">\n\t\t\t\t\t<div class=\"e-con-inner\">\n\t\t<div class=\"elementor-element elementor-element-5789c2f e-con-full e-flex e-con e-child\" data-id=\"5789c2f\" data-element_type=\"container\" data-e-type=\"container\" data-settings=\"{&quot;jet_parallax_layout_list&quot;:[]}\">\n\t\t<div class=\"elementor-element elementor-element-c66f730 e-con-full e-flex e-con e-child\" data-id=\"c66f730\" data-element_type=\"container\" data-e-type=\"container\" data-settings=\"{&quot;jet_parallax_layout_list&quot;:[]}\">\n\t\t\t\t<div class=\"elementor-element elementor-element-e7fac05 elementor-widget elementor-widget-heading\" data-id=\"e7fac05\" data-element_type=\"widget\" data-e-type=\"widget\" data-widget_type=\"heading.default\">\n\t\t\t\t\t<h2 class=\"elementor-heading-title elementor-size-default\">C\u00f3mo los socios de BlackBull impulsan nuevos negocios con art\u00edculos de marca.<\/h2>\t\t\t\t<\/div>\n\t\t\t\t<div class=\"elementor-element elementor-element-6be92bd elementor-widget elementor-widget-text-editor\" data-id=\"6be92bd\" data-element_type=\"widget\" data-e-type=\"widget\" data-widget_type=\"text-editor.default\">\n\t\t\t\t\t\t\t\t\t<p>Una forma eficaz que BlackBull Partners utiliza para impulsar nuevos negocios es proporcionar art\u00edculos de marca a nuestros socios. Al hacerlo, hemos podido aprovechar las redes y relaciones de nuestros socios para ampliar el alcance de nuestra marca y promocionarla entre nuevos p\u00fablicos. Cuando nuestros valiosos socios distribuyen la mercanc\u00eda a sus clientes o clientes potenciales, est\u00e1n actuando esencialmente como embajadores de la marca BlackBull, promocionando nuestros productos o servicios y creando una asociaci\u00f3n positiva con nuestra marca.  <\/p><p>A varios de los streamers y creadores de contenidos con los que trabajamos se les puede ver vistiendo camisetas o polos de la marca BlackBull o utilizando bol\u00edgrafos o tazas de marca. Nuestra mercanc\u00eda de marca tambi\u00e9n puede servir como una poderosa herramienta para romper el hielo e iniciar conversaciones con clientes potenciales, incluidos nuestros folletos u otros perif\u00e9ricos de oficina. Cuando nuestros socios distribuyen merchandising de marca a su red, puede ser una forma estupenda de relacionarse con nuevos clientes potenciales y establecer una conexi\u00f3n, que puede conducir a nuevas oportunidades de negocio.  <\/p>\t\t\t\t\t\t\t\t<\/div>\n\t\t\t\t<\/div>\n\t\t<div class=\"elementor-element elementor-element-31e6e19 e-con-full e-flex e-con e-child\" data-id=\"31e6e19\" data-element_type=\"container\" data-e-type=\"container\" data-settings=\"{&quot;jet_parallax_layout_list&quot;:[]}\">\n\t\t\t\t<div class=\"elementor-element elementor-element-e3f7ace elementor-widget elementor-widget-image\" data-id=\"e3f7ace\" data-element_type=\"widget\" data-e-type=\"widget\" data-widget_type=\"image.default\">\n\t\t\t\t\t\t\t\t\t\t\t\t\t\t\t<img fetchpriority=\"high\" decoding=\"async\" width=\"538\" height=\"825\" src=\"https:\/\/partners.blackbull.com\/wp-content\/uploads\/2025\/07\/merch.jpg\" class=\"attachment-full size-full wp-image-17941\" alt=\"\" srcset=\"https:\/\/partners.blackbull.com\/wp-content\/uploads\/2025\/07\/merch.jpg 538w, https:\/\/partners.blackbull.com\/wp-content\/uploads\/2025\/07\/merch-196x300.jpg 196w, https:\/\/partners.blackbull.com\/wp-content\/uploads\/2025\/07\/merch-334x512.jpg 334w\" sizes=\"(max-width: 538px) 100vw, 538px\" \/>\t\t\t\t\t\t\t\t\t\t\t\t\t\t\t<\/div>\n\t\t\t\t<\/div>\n\t\t\t\t<\/div>\n\t\t\t\t\t<\/div>\n\t\t\t\t<\/div>\n\t\t<div class=\"elementor-element elementor-element-f2f04b2 e-flex e-con-boxed e-con e-parent\" data-id=\"f2f04b2\" data-element_type=\"container\" data-e-type=\"container\" data-settings=\"{&quot;jet_parallax_layout_list&quot;:[],&quot;background_background&quot;:&quot;classic&quot;}\">\n\t\t\t\t\t<div class=\"e-con-inner\">\n\t\t<div class=\"elementor-element elementor-element-c6154ea e-con-full e-flex e-con e-child\" data-id=\"c6154ea\" data-element_type=\"container\" data-e-type=\"container\" data-settings=\"{&quot;jet_parallax_layout_list&quot;:[]}\">\n\t\t<div class=\"elementor-element elementor-element-6e98dc3 e-con-full e-flex e-con e-child\" data-id=\"6e98dc3\" data-element_type=\"container\" data-e-type=\"container\" data-settings=\"{&quot;jet_parallax_layout_list&quot;:[]}\">\n\t\t\t\t<div class=\"elementor-element elementor-element-322c8a6 elementor-widget elementor-widget-heading\" data-id=\"322c8a6\" data-element_type=\"widget\" data-e-type=\"widget\" data-widget_type=\"heading.default\">\n\t\t\t\t\t<h2 class=\"elementor-heading-title elementor-size-default\">\u00bfC\u00f3mo ayuda el suministro de mercanc\u00edas?<\/h2>\t\t\t\t<\/div>\n\t\t\t\t<div class=\"elementor-element elementor-element-09af972 elementor-widget elementor-widget-text-editor\" data-id=\"09af972\" data-element_type=\"widget\" data-e-type=\"widget\" data-widget_type=\"text-editor.default\">\n\t\t\t\t\t\t\t\t\t<p>Si quieres saber c\u00f3mo puedes conseguir tu propio par de zapatillas de marca BlackBull Markets Nike Air de marca, no dudes en hablar con nuestro equipo.<\/p>\t\t\t\t\t\t\t\t<\/div>\n\t\t\t\t<div class=\"elementor-element elementor-element-8c3fac0 elementor-widget elementor-widget-text-editor\" data-id=\"8c3fac0\" data-element_type=\"widget\" data-e-type=\"widget\" data-widget_type=\"text-editor.default\">\n\t\t\t\t\t\t\t\t\t<p>Proporcionar mercanc\u00eda a nuestros socios nos ha ayudado a fomentar y fortalecer las relaciones que mantenemos con nuestros valiosos socios, que se han sentido m\u00e1s incentivados y motivados para promocionar una empresa que invierte en su \u00e9xito.<\/p><p>Tambi\u00e9n proporcionamos mercanc\u00eda como recompensa por generar clientes potenciales y como gesto de agradecimiento para demostrar nuestro aprecio a nuestros socios y reforzar nuestra relaci\u00f3n con ellos. Esto conduce a una mayor lealtad y defensa, lo que a su vez ayuda a generar m\u00e1s clientes potenciales y ventas. <\/p>\t\t\t\t\t\t\t\t<\/div>\n\t\t\t\t<\/div>\n\t\t\t\t<\/div>\n\t\t<div class=\"elementor-element elementor-element-13301d3 e-con-full e-flex e-con e-child\" data-id=\"13301d3\" data-element_type=\"container\" data-e-type=\"container\" data-settings=\"{&quot;jet_parallax_layout_list&quot;:[]}\">\n\t\t<div class=\"elementor-element elementor-element-85c5574 e-flex e-con-boxed e-con e-child\" data-id=\"85c5574\" data-element_type=\"container\" data-e-type=\"container\" data-settings=\"{&quot;background_background&quot;:&quot;classic&quot;,&quot;jet_parallax_layout_list&quot;:[]}\">\n\t\t\t\t\t<div class=\"e-con-inner\">\n\t\t\t\t<div class=\"elementor-element elementor-element-d84486e elementor-widget elementor-widget-image\" data-id=\"d84486e\" data-element_type=\"widget\" data-e-type=\"widget\" data-widget_type=\"image.default\">\n\t\t\t\t\t\t\t\t\t\t\t\t\t\t\t<img decoding=\"async\" width=\"90\" height=\"90\" src=\"https:\/\/partners.blackbull.com\/wp-content\/uploads\/2023\/05\/award.svg\" class=\"attachment-full size-full wp-image-7394\" alt=\"Help Icon\" \/>\t\t\t\t\t\t\t\t\t\t\t\t\t\t\t<\/div>\n\t\t\t\t<div class=\"elementor-element elementor-element-2fce232 elementor-widget elementor-widget-text-editor\" data-id=\"2fce232\" data-element_type=\"widget\" data-e-type=\"widget\" data-widget_type=\"text-editor.default\">\n\t\t\t\t\t\t\t\t\t<p>Utilizar art\u00edculos de marca como herramienta de generaci\u00f3n de contactos puede ser una forma eficaz y rentable de promocionarte entre tu p\u00fablico y hacer crecer tu negocio.<\/p>\t\t\t\t\t\t\t\t<\/div>\n\t\t\t\t<div class=\"elementor-element elementor-element-c75c9fa elementor-mobile-align-left elementor-widget elementor-widget-button\" data-id=\"c75c9fa\" data-element_type=\"widget\" data-e-type=\"widget\" data-widget_type=\"button.default\">\n\t\t\t\t\t\t\t\t\t\t<a class=\"elementor-button elementor-button-link elementor-size-sm\" href=\"https:\/\/secure.blackbull.com\/auth\/register-partners\">\n\t\t\t\t\t\t<span class=\"elementor-button-content-wrapper\">\n\t\t\t\t\t\t\t\t\t<span class=\"elementor-button-text\">SABER C\u00d3MO<\/span>\n\t\t\t\t\t<\/span>\n\t\t\t\t\t<\/a>\n\t\t\t\t\t\t\t\t<\/div>\n\t\t\t\t\t<\/div>\n\t\t\t\t<\/div>\n\t\t\t\t<\/div>\n\t\t\t\t\t<\/div>\n\t\t\t\t<\/div>\n\t\t\t\t<\/div>\n\t\t","protected":false},"excerpt":{"rendered":"<p>Mercanc\u00eda de los socios de BlackBull Una forma eficaz que BlackBull Partners utiliza para impulsar nuevos negocios es proporcionar art\u00edculos de marca a nuestros socios. De este modo, hemos podido aprovechar las redes y relaciones de nuestros socios para ampliar el alcance de nuestra marca y promoverla entre nuevos p\u00fablicos. C\u00f3mo los socios de BlackBull [&hellip;]<\/p>\n","protected":false},"author":6,"featured_media":0,"parent":17195,"menu_order":5,"comment_status":"closed","ping_status":"closed","template":"elementor_header_footer","meta":{"inline_featured_image":false,"footnotes":""},"class_list":["post-17222","page","type-page","status-publish","hentry"],"yoast_head":"<!-- This site is optimized with the Yoast SEO plugin v27.3 - https:\/\/yoast.com\/product\/yoast-seo-wordpress\/ -->\n<title>Mercanc\u00eda | BlackBull Partners%.<\/title>\n<meta name=\"description\" content=\"Una forma eficaz que BlackBull Partners utiliza para impulsar nuevos negocios es proporcionar mercanc\u00eda de marca a nuestros socios.\" \/>\n<meta name=\"robots\" content=\"index, follow, max-snippet:-1, max-image-preview:large, max-video-preview:-1\" \/>\n<link rel=\"canonical\" href=\"https:\/\/partners.blackbull.com\/es\/influencers\/program-details\/merchandise\/\" \/>\n<meta property=\"og:locale\" content=\"es_ES\" \/>\n<meta property=\"og:type\" content=\"article\" \/>\n<meta property=\"og:title\" content=\"Mercanc\u00eda | BlackBull Partners%.\" \/>\n<meta property=\"og:description\" content=\"Una forma eficaz que BlackBull Partners utiliza para impulsar nuevos negocios es proporcionar mercanc\u00eda de marca a nuestros socios.\" \/>\n<meta property=\"og:url\" content=\"https:\/\/partners.blackbull.com\/es\/influencers\/program-details\/merchandise\/\" \/>\n<meta property=\"og:site_name\" content=\"BlackBull Partners\" \/>\n<meta property=\"article:modified_time\" content=\"2025-07-09T17:00:18+00:00\" \/>\n<meta property=\"og:image\" content=\"https:\/\/partners.blackbull.com\/wp-content\/uploads\/2025\/07\/merch.jpg\" \/>\n\t<meta property=\"og:image:width\" content=\"538\" \/>\n\t<meta property=\"og:image:height\" content=\"825\" \/>\n\t<meta property=\"og:image:type\" content=\"image\/jpeg\" \/>\n<meta name=\"twitter:card\" content=\"summary_large_image\" \/>\n<meta name=\"twitter:label1\" content=\"Tiempo de lectura\" \/>\n\t<meta name=\"twitter:data1\" content=\"2 minutos\" \/>\n<script type=\"application\/ld+json\" class=\"yoast-schema-graph\">{\"@context\":\"https:\\\/\\\/schema.org\",\"@graph\":[{\"@type\":\"WebPage\",\"@id\":\"https:\\\/\\\/partners.blackbull.com\\\/es\\\/influencers\\\/program-details\\\/merchandise\\\/\",\"url\":\"https:\\\/\\\/partners.blackbull.com\\\/es\\\/influencers\\\/program-details\\\/merchandise\\\/\",\"name\":\"Mercanc\u00eda | BlackBull Partners%.\",\"isPartOf\":{\"@id\":\"https:\\\/\\\/partners.blackbull.com\\\/es\\\/#website\"},\"primaryImageOfPage\":{\"@id\":\"https:\\\/\\\/partners.blackbull.com\\\/es\\\/influencers\\\/program-details\\\/merchandise\\\/#primaryimage\"},\"image\":{\"@id\":\"https:\\\/\\\/partners.blackbull.com\\\/es\\\/influencers\\\/program-details\\\/merchandise\\\/#primaryimage\"},\"thumbnailUrl\":\"https:\\\/\\\/partners.blackbull.com\\\/wp-content\\\/uploads\\\/2025\\\/07\\\/merch.jpg\",\"datePublished\":\"2025-03-24T17:59:51+00:00\",\"dateModified\":\"2025-07-09T17:00:18+00:00\",\"description\":\"Una forma eficaz que BlackBull Partners utiliza para impulsar nuevos negocios es proporcionar mercanc\u00eda de marca a nuestros socios.\",\"breadcrumb\":{\"@id\":\"https:\\\/\\\/partners.blackbull.com\\\/es\\\/influencers\\\/program-details\\\/merchandise\\\/#breadcrumb\"},\"inLanguage\":\"es\",\"potentialAction\":[{\"@type\":\"ReadAction\",\"target\":[\"https:\\\/\\\/partners.blackbull.com\\\/es\\\/influencers\\\/program-details\\\/merchandise\\\/\"]}]},{\"@type\":\"ImageObject\",\"inLanguage\":\"es\",\"@id\":\"https:\\\/\\\/partners.blackbull.com\\\/es\\\/influencers\\\/program-details\\\/merchandise\\\/#primaryimage\",\"url\":\"https:\\\/\\\/partners.blackbull.com\\\/wp-content\\\/uploads\\\/2025\\\/07\\\/merch.jpg\",\"contentUrl\":\"https:\\\/\\\/partners.blackbull.com\\\/wp-content\\\/uploads\\\/2025\\\/07\\\/merch.jpg\"},{\"@type\":\"BreadcrumbList\",\"@id\":\"https:\\\/\\\/partners.blackbull.com\\\/es\\\/influencers\\\/program-details\\\/merchandise\\\/#breadcrumb\",\"itemListElement\":[{\"@type\":\"ListItem\",\"position\":1,\"name\":\"Home\",\"item\":\"https:\\\/\\\/partners.blackbull.com\\\/es\\\/home-new\\\/\"},{\"@type\":\"ListItem\",\"position\":2,\"name\":\"Influenciadores\",\"item\":\"https:\\\/\\\/partners.blackbull.com\\\/es\\\/influenciadores\\\/\"},{\"@type\":\"ListItem\",\"position\":3,\"name\":\"Detalles del programa\",\"item\":\"https:\\\/\\\/partners.blackbull.com\\\/es\\\/influenciadores\\\/detalles-del-programa\\\/\"},{\"@type\":\"ListItem\",\"position\":4,\"name\":\"Mercanc\u00eda\"}]},{\"@type\":\"WebSite\",\"@id\":\"https:\\\/\\\/partners.blackbull.com\\\/es\\\/#website\",\"url\":\"https:\\\/\\\/partners.blackbull.com\\\/es\\\/\",\"name\":\"BlackBull Partners\",\"description\":\"BlackBull Affiliates is the partner referral program of BlackBull Markets, a top-tier, award-winning, and multi-regulated forex broker.\",\"publisher\":{\"@id\":\"https:\\\/\\\/partners.blackbull.com\\\/es\\\/#organization\"},\"potentialAction\":[{\"@type\":\"SearchAction\",\"target\":{\"@type\":\"EntryPoint\",\"urlTemplate\":\"https:\\\/\\\/partners.blackbull.com\\\/es\\\/?s={search_term_string}\"},\"query-input\":{\"@type\":\"PropertyValueSpecification\",\"valueRequired\":true,\"valueName\":\"search_term_string\"}}],\"inLanguage\":\"es\"},{\"@type\":\"Organization\",\"@id\":\"https:\\\/\\\/partners.blackbull.com\\\/es\\\/#organization\",\"name\":\"BlackBull Partners\",\"url\":\"https:\\\/\\\/partners.blackbull.com\\\/es\\\/\",\"logo\":{\"@type\":\"ImageObject\",\"inLanguage\":\"es\",\"@id\":\"https:\\\/\\\/partners.blackbull.com\\\/es\\\/#\\\/schema\\\/logo\\\/image\\\/\",\"url\":\"https:\\\/\\\/partners.blackbull.com\\\/wp-content\\\/uploads\\\/2022\\\/03\\\/BBMPartnerslogo_blue.svg\",\"contentUrl\":\"https:\\\/\\\/partners.blackbull.com\\\/wp-content\\\/uploads\\\/2022\\\/03\\\/BBMPartnerslogo_blue.svg\",\"width\":981,\"height\":279,\"caption\":\"BlackBull Partners\"},\"image\":{\"@id\":\"https:\\\/\\\/partners.blackbull.com\\\/es\\\/#\\\/schema\\\/logo\\\/image\\\/\"}}]}<\/script>\n<!-- \/ Yoast SEO plugin. -->","yoast_head_json":{"title":"Mercanc\u00eda | BlackBull Partners%.","description":"Una forma eficaz que BlackBull Partners utiliza para impulsar nuevos negocios es proporcionar mercanc\u00eda de marca a nuestros socios.","robots":{"index":"index","follow":"follow","max-snippet":"max-snippet:-1","max-image-preview":"max-image-preview:large","max-video-preview":"max-video-preview:-1"},"canonical":"https:\/\/partners.blackbull.com\/es\/influencers\/program-details\/merchandise\/","og_locale":"es_ES","og_type":"article","og_title":"Mercanc\u00eda | BlackBull Partners%.","og_description":"Una forma eficaz que BlackBull Partners utiliza para impulsar nuevos negocios es proporcionar mercanc\u00eda de marca a nuestros socios.","og_url":"https:\/\/partners.blackbull.com\/es\/influencers\/program-details\/merchandise\/","og_site_name":"BlackBull Partners","article_modified_time":"2025-07-09T17:00:18+00:00","og_image":[{"width":538,"height":825,"url":"https:\/\/partners.blackbull.com\/wp-content\/uploads\/2025\/07\/merch.jpg","type":"image\/jpeg"}],"twitter_card":"summary_large_image","twitter_misc":{"Tiempo de lectura":"2 minutos"},"schema":{"@context":"https:\/\/schema.org","@graph":[{"@type":"WebPage","@id":"https:\/\/partners.blackbull.com\/es\/influencers\/program-details\/merchandise\/","url":"https:\/\/partners.blackbull.com\/es\/influencers\/program-details\/merchandise\/","name":"Mercanc\u00eda | BlackBull Partners%.","isPartOf":{"@id":"https:\/\/partners.blackbull.com\/es\/#website"},"primaryImageOfPage":{"@id":"https:\/\/partners.blackbull.com\/es\/influencers\/program-details\/merchandise\/#primaryimage"},"image":{"@id":"https:\/\/partners.blackbull.com\/es\/influencers\/program-details\/merchandise\/#primaryimage"},"thumbnailUrl":"https:\/\/partners.blackbull.com\/wp-content\/uploads\/2025\/07\/merch.jpg","datePublished":"2025-03-24T17:59:51+00:00","dateModified":"2025-07-09T17:00:18+00:00","description":"Una forma eficaz que BlackBull Partners utiliza para impulsar nuevos negocios es proporcionar mercanc\u00eda de marca a nuestros socios.","breadcrumb":{"@id":"https:\/\/partners.blackbull.com\/es\/influencers\/program-details\/merchandise\/#breadcrumb"},"inLanguage":"es","potentialAction":[{"@type":"ReadAction","target":["https:\/\/partners.blackbull.com\/es\/influencers\/program-details\/merchandise\/"]}]},{"@type":"ImageObject","inLanguage":"es","@id":"https:\/\/partners.blackbull.com\/es\/influencers\/program-details\/merchandise\/#primaryimage","url":"https:\/\/partners.blackbull.com\/wp-content\/uploads\/2025\/07\/merch.jpg","contentUrl":"https:\/\/partners.blackbull.com\/wp-content\/uploads\/2025\/07\/merch.jpg"},{"@type":"BreadcrumbList","@id":"https:\/\/partners.blackbull.com\/es\/influencers\/program-details\/merchandise\/#breadcrumb","itemListElement":[{"@type":"ListItem","position":1,"name":"Home","item":"https:\/\/partners.blackbull.com\/es\/home-new\/"},{"@type":"ListItem","position":2,"name":"Influenciadores","item":"https:\/\/partners.blackbull.com\/es\/influenciadores\/"},{"@type":"ListItem","position":3,"name":"Detalles del programa","item":"https:\/\/partners.blackbull.com\/es\/influenciadores\/detalles-del-programa\/"},{"@type":"ListItem","position":4,"name":"Mercanc\u00eda"}]},{"@type":"WebSite","@id":"https:\/\/partners.blackbull.com\/es\/#website","url":"https:\/\/partners.blackbull.com\/es\/","name":"BlackBull Partners","description":"BlackBull Affiliates is the partner referral program of BlackBull Markets, a top-tier, award-winning, and multi-regulated forex broker.","publisher":{"@id":"https:\/\/partners.blackbull.com\/es\/#organization"},"potentialAction":[{"@type":"SearchAction","target":{"@type":"EntryPoint","urlTemplate":"https:\/\/partners.blackbull.com\/es\/?s={search_term_string}"},"query-input":{"@type":"PropertyValueSpecification","valueRequired":true,"valueName":"search_term_string"}}],"inLanguage":"es"},{"@type":"Organization","@id":"https:\/\/partners.blackbull.com\/es\/#organization","name":"BlackBull Partners","url":"https:\/\/partners.blackbull.com\/es\/","logo":{"@type":"ImageObject","inLanguage":"es","@id":"https:\/\/partners.blackbull.com\/es\/#\/schema\/logo\/image\/","url":"https:\/\/partners.blackbull.com\/wp-content\/uploads\/2022\/03\/BBMPartnerslogo_blue.svg","contentUrl":"https:\/\/partners.blackbull.com\/wp-content\/uploads\/2022\/03\/BBMPartnerslogo_blue.svg","width":981,"height":279,"caption":"BlackBull Partners"},"image":{"@id":"https:\/\/partners.blackbull.com\/es\/#\/schema\/logo\/image\/"}}]}},"_links":{"self":[{"href":"https:\/\/partners.blackbull.com\/es\/wp-json\/wp\/v2\/pages\/17222","targetHints":{"allow":["GET"]}}],"collection":[{"href":"https:\/\/partners.blackbull.com\/es\/wp-json\/wp\/v2\/pages"}],"about":[{"href":"https:\/\/partners.blackbull.com\/es\/wp-json\/wp\/v2\/types\/page"}],"author":[{"embeddable":true,"href":"https:\/\/partners.blackbull.com\/es\/wp-json\/wp\/v2\/users\/6"}],"replies":[{"embeddable":true,"href":"https:\/\/partners.blackbull.com\/es\/wp-json\/wp\/v2\/comments?post=17222"}],"version-history":[{"count":2,"href":"https:\/\/partners.blackbull.com\/es\/wp-json\/wp\/v2\/pages\/17222\/revisions"}],"predecessor-version":[{"id":17945,"href":"https:\/\/partners.blackbull.com\/es\/wp-json\/wp\/v2\/pages\/17222\/revisions\/17945"}],"up":[{"embeddable":true,"href":"https:\/\/partners.blackbull.com\/es\/wp-json\/wp\/v2\/pages\/17195"}],"wp:attachment":[{"href":"https:\/\/partners.blackbull.com\/es\/wp-json\/wp\/v2\/media?parent=17222"}],"curies":[{"name":"wp","href":"https:\/\/api.w.org\/{rel}","templated":true}]}}