{"id":17224,"date":"2025-03-25T06:59:52","date_gmt":"2025-03-24T17:59:52","guid":{"rendered":"https:\/\/partners.blackbull.com\/influenciadores\/tipos-de-socios\/estilo-de-vida-y-redes-sociales\/influenciadores-de-tiktok\/"},"modified":"2025-03-25T06:59:54","modified_gmt":"2025-03-24T17:59:54","slug":"tiktok-influencers","status":"publish","type":"page","link":"https:\/\/partners.blackbull.com\/es\/influencers\/partner-types\/lifestyle-social-media\/tiktok-influencers\/","title":{"rendered":"Influenciadores de TikTok"},"content":{"rendered":"\t\t<div data-elementor-type=\"wp-page\" data-elementor-id=\"17224\" class=\"elementor elementor-17224 elementor-4678\" data-elementor-post-type=\"page\">\n\t\t\t\t<div class=\"elementor-element elementor-element-7d73cf3d e-flex e-con-boxed e-con e-parent\" data-id=\"7d73cf3d\" data-element_type=\"container\" data-e-type=\"container\" data-settings=\"{&quot;background_background&quot;:&quot;classic&quot;,&quot;jet_parallax_layout_list&quot;:[]}\">\n\t\t\t\t\t<div class=\"e-con-inner\">\n\t\t\t\t<div class=\"elementor-element elementor-element-67aa561c elementor-widget elementor-widget-breadcrumbs\" data-id=\"67aa561c\" data-element_type=\"widget\" data-e-type=\"widget\" data-widget_type=\"breadcrumbs.default\">\n\t\t\t\t\t<p id=\"breadcrumbs\"><span><span><a href=\"https:\/\/partners.blackbull.com\/es\/home-new\/\">Home<\/a><\/span><\/span><\/p>\t\t\t\t<\/div>\n\t\t\t\t\t<\/div>\n\t\t\t\t<\/div>\n\t\t<div class=\"elementor-element elementor-element-686e7b1e e-flex e-con-boxed e-con e-parent\" data-id=\"686e7b1e\" data-element_type=\"container\" data-e-type=\"container\" data-settings=\"{&quot;background_background&quot;:&quot;classic&quot;,&quot;jet_parallax_layout_list&quot;:[]}\">\n\t\t\t\t\t<div class=\"e-con-inner\">\n\t\t<div class=\"elementor-element elementor-element-9bd1467 e-con-full e-flex e-con e-parent\" data-id=\"9bd1467\" data-element_type=\"container\" data-e-type=\"container\" data-settings=\"{&quot;background_background&quot;:&quot;classic&quot;,&quot;jet_parallax_layout_list&quot;:[]}\">\n\t\t\t\t<div class=\"elementor-element elementor-element-2fb77a79 elementor-widget__width-initial elementor-widget elementor-widget-heading\" data-id=\"2fb77a79\" data-element_type=\"widget\" data-e-type=\"widget\" data-widget_type=\"heading.default\">\n\t\t\t\t\t<h2 class=\"elementor-heading-title elementor-size-default\">BlackBull Partners- Influenciadores Tiktok<\/h2>\t\t\t\t<\/div>\n\t\t\t\t<\/div>\n\t\t<div class=\"elementor-element elementor-element-6ac68398 e-con-full e-flex e-con e-parent\" data-id=\"6ac68398\" data-element_type=\"container\" data-e-type=\"container\" data-settings=\"{&quot;jet_parallax_layout_list&quot;:[]}\">\n\t\t\t\t<div class=\"elementor-element elementor-element-54c11d6e link-text elementor-widget elementor-widget-text-editor\" data-id=\"54c11d6e\" data-element_type=\"widget\" data-e-type=\"widget\" data-widget_type=\"text-editor.default\">\n\t\t\t\t\t\t\t\t\t<p>Los influencers de TikTok son usuarios de la popular aplicaci\u00f3n de redes sociales TikTok que han conseguido un gran n\u00famero de seguidores y una influencia significativa gracias a su contenido atractivo y entretenido. Suelen ser personas que se han establecido como autoridades o expertos en un nicho o tema concreto y han acumulado un grupo de seguidores leales que acuden a ellos en busca de consejo, inspiraci\u00f3n y entretenimiento. <\/p>\n\t\t\t\t\t\t\t\t<\/div>\n\t\t\t\t<\/div>\n\t\t\t\t\t<\/div>\n\t\t\t\t<\/div>\n\t\t<div class=\"elementor-element elementor-element-84432fd e-flex e-con-boxed e-con e-parent\" data-id=\"84432fd\" data-element_type=\"container\" data-e-type=\"container\" data-settings=\"{&quot;jet_parallax_layout_list&quot;:[]}\">\n\t\t\t\t\t<div class=\"e-con-inner\">\n\t\t<div class=\"elementor-element elementor-element-b5966e9 e-flex e-con-boxed e-con e-parent\" data-id=\"b5966e9\" data-element_type=\"container\" data-e-type=\"container\" data-settings=\"{&quot;jet_parallax_layout_list&quot;:[]}\">\n\t\t\t\t\t<div class=\"e-con-inner\">\n\t\t\t\t<div class=\"elementor-element elementor-element-7c341d5 elementor-widget__width-initial elementor-widget elementor-widget-image\" data-id=\"7c341d5\" data-element_type=\"widget\" data-e-type=\"widget\" data-widget_type=\"image.default\">\n\t\t\t\t\t\t\t\t\t\t\t\t\t\t\t<img fetchpriority=\"high\" decoding=\"async\" width=\"435\" height=\"520\" src=\"https:\/\/partners.blackbull.com\/wp-content\/uploads\/2023\/07\/tik-tok-top.jpg\" class=\"attachment-full size-full wp-image-13080\" alt=\"\" srcset=\"https:\/\/partners.blackbull.com\/wp-content\/uploads\/2023\/07\/tik-tok-top.jpg 435w, https:\/\/partners.blackbull.com\/wp-content\/uploads\/2023\/07\/tik-tok-top-251x300.jpg 251w\" sizes=\"(max-width: 435px) 100vw, 435px\" \/>\t\t\t\t\t\t\t\t\t\t\t\t\t\t\t<\/div>\n\t\t\t\t<div class=\"elementor-element elementor-element-d34aded elementor-widget__width-initial elementor-widget elementor-widget-text-editor\" data-id=\"d34aded\" data-element_type=\"widget\" data-e-type=\"widget\" data-widget_type=\"text-editor.default\">\n\t\t\t\t\t\t\t\t\t<p>Los influencers de TikTok son conocidos por su habilidad para crear contenidos virales que resuenan entre su audiencia y generan engagement. A menudo colaboran con marcas para crear contenido patrocinado que promociona productos o servicios entre sus seguidores. Estas colaboraciones pueden ser una poderosa herramienta de marketing para las marcas, ya que los influencers son capaces de conectar con sus seguidores de forma aut\u00e9ntica y cercana, lo que puede ayudar a dar a conocer la marca, aumentar las ventas e impulsar la fidelidad de los clientes.  <\/p>\n<p>El uso de influencers en TikTok se ha hecho cada vez m\u00e1s popular en los \u00faltimos a\u00f1os, sobre todo entre las generaciones m\u00e1s j\u00f3venes, ya que se consideran una fuente de informaci\u00f3n y recomendaciones m\u00e1s fiable y aut\u00e9ntica que la publicidad tradicional. BlackBull Por este motivo, Partners trabaja con muchos influencers en este espacio. <\/p>\t\t\t\t\t\t\t\t<\/div>\n\t\t\t\t\t<\/div>\n\t\t\t\t<\/div>\n\t\t\t\t<div class=\"elementor-element elementor-element-2723a5d elementor-widget elementor-widget-heading\" data-id=\"2723a5d\" data-element_type=\"widget\" data-e-type=\"widget\" data-widget_type=\"heading.default\">\n\t\t\t\t\t<h4 class=\"elementor-heading-title elementor-size-default\">TikTok en los servicios financieros<\/h4>\t\t\t\t<\/div>\n\t\t\t\t<div class=\"elementor-element elementor-element-800e0fd elementor-widget elementor-widget-text-editor\" data-id=\"800e0fd\" data-element_type=\"widget\" data-e-type=\"widget\" data-widget_type=\"text-editor.default\">\n\t\t\t\t\t\t\t\t\t<p>El auge de los influencers de TikTok en el sector de los servicios financieros es una tendencia relativamente nueva, pero su popularidad est\u00e1 creciendo a medida que las empresas buscan llegar a un p\u00fablico m\u00e1s joven y establecer una presencia en las plataformas de las redes sociales. Marcas de servicios financieros como BlackBull se asocian cada vez m\u00e1s con influencers de TikTok para crear contenidos atractivos y educativos que resuenen entre su p\u00fablico y ayuden a promocionar sus productos y servicios. <\/p>\n\t\t\t\t\t\t\t\t<\/div>\n\t\t<div class=\"elementor-element elementor-element-42b75c7 e-flex e-con-boxed e-con e-parent\" data-id=\"42b75c7\" data-element_type=\"container\" data-e-type=\"container\" data-settings=\"{&quot;jet_parallax_layout_list&quot;:[]}\">\n\t\t\t\t\t<div class=\"e-con-inner\">\n\t\t\t\t<div class=\"elementor-element elementor-element-6983ccb elementor-widget__width-initial elementor-widget elementor-widget-image\" data-id=\"6983ccb\" data-element_type=\"widget\" data-e-type=\"widget\" data-widget_type=\"image.default\">\n\t\t\t\t\t\t\t\t\t\t\t\t\t\t\t<img decoding=\"async\" width=\"435\" height=\"534\" src=\"https:\/\/partners.blackbull.com\/wp-content\/uploads\/2023\/07\/tik-tok-bottom.jpg\" class=\"attachment-full size-full wp-image-13084\" alt=\"\" srcset=\"https:\/\/partners.blackbull.com\/wp-content\/uploads\/2023\/07\/tik-tok-bottom.jpg 435w, https:\/\/partners.blackbull.com\/wp-content\/uploads\/2023\/07\/tik-tok-bottom-244x300.jpg 244w\" sizes=\"(max-width: 435px) 100vw, 435px\" \/>\t\t\t\t\t\t\t\t\t\t\t\t\t\t\t<\/div>\n\t\t\t\t<div class=\"elementor-element elementor-element-1270267 elementor-widget__width-initial elementor-widget elementor-widget-text-editor\" data-id=\"1270267\" data-element_type=\"widget\" data-e-type=\"widget\" data-widget_type=\"text-editor.default\">\n\t\t\t\t\t\t\t\t\t<p>Las personas influyentes de TikTok en el sector de los servicios financieros crean contenido sobre una variedad de temas, como planificaci\u00f3n financiera, inversi\u00f3n, gesti\u00f3n del cr\u00e9dito y mucho m\u00e1s. Pueden ofrecer consejos, compartir sus experiencias personales o rese\u00f1ar productos y servicios. Los influencers tambi\u00e9n se asocian con marcas como BlackBull para crear contenido patrocinado que promocione sus productos y servicios entre sus seguidores.  <\/p>\n<p>Se trata de una tendencia que sigue creciendo a medida que m\u00e1s empresas buscan conectar con audiencias m\u00e1s j\u00f3venes y establecer una presencia en las plataformas de las redes sociales. Al asociarnos con personas influyentes, BlackBull ha creado contenidos atractivos y educativos que ayudan a promocionar nuestros productos y servicios de una forma m\u00e1s aut\u00e9ntica y cercana. Siempre estamos buscando nuevos influencers en TikTok, as\u00ed que si crees que tu marca puede alinearse con BlackBull, <a href=\"https:\/\/secure.blackbull.com\/auth\/register-partners\"><span style=\"color: #1a58d3;\">reg\u00edstrate hoy para empezar<\/span><\/a>.  <\/p>\t\t\t\t\t\t\t\t<\/div>\n\t\t\t\t\t<\/div>\n\t\t\t\t<\/div>\n\t\t\t\t\t<\/div>\n\t\t\t\t<\/div>\n\t\t\t\t<\/div>\n\t\t","protected":false},"excerpt":{"rendered":"<p>BlackBull Partners- Influenciadores Tiktok Los influencers de TikTok son usuarios de la popular aplicaci\u00f3n de redes sociales TikTok que han conseguido un gran n\u00famero de seguidores y una influencia significativa gracias a su contenido atractivo y entretenido. Suelen ser personas que se han establecido como autoridades o expertos en un nicho o tema concreto y [&hellip;]<\/p>\n","protected":false},"author":6,"featured_media":0,"parent":17216,"menu_order":0,"comment_status":"closed","ping_status":"closed","template":"elementor_header_footer","meta":{"inline_featured_image":false,"footnotes":""},"class_list":["post-17224","page","type-page","status-publish","hentry"],"yoast_head":"<!-- This site is optimized with the Yoast SEO plugin v27.5 - https:\/\/yoast.com\/product\/yoast-seo-wordpress\/ -->\n<title>Influenciadores de TikTok | BlackBull Partners%.<\/title>\n<meta name=\"description\" content=\"Los influencers de TikTok son usuarios de la popular aplicaci\u00f3n de redes sociales TikTok que han conseguido un gran n\u00famero de seguidores y una influencia significativa gracias a su contenido atractivo y entretenido.\" \/>\n<meta name=\"robots\" content=\"index, follow, max-snippet:-1, max-image-preview:large, max-video-preview:-1\" \/>\n<link rel=\"canonical\" href=\"https:\/\/partners.blackbull.com\/es\/influencers\/partner-types\/lifestyle-social-media\/tiktok-influencers\/\" \/>\n<meta property=\"og:locale\" content=\"es_ES\" \/>\n<meta property=\"og:type\" content=\"article\" \/>\n<meta property=\"og:title\" content=\"Influenciadores de TikTok | BlackBull Partners%.\" \/>\n<meta property=\"og:description\" content=\"Los influencers de TikTok son usuarios de la popular aplicaci\u00f3n de redes sociales TikTok que han conseguido un gran n\u00famero de seguidores y una influencia significativa gracias a su contenido atractivo y entretenido.\" \/>\n<meta property=\"og:url\" content=\"https:\/\/partners.blackbull.com\/es\/influencers\/partner-types\/lifestyle-social-media\/tiktok-influencers\/\" \/>\n<meta property=\"og:site_name\" content=\"BlackBull Partners\" \/>\n<meta property=\"article:modified_time\" content=\"2025-03-24T17:59:54+00:00\" \/>\n<meta property=\"og:image\" content=\"https:\/\/partners.blackbull.com\/wp-content\/uploads\/2023\/07\/tik-tok-top.jpg\" \/>\n\t<meta property=\"og:image:width\" content=\"435\" \/>\n\t<meta property=\"og:image:height\" content=\"520\" \/>\n\t<meta property=\"og:image:type\" content=\"image\/jpeg\" \/>\n<meta name=\"twitter:card\" content=\"summary_large_image\" \/>\n<meta name=\"twitter:label1\" content=\"Tiempo de lectura\" \/>\n\t<meta name=\"twitter:data1\" content=\"2 minutos\" \/>\n<script type=\"application\/ld+json\" class=\"yoast-schema-graph\">{\"@context\":\"https:\\\/\\\/schema.org\",\"@graph\":[{\"@type\":\"WebPage\",\"@id\":\"https:\\\/\\\/partners.blackbull.com\\\/es\\\/influencers\\\/partner-types\\\/lifestyle-social-media\\\/tiktok-influencers\\\/\",\"url\":\"https:\\\/\\\/partners.blackbull.com\\\/es\\\/influencers\\\/partner-types\\\/lifestyle-social-media\\\/tiktok-influencers\\\/\",\"name\":\"Influenciadores de TikTok | BlackBull Partners%.\",\"isPartOf\":{\"@id\":\"https:\\\/\\\/partners.blackbull.com\\\/es\\\/#website\"},\"primaryImageOfPage\":{\"@id\":\"https:\\\/\\\/partners.blackbull.com\\\/es\\\/influencers\\\/partner-types\\\/lifestyle-social-media\\\/tiktok-influencers\\\/#primaryimage\"},\"image\":{\"@id\":\"https:\\\/\\\/partners.blackbull.com\\\/es\\\/influencers\\\/partner-types\\\/lifestyle-social-media\\\/tiktok-influencers\\\/#primaryimage\"},\"thumbnailUrl\":\"https:\\\/\\\/partners.blackbull.com\\\/wp-content\\\/uploads\\\/2023\\\/07\\\/tik-tok-top.jpg\",\"datePublished\":\"2025-03-24T17:59:52+00:00\",\"dateModified\":\"2025-03-24T17:59:54+00:00\",\"description\":\"Los influencers de TikTok son usuarios de la popular aplicaci\u00f3n de redes sociales TikTok que han conseguido un gran n\u00famero de seguidores y una influencia significativa gracias a su contenido atractivo y entretenido.\",\"breadcrumb\":{\"@id\":\"https:\\\/\\\/partners.blackbull.com\\\/es\\\/influencers\\\/partner-types\\\/lifestyle-social-media\\\/tiktok-influencers\\\/#breadcrumb\"},\"inLanguage\":\"es\",\"potentialAction\":[{\"@type\":\"ReadAction\",\"target\":[\"https:\\\/\\\/partners.blackbull.com\\\/es\\\/influencers\\\/partner-types\\\/lifestyle-social-media\\\/tiktok-influencers\\\/\"]}]},{\"@type\":\"ImageObject\",\"inLanguage\":\"es\",\"@id\":\"https:\\\/\\\/partners.blackbull.com\\\/es\\\/influencers\\\/partner-types\\\/lifestyle-social-media\\\/tiktok-influencers\\\/#primaryimage\",\"url\":\"https:\\\/\\\/partners.blackbull.com\\\/wp-content\\\/uploads\\\/2023\\\/07\\\/tik-tok-top.jpg\",\"contentUrl\":\"https:\\\/\\\/partners.blackbull.com\\\/wp-content\\\/uploads\\\/2023\\\/07\\\/tik-tok-top.jpg\"},{\"@type\":\"BreadcrumbList\",\"@id\":\"https:\\\/\\\/partners.blackbull.com\\\/es\\\/influencers\\\/partner-types\\\/lifestyle-social-media\\\/tiktok-influencers\\\/#breadcrumb\",\"itemListElement\":[{\"@type\":\"ListItem\",\"position\":1,\"name\":\"Home\",\"item\":\"https:\\\/\\\/partners.blackbull.com\\\/es\\\/home-new\\\/\"},{\"@type\":\"ListItem\",\"position\":2,\"name\":\"Influenciadores\",\"item\":\"https:\\\/\\\/partners.blackbull.com\\\/es\\\/influenciadores\\\/\"},{\"@type\":\"ListItem\",\"position\":3,\"name\":\"Tipos de socios\",\"item\":\"https:\\\/\\\/partners.blackbull.com\\\/es\\\/influenciadores\\\/tipos-de-socios\\\/\"},{\"@type\":\"ListItem\",\"position\":4,\"name\":\"Estilo de vida y redes sociales\",\"item\":\"https:\\\/\\\/partners.blackbull.com\\\/es\\\/influenciadores\\\/tipos-de-socios\\\/estilo-de-vida-y-redes-sociales\\\/\"},{\"@type\":\"ListItem\",\"position\":5,\"name\":\"Influenciadores de TikTok\"}]},{\"@type\":\"WebSite\",\"@id\":\"https:\\\/\\\/partners.blackbull.com\\\/es\\\/#website\",\"url\":\"https:\\\/\\\/partners.blackbull.com\\\/es\\\/\",\"name\":\"BlackBull Partners\",\"description\":\"BlackBull Affiliates is the partner referral program of BlackBull Markets, a top-tier, award-winning, and multi-regulated forex broker.\",\"publisher\":{\"@id\":\"https:\\\/\\\/partners.blackbull.com\\\/es\\\/#organization\"},\"potentialAction\":[{\"@type\":\"SearchAction\",\"target\":{\"@type\":\"EntryPoint\",\"urlTemplate\":\"https:\\\/\\\/partners.blackbull.com\\\/es\\\/?s={search_term_string}\"},\"query-input\":{\"@type\":\"PropertyValueSpecification\",\"valueRequired\":true,\"valueName\":\"search_term_string\"}}],\"inLanguage\":\"es\"},{\"@type\":\"Organization\",\"@id\":\"https:\\\/\\\/partners.blackbull.com\\\/es\\\/#organization\",\"name\":\"BlackBull Partners\",\"url\":\"https:\\\/\\\/partners.blackbull.com\\\/es\\\/\",\"logo\":{\"@type\":\"ImageObject\",\"inLanguage\":\"es\",\"@id\":\"https:\\\/\\\/partners.blackbull.com\\\/es\\\/#\\\/schema\\\/logo\\\/image\\\/\",\"url\":\"https:\\\/\\\/partners.blackbull.com\\\/wp-content\\\/uploads\\\/2022\\\/03\\\/BBMPartnerslogo_blue.svg\",\"contentUrl\":\"https:\\\/\\\/partners.blackbull.com\\\/wp-content\\\/uploads\\\/2022\\\/03\\\/BBMPartnerslogo_blue.svg\",\"width\":981,\"height\":279,\"caption\":\"BlackBull Partners\"},\"image\":{\"@id\":\"https:\\\/\\\/partners.blackbull.com\\\/es\\\/#\\\/schema\\\/logo\\\/image\\\/\"}}]}<\/script>\n<!-- \/ Yoast SEO plugin. -->","yoast_head_json":{"title":"Influenciadores de TikTok | BlackBull Partners%.","description":"Los influencers de TikTok son usuarios de la popular aplicaci\u00f3n de redes sociales TikTok que han conseguido un gran n\u00famero de seguidores y una influencia significativa gracias a su contenido atractivo y entretenido.","robots":{"index":"index","follow":"follow","max-snippet":"max-snippet:-1","max-image-preview":"max-image-preview:large","max-video-preview":"max-video-preview:-1"},"canonical":"https:\/\/partners.blackbull.com\/es\/influencers\/partner-types\/lifestyle-social-media\/tiktok-influencers\/","og_locale":"es_ES","og_type":"article","og_title":"Influenciadores de TikTok | BlackBull Partners%.","og_description":"Los influencers de TikTok son usuarios de la popular aplicaci\u00f3n de redes sociales TikTok que han conseguido un gran n\u00famero de seguidores y una influencia significativa gracias a su contenido atractivo y entretenido.","og_url":"https:\/\/partners.blackbull.com\/es\/influencers\/partner-types\/lifestyle-social-media\/tiktok-influencers\/","og_site_name":"BlackBull Partners","article_modified_time":"2025-03-24T17:59:54+00:00","og_image":[{"width":435,"height":520,"url":"https:\/\/partners.blackbull.com\/wp-content\/uploads\/2023\/07\/tik-tok-top.jpg","type":"image\/jpeg"}],"twitter_card":"summary_large_image","twitter_misc":{"Tiempo de lectura":"2 minutos"},"schema":{"@context":"https:\/\/schema.org","@graph":[{"@type":"WebPage","@id":"https:\/\/partners.blackbull.com\/es\/influencers\/partner-types\/lifestyle-social-media\/tiktok-influencers\/","url":"https:\/\/partners.blackbull.com\/es\/influencers\/partner-types\/lifestyle-social-media\/tiktok-influencers\/","name":"Influenciadores de TikTok | BlackBull Partners%.","isPartOf":{"@id":"https:\/\/partners.blackbull.com\/es\/#website"},"primaryImageOfPage":{"@id":"https:\/\/partners.blackbull.com\/es\/influencers\/partner-types\/lifestyle-social-media\/tiktok-influencers\/#primaryimage"},"image":{"@id":"https:\/\/partners.blackbull.com\/es\/influencers\/partner-types\/lifestyle-social-media\/tiktok-influencers\/#primaryimage"},"thumbnailUrl":"https:\/\/partners.blackbull.com\/wp-content\/uploads\/2023\/07\/tik-tok-top.jpg","datePublished":"2025-03-24T17:59:52+00:00","dateModified":"2025-03-24T17:59:54+00:00","description":"Los influencers de TikTok son usuarios de la popular aplicaci\u00f3n de redes sociales TikTok que han conseguido un gran n\u00famero de seguidores y una influencia significativa gracias a su contenido atractivo y entretenido.","breadcrumb":{"@id":"https:\/\/partners.blackbull.com\/es\/influencers\/partner-types\/lifestyle-social-media\/tiktok-influencers\/#breadcrumb"},"inLanguage":"es","potentialAction":[{"@type":"ReadAction","target":["https:\/\/partners.blackbull.com\/es\/influencers\/partner-types\/lifestyle-social-media\/tiktok-influencers\/"]}]},{"@type":"ImageObject","inLanguage":"es","@id":"https:\/\/partners.blackbull.com\/es\/influencers\/partner-types\/lifestyle-social-media\/tiktok-influencers\/#primaryimage","url":"https:\/\/partners.blackbull.com\/wp-content\/uploads\/2023\/07\/tik-tok-top.jpg","contentUrl":"https:\/\/partners.blackbull.com\/wp-content\/uploads\/2023\/07\/tik-tok-top.jpg"},{"@type":"BreadcrumbList","@id":"https:\/\/partners.blackbull.com\/es\/influencers\/partner-types\/lifestyle-social-media\/tiktok-influencers\/#breadcrumb","itemListElement":[{"@type":"ListItem","position":1,"name":"Home","item":"https:\/\/partners.blackbull.com\/es\/home-new\/"},{"@type":"ListItem","position":2,"name":"Influenciadores","item":"https:\/\/partners.blackbull.com\/es\/influenciadores\/"},{"@type":"ListItem","position":3,"name":"Tipos de socios","item":"https:\/\/partners.blackbull.com\/es\/influenciadores\/tipos-de-socios\/"},{"@type":"ListItem","position":4,"name":"Estilo de vida y redes sociales","item":"https:\/\/partners.blackbull.com\/es\/influenciadores\/tipos-de-socios\/estilo-de-vida-y-redes-sociales\/"},{"@type":"ListItem","position":5,"name":"Influenciadores de TikTok"}]},{"@type":"WebSite","@id":"https:\/\/partners.blackbull.com\/es\/#website","url":"https:\/\/partners.blackbull.com\/es\/","name":"BlackBull Partners","description":"BlackBull Affiliates is the partner referral program of BlackBull Markets, a top-tier, award-winning, and multi-regulated forex broker.","publisher":{"@id":"https:\/\/partners.blackbull.com\/es\/#organization"},"potentialAction":[{"@type":"SearchAction","target":{"@type":"EntryPoint","urlTemplate":"https:\/\/partners.blackbull.com\/es\/?s={search_term_string}"},"query-input":{"@type":"PropertyValueSpecification","valueRequired":true,"valueName":"search_term_string"}}],"inLanguage":"es"},{"@type":"Organization","@id":"https:\/\/partners.blackbull.com\/es\/#organization","name":"BlackBull Partners","url":"https:\/\/partners.blackbull.com\/es\/","logo":{"@type":"ImageObject","inLanguage":"es","@id":"https:\/\/partners.blackbull.com\/es\/#\/schema\/logo\/image\/","url":"https:\/\/partners.blackbull.com\/wp-content\/uploads\/2022\/03\/BBMPartnerslogo_blue.svg","contentUrl":"https:\/\/partners.blackbull.com\/wp-content\/uploads\/2022\/03\/BBMPartnerslogo_blue.svg","width":981,"height":279,"caption":"BlackBull Partners"},"image":{"@id":"https:\/\/partners.blackbull.com\/es\/#\/schema\/logo\/image\/"}}]}},"_links":{"self":[{"href":"https:\/\/partners.blackbull.com\/es\/wp-json\/wp\/v2\/pages\/17224","targetHints":{"allow":["GET"]}}],"collection":[{"href":"https:\/\/partners.blackbull.com\/es\/wp-json\/wp\/v2\/pages"}],"about":[{"href":"https:\/\/partners.blackbull.com\/es\/wp-json\/wp\/v2\/types\/page"}],"author":[{"embeddable":true,"href":"https:\/\/partners.blackbull.com\/es\/wp-json\/wp\/v2\/users\/6"}],"replies":[{"embeddable":true,"href":"https:\/\/partners.blackbull.com\/es\/wp-json\/wp\/v2\/comments?post=17224"}],"version-history":[{"count":1,"href":"https:\/\/partners.blackbull.com\/es\/wp-json\/wp\/v2\/pages\/17224\/revisions"}],"predecessor-version":[{"id":17225,"href":"https:\/\/partners.blackbull.com\/es\/wp-json\/wp\/v2\/pages\/17224\/revisions\/17225"}],"up":[{"embeddable":true,"href":"https:\/\/partners.blackbull.com\/es\/wp-json\/wp\/v2\/pages\/17216"}],"wp:attachment":[{"href":"https:\/\/partners.blackbull.com\/es\/wp-json\/wp\/v2\/media?parent=17224"}],"curies":[{"name":"wp","href":"https:\/\/api.w.org\/{rel}","templated":true}]}}