{"id":17228,"date":"2025-03-25T06:59:55","date_gmt":"2025-03-24T17:59:55","guid":{"rendered":"https:\/\/partners.blackbull.com\/influenciadores\/modelos-de-influencia\/trading-social\/"},"modified":"2025-03-25T07:00:06","modified_gmt":"2025-03-24T18:00:06","slug":"social-trading","status":"publish","type":"page","link":"https:\/\/partners.blackbull.com\/es\/influencers\/influencer-models\/social-trading\/","title":{"rendered":"Trading Social"},"content":{"rendered":"\t\t<div data-elementor-type=\"wp-page\" data-elementor-id=\"17228\" class=\"elementor elementor-17228 elementor-4330\" data-elementor-post-type=\"page\">\n\t\t\t\t<div class=\"elementor-element elementor-element-c9e3f9c e-flex e-con-boxed e-con e-parent\" data-id=\"c9e3f9c\" data-element_type=\"container\" data-e-type=\"container\" data-settings=\"{&quot;background_background&quot;:&quot;classic&quot;,&quot;jet_parallax_layout_list&quot;:[]}\">\n\t\t\t\t\t<div class=\"e-con-inner\">\n\t\t\t\t<div class=\"elementor-element elementor-element-2a21d07 elementor-widget elementor-widget-breadcrumbs\" data-id=\"2a21d07\" data-element_type=\"widget\" data-e-type=\"widget\" data-widget_type=\"breadcrumbs.default\">\n\t\t\t\t\t<p id=\"breadcrumbs\"><span><span><a href=\"https:\/\/partners.blackbull.com\/es\/home-new\/\">Home<\/a><\/span><\/span><\/p>\t\t\t\t<\/div>\n\t\t\t\t\t<\/div>\n\t\t\t\t<\/div>\n\t\t<div class=\"elementor-element elementor-element-3a6b766 e-flex e-con-boxed e-con e-parent\" data-id=\"3a6b766\" data-element_type=\"container\" data-e-type=\"container\" data-settings=\"{&quot;background_background&quot;:&quot;classic&quot;,&quot;jet_parallax_layout_list&quot;:[]}\">\n\t\t\t\t\t<div class=\"e-con-inner\">\n\t\t<div class=\"elementor-element elementor-element-df3f856 e-con-full e-flex e-con e-parent\" data-id=\"df3f856\" data-element_type=\"container\" data-e-type=\"container\" data-settings=\"{&quot;background_background&quot;:&quot;classic&quot;,&quot;jet_parallax_layout_list&quot;:[]}\">\n\t\t\t\t<div class=\"elementor-element elementor-element-149d13c elementor-widget__width-initial elementor-widget elementor-widget-heading\" data-id=\"149d13c\" data-element_type=\"widget\" data-e-type=\"widget\" data-widget_type=\"heading.default\">\n\t\t\t\t\t<h2 class=\"elementor-heading-title elementor-size-default\">Blackbull Partners Trading social<\/h2>\t\t\t\t<\/div>\n\t\t\t\t<\/div>\n\t\t<div class=\"elementor-element elementor-element-a7bf4b7 e-con-full e-flex e-con e-parent\" data-id=\"a7bf4b7\" data-element_type=\"container\" data-e-type=\"container\" data-settings=\"{&quot;jet_parallax_layout_list&quot;:[]}\">\n\t\t\t\t<div class=\"elementor-element elementor-element-7d90a17 link-text elementor-widget elementor-widget-text-editor\" data-id=\"7d90a17\" data-element_type=\"widget\" data-e-type=\"widget\" data-widget_type=\"text-editor.default\">\n\t\t\t\t\t\t\t\t\t<p>El trading social es una forma de trading online que permite a los operadores seguir y copiar las operaciones de otros operadores de \u00e9xito, a menudo llamados \u00abgur\u00fas\u00bb o \u00abestrategas\u00bb, a trav\u00e9s de una plataforma de trading social. Tambi\u00e9n suele denominarse copy trading o mirror trading. <\/p>\n\t\t\t\t\t\t\t\t<\/div>\n\t\t\t\t<\/div>\n\t\t\t\t\t<\/div>\n\t\t\t\t<\/div>\n\t\t<div class=\"elementor-element elementor-element-f8e9867 e-flex e-con-boxed e-con e-parent\" data-id=\"f8e9867\" data-element_type=\"container\" data-e-type=\"container\" data-settings=\"{&quot;background_background&quot;:&quot;classic&quot;,&quot;jet_parallax_layout_list&quot;:[]}\">\n\t\t\t\t\t<div class=\"e-con-inner\">\n\t\t<div class=\"elementor-element elementor-element-d71facb e-con-full e-flex e-con e-parent\" data-id=\"d71facb\" data-element_type=\"container\" data-e-type=\"container\" data-settings=\"{&quot;jet_parallax_layout_list&quot;:[]}\">\n\t\t\t\t<div class=\"elementor-element elementor-element-1d3bd94 elementor-widget elementor-widget-heading\" data-id=\"1d3bd94\" data-element_type=\"widget\" data-e-type=\"widget\" data-widget_type=\"heading.default\">\n\t\t\t\t\t<h2 class=\"elementor-heading-title elementor-size-default\">Ganar por influencia: Capacitando a los Social Traders para Obtener Ingresos Adicionales a Trav\u00e9s del Copy Trading en BlackBull Partners<\/h2>\t\t\t\t<\/div>\n\t\t<div class=\"elementor-element elementor-element-29f6cb8 e-flex e-con-boxed e-con e-parent\" data-id=\"29f6cb8\" data-element_type=\"container\" data-e-type=\"container\" data-settings=\"{&quot;jet_parallax_layout_list&quot;:[]}\">\n\t\t\t\t\t<div class=\"e-con-inner\">\n\t\t<div class=\"elementor-element elementor-element-b0c54fa e-con-full e-flex e-con e-parent\" data-id=\"b0c54fa\" data-element_type=\"container\" data-e-type=\"container\" data-settings=\"{&quot;jet_parallax_layout_list&quot;:[]}\">\n\t\t\t\t<div class=\"elementor-element elementor-element-c26b553 elementor-widget elementor-widget-text-editor\" data-id=\"c26b553\" data-element_type=\"widget\" data-e-type=\"widget\" data-widget_type=\"text-editor.default\">\n\t\t\t\t\t\t\t\t\t<p>En el trading social, un operador puede seguir y copiar las operaciones de otros operadores, de forma manual o autom\u00e1tica. Los operadores a los que se sigue, que a menudo tienen experiencia y \u00e9xito, pueden ser compensados mediante una comisi\u00f3n o un porcentaje de los beneficios generados por las operaciones copiadas. <\/p>\n<p>Esta puede ser una forma estupenda de que los nuevos operadores aprendan de los operadores m\u00e1s experimentados y puedan realizar operaciones m\u00e1s rentables, al tiempo que permite a los operadores experimentados obtener ingresos adicionales compartiendo sus estrategias de trading con los dem\u00e1s.<\/p>\n<p>En BlackBull Partners, los Influenciadores Sociales pueden ser operadores sociales. Puedes utilizar su plataforma y seguidores para compartir tus estrategias de trading y conocimientos, y potencialmente obtener ingresos adicionales permitiendo que otros te sigan y copien tus operaciones. <\/p>\n\t\t\t\t\t\t\t\t<\/div>\n\t\t\t\t<div class=\"elementor-element elementor-element-3f0ba2b elementor-widget elementor-widget-text-editor\" data-id=\"3f0ba2b\" data-element_type=\"widget\" data-e-type=\"widget\" data-widget_type=\"text-editor.default\">\n\t\t\t\t\t\t\t\t\t<p>Las personas influyentes que son operadores de \u00e9xito y tienen muchos seguidores pueden atraer a muchos seguidores que buscan aprender de su experiencia y conocimientos. Pueden aprovechar su plataforma para ofrecer contenido educativo, an\u00e1lisis de mercado y se\u00f1ales de trading a sus seguidores, y cobrar una comisi\u00f3n por este servicio. <\/p>\n\t\t\t\t\t\t\t\t<\/div>\n\t\t\t\t<\/div>\n\t\t<div class=\"elementor-element elementor-element-65e4a76 e-flex e-con-boxed e-con e-parent\" data-id=\"65e4a76\" data-element_type=\"container\" data-e-type=\"container\" data-settings=\"{&quot;jet_parallax_layout_list&quot;:[]}\">\n\t\t\t\t\t<div class=\"e-con-inner\">\n\t\t\t\t<div class=\"elementor-element elementor-element-85ff11a elementor-widget elementor-widget-image\" data-id=\"85ff11a\" data-element_type=\"widget\" data-e-type=\"widget\" data-widget_type=\"image.default\">\n\t\t\t\t\t\t\t\t\t\t\t\t\t\t\t<img fetchpriority=\"high\" decoding=\"async\" width=\"634\" height=\"761\" src=\"https:\/\/partners.blackbull.com\/wp-content\/uploads\/2023\/05\/img_546.png\" class=\"attachment-full size-full wp-image-9707\" alt=\"\" srcset=\"https:\/\/partners.blackbull.com\/wp-content\/uploads\/2023\/05\/img_546.png 634w, https:\/\/partners.blackbull.com\/wp-content\/uploads\/2023\/05\/img_546-250x300.png 250w\" sizes=\"(max-width: 634px) 100vw, 634px\" \/>\t\t\t\t\t\t\t\t\t\t\t\t\t\t\t<\/div>\n\t\t\t\t\t<\/div>\n\t\t\t\t<\/div>\n\t\t\t\t\t<\/div>\n\t\t\t\t<\/div>\n\t\t\t\t<\/div>\n\t\t\t\t\t<\/div>\n\t\t\t\t<\/div>\n\t\t\t\t<\/div>\n\t\t","protected":false},"excerpt":{"rendered":"<p>Blackbull Partners Trading social El trading social es una forma de trading online que permite a los operadores seguir y copiar las operaciones de otros operadores de \u00e9xito, a menudo llamados \u00abgur\u00fas\u00bb o \u00abestrategas\u00bb, a trav\u00e9s de una plataforma de trading social. Tambi\u00e9n suele denominarse copy trading o mirror trading. Ganar por influencia: Capacitando a [&hellip;]<\/p>\n","protected":false},"author":6,"featured_media":0,"parent":17197,"menu_order":3,"comment_status":"closed","ping_status":"closed","template":"elementor_header_footer","meta":{"inline_featured_image":false,"footnotes":""},"class_list":["post-17228","page","type-page","status-publish","hentry"],"yoast_head":"<!-- This site is optimized with the Yoast SEO plugin v27.3 - https:\/\/yoast.com\/product\/yoast-seo-wordpress\/ -->\n<title>Trading Social | BlackBull Partners%.<\/title>\n<meta name=\"description\" content=\"El trading social es una forma de trading online que permite a los operadores seguir y copiar las operaciones de otros operadores de \u00e9xito, a menudo llamados &quot;gur\u00fas&quot; o &quot;estrategas&quot;, a trav\u00e9s de una plataforma de trading social. Tambi\u00e9n suele denominarse copy trading o mirror trading.\" \/>\n<meta name=\"robots\" content=\"index, follow, max-snippet:-1, max-image-preview:large, max-video-preview:-1\" \/>\n<link rel=\"canonical\" href=\"https:\/\/partners.blackbull.com\/es\/influencers\/influencer-models\/social-trading\/\" \/>\n<meta property=\"og:locale\" content=\"es_ES\" \/>\n<meta property=\"og:type\" content=\"article\" \/>\n<meta property=\"og:title\" content=\"Trading Social | BlackBull Partners%.\" \/>\n<meta property=\"og:description\" content=\"El trading social es una forma de trading online que permite a los operadores seguir y copiar las operaciones de otros operadores de \u00e9xito, a menudo llamados &quot;gur\u00fas&quot; o &quot;estrategas&quot;, a trav\u00e9s de una plataforma de trading social. Tambi\u00e9n suele denominarse copy trading o mirror trading.\" \/>\n<meta property=\"og:url\" content=\"https:\/\/partners.blackbull.com\/es\/influencers\/influencer-models\/social-trading\/\" \/>\n<meta property=\"og:site_name\" content=\"BlackBull Partners\" \/>\n<meta property=\"article:modified_time\" content=\"2025-03-24T18:00:06+00:00\" \/>\n<meta property=\"og:image\" content=\"https:\/\/partners.blackbull.com\/wp-content\/uploads\/2023\/05\/img_546.png\" \/>\n\t<meta property=\"og:image:width\" content=\"634\" \/>\n\t<meta property=\"og:image:height\" content=\"761\" \/>\n\t<meta property=\"og:image:type\" content=\"image\/png\" \/>\n<meta name=\"twitter:card\" content=\"summary_large_image\" \/>\n<meta name=\"twitter:label1\" content=\"Tiempo de lectura\" \/>\n\t<meta name=\"twitter:data1\" content=\"1 minuto\" \/>\n<script type=\"application\/ld+json\" class=\"yoast-schema-graph\">{\"@context\":\"https:\\\/\\\/schema.org\",\"@graph\":[{\"@type\":\"WebPage\",\"@id\":\"https:\\\/\\\/partners.blackbull.com\\\/es\\\/influencers\\\/influencer-models\\\/social-trading\\\/\",\"url\":\"https:\\\/\\\/partners.blackbull.com\\\/es\\\/influencers\\\/influencer-models\\\/social-trading\\\/\",\"name\":\"Trading Social | BlackBull Partners%.\",\"isPartOf\":{\"@id\":\"https:\\\/\\\/partners.blackbull.com\\\/es\\\/#website\"},\"primaryImageOfPage\":{\"@id\":\"https:\\\/\\\/partners.blackbull.com\\\/es\\\/influencers\\\/influencer-models\\\/social-trading\\\/#primaryimage\"},\"image\":{\"@id\":\"https:\\\/\\\/partners.blackbull.com\\\/es\\\/influencers\\\/influencer-models\\\/social-trading\\\/#primaryimage\"},\"thumbnailUrl\":\"https:\\\/\\\/partners.blackbull.com\\\/wp-content\\\/uploads\\\/2023\\\/05\\\/img_546.png\",\"datePublished\":\"2025-03-24T17:59:55+00:00\",\"dateModified\":\"2025-03-24T18:00:06+00:00\",\"description\":\"El trading social es una forma de trading online que permite a los operadores seguir y copiar las operaciones de otros operadores de \u00e9xito, a menudo llamados \\\"gur\u00fas\\\" o \\\"estrategas\\\", a trav\u00e9s de una plataforma de trading social. Tambi\u00e9n suele denominarse copy trading o mirror trading.\",\"breadcrumb\":{\"@id\":\"https:\\\/\\\/partners.blackbull.com\\\/es\\\/influencers\\\/influencer-models\\\/social-trading\\\/#breadcrumb\"},\"inLanguage\":\"es\",\"potentialAction\":[{\"@type\":\"ReadAction\",\"target\":[\"https:\\\/\\\/partners.blackbull.com\\\/es\\\/influencers\\\/influencer-models\\\/social-trading\\\/\"]}]},{\"@type\":\"ImageObject\",\"inLanguage\":\"es\",\"@id\":\"https:\\\/\\\/partners.blackbull.com\\\/es\\\/influencers\\\/influencer-models\\\/social-trading\\\/#primaryimage\",\"url\":\"https:\\\/\\\/partners.blackbull.com\\\/wp-content\\\/uploads\\\/2023\\\/05\\\/img_546.png\",\"contentUrl\":\"https:\\\/\\\/partners.blackbull.com\\\/wp-content\\\/uploads\\\/2023\\\/05\\\/img_546.png\"},{\"@type\":\"BreadcrumbList\",\"@id\":\"https:\\\/\\\/partners.blackbull.com\\\/es\\\/influencers\\\/influencer-models\\\/social-trading\\\/#breadcrumb\",\"itemListElement\":[{\"@type\":\"ListItem\",\"position\":1,\"name\":\"Home\",\"item\":\"https:\\\/\\\/partners.blackbull.com\\\/es\\\/home-new\\\/\"},{\"@type\":\"ListItem\",\"position\":2,\"name\":\"Influenciadores\",\"item\":\"https:\\\/\\\/partners.blackbull.com\\\/es\\\/influenciadores\\\/\"},{\"@type\":\"ListItem\",\"position\":3,\"name\":\"Modelos de influencia\",\"item\":\"https:\\\/\\\/partners.blackbull.com\\\/es\\\/influenciadores\\\/modelos-de-influencia\\\/\"},{\"@type\":\"ListItem\",\"position\":4,\"name\":\"Trading Social\"}]},{\"@type\":\"WebSite\",\"@id\":\"https:\\\/\\\/partners.blackbull.com\\\/es\\\/#website\",\"url\":\"https:\\\/\\\/partners.blackbull.com\\\/es\\\/\",\"name\":\"BlackBull Partners\",\"description\":\"BlackBull Affiliates is the partner referral program of BlackBull Markets, a top-tier, award-winning, and multi-regulated forex broker.\",\"publisher\":{\"@id\":\"https:\\\/\\\/partners.blackbull.com\\\/es\\\/#organization\"},\"potentialAction\":[{\"@type\":\"SearchAction\",\"target\":{\"@type\":\"EntryPoint\",\"urlTemplate\":\"https:\\\/\\\/partners.blackbull.com\\\/es\\\/?s={search_term_string}\"},\"query-input\":{\"@type\":\"PropertyValueSpecification\",\"valueRequired\":true,\"valueName\":\"search_term_string\"}}],\"inLanguage\":\"es\"},{\"@type\":\"Organization\",\"@id\":\"https:\\\/\\\/partners.blackbull.com\\\/es\\\/#organization\",\"name\":\"BlackBull Partners\",\"url\":\"https:\\\/\\\/partners.blackbull.com\\\/es\\\/\",\"logo\":{\"@type\":\"ImageObject\",\"inLanguage\":\"es\",\"@id\":\"https:\\\/\\\/partners.blackbull.com\\\/es\\\/#\\\/schema\\\/logo\\\/image\\\/\",\"url\":\"https:\\\/\\\/partners.blackbull.com\\\/wp-content\\\/uploads\\\/2022\\\/03\\\/BBMPartnerslogo_blue.svg\",\"contentUrl\":\"https:\\\/\\\/partners.blackbull.com\\\/wp-content\\\/uploads\\\/2022\\\/03\\\/BBMPartnerslogo_blue.svg\",\"width\":981,\"height\":279,\"caption\":\"BlackBull Partners\"},\"image\":{\"@id\":\"https:\\\/\\\/partners.blackbull.com\\\/es\\\/#\\\/schema\\\/logo\\\/image\\\/\"}}]}<\/script>\n<!-- \/ Yoast SEO plugin. -->","yoast_head_json":{"title":"Trading Social | BlackBull Partners%.","description":"El trading social es una forma de trading online que permite a los operadores seguir y copiar las operaciones de otros operadores de \u00e9xito, a menudo llamados \"gur\u00fas\" o \"estrategas\", a trav\u00e9s de una plataforma de trading social. Tambi\u00e9n suele denominarse copy trading o mirror trading.","robots":{"index":"index","follow":"follow","max-snippet":"max-snippet:-1","max-image-preview":"max-image-preview:large","max-video-preview":"max-video-preview:-1"},"canonical":"https:\/\/partners.blackbull.com\/es\/influencers\/influencer-models\/social-trading\/","og_locale":"es_ES","og_type":"article","og_title":"Trading Social | BlackBull Partners%.","og_description":"El trading social es una forma de trading online que permite a los operadores seguir y copiar las operaciones de otros operadores de \u00e9xito, a menudo llamados \"gur\u00fas\" o \"estrategas\", a trav\u00e9s de una plataforma de trading social. Tambi\u00e9n suele denominarse copy trading o mirror trading.","og_url":"https:\/\/partners.blackbull.com\/es\/influencers\/influencer-models\/social-trading\/","og_site_name":"BlackBull Partners","article_modified_time":"2025-03-24T18:00:06+00:00","og_image":[{"width":634,"height":761,"url":"https:\/\/partners.blackbull.com\/wp-content\/uploads\/2023\/05\/img_546.png","type":"image\/png"}],"twitter_card":"summary_large_image","twitter_misc":{"Tiempo de lectura":"1 minuto"},"schema":{"@context":"https:\/\/schema.org","@graph":[{"@type":"WebPage","@id":"https:\/\/partners.blackbull.com\/es\/influencers\/influencer-models\/social-trading\/","url":"https:\/\/partners.blackbull.com\/es\/influencers\/influencer-models\/social-trading\/","name":"Trading Social | BlackBull Partners%.","isPartOf":{"@id":"https:\/\/partners.blackbull.com\/es\/#website"},"primaryImageOfPage":{"@id":"https:\/\/partners.blackbull.com\/es\/influencers\/influencer-models\/social-trading\/#primaryimage"},"image":{"@id":"https:\/\/partners.blackbull.com\/es\/influencers\/influencer-models\/social-trading\/#primaryimage"},"thumbnailUrl":"https:\/\/partners.blackbull.com\/wp-content\/uploads\/2023\/05\/img_546.png","datePublished":"2025-03-24T17:59:55+00:00","dateModified":"2025-03-24T18:00:06+00:00","description":"El trading social es una forma de trading online que permite a los operadores seguir y copiar las operaciones de otros operadores de \u00e9xito, a menudo llamados \"gur\u00fas\" o \"estrategas\", a trav\u00e9s de una plataforma de trading social. Tambi\u00e9n suele denominarse copy trading o mirror trading.","breadcrumb":{"@id":"https:\/\/partners.blackbull.com\/es\/influencers\/influencer-models\/social-trading\/#breadcrumb"},"inLanguage":"es","potentialAction":[{"@type":"ReadAction","target":["https:\/\/partners.blackbull.com\/es\/influencers\/influencer-models\/social-trading\/"]}]},{"@type":"ImageObject","inLanguage":"es","@id":"https:\/\/partners.blackbull.com\/es\/influencers\/influencer-models\/social-trading\/#primaryimage","url":"https:\/\/partners.blackbull.com\/wp-content\/uploads\/2023\/05\/img_546.png","contentUrl":"https:\/\/partners.blackbull.com\/wp-content\/uploads\/2023\/05\/img_546.png"},{"@type":"BreadcrumbList","@id":"https:\/\/partners.blackbull.com\/es\/influencers\/influencer-models\/social-trading\/#breadcrumb","itemListElement":[{"@type":"ListItem","position":1,"name":"Home","item":"https:\/\/partners.blackbull.com\/es\/home-new\/"},{"@type":"ListItem","position":2,"name":"Influenciadores","item":"https:\/\/partners.blackbull.com\/es\/influenciadores\/"},{"@type":"ListItem","position":3,"name":"Modelos de influencia","item":"https:\/\/partners.blackbull.com\/es\/influenciadores\/modelos-de-influencia\/"},{"@type":"ListItem","position":4,"name":"Trading Social"}]},{"@type":"WebSite","@id":"https:\/\/partners.blackbull.com\/es\/#website","url":"https:\/\/partners.blackbull.com\/es\/","name":"BlackBull Partners","description":"BlackBull Affiliates is the partner referral program of BlackBull Markets, a top-tier, award-winning, and multi-regulated forex broker.","publisher":{"@id":"https:\/\/partners.blackbull.com\/es\/#organization"},"potentialAction":[{"@type":"SearchAction","target":{"@type":"EntryPoint","urlTemplate":"https:\/\/partners.blackbull.com\/es\/?s={search_term_string}"},"query-input":{"@type":"PropertyValueSpecification","valueRequired":true,"valueName":"search_term_string"}}],"inLanguage":"es"},{"@type":"Organization","@id":"https:\/\/partners.blackbull.com\/es\/#organization","name":"BlackBull Partners","url":"https:\/\/partners.blackbull.com\/es\/","logo":{"@type":"ImageObject","inLanguage":"es","@id":"https:\/\/partners.blackbull.com\/es\/#\/schema\/logo\/image\/","url":"https:\/\/partners.blackbull.com\/wp-content\/uploads\/2022\/03\/BBMPartnerslogo_blue.svg","contentUrl":"https:\/\/partners.blackbull.com\/wp-content\/uploads\/2022\/03\/BBMPartnerslogo_blue.svg","width":981,"height":279,"caption":"BlackBull Partners"},"image":{"@id":"https:\/\/partners.blackbull.com\/es\/#\/schema\/logo\/image\/"}}]}},"_links":{"self":[{"href":"https:\/\/partners.blackbull.com\/es\/wp-json\/wp\/v2\/pages\/17228","targetHints":{"allow":["GET"]}}],"collection":[{"href":"https:\/\/partners.blackbull.com\/es\/wp-json\/wp\/v2\/pages"}],"about":[{"href":"https:\/\/partners.blackbull.com\/es\/wp-json\/wp\/v2\/types\/page"}],"author":[{"embeddable":true,"href":"https:\/\/partners.blackbull.com\/es\/wp-json\/wp\/v2\/users\/6"}],"replies":[{"embeddable":true,"href":"https:\/\/partners.blackbull.com\/es\/wp-json\/wp\/v2\/comments?post=17228"}],"version-history":[{"count":1,"href":"https:\/\/partners.blackbull.com\/es\/wp-json\/wp\/v2\/pages\/17228\/revisions"}],"predecessor-version":[{"id":17229,"href":"https:\/\/partners.blackbull.com\/es\/wp-json\/wp\/v2\/pages\/17228\/revisions\/17229"}],"up":[{"embeddable":true,"href":"https:\/\/partners.blackbull.com\/es\/wp-json\/wp\/v2\/pages\/17197"}],"wp:attachment":[{"href":"https:\/\/partners.blackbull.com\/es\/wp-json\/wp\/v2\/media?parent=17228"}],"curies":[{"name":"wp","href":"https:\/\/api.w.org\/{rel}","templated":true}]}}