{"id":17234,"date":"2025-03-25T07:00:05","date_gmt":"2025-03-24T18:00:05","guid":{"rendered":"https:\/\/partners.blackbull.com\/ayuda\/recursos\/herramientas-de-marketing\/videos\/"},"modified":"2025-03-25T07:00:07","modified_gmt":"2025-03-24T18:00:07","slug":"videos","status":"publish","type":"page","link":"https:\/\/partners.blackbull.com\/es\/support\/resources\/marketing-materials\/videos\/","title":{"rendered":"V\u00eddeos"},"content":{"rendered":"\t\t<div data-elementor-type=\"wp-page\" data-elementor-id=\"17234\" class=\"elementor elementor-17234 elementor-4554\" data-elementor-post-type=\"page\">\n\t\t\t\t<div class=\"elementor-element elementor-element-8fcc49d e-flex e-con-boxed e-con e-parent\" data-id=\"8fcc49d\" data-element_type=\"container\" data-e-type=\"container\" data-settings=\"{&quot;background_background&quot;:&quot;classic&quot;,&quot;jet_parallax_layout_list&quot;:[]}\">\n\t\t\t\t\t<div class=\"e-con-inner\">\n\t\t\t\t<div class=\"elementor-element elementor-element-327f5bcd elementor-widget elementor-widget-breadcrumbs\" data-id=\"327f5bcd\" data-element_type=\"widget\" data-e-type=\"widget\" data-widget_type=\"breadcrumbs.default\">\n\t\t\t\t\t<p id=\"breadcrumbs\"><span><span><a href=\"https:\/\/partners.blackbull.com\/es\/home-new\/\">Home<\/a><\/span><\/span><\/p>\t\t\t\t<\/div>\n\t\t\t\t\t<\/div>\n\t\t\t\t<\/div>\n\t\t<div class=\"elementor-element elementor-element-5f8b5a1d e-flex e-con-boxed e-con e-parent\" data-id=\"5f8b5a1d\" data-element_type=\"container\" data-e-type=\"container\" data-settings=\"{&quot;background_background&quot;:&quot;classic&quot;,&quot;jet_parallax_layout_list&quot;:[]}\">\n\t\t\t\t\t<div class=\"e-con-inner\">\n\t\t<div class=\"elementor-element elementor-element-694d2f41 e-con-full e-flex e-con e-child\" data-id=\"694d2f41\" data-element_type=\"container\" data-e-type=\"container\" data-settings=\"{&quot;background_background&quot;:&quot;classic&quot;,&quot;jet_parallax_layout_list&quot;:[]}\">\n\t\t\t\t<div class=\"elementor-element elementor-element-45e11401 elementor-widget__width-initial elementor-widget elementor-widget-heading\" data-id=\"45e11401\" data-element_type=\"widget\" data-e-type=\"widget\" data-widget_type=\"heading.default\">\n\t\t\t\t\t<h2 class=\"elementor-heading-title elementor-size-default\">V\u00eddeos de los socios de BlackBull<\/h2>\t\t\t\t<\/div>\n\t\t\t\t<\/div>\n\t\t<div class=\"elementor-element elementor-element-24303d0 e-con-full e-flex e-con e-child\" data-id=\"24303d0\" data-element_type=\"container\" data-e-type=\"container\" data-settings=\"{&quot;jet_parallax_layout_list&quot;:[]}\">\n\t\t\t\t<div class=\"elementor-element elementor-element-52f107de link-text elementor-widget elementor-widget-text-editor\" data-id=\"52f107de\" data-element_type=\"widget\" data-e-type=\"widget\" data-widget_type=\"text-editor.default\">\n\t\t\t\t\t\t\t\t\t<p>El v\u00eddeo marketing puede ser una herramienta poderosa para las empresas, pero requiere una planificaci\u00f3n cuidadosa, inversi\u00f3n y experiencia para tener \u00e9xito. En BlackBull, intentamos incluir un elemento de v\u00eddeo marketing en todas nuestras campa\u00f1as. <\/p>\n\t\t\t\t\t\t\t\t<\/div>\n\t\t\t\t<\/div>\n\t\t\t\t\t<\/div>\n\t\t\t\t<\/div>\n\t\t<div class=\"elementor-element elementor-element-e2b9def e-flex e-con-boxed e-con e-parent\" data-id=\"e2b9def\" data-element_type=\"container\" data-e-type=\"container\" data-settings=\"{&quot;jet_parallax_layout_list&quot;:[]}\">\n\t\t\t\t\t<div class=\"e-con-inner\">\n\t\t<div class=\"elementor-element elementor-element-d1fa88b e-con-full e-flex e-con e-child\" data-id=\"d1fa88b\" data-element_type=\"container\" data-e-type=\"container\" data-settings=\"{&quot;jet_parallax_layout_list&quot;:[]}\">\n\t\t\t\t<div class=\"elementor-element elementor-element-4698416 elementor-widget elementor-widget-heading\" data-id=\"4698416\" data-element_type=\"widget\" data-e-type=\"widget\" data-widget_type=\"heading.default\">\n\t\t\t\t\t<h4 class=\"elementor-heading-title elementor-size-default\">La publicidad en v\u00eddeo puede proporcionar varias ventajas a las empresas que operan en el sector de las divisas, entre ellas:<\/h4>\t\t\t\t<\/div>\n\t\t\t\t<div class=\"elementor-element elementor-element-e3fd5f8 elementor-position-left elementor-vertical-align-top elementor-widget elementor-widget-image-box\" data-id=\"e3fd5f8\" data-element_type=\"widget\" data-e-type=\"widget\" data-widget_type=\"image-box.default\">\n\t\t\t\t\t<div class=\"elementor-image-box-wrapper\"><figure class=\"elementor-image-box-img\"><img decoding=\"async\" width=\"35\" height=\"35\" src=\"https:\/\/partners.blackbull.com\/wp-content\/uploads\/2023\/07\/ul-big-icon.svg\" class=\"attachment-full size-full wp-image-12322\" alt=\"\" \/><\/figure><div class=\"elementor-image-box-content\"><h3 class=\"elementor-image-box-title\">Mejora del compromiso<\/h3><p class=\"elementor-image-box-description\">La Publicidad en V\u00eddeo Puede Ser M\u00e1s Atractiva Que Otras Formas De Publicidad, Como Los Anuncios De Banner O El Contenido Basado En Texto. Esto es especialmente importante en el sector Forex, donde los conceptos financieros complejos pueden ser dif\u00edciles de comunicar en otros formatos. <\/p><\/div><\/div>\t\t\t\t<\/div>\n\t\t\t\t<div class=\"elementor-element elementor-element-9924de2 elementor-position-left elementor-vertical-align-top elementor-widget elementor-widget-image-box\" data-id=\"9924de2\" data-element_type=\"widget\" data-e-type=\"widget\" data-widget_type=\"image-box.default\">\n\t\t\t\t\t<div class=\"elementor-image-box-wrapper\"><figure class=\"elementor-image-box-img\"><img decoding=\"async\" width=\"35\" height=\"35\" src=\"https:\/\/partners.blackbull.com\/wp-content\/uploads\/2023\/07\/ul-big-icon.svg\" class=\"attachment-full size-full wp-image-12322\" alt=\"\" \/><\/figure><div class=\"elementor-image-box-content\"><h3 class=\"elementor-image-box-title\">Narraci\u00f3n visual<\/h3><p class=\"elementor-image-box-description\">La publicidad en v\u00eddeo permite a las empresas contar su historia y transmitir su identidad de marca mediante la narraci\u00f3n visual. Puede ser una forma eficaz de dar a conocer la marca y crear una conexi\u00f3n emocional con los clientes potenciales. <\/p><\/div><\/div>\t\t\t\t<\/div>\n\t\t\t\t<div class=\"elementor-element elementor-element-c0f4f00 elementor-position-left elementor-vertical-align-top elementor-widget elementor-widget-image-box\" data-id=\"c0f4f00\" data-element_type=\"widget\" data-e-type=\"widget\" data-widget_type=\"image-box.default\">\n\t\t\t\t\t<div class=\"elementor-image-box-wrapper\"><figure class=\"elementor-image-box-img\"><img decoding=\"async\" width=\"35\" height=\"35\" src=\"https:\/\/partners.blackbull.com\/wp-content\/uploads\/2023\/07\/ul-big-icon.svg\" class=\"attachment-full size-full wp-image-12322\" alt=\"\" \/><\/figure><div class=\"elementor-image-box-content\"><h3 class=\"elementor-image-box-title\">Demostrar experiencia<\/h3><p class=\"elementor-image-box-description\">El Trading En Forex Puede Ser Complejo E Intimidante Para Mucha Gente. La Publicidad en V\u00eddeo Puede Ser Una Forma Eficaz Para Que Las Empresas Demuestren Su Experiencia Y Se Establezcan Como Autoridades De Confianza En El Sector. <\/p><\/div><\/div>\t\t\t\t<\/div>\n\t\t\t\t<div class=\"elementor-element elementor-element-a658ec3 elementor-position-left elementor-vertical-align-top elementor-widget elementor-widget-image-box\" data-id=\"a658ec3\" data-element_type=\"widget\" data-e-type=\"widget\" data-widget_type=\"image-box.default\">\n\t\t\t\t\t<div class=\"elementor-image-box-wrapper\"><figure class=\"elementor-image-box-img\"><img decoding=\"async\" width=\"35\" height=\"35\" src=\"https:\/\/partners.blackbull.com\/wp-content\/uploads\/2023\/07\/ul-big-icon.svg\" class=\"attachment-full size-full wp-image-12322\" alt=\"\" \/><\/figure><div class=\"elementor-image-box-content\"><h3 class=\"elementor-image-box-title\">Mayor alcance<\/h3><p class=\"elementor-image-box-description\">La publicidad en v\u00eddeo puede compartirse y promocionarse en plataformas de redes sociales, lo que puede aumentar su alcance y su audiencia potencial. Esto puede ser especialmente importante para las empresas Forex que se dirigen a una audiencia global. <\/p><\/div><\/div>\t\t\t\t<\/div>\n\t\t\t\t<div class=\"elementor-element elementor-element-3abe576 elementor-position-left elementor-vertical-align-top elementor-widget elementor-widget-image-box\" data-id=\"3abe576\" data-element_type=\"widget\" data-e-type=\"widget\" data-widget_type=\"image-box.default\">\n\t\t\t\t\t<div class=\"elementor-image-box-wrapper\"><figure class=\"elementor-image-box-img\"><img decoding=\"async\" width=\"35\" height=\"35\" src=\"https:\/\/partners.blackbull.com\/wp-content\/uploads\/2023\/07\/ul-big-icon.svg\" class=\"attachment-full size-full wp-image-12322\" alt=\"\" \/><\/figure><div class=\"elementor-image-box-content\"><h3 class=\"elementor-image-box-title\">Resultados mensurables<\/h3><p class=\"elementor-image-box-description\">La publicidad en v\u00eddeo puede seguirse y medirse f\u00e1cilmente, lo que permite a las empresas evaluar la eficacia de sus campa\u00f1as y ajustar sus estrategias seg\u00fan sea necesario.<\/p><\/div><\/div>\t\t\t\t<\/div>\n\t\t\t\t<div class=\"elementor-element elementor-element-eadfe8e elementor-widget elementor-widget-image\" data-id=\"eadfe8e\" data-element_type=\"widget\" data-e-type=\"widget\" data-widget_type=\"image.default\">\n\t\t\t\t\t\t\t\t\t\t\t\t\t\t\t<img fetchpriority=\"high\" decoding=\"async\" width=\"1096\" height=\"380\" src=\"https:\/\/partners.blackbull.com\/wp-content\/uploads\/2023\/07\/video-img.jpg\" class=\"attachment-full size-full wp-image-12947\" alt=\"\" srcset=\"https:\/\/partners.blackbull.com\/wp-content\/uploads\/2023\/07\/video-img.jpg 1096w, https:\/\/partners.blackbull.com\/wp-content\/uploads\/2023\/07\/video-img-300x104.jpg 300w, https:\/\/partners.blackbull.com\/wp-content\/uploads\/2023\/07\/video-img-1024x355.jpg 1024w, https:\/\/partners.blackbull.com\/wp-content\/uploads\/2023\/07\/video-img-768x266.jpg 768w\" sizes=\"(max-width: 1096px) 100vw, 1096px\" \/>\t\t\t\t\t\t\t\t\t\t\t\t\t\t\t<\/div>\n\t\t\t\t<\/div>\n\t\t\t\t<div class=\"elementor-element elementor-element-28b1f43 elementor-widget elementor-widget-text-editor\" data-id=\"28b1f43\" data-element_type=\"widget\" data-e-type=\"widget\" data-widget_type=\"text-editor.default\">\n\t\t\t\t\t\t\t\t\t<p>Afortunadamente, la mayor\u00eda de los corredores no hacen de la publicidad en v\u00eddeo una prioridad. Hay varias razones para ello, como la falta de experiencia, las limitaciones presupuestarias, el tiempo y los recursos necesarios para una producci\u00f3n de v\u00eddeo marketing de buena calidad, y la falta de estrategia o direcci\u00f3n de marketing. Esto ha dado BlackBull Markets un gran \u00e9xito de penetraci\u00f3n con la publicidad en v\u00eddeo. Compartimos ese \u00e9xito con nuestros socios poniendo a su disposici\u00f3n contenidos de v\u00eddeo marketing a trav\u00e9s de BlackBull Socios.   <\/p>\n\t\t\t\t\t\t\t\t<\/div>\n\t\t\t\t\t<\/div>\n\t\t\t\t<\/div>\n\t\t\t\t<\/div>\n\t\t","protected":false},"excerpt":{"rendered":"<p>V\u00eddeos de los socios de BlackBull El v\u00eddeo marketing puede ser una herramienta poderosa para las empresas, pero requiere una planificaci\u00f3n cuidadosa, inversi\u00f3n y experiencia para tener \u00e9xito. En BlackBull, intentamos incluir un elemento de v\u00eddeo marketing en todas nuestras campa\u00f1as. La publicidad en v\u00eddeo puede proporcionar varias ventajas a las empresas que operan en [&hellip;]<\/p>\n","protected":false},"author":6,"featured_media":0,"parent":1476,"menu_order":1,"comment_status":"closed","ping_status":"closed","template":"elementor_header_footer","meta":{"inline_featured_image":false,"footnotes":""},"class_list":["post-17234","page","type-page","status-publish","hentry"],"yoast_head":"<!-- This site is optimized with the Yoast SEO plugin v27.3 - https:\/\/yoast.com\/product\/yoast-seo-wordpress\/ -->\n<title>V\u00eddeos | BlackBull Partners%.<\/title>\n<meta name=\"description\" content=\"El marketing con v\u00eddeos puede ser una herramienta poderosa para las empresas, pero requiere una planificaci\u00f3n cuidadosa, inversi\u00f3n y experiencia para tener \u00e9xito. En BlackBull, intentamos incluir un elemento de v\u00eddeo marketing en todas nuestras campa\u00f1as.\" \/>\n<meta name=\"robots\" content=\"index, follow, max-snippet:-1, max-image-preview:large, max-video-preview:-1\" \/>\n<link rel=\"canonical\" href=\"https:\/\/partners.blackbull.com\/es\/support\/resources\/marketing-materials\/videos\/\" \/>\n<meta property=\"og:locale\" content=\"es_ES\" \/>\n<meta property=\"og:type\" content=\"article\" \/>\n<meta property=\"og:title\" content=\"V\u00eddeos | BlackBull Partners%.\" \/>\n<meta property=\"og:description\" content=\"El marketing con v\u00eddeos puede ser una herramienta poderosa para las empresas, pero requiere una planificaci\u00f3n cuidadosa, inversi\u00f3n y experiencia para tener \u00e9xito. En BlackBull, intentamos incluir un elemento de v\u00eddeo marketing en todas nuestras campa\u00f1as.\" \/>\n<meta property=\"og:url\" content=\"https:\/\/partners.blackbull.com\/es\/support\/resources\/marketing-materials\/videos\/\" \/>\n<meta property=\"og:site_name\" content=\"BlackBull Partners\" \/>\n<meta property=\"article:modified_time\" content=\"2025-03-24T18:00:07+00:00\" \/>\n<meta property=\"og:image\" content=\"https:\/\/partners.blackbull.com\/wp-content\/uploads\/2023\/09\/BlackBull-Partners.jpg\" \/>\n\t<meta property=\"og:image:width\" content=\"1200\" \/>\n\t<meta property=\"og:image:height\" content=\"630\" \/>\n\t<meta property=\"og:image:type\" content=\"image\/jpeg\" \/>\n<meta name=\"twitter:card\" content=\"summary_large_image\" \/>\n<meta name=\"twitter:label1\" content=\"Tiempo de lectura\" \/>\n\t<meta name=\"twitter:data1\" content=\"2 minutos\" \/>\n<script type=\"application\/ld+json\" class=\"yoast-schema-graph\">{\"@context\":\"https:\\\/\\\/schema.org\",\"@graph\":[{\"@type\":\"WebPage\",\"@id\":\"https:\\\/\\\/partners.blackbull.com\\\/es\\\/support\\\/resources\\\/marketing-materials\\\/videos\\\/\",\"url\":\"https:\\\/\\\/partners.blackbull.com\\\/es\\\/support\\\/resources\\\/marketing-materials\\\/videos\\\/\",\"name\":\"V\u00eddeos | BlackBull Partners%.\",\"isPartOf\":{\"@id\":\"https:\\\/\\\/partners.blackbull.com\\\/es\\\/#website\"},\"primaryImageOfPage\":{\"@id\":\"https:\\\/\\\/partners.blackbull.com\\\/es\\\/support\\\/resources\\\/marketing-materials\\\/videos\\\/#primaryimage\"},\"image\":{\"@id\":\"https:\\\/\\\/partners.blackbull.com\\\/es\\\/support\\\/resources\\\/marketing-materials\\\/videos\\\/#primaryimage\"},\"thumbnailUrl\":\"https:\\\/\\\/partners.blackbull.com\\\/wp-content\\\/uploads\\\/2023\\\/07\\\/ul-big-icon.svg\",\"datePublished\":\"2025-03-24T18:00:05+00:00\",\"dateModified\":\"2025-03-24T18:00:07+00:00\",\"description\":\"El marketing con v\u00eddeos puede ser una herramienta poderosa para las empresas, pero requiere una planificaci\u00f3n cuidadosa, inversi\u00f3n y experiencia para tener \u00e9xito. En BlackBull, intentamos incluir un elemento de v\u00eddeo marketing en todas nuestras campa\u00f1as.\",\"breadcrumb\":{\"@id\":\"https:\\\/\\\/partners.blackbull.com\\\/es\\\/support\\\/resources\\\/marketing-materials\\\/videos\\\/#breadcrumb\"},\"inLanguage\":\"es\",\"potentialAction\":[{\"@type\":\"ReadAction\",\"target\":[\"https:\\\/\\\/partners.blackbull.com\\\/es\\\/support\\\/resources\\\/marketing-materials\\\/videos\\\/\"]}]},{\"@type\":\"ImageObject\",\"inLanguage\":\"es\",\"@id\":\"https:\\\/\\\/partners.blackbull.com\\\/es\\\/support\\\/resources\\\/marketing-materials\\\/videos\\\/#primaryimage\",\"url\":\"https:\\\/\\\/partners.blackbull.com\\\/wp-content\\\/uploads\\\/2023\\\/07\\\/ul-big-icon.svg\",\"contentUrl\":\"https:\\\/\\\/partners.blackbull.com\\\/wp-content\\\/uploads\\\/2023\\\/07\\\/ul-big-icon.svg\"},{\"@type\":\"BreadcrumbList\",\"@id\":\"https:\\\/\\\/partners.blackbull.com\\\/es\\\/support\\\/resources\\\/marketing-materials\\\/videos\\\/#breadcrumb\",\"itemListElement\":[{\"@type\":\"ListItem\",\"position\":1,\"name\":\"Home\",\"item\":\"https:\\\/\\\/partners.blackbull.com\\\/es\\\/home-new\\\/\"},{\"@type\":\"ListItem\",\"position\":2,\"name\":\"Ayuda\",\"item\":\"https:\\\/\\\/partners.blackbull.com\\\/es\\\/ayuda\\\/\"},{\"@type\":\"ListItem\",\"position\":3,\"name\":\"Recursos\",\"item\":\"https:\\\/\\\/partners.blackbull.com\\\/es\\\/ayuda\\\/recursos\\\/\"},{\"@type\":\"ListItem\",\"position\":4,\"name\":\"Material de marketing\",\"item\":\"https:\\\/\\\/partners.blackbull.com\\\/es\\\/ayuda\\\/recursos\\\/herramientas-de-marketing\\\/\"},{\"@type\":\"ListItem\",\"position\":5,\"name\":\"V\u00eddeos\"}]},{\"@type\":\"WebSite\",\"@id\":\"https:\\\/\\\/partners.blackbull.com\\\/es\\\/#website\",\"url\":\"https:\\\/\\\/partners.blackbull.com\\\/es\\\/\",\"name\":\"BlackBull Partners\",\"description\":\"BlackBull Affiliates is the partner referral program of BlackBull Markets, a top-tier, award-winning, and multi-regulated forex broker.\",\"publisher\":{\"@id\":\"https:\\\/\\\/partners.blackbull.com\\\/es\\\/#organization\"},\"potentialAction\":[{\"@type\":\"SearchAction\",\"target\":{\"@type\":\"EntryPoint\",\"urlTemplate\":\"https:\\\/\\\/partners.blackbull.com\\\/es\\\/?s={search_term_string}\"},\"query-input\":{\"@type\":\"PropertyValueSpecification\",\"valueRequired\":true,\"valueName\":\"search_term_string\"}}],\"inLanguage\":\"es\"},{\"@type\":\"Organization\",\"@id\":\"https:\\\/\\\/partners.blackbull.com\\\/es\\\/#organization\",\"name\":\"BlackBull Partners\",\"url\":\"https:\\\/\\\/partners.blackbull.com\\\/es\\\/\",\"logo\":{\"@type\":\"ImageObject\",\"inLanguage\":\"es\",\"@id\":\"https:\\\/\\\/partners.blackbull.com\\\/es\\\/#\\\/schema\\\/logo\\\/image\\\/\",\"url\":\"https:\\\/\\\/partners.blackbull.com\\\/wp-content\\\/uploads\\\/2022\\\/03\\\/BBMPartnerslogo_blue.svg\",\"contentUrl\":\"https:\\\/\\\/partners.blackbull.com\\\/wp-content\\\/uploads\\\/2022\\\/03\\\/BBMPartnerslogo_blue.svg\",\"width\":981,\"height\":279,\"caption\":\"BlackBull Partners\"},\"image\":{\"@id\":\"https:\\\/\\\/partners.blackbull.com\\\/es\\\/#\\\/schema\\\/logo\\\/image\\\/\"}}]}<\/script>\n<!-- \/ Yoast SEO plugin. -->","yoast_head_json":{"title":"V\u00eddeos | BlackBull Partners%.","description":"El marketing con v\u00eddeos puede ser una herramienta poderosa para las empresas, pero requiere una planificaci\u00f3n cuidadosa, inversi\u00f3n y experiencia para tener \u00e9xito. En BlackBull, intentamos incluir un elemento de v\u00eddeo marketing en todas nuestras campa\u00f1as.","robots":{"index":"index","follow":"follow","max-snippet":"max-snippet:-1","max-image-preview":"max-image-preview:large","max-video-preview":"max-video-preview:-1"},"canonical":"https:\/\/partners.blackbull.com\/es\/support\/resources\/marketing-materials\/videos\/","og_locale":"es_ES","og_type":"article","og_title":"V\u00eddeos | BlackBull Partners%.","og_description":"El marketing con v\u00eddeos puede ser una herramienta poderosa para las empresas, pero requiere una planificaci\u00f3n cuidadosa, inversi\u00f3n y experiencia para tener \u00e9xito. En BlackBull, intentamos incluir un elemento de v\u00eddeo marketing en todas nuestras campa\u00f1as.","og_url":"https:\/\/partners.blackbull.com\/es\/support\/resources\/marketing-materials\/videos\/","og_site_name":"BlackBull Partners","article_modified_time":"2025-03-24T18:00:07+00:00","og_image":[{"width":1200,"height":630,"url":"https:\/\/partners.blackbull.com\/wp-content\/uploads\/2023\/09\/BlackBull-Partners.jpg","type":"image\/jpeg"}],"twitter_card":"summary_large_image","twitter_misc":{"Tiempo de lectura":"2 minutos"},"schema":{"@context":"https:\/\/schema.org","@graph":[{"@type":"WebPage","@id":"https:\/\/partners.blackbull.com\/es\/support\/resources\/marketing-materials\/videos\/","url":"https:\/\/partners.blackbull.com\/es\/support\/resources\/marketing-materials\/videos\/","name":"V\u00eddeos | BlackBull Partners%.","isPartOf":{"@id":"https:\/\/partners.blackbull.com\/es\/#website"},"primaryImageOfPage":{"@id":"https:\/\/partners.blackbull.com\/es\/support\/resources\/marketing-materials\/videos\/#primaryimage"},"image":{"@id":"https:\/\/partners.blackbull.com\/es\/support\/resources\/marketing-materials\/videos\/#primaryimage"},"thumbnailUrl":"https:\/\/partners.blackbull.com\/wp-content\/uploads\/2023\/07\/ul-big-icon.svg","datePublished":"2025-03-24T18:00:05+00:00","dateModified":"2025-03-24T18:00:07+00:00","description":"El marketing con v\u00eddeos puede ser una herramienta poderosa para las empresas, pero requiere una planificaci\u00f3n cuidadosa, inversi\u00f3n y experiencia para tener \u00e9xito. En BlackBull, intentamos incluir un elemento de v\u00eddeo marketing en todas nuestras campa\u00f1as.","breadcrumb":{"@id":"https:\/\/partners.blackbull.com\/es\/support\/resources\/marketing-materials\/videos\/#breadcrumb"},"inLanguage":"es","potentialAction":[{"@type":"ReadAction","target":["https:\/\/partners.blackbull.com\/es\/support\/resources\/marketing-materials\/videos\/"]}]},{"@type":"ImageObject","inLanguage":"es","@id":"https:\/\/partners.blackbull.com\/es\/support\/resources\/marketing-materials\/videos\/#primaryimage","url":"https:\/\/partners.blackbull.com\/wp-content\/uploads\/2023\/07\/ul-big-icon.svg","contentUrl":"https:\/\/partners.blackbull.com\/wp-content\/uploads\/2023\/07\/ul-big-icon.svg"},{"@type":"BreadcrumbList","@id":"https:\/\/partners.blackbull.com\/es\/support\/resources\/marketing-materials\/videos\/#breadcrumb","itemListElement":[{"@type":"ListItem","position":1,"name":"Home","item":"https:\/\/partners.blackbull.com\/es\/home-new\/"},{"@type":"ListItem","position":2,"name":"Ayuda","item":"https:\/\/partners.blackbull.com\/es\/ayuda\/"},{"@type":"ListItem","position":3,"name":"Recursos","item":"https:\/\/partners.blackbull.com\/es\/ayuda\/recursos\/"},{"@type":"ListItem","position":4,"name":"Material de marketing","item":"https:\/\/partners.blackbull.com\/es\/ayuda\/recursos\/herramientas-de-marketing\/"},{"@type":"ListItem","position":5,"name":"V\u00eddeos"}]},{"@type":"WebSite","@id":"https:\/\/partners.blackbull.com\/es\/#website","url":"https:\/\/partners.blackbull.com\/es\/","name":"BlackBull Partners","description":"BlackBull Affiliates is the partner referral program of BlackBull Markets, a top-tier, award-winning, and multi-regulated forex broker.","publisher":{"@id":"https:\/\/partners.blackbull.com\/es\/#organization"},"potentialAction":[{"@type":"SearchAction","target":{"@type":"EntryPoint","urlTemplate":"https:\/\/partners.blackbull.com\/es\/?s={search_term_string}"},"query-input":{"@type":"PropertyValueSpecification","valueRequired":true,"valueName":"search_term_string"}}],"inLanguage":"es"},{"@type":"Organization","@id":"https:\/\/partners.blackbull.com\/es\/#organization","name":"BlackBull Partners","url":"https:\/\/partners.blackbull.com\/es\/","logo":{"@type":"ImageObject","inLanguage":"es","@id":"https:\/\/partners.blackbull.com\/es\/#\/schema\/logo\/image\/","url":"https:\/\/partners.blackbull.com\/wp-content\/uploads\/2022\/03\/BBMPartnerslogo_blue.svg","contentUrl":"https:\/\/partners.blackbull.com\/wp-content\/uploads\/2022\/03\/BBMPartnerslogo_blue.svg","width":981,"height":279,"caption":"BlackBull Partners"},"image":{"@id":"https:\/\/partners.blackbull.com\/es\/#\/schema\/logo\/image\/"}}]}},"_links":{"self":[{"href":"https:\/\/partners.blackbull.com\/es\/wp-json\/wp\/v2\/pages\/17234","targetHints":{"allow":["GET"]}}],"collection":[{"href":"https:\/\/partners.blackbull.com\/es\/wp-json\/wp\/v2\/pages"}],"about":[{"href":"https:\/\/partners.blackbull.com\/es\/wp-json\/wp\/v2\/types\/page"}],"author":[{"embeddable":true,"href":"https:\/\/partners.blackbull.com\/es\/wp-json\/wp\/v2\/users\/6"}],"replies":[{"embeddable":true,"href":"https:\/\/partners.blackbull.com\/es\/wp-json\/wp\/v2\/comments?post=17234"}],"version-history":[{"count":1,"href":"https:\/\/partners.blackbull.com\/es\/wp-json\/wp\/v2\/pages\/17234\/revisions"}],"predecessor-version":[{"id":17235,"href":"https:\/\/partners.blackbull.com\/es\/wp-json\/wp\/v2\/pages\/17234\/revisions\/17235"}],"up":[{"embeddable":true,"href":"https:\/\/partners.blackbull.com\/es\/wp-json\/wp\/v2\/pages\/1476"}],"wp:attachment":[{"href":"https:\/\/partners.blackbull.com\/es\/wp-json\/wp\/v2\/media?parent=17234"}],"curies":[{"name":"wp","href":"https:\/\/api.w.org\/{rel}","templated":true}]}}