{"id":17236,"date":"2025-03-25T07:00:06","date_gmt":"2025-03-24T18:00:06","guid":{"rendered":"https:\/\/partners.blackbull.com\/ayuda\/recursos\/herramientas-de-marketing\/articulos-y-resenas\/"},"modified":"2025-03-25T07:00:07","modified_gmt":"2025-03-24T18:00:07","slug":"articles-and-reviews","status":"publish","type":"page","link":"https:\/\/partners.blackbull.com\/es\/support\/resources\/marketing-materials\/articles-and-reviews\/","title":{"rendered":"Art\u00edculos y rese\u00f1as"},"content":{"rendered":"\t\t<div data-elementor-type=\"wp-page\" data-elementor-id=\"17236\" class=\"elementor elementor-17236 elementor-4558\" data-elementor-post-type=\"page\">\n\t\t\t\t<div class=\"elementor-element elementor-element-69103847 e-flex e-con-boxed e-con e-parent\" data-id=\"69103847\" data-element_type=\"container\" data-e-type=\"container\" data-settings=\"{&quot;background_background&quot;:&quot;classic&quot;,&quot;jet_parallax_layout_list&quot;:[]}\">\n\t\t\t\t\t<div class=\"e-con-inner\">\n\t\t\t\t<div class=\"elementor-element elementor-element-a8f4ea4 elementor-widget elementor-widget-breadcrumbs\" data-id=\"a8f4ea4\" data-element_type=\"widget\" data-e-type=\"widget\" data-widget_type=\"breadcrumbs.default\">\n\t\t\t\t\t<p id=\"breadcrumbs\"><span><span><a href=\"https:\/\/partners.blackbull.com\/es\/home-new\/\">Home<\/a><\/span><\/span><\/p>\t\t\t\t<\/div>\n\t\t\t\t\t<\/div>\n\t\t\t\t<\/div>\n\t\t<div class=\"elementor-element elementor-element-2d77fd6c e-flex e-con-boxed e-con e-parent\" data-id=\"2d77fd6c\" data-element_type=\"container\" data-e-type=\"container\" data-settings=\"{&quot;background_background&quot;:&quot;classic&quot;,&quot;jet_parallax_layout_list&quot;:[]}\">\n\t\t\t\t\t<div class=\"e-con-inner\">\n\t\t<div class=\"elementor-element elementor-element-46ab9be3 e-con-full e-flex e-con e-child\" data-id=\"46ab9be3\" data-element_type=\"container\" data-e-type=\"container\" data-settings=\"{&quot;background_background&quot;:&quot;classic&quot;,&quot;jet_parallax_layout_list&quot;:[]}\">\n\t\t\t\t<div class=\"elementor-element elementor-element-37407c70 elementor-widget__width-initial elementor-widget elementor-widget-heading\" data-id=\"37407c70\" data-element_type=\"widget\" data-e-type=\"widget\" data-widget_type=\"heading.default\">\n\t\t\t\t\t<h2 class=\"elementor-heading-title elementor-size-default\">Art\u00edculos y rese\u00f1as de BlackBull Partners<\/h2>\t\t\t\t<\/div>\n\t\t\t\t<\/div>\n\t\t<div class=\"elementor-element elementor-element-a8dcb2f e-con-full e-flex e-con e-child\" data-id=\"a8dcb2f\" data-element_type=\"container\" data-e-type=\"container\" data-settings=\"{&quot;jet_parallax_layout_list&quot;:[]}\">\n\t\t\t\t<div class=\"elementor-element elementor-element-4ac44d15 link-text elementor-widget elementor-widget-text-editor\" data-id=\"4ac44d15\" data-element_type=\"widget\" data-e-type=\"widget\" data-widget_type=\"text-editor.default\">\n\t\t\t\t\t\t\t\t\t<p>T\u00f3mate unos minutos para leer el BlackBull Markets sitio web y ver\u00e1s r\u00e1pidamente que el contenido es una de las piedras angulares de nuestra estrategia de marketing. Queremos facilitarte la promoci\u00f3n de nuestra marca y que dediques tiempo a centrarte en el n\u00facleo de tu negocio, no a recrear contenidos, as\u00ed que hemos hecho todo el trabajo duro por ti. <\/p>\n\t\t\t\t\t\t\t\t<\/div>\n\t\t\t\t<\/div>\n\t\t\t\t\t<\/div>\n\t\t\t\t<\/div>\n\t\t<div class=\"elementor-element elementor-element-e795547 e-flex e-con-boxed e-con e-parent\" data-id=\"e795547\" data-element_type=\"container\" data-e-type=\"container\" data-settings=\"{&quot;jet_parallax_layout_list&quot;:[]}\">\n\t\t\t\t\t<div class=\"e-con-inner\">\n\t\t<div class=\"elementor-element elementor-element-0a40e89 e-flex e-con-boxed e-con e-child\" data-id=\"0a40e89\" data-element_type=\"container\" data-e-type=\"container\" data-settings=\"{&quot;jet_parallax_layout_list&quot;:[]}\">\n\t\t\t\t\t<div class=\"e-con-inner\">\n\t\t\t\t<div class=\"elementor-element elementor-element-e84e081 elementor-widget__width-initial elementor-widget elementor-widget-text-editor\" data-id=\"e84e081\" data-element_type=\"widget\" data-e-type=\"widget\" data-widget_type=\"text-editor.default\">\n\t\t\t\t\t\t\t\t\t<p>Los socios tienen acceso a una serie de art\u00edculos, incluido nuestro An\u00e1lisis de Mercado diario, que pueden utilizar en su canal (haciendo referencia al autor original, por supuesto) y es una forma estupenda de crear r\u00e1pidamente una audiencia en su propio canal. Trabajamos con una serie de editores l\u00edderes del sector en los que se distribuye nuestro contenido. Tambi\u00e9n producimos <a href=\"https:\/\/blackbull.com\/en\/education\"><span style=\"color: #2169fb;\">nuevos contenidos educativos<\/span><\/a> regularmente en todos los medios.  <\/p>\n\t\t\t\t\t\t\t\t<\/div>\n\t\t\t\t<div class=\"elementor-element elementor-element-a8637c0 elementor-widget__width-initial elementor-widget elementor-widget-image\" data-id=\"a8637c0\" data-element_type=\"widget\" data-e-type=\"widget\" data-widget_type=\"image.default\">\n\t\t\t\t\t\t\t\t\t\t\t\t\t\t\t<img fetchpriority=\"high\" decoding=\"async\" width=\"445\" height=\"262\" src=\"https:\/\/partners.blackbull.com\/wp-content\/uploads\/2023\/07\/review-image.jpg\" class=\"attachment-full size-full wp-image-12958\" alt=\"\" srcset=\"https:\/\/partners.blackbull.com\/wp-content\/uploads\/2023\/07\/review-image.jpg 445w, https:\/\/partners.blackbull.com\/wp-content\/uploads\/2023\/07\/review-image-300x177.jpg 300w\" sizes=\"(max-width: 445px) 100vw, 445px\" \/>\t\t\t\t\t\t\t\t\t\t\t\t\t\t\t<\/div>\n\t\t\t\t\t<\/div>\n\t\t\t\t<\/div>\n\t\t\t\t<div class=\"elementor-element elementor-element-957451f elementor-widget elementor-widget-text-editor\" data-id=\"957451f\" data-element_type=\"widget\" data-e-type=\"widget\" data-widget_type=\"text-editor.default\">\n\t\t\t\t\t\t\t\t\t<p>Con un equipo interno de asistencia dedicado, recibimos muchas rese\u00f1as y comentarios de alta calidad de los clientes que han sido una gran fuente de autenticidad y validaci\u00f3n social de la experiencia de usuario para nuestra marca. Estas opiniones verificadas son una gran herramienta de promoci\u00f3n de la marca que ponemos a disposici\u00f3n de nuestros socios. <\/p>\n\t\t\t\t\t\t\t\t<\/div>\n\t\t\t\t\t<\/div>\n\t\t\t\t<\/div>\n\t\t\t\t<\/div>\n\t\t","protected":false},"excerpt":{"rendered":"<p>Art\u00edculos y rese\u00f1as de BlackBull Partners T\u00f3mate unos minutos para leer el BlackBull Markets sitio web y ver\u00e1s r\u00e1pidamente que el contenido es una de las piedras angulares de nuestra estrategia de marketing. Queremos facilitarte la promoci\u00f3n de nuestra marca y que dediques tiempo a centrarte en el n\u00facleo de tu negocio, no a recrear [&hellip;]<\/p>\n","protected":false},"author":6,"featured_media":0,"parent":1476,"menu_order":2,"comment_status":"closed","ping_status":"closed","template":"elementor_header_footer","meta":{"inline_featured_image":false,"footnotes":""},"class_list":["post-17236","page","type-page","status-publish","hentry"],"yoast_head":"<!-- This site is optimized with the Yoast SEO plugin v27.3 - https:\/\/yoast.com\/product\/yoast-seo-wordpress\/ -->\n<title>Art\u00edculos y rese\u00f1as | BlackBull Partners%.<\/title>\n<meta name=\"description\" content=\"T\u00f3mate unos minutos para leer el BlackBull Markets sitio web y ver\u00e1s r\u00e1pidamente que el contenido es una de las piedras angulares de nuestra estrategia de marketing. Queremos facilitarte la promoci\u00f3n de nuestra marca y que dediques tiempo a centrarte en el n\u00facleo de tu negocio, no a recrear contenidos, as\u00ed que hemos hecho todo el trabajo duro por ti.\" \/>\n<meta name=\"robots\" content=\"index, follow, max-snippet:-1, max-image-preview:large, max-video-preview:-1\" \/>\n<link rel=\"canonical\" href=\"https:\/\/partners.blackbull.com\/es\/support\/resources\/marketing-materials\/articles-and-reviews\/\" \/>\n<meta property=\"og:locale\" content=\"es_ES\" \/>\n<meta property=\"og:type\" content=\"article\" \/>\n<meta property=\"og:title\" content=\"Art\u00edculos y rese\u00f1as | BlackBull Partners%.\" \/>\n<meta property=\"og:description\" content=\"T\u00f3mate unos minutos para leer el BlackBull Markets sitio web y ver\u00e1s r\u00e1pidamente que el contenido es una de las piedras angulares de nuestra estrategia de marketing. Queremos facilitarte la promoci\u00f3n de nuestra marca y que dediques tiempo a centrarte en el n\u00facleo de tu negocio, no a recrear contenidos, as\u00ed que hemos hecho todo el trabajo duro por ti.\" \/>\n<meta property=\"og:url\" content=\"https:\/\/partners.blackbull.com\/es\/support\/resources\/marketing-materials\/articles-and-reviews\/\" \/>\n<meta property=\"og:site_name\" content=\"BlackBull Partners\" \/>\n<meta property=\"article:modified_time\" content=\"2025-03-24T18:00:07+00:00\" \/>\n<meta property=\"og:image\" content=\"https:\/\/partners.blackbull.com\/wp-content\/uploads\/2023\/07\/review-image.jpg\" \/>\n\t<meta property=\"og:image:width\" content=\"445\" \/>\n\t<meta property=\"og:image:height\" content=\"262\" \/>\n\t<meta property=\"og:image:type\" content=\"image\/jpeg\" \/>\n<meta name=\"twitter:card\" content=\"summary_large_image\" \/>\n<meta name=\"twitter:label1\" content=\"Tiempo de lectura\" \/>\n\t<meta name=\"twitter:data1\" content=\"1 minuto\" \/>\n<script type=\"application\/ld+json\" class=\"yoast-schema-graph\">{\"@context\":\"https:\\\/\\\/schema.org\",\"@graph\":[{\"@type\":\"WebPage\",\"@id\":\"https:\\\/\\\/partners.blackbull.com\\\/es\\\/support\\\/resources\\\/marketing-materials\\\/articles-and-reviews\\\/\",\"url\":\"https:\\\/\\\/partners.blackbull.com\\\/es\\\/support\\\/resources\\\/marketing-materials\\\/articles-and-reviews\\\/\",\"name\":\"Art\u00edculos y rese\u00f1as | BlackBull Partners%.\",\"isPartOf\":{\"@id\":\"https:\\\/\\\/partners.blackbull.com\\\/es\\\/#website\"},\"primaryImageOfPage\":{\"@id\":\"https:\\\/\\\/partners.blackbull.com\\\/es\\\/support\\\/resources\\\/marketing-materials\\\/articles-and-reviews\\\/#primaryimage\"},\"image\":{\"@id\":\"https:\\\/\\\/partners.blackbull.com\\\/es\\\/support\\\/resources\\\/marketing-materials\\\/articles-and-reviews\\\/#primaryimage\"},\"thumbnailUrl\":\"https:\\\/\\\/partners.blackbull.com\\\/wp-content\\\/uploads\\\/2023\\\/07\\\/review-image.jpg\",\"datePublished\":\"2025-03-24T18:00:06+00:00\",\"dateModified\":\"2025-03-24T18:00:07+00:00\",\"description\":\"T\u00f3mate unos minutos para leer el BlackBull Markets sitio web y ver\u00e1s r\u00e1pidamente que el contenido es una de las piedras angulares de nuestra estrategia de marketing. Queremos facilitarte la promoci\u00f3n de nuestra marca y que dediques tiempo a centrarte en el n\u00facleo de tu negocio, no a recrear contenidos, as\u00ed que hemos hecho todo el trabajo duro por ti.\",\"breadcrumb\":{\"@id\":\"https:\\\/\\\/partners.blackbull.com\\\/es\\\/support\\\/resources\\\/marketing-materials\\\/articles-and-reviews\\\/#breadcrumb\"},\"inLanguage\":\"es\",\"potentialAction\":[{\"@type\":\"ReadAction\",\"target\":[\"https:\\\/\\\/partners.blackbull.com\\\/es\\\/support\\\/resources\\\/marketing-materials\\\/articles-and-reviews\\\/\"]}]},{\"@type\":\"ImageObject\",\"inLanguage\":\"es\",\"@id\":\"https:\\\/\\\/partners.blackbull.com\\\/es\\\/support\\\/resources\\\/marketing-materials\\\/articles-and-reviews\\\/#primaryimage\",\"url\":\"https:\\\/\\\/partners.blackbull.com\\\/wp-content\\\/uploads\\\/2023\\\/07\\\/review-image.jpg\",\"contentUrl\":\"https:\\\/\\\/partners.blackbull.com\\\/wp-content\\\/uploads\\\/2023\\\/07\\\/review-image.jpg\"},{\"@type\":\"BreadcrumbList\",\"@id\":\"https:\\\/\\\/partners.blackbull.com\\\/es\\\/support\\\/resources\\\/marketing-materials\\\/articles-and-reviews\\\/#breadcrumb\",\"itemListElement\":[{\"@type\":\"ListItem\",\"position\":1,\"name\":\"Home\",\"item\":\"https:\\\/\\\/partners.blackbull.com\\\/es\\\/home-new\\\/\"},{\"@type\":\"ListItem\",\"position\":2,\"name\":\"Ayuda\",\"item\":\"https:\\\/\\\/partners.blackbull.com\\\/es\\\/ayuda\\\/\"},{\"@type\":\"ListItem\",\"position\":3,\"name\":\"Recursos\",\"item\":\"https:\\\/\\\/partners.blackbull.com\\\/es\\\/ayuda\\\/recursos\\\/\"},{\"@type\":\"ListItem\",\"position\":4,\"name\":\"Material de marketing\",\"item\":\"https:\\\/\\\/partners.blackbull.com\\\/es\\\/ayuda\\\/recursos\\\/herramientas-de-marketing\\\/\"},{\"@type\":\"ListItem\",\"position\":5,\"name\":\"Art\u00edculos y rese\u00f1as\"}]},{\"@type\":\"WebSite\",\"@id\":\"https:\\\/\\\/partners.blackbull.com\\\/es\\\/#website\",\"url\":\"https:\\\/\\\/partners.blackbull.com\\\/es\\\/\",\"name\":\"BlackBull Partners\",\"description\":\"BlackBull Affiliates is the partner referral program of BlackBull Markets, a top-tier, award-winning, and multi-regulated forex broker.\",\"publisher\":{\"@id\":\"https:\\\/\\\/partners.blackbull.com\\\/es\\\/#organization\"},\"potentialAction\":[{\"@type\":\"SearchAction\",\"target\":{\"@type\":\"EntryPoint\",\"urlTemplate\":\"https:\\\/\\\/partners.blackbull.com\\\/es\\\/?s={search_term_string}\"},\"query-input\":{\"@type\":\"PropertyValueSpecification\",\"valueRequired\":true,\"valueName\":\"search_term_string\"}}],\"inLanguage\":\"es\"},{\"@type\":\"Organization\",\"@id\":\"https:\\\/\\\/partners.blackbull.com\\\/es\\\/#organization\",\"name\":\"BlackBull Partners\",\"url\":\"https:\\\/\\\/partners.blackbull.com\\\/es\\\/\",\"logo\":{\"@type\":\"ImageObject\",\"inLanguage\":\"es\",\"@id\":\"https:\\\/\\\/partners.blackbull.com\\\/es\\\/#\\\/schema\\\/logo\\\/image\\\/\",\"url\":\"https:\\\/\\\/partners.blackbull.com\\\/wp-content\\\/uploads\\\/2022\\\/03\\\/BBMPartnerslogo_blue.svg\",\"contentUrl\":\"https:\\\/\\\/partners.blackbull.com\\\/wp-content\\\/uploads\\\/2022\\\/03\\\/BBMPartnerslogo_blue.svg\",\"width\":981,\"height\":279,\"caption\":\"BlackBull Partners\"},\"image\":{\"@id\":\"https:\\\/\\\/partners.blackbull.com\\\/es\\\/#\\\/schema\\\/logo\\\/image\\\/\"}}]}<\/script>\n<!-- \/ Yoast SEO plugin. -->","yoast_head_json":{"title":"Art\u00edculos y rese\u00f1as | BlackBull Partners%.","description":"T\u00f3mate unos minutos para leer el BlackBull Markets sitio web y ver\u00e1s r\u00e1pidamente que el contenido es una de las piedras angulares de nuestra estrategia de marketing. Queremos facilitarte la promoci\u00f3n de nuestra marca y que dediques tiempo a centrarte en el n\u00facleo de tu negocio, no a recrear contenidos, as\u00ed que hemos hecho todo el trabajo duro por ti.","robots":{"index":"index","follow":"follow","max-snippet":"max-snippet:-1","max-image-preview":"max-image-preview:large","max-video-preview":"max-video-preview:-1"},"canonical":"https:\/\/partners.blackbull.com\/es\/support\/resources\/marketing-materials\/articles-and-reviews\/","og_locale":"es_ES","og_type":"article","og_title":"Art\u00edculos y rese\u00f1as | BlackBull Partners%.","og_description":"T\u00f3mate unos minutos para leer el BlackBull Markets sitio web y ver\u00e1s r\u00e1pidamente que el contenido es una de las piedras angulares de nuestra estrategia de marketing. Queremos facilitarte la promoci\u00f3n de nuestra marca y que dediques tiempo a centrarte en el n\u00facleo de tu negocio, no a recrear contenidos, as\u00ed que hemos hecho todo el trabajo duro por ti.","og_url":"https:\/\/partners.blackbull.com\/es\/support\/resources\/marketing-materials\/articles-and-reviews\/","og_site_name":"BlackBull Partners","article_modified_time":"2025-03-24T18:00:07+00:00","og_image":[{"width":445,"height":262,"url":"https:\/\/partners.blackbull.com\/wp-content\/uploads\/2023\/07\/review-image.jpg","type":"image\/jpeg"}],"twitter_card":"summary_large_image","twitter_misc":{"Tiempo de lectura":"1 minuto"},"schema":{"@context":"https:\/\/schema.org","@graph":[{"@type":"WebPage","@id":"https:\/\/partners.blackbull.com\/es\/support\/resources\/marketing-materials\/articles-and-reviews\/","url":"https:\/\/partners.blackbull.com\/es\/support\/resources\/marketing-materials\/articles-and-reviews\/","name":"Art\u00edculos y rese\u00f1as | BlackBull Partners%.","isPartOf":{"@id":"https:\/\/partners.blackbull.com\/es\/#website"},"primaryImageOfPage":{"@id":"https:\/\/partners.blackbull.com\/es\/support\/resources\/marketing-materials\/articles-and-reviews\/#primaryimage"},"image":{"@id":"https:\/\/partners.blackbull.com\/es\/support\/resources\/marketing-materials\/articles-and-reviews\/#primaryimage"},"thumbnailUrl":"https:\/\/partners.blackbull.com\/wp-content\/uploads\/2023\/07\/review-image.jpg","datePublished":"2025-03-24T18:00:06+00:00","dateModified":"2025-03-24T18:00:07+00:00","description":"T\u00f3mate unos minutos para leer el BlackBull Markets sitio web y ver\u00e1s r\u00e1pidamente que el contenido es una de las piedras angulares de nuestra estrategia de marketing. Queremos facilitarte la promoci\u00f3n de nuestra marca y que dediques tiempo a centrarte en el n\u00facleo de tu negocio, no a recrear contenidos, as\u00ed que hemos hecho todo el trabajo duro por ti.","breadcrumb":{"@id":"https:\/\/partners.blackbull.com\/es\/support\/resources\/marketing-materials\/articles-and-reviews\/#breadcrumb"},"inLanguage":"es","potentialAction":[{"@type":"ReadAction","target":["https:\/\/partners.blackbull.com\/es\/support\/resources\/marketing-materials\/articles-and-reviews\/"]}]},{"@type":"ImageObject","inLanguage":"es","@id":"https:\/\/partners.blackbull.com\/es\/support\/resources\/marketing-materials\/articles-and-reviews\/#primaryimage","url":"https:\/\/partners.blackbull.com\/wp-content\/uploads\/2023\/07\/review-image.jpg","contentUrl":"https:\/\/partners.blackbull.com\/wp-content\/uploads\/2023\/07\/review-image.jpg"},{"@type":"BreadcrumbList","@id":"https:\/\/partners.blackbull.com\/es\/support\/resources\/marketing-materials\/articles-and-reviews\/#breadcrumb","itemListElement":[{"@type":"ListItem","position":1,"name":"Home","item":"https:\/\/partners.blackbull.com\/es\/home-new\/"},{"@type":"ListItem","position":2,"name":"Ayuda","item":"https:\/\/partners.blackbull.com\/es\/ayuda\/"},{"@type":"ListItem","position":3,"name":"Recursos","item":"https:\/\/partners.blackbull.com\/es\/ayuda\/recursos\/"},{"@type":"ListItem","position":4,"name":"Material de marketing","item":"https:\/\/partners.blackbull.com\/es\/ayuda\/recursos\/herramientas-de-marketing\/"},{"@type":"ListItem","position":5,"name":"Art\u00edculos y rese\u00f1as"}]},{"@type":"WebSite","@id":"https:\/\/partners.blackbull.com\/es\/#website","url":"https:\/\/partners.blackbull.com\/es\/","name":"BlackBull Partners","description":"BlackBull Affiliates is the partner referral program of BlackBull Markets, a top-tier, award-winning, and multi-regulated forex broker.","publisher":{"@id":"https:\/\/partners.blackbull.com\/es\/#organization"},"potentialAction":[{"@type":"SearchAction","target":{"@type":"EntryPoint","urlTemplate":"https:\/\/partners.blackbull.com\/es\/?s={search_term_string}"},"query-input":{"@type":"PropertyValueSpecification","valueRequired":true,"valueName":"search_term_string"}}],"inLanguage":"es"},{"@type":"Organization","@id":"https:\/\/partners.blackbull.com\/es\/#organization","name":"BlackBull Partners","url":"https:\/\/partners.blackbull.com\/es\/","logo":{"@type":"ImageObject","inLanguage":"es","@id":"https:\/\/partners.blackbull.com\/es\/#\/schema\/logo\/image\/","url":"https:\/\/partners.blackbull.com\/wp-content\/uploads\/2022\/03\/BBMPartnerslogo_blue.svg","contentUrl":"https:\/\/partners.blackbull.com\/wp-content\/uploads\/2022\/03\/BBMPartnerslogo_blue.svg","width":981,"height":279,"caption":"BlackBull Partners"},"image":{"@id":"https:\/\/partners.blackbull.com\/es\/#\/schema\/logo\/image\/"}}]}},"_links":{"self":[{"href":"https:\/\/partners.blackbull.com\/es\/wp-json\/wp\/v2\/pages\/17236","targetHints":{"allow":["GET"]}}],"collection":[{"href":"https:\/\/partners.blackbull.com\/es\/wp-json\/wp\/v2\/pages"}],"about":[{"href":"https:\/\/partners.blackbull.com\/es\/wp-json\/wp\/v2\/types\/page"}],"author":[{"embeddable":true,"href":"https:\/\/partners.blackbull.com\/es\/wp-json\/wp\/v2\/users\/6"}],"replies":[{"embeddable":true,"href":"https:\/\/partners.blackbull.com\/es\/wp-json\/wp\/v2\/comments?post=17236"}],"version-history":[{"count":1,"href":"https:\/\/partners.blackbull.com\/es\/wp-json\/wp\/v2\/pages\/17236\/revisions"}],"predecessor-version":[{"id":17237,"href":"https:\/\/partners.blackbull.com\/es\/wp-json\/wp\/v2\/pages\/17236\/revisions\/17237"}],"up":[{"embeddable":true,"href":"https:\/\/partners.blackbull.com\/es\/wp-json\/wp\/v2\/pages\/1476"}],"wp:attachment":[{"href":"https:\/\/partners.blackbull.com\/es\/wp-json\/wp\/v2\/media?parent=17236"}],"curies":[{"name":"wp","href":"https:\/\/api.w.org\/{rel}","templated":true}]}}