{"id":17238,"date":"2025-03-25T07:00:09","date_gmt":"2025-03-24T18:00:09","guid":{"rendered":"https:\/\/partners.blackbull.com\/influenciadores\/tipos-de-socios\/estilo-de-vida-y-redes-sociales\/microinfluenciadores\/"},"modified":"2025-03-25T07:00:15","modified_gmt":"2025-03-24T18:00:15","slug":"micro-influencers","status":"publish","type":"page","link":"https:\/\/partners.blackbull.com\/es\/influencers\/partner-types\/lifestyle-social-media\/micro-influencers\/","title":{"rendered":"Microinfluenciadores"},"content":{"rendered":"\t\t<div data-elementor-type=\"wp-page\" data-elementor-id=\"17238\" class=\"elementor elementor-17238 elementor-4682\" data-elementor-post-type=\"page\">\n\t\t\t\t<div class=\"elementor-element elementor-element-6f310968 e-flex e-con-boxed e-con e-parent\" data-id=\"6f310968\" data-element_type=\"container\" data-e-type=\"container\" data-settings=\"{&quot;background_background&quot;:&quot;classic&quot;,&quot;jet_parallax_layout_list&quot;:[]}\">\n\t\t\t\t\t<div class=\"e-con-inner\">\n\t\t\t\t<div class=\"elementor-element elementor-element-41eef92c elementor-widget elementor-widget-breadcrumbs\" data-id=\"41eef92c\" data-element_type=\"widget\" data-e-type=\"widget\" data-widget_type=\"breadcrumbs.default\">\n\t\t\t\t\t<p id=\"breadcrumbs\"><span><span><a href=\"https:\/\/partners.blackbull.com\/es\/home-new\/\">Home<\/a><\/span><\/span><\/p>\t\t\t\t<\/div>\n\t\t\t\t\t<\/div>\n\t\t\t\t<\/div>\n\t\t<div class=\"elementor-element elementor-element-5117ff27 e-flex e-con-boxed e-con e-parent\" data-id=\"5117ff27\" data-element_type=\"container\" data-e-type=\"container\" data-settings=\"{&quot;background_background&quot;:&quot;classic&quot;,&quot;jet_parallax_layout_list&quot;:[]}\">\n\t\t\t\t\t<div class=\"e-con-inner\">\n\t\t<div class=\"elementor-element elementor-element-5c6cbff4 e-con-full e-flex e-con e-parent\" data-id=\"5c6cbff4\" data-element_type=\"container\" data-e-type=\"container\" data-settings=\"{&quot;background_background&quot;:&quot;classic&quot;,&quot;jet_parallax_layout_list&quot;:[]}\">\n\t\t\t\t<div class=\"elementor-element elementor-element-4e95d743 elementor-widget__width-initial elementor-widget elementor-widget-heading\" data-id=\"4e95d743\" data-element_type=\"widget\" data-e-type=\"widget\" data-widget_type=\"heading.default\">\n\t\t\t\t\t<h2 class=\"elementor-heading-title elementor-size-default\">Microinfluenciadores<\/h2>\t\t\t\t<\/div>\n\t\t\t\t<\/div>\n\t\t<div class=\"elementor-element elementor-element-183af309 e-con-full e-flex e-con e-parent\" data-id=\"183af309\" data-element_type=\"container\" data-e-type=\"container\" data-settings=\"{&quot;jet_parallax_layout_list&quot;:[]}\">\n\t\t\t\t<div class=\"elementor-element elementor-element-361fef20 link-text elementor-widget elementor-widget-text-editor\" data-id=\"361fef20\" data-element_type=\"widget\" data-e-type=\"widget\" data-widget_type=\"text-editor.default\">\n\t\t\t\t\t\t\t\t\t<p>Los microinfluenciadores de BlackBull Partners son usuarios de las redes sociales que tienen menos seguidores que los influenciadores tradicionales, normalmente entre 1.000 y 100.000 seguidores. Aunque no tengan las audiencias masivas de los grandes influyentes, nuestros microinfluyentes suelen tener seguidores m\u00e1s espec\u00edficos y comprometidos. <\/p>\n\t\t\t\t\t\t\t\t<\/div>\n\t\t\t\t<\/div>\n\t\t\t\t\t<\/div>\n\t\t\t\t<\/div>\n\t\t<div class=\"elementor-element elementor-element-6f9eeee e-flex e-con-boxed e-con e-parent\" data-id=\"6f9eeee\" data-element_type=\"container\" data-e-type=\"container\" data-settings=\"{&quot;jet_parallax_layout_list&quot;:[]}\">\n\t\t\t\t\t<div class=\"e-con-inner\">\n\t\t<div class=\"elementor-element elementor-element-9312170 e-flex e-con-boxed e-con e-parent\" data-id=\"9312170\" data-element_type=\"container\" data-e-type=\"container\" data-settings=\"{&quot;jet_parallax_layout_list&quot;:[]}\">\n\t\t\t\t\t<div class=\"e-con-inner\">\n\t\t\t\t<div class=\"elementor-element elementor-element-4861474 elementor-widget__width-initial elementor-widget elementor-widget-image\" data-id=\"4861474\" data-element_type=\"widget\" data-e-type=\"widget\" data-widget_type=\"image.default\">\n\t\t\t\t\t\t\t\t\t\t\t\t\t\t\t<img fetchpriority=\"high\" decoding=\"async\" width=\"500\" height=\"329\" src=\"https:\/\/partners.blackbull.com\/wp-content\/uploads\/2023\/07\/micro.png\" class=\"attachment-full size-full wp-image-13114\" alt=\"\" srcset=\"https:\/\/partners.blackbull.com\/wp-content\/uploads\/2023\/07\/micro.png 500w, https:\/\/partners.blackbull.com\/wp-content\/uploads\/2023\/07\/micro-300x197.png 300w\" sizes=\"(max-width: 500px) 100vw, 500px\" \/>\t\t\t\t\t\t\t\t\t\t\t\t\t\t\t<\/div>\n\t\t\t\t<div class=\"elementor-element elementor-element-e33e927 elementor-widget__width-initial elementor-widget elementor-widget-text-editor\" data-id=\"e33e927\" data-element_type=\"widget\" data-e-type=\"widget\" data-widget_type=\"text-editor.default\">\n\t\t\t\t\t\t\t\t\t<p>Los microinfluenciadores suelen estar m\u00e1s orientados a un nicho concreto, e incluso se centran en estrategias de trading o inversi\u00f3n muy espec\u00edficas, o en mercados concretos basados en el sector o la geograf\u00eda. Tienen un \u00e1rea de especializaci\u00f3n m\u00e1s espec\u00edfica, lo que puede ayudarles a conseguir seguidores fieles y comprometidos, y suele traducirse en mayores tasas de suscripci\u00f3n a BlackBull. Suelen centrarse en un tema o sector concreto, como la tecnolog\u00eda, los viajes, los productos farmac\u00e9uticos, etc.  <\/p>\n\t\t\t\t\t\t\t\t<\/div>\n\t\t\t\t\t<\/div>\n\t\t\t\t<\/div>\n\t\t\t\t<div class=\"elementor-element elementor-element-af9a35d elementor-widget elementor-widget-heading\" data-id=\"af9a35d\" data-element_type=\"widget\" data-e-type=\"widget\" data-widget_type=\"heading.default\">\n\t\t\t\t\t<h4 class=\"elementor-heading-title elementor-size-default\">Para los microinfluenciadores, conseguir un patrocinio con BlackBull Partners puede tener varias ventajas:<\/h4>\t\t\t\t<\/div>\n\t\t<div class=\"elementor-element elementor-element-1a7b256 e-flex e-con-boxed e-con e-parent\" data-id=\"1a7b256\" data-element_type=\"container\" data-e-type=\"container\" data-settings=\"{&quot;jet_parallax_layout_list&quot;:[]}\">\n\t\t\t\t\t<div class=\"e-con-inner\">\n\t\t\t\t<div class=\"elementor-element elementor-element-bda7696 elementor-position-left elementor-widget__width-initial elementor-vertical-align-top elementor-widget elementor-widget-image-box\" data-id=\"bda7696\" data-element_type=\"widget\" data-e-type=\"widget\" data-widget_type=\"image-box.default\">\n\t\t\t\t\t<div class=\"elementor-image-box-wrapper\"><figure class=\"elementor-image-box-img\"><img decoding=\"async\" width=\"35\" height=\"35\" src=\"https:\/\/partners.blackbull.com\/wp-content\/uploads\/2023\/07\/ul-big-icon.svg\" class=\"attachment-full size-full wp-image-12322\" alt=\"\" \/><\/figure><div class=\"elementor-image-box-content\"><p class=\"elementor-image-box-description\">Una de las principales ventajas de conseguir el patrocinio de un influencer con BlackBull Partners son los ingresos adicionales que puede generar. Los microinfluenciadores pueden rentabilizar su presencia en las redes sociales asoci\u00e1ndose con marcas y promocionando sus productos o servicios. <\/p><\/div><\/div>\t\t\t\t<\/div>\n\t\t\t\t<div class=\"elementor-element elementor-element-4b65aa4 elementor-position-left elementor-widget__width-initial elementor-vertical-align-top elementor-widget elementor-widget-image-box\" data-id=\"4b65aa4\" data-element_type=\"widget\" data-e-type=\"widget\" data-widget_type=\"image-box.default\">\n\t\t\t\t\t<div class=\"elementor-image-box-wrapper\"><figure class=\"elementor-image-box-img\"><img decoding=\"async\" width=\"35\" height=\"35\" src=\"https:\/\/partners.blackbull.com\/wp-content\/uploads\/2023\/07\/ul-big-icon.svg\" class=\"attachment-full size-full wp-image-12322\" alt=\"\" \/><\/figure><div class=\"elementor-image-box-content\"><p class=\"elementor-image-box-description\">Asociarse con BlackBull Partners ayuda a los microinfluenciadores a aumentar su visibilidad y llegar a un p\u00fablico m\u00e1s amplio. Esto puede ayudarles a aumentar su n\u00famero de seguidores y conseguir una mayor exposici\u00f3n de su contenido. <\/p><\/div><\/div>\t\t\t\t<\/div>\n\t\t\t\t\t<\/div>\n\t\t\t\t<\/div>\n\t\t<div class=\"elementor-element elementor-element-29123df e-flex e-con-boxed e-con e-parent\" data-id=\"29123df\" data-element_type=\"container\" data-e-type=\"container\" data-settings=\"{&quot;jet_parallax_layout_list&quot;:[]}\">\n\t\t\t\t\t<div class=\"e-con-inner\">\n\t\t\t\t<div class=\"elementor-element elementor-element-6eacbe5 elementor-position-left elementor-widget__width-initial elementor-vertical-align-top elementor-widget elementor-widget-image-box\" data-id=\"6eacbe5\" data-element_type=\"widget\" data-e-type=\"widget\" data-widget_type=\"image-box.default\">\n\t\t\t\t\t<div class=\"elementor-image-box-wrapper\"><figure class=\"elementor-image-box-img\"><img decoding=\"async\" width=\"35\" height=\"35\" src=\"https:\/\/partners.blackbull.com\/wp-content\/uploads\/2023\/07\/ul-big-icon.svg\" class=\"attachment-full size-full wp-image-12322\" alt=\"\" \/><\/figure><div class=\"elementor-image-box-content\"><p class=\"elementor-image-box-description\">Colaborar con los socios de BlackBull tambi\u00e9n puede proporcionar a los microinfluenciadores una valiosa experiencia y habilidades que pueden ayudarles a crecer profesionalmente. Pueden aprender m\u00e1s sobre branding, marketing y gesti\u00f3n de redes sociales, lo que puede ayudarles en sus proyectos futuros. <\/p><\/div><\/div>\t\t\t\t<\/div>\n\t\t\t\t<div class=\"elementor-element elementor-element-95904fa elementor-position-left elementor-widget__width-initial elementor-vertical-align-top elementor-widget elementor-widget-image-box\" data-id=\"95904fa\" data-element_type=\"widget\" data-e-type=\"widget\" data-widget_type=\"image-box.default\">\n\t\t\t\t\t<div class=\"elementor-image-box-wrapper\"><figure class=\"elementor-image-box-img\"><img decoding=\"async\" width=\"35\" height=\"35\" src=\"https:\/\/partners.blackbull.com\/wp-content\/uploads\/2023\/07\/ul-big-icon.svg\" class=\"attachment-full size-full wp-image-12322\" alt=\"\" \/><\/figure><div class=\"elementor-image-box-content\"><p class=\"elementor-image-box-description\">Asociarse con BlackBull Partners tambi\u00e9n puede abrir nuevas oportunidades para los microinfluencers, como invitaciones a eventos, colaboraciones con otros influencers o la posibilidad de trabajar con otras marcas en el futuro.<\/p><\/div><\/div>\t\t\t\t<\/div>\n\t\t\t\t\t<\/div>\n\t\t\t\t<\/div>\n\t\t<div class=\"elementor-element elementor-element-1f694e9 e-flex e-con-boxed e-con e-parent\" data-id=\"1f694e9\" data-element_type=\"container\" data-e-type=\"container\" data-settings=\"{&quot;jet_parallax_layout_list&quot;:[]}\">\n\t\t\t\t\t<div class=\"e-con-inner\">\n\t\t\t\t<div class=\"elementor-element elementor-element-5c87567 elementor-position-left elementor-widget__width-initial elementor-vertical-align-top elementor-widget elementor-widget-image-box\" data-id=\"5c87567\" data-element_type=\"widget\" data-e-type=\"widget\" data-widget_type=\"image-box.default\">\n\t\t\t\t\t<div class=\"elementor-image-box-wrapper\"><figure class=\"elementor-image-box-img\"><img decoding=\"async\" width=\"35\" height=\"35\" src=\"https:\/\/partners.blackbull.com\/wp-content\/uploads\/2023\/07\/ul-big-icon.svg\" class=\"attachment-full size-full wp-image-12322\" alt=\"\" \/><\/figure><div class=\"elementor-image-box-content\"><p class=\"elementor-image-box-description\">Cuando un microinfluencer se asocia con una empresa de renombre como BlackBull Partners, puede aumentar su credibilidad y reputaci\u00f3n en su campo. Esto puede ayudarles a establecerse como expertos y l\u00edderes de opini\u00f3n en su nicho. <\/p><\/div><\/div>\t\t\t\t<\/div>\n\t\t\t\t\t<\/div>\n\t\t\t\t<\/div>\n\t\t\t\t<div class=\"elementor-element elementor-element-c62dfbc elementor-widget elementor-widget-text-editor\" data-id=\"c62dfbc\" data-element_type=\"widget\" data-e-type=\"widget\" data-widget_type=\"text-editor.default\">\n\t\t\t\t\t\t\t\t\t<p>Si eres un micro-influencer y te gustar\u00eda descubrir c\u00f3mo puedes generar ingresos adicionales, aumentar tu visibilidad y credibilidad, y adquirir una valiosa experiencia y oportunidades de crecimiento profesional, entonces <a href=\"https:\/\/secure.blackbull.com\/auth\/register-partners\"><span style=\"color: #2169fb;\">reg\u00edstrate en BlackBull Partners hoy mismo<\/span><\/a>.<\/p>\n\t\t\t\t\t\t\t\t<\/div>\n\t\t\t\t\t<\/div>\n\t\t\t\t<\/div>\n\t\t\t\t<\/div>\n\t\t","protected":false},"excerpt":{"rendered":"<p>Microinfluenciadores Los microinfluenciadores de BlackBull Partners son usuarios de las redes sociales que tienen menos seguidores que los influenciadores tradicionales, normalmente entre 1.000 y 100.000 seguidores. Aunque no tengan las audiencias masivas de los grandes influyentes, nuestros microinfluyentes suelen tener seguidores m\u00e1s espec\u00edficos y comprometidos. Los microinfluenciadores suelen estar m\u00e1s orientados a un nicho concreto, [&hellip;]<\/p>\n","protected":false},"author":6,"featured_media":0,"parent":17216,"menu_order":2,"comment_status":"closed","ping_status":"closed","template":"elementor_header_footer","meta":{"inline_featured_image":false,"footnotes":""},"class_list":["post-17238","page","type-page","status-publish","hentry"],"yoast_head":"<!-- This site is optimized with the Yoast SEO plugin v27.5 - https:\/\/yoast.com\/product\/yoast-seo-wordpress\/ -->\n<title>Microinfluenciadores | BlackBull Partners<\/title>\n<meta name=\"robots\" content=\"index, follow, max-snippet:-1, max-image-preview:large, max-video-preview:-1\" \/>\n<link rel=\"canonical\" href=\"https:\/\/partners.blackbull.com\/es\/influencers\/partner-types\/lifestyle-social-media\/micro-influencers\/\" \/>\n<meta property=\"og:locale\" content=\"es_ES\" \/>\n<meta property=\"og:type\" content=\"article\" \/>\n<meta property=\"og:title\" content=\"Microinfluenciadores | BlackBull Partners\" \/>\n<meta property=\"og:description\" content=\"Microinfluenciadores Los microinfluenciadores de BlackBull Partners son usuarios de las redes sociales que tienen menos seguidores que los influenciadores tradicionales, normalmente entre 1.000 y 100.000 seguidores. Aunque no tengan las audiencias masivas de los grandes influyentes, nuestros microinfluyentes suelen tener seguidores m\u00e1s espec\u00edficos y comprometidos. Los microinfluenciadores suelen estar m\u00e1s orientados a un nicho concreto, [&hellip;]\" \/>\n<meta property=\"og:url\" content=\"https:\/\/partners.blackbull.com\/es\/influencers\/partner-types\/lifestyle-social-media\/micro-influencers\/\" \/>\n<meta property=\"og:site_name\" content=\"BlackBull Partners\" \/>\n<meta property=\"article:modified_time\" content=\"2025-03-24T18:00:15+00:00\" \/>\n<meta property=\"og:image\" content=\"https:\/\/partners.blackbull.com\/wp-content\/uploads\/2023\/07\/micro.png\" \/>\n\t<meta property=\"og:image:width\" content=\"500\" \/>\n\t<meta property=\"og:image:height\" content=\"329\" \/>\n\t<meta property=\"og:image:type\" content=\"image\/png\" \/>\n<meta name=\"twitter:card\" content=\"summary_large_image\" \/>\n<meta name=\"twitter:label1\" content=\"Tiempo de lectura\" \/>\n\t<meta name=\"twitter:data1\" content=\"2 minutos\" \/>\n<script type=\"application\/ld+json\" class=\"yoast-schema-graph\">{\"@context\":\"https:\\\/\\\/schema.org\",\"@graph\":[{\"@type\":\"WebPage\",\"@id\":\"https:\\\/\\\/partners.blackbull.com\\\/es\\\/influencers\\\/partner-types\\\/lifestyle-social-media\\\/micro-influencers\\\/\",\"url\":\"https:\\\/\\\/partners.blackbull.com\\\/es\\\/influencers\\\/partner-types\\\/lifestyle-social-media\\\/micro-influencers\\\/\",\"name\":\"Microinfluenciadores | BlackBull Partners\",\"isPartOf\":{\"@id\":\"https:\\\/\\\/partners.blackbull.com\\\/es\\\/#website\"},\"primaryImageOfPage\":{\"@id\":\"https:\\\/\\\/partners.blackbull.com\\\/es\\\/influencers\\\/partner-types\\\/lifestyle-social-media\\\/micro-influencers\\\/#primaryimage\"},\"image\":{\"@id\":\"https:\\\/\\\/partners.blackbull.com\\\/es\\\/influencers\\\/partner-types\\\/lifestyle-social-media\\\/micro-influencers\\\/#primaryimage\"},\"thumbnailUrl\":\"https:\\\/\\\/partners.blackbull.com\\\/wp-content\\\/uploads\\\/2023\\\/07\\\/micro.png\",\"datePublished\":\"2025-03-24T18:00:09+00:00\",\"dateModified\":\"2025-03-24T18:00:15+00:00\",\"breadcrumb\":{\"@id\":\"https:\\\/\\\/partners.blackbull.com\\\/es\\\/influencers\\\/partner-types\\\/lifestyle-social-media\\\/micro-influencers\\\/#breadcrumb\"},\"inLanguage\":\"es\",\"potentialAction\":[{\"@type\":\"ReadAction\",\"target\":[\"https:\\\/\\\/partners.blackbull.com\\\/es\\\/influencers\\\/partner-types\\\/lifestyle-social-media\\\/micro-influencers\\\/\"]}]},{\"@type\":\"ImageObject\",\"inLanguage\":\"es\",\"@id\":\"https:\\\/\\\/partners.blackbull.com\\\/es\\\/influencers\\\/partner-types\\\/lifestyle-social-media\\\/micro-influencers\\\/#primaryimage\",\"url\":\"https:\\\/\\\/partners.blackbull.com\\\/wp-content\\\/uploads\\\/2023\\\/07\\\/micro.png\",\"contentUrl\":\"https:\\\/\\\/partners.blackbull.com\\\/wp-content\\\/uploads\\\/2023\\\/07\\\/micro.png\"},{\"@type\":\"BreadcrumbList\",\"@id\":\"https:\\\/\\\/partners.blackbull.com\\\/es\\\/influencers\\\/partner-types\\\/lifestyle-social-media\\\/micro-influencers\\\/#breadcrumb\",\"itemListElement\":[{\"@type\":\"ListItem\",\"position\":1,\"name\":\"Home\",\"item\":\"https:\\\/\\\/partners.blackbull.com\\\/es\\\/home-new\\\/\"},{\"@type\":\"ListItem\",\"position\":2,\"name\":\"Influenciadores\",\"item\":\"https:\\\/\\\/partners.blackbull.com\\\/es\\\/influenciadores\\\/\"},{\"@type\":\"ListItem\",\"position\":3,\"name\":\"Tipos de socios\",\"item\":\"https:\\\/\\\/partners.blackbull.com\\\/es\\\/influenciadores\\\/tipos-de-socios\\\/\"},{\"@type\":\"ListItem\",\"position\":4,\"name\":\"Estilo de vida y redes sociales\",\"item\":\"https:\\\/\\\/partners.blackbull.com\\\/es\\\/influenciadores\\\/tipos-de-socios\\\/estilo-de-vida-y-redes-sociales\\\/\"},{\"@type\":\"ListItem\",\"position\":5,\"name\":\"Microinfluenciadores\"}]},{\"@type\":\"WebSite\",\"@id\":\"https:\\\/\\\/partners.blackbull.com\\\/es\\\/#website\",\"url\":\"https:\\\/\\\/partners.blackbull.com\\\/es\\\/\",\"name\":\"BlackBull Partners\",\"description\":\"BlackBull Affiliates is the partner referral program of BlackBull Markets, a top-tier, award-winning, and multi-regulated forex broker.\",\"publisher\":{\"@id\":\"https:\\\/\\\/partners.blackbull.com\\\/es\\\/#organization\"},\"potentialAction\":[{\"@type\":\"SearchAction\",\"target\":{\"@type\":\"EntryPoint\",\"urlTemplate\":\"https:\\\/\\\/partners.blackbull.com\\\/es\\\/?s={search_term_string}\"},\"query-input\":{\"@type\":\"PropertyValueSpecification\",\"valueRequired\":true,\"valueName\":\"search_term_string\"}}],\"inLanguage\":\"es\"},{\"@type\":\"Organization\",\"@id\":\"https:\\\/\\\/partners.blackbull.com\\\/es\\\/#organization\",\"name\":\"BlackBull Partners\",\"url\":\"https:\\\/\\\/partners.blackbull.com\\\/es\\\/\",\"logo\":{\"@type\":\"ImageObject\",\"inLanguage\":\"es\",\"@id\":\"https:\\\/\\\/partners.blackbull.com\\\/es\\\/#\\\/schema\\\/logo\\\/image\\\/\",\"url\":\"https:\\\/\\\/partners.blackbull.com\\\/wp-content\\\/uploads\\\/2022\\\/03\\\/BBMPartnerslogo_blue.svg\",\"contentUrl\":\"https:\\\/\\\/partners.blackbull.com\\\/wp-content\\\/uploads\\\/2022\\\/03\\\/BBMPartnerslogo_blue.svg\",\"width\":981,\"height\":279,\"caption\":\"BlackBull Partners\"},\"image\":{\"@id\":\"https:\\\/\\\/partners.blackbull.com\\\/es\\\/#\\\/schema\\\/logo\\\/image\\\/\"}}]}<\/script>\n<!-- \/ Yoast SEO plugin. -->","yoast_head_json":{"title":"Microinfluenciadores | BlackBull Partners","robots":{"index":"index","follow":"follow","max-snippet":"max-snippet:-1","max-image-preview":"max-image-preview:large","max-video-preview":"max-video-preview:-1"},"canonical":"https:\/\/partners.blackbull.com\/es\/influencers\/partner-types\/lifestyle-social-media\/micro-influencers\/","og_locale":"es_ES","og_type":"article","og_title":"Microinfluenciadores | BlackBull Partners","og_description":"Microinfluenciadores Los microinfluenciadores de BlackBull Partners son usuarios de las redes sociales que tienen menos seguidores que los influenciadores tradicionales, normalmente entre 1.000 y 100.000 seguidores. Aunque no tengan las audiencias masivas de los grandes influyentes, nuestros microinfluyentes suelen tener seguidores m\u00e1s espec\u00edficos y comprometidos. Los microinfluenciadores suelen estar m\u00e1s orientados a un nicho concreto, [&hellip;]","og_url":"https:\/\/partners.blackbull.com\/es\/influencers\/partner-types\/lifestyle-social-media\/micro-influencers\/","og_site_name":"BlackBull Partners","article_modified_time":"2025-03-24T18:00:15+00:00","og_image":[{"width":500,"height":329,"url":"https:\/\/partners.blackbull.com\/wp-content\/uploads\/2023\/07\/micro.png","type":"image\/png"}],"twitter_card":"summary_large_image","twitter_misc":{"Tiempo de lectura":"2 minutos"},"schema":{"@context":"https:\/\/schema.org","@graph":[{"@type":"WebPage","@id":"https:\/\/partners.blackbull.com\/es\/influencers\/partner-types\/lifestyle-social-media\/micro-influencers\/","url":"https:\/\/partners.blackbull.com\/es\/influencers\/partner-types\/lifestyle-social-media\/micro-influencers\/","name":"Microinfluenciadores | BlackBull Partners","isPartOf":{"@id":"https:\/\/partners.blackbull.com\/es\/#website"},"primaryImageOfPage":{"@id":"https:\/\/partners.blackbull.com\/es\/influencers\/partner-types\/lifestyle-social-media\/micro-influencers\/#primaryimage"},"image":{"@id":"https:\/\/partners.blackbull.com\/es\/influencers\/partner-types\/lifestyle-social-media\/micro-influencers\/#primaryimage"},"thumbnailUrl":"https:\/\/partners.blackbull.com\/wp-content\/uploads\/2023\/07\/micro.png","datePublished":"2025-03-24T18:00:09+00:00","dateModified":"2025-03-24T18:00:15+00:00","breadcrumb":{"@id":"https:\/\/partners.blackbull.com\/es\/influencers\/partner-types\/lifestyle-social-media\/micro-influencers\/#breadcrumb"},"inLanguage":"es","potentialAction":[{"@type":"ReadAction","target":["https:\/\/partners.blackbull.com\/es\/influencers\/partner-types\/lifestyle-social-media\/micro-influencers\/"]}]},{"@type":"ImageObject","inLanguage":"es","@id":"https:\/\/partners.blackbull.com\/es\/influencers\/partner-types\/lifestyle-social-media\/micro-influencers\/#primaryimage","url":"https:\/\/partners.blackbull.com\/wp-content\/uploads\/2023\/07\/micro.png","contentUrl":"https:\/\/partners.blackbull.com\/wp-content\/uploads\/2023\/07\/micro.png"},{"@type":"BreadcrumbList","@id":"https:\/\/partners.blackbull.com\/es\/influencers\/partner-types\/lifestyle-social-media\/micro-influencers\/#breadcrumb","itemListElement":[{"@type":"ListItem","position":1,"name":"Home","item":"https:\/\/partners.blackbull.com\/es\/home-new\/"},{"@type":"ListItem","position":2,"name":"Influenciadores","item":"https:\/\/partners.blackbull.com\/es\/influenciadores\/"},{"@type":"ListItem","position":3,"name":"Tipos de socios","item":"https:\/\/partners.blackbull.com\/es\/influenciadores\/tipos-de-socios\/"},{"@type":"ListItem","position":4,"name":"Estilo de vida y redes sociales","item":"https:\/\/partners.blackbull.com\/es\/influenciadores\/tipos-de-socios\/estilo-de-vida-y-redes-sociales\/"},{"@type":"ListItem","position":5,"name":"Microinfluenciadores"}]},{"@type":"WebSite","@id":"https:\/\/partners.blackbull.com\/es\/#website","url":"https:\/\/partners.blackbull.com\/es\/","name":"BlackBull Partners","description":"BlackBull Affiliates is the partner referral program of BlackBull Markets, a top-tier, award-winning, and multi-regulated forex broker.","publisher":{"@id":"https:\/\/partners.blackbull.com\/es\/#organization"},"potentialAction":[{"@type":"SearchAction","target":{"@type":"EntryPoint","urlTemplate":"https:\/\/partners.blackbull.com\/es\/?s={search_term_string}"},"query-input":{"@type":"PropertyValueSpecification","valueRequired":true,"valueName":"search_term_string"}}],"inLanguage":"es"},{"@type":"Organization","@id":"https:\/\/partners.blackbull.com\/es\/#organization","name":"BlackBull Partners","url":"https:\/\/partners.blackbull.com\/es\/","logo":{"@type":"ImageObject","inLanguage":"es","@id":"https:\/\/partners.blackbull.com\/es\/#\/schema\/logo\/image\/","url":"https:\/\/partners.blackbull.com\/wp-content\/uploads\/2022\/03\/BBMPartnerslogo_blue.svg","contentUrl":"https:\/\/partners.blackbull.com\/wp-content\/uploads\/2022\/03\/BBMPartnerslogo_blue.svg","width":981,"height":279,"caption":"BlackBull Partners"},"image":{"@id":"https:\/\/partners.blackbull.com\/es\/#\/schema\/logo\/image\/"}}]}},"_links":{"self":[{"href":"https:\/\/partners.blackbull.com\/es\/wp-json\/wp\/v2\/pages\/17238","targetHints":{"allow":["GET"]}}],"collection":[{"href":"https:\/\/partners.blackbull.com\/es\/wp-json\/wp\/v2\/pages"}],"about":[{"href":"https:\/\/partners.blackbull.com\/es\/wp-json\/wp\/v2\/types\/page"}],"author":[{"embeddable":true,"href":"https:\/\/partners.blackbull.com\/es\/wp-json\/wp\/v2\/users\/6"}],"replies":[{"embeddable":true,"href":"https:\/\/partners.blackbull.com\/es\/wp-json\/wp\/v2\/comments?post=17238"}],"version-history":[{"count":1,"href":"https:\/\/partners.blackbull.com\/es\/wp-json\/wp\/v2\/pages\/17238\/revisions"}],"predecessor-version":[{"id":17239,"href":"https:\/\/partners.blackbull.com\/es\/wp-json\/wp\/v2\/pages\/17238\/revisions\/17239"}],"up":[{"embeddable":true,"href":"https:\/\/partners.blackbull.com\/es\/wp-json\/wp\/v2\/pages\/17216"}],"wp:attachment":[{"href":"https:\/\/partners.blackbull.com\/es\/wp-json\/wp\/v2\/media?parent=17238"}],"curies":[{"name":"wp","href":"https:\/\/api.w.org\/{rel}","templated":true}]}}