{"id":17244,"date":"2025-03-25T07:00:14","date_gmt":"2025-03-24T18:00:14","guid":{"rendered":"https:\/\/partners.blackbull.com\/influenciadores\/tipos-de-socios\/gestores-de-foros-y-comunidades\/propietarios-de-canales-de-telegram\/"},"modified":"2025-03-25T07:00:15","modified_gmt":"2025-03-24T18:00:15","slug":"telegram-channel-owners","status":"publish","type":"page","link":"https:\/\/partners.blackbull.com\/es\/influencers\/partner-types\/forum-community-managers\/telegram-channel-owners\/","title":{"rendered":"Propietarios de canales de Telegram"},"content":{"rendered":"\t\t<div data-elementor-type=\"wp-page\" data-elementor-id=\"17244\" class=\"elementor elementor-17244 elementor-4692\" data-elementor-post-type=\"page\">\n\t\t\t\t<div class=\"elementor-element elementor-element-27fee893 e-flex e-con-boxed e-con e-parent\" data-id=\"27fee893\" data-element_type=\"container\" data-e-type=\"container\" data-settings=\"{&quot;background_background&quot;:&quot;classic&quot;,&quot;jet_parallax_layout_list&quot;:[]}\">\n\t\t\t\t\t<div class=\"e-con-inner\">\n\t\t\t\t<div class=\"elementor-element elementor-element-3c0918b2 elementor-widget elementor-widget-breadcrumbs\" data-id=\"3c0918b2\" data-element_type=\"widget\" data-e-type=\"widget\" data-widget_type=\"breadcrumbs.default\">\n\t\t\t\t\t<p id=\"breadcrumbs\"><span><span><a href=\"https:\/\/partners.blackbull.com\/es\/home-new\/\">Home<\/a><\/span><\/span><\/p>\t\t\t\t<\/div>\n\t\t\t\t\t<\/div>\n\t\t\t\t<\/div>\n\t\t<div class=\"elementor-element elementor-element-5dadee71 e-flex e-con-boxed e-con e-parent\" data-id=\"5dadee71\" data-element_type=\"container\" data-e-type=\"container\" data-settings=\"{&quot;background_background&quot;:&quot;classic&quot;,&quot;jet_parallax_layout_list&quot;:[]}\">\n\t\t\t\t\t<div class=\"e-con-inner\">\n\t\t<div class=\"elementor-element elementor-element-517f83b5 e-con-full e-flex e-con e-parent\" data-id=\"517f83b5\" data-element_type=\"container\" data-e-type=\"container\" data-settings=\"{&quot;background_background&quot;:&quot;classic&quot;,&quot;jet_parallax_layout_list&quot;:[]}\">\n\t\t\t\t<div class=\"elementor-element elementor-element-49228146 elementor-widget__width-initial elementor-widget elementor-widget-heading\" data-id=\"49228146\" data-element_type=\"widget\" data-e-type=\"widget\" data-widget_type=\"heading.default\">\n\t\t\t\t\t<h2 class=\"elementor-heading-title elementor-size-default\">BlackBull se asocia con los propietarios del canal Telegram<\/h2>\t\t\t\t<\/div>\n\t\t\t\t<\/div>\n\t\t<div class=\"elementor-element elementor-element-58171370 e-con-full e-flex e-con e-parent\" data-id=\"58171370\" data-element_type=\"container\" data-e-type=\"container\" data-settings=\"{&quot;jet_parallax_layout_list&quot;:[]}\">\n\t\t\t\t<div class=\"elementor-element elementor-element-4cea90 link-text elementor-widget elementor-widget-text-editor\" data-id=\"4cea90\" data-element_type=\"widget\" data-e-type=\"widget\" data-widget_type=\"text-editor.default\">\n\t\t\t\t\t\t\t\t\t<p>Los propietarios de canales de Telegram pueden actuar como personas influyentes en el sector de los servicios financieros creando y compartiendo contenido valioso relacionado con las finanzas, las inversiones, el trading en Forex y otros temas relacionados que interesen a su audiencia. Pueden ofrecer ideas, actualizaciones del mercado y an\u00e1lisis de tendencias y datos financieros a sus seguidores. En Telegram, suelen incluir se\u00f1ales de trading.  <\/p>\n\t\t\t\t\t\t\t\t<\/div>\n\t\t\t\t<\/div>\n\t\t\t\t\t<\/div>\n\t\t\t\t<\/div>\n\t\t<div class=\"elementor-element elementor-element-52f4585 e-flex e-con-boxed e-con e-parent\" data-id=\"52f4585\" data-element_type=\"container\" data-e-type=\"container\" data-settings=\"{&quot;jet_parallax_layout_list&quot;:[]}\">\n\t\t\t\t\t<div class=\"e-con-inner\">\n\t\t<div class=\"elementor-element elementor-element-35b7140 e-flex e-con-boxed e-con e-parent\" data-id=\"35b7140\" data-element_type=\"container\" data-e-type=\"container\" data-settings=\"{&quot;jet_parallax_layout_list&quot;:[]}\">\n\t\t\t\t\t<div class=\"e-con-inner\">\n\t\t\t\t<div class=\"elementor-element elementor-element-104e0b7 elementor-widget elementor-widget-text-editor\" data-id=\"104e0b7\" data-element_type=\"widget\" data-e-type=\"widget\" data-widget_type=\"text-editor.default\">\n\t\t\t\t\t\t\t\t\t<p>Para tener \u00e9xito, los propietarios de canales de Telegram deben establecerse como expertos en su campo, proporcionando constantemente contenido de alta calidad en el que su audiencia pueda confiar y construyendo un historial de ideas estrat\u00e9gicas. Pueden crear una comunidad en torno a su canal, interactuando con sus seguidores y respondiendo a sus preguntas y comentarios. Los propietarios de canales de Telegram tambi\u00e9n pueden colaborar con otras personas influyentes en el \u00e1mbito financiero, como <a href=\"https:\/\/partners.blackbull.com\/es\/afiliados\/tipos-de-socios\/afiliados-blogueros\/\"><span style=\"color: #2169fb;\">blogueros<\/span><\/a> o YouTubers, para promocionar mutuamente sus contenidos y ampliar su alcance.  <\/p>\n\t\t\t\t\t\t\t\t<\/div>\n\t\t\t\t<div class=\"elementor-element elementor-element-3f68261 elementor-widget elementor-widget-image\" data-id=\"3f68261\" data-element_type=\"widget\" data-e-type=\"widget\" data-widget_type=\"image.default\">\n\t\t\t\t\t\t\t\t\t\t\t\t\t\t\t<img fetchpriority=\"high\" decoding=\"async\" width=\"1096\" height=\"395\" src=\"https:\/\/partners.blackbull.com\/wp-content\/uploads\/2023\/07\/telegram-owner.jpg\" class=\"attachment-full size-full wp-image-13129\" alt=\"\" srcset=\"https:\/\/partners.blackbull.com\/wp-content\/uploads\/2023\/07\/telegram-owner.jpg 1096w, https:\/\/partners.blackbull.com\/wp-content\/uploads\/2023\/07\/telegram-owner-300x108.jpg 300w, https:\/\/partners.blackbull.com\/wp-content\/uploads\/2023\/07\/telegram-owner-1024x369.jpg 1024w, https:\/\/partners.blackbull.com\/wp-content\/uploads\/2023\/07\/telegram-owner-768x277.jpg 768w\" sizes=\"(max-width: 1096px) 100vw, 1096px\" \/>\t\t\t\t\t\t\t\t\t\t\t\t\t\t\t<\/div>\n\t\t\t\t<div class=\"elementor-element elementor-element-0a55325 elementor-widget elementor-widget-text-editor\" data-id=\"0a55325\" data-element_type=\"widget\" data-e-type=\"widget\" data-widget_type=\"text-editor.default\">\n\t\t\t\t\t\t\t\t\t<p>Adem\u00e1s, los propietarios de canales de Telegram pueden monetizar su influencia asoci\u00e1ndose con empresas de servicios financieros, como bancos, empresas de inversi\u00f3n o plataformas de trading como la de BlackBull, para promocionar sus productos o servicios entre su audiencia. Esto puede adoptar la forma de contenido patrocinado o marketing de afiliaci\u00f3n, en el que el propietario del canal de Telegram gana una comisi\u00f3n por cada nuevo cliente que recomiende. <\/p>\n<p>Los propietarios de canales de Telegram pueden operar como personas influyentes en el sector de los servicios financieros con BlackBull Partners proporcionando contenido valioso, interactuando con su audiencia, colaborando con otras personas influyentes y asoci\u00e1ndose con empresas relevantes para obtener oportunidades de monetizaci\u00f3n. Reg\u00edstrate en BlackBull Partners para empezar hoy mismo. <\/p>\n\t\t\t\t\t\t\t\t<\/div>\n\t\t\t\t\t<\/div>\n\t\t\t\t<\/div>\n\t\t\t\t\t<\/div>\n\t\t\t\t<\/div>\n\t\t\t\t<\/div>\n\t\t","protected":false},"excerpt":{"rendered":"<p>BlackBull se asocia con los propietarios del canal Telegram Los propietarios de canales de Telegram pueden actuar como personas influyentes en el sector de los servicios financieros creando y compartiendo contenido valioso relacionado con las finanzas, las inversiones, el trading en Forex y otros temas relacionados que interesen a su audiencia. Pueden ofrecer ideas, actualizaciones [&hellip;]<\/p>\n","protected":false},"author":6,"featured_media":0,"parent":17240,"menu_order":3,"comment_status":"closed","ping_status":"closed","template":"elementor_header_footer","meta":{"inline_featured_image":false,"footnotes":""},"class_list":["post-17244","page","type-page","status-publish","hentry"],"yoast_head":"<!-- This site is optimized with the Yoast SEO plugin v27.3 - https:\/\/yoast.com\/product\/yoast-seo-wordpress\/ -->\n<title>Propietarios de canales de Telegram | BlackBull Partners%.<\/title>\n<meta name=\"description\" content=\"Los propietarios de canales de Telegram pueden actuar como personas influyentes en el sector de los servicios financieros creando y compartiendo contenido valioso relacionado con las finanzas, las inversiones, el trading en Forex y otros temas relacionados que interesen a su audiencia.\" \/>\n<meta name=\"robots\" content=\"index, follow, max-snippet:-1, max-image-preview:large, max-video-preview:-1\" \/>\n<link rel=\"canonical\" href=\"https:\/\/partners.blackbull.com\/es\/influencers\/partner-types\/forum-community-managers\/telegram-channel-owners\/\" \/>\n<meta property=\"og:locale\" content=\"es_ES\" \/>\n<meta property=\"og:type\" content=\"article\" \/>\n<meta property=\"og:title\" content=\"Propietarios de canales de Telegram | BlackBull Partners%.\" \/>\n<meta property=\"og:description\" content=\"Los propietarios de canales de Telegram pueden actuar como personas influyentes en el sector de los servicios financieros creando y compartiendo contenido valioso relacionado con las finanzas, las inversiones, el trading en Forex y otros temas relacionados que interesen a su audiencia.\" \/>\n<meta property=\"og:url\" content=\"https:\/\/partners.blackbull.com\/es\/influencers\/partner-types\/forum-community-managers\/telegram-channel-owners\/\" \/>\n<meta property=\"og:site_name\" content=\"BlackBull Partners\" \/>\n<meta property=\"article:modified_time\" content=\"2025-03-24T18:00:15+00:00\" \/>\n<meta property=\"og:image\" content=\"https:\/\/partners.blackbull.com\/wp-content\/uploads\/2023\/07\/telegram-owner.jpg\" \/>\n\t<meta property=\"og:image:width\" content=\"1096\" \/>\n\t<meta property=\"og:image:height\" content=\"395\" \/>\n\t<meta property=\"og:image:type\" content=\"image\/jpeg\" \/>\n<meta name=\"twitter:card\" content=\"summary_large_image\" \/>\n<meta name=\"twitter:label1\" content=\"Tiempo de lectura\" \/>\n\t<meta name=\"twitter:data1\" content=\"1 minuto\" \/>\n<script type=\"application\/ld+json\" class=\"yoast-schema-graph\">{\"@context\":\"https:\\\/\\\/schema.org\",\"@graph\":[{\"@type\":\"WebPage\",\"@id\":\"https:\\\/\\\/partners.blackbull.com\\\/es\\\/influencers\\\/partner-types\\\/forum-community-managers\\\/telegram-channel-owners\\\/\",\"url\":\"https:\\\/\\\/partners.blackbull.com\\\/es\\\/influencers\\\/partner-types\\\/forum-community-managers\\\/telegram-channel-owners\\\/\",\"name\":\"Propietarios de canales de Telegram | BlackBull Partners%.\",\"isPartOf\":{\"@id\":\"https:\\\/\\\/partners.blackbull.com\\\/es\\\/#website\"},\"primaryImageOfPage\":{\"@id\":\"https:\\\/\\\/partners.blackbull.com\\\/es\\\/influencers\\\/partner-types\\\/forum-community-managers\\\/telegram-channel-owners\\\/#primaryimage\"},\"image\":{\"@id\":\"https:\\\/\\\/partners.blackbull.com\\\/es\\\/influencers\\\/partner-types\\\/forum-community-managers\\\/telegram-channel-owners\\\/#primaryimage\"},\"thumbnailUrl\":\"https:\\\/\\\/partners.blackbull.com\\\/wp-content\\\/uploads\\\/2023\\\/07\\\/telegram-owner.jpg\",\"datePublished\":\"2025-03-24T18:00:14+00:00\",\"dateModified\":\"2025-03-24T18:00:15+00:00\",\"description\":\"Los propietarios de canales de Telegram pueden actuar como personas influyentes en el sector de los servicios financieros creando y compartiendo contenido valioso relacionado con las finanzas, las inversiones, el trading en Forex y otros temas relacionados que interesen a su audiencia.\",\"breadcrumb\":{\"@id\":\"https:\\\/\\\/partners.blackbull.com\\\/es\\\/influencers\\\/partner-types\\\/forum-community-managers\\\/telegram-channel-owners\\\/#breadcrumb\"},\"inLanguage\":\"es\",\"potentialAction\":[{\"@type\":\"ReadAction\",\"target\":[\"https:\\\/\\\/partners.blackbull.com\\\/es\\\/influencers\\\/partner-types\\\/forum-community-managers\\\/telegram-channel-owners\\\/\"]}]},{\"@type\":\"ImageObject\",\"inLanguage\":\"es\",\"@id\":\"https:\\\/\\\/partners.blackbull.com\\\/es\\\/influencers\\\/partner-types\\\/forum-community-managers\\\/telegram-channel-owners\\\/#primaryimage\",\"url\":\"https:\\\/\\\/partners.blackbull.com\\\/wp-content\\\/uploads\\\/2023\\\/07\\\/telegram-owner.jpg\",\"contentUrl\":\"https:\\\/\\\/partners.blackbull.com\\\/wp-content\\\/uploads\\\/2023\\\/07\\\/telegram-owner.jpg\"},{\"@type\":\"BreadcrumbList\",\"@id\":\"https:\\\/\\\/partners.blackbull.com\\\/es\\\/influencers\\\/partner-types\\\/forum-community-managers\\\/telegram-channel-owners\\\/#breadcrumb\",\"itemListElement\":[{\"@type\":\"ListItem\",\"position\":1,\"name\":\"Home\",\"item\":\"https:\\\/\\\/partners.blackbull.com\\\/es\\\/home-new\\\/\"},{\"@type\":\"ListItem\",\"position\":2,\"name\":\"Influenciadores\",\"item\":\"https:\\\/\\\/partners.blackbull.com\\\/es\\\/influenciadores\\\/\"},{\"@type\":\"ListItem\",\"position\":3,\"name\":\"Tipos de socios\",\"item\":\"https:\\\/\\\/partners.blackbull.com\\\/es\\\/influenciadores\\\/tipos-de-socios\\\/\"},{\"@type\":\"ListItem\",\"position\":4,\"name\":\"Gestores de foros y comunidades\",\"item\":\"https:\\\/\\\/partners.blackbull.com\\\/es\\\/influenciadores\\\/tipos-de-socios\\\/gestores-de-foros-y-comunidades\\\/\"},{\"@type\":\"ListItem\",\"position\":5,\"name\":\"Propietarios de canales de Telegram\"}]},{\"@type\":\"WebSite\",\"@id\":\"https:\\\/\\\/partners.blackbull.com\\\/es\\\/#website\",\"url\":\"https:\\\/\\\/partners.blackbull.com\\\/es\\\/\",\"name\":\"BlackBull Partners\",\"description\":\"BlackBull Affiliates is the partner referral program of BlackBull Markets, a top-tier, award-winning, and multi-regulated forex broker.\",\"publisher\":{\"@id\":\"https:\\\/\\\/partners.blackbull.com\\\/es\\\/#organization\"},\"potentialAction\":[{\"@type\":\"SearchAction\",\"target\":{\"@type\":\"EntryPoint\",\"urlTemplate\":\"https:\\\/\\\/partners.blackbull.com\\\/es\\\/?s={search_term_string}\"},\"query-input\":{\"@type\":\"PropertyValueSpecification\",\"valueRequired\":true,\"valueName\":\"search_term_string\"}}],\"inLanguage\":\"es\"},{\"@type\":\"Organization\",\"@id\":\"https:\\\/\\\/partners.blackbull.com\\\/es\\\/#organization\",\"name\":\"BlackBull Partners\",\"url\":\"https:\\\/\\\/partners.blackbull.com\\\/es\\\/\",\"logo\":{\"@type\":\"ImageObject\",\"inLanguage\":\"es\",\"@id\":\"https:\\\/\\\/partners.blackbull.com\\\/es\\\/#\\\/schema\\\/logo\\\/image\\\/\",\"url\":\"https:\\\/\\\/partners.blackbull.com\\\/wp-content\\\/uploads\\\/2022\\\/03\\\/BBMPartnerslogo_blue.svg\",\"contentUrl\":\"https:\\\/\\\/partners.blackbull.com\\\/wp-content\\\/uploads\\\/2022\\\/03\\\/BBMPartnerslogo_blue.svg\",\"width\":981,\"height\":279,\"caption\":\"BlackBull Partners\"},\"image\":{\"@id\":\"https:\\\/\\\/partners.blackbull.com\\\/es\\\/#\\\/schema\\\/logo\\\/image\\\/\"}}]}<\/script>\n<!-- \/ Yoast SEO plugin. -->","yoast_head_json":{"title":"Propietarios de canales de Telegram | BlackBull Partners%.","description":"Los propietarios de canales de Telegram pueden actuar como personas influyentes en el sector de los servicios financieros creando y compartiendo contenido valioso relacionado con las finanzas, las inversiones, el trading en Forex y otros temas relacionados que interesen a su audiencia.","robots":{"index":"index","follow":"follow","max-snippet":"max-snippet:-1","max-image-preview":"max-image-preview:large","max-video-preview":"max-video-preview:-1"},"canonical":"https:\/\/partners.blackbull.com\/es\/influencers\/partner-types\/forum-community-managers\/telegram-channel-owners\/","og_locale":"es_ES","og_type":"article","og_title":"Propietarios de canales de Telegram | BlackBull Partners%.","og_description":"Los propietarios de canales de Telegram pueden actuar como personas influyentes en el sector de los servicios financieros creando y compartiendo contenido valioso relacionado con las finanzas, las inversiones, el trading en Forex y otros temas relacionados que interesen a su audiencia.","og_url":"https:\/\/partners.blackbull.com\/es\/influencers\/partner-types\/forum-community-managers\/telegram-channel-owners\/","og_site_name":"BlackBull Partners","article_modified_time":"2025-03-24T18:00:15+00:00","og_image":[{"width":1096,"height":395,"url":"https:\/\/partners.blackbull.com\/wp-content\/uploads\/2023\/07\/telegram-owner.jpg","type":"image\/jpeg"}],"twitter_card":"summary_large_image","twitter_misc":{"Tiempo de lectura":"1 minuto"},"schema":{"@context":"https:\/\/schema.org","@graph":[{"@type":"WebPage","@id":"https:\/\/partners.blackbull.com\/es\/influencers\/partner-types\/forum-community-managers\/telegram-channel-owners\/","url":"https:\/\/partners.blackbull.com\/es\/influencers\/partner-types\/forum-community-managers\/telegram-channel-owners\/","name":"Propietarios de canales de Telegram | BlackBull Partners%.","isPartOf":{"@id":"https:\/\/partners.blackbull.com\/es\/#website"},"primaryImageOfPage":{"@id":"https:\/\/partners.blackbull.com\/es\/influencers\/partner-types\/forum-community-managers\/telegram-channel-owners\/#primaryimage"},"image":{"@id":"https:\/\/partners.blackbull.com\/es\/influencers\/partner-types\/forum-community-managers\/telegram-channel-owners\/#primaryimage"},"thumbnailUrl":"https:\/\/partners.blackbull.com\/wp-content\/uploads\/2023\/07\/telegram-owner.jpg","datePublished":"2025-03-24T18:00:14+00:00","dateModified":"2025-03-24T18:00:15+00:00","description":"Los propietarios de canales de Telegram pueden actuar como personas influyentes en el sector de los servicios financieros creando y compartiendo contenido valioso relacionado con las finanzas, las inversiones, el trading en Forex y otros temas relacionados que interesen a su audiencia.","breadcrumb":{"@id":"https:\/\/partners.blackbull.com\/es\/influencers\/partner-types\/forum-community-managers\/telegram-channel-owners\/#breadcrumb"},"inLanguage":"es","potentialAction":[{"@type":"ReadAction","target":["https:\/\/partners.blackbull.com\/es\/influencers\/partner-types\/forum-community-managers\/telegram-channel-owners\/"]}]},{"@type":"ImageObject","inLanguage":"es","@id":"https:\/\/partners.blackbull.com\/es\/influencers\/partner-types\/forum-community-managers\/telegram-channel-owners\/#primaryimage","url":"https:\/\/partners.blackbull.com\/wp-content\/uploads\/2023\/07\/telegram-owner.jpg","contentUrl":"https:\/\/partners.blackbull.com\/wp-content\/uploads\/2023\/07\/telegram-owner.jpg"},{"@type":"BreadcrumbList","@id":"https:\/\/partners.blackbull.com\/es\/influencers\/partner-types\/forum-community-managers\/telegram-channel-owners\/#breadcrumb","itemListElement":[{"@type":"ListItem","position":1,"name":"Home","item":"https:\/\/partners.blackbull.com\/es\/home-new\/"},{"@type":"ListItem","position":2,"name":"Influenciadores","item":"https:\/\/partners.blackbull.com\/es\/influenciadores\/"},{"@type":"ListItem","position":3,"name":"Tipos de socios","item":"https:\/\/partners.blackbull.com\/es\/influenciadores\/tipos-de-socios\/"},{"@type":"ListItem","position":4,"name":"Gestores de foros y comunidades","item":"https:\/\/partners.blackbull.com\/es\/influenciadores\/tipos-de-socios\/gestores-de-foros-y-comunidades\/"},{"@type":"ListItem","position":5,"name":"Propietarios de canales de Telegram"}]},{"@type":"WebSite","@id":"https:\/\/partners.blackbull.com\/es\/#website","url":"https:\/\/partners.blackbull.com\/es\/","name":"BlackBull Partners","description":"BlackBull Affiliates is the partner referral program of BlackBull Markets, a top-tier, award-winning, and multi-regulated forex broker.","publisher":{"@id":"https:\/\/partners.blackbull.com\/es\/#organization"},"potentialAction":[{"@type":"SearchAction","target":{"@type":"EntryPoint","urlTemplate":"https:\/\/partners.blackbull.com\/es\/?s={search_term_string}"},"query-input":{"@type":"PropertyValueSpecification","valueRequired":true,"valueName":"search_term_string"}}],"inLanguage":"es"},{"@type":"Organization","@id":"https:\/\/partners.blackbull.com\/es\/#organization","name":"BlackBull Partners","url":"https:\/\/partners.blackbull.com\/es\/","logo":{"@type":"ImageObject","inLanguage":"es","@id":"https:\/\/partners.blackbull.com\/es\/#\/schema\/logo\/image\/","url":"https:\/\/partners.blackbull.com\/wp-content\/uploads\/2022\/03\/BBMPartnerslogo_blue.svg","contentUrl":"https:\/\/partners.blackbull.com\/wp-content\/uploads\/2022\/03\/BBMPartnerslogo_blue.svg","width":981,"height":279,"caption":"BlackBull Partners"},"image":{"@id":"https:\/\/partners.blackbull.com\/es\/#\/schema\/logo\/image\/"}}]}},"_links":{"self":[{"href":"https:\/\/partners.blackbull.com\/es\/wp-json\/wp\/v2\/pages\/17244","targetHints":{"allow":["GET"]}}],"collection":[{"href":"https:\/\/partners.blackbull.com\/es\/wp-json\/wp\/v2\/pages"}],"about":[{"href":"https:\/\/partners.blackbull.com\/es\/wp-json\/wp\/v2\/types\/page"}],"author":[{"embeddable":true,"href":"https:\/\/partners.blackbull.com\/es\/wp-json\/wp\/v2\/users\/6"}],"replies":[{"embeddable":true,"href":"https:\/\/partners.blackbull.com\/es\/wp-json\/wp\/v2\/comments?post=17244"}],"version-history":[{"count":1,"href":"https:\/\/partners.blackbull.com\/es\/wp-json\/wp\/v2\/pages\/17244\/revisions"}],"predecessor-version":[{"id":17245,"href":"https:\/\/partners.blackbull.com\/es\/wp-json\/wp\/v2\/pages\/17244\/revisions\/17245"}],"up":[{"embeddable":true,"href":"https:\/\/partners.blackbull.com\/es\/wp-json\/wp\/v2\/pages\/17240"}],"wp:attachment":[{"href":"https:\/\/partners.blackbull.com\/es\/wp-json\/wp\/v2\/media?parent=17244"}],"curies":[{"name":"wp","href":"https:\/\/api.w.org\/{rel}","templated":true}]}}