{"id":17248,"date":"2025-03-25T07:00:16","date_gmt":"2025-03-24T18:00:16","guid":{"rendered":"https:\/\/partners.blackbull.com\/influenciadores\/tipos-de-socios\/gestores-de-foros-y-comunidades\/moderadores-del-subreddit\/"},"modified":"2025-03-25T07:00:21","modified_gmt":"2025-03-24T18:00:21","slug":"subreddit-moderators","status":"publish","type":"page","link":"https:\/\/partners.blackbull.com\/es\/influencers\/partner-types\/forum-community-managers\/subreddit-moderators\/","title":{"rendered":"Moderadores del subreddit"},"content":{"rendered":"\t\t<div data-elementor-type=\"wp-page\" data-elementor-id=\"17248\" class=\"elementor elementor-17248 elementor-4688\" data-elementor-post-type=\"page\">\n\t\t\t\t<div class=\"elementor-element elementor-element-3f111bca e-flex e-con-boxed e-con e-parent\" data-id=\"3f111bca\" data-element_type=\"container\" data-e-type=\"container\" data-settings=\"{&quot;background_background&quot;:&quot;classic&quot;,&quot;jet_parallax_layout_list&quot;:[]}\">\n\t\t\t\t\t<div class=\"e-con-inner\">\n\t\t\t\t<div class=\"elementor-element elementor-element-e9f192d elementor-widget elementor-widget-breadcrumbs\" data-id=\"e9f192d\" data-element_type=\"widget\" data-e-type=\"widget\" data-widget_type=\"breadcrumbs.default\">\n\t\t\t\t\t<p id=\"breadcrumbs\"><span><span><a href=\"https:\/\/partners.blackbull.com\/es\/home-new\/\">Home<\/a><\/span><\/span><\/p>\t\t\t\t<\/div>\n\t\t\t\t\t<\/div>\n\t\t\t\t<\/div>\n\t\t<div class=\"elementor-element elementor-element-220d95fe e-flex e-con-boxed e-con e-parent\" data-id=\"220d95fe\" data-element_type=\"container\" data-e-type=\"container\" data-settings=\"{&quot;background_background&quot;:&quot;classic&quot;,&quot;jet_parallax_layout_list&quot;:[]}\">\n\t\t\t\t\t<div class=\"e-con-inner\">\n\t\t<div class=\"elementor-element elementor-element-2942977 e-con-full e-flex e-con e-parent\" data-id=\"2942977\" data-element_type=\"container\" data-e-type=\"container\" data-settings=\"{&quot;background_background&quot;:&quot;classic&quot;,&quot;jet_parallax_layout_list&quot;:[]}\">\n\t\t\t\t<div class=\"elementor-element elementor-element-7b62af7d elementor-widget__width-initial elementor-widget elementor-widget-heading\" data-id=\"7b62af7d\" data-element_type=\"widget\" data-e-type=\"widget\" data-widget_type=\"heading.default\">\n\t\t\t\t\t<h2 class=\"elementor-heading-title elementor-size-default\">BlackBull Partners Moderadores del subreddit<\/h2>\t\t\t\t<\/div>\n\t\t\t\t<\/div>\n\t\t<div class=\"elementor-element elementor-element-7b821e5b e-con-full e-flex e-con e-parent\" data-id=\"7b821e5b\" data-element_type=\"container\" data-e-type=\"container\" data-settings=\"{&quot;jet_parallax_layout_list&quot;:[]}\">\n\t\t\t\t<div class=\"elementor-element elementor-element-53728c91 link-text elementor-widget elementor-widget-text-editor\" data-id=\"53728c91\" data-element_type=\"widget\" data-e-type=\"widget\" data-widget_type=\"text-editor.default\">\n\t\t\t\t\t\t\t\t\t<p>Hay muchos subreddits que son una gran fuente de informaci\u00f3n y participaci\u00f3n para el sector de los servicios financieros y la inversi\u00f3n.<\/p>\n<p>Aunque es posible monetizar un subreddit, es importante tener en cuenta que la monetizaci\u00f3n no es el objetivo principal de la mayor\u00eda de los subreddits. Los subreddits suelen crearse como comunidades en las que los usuarios pueden compartir informaci\u00f3n, participar en debates y conectar con personas de ideas afines. <\/p>\t\t\t\t\t\t\t\t<\/div>\n\t\t\t\t<\/div>\n\t\t\t\t\t<\/div>\n\t\t\t\t<\/div>\n\t\t<div class=\"elementor-element elementor-element-23d7c50 e-flex e-con-boxed e-con e-parent\" data-id=\"23d7c50\" data-element_type=\"container\" data-e-type=\"container\" data-settings=\"{&quot;jet_parallax_layout_list&quot;:[]}\">\n\t\t\t\t\t<div class=\"e-con-inner\">\n\t\t<div class=\"elementor-element elementor-element-a8d3774 e-flex e-con-boxed e-con e-parent\" data-id=\"a8d3774\" data-element_type=\"container\" data-e-type=\"container\" data-settings=\"{&quot;jet_parallax_layout_list&quot;:[]}\">\n\t\t\t\t\t<div class=\"e-con-inner\">\n\t\t\t\t<div class=\"elementor-element elementor-element-35cf50c elementor-widget__width-initial elementor-widget elementor-widget-image\" data-id=\"35cf50c\" data-element_type=\"widget\" data-e-type=\"widget\" data-widget_type=\"image.default\">\n\t\t\t\t\t\t\t\t\t\t\t\t\t\t\t<img fetchpriority=\"high\" decoding=\"async\" width=\"538\" height=\"404\" src=\"https:\/\/partners.blackbull.com\/wp-content\/uploads\/2023\/07\/modrators.jpg\" class=\"attachment-full size-full wp-image-13142\" alt=\"\" srcset=\"https:\/\/partners.blackbull.com\/wp-content\/uploads\/2023\/07\/modrators.jpg 538w, https:\/\/partners.blackbull.com\/wp-content\/uploads\/2023\/07\/modrators-300x225.jpg 300w\" sizes=\"(max-width: 538px) 100vw, 538px\" \/>\t\t\t\t\t\t\t\t\t\t\t\t\t\t\t<\/div>\n\t\t\t\t<div class=\"elementor-element elementor-element-33183d5 elementor-widget__width-initial elementor-widget elementor-widget-text-editor\" data-id=\"33183d5\" data-element_type=\"widget\" data-e-type=\"widget\" data-widget_type=\"text-editor.default\">\n\t\t\t\t\t\t\t\t\t<p>Dicho esto, algunos subreddits tienen potencial para generar ingresos a trav\u00e9s de diversos medios, como patrocinios o marketing de afiliaci\u00f3n. BlackBull Partners est\u00e1 abierto a discutir oportunidades de colaboraci\u00f3n con moderadores de subreddits que tengan un canal apropiado para nuestro mercado objetivo. <\/p>\n<p>Es importante se\u00f1alar que la monetizaci\u00f3n de un subreddit nunca debe comprometer la integridad de la comunidad ni del contenido que se comparte en ella. Esto es muy importante para BlackBull, ya que queremos asegurarnos de que la presencia de nuestra marca sigue siendo aut\u00e9ntica y natural en las conversaciones que tienen lugar en Reddit. <\/p>\t\t\t\t\t\t\t\t<\/div>\n\t\t\t\t\t<\/div>\n\t\t\t\t<\/div>\n\t\t\t\t\t<\/div>\n\t\t\t\t<\/div>\n\t\t<div class=\"elementor-element elementor-element-9c6ad83 e-con-full get-guide-section work-step-section e-flex e-con e-parent\" data-id=\"9c6ad83\" data-element_type=\"container\" data-e-type=\"container\" data-settings=\"{&quot;background_background&quot;:&quot;classic&quot;,&quot;jet_parallax_layout_list&quot;:[]}\">\n\t\t<div class=\"elementor-element elementor-element-4ce26f0 e-con-full e-flex e-con e-parent\" data-id=\"4ce26f0\" data-element_type=\"container\" data-e-type=\"container\" data-settings=\"{&quot;jet_parallax_layout_list&quot;:[]}\">\n\t\t\t\t<div class=\"elementor-element elementor-element-9b27c49 elementor-widget__width-initial elementor-widget elementor-widget-heading\" data-id=\"9b27c49\" data-element_type=\"widget\" data-e-type=\"widget\" data-widget_type=\"heading.default\">\n\t\t\t\t\t<h2 class=\"elementor-heading-title elementor-size-default\">Aqu\u00ed tienes algunos de nuestros Subreddits favoritos:<\/h2>\t\t\t\t<\/div>\n\t\t\t\t<div class=\"elementor-element elementor-element-a629a20 guid-slider-wrap elementor-widget elementor-widget-jet-carousel\" data-id=\"a629a20\" data-element_type=\"widget\" data-e-type=\"widget\" data-settings=\"{&quot;slides_to_show&quot;:&quot;3&quot;,&quot;slides_to_show_tablet&quot;:&quot;2&quot;,&quot;slides_to_show_mobile&quot;:&quot;1&quot;,&quot;slides_to_scroll_tablet&quot;:&quot;1&quot;,&quot;slides_to_scroll&quot;:&quot;1&quot;}\" data-widget_type=\"jet-carousel.default\">\n\t\t\t\t<div class=\"elementor-widget-container\">\n\t\t\t\t\t<div class=\"elementor-jet-carousel jet-elements\"><div class=\"jet-carousel-wrap jet-equal-cols\">\n\t<div class=\"jet-carousel\" data-slider_options=\"{&quot;autoplaySpeed&quot;:3500,&quot;autoplay&quot;:false,&quot;infinite&quot;:true,&quot;centerMode&quot;:false,&quot;centerPadding&quot;:&quot;80px&quot;,&quot;pauseOnHover&quot;:false,&quot;speed&quot;:800,&quot;arrows&quot;:true,&quot;dots&quot;:false,&quot;variableWidth&quot;:false,&quot;prevArrow&quot;:&quot;.jet-carousel__prev-arrow-a629a20&quot;,&quot;nextArrow&quot;:&quot;.jet-carousel__next-arrow-a629a20&quot;,&quot;rtl&quot;:false,&quot;fractionNav&quot;:false}\" dir=\"ltr\">\n\t<div class=\"elementor-slick-slider\">\n\n<div class=\"jet-carousel__item\">\n\t<div class=\"jet-carousel__item-inner\"><div class=\"jet-carousel__content\"><h5 class=\"jet-carousel__item-title\">r\/Forex<\/h5><div class=\"jet-carousel__item-text\"><p>Este subreddit se centra en el trading en Forex, incluyendo discusiones sobre estrategias, an\u00e1lisis y noticias.<\/p><\/div><\/div><\/div>\n<\/div>\n\n<div class=\"jet-carousel__item\">\n\t<div class=\"jet-carousel__item-inner\"><div class=\"jet-carousel__content\"><h5 class=\"jet-carousel__item-title\">r\/ForexTrading<\/h5><div class=\"jet-carousel__item-text\"><p>Este subreddit est\u00e1 dedicado al trading en Forex, con discusiones sobre an\u00e1lisis t\u00e9cnico, indicadores y plataformas de trading.<\/p><\/div><\/div><\/div>\n<\/div>\n\n<div class=\"jet-carousel__item\">\n\t<div class=\"jet-carousel__item-inner\"><div class=\"jet-carousel__content\"><h5 class=\"jet-carousel__item-title\">r\/Daytrading<\/h5><div class=\"jet-carousel__item-text\"><p>Este subreddit cubre todos los aspectos del trading diario, incluyendo el trading en Forex, acciones y opciones.<\/p><\/div><\/div><\/div>\n<\/div>\n\n<div class=\"jet-carousel__item\">\n\t<div class=\"jet-carousel__item-inner\"><div class=\"jet-carousel__content\"><h5 class=\"jet-carousel__item-title\">r\/An\u00e1lisisT\u00e9cnico<\/h5><div class=\"jet-carousel__item-text\"><p>Este subreddit se centra en el an\u00e1lisis t\u00e9cnico, que es un m\u00e9todo de evaluaci\u00f3n de valores mediante el an\u00e1lisis de las estad\u00edsticas generadas por la actividad del mercado.<\/p><\/div><\/div><\/div>\n<\/div>\n\n<div class=\"jet-carousel__item\">\n\t<div class=\"jet-carousel__item-inner\"><div class=\"jet-carousel__content\"><h5 class=\"jet-carousel__item-title\">r\/Trading<\/h5><div class=\"jet-carousel__item-text\"><p>Este subreddit cubre todos los aspectos del trading, incluyendo el trading en Forex, acciones y criptodivisas.<\/p><\/div><\/div><\/div>\n<\/div>\n\n<div class=\"jet-carousel__item\">\n\t<div class=\"jet-carousel__item-inner\"><div class=\"jet-carousel__content\"><h5 class=\"jet-carousel__item-title\">r\/inversi\u00f3n<\/h5><div class=\"jet-carousel__item-text\"><p>Este subreddit se centra espec\u00edficamente en la inversi\u00f3n, con debates sobre acciones, bonos, fondos de inversi\u00f3n y otros productos de inversi\u00f3n.<\/p><\/div><\/div><\/div>\n<\/div>\n\n<div class=\"jet-carousel__item\">\n\t<div class=\"jet-carousel__item-inner\"><div class=\"jet-carousel__content\"><h5 class=\"jet-carousel__item-title\">r\/stocks<\/h5><div class=\"jet-carousel__item-text\"><p>Este subreddit est\u00e1 dedicado a debatir sobre acciones individuales, incluyendo noticias, an\u00e1lisis y opiniones.<\/p><\/div><\/div><\/div>\n<\/div>\n\n<div class=\"jet-carousel__item\">\n\t<div class=\"jet-carousel__item-inner\"><div class=\"jet-carousel__content\"><h5 class=\"jet-carousel__item-title\">r\/financialindependence<\/h5><div class=\"jet-carousel__item-text\"><p>Este subreddit se centra en lograr la independencia financiera, lo que significa tener suficiente dinero ahorrado e invertido para mantener tu estilo de vida sin necesidad de trabajar.<\/p><\/div><\/div><\/div>\n<\/div>\n\n<div class=\"jet-carousel__item\">\n\t<div class=\"jet-carousel__item-inner\"><div class=\"jet-carousel__content\"><h5 class=\"jet-carousel__item-title\">r\/personalfinance<\/h5><div class=\"jet-carousel__item-text\"><p>Este subreddit cubre una amplia gama de temas de finanzas personales, incluyendo presupuestos, ahorros, inversiones y gesti\u00f3n de deudas.<\/p><\/div><\/div><\/div>\n<\/div>\n\n<div class=\"jet-carousel__item\">\n\t<div class=\"jet-carousel__item-inner\"><div class=\"jet-carousel__content\"><h5 class=\"jet-carousel__item-title\">r\/personalfinancenz<\/h5><div class=\"jet-carousel__item-text\"><p>Este subreddit se centra en una amplia gama de temas de finanzas personales espec\u00edficos de Nueva Zelanda, de donde BlackBull Markets es de Nueva Zelanda.<\/p><\/div><\/div><\/div>\n<\/div>\n<\/div><div class=\"jet-carousel__prev-arrow-a629a20 jet-arrow prev-arrow\"><svg xmlns=\"http:\/\/www.w3.org\/2000\/svg\" width=\"49\" height=\"49\" viewBox=\"0 0 49 49\"><g id=\"Group_2752\" data-name=\"Group 2752\" transform=\"translate(-14421 2552) rotate(180)\"><g id=\"Rectangle_100\" data-name=\"Rectangle 100\" transform=\"translate(-14470 2503)\" fill=\"rgba(255,255,255,0.2)\" stroke=\"#1a58d3\" stroke-width=\"1\"><rect width=\"49\" height=\"49\" rx=\"24.5\" stroke=\"none\"><\/rect><rect x=\"0.5\" y=\"0.5\" width=\"48\" height=\"48\" rx=\"24\" fill=\"none\"><\/rect><\/g><path id=\"Path_12338\" data-name=\"Path 12338\" d=\"M0,0,8.523,8.523,0,17.045\" transform=\"translate(-14448.762 2518.978)\" fill=\"none\" stroke=\"#1a58d3\" stroke-linecap=\"round\" stroke-linejoin=\"round\" stroke-width=\"2\"><\/path><\/g><\/svg><\/div><div class=\"jet-carousel__next-arrow-a629a20 jet-arrow next-arrow\"><svg xmlns=\"http:\/\/www.w3.org\/2000\/svg\" width=\"49\" height=\"49\" viewBox=\"0 0 49 49\"><g id=\"Group_2751\" data-name=\"Group 2751\" transform=\"translate(14470)\"><g id=\"Rectangle_100\" data-name=\"Rectangle 100\" transform=\"translate(-14470)\" fill=\"rgba(255,255,255,0.2)\" stroke=\"#1a58d3\" stroke-width=\"1\"><rect width=\"49\" height=\"49\" rx=\"24.5\" stroke=\"none\"><\/rect><rect x=\"0.5\" y=\"0.5\" width=\"48\" height=\"48\" rx=\"24\" fill=\"none\"><\/rect><\/g><path id=\"Path_12338\" data-name=\"Path 12338\" d=\"M8.25,4.5l8.523,8.523L8.25,21.545\" transform=\"translate(-14457.012 11.477)\" fill=\"none\" stroke=\"#1a58d3\" stroke-linecap=\"round\" stroke-linejoin=\"round\" stroke-width=\"2\"><\/path><\/g><\/svg><\/div><\/div>\n<\/div>\n<\/div>\t\t\t\t<\/div>\n\t\t\t\t<\/div>\n\t\t\t\t<\/div>\n\t\t\t\t<\/div>\n\t\t\t\t<\/div>\n\t\t","protected":false},"excerpt":{"rendered":"<p>BlackBull Partners Moderadores del subreddit Hay muchos subreddits que son una gran fuente de informaci\u00f3n y participaci\u00f3n para el sector de los servicios financieros y la inversi\u00f3n. Aunque es posible monetizar un subreddit, es importante tener en cuenta que la monetizaci\u00f3n no es el objetivo principal de la mayor\u00eda de los subreddits. Los subreddits suelen [&hellip;]<\/p>\n","protected":false},"author":6,"featured_media":0,"parent":17240,"menu_order":0,"comment_status":"closed","ping_status":"closed","template":"elementor_header_footer","meta":{"inline_featured_image":false,"footnotes":""},"class_list":["post-17248","page","type-page","status-publish","hentry"],"yoast_head":"<!-- This site is optimized with the Yoast SEO plugin v27.5 - https:\/\/yoast.com\/product\/yoast-seo-wordpress\/ -->\n<title>Moderadores del subreddit | BlackBull Partners%.<\/title>\n<meta name=\"description\" content=\"Hay muchos subreddits que son una gran fuente de informaci\u00f3n y participaci\u00f3n para el sector de los servicios financieros y la inversi\u00f3n.\" \/>\n<meta name=\"robots\" content=\"index, follow, max-snippet:-1, max-image-preview:large, max-video-preview:-1\" \/>\n<link rel=\"canonical\" href=\"https:\/\/partners.blackbull.com\/es\/influencers\/partner-types\/forum-community-managers\/subreddit-moderators\/\" \/>\n<meta property=\"og:locale\" content=\"es_ES\" \/>\n<meta property=\"og:type\" content=\"article\" \/>\n<meta property=\"og:title\" content=\"Moderadores del subreddit | BlackBull Partners%.\" \/>\n<meta property=\"og:description\" content=\"Hay muchos subreddits que son una gran fuente de informaci\u00f3n y participaci\u00f3n para el sector de los servicios financieros y la inversi\u00f3n.\" \/>\n<meta property=\"og:url\" content=\"https:\/\/partners.blackbull.com\/es\/influencers\/partner-types\/forum-community-managers\/subreddit-moderators\/\" \/>\n<meta property=\"og:site_name\" content=\"BlackBull Partners\" \/>\n<meta property=\"article:modified_time\" content=\"2025-03-24T18:00:21+00:00\" \/>\n<meta property=\"og:image\" content=\"https:\/\/partners.blackbull.com\/wp-content\/uploads\/2023\/07\/modrators.jpg\" \/>\n\t<meta property=\"og:image:width\" content=\"538\" \/>\n\t<meta property=\"og:image:height\" content=\"404\" \/>\n\t<meta property=\"og:image:type\" content=\"image\/jpeg\" \/>\n<meta name=\"twitter:card\" content=\"summary_large_image\" \/>\n<meta name=\"twitter:label1\" content=\"Tiempo de lectura\" \/>\n\t<meta name=\"twitter:data1\" content=\"2 minutos\" \/>\n<script type=\"application\/ld+json\" class=\"yoast-schema-graph\">{\"@context\":\"https:\\\/\\\/schema.org\",\"@graph\":[{\"@type\":\"WebPage\",\"@id\":\"https:\\\/\\\/partners.blackbull.com\\\/es\\\/influencers\\\/partner-types\\\/forum-community-managers\\\/subreddit-moderators\\\/\",\"url\":\"https:\\\/\\\/partners.blackbull.com\\\/es\\\/influencers\\\/partner-types\\\/forum-community-managers\\\/subreddit-moderators\\\/\",\"name\":\"Moderadores del subreddit | BlackBull Partners%.\",\"isPartOf\":{\"@id\":\"https:\\\/\\\/partners.blackbull.com\\\/es\\\/#website\"},\"primaryImageOfPage\":{\"@id\":\"https:\\\/\\\/partners.blackbull.com\\\/es\\\/influencers\\\/partner-types\\\/forum-community-managers\\\/subreddit-moderators\\\/#primaryimage\"},\"image\":{\"@id\":\"https:\\\/\\\/partners.blackbull.com\\\/es\\\/influencers\\\/partner-types\\\/forum-community-managers\\\/subreddit-moderators\\\/#primaryimage\"},\"thumbnailUrl\":\"https:\\\/\\\/partners.blackbull.com\\\/wp-content\\\/uploads\\\/2023\\\/07\\\/modrators.jpg\",\"datePublished\":\"2025-03-24T18:00:16+00:00\",\"dateModified\":\"2025-03-24T18:00:21+00:00\",\"description\":\"Hay muchos subreddits que son una gran fuente de informaci\u00f3n y participaci\u00f3n para el sector de los servicios financieros y la inversi\u00f3n.\",\"breadcrumb\":{\"@id\":\"https:\\\/\\\/partners.blackbull.com\\\/es\\\/influencers\\\/partner-types\\\/forum-community-managers\\\/subreddit-moderators\\\/#breadcrumb\"},\"inLanguage\":\"es\",\"potentialAction\":[{\"@type\":\"ReadAction\",\"target\":[\"https:\\\/\\\/partners.blackbull.com\\\/es\\\/influencers\\\/partner-types\\\/forum-community-managers\\\/subreddit-moderators\\\/\"]}]},{\"@type\":\"ImageObject\",\"inLanguage\":\"es\",\"@id\":\"https:\\\/\\\/partners.blackbull.com\\\/es\\\/influencers\\\/partner-types\\\/forum-community-managers\\\/subreddit-moderators\\\/#primaryimage\",\"url\":\"https:\\\/\\\/partners.blackbull.com\\\/wp-content\\\/uploads\\\/2023\\\/07\\\/modrators.jpg\",\"contentUrl\":\"https:\\\/\\\/partners.blackbull.com\\\/wp-content\\\/uploads\\\/2023\\\/07\\\/modrators.jpg\"},{\"@type\":\"BreadcrumbList\",\"@id\":\"https:\\\/\\\/partners.blackbull.com\\\/es\\\/influencers\\\/partner-types\\\/forum-community-managers\\\/subreddit-moderators\\\/#breadcrumb\",\"itemListElement\":[{\"@type\":\"ListItem\",\"position\":1,\"name\":\"Home\",\"item\":\"https:\\\/\\\/partners.blackbull.com\\\/es\\\/home-new\\\/\"},{\"@type\":\"ListItem\",\"position\":2,\"name\":\"Influenciadores\",\"item\":\"https:\\\/\\\/partners.blackbull.com\\\/es\\\/influenciadores\\\/\"},{\"@type\":\"ListItem\",\"position\":3,\"name\":\"Tipos de socios\",\"item\":\"https:\\\/\\\/partners.blackbull.com\\\/es\\\/influenciadores\\\/tipos-de-socios\\\/\"},{\"@type\":\"ListItem\",\"position\":4,\"name\":\"Gestores de foros y comunidades\",\"item\":\"https:\\\/\\\/partners.blackbull.com\\\/es\\\/influenciadores\\\/tipos-de-socios\\\/gestores-de-foros-y-comunidades\\\/\"},{\"@type\":\"ListItem\",\"position\":5,\"name\":\"Moderadores del subreddit\"}]},{\"@type\":\"WebSite\",\"@id\":\"https:\\\/\\\/partners.blackbull.com\\\/es\\\/#website\",\"url\":\"https:\\\/\\\/partners.blackbull.com\\\/es\\\/\",\"name\":\"BlackBull Partners\",\"description\":\"BlackBull Affiliates is the partner referral program of BlackBull Markets, a top-tier, award-winning, and multi-regulated forex broker.\",\"publisher\":{\"@id\":\"https:\\\/\\\/partners.blackbull.com\\\/es\\\/#organization\"},\"potentialAction\":[{\"@type\":\"SearchAction\",\"target\":{\"@type\":\"EntryPoint\",\"urlTemplate\":\"https:\\\/\\\/partners.blackbull.com\\\/es\\\/?s={search_term_string}\"},\"query-input\":{\"@type\":\"PropertyValueSpecification\",\"valueRequired\":true,\"valueName\":\"search_term_string\"}}],\"inLanguage\":\"es\"},{\"@type\":\"Organization\",\"@id\":\"https:\\\/\\\/partners.blackbull.com\\\/es\\\/#organization\",\"name\":\"BlackBull Partners\",\"url\":\"https:\\\/\\\/partners.blackbull.com\\\/es\\\/\",\"logo\":{\"@type\":\"ImageObject\",\"inLanguage\":\"es\",\"@id\":\"https:\\\/\\\/partners.blackbull.com\\\/es\\\/#\\\/schema\\\/logo\\\/image\\\/\",\"url\":\"https:\\\/\\\/partners.blackbull.com\\\/wp-content\\\/uploads\\\/2022\\\/03\\\/BBMPartnerslogo_blue.svg\",\"contentUrl\":\"https:\\\/\\\/partners.blackbull.com\\\/wp-content\\\/uploads\\\/2022\\\/03\\\/BBMPartnerslogo_blue.svg\",\"width\":981,\"height\":279,\"caption\":\"BlackBull Partners\"},\"image\":{\"@id\":\"https:\\\/\\\/partners.blackbull.com\\\/es\\\/#\\\/schema\\\/logo\\\/image\\\/\"}}]}<\/script>\n<!-- \/ Yoast SEO plugin. -->","yoast_head_json":{"title":"Moderadores del subreddit | BlackBull Partners%.","description":"Hay muchos subreddits que son una gran fuente de informaci\u00f3n y participaci\u00f3n para el sector de los servicios financieros y la inversi\u00f3n.","robots":{"index":"index","follow":"follow","max-snippet":"max-snippet:-1","max-image-preview":"max-image-preview:large","max-video-preview":"max-video-preview:-1"},"canonical":"https:\/\/partners.blackbull.com\/es\/influencers\/partner-types\/forum-community-managers\/subreddit-moderators\/","og_locale":"es_ES","og_type":"article","og_title":"Moderadores del subreddit | BlackBull Partners%.","og_description":"Hay muchos subreddits que son una gran fuente de informaci\u00f3n y participaci\u00f3n para el sector de los servicios financieros y la inversi\u00f3n.","og_url":"https:\/\/partners.blackbull.com\/es\/influencers\/partner-types\/forum-community-managers\/subreddit-moderators\/","og_site_name":"BlackBull Partners","article_modified_time":"2025-03-24T18:00:21+00:00","og_image":[{"width":538,"height":404,"url":"https:\/\/partners.blackbull.com\/wp-content\/uploads\/2023\/07\/modrators.jpg","type":"image\/jpeg"}],"twitter_card":"summary_large_image","twitter_misc":{"Tiempo de lectura":"2 minutos"},"schema":{"@context":"https:\/\/schema.org","@graph":[{"@type":"WebPage","@id":"https:\/\/partners.blackbull.com\/es\/influencers\/partner-types\/forum-community-managers\/subreddit-moderators\/","url":"https:\/\/partners.blackbull.com\/es\/influencers\/partner-types\/forum-community-managers\/subreddit-moderators\/","name":"Moderadores del subreddit | BlackBull Partners%.","isPartOf":{"@id":"https:\/\/partners.blackbull.com\/es\/#website"},"primaryImageOfPage":{"@id":"https:\/\/partners.blackbull.com\/es\/influencers\/partner-types\/forum-community-managers\/subreddit-moderators\/#primaryimage"},"image":{"@id":"https:\/\/partners.blackbull.com\/es\/influencers\/partner-types\/forum-community-managers\/subreddit-moderators\/#primaryimage"},"thumbnailUrl":"https:\/\/partners.blackbull.com\/wp-content\/uploads\/2023\/07\/modrators.jpg","datePublished":"2025-03-24T18:00:16+00:00","dateModified":"2025-03-24T18:00:21+00:00","description":"Hay muchos subreddits que son una gran fuente de informaci\u00f3n y participaci\u00f3n para el sector de los servicios financieros y la inversi\u00f3n.","breadcrumb":{"@id":"https:\/\/partners.blackbull.com\/es\/influencers\/partner-types\/forum-community-managers\/subreddit-moderators\/#breadcrumb"},"inLanguage":"es","potentialAction":[{"@type":"ReadAction","target":["https:\/\/partners.blackbull.com\/es\/influencers\/partner-types\/forum-community-managers\/subreddit-moderators\/"]}]},{"@type":"ImageObject","inLanguage":"es","@id":"https:\/\/partners.blackbull.com\/es\/influencers\/partner-types\/forum-community-managers\/subreddit-moderators\/#primaryimage","url":"https:\/\/partners.blackbull.com\/wp-content\/uploads\/2023\/07\/modrators.jpg","contentUrl":"https:\/\/partners.blackbull.com\/wp-content\/uploads\/2023\/07\/modrators.jpg"},{"@type":"BreadcrumbList","@id":"https:\/\/partners.blackbull.com\/es\/influencers\/partner-types\/forum-community-managers\/subreddit-moderators\/#breadcrumb","itemListElement":[{"@type":"ListItem","position":1,"name":"Home","item":"https:\/\/partners.blackbull.com\/es\/home-new\/"},{"@type":"ListItem","position":2,"name":"Influenciadores","item":"https:\/\/partners.blackbull.com\/es\/influenciadores\/"},{"@type":"ListItem","position":3,"name":"Tipos de socios","item":"https:\/\/partners.blackbull.com\/es\/influenciadores\/tipos-de-socios\/"},{"@type":"ListItem","position":4,"name":"Gestores de foros y comunidades","item":"https:\/\/partners.blackbull.com\/es\/influenciadores\/tipos-de-socios\/gestores-de-foros-y-comunidades\/"},{"@type":"ListItem","position":5,"name":"Moderadores del subreddit"}]},{"@type":"WebSite","@id":"https:\/\/partners.blackbull.com\/es\/#website","url":"https:\/\/partners.blackbull.com\/es\/","name":"BlackBull Partners","description":"BlackBull Affiliates is the partner referral program of BlackBull Markets, a top-tier, award-winning, and multi-regulated forex broker.","publisher":{"@id":"https:\/\/partners.blackbull.com\/es\/#organization"},"potentialAction":[{"@type":"SearchAction","target":{"@type":"EntryPoint","urlTemplate":"https:\/\/partners.blackbull.com\/es\/?s={search_term_string}"},"query-input":{"@type":"PropertyValueSpecification","valueRequired":true,"valueName":"search_term_string"}}],"inLanguage":"es"},{"@type":"Organization","@id":"https:\/\/partners.blackbull.com\/es\/#organization","name":"BlackBull Partners","url":"https:\/\/partners.blackbull.com\/es\/","logo":{"@type":"ImageObject","inLanguage":"es","@id":"https:\/\/partners.blackbull.com\/es\/#\/schema\/logo\/image\/","url":"https:\/\/partners.blackbull.com\/wp-content\/uploads\/2022\/03\/BBMPartnerslogo_blue.svg","contentUrl":"https:\/\/partners.blackbull.com\/wp-content\/uploads\/2022\/03\/BBMPartnerslogo_blue.svg","width":981,"height":279,"caption":"BlackBull Partners"},"image":{"@id":"https:\/\/partners.blackbull.com\/es\/#\/schema\/logo\/image\/"}}]}},"_links":{"self":[{"href":"https:\/\/partners.blackbull.com\/es\/wp-json\/wp\/v2\/pages\/17248","targetHints":{"allow":["GET"]}}],"collection":[{"href":"https:\/\/partners.blackbull.com\/es\/wp-json\/wp\/v2\/pages"}],"about":[{"href":"https:\/\/partners.blackbull.com\/es\/wp-json\/wp\/v2\/types\/page"}],"author":[{"embeddable":true,"href":"https:\/\/partners.blackbull.com\/es\/wp-json\/wp\/v2\/users\/6"}],"replies":[{"embeddable":true,"href":"https:\/\/partners.blackbull.com\/es\/wp-json\/wp\/v2\/comments?post=17248"}],"version-history":[{"count":1,"href":"https:\/\/partners.blackbull.com\/es\/wp-json\/wp\/v2\/pages\/17248\/revisions"}],"predecessor-version":[{"id":17249,"href":"https:\/\/partners.blackbull.com\/es\/wp-json\/wp\/v2\/pages\/17248\/revisions\/17249"}],"up":[{"embeddable":true,"href":"https:\/\/partners.blackbull.com\/es\/wp-json\/wp\/v2\/pages\/17240"}],"wp:attachment":[{"href":"https:\/\/partners.blackbull.com\/es\/wp-json\/wp\/v2\/media?parent=17248"}],"curies":[{"name":"wp","href":"https:\/\/api.w.org\/{rel}","templated":true}]}}