{"id":17250,"date":"2025-03-25T07:00:18","date_gmt":"2025-03-24T18:00:18","guid":{"rendered":"https:\/\/partners.blackbull.com\/influenciadores\/modelos-de-influencia\/patrocinio-de-marcas\/"},"modified":"2025-03-25T07:00:21","modified_gmt":"2025-03-24T18:00:21","slug":"brand-sponsorships","status":"publish","type":"page","link":"https:\/\/partners.blackbull.com\/es\/influencers\/influencer-models\/brand-sponsorships\/","title":{"rendered":"Patrocinio de marcas"},"content":{"rendered":"\t\t<div data-elementor-type=\"wp-page\" data-elementor-id=\"17250\" class=\"elementor elementor-17250 elementor-4698\" data-elementor-post-type=\"page\">\n\t\t\t\t<div class=\"elementor-element elementor-element-0d81f82 e-flex e-con-boxed e-con e-parent\" data-id=\"0d81f82\" data-element_type=\"container\" data-e-type=\"container\" data-settings=\"{&quot;background_background&quot;:&quot;classic&quot;,&quot;jet_parallax_layout_list&quot;:[]}\">\n\t\t\t\t\t<div class=\"e-con-inner\">\n\t\t\t\t<div class=\"elementor-element elementor-element-c5e7586 elementor-widget elementor-widget-breadcrumbs\" data-id=\"c5e7586\" data-element_type=\"widget\" data-e-type=\"widget\" data-widget_type=\"breadcrumbs.default\">\n\t\t\t\t\t<p id=\"breadcrumbs\"><span><span><a href=\"https:\/\/partners.blackbull.com\/es\/home-new\/\">Home<\/a><\/span><\/span><\/p>\t\t\t\t<\/div>\n\t\t\t\t\t<\/div>\n\t\t\t\t<\/div>\n\t\t<div class=\"elementor-element elementor-element-23c3c88 e-flex e-con-boxed e-con e-parent\" data-id=\"23c3c88\" data-element_type=\"container\" data-e-type=\"container\" data-settings=\"{&quot;background_background&quot;:&quot;classic&quot;,&quot;jet_parallax_layout_list&quot;:[]}\">\n\t\t\t\t\t<div class=\"e-con-inner\">\n\t\t<div class=\"elementor-element elementor-element-bedae34 e-con-full e-flex e-con e-parent\" data-id=\"bedae34\" data-element_type=\"container\" data-e-type=\"container\" data-settings=\"{&quot;background_background&quot;:&quot;classic&quot;,&quot;jet_parallax_layout_list&quot;:[]}\">\n\t\t\t\t<div class=\"elementor-element elementor-element-d7c19cd elementor-widget__width-initial elementor-widget elementor-widget-heading\" data-id=\"d7c19cd\" data-element_type=\"widget\" data-e-type=\"widget\" data-widget_type=\"heading.default\">\n\t\t\t\t\t<h2 class=\"elementor-heading-title elementor-size-default\">Patrocinios de la marca BlackBull Partners<\/h2>\t\t\t\t<\/div>\n\t\t\t\t<\/div>\n\t\t<div class=\"elementor-element elementor-element-c566324 e-con-full e-flex e-con e-parent\" data-id=\"c566324\" data-element_type=\"container\" data-e-type=\"container\" data-settings=\"{&quot;jet_parallax_layout_list&quot;:[]}\">\n\t\t\t\t<div class=\"elementor-element elementor-element-7c8e644 link-text elementor-widget elementor-widget-text-editor\" data-id=\"7c8e644\" data-element_type=\"widget\" data-e-type=\"widget\" data-widget_type=\"text-editor.default\">\n\t\t\t\t\t\t\t\t\t<p>Los acuerdos de patrocinio de marca para personas influyentes en el sector de las divisas funcionan de forma similar a otros sectores. B\u00e1sicamente, un corredor de Forex paga a un influencer para que promocione los productos o servicios del corredor entre su audiencia. <\/p>\n\t\t\t\t\t\t\t\t<\/div>\n\t\t\t\t<\/div>\n\t\t\t\t\t<\/div>\n\t\t\t\t<\/div>\n\t\t<div class=\"elementor-element elementor-element-0b9843b e-flex e-con-boxed e-con e-parent\" data-id=\"0b9843b\" data-element_type=\"container\" data-e-type=\"container\" data-settings=\"{&quot;jet_parallax_layout_list&quot;:[]}\">\n\t\t\t\t\t<div class=\"e-con-inner\">\n\t\t<div class=\"elementor-element elementor-element-1790d42 e-flex e-con-boxed e-con e-parent\" data-id=\"1790d42\" data-element_type=\"container\" data-e-type=\"container\" data-settings=\"{&quot;jet_parallax_layout_list&quot;:[]}\">\n\t\t\t\t\t<div class=\"e-con-inner\">\n\t\t\t\t<div class=\"elementor-element elementor-element-ec31750 elementor-widget elementor-widget-heading\" data-id=\"ec31750\" data-element_type=\"widget\" data-e-type=\"widget\" data-widget_type=\"heading.default\">\n\t\t\t\t\t<h2 class=\"elementor-heading-title elementor-size-default\">Potenciando a los Influenciadores Forex: Desvelando la din\u00e1mica de los acuerdos de patrocinio de marca con BlackBull Partners<\/h2>\t\t\t\t<\/div>\n\t\t\t\t<div class=\"elementor-element elementor-element-a6155a0 elementor-widget elementor-widget-text-editor\" data-id=\"a6155a0\" data-element_type=\"widget\" data-e-type=\"widget\" data-widget_type=\"text-editor.default\">\n\t\t\t\t\t\t\t\t\t<p>Los acuerdos de patrocinio de marca para personas influyentes en el sector de las divisas funcionan de forma similar a otros sectores. B\u00e1sicamente, un corredor de Forex paga a un influencer para que promocione los productos o servicios del corredor entre su audiencia. <\/p>\n<p>Las condiciones espec\u00edficas de un acuerdo de patrocinio de marca entre un influencer y BlackBull Partners var\u00edan en funci\u00f3n del tama\u00f1o y el alcance de la audiencia del influencer, la naturaleza del contenido que produce y los objetivos del compromiso.<\/p>\n\t\t\t\t\t\t\t\t<\/div>\n\t\t\t\t\t<\/div>\n\t\t\t\t<\/div>\n\t\t\t\t\t<\/div>\n\t\t\t\t<\/div>\n\t\t<div class=\"elementor-element elementor-element-0656192 e-con-full get-guide-section work-step-section e-flex e-con e-parent\" data-id=\"0656192\" data-element_type=\"container\" data-e-type=\"container\" data-settings=\"{&quot;background_background&quot;:&quot;classic&quot;,&quot;jet_parallax_layout_list&quot;:[]}\">\n\t\t<div class=\"elementor-element elementor-element-f377276 e-con-full e-flex e-con e-parent\" data-id=\"f377276\" data-element_type=\"container\" data-e-type=\"container\" data-settings=\"{&quot;jet_parallax_layout_list&quot;:[]}\">\n\t\t\t\t<div class=\"elementor-element elementor-element-5e87151 elementor-widget__width-initial elementor-widget elementor-widget-heading\" data-id=\"5e87151\" data-element_type=\"widget\" data-e-type=\"widget\" data-widget_type=\"heading.default\">\n\t\t\t\t\t<p class=\"elementor-heading-title elementor-size-default\">Algunos componentes comunes que los Socios de BlackBull tienen en cuenta en un acuerdo de patrocinio de marca para personas influyentes del sector forex son:<\/p>\t\t\t\t<\/div>\n\t\t\t\t<div class=\"elementor-element elementor-element-b752b6d guid-slider-wrap elementor-widget elementor-widget-jet-carousel\" data-id=\"b752b6d\" data-element_type=\"widget\" data-e-type=\"widget\" data-settings=\"{&quot;slides_to_show&quot;:&quot;3&quot;,&quot;slides_to_show_tablet&quot;:&quot;2&quot;,&quot;slides_to_show_mobile&quot;:&quot;1&quot;,&quot;slides_to_scroll_tablet&quot;:&quot;1&quot;,&quot;slides_to_scroll&quot;:&quot;1&quot;}\" data-widget_type=\"jet-carousel.default\">\n\t\t\t\t<div class=\"elementor-widget-container\">\n\t\t\t\t\t<div class=\"elementor-jet-carousel jet-elements\"><div class=\"jet-carousel-wrap jet-equal-cols\">\n\t<div class=\"jet-carousel\" data-slider_options=\"{&quot;autoplaySpeed&quot;:3500,&quot;autoplay&quot;:false,&quot;infinite&quot;:true,&quot;centerMode&quot;:false,&quot;centerPadding&quot;:&quot;80px&quot;,&quot;pauseOnHover&quot;:false,&quot;speed&quot;:800,&quot;arrows&quot;:true,&quot;dots&quot;:false,&quot;variableWidth&quot;:false,&quot;prevArrow&quot;:&quot;.jet-carousel__prev-arrow-b752b6d&quot;,&quot;nextArrow&quot;:&quot;.jet-carousel__next-arrow-b752b6d&quot;,&quot;rtl&quot;:false,&quot;fractionNav&quot;:false}\" dir=\"ltr\">\n\t<div class=\"elementor-slick-slider\">\n\n<div class=\"jet-carousel__item\">\n\t<div class=\"jet-carousel__item-inner\"><div class=\"jet-carousel__content\"><h5 class=\"jet-carousel__item-title\">Compensaci\u00f3n<\/h5><div class=\"jet-carousel__item-text\"><p>pagamos a los influencers una retribuci\u00f3n a cambio de sus servicios promocionales. El importe de la compensaci\u00f3n depender\u00e1 del alcance, la participaci\u00f3n y el nivel de influencia del influencer en el sector. Suele estar vinculada a m\u00e9tricas basadas en el rendimiento.  <\/p><\/div><\/div><\/div>\n<\/div>\n\n<div class=\"jet-carousel__item\">\n\t<div class=\"jet-carousel__item-inner\"><div class=\"jet-carousel__content\"><h5 class=\"jet-carousel__item-title\">Requisitos para la promoci\u00f3n<\/h5><div class=\"jet-carousel__item-text\"><p>Normalmente, el influencer debe crear contenidos que promocionen positivamente los productos o servicios de BlackBull. Esto puede incluir publicaciones en redes sociales, art\u00edculos de blog o v\u00eddeos. Normalmente se hablar\u00e1 de la prominencia entre otros promotores.  <\/p><\/div><\/div><\/div>\n<\/div>\n\n<div class=\"jet-carousel__item\">\n\t<div class=\"jet-carousel__item-inner\"><div class=\"jet-carousel__content\"><h5 class=\"jet-carousel__item-title\">Conformidad<\/h5><div class=\"jet-carousel__item-text\"><p>El influencer es responsable de garantizar que su contenido cumple la normativa aplicable, como las normas que rigen el uso de testimonios o avales en materiales de marketing, adem\u00e1s de las directrices de marca y publicidad de BlackBull Partners.<\/p><\/div><\/div><\/div>\n<\/div>\n\n<div class=\"jet-carousel__item\">\n\t<div class=\"jet-carousel__item-inner\"><div class=\"jet-carousel__content\"><h5 class=\"jet-carousel__item-title\">M\u00e9tricas de rendimiento<\/h5><div class=\"jet-carousel__item-text\"><p>podemos exigirte que cumplas determinadas m\u00e9tricas de rendimiento, como un n\u00famero m\u00ednimo de clics, clientes potenciales o conversiones generados a partir de sus esfuerzos promocionales.<\/p><\/div><\/div><\/div>\n<\/div>\n<\/div><div class=\"jet-carousel__prev-arrow-b752b6d jet-arrow prev-arrow\"><svg xmlns=\"http:\/\/www.w3.org\/2000\/svg\" width=\"49\" height=\"49\" viewBox=\"0 0 49 49\"><g id=\"Group_2752\" data-name=\"Group 2752\" transform=\"translate(-14421 2552) rotate(180)\"><g id=\"Rectangle_100\" data-name=\"Rectangle 100\" transform=\"translate(-14470 2503)\" fill=\"rgba(255,255,255,0.2)\" stroke=\"#1a58d3\" stroke-width=\"1\"><rect width=\"49\" height=\"49\" rx=\"24.5\" stroke=\"none\"><\/rect><rect x=\"0.5\" y=\"0.5\" width=\"48\" height=\"48\" rx=\"24\" fill=\"none\"><\/rect><\/g><path id=\"Path_12338\" data-name=\"Path 12338\" d=\"M0,0,8.523,8.523,0,17.045\" transform=\"translate(-14448.762 2518.978)\" fill=\"none\" stroke=\"#1a58d3\" stroke-linecap=\"round\" stroke-linejoin=\"round\" stroke-width=\"2\"><\/path><\/g><\/svg><\/div><div class=\"jet-carousel__next-arrow-b752b6d jet-arrow next-arrow\"><svg xmlns=\"http:\/\/www.w3.org\/2000\/svg\" width=\"49\" height=\"49\" viewBox=\"0 0 49 49\"><g id=\"Group_2751\" data-name=\"Group 2751\" transform=\"translate(14470)\"><g id=\"Rectangle_100\" data-name=\"Rectangle 100\" transform=\"translate(-14470)\" fill=\"rgba(255,255,255,0.2)\" stroke=\"#1a58d3\" stroke-width=\"1\"><rect width=\"49\" height=\"49\" rx=\"24.5\" stroke=\"none\"><\/rect><rect x=\"0.5\" y=\"0.5\" width=\"48\" height=\"48\" rx=\"24\" fill=\"none\"><\/rect><\/g><path id=\"Path_12338\" data-name=\"Path 12338\" d=\"M8.25,4.5l8.523,8.523L8.25,21.545\" transform=\"translate(-14457.012 11.477)\" fill=\"none\" stroke=\"#1a58d3\" stroke-linecap=\"round\" stroke-linejoin=\"round\" stroke-width=\"2\"><\/path><\/g><\/svg><\/div><\/div>\n<\/div>\n<\/div>\t\t\t\t<\/div>\n\t\t\t\t<\/div>\n\t\t\t\t<div class=\"elementor-element elementor-element-df99ef2 elementor-widget__width-initial elementor-widget elementor-widget-text-editor\" data-id=\"df99ef2\" data-element_type=\"widget\" data-e-type=\"widget\" data-widget_type=\"text-editor.default\">\n\t\t\t\t\t\t\t\t\t<p>Los acuerdos de patrocinio de marca son una forma eficaz de que los corredores de Forex lleguen a un p\u00fablico objetivo y generen confianza entre los clientes potenciales. <a href=\"https:\/\/secure.blackbull.com\/auth\/register-partners\/\"><span style=\"color: #1a58d3;\">Abre una cuenta en BlackBull Partners<\/span><\/a> hoy mismo para hablar de c\u00f3mo podemos ayudarte a hacer crecer tu negocio.<\/p>\n\t\t\t\t\t\t\t\t<\/div>\n\t\t\t\t<div class=\"elementor-element elementor-element-bd73785 elementor-mobile-align-left elementor-widget elementor-widget-button\" data-id=\"bd73785\" data-element_type=\"widget\" data-e-type=\"widget\" data-widget_type=\"button.default\">\n\t\t\t\t\t\t\t\t\t\t<a class=\"elementor-button elementor-button-link elementor-size-sm\" href=\"https:\/\/secure.blackbull.com\/auth\/register-partners\/\">\n\t\t\t\t\t\t<span class=\"elementor-button-content-wrapper\">\n\t\t\t\t\t\t\t\t\t<span class=\"elementor-button-text\">INSCR\u00cdBETE AHORA<\/span>\n\t\t\t\t\t<\/span>\n\t\t\t\t\t<\/a>\n\t\t\t\t\t\t\t\t<\/div>\n\t\t\t\t<\/div>\n\t\t\t\t<\/div>\n\t\t\t\t<\/div>\n\t\t","protected":false},"excerpt":{"rendered":"<p>Patrocinios de la marca BlackBull Partners Los acuerdos de patrocinio de marca para personas influyentes en el sector de las divisas funcionan de forma similar a otros sectores. B\u00e1sicamente, un corredor de Forex paga a un influencer para que promocione los productos o servicios del corredor entre su audiencia. Potenciando a los Influenciadores Forex: Desvelando [&hellip;]<\/p>\n","protected":false},"author":6,"featured_media":0,"parent":17197,"menu_order":4,"comment_status":"closed","ping_status":"closed","template":"elementor_header_footer","meta":{"inline_featured_image":false,"footnotes":""},"class_list":["post-17250","page","type-page","status-publish","hentry"],"yoast_head":"<!-- This site is optimized with the Yoast SEO plugin v27.3 - https:\/\/yoast.com\/product\/yoast-seo-wordpress\/ -->\n<title>Patrocinio de marcas | BlackBull Partners%.<\/title>\n<meta name=\"description\" content=\"Los acuerdos de patrocinio de marca para personas influyentes en el sector de las divisas funcionan de forma similar a otros sectores. B\u00e1sicamente, un corredor de Forex paga a un influencer para que promocione los productos o servicios del corredor entre su audiencia.\" \/>\n<meta name=\"robots\" content=\"index, follow, max-snippet:-1, max-image-preview:large, max-video-preview:-1\" \/>\n<link rel=\"canonical\" href=\"https:\/\/partners.blackbull.com\/es\/influencers\/influencer-models\/brand-sponsorships\/\" \/>\n<meta property=\"og:locale\" content=\"es_ES\" \/>\n<meta property=\"og:type\" content=\"article\" \/>\n<meta property=\"og:title\" content=\"Patrocinio de marcas | BlackBull Partners%.\" \/>\n<meta property=\"og:description\" content=\"Los acuerdos de patrocinio de marca para personas influyentes en el sector de las divisas funcionan de forma similar a otros sectores. B\u00e1sicamente, un corredor de Forex paga a un influencer para que promocione los productos o servicios del corredor entre su audiencia.\" \/>\n<meta property=\"og:url\" content=\"https:\/\/partners.blackbull.com\/es\/influencers\/influencer-models\/brand-sponsorships\/\" \/>\n<meta property=\"og:site_name\" content=\"BlackBull Partners\" \/>\n<meta property=\"article:modified_time\" content=\"2025-03-24T18:00:21+00:00\" \/>\n<meta property=\"og:image\" content=\"https:\/\/partners.blackbull.com\/wp-content\/uploads\/2023\/09\/BlackBull-Partners.jpg\" \/>\n\t<meta property=\"og:image:width\" content=\"1200\" \/>\n\t<meta property=\"og:image:height\" content=\"630\" \/>\n\t<meta property=\"og:image:type\" content=\"image\/jpeg\" \/>\n<meta name=\"twitter:card\" content=\"summary_large_image\" \/>\n<meta name=\"twitter:label1\" content=\"Tiempo de lectura\" \/>\n\t<meta name=\"twitter:data1\" content=\"2 minutos\" \/>\n<script type=\"application\/ld+json\" class=\"yoast-schema-graph\">{\"@context\":\"https:\\\/\\\/schema.org\",\"@graph\":[{\"@type\":\"WebPage\",\"@id\":\"https:\\\/\\\/partners.blackbull.com\\\/es\\\/influencers\\\/influencer-models\\\/brand-sponsorships\\\/\",\"url\":\"https:\\\/\\\/partners.blackbull.com\\\/es\\\/influencers\\\/influencer-models\\\/brand-sponsorships\\\/\",\"name\":\"Patrocinio de marcas | BlackBull Partners%.\",\"isPartOf\":{\"@id\":\"https:\\\/\\\/partners.blackbull.com\\\/es\\\/#website\"},\"datePublished\":\"2025-03-24T18:00:18+00:00\",\"dateModified\":\"2025-03-24T18:00:21+00:00\",\"description\":\"Los acuerdos de patrocinio de marca para personas influyentes en el sector de las divisas funcionan de forma similar a otros sectores. B\u00e1sicamente, un corredor de Forex paga a un influencer para que promocione los productos o servicios del corredor entre su audiencia.\",\"breadcrumb\":{\"@id\":\"https:\\\/\\\/partners.blackbull.com\\\/es\\\/influencers\\\/influencer-models\\\/brand-sponsorships\\\/#breadcrumb\"},\"inLanguage\":\"es\",\"potentialAction\":[{\"@type\":\"ReadAction\",\"target\":[\"https:\\\/\\\/partners.blackbull.com\\\/es\\\/influencers\\\/influencer-models\\\/brand-sponsorships\\\/\"]}]},{\"@type\":\"BreadcrumbList\",\"@id\":\"https:\\\/\\\/partners.blackbull.com\\\/es\\\/influencers\\\/influencer-models\\\/brand-sponsorships\\\/#breadcrumb\",\"itemListElement\":[{\"@type\":\"ListItem\",\"position\":1,\"name\":\"Home\",\"item\":\"https:\\\/\\\/partners.blackbull.com\\\/es\\\/home-new\\\/\"},{\"@type\":\"ListItem\",\"position\":2,\"name\":\"Influenciadores\",\"item\":\"https:\\\/\\\/partners.blackbull.com\\\/es\\\/influenciadores\\\/\"},{\"@type\":\"ListItem\",\"position\":3,\"name\":\"Modelos de influencia\",\"item\":\"https:\\\/\\\/partners.blackbull.com\\\/es\\\/influenciadores\\\/modelos-de-influencia\\\/\"},{\"@type\":\"ListItem\",\"position\":4,\"name\":\"Patrocinio de marcas\"}]},{\"@type\":\"WebSite\",\"@id\":\"https:\\\/\\\/partners.blackbull.com\\\/es\\\/#website\",\"url\":\"https:\\\/\\\/partners.blackbull.com\\\/es\\\/\",\"name\":\"BlackBull Partners\",\"description\":\"BlackBull Affiliates is the partner referral program of BlackBull Markets, a top-tier, award-winning, and multi-regulated forex broker.\",\"publisher\":{\"@id\":\"https:\\\/\\\/partners.blackbull.com\\\/es\\\/#organization\"},\"potentialAction\":[{\"@type\":\"SearchAction\",\"target\":{\"@type\":\"EntryPoint\",\"urlTemplate\":\"https:\\\/\\\/partners.blackbull.com\\\/es\\\/?s={search_term_string}\"},\"query-input\":{\"@type\":\"PropertyValueSpecification\",\"valueRequired\":true,\"valueName\":\"search_term_string\"}}],\"inLanguage\":\"es\"},{\"@type\":\"Organization\",\"@id\":\"https:\\\/\\\/partners.blackbull.com\\\/es\\\/#organization\",\"name\":\"BlackBull Partners\",\"url\":\"https:\\\/\\\/partners.blackbull.com\\\/es\\\/\",\"logo\":{\"@type\":\"ImageObject\",\"inLanguage\":\"es\",\"@id\":\"https:\\\/\\\/partners.blackbull.com\\\/es\\\/#\\\/schema\\\/logo\\\/image\\\/\",\"url\":\"https:\\\/\\\/partners.blackbull.com\\\/wp-content\\\/uploads\\\/2022\\\/03\\\/BBMPartnerslogo_blue.svg\",\"contentUrl\":\"https:\\\/\\\/partners.blackbull.com\\\/wp-content\\\/uploads\\\/2022\\\/03\\\/BBMPartnerslogo_blue.svg\",\"width\":981,\"height\":279,\"caption\":\"BlackBull Partners\"},\"image\":{\"@id\":\"https:\\\/\\\/partners.blackbull.com\\\/es\\\/#\\\/schema\\\/logo\\\/image\\\/\"}}]}<\/script>\n<!-- \/ Yoast SEO plugin. -->","yoast_head_json":{"title":"Patrocinio de marcas | BlackBull Partners%.","description":"Los acuerdos de patrocinio de marca para personas influyentes en el sector de las divisas funcionan de forma similar a otros sectores. B\u00e1sicamente, un corredor de Forex paga a un influencer para que promocione los productos o servicios del corredor entre su audiencia.","robots":{"index":"index","follow":"follow","max-snippet":"max-snippet:-1","max-image-preview":"max-image-preview:large","max-video-preview":"max-video-preview:-1"},"canonical":"https:\/\/partners.blackbull.com\/es\/influencers\/influencer-models\/brand-sponsorships\/","og_locale":"es_ES","og_type":"article","og_title":"Patrocinio de marcas | BlackBull Partners%.","og_description":"Los acuerdos de patrocinio de marca para personas influyentes en el sector de las divisas funcionan de forma similar a otros sectores. B\u00e1sicamente, un corredor de Forex paga a un influencer para que promocione los productos o servicios del corredor entre su audiencia.","og_url":"https:\/\/partners.blackbull.com\/es\/influencers\/influencer-models\/brand-sponsorships\/","og_site_name":"BlackBull Partners","article_modified_time":"2025-03-24T18:00:21+00:00","og_image":[{"width":1200,"height":630,"url":"https:\/\/partners.blackbull.com\/wp-content\/uploads\/2023\/09\/BlackBull-Partners.jpg","type":"image\/jpeg"}],"twitter_card":"summary_large_image","twitter_misc":{"Tiempo de lectura":"2 minutos"},"schema":{"@context":"https:\/\/schema.org","@graph":[{"@type":"WebPage","@id":"https:\/\/partners.blackbull.com\/es\/influencers\/influencer-models\/brand-sponsorships\/","url":"https:\/\/partners.blackbull.com\/es\/influencers\/influencer-models\/brand-sponsorships\/","name":"Patrocinio de marcas | BlackBull Partners%.","isPartOf":{"@id":"https:\/\/partners.blackbull.com\/es\/#website"},"datePublished":"2025-03-24T18:00:18+00:00","dateModified":"2025-03-24T18:00:21+00:00","description":"Los acuerdos de patrocinio de marca para personas influyentes en el sector de las divisas funcionan de forma similar a otros sectores. B\u00e1sicamente, un corredor de Forex paga a un influencer para que promocione los productos o servicios del corredor entre su audiencia.","breadcrumb":{"@id":"https:\/\/partners.blackbull.com\/es\/influencers\/influencer-models\/brand-sponsorships\/#breadcrumb"},"inLanguage":"es","potentialAction":[{"@type":"ReadAction","target":["https:\/\/partners.blackbull.com\/es\/influencers\/influencer-models\/brand-sponsorships\/"]}]},{"@type":"BreadcrumbList","@id":"https:\/\/partners.blackbull.com\/es\/influencers\/influencer-models\/brand-sponsorships\/#breadcrumb","itemListElement":[{"@type":"ListItem","position":1,"name":"Home","item":"https:\/\/partners.blackbull.com\/es\/home-new\/"},{"@type":"ListItem","position":2,"name":"Influenciadores","item":"https:\/\/partners.blackbull.com\/es\/influenciadores\/"},{"@type":"ListItem","position":3,"name":"Modelos de influencia","item":"https:\/\/partners.blackbull.com\/es\/influenciadores\/modelos-de-influencia\/"},{"@type":"ListItem","position":4,"name":"Patrocinio de marcas"}]},{"@type":"WebSite","@id":"https:\/\/partners.blackbull.com\/es\/#website","url":"https:\/\/partners.blackbull.com\/es\/","name":"BlackBull Partners","description":"BlackBull Affiliates is the partner referral program of BlackBull Markets, a top-tier, award-winning, and multi-regulated forex broker.","publisher":{"@id":"https:\/\/partners.blackbull.com\/es\/#organization"},"potentialAction":[{"@type":"SearchAction","target":{"@type":"EntryPoint","urlTemplate":"https:\/\/partners.blackbull.com\/es\/?s={search_term_string}"},"query-input":{"@type":"PropertyValueSpecification","valueRequired":true,"valueName":"search_term_string"}}],"inLanguage":"es"},{"@type":"Organization","@id":"https:\/\/partners.blackbull.com\/es\/#organization","name":"BlackBull Partners","url":"https:\/\/partners.blackbull.com\/es\/","logo":{"@type":"ImageObject","inLanguage":"es","@id":"https:\/\/partners.blackbull.com\/es\/#\/schema\/logo\/image\/","url":"https:\/\/partners.blackbull.com\/wp-content\/uploads\/2022\/03\/BBMPartnerslogo_blue.svg","contentUrl":"https:\/\/partners.blackbull.com\/wp-content\/uploads\/2022\/03\/BBMPartnerslogo_blue.svg","width":981,"height":279,"caption":"BlackBull Partners"},"image":{"@id":"https:\/\/partners.blackbull.com\/es\/#\/schema\/logo\/image\/"}}]}},"_links":{"self":[{"href":"https:\/\/partners.blackbull.com\/es\/wp-json\/wp\/v2\/pages\/17250","targetHints":{"allow":["GET"]}}],"collection":[{"href":"https:\/\/partners.blackbull.com\/es\/wp-json\/wp\/v2\/pages"}],"about":[{"href":"https:\/\/partners.blackbull.com\/es\/wp-json\/wp\/v2\/types\/page"}],"author":[{"embeddable":true,"href":"https:\/\/partners.blackbull.com\/es\/wp-json\/wp\/v2\/users\/6"}],"replies":[{"embeddable":true,"href":"https:\/\/partners.blackbull.com\/es\/wp-json\/wp\/v2\/comments?post=17250"}],"version-history":[{"count":1,"href":"https:\/\/partners.blackbull.com\/es\/wp-json\/wp\/v2\/pages\/17250\/revisions"}],"predecessor-version":[{"id":17251,"href":"https:\/\/partners.blackbull.com\/es\/wp-json\/wp\/v2\/pages\/17250\/revisions\/17251"}],"up":[{"embeddable":true,"href":"https:\/\/partners.blackbull.com\/es\/wp-json\/wp\/v2\/pages\/17197"}],"wp:attachment":[{"href":"https:\/\/partners.blackbull.com\/es\/wp-json\/wp\/v2\/media?parent=17250"}],"curies":[{"name":"wp","href":"https:\/\/api.w.org\/{rel}","templated":true}]}}