{"id":17252,"date":"2025-03-25T07:00:19","date_gmt":"2025-03-24T18:00:19","guid":{"rendered":"https:\/\/partners.blackbull.com\/ayuda\/recursos\/calculadora-de-beneficios\/"},"modified":"2025-03-25T07:00:21","modified_gmt":"2025-03-24T18:00:21","slug":"profit-calculator","status":"publish","type":"page","link":"https:\/\/partners.blackbull.com\/es\/support\/resources\/profit-calculator\/","title":{"rendered":"Calculadora de beneficios"},"content":{"rendered":"\t\t<div data-elementor-type=\"wp-page\" data-elementor-id=\"17252\" class=\"elementor elementor-17252 elementor-4700\" data-elementor-post-type=\"page\">\n\t\t\t\t<div class=\"elementor-element elementor-element-6bf8fbc e-flex e-con-boxed e-con e-parent\" data-id=\"6bf8fbc\" data-element_type=\"container\" data-e-type=\"container\" data-settings=\"{&quot;background_background&quot;:&quot;classic&quot;,&quot;jet_parallax_layout_list&quot;:[]}\">\n\t\t\t\t\t<div class=\"e-con-inner\">\n\t\t\t\t<div class=\"elementor-element elementor-element-419a2b1 elementor-widget elementor-widget-breadcrumbs\" data-id=\"419a2b1\" data-element_type=\"widget\" data-e-type=\"widget\" data-widget_type=\"breadcrumbs.default\">\n\t\t\t\t\t<p id=\"breadcrumbs\"><span><span><a href=\"https:\/\/partners.blackbull.com\/es\/home-new\/\">Home<\/a><\/span><\/span><\/p>\t\t\t\t<\/div>\n\t\t\t\t\t<\/div>\n\t\t\t\t<\/div>\n\t\t<div class=\"elementor-element elementor-element-06d8387 e-flex e-con-boxed e-con e-parent\" data-id=\"06d8387\" data-element_type=\"container\" data-e-type=\"container\" data-settings=\"{&quot;jet_parallax_layout_list&quot;:[]}\">\n\t\t\t\t\t<div class=\"e-con-inner\">\n\t\t<div class=\"elementor-element elementor-element-6796279 e-flex e-con-boxed e-con e-child\" data-id=\"6796279\" data-element_type=\"container\" data-e-type=\"container\" data-settings=\"{&quot;jet_parallax_layout_list&quot;:[]}\">\n\t\t\t\t\t<div class=\"e-con-inner\">\n\t\t<div class=\"elementor-element elementor-element-cf1ae98 cpa_calculator e-flex e-con-boxed e-con e-child\" data-id=\"cf1ae98\" data-element_type=\"container\" data-e-type=\"container\" data-settings=\"{&quot;jet_parallax_layout_list&quot;:[]}\">\n\t\t\t\t\t<div class=\"e-con-inner\">\n\t\t\t\t<div class=\"elementor-element elementor-element-67a8d24 elementor-widget elementor-widget-elementor_earning_calculator\" data-id=\"67a8d24\" data-element_type=\"widget\" data-e-type=\"widget\" data-widget_type=\"elementor_earning_calculator.default\">\n\t\t\t\t<div class=\"elementor-widget-container\">\n\t\t\t\t\t\n\t\t<div class=\"ec-wrapper\">\n\n\t\t<h3>CPA Calculator<\/h3>\n\n\n\n\t\t<div class=\"row\">\n\n\t\t\t<div>\n\n\t\t\t\t<label> Select a Country <\/label>\n\n\t\t\t\t<select name=\"selected_grp_country\" id=\"ecgrp_country\">\n\n\t\t\t\t\n\t\t\t\t\t<option data-cpagroup=\"group_a\" data-cpamt=\"500.00,550.00,625.00,750.00,1000.00\" value=\"Australia\">Australia <\/option>\n\n\t\t\t\t\n\t\t\t\t\t<option data-cpagroup=\"group_a\" data-cpamt=\"500.00,550.00,625.00,750.00,1000.00\" value=\" Denmark\"> Denmark <\/option>\n\n\t\t\t\t\n\t\t\t\t\t<option data-cpagroup=\"group_a\" data-cpamt=\"500.00,550.00,625.00,750.00,1000.00\" value=\" France\"> France <\/option>\n\n\t\t\t\t\n\t\t\t\t\t<option data-cpagroup=\"group_a\" data-cpamt=\"500.00,550.00,625.00,750.00,1000.00\" value=\" Germany\"> Germany <\/option>\n\n\t\t\t\t\n\t\t\t\t\t<option data-cpagroup=\"group_a\" data-cpamt=\"500.00,550.00,625.00,750.00,1000.00\" value=\" Hong Kong\"> Hong Kong <\/option>\n\n\t\t\t\t\n\t\t\t\t\t<option data-cpagroup=\"group_a\" data-cpamt=\"500.00,550.00,625.00,750.00,1000.00\" value=\" Hungary\"> Hungary <\/option>\n\n\t\t\t\t\n\t\t\t\t\t<option data-cpagroup=\"group_a\" data-cpamt=\"500.00,550.00,625.00,750.00,1000.00\" value=\" Ireland\"> Ireland <\/option>\n\n\t\t\t\t\n\t\t\t\t\t<option data-cpagroup=\"group_a\" data-cpamt=\"500.00,550.00,625.00,750.00,1000.00\" value=\" New Zealand\"> New Zealand <\/option>\n\n\t\t\t\t\n\t\t\t\t\t<option data-cpagroup=\"group_a\" data-cpamt=\"500.00,550.00,625.00,750.00,1000.00\" value=\" Norway\"> Norway <\/option>\n\n\t\t\t\t\n\t\t\t\t\t<option data-cpagroup=\"group_a\" data-cpamt=\"500.00,550.00,625.00,750.00,1000.00\" value=\" Sweden\"> Sweden <\/option>\n\n\t\t\t\t\n\t\t\t\t\t<option data-cpagroup=\"group_a\" data-cpamt=\"500.00,550.00,625.00,750.00,1000.00\" value=\" Switzerland\"> Switzerland <\/option>\n\n\t\t\t\t\n\t\t\t\t\t<option data-cpagroup=\"group_a\" data-cpamt=\"500.00,550.00,625.00,750.00,1000.00\" value=\" United Kingdom\"> United Kingdom <\/option>\n\n\t\t\t\t\n\t\t\t\t\t<option data-cpagroup=\"group_b\" data-cpamt=\"375.00,412.50,468.75,562.50,750.00\" value=\"Belgium\">Belgium <\/option>\n\n\t\t\t\t\n\t\t\t\t\t<option data-cpagroup=\"group_b\" data-cpamt=\"375.00,412.50,468.75,562.50,750.00\" value=\" Cayman Islands\"> Cayman Islands <\/option>\n\n\t\t\t\t\n\t\t\t\t\t<option data-cpagroup=\"group_b\" data-cpamt=\"375.00,412.50,468.75,562.50,750.00\" value=\" Estonia\"> Estonia <\/option>\n\n\t\t\t\t\n\t\t\t\t\t<option data-cpagroup=\"group_b\" data-cpamt=\"375.00,412.50,468.75,562.50,750.00\" value=\" Iceland\"> Iceland <\/option>\n\n\t\t\t\t\n\t\t\t\t\t<option data-cpagroup=\"group_b\" data-cpamt=\"375.00,412.50,468.75,562.50,750.00\" value=\" Jamaica\"> Jamaica <\/option>\n\n\t\t\t\t\n\t\t\t\t\t<option data-cpagroup=\"group_b\" data-cpamt=\"375.00,412.50,468.75,562.50,750.00\" value=\" Kazakhstan\"> Kazakhstan <\/option>\n\n\t\t\t\t\n\t\t\t\t\t<option data-cpagroup=\"group_b\" data-cpamt=\"375.00,412.50,468.75,562.50,750.00\" value=\" Kuwait\"> Kuwait <\/option>\n\n\t\t\t\t\n\t\t\t\t\t<option data-cpagroup=\"group_b\" data-cpamt=\"375.00,412.50,468.75,562.50,750.00\" value=\" Lithuania\"> Lithuania <\/option>\n\n\t\t\t\t\n\t\t\t\t\t<option data-cpagroup=\"group_b\" data-cpamt=\"375.00,412.50,468.75,562.50,750.00\" value=\" Luxembourg\"> Luxembourg <\/option>\n\n\t\t\t\t\n\t\t\t\t\t<option data-cpagroup=\"group_b\" data-cpamt=\"375.00,412.50,468.75,562.50,750.00\" value=\" Mexico\"> Mexico <\/option>\n\n\t\t\t\t\n\t\t\t\t\t<option data-cpagroup=\"group_b\" data-cpamt=\"375.00,412.50,468.75,562.50,750.00\" value=\" New Caledonia\"> New Caledonia <\/option>\n\n\t\t\t\t\n\t\t\t\t\t<option data-cpagroup=\"group_b\" data-cpamt=\"375.00,412.50,468.75,562.50,750.00\" value=\" Portugal\"> Portugal <\/option>\n\n\t\t\t\t\n\t\t\t\t\t<option data-cpagroup=\"group_b\" data-cpamt=\"375.00,412.50,468.75,562.50,750.00\" value=\" Romania\"> Romania <\/option>\n\n\t\t\t\t\n\t\t\t\t\t<option data-cpagroup=\"group_b\" data-cpamt=\"375.00,412.50,468.75,562.50,750.00\" value=\" Singapore\"> Singapore <\/option>\n\n\t\t\t\t\n\t\t\t\t\t<option data-cpagroup=\"group_b\" data-cpamt=\"375.00,412.50,468.75,562.50,750.00\" value=\" Taiwan\"> Taiwan <\/option>\n\n\t\t\t\t\n\t\t\t\t\t<option data-cpagroup=\"group_c\" data-cpamt=\"250.00,275.00,312.50,375.00,500.00\" value=\"Argentina\">Argentina <\/option>\n\n\t\t\t\t\n\t\t\t\t\t<option data-cpagroup=\"group_c\" data-cpamt=\"250.00,275.00,312.50,375.00,500.00\" value=\" Austria\"> Austria <\/option>\n\n\t\t\t\t\n\t\t\t\t\t<option data-cpagroup=\"group_c\" data-cpamt=\"250.00,275.00,312.50,375.00,500.00\" value=\" Belize\"> Belize <\/option>\n\n\t\t\t\t\n\t\t\t\t\t<option data-cpagroup=\"group_c\" data-cpamt=\"250.00,275.00,312.50,375.00,500.00\" value=\" Brazil\"> Brazil <\/option>\n\n\t\t\t\t\n\t\t\t\t\t<option data-cpagroup=\"group_c\" data-cpamt=\"250.00,275.00,312.50,375.00,500.00\" value=\" Colombia\"> Colombia <\/option>\n\n\t\t\t\t\n\t\t\t\t\t<option data-cpagroup=\"group_c\" data-cpamt=\"250.00,275.00,312.50,375.00,500.00\" value=\" Croatia\"> Croatia <\/option>\n\n\t\t\t\t\n\t\t\t\t\t<option data-cpagroup=\"group_c\" data-cpamt=\"250.00,275.00,312.50,375.00,500.00\" value=\" Cyprus\"> Cyprus <\/option>\n\n\t\t\t\t\n\t\t\t\t\t<option data-cpagroup=\"group_c\" data-cpamt=\"250.00,275.00,312.50,375.00,500.00\" value=\" Czech Republic\"> Czech Republic <\/option>\n\n\t\t\t\t\n\t\t\t\t\t<option data-cpagroup=\"group_c\" data-cpamt=\"250.00,275.00,312.50,375.00,500.00\" value=\" Dominican Republic\"> Dominican Republic <\/option>\n\n\t\t\t\t\n\t\t\t\t\t<option data-cpagroup=\"group_c\" data-cpamt=\"250.00,275.00,312.50,375.00,500.00\" value=\" Ecuador\"> Ecuador <\/option>\n\n\t\t\t\t\n\t\t\t\t\t<option data-cpagroup=\"group_c\" data-cpamt=\"250.00,275.00,312.50,375.00,500.00\" value=\" Egypt\"> Egypt <\/option>\n\n\t\t\t\t\n\t\t\t\t\t<option data-cpagroup=\"group_c\" data-cpamt=\"250.00,275.00,312.50,375.00,500.00\" value=\" Finland\"> Finland <\/option>\n\n\t\t\t\t\n\t\t\t\t\t<option data-cpagroup=\"group_c\" data-cpamt=\"250.00,275.00,312.50,375.00,500.00\" value=\" French Polynesia\"> French Polynesia <\/option>\n\n\t\t\t\t\n\t\t\t\t\t<option data-cpagroup=\"group_c\" data-cpamt=\"250.00,275.00,312.50,375.00,500.00\" value=\" Greece\"> Greece <\/option>\n\n\t\t\t\t\n\t\t\t\t\t<option data-cpagroup=\"group_c\" data-cpamt=\"250.00,275.00,312.50,375.00,500.00\" value=\" Israel\"> Israel <\/option>\n\n\t\t\t\t\n\t\t\t\t\t<option data-cpagroup=\"group_c\" data-cpamt=\"250.00,275.00,312.50,375.00,500.00\" value=\" Italy\"> Italy <\/option>\n\n\t\t\t\t\n\t\t\t\t\t<option data-cpagroup=\"group_c\" data-cpamt=\"250.00,275.00,312.50,375.00,500.00\" value=\" Jordan\"> Jordan <\/option>\n\n\t\t\t\t\n\t\t\t\t\t<option data-cpagroup=\"group_c\" data-cpamt=\"250.00,275.00,312.50,375.00,500.00\" value=\" Kenya\"> Kenya <\/option>\n\n\t\t\t\t\n\t\t\t\t\t<option data-cpagroup=\"group_c\" data-cpamt=\"250.00,275.00,312.50,375.00,500.00\" value=\" Morocco\"> Morocco <\/option>\n\n\t\t\t\t\n\t\t\t\t\t<option data-cpagroup=\"group_c\" data-cpamt=\"250.00,275.00,312.50,375.00,500.00\" value=\" Namibia\"> Namibia <\/option>\n\n\t\t\t\t\n\t\t\t\t\t<option data-cpagroup=\"group_c\" data-cpamt=\"250.00,275.00,312.50,375.00,500.00\" value=\" Netherlands\"> Netherlands <\/option>\n\n\t\t\t\t\n\t\t\t\t\t<option data-cpagroup=\"group_c\" data-cpamt=\"250.00,275.00,312.50,375.00,500.00\" value=\" Nigeria\"> Nigeria <\/option>\n\n\t\t\t\t\n\t\t\t\t\t<option data-cpagroup=\"group_c\" data-cpamt=\"250.00,275.00,312.50,375.00,500.00\" value=\" Oman\"> Oman <\/option>\n\n\t\t\t\t\n\t\t\t\t\t<option data-cpagroup=\"group_c\" data-cpamt=\"250.00,275.00,312.50,375.00,500.00\" value=\" Peru\"> Peru <\/option>\n\n\t\t\t\t\n\t\t\t\t\t<option data-cpagroup=\"group_c\" data-cpamt=\"250.00,275.00,312.50,375.00,500.00\" value=\" Qatar\"> Qatar <\/option>\n\n\t\t\t\t\n\t\t\t\t\t<option data-cpagroup=\"group_c\" data-cpamt=\"250.00,275.00,312.50,375.00,500.00\" value=\" Saudi Arabia\"> Saudi Arabia <\/option>\n\n\t\t\t\t\n\t\t\t\t\t<option data-cpagroup=\"group_c\" data-cpamt=\"250.00,275.00,312.50,375.00,500.00\" value=\" Seychelles\"> Seychelles <\/option>\n\n\t\t\t\t\n\t\t\t\t\t<option data-cpagroup=\"group_c\" data-cpamt=\"250.00,275.00,312.50,375.00,500.00\" value=\" Slovakia\"> Slovakia <\/option>\n\n\t\t\t\t\n\t\t\t\t\t<option data-cpagroup=\"group_c\" data-cpamt=\"250.00,275.00,312.50,375.00,500.00\" value=\" Slovenia\"> Slovenia <\/option>\n\n\t\t\t\t\n\t\t\t\t\t<option data-cpagroup=\"group_c\" data-cpamt=\"250.00,275.00,312.50,375.00,500.00\" value=\" South Africa\"> South Africa <\/option>\n\n\t\t\t\t\n\t\t\t\t\t<option data-cpagroup=\"group_c\" data-cpamt=\"250.00,275.00,312.50,375.00,500.00\" value=\" South Korea\"> South Korea <\/option>\n\n\t\t\t\t\n\t\t\t\t\t<option data-cpagroup=\"group_c\" data-cpamt=\"250.00,275.00,312.50,375.00,500.00\" value=\" Spain\"> Spain <\/option>\n\n\t\t\t\t\n\t\t\t\t\t<option data-cpagroup=\"group_c\" data-cpamt=\"250.00,275.00,312.50,375.00,500.00\" value=\" Thailand\"> Thailand <\/option>\n\n\t\t\t\t\n\t\t\t\t\t<option data-cpagroup=\"group_c\" data-cpamt=\"250.00,275.00,312.50,375.00,500.00\" value=\" Tonga\"> Tonga <\/option>\n\n\t\t\t\t\n\t\t\t\t\t<option data-cpagroup=\"group_c\" data-cpamt=\"250.00,275.00,312.50,375.00,500.00\" value=\" United Arab Emirates\"> United Arab Emirates <\/option>\n\n\t\t\t\t\n\t\t\t\t\t<option data-cpagroup=\"group_c\" data-cpamt=\"250.00,275.00,312.50,375.00,500.00\" value=\" Vietnam\"> Vietnam <\/option>\n\n\t\t\t\t\n\t\t\t\t\t<option data-cpagroup=\"group_d\" data-cpamt=\"125.00,137.50,156.25,187.50,250.00\" value=\" Other\"> Other <\/option>\n\n\t\t\t\t\n\t\t\t\t<\/select>\n\n\t\t\t\n\n\t\t\t<\/div>\n\n\t\t\t\n\n\t\t<\/div>\n\n\n\t\t\n  \n\n\t\t<div class=\"slidecontainer\">\n\n\t\t\t<span>Number of qualified traders who opened accounts via your links                <\/span>\n\t\t\t<div class=\"range-wrap\">\n\t\t\t<div class=\"range-value\" id=\"rangeV\"><\/div>\n\t\t\t<input id=\"ecclients\" type=\"range\" min=\"1\" max=\"100\" value=\"1\" step=\"1\">\n\t\t\t<\/div>\n\t\t\t<span class=\"ecclients_range\">1-15<\/span>\t\t\n\t\t<\/div>\n\n\t\t<div>\n\t\t<h2>Your Income is  <span id=\"ectotalearning\">$ 00<\/span><\/h2><span class=\"ectnc-text\">Approximate data and calculations<\/span>\n\n\t\t<\/div>\n\n\t  <\/div>\n\n\t  <style> input[type=range] {\n\t-webkit-appearance: none;\n\tmargin: 20px 0;\n\twidth: 100%;\n}\ninput[type=range]:focus {\n\toutline: none;\n}\ninput[type=range]::-webkit-slider-runnable-track {\n\twidth: 100%;\n\theight: 4px;\n\tcursor: pointer;\n\tanimate: 0.2s;\n\tbackground: #2169fb;\n\tborder-radius: 25px;\n}\ninput[type=range]::-webkit-slider-thumb {\n\theight: 20px;\n\twidth: 20px;\n\tborder-radius: 50%;\n\tbackground: #fff;\n\tbox-shadow: 0 0 4px 0 rgba(0,0,0, 1);\n\tcursor: pointer;\n\t-webkit-appearance: none;\n\tmargin-top: -8px;\n}\ninput[type=range]:focus::-webkit-slider-runnable-track {\n\tbackground: #2169fb;\n}\n.range-wrap{\n\twidth: 500px;\n\tposition: relative;\n}\n.range-value{\n\tposition: absolute;\n\ttop: -50%;\n}\n.range-value span{\n\twidth: 30px;\n\theight: 24px;\n\tline-height: 24px;\n\ttext-align: center;\n\tbackground: #2169fb;\n\tcolor: #fff;\n\tfont-size: 12px;\n\tdisplay: block;\n\tposition: absolute;\n\tleft: 50%;\n\ttransform: translate(-50%, 0);\n\tborder-radius: 6px;\n}\n.range-value span:before{\n\tcontent: \"\";\n\tposition: absolute;\n\twidth: 0;\n\theight: 0;\n\tborder-top: 10px solid #2169fb;\n\tborder-left: 5px solid transparent;\n\tborder-right: 5px solid transparent;\n\ttop: 100%;\n\tleft: 50%;\n\tmargin-left: -5px;\n\tmargin-top: -1px;\n}<\/style>\n\n\t\n\n      \t\t\t\t<\/div>\n\t\t\t\t<\/div>\n\t\t\t\t\t<\/div>\n\t\t\t\t<\/div>\n\t\t\t\t<div class=\"elementor-element elementor-element-5e56883 elementor-widget elementor-widget-text-editor\" data-id=\"5e56883\" data-element_type=\"widget\" data-e-type=\"widget\" data-widget_type=\"text-editor.default\">\n\t\t\t\t\t\t\t\t\t<p>La Calculadora de Beneficios de Afiliados de BlackBull Partners es una herramienta que te ayuda a calcular f\u00e1cilmente tus ganancias potenciales como vendedor afiliado. Nuestra calculadora es f\u00e1cil de usar y te da una estimaci\u00f3n r\u00e1pida de cu\u00e1nto puedes ganar promocionando nuestros productos y servicios. <\/p>\n<p>Todo lo que tienes que hacer es introducir el n\u00famero estimado de referidos que puedes conducir a nuestro sitio web, y la calculadora estimar\u00e1 entonces tus ganancias potenciales. Nuestra Calculadora proporciona una estimaci\u00f3n precisa de tus ganancias potenciales como afiliado para <a href=\"https:\/\/partners.blackbull.com\/en\/affiliates\/program-details\/cpa-payments\/\"><span style=\"color: #1a58d3;\">Referidos de pa\u00edses objetivo<\/span><\/a>. Esto puede ayudarte a establecer objetivos realistas y a crear una estrategia s\u00f3lida para maximizar tus beneficios.  <\/p>\n<p>Comprueba cu\u00e1nto puedes ganar como afiliado con BlackBull Partners y <a href=\"https:\/\/secure.blackbull.com\/auth\/register-partners\/\">reg\u00edstrate<\/a> para empezar a ganar hoy mismo.<\/p>\n\t\t\t\t\t\t\t\t<\/div>\n\t\t\t\t\t<\/div>\n\t\t\t\t<\/div>\n\t\t\t\t\t<\/div>\n\t\t\t\t<\/div>\n\t\t\t\t<\/div>\n\t\t","protected":false},"excerpt":{"rendered":"<p>CPA Calculator Select a Country Australia Denmark France Germany Hong Kong Hungary Ireland New Zealand Norway Sweden Switzerland United Kingdom Belgium Cayman Islands Estonia Iceland Jamaica Kazakhstan Kuwait Lithuania Luxembourg Mexico New Caledonia Portugal Romania Singapore Taiwan Argentina Austria Belize Brazil Colombia Croatia Cyprus Czech Republic Dominican Republic Ecuador Egypt Finland French Polynesia Greece Israel [&hellip;]<\/p>\n","protected":false},"author":6,"featured_media":0,"parent":17104,"menu_order":1,"comment_status":"closed","ping_status":"closed","template":"elementor_header_footer","meta":{"inline_featured_image":false,"footnotes":""},"class_list":["post-17252","page","type-page","status-publish","hentry"],"yoast_head":"<!-- This site is optimized with the Yoast SEO plugin v27.3 - https:\/\/yoast.com\/product\/yoast-seo-wordpress\/ -->\n<title>Calculadora de beneficios | BlackBull Partners%.<\/title>\n<meta name=\"description\" content=\"La Calculadora de Beneficios de Afiliados de BlackBull Partners es una herramienta que te ayuda a calcular f\u00e1cilmente tus ganancias potenciales como vendedor afiliado.\" \/>\n<meta name=\"robots\" content=\"index, follow, max-snippet:-1, max-image-preview:large, max-video-preview:-1\" \/>\n<link rel=\"canonical\" href=\"https:\/\/partners.blackbull.com\/es\/support\/resources\/profit-calculator\/\" \/>\n<meta property=\"og:locale\" content=\"es_ES\" \/>\n<meta property=\"og:type\" content=\"article\" \/>\n<meta property=\"og:title\" content=\"Calculadora de beneficios | BlackBull Partners%.\" \/>\n<meta property=\"og:description\" content=\"La Calculadora de Beneficios de Afiliados de BlackBull Partners es una herramienta que te ayuda a calcular f\u00e1cilmente tus ganancias potenciales como vendedor afiliado.\" \/>\n<meta property=\"og:url\" content=\"https:\/\/partners.blackbull.com\/es\/support\/resources\/profit-calculator\/\" \/>\n<meta property=\"og:site_name\" content=\"BlackBull Partners\" \/>\n<meta property=\"article:modified_time\" content=\"2025-03-24T18:00:21+00:00\" \/>\n<meta property=\"og:image\" content=\"https:\/\/partners.blackbull.com\/wp-content\/uploads\/2023\/09\/BlackBull-Partners.jpg\" \/>\n\t<meta property=\"og:image:width\" content=\"1200\" \/>\n\t<meta property=\"og:image:height\" content=\"630\" \/>\n\t<meta property=\"og:image:type\" content=\"image\/jpeg\" \/>\n<meta name=\"twitter:card\" content=\"summary_large_image\" \/>\n<meta name=\"twitter:label1\" content=\"Tiempo de lectura\" \/>\n\t<meta name=\"twitter:data1\" content=\"1 minuto\" \/>\n<script type=\"application\/ld+json\" class=\"yoast-schema-graph\">{\"@context\":\"https:\\\/\\\/schema.org\",\"@graph\":[{\"@type\":\"WebPage\",\"@id\":\"https:\\\/\\\/partners.blackbull.com\\\/es\\\/support\\\/resources\\\/profit-calculator\\\/\",\"url\":\"https:\\\/\\\/partners.blackbull.com\\\/es\\\/support\\\/resources\\\/profit-calculator\\\/\",\"name\":\"Calculadora de beneficios | BlackBull Partners%.\",\"isPartOf\":{\"@id\":\"https:\\\/\\\/partners.blackbull.com\\\/es\\\/#website\"},\"datePublished\":\"2025-03-24T18:00:19+00:00\",\"dateModified\":\"2025-03-24T18:00:21+00:00\",\"description\":\"La Calculadora de Beneficios de Afiliados de BlackBull Partners es una herramienta que te ayuda a calcular f\u00e1cilmente tus ganancias potenciales como vendedor afiliado.\",\"breadcrumb\":{\"@id\":\"https:\\\/\\\/partners.blackbull.com\\\/es\\\/support\\\/resources\\\/profit-calculator\\\/#breadcrumb\"},\"inLanguage\":\"es\",\"potentialAction\":[{\"@type\":\"ReadAction\",\"target\":[\"https:\\\/\\\/partners.blackbull.com\\\/es\\\/support\\\/resources\\\/profit-calculator\\\/\"]}]},{\"@type\":\"BreadcrumbList\",\"@id\":\"https:\\\/\\\/partners.blackbull.com\\\/es\\\/support\\\/resources\\\/profit-calculator\\\/#breadcrumb\",\"itemListElement\":[{\"@type\":\"ListItem\",\"position\":1,\"name\":\"Home\",\"item\":\"https:\\\/\\\/partners.blackbull.com\\\/es\\\/home-new\\\/\"},{\"@type\":\"ListItem\",\"position\":2,\"name\":\"Ayuda\",\"item\":\"https:\\\/\\\/partners.blackbull.com\\\/es\\\/ayuda\\\/\"},{\"@type\":\"ListItem\",\"position\":3,\"name\":\"Recursos\",\"item\":\"https:\\\/\\\/partners.blackbull.com\\\/es\\\/ayuda\\\/recursos\\\/\"},{\"@type\":\"ListItem\",\"position\":4,\"name\":\"Calculadora de beneficios\"}]},{\"@type\":\"WebSite\",\"@id\":\"https:\\\/\\\/partners.blackbull.com\\\/es\\\/#website\",\"url\":\"https:\\\/\\\/partners.blackbull.com\\\/es\\\/\",\"name\":\"BlackBull Partners\",\"description\":\"BlackBull Affiliates is the partner referral program of BlackBull Markets, a top-tier, award-winning, and multi-regulated forex broker.\",\"publisher\":{\"@id\":\"https:\\\/\\\/partners.blackbull.com\\\/es\\\/#organization\"},\"potentialAction\":[{\"@type\":\"SearchAction\",\"target\":{\"@type\":\"EntryPoint\",\"urlTemplate\":\"https:\\\/\\\/partners.blackbull.com\\\/es\\\/?s={search_term_string}\"},\"query-input\":{\"@type\":\"PropertyValueSpecification\",\"valueRequired\":true,\"valueName\":\"search_term_string\"}}],\"inLanguage\":\"es\"},{\"@type\":\"Organization\",\"@id\":\"https:\\\/\\\/partners.blackbull.com\\\/es\\\/#organization\",\"name\":\"BlackBull Partners\",\"url\":\"https:\\\/\\\/partners.blackbull.com\\\/es\\\/\",\"logo\":{\"@type\":\"ImageObject\",\"inLanguage\":\"es\",\"@id\":\"https:\\\/\\\/partners.blackbull.com\\\/es\\\/#\\\/schema\\\/logo\\\/image\\\/\",\"url\":\"https:\\\/\\\/partners.blackbull.com\\\/wp-content\\\/uploads\\\/2022\\\/03\\\/BBMPartnerslogo_blue.svg\",\"contentUrl\":\"https:\\\/\\\/partners.blackbull.com\\\/wp-content\\\/uploads\\\/2022\\\/03\\\/BBMPartnerslogo_blue.svg\",\"width\":981,\"height\":279,\"caption\":\"BlackBull Partners\"},\"image\":{\"@id\":\"https:\\\/\\\/partners.blackbull.com\\\/es\\\/#\\\/schema\\\/logo\\\/image\\\/\"}}]}<\/script>\n<!-- \/ Yoast SEO plugin. -->","yoast_head_json":{"title":"Calculadora de beneficios | BlackBull Partners%.","description":"La Calculadora de Beneficios de Afiliados de BlackBull Partners es una herramienta que te ayuda a calcular f\u00e1cilmente tus ganancias potenciales como vendedor afiliado.","robots":{"index":"index","follow":"follow","max-snippet":"max-snippet:-1","max-image-preview":"max-image-preview:large","max-video-preview":"max-video-preview:-1"},"canonical":"https:\/\/partners.blackbull.com\/es\/support\/resources\/profit-calculator\/","og_locale":"es_ES","og_type":"article","og_title":"Calculadora de beneficios | BlackBull Partners%.","og_description":"La Calculadora de Beneficios de Afiliados de BlackBull Partners es una herramienta que te ayuda a calcular f\u00e1cilmente tus ganancias potenciales como vendedor afiliado.","og_url":"https:\/\/partners.blackbull.com\/es\/support\/resources\/profit-calculator\/","og_site_name":"BlackBull Partners","article_modified_time":"2025-03-24T18:00:21+00:00","og_image":[{"width":1200,"height":630,"url":"https:\/\/partners.blackbull.com\/wp-content\/uploads\/2023\/09\/BlackBull-Partners.jpg","type":"image\/jpeg"}],"twitter_card":"summary_large_image","twitter_misc":{"Tiempo de lectura":"1 minuto"},"schema":{"@context":"https:\/\/schema.org","@graph":[{"@type":"WebPage","@id":"https:\/\/partners.blackbull.com\/es\/support\/resources\/profit-calculator\/","url":"https:\/\/partners.blackbull.com\/es\/support\/resources\/profit-calculator\/","name":"Calculadora de beneficios | BlackBull Partners%.","isPartOf":{"@id":"https:\/\/partners.blackbull.com\/es\/#website"},"datePublished":"2025-03-24T18:00:19+00:00","dateModified":"2025-03-24T18:00:21+00:00","description":"La Calculadora de Beneficios de Afiliados de BlackBull Partners es una herramienta que te ayuda a calcular f\u00e1cilmente tus ganancias potenciales como vendedor afiliado.","breadcrumb":{"@id":"https:\/\/partners.blackbull.com\/es\/support\/resources\/profit-calculator\/#breadcrumb"},"inLanguage":"es","potentialAction":[{"@type":"ReadAction","target":["https:\/\/partners.blackbull.com\/es\/support\/resources\/profit-calculator\/"]}]},{"@type":"BreadcrumbList","@id":"https:\/\/partners.blackbull.com\/es\/support\/resources\/profit-calculator\/#breadcrumb","itemListElement":[{"@type":"ListItem","position":1,"name":"Home","item":"https:\/\/partners.blackbull.com\/es\/home-new\/"},{"@type":"ListItem","position":2,"name":"Ayuda","item":"https:\/\/partners.blackbull.com\/es\/ayuda\/"},{"@type":"ListItem","position":3,"name":"Recursos","item":"https:\/\/partners.blackbull.com\/es\/ayuda\/recursos\/"},{"@type":"ListItem","position":4,"name":"Calculadora de beneficios"}]},{"@type":"WebSite","@id":"https:\/\/partners.blackbull.com\/es\/#website","url":"https:\/\/partners.blackbull.com\/es\/","name":"BlackBull Partners","description":"BlackBull Affiliates is the partner referral program of BlackBull Markets, a top-tier, award-winning, and multi-regulated forex broker.","publisher":{"@id":"https:\/\/partners.blackbull.com\/es\/#organization"},"potentialAction":[{"@type":"SearchAction","target":{"@type":"EntryPoint","urlTemplate":"https:\/\/partners.blackbull.com\/es\/?s={search_term_string}"},"query-input":{"@type":"PropertyValueSpecification","valueRequired":true,"valueName":"search_term_string"}}],"inLanguage":"es"},{"@type":"Organization","@id":"https:\/\/partners.blackbull.com\/es\/#organization","name":"BlackBull Partners","url":"https:\/\/partners.blackbull.com\/es\/","logo":{"@type":"ImageObject","inLanguage":"es","@id":"https:\/\/partners.blackbull.com\/es\/#\/schema\/logo\/image\/","url":"https:\/\/partners.blackbull.com\/wp-content\/uploads\/2022\/03\/BBMPartnerslogo_blue.svg","contentUrl":"https:\/\/partners.blackbull.com\/wp-content\/uploads\/2022\/03\/BBMPartnerslogo_blue.svg","width":981,"height":279,"caption":"BlackBull Partners"},"image":{"@id":"https:\/\/partners.blackbull.com\/es\/#\/schema\/logo\/image\/"}}]}},"_links":{"self":[{"href":"https:\/\/partners.blackbull.com\/es\/wp-json\/wp\/v2\/pages\/17252","targetHints":{"allow":["GET"]}}],"collection":[{"href":"https:\/\/partners.blackbull.com\/es\/wp-json\/wp\/v2\/pages"}],"about":[{"href":"https:\/\/partners.blackbull.com\/es\/wp-json\/wp\/v2\/types\/page"}],"author":[{"embeddable":true,"href":"https:\/\/partners.blackbull.com\/es\/wp-json\/wp\/v2\/users\/6"}],"replies":[{"embeddable":true,"href":"https:\/\/partners.blackbull.com\/es\/wp-json\/wp\/v2\/comments?post=17252"}],"version-history":[{"count":1,"href":"https:\/\/partners.blackbull.com\/es\/wp-json\/wp\/v2\/pages\/17252\/revisions"}],"predecessor-version":[{"id":17253,"href":"https:\/\/partners.blackbull.com\/es\/wp-json\/wp\/v2\/pages\/17252\/revisions\/17253"}],"up":[{"embeddable":true,"href":"https:\/\/partners.blackbull.com\/es\/wp-json\/wp\/v2\/pages\/17104"}],"wp:attachment":[{"href":"https:\/\/partners.blackbull.com\/es\/wp-json\/wp\/v2\/media?parent=17252"}],"curies":[{"name":"wp","href":"https:\/\/api.w.org\/{rel}","templated":true}]}}